{"id":23335,"date":"2025-04-13T17:39:34","date_gmt":"2025-04-13T17:39:34","guid":{"rendered":"https:\/\/onderzoekschemicals.com\/?post_type=product&#038;p=23335"},"modified":"2025-06-24T06:25:49","modified_gmt":"2025-06-24T06:25:49","slug":"4-aco-det-20mg-pellets","status":"publish","type":"product","link":"https:\/\/onderzoekschemicals.com\/es\/shop\/4-aco-det\/4-aco-det-20mg-pellets\/","title":{"rendered":"Pastillas de 4-AcO-DET de 20 mg"},"content":{"rendered":"<h1>Gr\u00e1nulos de 4-AcO-DET de 20 mg: calidad profesional para la investigaci\u00f3n cient\u00edfica<\/h1>\n<h2>Introducci\u00f3n<\/h2>\n<p>El <strong>Gr\u00e1nulos de 4-AcO-DET de 20 mg<\/strong> Son un material de investigaci\u00f3n de alta calidad para cient\u00edficos y analistas que buscan una dosificaci\u00f3n fiable y precisa. Estos gr\u00e1nulos se producen bajo estrictos controles de calidad, lo que garantiza que cada unidad sea precisa. <strong>20 mg de 4-AcO-DET<\/strong> Contiene. Esto garantiza resultados reproducibles y consistentes al investigar las propiedades de este compuesto.<\/p>\n<h2>Caracter\u00edsticas del producto<\/h2>\n<ul>\n<li><strong>Dosis exacta<\/strong>:Cada pellet contiene una cantidad precisa de <strong>20 mg de 4-AcO-DET<\/strong>, lo que garantiza resultados de investigaci\u00f3n fiables<\/li>\n<li><strong>Composici\u00f3n optimizada<\/strong>:Fabricado con precisi\u00f3n farmac\u00e9utica para m\u00e1xima estabilidad y pureza.<\/li>\n<li><strong>Facilidad de uso<\/strong>:La forma uniforme del pellet permite una f\u00e1cil dosificaci\u00f3n y procesamiento.<\/li>\n<li><strong>Larga vida \u00fatil<\/strong>:Embalado especialmente para evitar su degradaci\u00f3n por la luz, la humedad o el ox\u00edgeno.<\/li>\n<\/ul>\n<h2>Especificaciones t\u00e9cnicas<\/h2>\n<h3>informaci\u00f3n general<\/h3>\n<ul>\n<li>Ingrediente activo: 4-Acetoxi-N,N-dietiltriptamina (4-AcO-DET)<\/li>\n<li>Dosis por pellet: 20 mg (\u00b1 0,5 mg de tolerancia)<\/li>\n<li>Forma f\u00edsica: Pellets redondos y compactos.<\/li>\n<li>Almacenamiento recomendado: Seco, a temperatura ambiente (15\u201325 \u00b0C), protegido de la luz.<\/li>\n<\/ul>\n<h2>\u00c1reas de aplicaci\u00f3n<\/h2>\n<p>Estos pellets est\u00e1n destinados exclusivamente para:<\/p>\n<ul>\n<li>Investigaci\u00f3n cient\u00edfica sobre propiedades farmacol\u00f3gicas<\/li>\n<li>Estudios qu\u00edmicos anal\u00edticos<\/li>\n<li>Evaluaciones precl\u00ednicas en entornos controlados<\/li>\n<\/ul>\n<h2>Normas de seguridad<\/h2>\n<ul>\n<li>Solo para uso en entornos de laboratorio profesionales.<\/li>\n<li>Se requiere equipo de protecci\u00f3n personal (bata de laboratorio, guantes, gafas de seguridad).<\/li>\n<li>No apto para aplicaciones in vivo.<\/li>\n<li>Evite la exposici\u00f3n a la piel y los ojos.<\/li>\n<\/ul>\n<h2>Consejos de almacenamiento<\/h2>\n<p>Conservar en el embalaje original en:<\/p>\n<ul>\n<li>Temperatura entre 15\u201325\u00b0C<\/li>\n<li>Humedad relativa &lt;60%<\/li>\n<li>Protegido de la luz solar directa<\/li>\n<li>Aparte de alimentos y medicinas<\/li>\n<\/ul>\n<h2>Informaci\u00f3n del embalaje<\/h2>\n<ul>\n<li>Embalaje est\u00e1ndar: 10 pellets por bl\u00edster.<\/li>\n<li>Embalaje secundario: Papel de aluminio herm\u00e9tico a la luz.<\/li>\n<li>Embalaje exterior: Contenedor de pl\u00e1stico negro resistente a los rayos UV.<\/li>\n<\/ul>\n<h2>Nota importante<\/h2>\n<p>Este producto est\u00e1 destinado exclusivamente a profesionales cualificados para su uso en investigaci\u00f3n. No est\u00e1 destinado expresamente al consumo humano ni animal. El comprador declara conocer y ser responsable de todas las leyes y normativas locales relativas a la compra, posesi\u00f3n y uso de esta sustancia.<\/p>\n<h2>Estatus legal<\/h2>\n<p>El estado del 4-AcO-DET var\u00eda seg\u00fan la jurisdicci\u00f3n. El comprador debe verificar la legislaci\u00f3n aplicable en su pa\u00eds o regi\u00f3n antes de realizar la compra. El vendedor no asume ninguna responsabilidad por las consecuencias legales derivadas de la compra o posesi\u00f3n de este producto.<\/p>\n<h2>Garant\u00eda de calidad<\/h2>\n<p>Nuestros productos pasan por:<\/p>\n<ul>\n<li>An\u00e1lisis HPLC para la determinaci\u00f3n de la pureza<\/li>\n<li>Espectrometr\u00eda de masas para la confirmaci\u00f3n de identidad<\/li>\n<li>Pruebas de contaminaci\u00f3n microbiol\u00f3gica<\/li>\n<li>Estudios de estabilidad<\/li>\n<\/ul>\n<p>Para institutos de investigaci\u00f3n y laboratorios ofrecemos certificados de calidad detallados e informes anal\u00edticos a pedido.<\/p>\n<h2>Informaci\u00f3n del pedido<\/h2>\n<p>Disponible en diferentes tama\u00f1os de paquete:<\/p>\n<ul>\n<li>10 pellets (embalaje b\u00e1sico)<\/li>\n<li>50 pellets (paquete de investigaci\u00f3n)<\/li>\n<li>100 pellets (stock de laboratorio)<\/li>\n<\/ul>\n<p>Embalajes personalizados y cantidades al por mayor est\u00e1n disponibles a pedido para instituciones de investigaci\u00f3n acreditadas.<a href=\"https:\/\/onderzoekschemicals.com\/es\/shop\/lysergamides\/1cp-lsd\/\">Papel secante para arte de 1 cP-LSD 150 MCG<\/a><\/p>\n<h2>Apoyo t\u00e9cnico<\/h2>\n<p>Nuestro personal cient\u00edfico est\u00e1 preparado para:<\/p>\n<ul>\n<li>Consejos de dosificaci\u00f3n<\/li>\n<li>Preguntas de estabilidad<\/li>\n<li>Datos de solubilidad<\/li>\n<li>Estudios de interacci\u00f3n<\/li>\n<\/ul>\n<p>Comun\u00edquese con nuestro departamento de investigaci\u00f3n para preguntas t\u00e9cnicas espec\u00edficas sobre este producto.<\/p>\n<h2>Condiciones de transporte<\/h2>\n<p>Todos los env\u00edos contienen:<\/p>\n<ul>\n<li>Hojas de datos de seguridad de materiales (MSDS)<\/li>\n<li>certificados anal\u00edticos<\/li>\n<li>Advertencias legales obligatorias<\/li>\n<\/ul>\n<p>El transporte se realiza de acuerdo con las directrices internacionales para sustancias qu\u00edmicas.<a href=\"https:\/\/onderzoekschemicals.com\/es\/shop\/pellets\/o-dsmt-50mg-pellets\/\">Gr\u00e1nulos de O-DSMT de 50 mg<\/a><\/p>\n<h2>Descargo de responsabilidad<\/h2>\n<p>Este producto no est\u00e1 destinado al consumo humano y solo debe ser utilizado por personal capacitado en entornos de investigaci\u00f3n controlados. El vendedor no asume ninguna responsabilidad por el uso no autorizado o la negligencia en la aplicaci\u00f3n de este producto.<a href=\"https:\/\/onderzoekschemicals.com\/es\/shop\/iboga-ibogaine\/buy-ibogaine-hcl-online\/\">Comprar iboga\u00edna HCL<\/a><\/p>\n<p>&nbsp;<\/p>","protected":false},"excerpt":{"rendered":"<p>Gr\u00e1nulos de 4-AcO-DET de 20 mg: calidad profesional para investigaci\u00f3n cient\u00edfica Introducci\u00f3n Los gr\u00e1nulos de 4-AcO-DET de 20 mg son un material de investigaci\u00f3n de alta calidad para cient\u00edficos.<\/p>","protected":false},"featured_media":20182,"comment_status":"closed","ping_status":"closed","template":"","meta":[],"product_brand":[82],"product_cat":[533,534,324,381],"product_tag":[628,626,326],"class_list":{"0":"post-23335","1":"product","2":"type-product","3":"status-publish","4":"has-post-thumbnail","6":"product_brand-research-chemical","7":"product_cat-4-aco-det","8":"product_cat-4-aco-det-pellets","9":"product_cat-pellets-for-pellet","10":"product_cat-tryptamines","11":"product_tag-4-aco-det","12":"product_tag-bromazolam-pellets","13":"product_tag-nl","15":"first","16":"instock","17":"taxable","18":"shipping-taxable","19":"purchasable","20":"product-type-variable"},"_links":{"self":[{"href":"https:\/\/onderzoekschemicals.com\/es\/wp-json\/wp\/v2\/product\/23335","targetHints":{"allow":["GET"]}}],"collection":[{"href":"https:\/\/onderzoekschemicals.com\/es\/wp-json\/wp\/v2\/product"}],"about":[{"href":"https:\/\/onderzoekschemicals.com\/es\/wp-json\/wp\/v2\/types\/product"}],"replies":[{"embeddable":true,"href":"https:\/\/onderzoekschemicals.com\/es\/wp-json\/wp\/v2\/comments?post=23335"}],"version-history":[{"count":4,"href":"https:\/\/onderzoekschemicals.com\/es\/wp-json\/wp\/v2\/product\/23335\/revisions"}],"predecessor-version":[{"id":26344,"href":"https:\/\/onderzoekschemicals.com\/es\/wp-json\/wp\/v2\/product\/23335\/revisions\/26344"}],"wp:featuredmedia":[{"embeddable":true,"href":"https:\/\/onderzoekschemicals.com\/es\/wp-json\/wp\/v2\/media\/20182"}],"wp:attachment":[{"href":"https:\/\/onderzoekschemicals.com\/es\/wp-json\/wp\/v2\/media?parent=23335"}],"wp:term":[{"taxonomy":"product_brand","embeddable":true,"href":"https:\/\/onderzoekschemicals.com\/es\/wp-json\/wp\/v2\/product_brand?post=23335"},{"taxonomy":"product_cat","embeddable":true,"href":"https:\/\/onderzoekschemicals.com\/es\/wp-json\/wp\/v2\/product_cat?post=23335"},{"taxonomy":"product_tag","embeddable":true,"href":"https:\/\/onderzoekschemicals.com\/es\/wp-json\/wp\/v2\/product_tag?post=23335"}],"curies":[{"name":"gracias","href":"https:\/\/api.w.org\/{rel}","templated":true}]}}