{"id":23298,"date":"2025-04-13T17:39:31","date_gmt":"2025-04-13T17:39:31","guid":{"rendered":"https:\/\/onderzoekschemicals.com\/?post_type=product&#038;p=23298"},"modified":"2025-06-24T06:52:02","modified_gmt":"2025-06-24T06:52:02","slug":"1cp-lsd-mcg","status":"publish","type":"product","link":"https:\/\/onderzoekschemicals.com\/es\/shop\/1cp-lsd\/1cp-lsd-mcg\/","title":{"rendered":"Papel secante de 1 cP-LSD 100 MCG"},"content":{"rendered":"<h1>Papel secante MCG de 1cP-LSD: materiales de investigaci\u00f3n con dosificaci\u00f3n precisa para fines cient\u00edficos<\/h1>\n<h2>Descripci\u00f3n del Producto<\/h2>\n<p><strong>Papel secante MCG de 1cP-LSD<\/strong> Son un material de investigaci\u00f3n de alta calidad para el an\u00e1lisis cient\u00edfico y la investigaci\u00f3n farmacol\u00f3gica. Cada papel secante contiene exactamente... <strong>100 microgramos de 1cP-LSD<\/strong>, adecuado para obtener resultados reproducibles en entornos de laboratorio controlados.<\/p>\n<h2>Especificaciones t\u00e9cnicas<\/h2>\n<ul>\n<li><strong>Nombre de la sustancia<\/strong>: dietilamida del \u00e1cido 1-ciclopropionil-lis\u00e9rgico (1cP-LSD)<\/li>\n<li><strong>Dosificaci\u00f3n<\/strong>: 100 mcg (\u00b15%) por papel secante<\/li>\n<li><strong>Pureza<\/strong>: \u226598% (verificado por HPLC)<\/li>\n<li><strong>Formato<\/strong>:Tama\u00f1o est\u00e1ndar del papel secante (5\u00d75 mm)<\/li>\n<li><strong>Solubilidad<\/strong>: Compatible con varios disolventes de laboratorio.<\/li>\n<\/ul>\n<h2>Garant\u00eda de calidad<\/h2>\n<ul>\n<li><strong>Controlado por lotes<\/strong>:Probado por HPLC y espectrometr\u00eda de masas<\/li>\n<li><strong>Dosificaci\u00f3n de precisi\u00f3n<\/strong>:El papel absorbente garantiza una distribuci\u00f3n uniforme.<\/li>\n<li><strong>Documentaci\u00f3n anal\u00edtica<\/strong>:CoA disponible a pedido<\/li>\n<\/ul>\n<h2>\u00c1reas de investigaci\u00f3n recomendadas 1cP-LSD MCG<\/h2>\n<ul>\n<li>Estudios neurofarmacol\u00f3gicos<\/li>\n<li>Investigaci\u00f3n sobre la afinidad de los receptores<\/li>\n<li>An\u00e1lisis de la v\u00eda metab\u00f3lica<\/li>\n<li>An\u00e1lisis comparativo de an\u00e1logos de lisergamida<\/li>\n<\/ul>\n<h2>Asesoramiento sobre almacenamiento y comercio<\/h2>\n<ul>\n<li><strong>Temperatura de almacenamiento<\/strong>:2\u20138 \u00b0C<\/li>\n<li><strong>Circunstancias<\/strong>:Seco, protegido de la luz.<\/li>\n<li><strong>Duraci\u00f3n<\/strong>:Hasta 24 meses con un almacenamiento adecuado<\/li>\n<li><strong>Protecci\u00f3n personal<\/strong>: Guantes <a href=\"http:\/\/google.nl\" target=\"_blank\" rel=\"noopener\">y<\/a> Se recomienda bata de laboratorio<\/li>\n<\/ul>\n<h2>Opciones de embalaje<\/h2>\n<ul>\n<li><strong>Embalaje est\u00e1ndar<\/strong>: 10 secantes por hoja (a prueba de luz)<\/li>\n<li><strong>Paquete de investigaci\u00f3n<\/strong>:50 secantes (envasados al vac\u00edo)<\/li>\n<li><strong>Embalaje a granel<\/strong>:M\u00e1s de 100 secantes, embalaje personalizado posible para instituciones<a href=\"https:\/\/onderzoekschemicals.com\/es\/shop\/iboga-ibogaine\/iboga-root-bark\/\">corteza de ra\u00edz de iboga<\/a><\/li>\n<\/ul>\n<h2>Estado legal y cumplimiento<\/h2>\n<ul>\n<li>S\u00f3lo para uso en investigaci\u00f3n cient\u00edfica.<\/li>\n<li>No destinado al consumo humano ni animal.<\/li>\n<li>El comprador es responsable del cumplimiento de las leyes y regulaciones locales.<a href=\"https:\/\/onderzoekschemicals.com\/es\/shop\/pellets\/o-dsmt-50mg-pellets\/\">Gr\u00e1nulos de O-DSMT de 50 mg<\/a><\/li>\n<\/ul>\n<h2>Informaci\u00f3n del pedido<\/h2>\n<ul>\n<li><strong>Despacho<\/strong>:Empaquetado discretamente con informaci\u00f3n de seguimiento.<\/li>\n<li><strong>Transporte<\/strong>: Adecuado para entrega en laboratorio, temperatura estable.<\/li>\n<\/ul>\n<h2>Protocolo de seguridad<\/h2>\n<ul>\n<li>Uso dentro de instalaciones de investigaci\u00f3n controladas<\/li>\n<li>Evite el contacto con la piel al manipularlo.<\/li>\n<li>Los procedimientos de emergencia son obligatorios<\/li>\n<\/ul>\n<h2>Descargo de responsabilidad<\/h2>\n<p>Este producto est\u00e1 destinado exclusivamente a la investigaci\u00f3n cient\u00edfica legalmente permitida por profesionales cualificados. No apto para el consumo. El vendedor no asume ninguna responsabilidad por el uso incorrecto o no autorizado.<a href=\"https:\/\/onderzoekschemicals.com\/es\/shop\/lysergamides\/1vlsd\/\">Papel secante 1V-LSD 150 MCG<\/a><\/p>","protected":false},"excerpt":{"rendered":"<h3>Propiedades del 1cP-LSD<\/h3>\n<p><strong>Sin\u00f3nimo: <\/strong>hemi-L-tartrato de dietilamida del \u00e1cido 1-ciclopropanocarbonillis\u00e9rgico<br \/>\n<strong>N\u00famero CAS:<\/strong> n \/ A<br \/>\n<strong>F\u00f3rmula:<\/strong> (8\u03b2)-1-ciclopropionil-N,N-dietil-6-metil-9,10-didehidroergolina-8-carboxamida hemi-L-tartrato<br \/>\n<strong>Masa molar:<\/strong> 466,4 g\/mol<br \/>\n<strong>Pureza:<\/strong> &gt;97%<\/p>","protected":false},"featured_media":0,"comment_status":"closed","ping_status":"closed","template":"","meta":[],"product_brand":[82],"product_cat":[360,358],"product_tag":[921,326],"class_list":{"0":"post-23298","1":"product","2":"type-product","3":"status-publish","5":"product_brand-research-chemical","6":"product_cat-1cp-lsd","7":"product_cat-lysergamides","8":"product_tag-1cp-lsd-mcg","9":"product_tag-nl","11":"first","12":"instock","13":"taxable","14":"shipping-taxable","15":"purchasable","16":"product-type-variable"},"_links":{"self":[{"href":"https:\/\/onderzoekschemicals.com\/es\/wp-json\/wp\/v2\/product\/23298","targetHints":{"allow":["GET"]}}],"collection":[{"href":"https:\/\/onderzoekschemicals.com\/es\/wp-json\/wp\/v2\/product"}],"about":[{"href":"https:\/\/onderzoekschemicals.com\/es\/wp-json\/wp\/v2\/types\/product"}],"replies":[{"embeddable":true,"href":"https:\/\/onderzoekschemicals.com\/es\/wp-json\/wp\/v2\/comments?post=23298"}],"version-history":[{"count":4,"href":"https:\/\/onderzoekschemicals.com\/es\/wp-json\/wp\/v2\/product\/23298\/revisions"}],"predecessor-version":[{"id":26348,"href":"https:\/\/onderzoekschemicals.com\/es\/wp-json\/wp\/v2\/product\/23298\/revisions\/26348"}],"wp:attachment":[{"href":"https:\/\/onderzoekschemicals.com\/es\/wp-json\/wp\/v2\/media?parent=23298"}],"wp:term":[{"taxonomy":"product_brand","embeddable":true,"href":"https:\/\/onderzoekschemicals.com\/es\/wp-json\/wp\/v2\/product_brand?post=23298"},{"taxonomy":"product_cat","embeddable":true,"href":"https:\/\/onderzoekschemicals.com\/es\/wp-json\/wp\/v2\/product_cat?post=23298"},{"taxonomy":"product_tag","embeddable":true,"href":"https:\/\/onderzoekschemicals.com\/es\/wp-json\/wp\/v2\/product_tag?post=23298"}],"curies":[{"name":"gracias","href":"https:\/\/api.w.org\/{rel}","templated":true}]}}