{"id":23186,"date":"2025-04-13T17:39:18","date_gmt":"2025-04-13T17:39:18","guid":{"rendered":"https:\/\/onderzoekschemicals.com\/?post_type=product&#038;p=23186"},"modified":"2025-11-28T21:02:34","modified_gmt":"2025-11-28T21:02:34","slug":"3mma-kopen","status":"publish","type":"product","link":"https:\/\/onderzoekschemicals.com\/es\/shop\/3-mma\/3mma-kopen\/","title":{"rendered":"3-MMA (metafedrina)"},"content":{"rendered":"<h1><strong><span dir=\"auto\" style=\"vertical-align: inherit;\"><span dir=\"auto\" style=\"vertical-align: inherit;\">Comprar 3mma (3-metilmetanfetamina)\u00a0<\/span><\/span><\/strong><\/h1>\n<p data-start=\"735\" data-end=\"1150\"><strong data-start=\"735\" data-end=\"744\">3-MMA<\/strong>, en su totalidad <strong data-start=\"753\" data-end=\"779\">3-metilmetanfetamina<\/strong> (tambi\u00e9n conocido como <strong data-start=\"796\" data-end=\"812\">Metafedrina<\/strong>), es un <strong data-start=\"822\" data-end=\"862\">compuesto estimulante sint\u00e9tico<\/strong> desde <strong data-start=\"870\" data-end=\"906\">clase de anfetamina sustituida<\/strong>. <span class=\"___SBox_epc1q-ko_ ___SText_zko9t-ko_\" data-ui-name=\"Link.Text\">Comprar 3 MM<\/span><br data-start=\"907\" data-end=\"910\" \/>Est\u00e1 qu\u00edmicamente relacionado con <strong data-start=\"938\" data-end=\"956\">metanfetamina<\/strong>, pero difiere por la <strong data-start=\"981\" data-end=\"1012\">grupo metilo en la posici\u00f3n 3<\/strong> del anillo arom\u00e1tico. Este peque\u00f1o cambio estructural afecta a la <strong data-start=\"1088\" data-end=\"1107\">uni\u00f3n al receptor<\/strong>, <strong data-start=\"1109\" data-end=\"1124\">metabolismo<\/strong> y <strong data-start=\"1128\" data-end=\"1147\">eficacia<\/strong>.<\/p>\n<p data-start=\"1152\" data-end=\"1521\">Aunque se ha encontrado 3-MMA en <strong data-start=\"1184\" data-end=\"1223\">an\u00e1lisis toxicol\u00f3gicos forenses<\/strong> y <strong data-start=\"1227\" data-end=\"1280\">Investigaci\u00f3n sobre nuevas sustancias psicoactivas (NSP)<\/strong>, lo tiene <strong data-start=\"1292\" data-end=\"1338\">Sin aplicaci\u00f3n m\u00e9dica o terap\u00e9utica<\/strong>.<br data-start=\"1339\" data-end=\"1342\" \/>S\u00f3lo se investiga en <strong data-start=\"1378\" data-end=\"1434\">contextos acad\u00e9micos, forenses y toxicol\u00f3gicos<\/strong> a <strong data-start=\"1438\" data-end=\"1480\">relaciones estructura-actividad (SAR)<\/strong> dentro de los an\u00e1logos de la anfetamina.<\/p>\n<hr data-start=\"1523\" data-end=\"1526\" \/>\n<h2 data-start=\"1528\" data-end=\"1575\"><strong data-start=\"1531\" data-end=\"1575\">Antecedentes qu\u00edmicos y farmacol\u00f3gicos<\/strong><\/h2>\n<p data-start=\"1577\" data-end=\"1814\">3-MMA pertenece a la <strong data-start=\"1598\" data-end=\"1637\">familia de la fenetilamina y la anfetamina<\/strong>, un grupo de compuestos que act\u00faan como <strong data-start=\"1670\" data-end=\"1702\">simpaticomim\u00e9ticos indirectos<\/strong> trabajo \u2014 aumentan la actividad de <strong data-start=\"1742\" data-end=\"1754\">dopamina<\/strong>, <strong data-start=\"1756\" data-end=\"1773\">noradrenalina<\/strong> y <strong data-start=\"1777\" data-end=\"1791\">serotonin<\/strong> en el sistema nervioso.<\/p>\n<p data-start=\"1816\" data-end=\"1841\"><strong data-start=\"1816\" data-end=\"1841\">Informaci\u00f3n qu\u00edmica:<\/strong><\/p>\n<ul data-start=\"1842\" data-end=\"2258\">\n<li data-start=\"1842\" data-end=\"1888\">\n<p data-start=\"1844\" data-end=\"1888\"><strong data-start=\"1844\" data-end=\"1863\">Nombre completo:<\/strong> 3-metilmetanfetamina<\/p>\n<\/li>\n<li data-start=\"1889\" data-end=\"1957\">\n<p data-start=\"1891\" data-end=\"1957\"><strong data-start=\"1891\" data-end=\"1906\">Sin\u00f3nimos:<\/strong> Metafedrina, 3-metil-N,\u03b1-dimetilfenetilamina<\/p>\n<\/li>\n<li data-start=\"1958\" data-end=\"2016\">\n<p data-start=\"1960\" data-end=\"2016\"><strong data-start=\"1960\" data-end=\"1975\">Nombre IUPAC:<\/strong> N,\u03b1-dimetil-3-metilbencenotanamina<\/p>\n<\/li>\n<li data-start=\"2017\" data-end=\"2049\">\n<p data-start=\"2019\" data-end=\"2049\"><strong data-start=\"2019\" data-end=\"2039\">F\u00f3rmula molecular:<\/strong> C11H17N<\/p>\n<\/li>\n<li data-start=\"2050\" data-end=\"2086\">\n<p data-start=\"2052\" data-end=\"2086\"><strong data-start=\"2052\" data-end=\"2070\">Masa molecular:<\/strong> \u00b1163,26 g\/mol<\/p>\n<\/li>\n<li data-start=\"2087\" data-end=\"2140\">\n<p data-start=\"2089\" data-end=\"2140\"><strong data-start=\"2089\" data-end=\"2110\">Clase qu\u00edmica:<\/strong> Anfetaminas sustituidas<\/p>\n<\/li>\n<li data-start=\"2141\" data-end=\"2258\">\n<p data-start=\"2143\" data-end=\"2258\"><strong data-start=\"2143\" data-end=\"2171\">Acci\u00f3n farmacol\u00f3gica:<\/strong> Liberador indirecto de monoaminas; act\u00faa sobre los transportadores de dopamina y noradrenalina.<\/p>\n<\/li>\n<\/ul>\n<p data-start=\"2260\" data-end=\"2479\">El <strong data-start=\"2263\" data-end=\"2315\">sustituci\u00f3n de metilo en la posici\u00f3n meta (posici\u00f3n 3)<\/strong> distingue al 3-MMA de <strong data-start=\"2339\" data-end=\"2357\">metanfetamina<\/strong>, <strong data-start=\"2359\" data-end=\"2373\">anfetamina<\/strong> y <strong data-start=\"2377\" data-end=\"2386\">4-MMA<\/strong>, que afecta a la <strong data-start=\"2412\" data-end=\"2444\">selectividad neuroqu\u00edmica<\/strong> y <strong data-start=\"2448\" data-end=\"2478\">propiedades estimulantes<\/strong>. <span class=\"___SBox_epc1q-ko_ ___SText_zko9t-ko_\" data-ui-name=\"Link.Text\">Comprar 3 MM<\/span><\/p>\n<hr data-start=\"2481\" data-end=\"2484\" \/>\n<h2 data-start=\"2486\" data-end=\"2553\"><strong data-start=\"2489\" data-end=\"2553\">Caracter\u00edsticas clave de 3-MMA (para contextos de investigaci\u00f3n)<\/strong><\/h2>\n<ul data-start=\"2555\" data-end=\"3012\">\n<li data-start=\"2555\" data-end=\"2633\">\n<p data-start=\"2557\" data-end=\"2633\"><strong data-start=\"2557\" data-end=\"2582\">An\u00e1logo estructural:<\/strong> Estrechamente relacionados con la metanfetamina, el 4-MMA y el 2-MMA.<\/p>\n<\/li>\n<li data-start=\"2634\" data-end=\"2745\">\n<p data-start=\"2636\" data-end=\"2745\"><strong data-start=\"2636\" data-end=\"2663\">Relevancia forense:<\/strong> Identificado en muestras durante investigaciones de NPS y an\u00e1lisis de aplicaci\u00f3n de la ley.<\/p>\n<\/li>\n<li data-start=\"2746\" data-end=\"2869\">\n<p data-start=\"2748\" data-end=\"2869\"><strong data-start=\"2748\" data-end=\"2771\">Importancia anal\u00edtica:<\/strong> Utilizado como <strong data-start=\"2791\" data-end=\"2814\">est\u00e1ndar de referencia<\/strong> en validaci\u00f3n cromatogr\u00e1fica y espectrom\u00e9trica.<\/p>\n<\/li>\n<li data-start=\"2870\" data-end=\"3012\">\n<p data-start=\"2872\" data-end=\"3012\"><strong data-start=\"2872\" data-end=\"2899\">Valor farmacol\u00f3gico:<\/strong> Ayuda a los cient\u00edficos a comprender c\u00f3mo las peque\u00f1as variaciones estructurales afectan <strong data-start=\"2970\" data-end=\"2997\">actividad monoamin\u00e9rgica<\/strong> influir.<\/p>\n<\/li>\n<\/ul>\n<hr data-start=\"3014\" data-end=\"3017\" \/>\n<h2 data-start=\"3019\" data-end=\"3046\"><strong data-start=\"3022\" data-end=\"3046\">fines de investigaci\u00f3n<\/strong><\/h2>\n<p data-start=\"3048\" data-end=\"3212\">El 3-MMA se estudia principalmente en <strong data-start=\"3087\" data-end=\"3132\">laboratorios forenses y toxicol\u00f3gicos<\/strong> En condiciones controladas. Las principales \u00e1reas de aplicaci\u00f3n son:<\/p>\n<ol data-start=\"3214\" data-end=\"3961\">\n<li data-start=\"3214\" data-end=\"3444\">\n<p data-start=\"3217\" data-end=\"3242\"><strong data-start=\"3217\" data-end=\"3240\">Qu\u00edmica anal\u00edtica:<\/strong><\/p>\n<ul data-start=\"3246\" data-end=\"3444\">\n<li data-start=\"3246\" data-end=\"3373\">\n<p data-start=\"3248\" data-end=\"3373\">Desarrollo y validaci\u00f3n de <strong data-start=\"3278\" data-end=\"3287\">LC-MS<\/strong>, <strong data-start=\"3289\" data-end=\"3298\">GC-MS<\/strong> y <strong data-start=\"3302\" data-end=\"3310\">FTIR<\/strong>-m\u00e9todos para la identificaci\u00f3n de anfetaminas sustituidas.<\/p>\n<\/li>\n<li data-start=\"3377\" data-end=\"3444\">\n<p data-start=\"3379\" data-end=\"3444\">Distinguir entre is\u00f3meros estructurales (como 3-MMA y 4-MMA).<\/p>\n<\/li>\n<\/ul>\n<\/li>\n<li data-start=\"3446\" data-end=\"3654\">\n<p data-start=\"3449\" data-end=\"3479\"><strong data-start=\"3449\" data-end=\"3477\">Toxicolog\u00eda forense:<\/strong><\/p>\n<ul data-start=\"3483\" data-end=\"3654\">\n<li data-start=\"3483\" data-end=\"3568\">\n<p data-start=\"3485\" data-end=\"3568\">Detecci\u00f3n y cuantificaci\u00f3n de 3-MMA en muestras biol\u00f3gicas o incautadas.<\/p>\n<\/li>\n<li data-start=\"3572\" data-end=\"3654\">\n<p data-start=\"3574\" data-end=\"3654\">Parte de <strong data-start=\"3588\" data-end=\"3651\">sistemas de vigilancia de nuevas sustancias psicoactivas (NSP)<\/strong>.<\/p>\n<\/li>\n<\/ul>\n<\/li>\n<li data-start=\"3656\" data-end=\"3797\">\n<p data-start=\"3659\" data-end=\"3690\"><strong data-start=\"3659\" data-end=\"3688\">Investigaci\u00f3n farmacol\u00f3gica:<\/strong><\/p>\n<ul data-start=\"3694\" data-end=\"3797\">\n<li data-start=\"3694\" data-end=\"3797\">\n<p data-start=\"3696\" data-end=\"3797\">Estudio de <strong data-start=\"3707\" data-end=\"3738\">inhibici\u00f3n del transportador de monoamina<\/strong> y <strong data-start=\"3742\" data-end=\"3768\">actividad liberadora<\/strong> de estimulantes.<\/p>\n<\/li>\n<\/ul>\n<\/li>\n<li data-start=\"3799\" data-end=\"3961\">\n<p data-start=\"3802\" data-end=\"3834\"><strong data-start=\"3802\" data-end=\"3832\">Investigaci\u00f3n en salud p\u00fablica:<\/strong><\/p>\n<ul data-start=\"3838\" data-end=\"3961\">\n<li data-start=\"3838\" data-end=\"3961\">\n<p data-start=\"3840\" data-end=\"3961\">Monitoreo de tendencias en <strong data-start=\"3865\" data-end=\"3903\">estimulantes sint\u00e9ticos<\/strong> en apoyo a las advertencias de salud p\u00fablica.<\/p>\n<\/li>\n<\/ul>\n<\/li>\n<\/ol>\n<hr data-start=\"3963\" data-end=\"3966\" \/>\n<h2 data-start=\"3968\" data-end=\"4012\"><strong data-start=\"3971\" data-end=\"4012\">Consideraciones legales y de seguridad<\/strong><\/h2>\n<h3 data-start=\"4014\" data-end=\"4032\"><strong data-start=\"4018\" data-end=\"4032\">Seguridad<\/strong><\/h3>\n<p data-start=\"4034\" data-end=\"4256\">El 3-MMA s\u00f3lo puede ser utilizado por <strong data-start=\"4079\" data-end=\"4111\">investigadores calificados<\/strong> en <strong data-start=\"4115\" data-end=\"4139\">laboratorios autorizados<\/strong>.<br data-start=\"4140\" data-end=\"4143\" \/>Por causa de la <strong data-start=\"4154\" data-end=\"4171\">alto potencial<\/strong> y <strong data-start=\"4175\" data-end=\"4211\">datos toxicol\u00f3gicos limitados<\/strong> Se requieren estrictas medidas de seguridad.<\/p>\n<p data-start=\"4258\" data-end=\"4296\"><strong data-start=\"4258\" data-end=\"4296\">Seguridad de laboratorio recomendada:<\/strong><\/p>\n<ul data-start=\"4297\" data-end=\"4600\">\n<li data-start=\"4297\" data-end=\"4395\">\n<p data-start=\"4299\" data-end=\"4395\">Utilice siempre <strong data-start=\"4314\" data-end=\"4357\">equipo de protecci\u00f3n personal (EPP)<\/strong> como guantes, gafas protectoras y bata de laboratorio.<\/p>\n<\/li>\n<li data-start=\"4396\" data-end=\"4455\">\n<p data-start=\"4398\" data-end=\"4455\">Trabajar bajo una <strong data-start=\"4413\" data-end=\"4426\">campana extractora<\/strong> para evitar la inhalaci\u00f3n.<\/p>\n<\/li>\n<li data-start=\"4456\" data-end=\"4517\">\n<p data-start=\"4458\" data-end=\"4517\">Guardar en <strong data-start=\"4468\" data-end=\"4514\">contenedores claramente etiquetados y cerrados<\/strong>.<\/p>\n<\/li>\n<li data-start=\"4518\" data-end=\"4600\">\n<p data-start=\"4520\" data-end=\"4600\">Eliminar los residuos de acuerdo con las <strong data-start=\"4545\" data-end=\"4597\">Regulaciones para materiales qu\u00edmicos peligrosos<\/strong>.<\/p>\n<\/li>\n<\/ul>\n<h3 data-start=\"4602\" data-end=\"4627\"><strong data-start=\"4606\" data-end=\"4627\">Estatus legal<\/strong><\/h3>\n<p data-start=\"4629\" data-end=\"4722\">De <strong data-start=\"4635\" data-end=\"4643\">2025<\/strong> es <strong data-start=\"4647\" data-end=\"4671\">3-MMA (metafedrina)<\/strong> en la mayor\u00eda de los pa\u00edses <strong data-start=\"4692\" data-end=\"4719\">regulado o prohibido<\/strong>:<\/p>\n<ul data-start=\"4723\" data-end=\"4996\">\n<li data-start=\"4723\" data-end=\"4797\">\n<p data-start=\"4725\" data-end=\"4797\"><strong data-start=\"4725\" data-end=\"4749\">Reino Unido:<\/strong> Comprobado bajo el <em data-start=\"4773\" data-end=\"4794\">Ley de Abuso de Drogas<\/em>.<\/p>\n<\/li>\n<li data-start=\"4798\" data-end=\"4882\">\n<p data-start=\"4800\" data-end=\"4882\"><strong data-start=\"4800\" data-end=\"4818\">Uni\u00f3n Europea:<\/strong> Cae bajo el <strong data-start=\"4833\" data-end=\"4879\">Regulaci\u00f3n de NPS para sustancias psicoactivas<\/strong>.<\/p>\n<\/li>\n<li data-start=\"4883\" data-end=\"4996\">\n<p data-start=\"4885\" data-end=\"4996\"><strong data-start=\"4885\" data-end=\"4906\">Estados Unidos:<\/strong> Considerado como un <strong data-start=\"4931\" data-end=\"4961\">an\u00e1logo de la metanfetamina<\/strong> bajo el <em data-start=\"4971\" data-end=\"4993\">Ley Federal de Anal\u00f3gicos<\/em>.<\/p>\n<\/li>\n<\/ul>\n<p data-start=\"4998\" data-end=\"5105\">Solo <strong data-start=\"5005\" data-end=\"5029\">laboratorios autorizados<\/strong> Con permiso oficial se podr\u00e1 poseer o utilizar 3-MMA para investigaci\u00f3n.<\/p>\n<hr data-start=\"5107\" data-end=\"5110\" \/>\n<h2 data-start=\"5112\" data-end=\"5156\"><strong data-start=\"5115\" data-end=\"5156\">Identificaci\u00f3n y detecci\u00f3n anal\u00edtica<\/strong><\/h2>\n<p data-start=\"5158\" data-end=\"5277\">En qu\u00edmica forense y anal\u00edtica, el 3-MMA se identifica utilizando diversas t\u00e9cnicas instrumentales:<\/p>\n<ul data-start=\"5279\" data-end=\"5492\">\n<li data-start=\"5279\" data-end=\"5331\">\n<p data-start=\"5281\" data-end=\"5331\"><strong data-start=\"5281\" data-end=\"5329\">Cromatograf\u00eda de gases-espectrometr\u00eda de masas (GC-MS)<\/strong><\/p>\n<\/li>\n<li data-start=\"5332\" data-end=\"5390\">\n<p data-start=\"5334\" data-end=\"5390\"><strong data-start=\"5334\" data-end=\"5388\">Cromatograf\u00eda l\u00edquida-espectrometr\u00eda de masas (LC-MS)<\/strong><\/p>\n<\/li>\n<li data-start=\"5391\" data-end=\"5446\">\n<p data-start=\"5393\" data-end=\"5446\"><strong data-start=\"5393\" data-end=\"5444\">Espectroscop\u00eda infrarroja por transformada de Fourier (FTIR)<\/strong><\/p>\n<\/li>\n<li data-start=\"5447\" data-end=\"5492\">\n<p data-start=\"5449\" data-end=\"5492\"><strong data-start=\"5449\" data-end=\"5490\">Espectroscopia de resonancia magn\u00e9tica nuclear (RMN)<\/strong><\/p>\n<\/li>\n<\/ul>\n<p data-start=\"5494\" data-end=\"5632\">Estos m\u00e9todos hacen <strong data-start=\"5514\" data-end=\"5576\">identificaci\u00f3n, diferenciaci\u00f3n y cuantificaci\u00f3n precisas<\/strong> Posiblemente de 3-MMA y an\u00e1logos de anfetamina relacionados.<\/p>\n<hr data-start=\"5634\" data-end=\"5637\" \/>\n<h2 data-start=\"5639\" data-end=\"5673\"><strong data-start=\"5642\" data-end=\"5673\">Preguntas frecuentes (FAQ)<\/strong><\/h2>\n<h3 data-start=\"5675\" data-end=\"5718\"><strong data-start=\"5679\" data-end=\"5718\">1. \u00bfPara qu\u00e9 se est\u00e1 estudiando el 3-MMA?<\/strong><\/h3>\n<p data-start=\"5719\" data-end=\"5870\">El 3-MMA se utiliza exclusivamente en <strong data-start=\"5755\" data-end=\"5797\">investigaci\u00f3n forense y farmacol\u00f3gica<\/strong> Estudiar los an\u00e1logos de la anfetamina y desarrollar m\u00e9todos de detecci\u00f3n.<\/p>\n<h3 data-start=\"5872\" data-end=\"5899\"><strong data-start=\"5876\" data-end=\"5899\">2. \u00bfEs legal el 3-MMA?<\/strong><\/h3>\n<p data-start=\"5900\" data-end=\"6015\">En la mayor\u00eda de los pa\u00edses el 3-MMA es <strong data-start=\"5929\" data-end=\"5956\">prohibido o regulado<\/strong> en virtud de la legislaci\u00f3n sobre sustancias psicoactivas o an\u00e1logas.<\/p>\n<h3 data-start=\"6017\" data-end=\"6068\"><strong data-start=\"6021\" data-end=\"6068\">3. \u00bfC\u00f3mo se debe manipular de forma segura el 3-MMA?<\/strong><\/h3>\n<p data-start=\"6069\" data-end=\"6201\">S\u00f3lo por <strong data-start=\"6081\" data-end=\"6111\">investigadores profesionales<\/strong> con la derecha <strong data-start=\"6126\" data-end=\"6152\">medidas de seguridad<\/strong> y en <strong data-start=\"6159\" data-end=\"6200\">entornos de laboratorio controlados<\/strong>.<\/p>","protected":false},"excerpt":{"rendered":"<h3><span style=\"vertical-align: inherit;\"><span style=\"vertical-align: inherit;\"><span dir=\"auto\" style=\"vertical-align: inherit;\"><span dir=\"auto\" style=\"vertical-align: inherit;\">Propiedades del 3-MMA<\/span><\/span><\/span><\/span><\/h3>\n<p><strong><span style=\"vertical-align: inherit;\"><span style=\"vertical-align: inherit;\"><span dir=\"auto\" style=\"vertical-align: inherit;\"><span dir=\"auto\" style=\"vertical-align: inherit;\">Sin\u00f3nimo<\/span><\/span><\/span><\/span><\/strong><span style=\"vertical-align: inherit;\"><span style=\"vertical-align: inherit;\"><span dir=\"auto\" style=\"vertical-align: inherit;\"><span dir=\"auto\" style=\"vertical-align: inherit;\"> :3-Metilmetanfetamina <\/span><\/span><\/span><\/span><br \/>\n<strong><span style=\"vertical-align: inherit;\"><span style=\"vertical-align: inherit;\"><span dir=\"auto\" style=\"vertical-align: inherit;\"><span dir=\"auto\" style=\"vertical-align: inherit;\">CAS <\/span><\/span><\/span><\/span><\/strong> <strong><span style=\"vertical-align: inherit;\"><span style=\"vertical-align: inherit;\"><span dir=\"auto\" style=\"vertical-align: inherit;\"><span dir=\"auto\" style=\"vertical-align: inherit;\">N\u00famero<\/span><\/span><\/span><\/span><\/strong><span style=\"vertical-align: inherit;\"><span style=\"vertical-align: inherit;\"><span dir=\"auto\" style=\"vertical-align: inherit;\"><span dir=\"auto\" style=\"vertical-align: inherit;\"> : 2089255-96-7 <\/span><\/span><\/span><\/span><br \/>\n<strong><span style=\"vertical-align: inherit;\"><span style=\"vertical-align: inherit;\"><span dir=\"auto\" style=\"vertical-align: inherit;\"><span dir=\"auto\" style=\"vertical-align: inherit;\">F\u00f3rmula<\/span><\/span><\/span><\/span><\/strong><span style=\"vertical-align: inherit;\"><span style=\"vertical-align: inherit;\"><span dir=\"auto\" style=\"vertical-align: inherit;\"><span dir=\"auto\" style=\"vertical-align: inherit;\"> : <\/span><\/span><\/span><\/span><span title=\"Carb\u00f3n\"><span style=\"vertical-align: inherit;\"><span style=\"vertical-align: inherit;\"><span dir=\"auto\" style=\"vertical-align: inherit;\"><span dir=\"auto\" style=\"vertical-align: inherit;\">do <\/span><\/span><\/span><\/span><\/span><sub><span style=\"vertical-align: inherit;\"><span style=\"vertical-align: inherit;\"><span dir=\"auto\" style=\"vertical-align: inherit;\"><span dir=\"auto\" style=\"vertical-align: inherit;\">11 <\/span><\/span><\/span><\/span><\/sub><span title=\"Hidr\u00f3geno\"><span style=\"vertical-align: inherit;\"><span style=\"vertical-align: inherit;\"><span dir=\"auto\" style=\"vertical-align: inherit;\"><span dir=\"auto\" style=\"vertical-align: inherit;\">H <\/span><\/span><\/span><\/span><\/span><sub><span style=\"vertical-align: inherit;\"><span style=\"vertical-align: inherit;\"><span dir=\"auto\" style=\"vertical-align: inherit;\"><span dir=\"auto\" style=\"vertical-align: inherit;\">17 <\/span><\/span><\/span><\/span><\/sub><span title=\"Nitr\u00f3geno\"><span style=\"vertical-align: inherit;\"><span style=\"vertical-align: inherit;\"><span dir=\"auto\" style=\"vertical-align: inherit;\"><span dir=\"auto\" style=\"vertical-align: inherit;\">norte <\/span><\/span><\/span><\/span><\/span><br \/>\n<strong><span style=\"vertical-align: inherit;\"><span style=\"vertical-align: inherit;\"><span dir=\"auto\" style=\"vertical-align: inherit;\"><span dir=\"auto\" style=\"vertical-align: inherit;\">Masa molar<\/span><\/span><\/span><\/span><\/strong><span style=\"vertical-align: inherit;\"><span style=\"vertical-align: inherit;\"><span dir=\"auto\" style=\"vertical-align: inherit;\"><span dir=\"auto\" style=\"vertical-align: inherit;\"> : 163,264 g\/mol <\/span><\/span><\/span><\/span><br \/>\n<strong><span style=\"vertical-align: inherit;\"><span style=\"vertical-align: inherit;\"><span dir=\"auto\" style=\"vertical-align: inherit;\"><span dir=\"auto\" style=\"vertical-align: inherit;\">Pureza<\/span><\/span><\/span><\/span><\/strong><span style=\"vertical-align: inherit;\"><span style=\"vertical-align: inherit;\"><span dir=\"auto\" style=\"vertical-align: inherit;\"><span dir=\"auto\" style=\"vertical-align: inherit;\"> : &gt;98%<\/span><\/span><\/span><\/span><\/p>","protected":false},"featured_media":29226,"comment_status":"closed","ping_status":"closed","template":"","meta":[],"product_brand":[82],"product_cat":[519,322,333],"product_tag":[1193,616,593,326],"class_list":{"0":"post-23186","1":"product","2":"type-product","3":"status-publish","4":"has-post-thumbnail","6":"product_brand-research-chemical","7":"product_cat-3-mma","8":"product_cat-bijna-verboden","9":"product_cat-gefluoreerden","10":"product_tag-3-mma","11":"product_tag-3-mma-kopen","12":"product_tag-3mma-kopen","13":"product_tag-nl","15":"first","16":"instock","17":"taxable","18":"shipping-taxable","19":"purchasable","20":"product-type-variable"},"_links":{"self":[{"href":"https:\/\/onderzoekschemicals.com\/es\/wp-json\/wp\/v2\/product\/23186","targetHints":{"allow":["GET"]}}],"collection":[{"href":"https:\/\/onderzoekschemicals.com\/es\/wp-json\/wp\/v2\/product"}],"about":[{"href":"https:\/\/onderzoekschemicals.com\/es\/wp-json\/wp\/v2\/types\/product"}],"replies":[{"embeddable":true,"href":"https:\/\/onderzoekschemicals.com\/es\/wp-json\/wp\/v2\/comments?post=23186"}],"version-history":[{"count":5,"href":"https:\/\/onderzoekschemicals.com\/es\/wp-json\/wp\/v2\/product\/23186\/revisions"}],"predecessor-version":[{"id":28058,"href":"https:\/\/onderzoekschemicals.com\/es\/wp-json\/wp\/v2\/product\/23186\/revisions\/28058"}],"wp:featuredmedia":[{"embeddable":true,"href":"https:\/\/onderzoekschemicals.com\/es\/wp-json\/wp\/v2\/media\/29226"}],"wp:attachment":[{"href":"https:\/\/onderzoekschemicals.com\/es\/wp-json\/wp\/v2\/media?parent=23186"}],"wp:term":[{"taxonomy":"product_brand","embeddable":true,"href":"https:\/\/onderzoekschemicals.com\/es\/wp-json\/wp\/v2\/product_brand?post=23186"},{"taxonomy":"product_cat","embeddable":true,"href":"https:\/\/onderzoekschemicals.com\/es\/wp-json\/wp\/v2\/product_cat?post=23186"},{"taxonomy":"product_tag","embeddable":true,"href":"https:\/\/onderzoekschemicals.com\/es\/wp-json\/wp\/v2\/product_tag?post=23186"}],"curies":[{"name":"gracias","href":"https:\/\/api.w.org\/{rel}","templated":true}]}}