{"id":26118,"date":"2025-10-20T01:31:17","date_gmt":"2025-10-20T01:31:17","guid":{"rendered":"https:\/\/onderzoekschemicals.com\/?post_type=product&#038;p=26118"},"modified":"2025-10-21T05:53:14","modified_gmt":"2025-10-21T05:53:14","slug":"iboga-seeds","status":"publish","type":"product","link":"https:\/\/onderzoekschemicals.com\/de_at\/shop\/okategoriserad\/iboga-seeds\/","title":{"rendered":"Iboga-Samen"},"content":{"rendered":"<h2>Iboga-Samen kaufen<\/h2>\n<p>Kaufen Sie Iboga-Samen. Tabernanthe iboga geh\u00f6rt zur Familie der Apocynaceae und ist in den feuchten tropischen Gebieten West-Zentralafrikas, haupts\u00e4chlich im Kongo und Gabun, beheimatet. Gebr\u00e4uchliche Namen sind Iboga, Eboka und Eboga. Tabernanthe ist eine kleine Gattung mit nur zwei Arten, T<a href=\"https:\/\/caluanieoxidizeshop.com\" target=\"_blank\" rel=\"noopener\">.<\/a> Iboga und T. elliptica (diese Art hat stachelige Fr\u00fcchte, \u00e4hnlich wie Datura spp.). Es ist bekannt, dass sich die beiden Arten kreuzen und eine fruchtbare Hybride bilden k\u00f6nnen (<em>Iboga und Ibogain, Nico Dauphin<\/em>). Iboga-Samen, Tabernanthe-Iboga-Samen, Iboga-Pflanzensamen, Iboga-Samen kaufen<\/p>\n<p>Tabernanthe sind Geh\u00f6lze, die in feuchten tropischen W\u00e4ldern heimisch sind. Tabernanthe-Str\u00e4ucher erreichen in der Regel eine H\u00f6he von einem halben bis zwei Metern. Die \u00c4ste sind paarweise angeordnet, und zwei schlanke, gestielte Bl\u00fctenst\u00e4nde erscheinen paarweise direkt \u00fcber den Verzweigungspunkten. Tabernanthe hat au\u00dferdem kelchblattartige Hochbl\u00e4tter und auff\u00e4llige Blattnarben. Wie viele andere Mitglieder der Familie der Apocynaceae<a href=\"https:\/\/caluanieoxidizeshop.com\/product\/caluanie-muelear-oxidize-for-sale\/\" target=\"_blank\" rel=\"noopener\">,<\/a> Charakteristisch f\u00fcr Tabernanthe sind der milchige Saft und das Vorkommen vieler n\u00fctzlicher Alkaloide in Rinde, Bl\u00e4ttern und Wurzel (Iboga und Ibogain, Nico Dauphin). <a href=\"https:\/\/onderzoekschemicals.com\/de_at\/shop\/top-10-research-chemicals\/caluanie-muelear-oxidize\/\">Caluanie Muelear Oxidieren<\/a><a href=\"https:\/\/onderzoekschemicals.com\/de_at\/shop\/weegschalen\/digitale-cs-weegschaal\/\">Digitale CS-Waage \u2013 100 g x 0,01 g<\/a><a href=\"https:\/\/onderzoekschemicals.com\/de_at\/shop\/top-10-research-chemicals\/pyrazolam-werking\/\">Pyrazolam 2,5 mg Pellets<\/a><a href=\"https:\/\/onderzoekschemicals.com\/de_at\/shop\/weegschalen\/digitale-tank-mini-weegschaal\/\">Digitale Tank-Miniwaage \u2013 20 g x 0,001 g<\/a><a href=\"https:\/\/onderzoekschemicals.com\/de_at\/shop\/weegschalen\/digitale-bio-mini-weegschaal\/\">Digitale Bio-Miniwaage \u2013 20 g x 0,001 g<\/a><\/p>","protected":false},"excerpt":{"rendered":"<p>$1 pro Frucht, Mindestbestellmenge = 100 Fr\u00fcchte<\/p>","protected":false},"featured_media":26143,"comment_status":"closed","ping_status":"closed","template":"","meta":[],"product_brand":[],"product_cat":[1085],"product_tag":[912,911,909,910],"class_list":{"0":"post-26118","1":"product","2":"type-product","3":"status-publish","4":"has-post-thumbnail","6":"product_cat-okategoriserad","7":"product_tag-buy-iboga-seeds","8":"product_tag-iboga-plant-seeds","9":"product_tag-iboga-seeds","10":"product_tag-tabernanthe-iboga-seeds","12":"first","13":"instock","14":"taxable","15":"shipping-taxable","16":"purchasable","17":"product-type-simple"},"_links":{"self":[{"href":"https:\/\/onderzoekschemicals.com\/de_at\/wp-json\/wp\/v2\/product\/26118","targetHints":{"allow":["GET"]}}],"collection":[{"href":"https:\/\/onderzoekschemicals.com\/de_at\/wp-json\/wp\/v2\/product"}],"about":[{"href":"https:\/\/onderzoekschemicals.com\/de_at\/wp-json\/wp\/v2\/types\/product"}],"replies":[{"embeddable":true,"href":"https:\/\/onderzoekschemicals.com\/de_at\/wp-json\/wp\/v2\/comments?post=26118"}],"version-history":[{"count":4,"href":"https:\/\/onderzoekschemicals.com\/de_at\/wp-json\/wp\/v2\/product\/26118\/revisions"}],"predecessor-version":[{"id":26155,"href":"https:\/\/onderzoekschemicals.com\/de_at\/wp-json\/wp\/v2\/product\/26118\/revisions\/26155"}],"wp:featuredmedia":[{"embeddable":true,"href":"https:\/\/onderzoekschemicals.com\/de_at\/wp-json\/wp\/v2\/media\/26143"}],"wp:attachment":[{"href":"https:\/\/onderzoekschemicals.com\/de_at\/wp-json\/wp\/v2\/media?parent=26118"}],"wp:term":[{"taxonomy":"product_brand","embeddable":true,"href":"https:\/\/onderzoekschemicals.com\/de_at\/wp-json\/wp\/v2\/product_brand?post=26118"},{"taxonomy":"product_cat","embeddable":true,"href":"https:\/\/onderzoekschemicals.com\/de_at\/wp-json\/wp\/v2\/product_cat?post=26118"},{"taxonomy":"product_tag","embeddable":true,"href":"https:\/\/onderzoekschemicals.com\/de_at\/wp-json\/wp\/v2\/product_tag?post=26118"}],"curies":[{"name":"wp","href":"https:\/\/api.w.org\/{rel}","templated":true}]}}