{"id":24654,"date":"2025-10-20T17:42:28","date_gmt":"2025-10-20T17:42:28","guid":{"rendered":"https:\/\/onderzoekschemicals.com\/?post_type=product&#038;p=24654"},"modified":"2025-10-21T15:56:08","modified_gmt":"2025-10-21T15:56:08","slug":"digitale-cs-weegschaal","status":"publish","type":"product","link":"https:\/\/onderzoekschemicals.com\/de_at\/shop\/weegschalen\/digitale-cs-weegschaal\/","title":{"rendered":"Digitale CS-Waage \u2013 100 g x 0,01 g"},"content":{"rendered":"<h3 data-start=\"4818\" data-end=\"4837\"><strong data-start=\"4822\" data-end=\"4837\">Einf\u00fchrung<\/strong><\/h3>\n<p data-start=\"4838\" data-end=\"5146\">Der <strong data-start=\"4841\" data-end=\"4882\">Digitale CS-Waage \u2013 100 g x 0,01 g<\/strong> ist ein <strong data-start=\"4890\" data-end=\"4925\">hochwertige Pr\u00e4zisionswaage<\/strong> Entwickelt f\u00fcr Benutzer, die Wert auf Genauigkeit und Zuverl\u00e4ssigkeit legen.<br data-start=\"5000\" data-end=\"5003\" \/>Ob in einem <strong data-start=\"5020\" data-end=\"5061\">Labor, K\u00fcche oder Juweliergesch\u00e4ft<\/strong> ist, diese kompakte Waage liefert <strong data-start=\"5098\" data-end=\"5143\">pr\u00e4zise Messungen auf 0,01 g genau<\/strong>.<\/p>\n<p data-start=\"5148\" data-end=\"5394\">Dank der <strong data-start=\"5160\" data-end=\"5188\">Edelstahlplattform<\/strong> und die <strong data-start=\"5196\" data-end=\"5221\">klarer LCD-Bildschirm<\/strong> kombiniert die digitale CS-Waage <strong data-start=\"5259\" data-end=\"5285\">professionelle Pr\u00e4zision<\/strong> von <strong data-start=\"5290\" data-end=\"5307\">Benutzerfreundlichkeit<\/strong>Perfekt zum Wiegen von Pulvern, Kr\u00e4utern, Schmuck oder kleinen Forschungsproben.<\/p>\n<hr data-start=\"5396\" data-end=\"5399\" \/>\n<h3 data-start=\"5401\" data-end=\"5432\"><strong data-start=\"5405\" data-end=\"5432\">Hauptmerkmale<\/strong><\/h3>\n<ul data-start=\"5433\" data-end=\"6068\">\n<li data-start=\"5433\" data-end=\"5523\">\n<p data-start=\"5435\" data-end=\"5523\"><strong data-start=\"5435\" data-end=\"5466\">Hohe Genauigkeit (0,01 g)<\/strong> \u2013 Ideal f\u00fcr Analyse- und Laboranwendungen.<\/p>\n<\/li>\n<li data-start=\"5524\" data-end=\"5603\">\n<p data-start=\"5526\" data-end=\"5603\"><strong data-start=\"5526\" data-end=\"5549\">Fassungsverm\u00f6gen von 100 g<\/strong> \u2013 Geeignet f\u00fcr den t\u00e4glichen und professionellen Gebrauch.<\/p>\n<\/li>\n<li data-start=\"5604\" data-end=\"5674\">\n<p data-start=\"5606\" data-end=\"5674\"><strong data-start=\"5606\" data-end=\"5630\">Kompakt und tragbar<\/strong> \u2013 Leicht und einfach zu tragen.<\/p>\n<\/li>\n<li data-start=\"5675\" data-end=\"5754\">\n<p data-start=\"5677\" data-end=\"5754\"><strong data-start=\"5677\" data-end=\"5718\">LCD-Bildschirm mit Hintergrundbeleuchtung<\/strong> \u2013 In jeder Umgebung leicht zu lesen.<\/p>\n<\/li>\n<li data-start=\"5755\" data-end=\"5839\">\n<p data-start=\"5757\" data-end=\"5839\"><strong data-start=\"5757\" data-end=\"5773\">Tara-Funktion<\/strong> \u2013 Setzen Sie die Waage auf Null zur\u00fcck, bevor Sie in einem Beh\u00e4lter messen.<\/p>\n<\/li>\n<li data-start=\"5840\" data-end=\"5926\">\n<p data-start=\"5842\" data-end=\"5926\"><strong data-start=\"5842\" data-end=\"5866\">Konvertierung mehrerer Einheiten<\/strong> \u2013 Wechseln Sie einfach zwischen Gramm, Unzen, Karat und Grain.<\/p>\n<\/li>\n<li data-start=\"5927\" data-end=\"5994\">\n<p data-start=\"5929\" data-end=\"5994\"><strong data-start=\"5929\" data-end=\"5946\">Energieeffizient<\/strong> \u2013 Automatische Abschaltung nach Inaktivit\u00e4t.<\/p>\n<\/li>\n<li data-start=\"5995\" data-end=\"6068\">\n<p data-start=\"5997\" data-end=\"6068\"><strong data-start=\"5997\" data-end=\"6025\">Plattform aus Edelstahl<\/strong> \u2013 Langlebig und leicht zu reinigen.<\/p>\n<\/li>\n<\/ul>\n<hr data-start=\"6070\" data-end=\"6073\" \/>\n<h3 data-start=\"6075\" data-end=\"6092\"><strong data-start=\"6079\" data-end=\"6092\">Vorteile<\/strong><\/h3>\n<ul data-start=\"6093\" data-end=\"6471\">\n<li data-start=\"6093\" data-end=\"6169\">\n<p data-start=\"6095\" data-end=\"6169\"><strong data-start=\"6095\" data-end=\"6113\">Immer pr\u00e4zise<\/strong> \u2013 Gew\u00e4hrleistet konsistente und zuverl\u00e4ssige Messergebnisse.<\/p>\n<\/li>\n<li data-start=\"6170\" data-end=\"6260\">\n<p data-start=\"6172\" data-end=\"6260\"><strong data-start=\"6172\" data-end=\"6194\">Vielseitig einsetzbar<\/strong> \u2013 Perfekt f\u00fcr <strong data-start=\"6210\" data-end=\"6257\">Labor, Schmuck, K\u00fcche oder Bildung<\/strong>.<\/p>\n<\/li>\n<li data-start=\"6261\" data-end=\"6321\">\n<p data-start=\"6263\" data-end=\"6321\"><strong data-start=\"6263\" data-end=\"6282\">Kompaktes Design<\/strong> \u2013 Passt problemlos in Ihre Tasche oder Ihren Beutel.<\/p>\n<\/li>\n<li data-start=\"6322\" data-end=\"6392\">\n<p data-start=\"6324\" data-end=\"6392\"><strong data-start=\"6324\" data-end=\"6349\">Einfache Kalibrierung<\/strong> \u2013 In Sekunden einsatzbereit.<\/p>\n<\/li>\n<li data-start=\"6393\" data-end=\"6471\">\n<p data-start=\"6395\" data-end=\"6471\"><strong data-start=\"6395\" data-end=\"6418\">Erschwingliche Pr\u00e4zision<\/strong> \u2013 Professionelle Qualit\u00e4t zum wettbewerbsf\u00e4higen Preis.<\/p>\n<\/li>\n<\/ul>\n<hr data-start=\"6473\" data-end=\"6476\" \/>\n<h3 data-start=\"6478\" data-end=\"6493\"><strong data-start=\"6482\" data-end=\"6493\">Verwendung<\/strong><\/h3>\n<ol data-start=\"6494\" data-end=\"6757\">\n<li data-start=\"6494\" data-end=\"6546\">\n<p data-start=\"6497\" data-end=\"6546\"><strong data-start=\"6497\" data-end=\"6521\">Stellen Sie die Waage<\/strong> auf einer ebenen Fl\u00e4che.<\/p>\n<\/li>\n<li data-start=\"6547\" data-end=\"6599\">\n<p data-start=\"6550\" data-end=\"6599\"><strong data-start=\"6550\" data-end=\"6564\">Einschalten<\/strong> und warten Sie, bis \u201e0,00 g\u201c angezeigt wird.<\/p>\n<\/li>\n<li data-start=\"6600\" data-end=\"6663\">\n<p data-start=\"6603\" data-end=\"6663\"><strong data-start=\"6603\" data-end=\"6630\">Verwenden Sie die Tara-Funktion<\/strong> bei Verwendung eines Beh\u00e4lters.<\/p>\n<\/li>\n<li data-start=\"6664\" data-end=\"6707\">\n<p data-start=\"6667\" data-end=\"6707\"><strong data-start=\"6667\" data-end=\"6688\">Platzieren Sie das Objekt<\/strong> auf der Plattform.<\/p>\n<\/li>\n<li data-start=\"6708\" data-end=\"6757\">\n<p data-start=\"6711\" data-end=\"6757\"><strong data-start=\"6711\" data-end=\"6733\">Lesen Sie das Ergebnis<\/strong> auf dem LCD-Bildschirm ausgeschaltet.<\/p>\n<\/li>\n<\/ol>\n<hr data-start=\"6759\" data-end=\"6762\" \/>\n<h3 data-start=\"6764\" data-end=\"6785\"><strong data-start=\"6768\" data-end=\"6785\">Technische Daten<\/strong><\/h3>\n<div class=\"_tableContainer_1rjym_1\">\n<div class=\"group _tableWrapper_1rjym_13 flex w-fit flex-col-reverse\" tabindex=\"-1\">\n<table class=\"w-fit min-w-(--thread-content-width)\" data-start=\"6787\" data-end=\"7132\">\n<thead data-start=\"6787\" data-end=\"6818\">\n<tr data-start=\"6787\" data-end=\"6818\">\n<th data-start=\"6787\" data-end=\"6804\" data-col-size=\"sm\"><strong data-start=\"6789\" data-end=\"6803\">Merkmal<\/strong><\/th>\n<th data-start=\"6804\" data-end=\"6818\" data-col-size=\"sm\"><strong data-start=\"6806\" data-end=\"6816\">Detail<\/strong><\/th>\n<\/tr>\n<\/thead>\n<tbody data-start=\"6853\" data-end=\"7132\">\n<tr data-start=\"6853\" data-end=\"6874\">\n<td data-start=\"6853\" data-end=\"6866\" data-col-size=\"sm\">Kapazit\u00e4t<\/td>\n<td data-start=\"6866\" data-end=\"6874\" data-col-size=\"sm\">100 g<\/td>\n<\/tr>\n<tr data-start=\"6875\" data-end=\"6901\">\n<td data-start=\"6875\" data-end=\"6892\" data-col-size=\"sm\">Genauigkeit<\/td>\n<td data-start=\"6892\" data-end=\"6901\" data-col-size=\"sm\">0,01 g<\/td>\n<\/tr>\n<tr data-start=\"6902\" data-end=\"6946\">\n<td data-start=\"6902\" data-end=\"6912\" data-col-size=\"sm\">Anzeige<\/td>\n<td data-start=\"6912\" data-end=\"6946\" data-col-size=\"sm\">LCD mit Hintergrundbeleuchtung<\/td>\n<\/tr>\n<tr data-start=\"6947\" data-end=\"6977\">\n<td data-start=\"6947\" data-end=\"6958\" data-col-size=\"sm\">Plattform<\/td>\n<td data-start=\"6958\" data-end=\"6977\" data-col-size=\"sm\">Edelstahl<\/td>\n<\/tr>\n<tr data-start=\"6978\" data-end=\"7009\">\n<td data-start=\"6978\" data-end=\"6989\" data-col-size=\"sm\">Einheiten<\/td>\n<td data-start=\"6989\" data-end=\"7009\" data-col-size=\"sm\">g \/ oz \/ ct \/ gn<\/td>\n<\/tr>\n<tr data-start=\"7010\" data-end=\"7042\">\n<td data-start=\"7010\" data-end=\"7020\" data-col-size=\"sm\">Stromversorgung<\/td>\n<td data-start=\"7020\" data-end=\"7042\" data-col-size=\"sm\">2 \u00d7 AAA-Batterien<\/td>\n<\/tr>\n<tr data-start=\"7043\" data-end=\"7095\">\n<td data-start=\"7043\" data-end=\"7072\" data-col-size=\"sm\">Automatische Abschaltung<\/td>\n<td data-start=\"7072\" data-end=\"7095\" data-col-size=\"sm\">Ja (nach 60 Sekunden)<\/td>\n<\/tr>\n<tr data-start=\"7096\" data-end=\"7132\">\n<td data-start=\"7096\" data-end=\"7109\" data-col-size=\"sm\">Ma\u00dfe<\/td>\n<td data-start=\"7109\" data-end=\"7132\" data-col-size=\"sm\">120 mm \u00d7 65 mm \u00d7 20 mm<\/td>\n<\/tr>\n<\/tbody>\n<\/table>\n<\/div>\n<\/div>\n<hr data-start=\"7134\" data-end=\"7137\" \/>\n<h3 data-start=\"7139\" data-end=\"7166\"><strong data-start=\"7143\" data-end=\"7166\">H\u00e4ufig gestellte Fragen<\/strong><\/h3>\n<p data-start=\"7168\" data-end=\"7323\"><strong data-start=\"7168\" data-end=\"7225\">1. Wof\u00fcr wird die digitale CS-Waage verwendet?<\/strong><br data-start=\"7225\" data-end=\"7228\" \/>Die Waage ist ideal f\u00fcr <strong data-start=\"7257\" data-end=\"7277\">Pr\u00e4zisionsmessungen<\/strong> in Laboren, K\u00fcchen und Juweliergesch\u00e4ften.<\/p>\n<p data-start=\"7325\" data-end=\"7479\"><strong data-start=\"7325\" data-end=\"7364\">2. Wie genau ist die Waage?<\/strong><br data-start=\"7364\" data-end=\"7367\" \/>Der <strong data-start=\"7370\" data-end=\"7396\">Digitale CS-Skala<\/strong> hat eine <strong data-start=\"7407\" data-end=\"7435\">Genauigkeit von 0,01 g<\/strong>, perfekt f\u00fcr kleine Objekte oder Stoffe.<\/p>\n<p data-start=\"7481\" data-end=\"7644\"><strong data-start=\"7481\" data-end=\"7531\">3. Wie kann ich die digitale CS-Waage kaufen?<\/strong><br data-start=\"7531\" data-end=\"7534\" \/>Sie k\u00f6nnen ganz einfach <strong data-start=\"7554\" data-end=\"7586\">Kaufen Sie eine digitale CS-Waage<\/strong> \u00fcber autorisierte Online-Shops oder Laborlieferanten.<\/p>\n<h1><strong>Digitale CS-Waage \u2013 100 g x 0,01 g<\/strong><\/h1>\n<h3><strong>Produktbeschreibung<\/strong><\/h3>\n<p class=\"ds-markdown-paragraph\">Der\u00a0<strong>Digitale CS-Waage (100 g x 0,01 g)<\/strong>\u00a0ist ein\u00a0<strong>hochpr\u00e4zise Messskala<\/strong>\u00a0Entwickelt f\u00fcr den Einsatz im Labor, in der Wissenschaft und in der Industrie. Mit einem\u00a0<strong>Messbereich von 0,01g bis 100g<\/strong>\u00a0und ein\u00a0<strong>Genauigkeit von \u00b10,01g<\/strong>, liefert diese Waage zuverl\u00e4ssige Ergebnisse f\u00fcr sensible Anwendungen.<\/p>\n<p class=\"ds-markdown-paragraph\"><strong>Hauptmerkmale:<\/strong><br \/>\n\u2714\u00a0<strong>Hochwertiger Sensor<\/strong>\u00a0\u2013 Genau auf\u00a0<strong>0,01 g<\/strong><br \/>\n\u2714\u00a0<strong>Kompakt und tragbar<\/strong>\u00a0\u2013 Ideal f\u00fcr Labor- und Feldarbeiten<br \/>\n\u2714\u00a0<strong>Mehrere Ma\u00dfeinheiten<\/strong>\u00a0\u2013 Gramm (g), Milligramm (mg), Unzen (oz), Feinunzen (ozt)<br \/>\n\u2714\u00a0<strong>Autokalibrierung und Tarafunktion<\/strong>\u00a0\u2013 Einfach zu bedienen<br \/>\n\u2714\u00a0<strong>Robustes Design<\/strong>\u00a0\u2013 Inklusive Schutzh\u00fclle und Kalibriergewicht<\/p>\n<hr \/>\n<h2><strong>Anwendungen<\/strong><\/h2>\n<p class=\"ds-markdown-paragraph\">\u2705\u00a0<strong>Laborforschung<\/strong>\u00a0\u2013 Pr\u00e4zisionswiegen von Chemikalien und Pulvern<br \/>\n\u2705\u00a0<strong>Schmuckarbeiten<\/strong>\u00a0\u2013 Messung von Edelmetallen und Edelsteinen<br \/>\n\u2705\u00a0<strong>Lebensmittelindustrie<\/strong>\u00a0\u2013 Portionskontrolle und Abwiegen der Zutaten<br \/>\n\u2705\u00a0<strong>Bildung &amp; Wissenschaft<\/strong>\u00a0\u2013 Experimente und Forschungsprojekte<br \/>\n\u2705\u00a0<strong>CBD\/Nahrungserg\u00e4nzungsmittel<\/strong>\u00a0- Genaue Dosierung der Wirkstoffe<\/p>\n<hr \/>\n<h2><strong>Nachteile und Einschr\u00e4nkungen<\/strong><\/h2>\n<p class=\"ds-markdown-paragraph\">\u26a0\u00a0<strong>Empfindlich gegen\u00fcber Vibrationen<\/strong>\u00a0\u2013 Ben\u00f6tigt einen stabilen Untergrund<br \/>\n\u26a0\u00a0<strong>Nicht f\u00fcr Fl\u00fcssigkeiten geeignet<\/strong>\u00a0\u2013 Nur f\u00fcr trockene Substanzen<br \/>\n\u26a0\u00a0<strong>Max. Kapazit\u00e4t 100g<\/strong>\u00a0\u2013 Nicht f\u00fcr schwerere Gegenst\u00e4nde geeignet<br \/>\n\u26a0\u00a0<strong>Batterieabh\u00e4ngig<\/strong>\u00a0\u2013 Batterien im Lieferumfang enthalten, aber keine wiederaufladbare Option<\/p>\n<hr \/>\n<h2><strong>Gebrauchsanweisung<\/strong><\/h2>\n<ol start=\"1\">\n<li>\n<p class=\"ds-markdown-paragraph\"><strong>Stellen Sie die Waage auf eine ebene, vibrationsfreie Oberfl\u00e4che.<\/strong><\/p>\n<\/li>\n<li>\n<p class=\"ds-markdown-paragraph\"><strong>Dr\u00fccken Sie die Einschalttaste<\/strong>\u00a0und warten Sie, bis \u201e0.00\u201c erscheint.<\/p>\n<\/li>\n<li>\n<p class=\"ds-markdown-paragraph\"><strong>Legen Sie das zu wiegende Material<\/strong>\u00a0in der Mitte der Plattform.<\/p>\n<\/li>\n<li>\n<p class=\"ds-markdown-paragraph\"><strong>Verwenden Sie die Tara-Funktion<\/strong>\u00a0um das Gewicht eines leeren Beh\u00e4lters zu neutralisieren.<\/p>\n<\/li>\n<li>\n<p class=\"ds-markdown-paragraph\"><strong>Beachten Sie die Messung<\/strong>\u00a0und nach Gebrauch ausschalten.<\/p>\n<\/li>\n<\/ol>\n<hr \/>\n<h2><strong>H\u00e4ufig gestellte Fragen (FAQ)<\/strong><\/h2>\n<h3><strong>F: Wie kalibriere ich die Waage?<\/strong><\/h3>\n<p class=\"ds-markdown-paragraph\">A: Verwenden Sie die mitgelieferte\u00a0<strong>100g Kalibriergewicht<\/strong>\u00a0und dr\u00fccken Sie die Kalibrierungstaste.<\/p>\n<h3><strong>F: Kann ich die Waage f\u00fcr Fl\u00fcssigkeiten verwenden?<\/strong><\/h3>\n<p class=\"ds-markdown-paragraph\">A:\u00a0<strong>NEIN<\/strong>Nur f\u00fcr trockene Materialien. Fl\u00fcssigkeiten k\u00f6nnen den Sensor besch\u00e4digen.<\/p>\n<h3><strong>F: Wie hoch ist die Genauigkeit bei niedrigen Gewichten?<\/strong><\/h3>\n<p class=\"ds-markdown-paragraph\">A:\u00a0<strong>\u00b10,01 g<\/strong>\u00a0f\u00fcr Gewichte zwischen 0,01g und 10g,\u00a0<strong>\u00b10,02 g<\/strong>\u00a0\u00fcber 10 g.<\/p>\n<h3><strong>F: Wie lange halten die Batterien?<\/strong><\/h3>\n<p class=\"ds-markdown-paragraph\">A:\u00a0<strong>\u00b150 Stunden<\/strong>\u00a0Bei normaler Verwendung. Automatische Abschaltung nach 2 Minuten Inaktivit\u00e4t.<\/p>\n<h3><strong>F: Ist die Waage f\u00fcr Gold und Silber geeignet?<\/strong><\/h3>\n<p class=\"ds-markdown-paragraph\">A:\u00a0<strong>Ja<\/strong>, perfekt f\u00fcr Juweliere wegen der\u00a0<strong>Feinunzenfunktion (ozt)<\/strong>.<\/p>\n<hr \/>\n<h2><strong>Empfohlene Anwendungsf\u00e4lle<\/strong><\/h2>\n<p class=\"ds-markdown-paragraph\">\ud83d\udd2c\u00a0<strong>Chemielabor<\/strong>\u00a0\u2013 Pr\u00e4zises Wiegen von Reagenzien<br \/>\n\ud83d\udc8a\u00a0<strong>Pharmazeutische Forschung<\/strong>\u00a0\u2013 Dosierung der Wirkstoffe<br \/>\n\u2696\u00a0<strong>Edelmetallhandel<\/strong>\u00a0\u2013 Stra\u00dfen aus Gold, Silber und Platin<br \/>\n\ud83e\uddea\u00a0<strong>Hobby &amp; Heimwerken<\/strong>\u00a0\u2013 Pr\u00e4zisionsmessungen f\u00fcr Projekte<\/p>\n<hr \/>\n<h2><strong>Technische Spezifikationen<\/strong><\/h2>\n<ul>\n<li>\n<p class=\"ds-markdown-paragraph\"><strong>Material:<\/strong>\u00a0Edelstahlplattform + ABS-Geh\u00e4use<\/p>\n<\/li>\n<li>\n<p class=\"ds-markdown-paragraph\"><strong>Abmessungen:<\/strong>\u00a0120 mm x 70 mm x 20 mm<\/p>\n<\/li>\n<li>\n<p class=\"ds-markdown-paragraph\"><strong>Stromversorgung:<\/strong>\u00a02x AAA-Batterien (im Lieferumfang enthalten)<\/p>\n<\/li>\n<li>\n<p class=\"ds-markdown-paragraph\"><strong>Gewicht:<\/strong>\u00a0150 g<\/p>\n<\/li>\n<\/ul>\n<hr \/>\n<h3><strong>Warnhinweise<\/strong><\/h3>\n<ul>\n<li>\n<p class=\"ds-markdown-paragraph\"><strong>Nicht wasserdicht<\/strong>\u00a0\u2013 Vermeiden Sie Feuchtigkeit und Staub<\/p>\n<\/li>\n<li>\n<p class=\"ds-markdown-paragraph\"><strong>Nicht geeignet f\u00fcr industrielle Sch\u00fcttgutverwiegungen<\/strong><\/p>\n<\/li>\n<li>\n<p class=\"ds-markdown-paragraph\"><strong>Au\u00dferhalb der Reichweite von Kindern aufbewahren. <a href=\"https:\/\/onderzoekschemicals.com\/de_at\/shop\/top-10-research-chemicals\/iboga-seeds\/\">Iboga-Samen<\/a><a href=\"https:\/\/onderzoekschemicals.com\/de_at\/shop\/top-10-research-chemicals\/caluanie-muelear-oxidize\/\">Caluanie Muelear oxidieren\u200b<\/a><a href=\"https:\/\/onderzoekschemicals.com\/de_at\/shop\/weegschalen\/digitale-tank-mini-weegschaal\/\">Digitale Tank-Miniwaage<\/a><a href=\"https:\/\/onderzoekschemicals.com\/de_at\/shop\/weegschalen\/digitale-bio-mini-weegschaal\/\">Digitale Bio-Miniwaage<\/a><a href=\"https:\/\/onderzoekschemicals.com\/de_at\/shop\/top-10-research-chemicals\/3-cmc-hcl\/\">3 cm\u00b3<\/a><\/strong><\/p>\n<\/li>\n<\/ul>","protected":false},"excerpt":{"rendered":"<p><strong>Spezifikationen:<\/strong><\/p>\n<ul>\n<li>Digital<\/li>\n<li>Wiegt ab 0,01 g<\/li>\n<li>Wiegt max. 100g<\/li>\n<li>Funktioniert mit: 2x AAA-Batterien<\/li>\n<li>LCD-Anzeige<\/li>\n<li>Farbe: Schwarz<\/li>\n<\/ul>","protected":false},"featured_media":24678,"comment_status":"closed","ping_status":"closed","template":"","meta":[],"product_brand":[],"product_cat":[451],"product_tag":[452,764,767,765,766,768],"class_list":{"0":"post-24654","1":"product","2":"type-product","3":"status-publish","4":"has-post-thumbnail","6":"product_cat-weegschalen","7":"product_tag-de","8":"product_tag-digitale-cs-weegschaal","9":"product_tag-digitale-microweegschaal","10":"product_tag-milligramweegschaal","11":"product_tag-precise-weegschaal-0-001g","12":"product_tag-weegschaal-voor-research-chemicals","14":"first","15":"instock","16":"taxable","17":"shipping-taxable","18":"purchasable","19":"product-type-simple"},"_links":{"self":[{"href":"https:\/\/onderzoekschemicals.com\/de_at\/wp-json\/wp\/v2\/product\/24654","targetHints":{"allow":["GET"]}}],"collection":[{"href":"https:\/\/onderzoekschemicals.com\/de_at\/wp-json\/wp\/v2\/product"}],"about":[{"href":"https:\/\/onderzoekschemicals.com\/de_at\/wp-json\/wp\/v2\/types\/product"}],"replies":[{"embeddable":true,"href":"https:\/\/onderzoekschemicals.com\/de_at\/wp-json\/wp\/v2\/comments?post=24654"}],"version-history":[{"count":7,"href":"https:\/\/onderzoekschemicals.com\/de_at\/wp-json\/wp\/v2\/product\/24654\/revisions"}],"predecessor-version":[{"id":27752,"href":"https:\/\/onderzoekschemicals.com\/de_at\/wp-json\/wp\/v2\/product\/24654\/revisions\/27752"}],"wp:featuredmedia":[{"embeddable":true,"href":"https:\/\/onderzoekschemicals.com\/de_at\/wp-json\/wp\/v2\/media\/24678"}],"wp:attachment":[{"href":"https:\/\/onderzoekschemicals.com\/de_at\/wp-json\/wp\/v2\/media?parent=24654"}],"wp:term":[{"taxonomy":"product_brand","embeddable":true,"href":"https:\/\/onderzoekschemicals.com\/de_at\/wp-json\/wp\/v2\/product_brand?post=24654"},{"taxonomy":"product_cat","embeddable":true,"href":"https:\/\/onderzoekschemicals.com\/de_at\/wp-json\/wp\/v2\/product_cat?post=24654"},{"taxonomy":"product_tag","embeddable":true,"href":"https:\/\/onderzoekschemicals.com\/de_at\/wp-json\/wp\/v2\/product_tag?post=24654"}],"curies":[{"name":"wp","href":"https:\/\/api.w.org\/{rel}","templated":true}]}}