{"id":24439,"date":"2025-10-20T17:41:44","date_gmt":"2025-10-20T17:41:44","guid":{"rendered":"https:\/\/onderzoekschemicals.com\/?post_type=product&#038;p=24439"},"modified":"2025-10-21T16:15:03","modified_gmt":"2025-10-21T16:15:03","slug":"1p-kaufen-lsd-2","status":"publish","type":"product","link":"https:\/\/onderzoekschemicals.com\/de_at\/geschaft\/b2b\/1p-kaufen-lsd-2\/","title":{"rendered":"1P-LSD-Beutel 1 L\u00f6schblatt"},"content":{"rendered":"<h3 data-start=\"4209\" data-end=\"4230\"><strong data-start=\"4213\" data-end=\"4228\">Einf\u00fchrung<\/strong><\/h3>\n<p data-start=\"4231\" data-end=\"4639\"><strong data-start=\"4231\" data-end=\"4259\">1P-LSD-Tasche (1 L\u00f6schblatt)<\/strong> enth\u00e4lt <strong data-start=\"4266\" data-end=\"4302\">ein genau gewogenes L\u00f6schblatt<\/strong> impr\u00e4gniert mit <strong data-start=\"4321\" data-end=\"4371\">1P-LSD (1-Propionyl-Lysergs\u00e4urediethylamid)<\/strong> - Ein <strong data-start=\"4378\" data-end=\"4404\">Lysergamidverbindung<\/strong> die strukturell verwandt ist mit <strong data-start=\"4436\" data-end=\"4446\">LSD-25<\/strong>. 1p LSD kaufen<br data-start=\"4447\" data-end=\"4450\" \/>Innen <strong data-start=\"4457\" data-end=\"4498\">analytische und neurochemische Forschung<\/strong> 1P-LSD wird verwendet als <strong data-start=\"4525\" data-end=\"4543\">Referenzsubstanz<\/strong> in Studien \u00fcber <strong data-start=\"4561\" data-end=\"4580\">Rezeptorbindung<\/strong>, <strong data-start=\"4582\" data-end=\"4597\">Stoffwechsel<\/strong> Und <strong data-start=\"4601\" data-end=\"4636\">chromatographische Identifizierung<\/strong>.<\/p>\n<p data-start=\"4641\" data-end=\"4856\">Jeder L\u00f6scher wird unter <strong data-start=\"4679\" data-end=\"4724\">kontrollierte Laborbedingungen<\/strong>, sofort <strong data-start=\"4734\" data-end=\"4758\">Reinheit von \u2265 98%<\/strong>, best\u00e4tigt durch <strong data-start=\"4775\" data-end=\"4799\">HPLC- und NMR-Analyse<\/strong>und verpackt in einem <strong data-start=\"4819\" data-end=\"4853\">licht- und feuchtigkeitsbest\u00e4ndige Tasche<\/strong>.<\/p>\n<blockquote data-start=\"4858\" data-end=\"4999\">\n<p data-start=\"4860\" data-end=\"4999\">\u26a0\ufe0f <strong data-start=\"4863\" data-end=\"4874\">Hinweis:<\/strong> 1P-LSD ist nur f\u00fcr <strong data-start=\"4910\" data-end=\"4945\">Forschung und analytische Nutzung<\/strong> \u2014 <strong data-start=\"4948\" data-end=\"4996\">nicht f\u00fcr den menschlichen oder tierischen Verzehr bestimmt<\/strong>.<\/p>\n<\/blockquote>\n<hr data-start=\"5001\" data-end=\"5004\" \/>\n<h3 data-start=\"5006\" data-end=\"5037\"><strong data-start=\"5010\" data-end=\"5037\">Hauptmerkmale<\/strong><\/h3>\n<div class=\"_tableContainer_1rjym_1\">\n<div class=\"group _tableWrapper_1rjym_13 flex w-fit flex-col-reverse\" tabindex=\"-1\">\n<table class=\"w-fit min-w-(--thread-content-width)\" data-start=\"5039\" data-end=\"5602\">\n<thead data-start=\"5039\" data-end=\"5065\">\n<tr data-start=\"5039\" data-end=\"5065\">\n<th data-start=\"5039\" data-end=\"5049\" data-col-size=\"sm\">Besonderheit<\/th>\n<th data-start=\"5049\" data-end=\"5065\" data-col-size=\"md\">Beschreibung<\/th>\n<\/tr>\n<\/thead>\n<tbody data-start=\"5094\" data-end=\"5602\">\n<tr data-start=\"5094\" data-end=\"5156\">\n<td data-start=\"5094\" data-end=\"5115\" data-col-size=\"sm\"><strong data-start=\"5096\" data-end=\"5114\">Chemischer Name<\/strong><\/td>\n<td data-start=\"5115\" data-end=\"5156\" data-col-size=\"md\">1-Propionyl-Lysergs\u00e4urediethylamid<\/td>\n<\/tr>\n<tr data-start=\"5157\" data-end=\"5192\">\n<td data-start=\"5157\" data-end=\"5182\" data-col-size=\"sm\"><strong data-start=\"5159\" data-end=\"5181\">Allgemeiner Name<\/strong><\/td>\n<td data-start=\"5182\" data-end=\"5192\" data-col-size=\"md\">1P-LSD<\/td>\n<\/tr>\n<tr data-start=\"5193\" data-end=\"5231\">\n<td data-start=\"5193\" data-end=\"5217\" data-col-size=\"sm\"><strong data-start=\"5195\" data-end=\"5216\">Chemische Formel<\/strong><\/td>\n<td data-start=\"5217\" data-end=\"5231\" data-col-size=\"md\">C\u2082\u2083H\u2082\u2089N\u2083O\u2082<\/td>\n<\/tr>\n<tr data-start=\"5232\" data-end=\"5270\">\n<td data-start=\"5232\" data-end=\"5254\" data-col-size=\"sm\"><strong data-start=\"5234\" data-end=\"5253\">Molekulargewicht<\/strong><\/td>\n<td data-start=\"5254\" data-end=\"5270\" data-col-size=\"md\">379,50 g\/mol<\/td>\n<\/tr>\n<tr data-start=\"5271\" data-end=\"5302\">\n<td data-start=\"5271\" data-end=\"5282\" data-col-size=\"sm\"><strong data-start=\"5273\" data-end=\"5281\">Bilden<\/strong><\/td>\n<td data-start=\"5282\" data-end=\"5302\" data-col-size=\"md\">L\u00f6schblatt (1 St\u00fcck)<\/td>\n<\/tr>\n<tr data-start=\"5303\" data-end=\"5347\">\n<td data-start=\"5303\" data-end=\"5318\" data-col-size=\"sm\"><strong data-start=\"5305\" data-end=\"5317\">Dosierung<\/strong><\/td>\n<td data-start=\"5318\" data-end=\"5347\" data-col-size=\"md\">1 L\u00f6schblatt (normalerweise 100\u00b5g)<\/td>\n<\/tr>\n<tr data-start=\"5348\" data-end=\"5399\">\n<td data-start=\"5348\" data-end=\"5365\" data-col-size=\"sm\"><strong data-start=\"5350\" data-end=\"5364\">Reinheit<\/strong><\/td>\n<td data-start=\"5365\" data-end=\"5399\" data-col-size=\"md\">\u2265 98% (getestet mittels HPLC und NMR)<\/td>\n<\/tr>\n<tr data-start=\"5400\" data-end=\"5458\">\n<td data-start=\"5400\" data-end=\"5423\" data-col-size=\"sm\"><strong data-start=\"5402\" data-end=\"5422\">Chemische Klasse<\/strong><\/td>\n<td data-start=\"5423\" data-end=\"5458\" data-col-size=\"md\">Lysergamid \/ Ergolin-Derivat<\/td>\n<\/tr>\n<tr data-start=\"5459\" data-end=\"5538\">\n<td data-start=\"5459\" data-end=\"5473\" data-col-size=\"sm\"><strong data-start=\"5461\" data-end=\"5472\">Verwendung<\/strong><\/td>\n<td data-start=\"5473\" data-end=\"5538\" data-col-size=\"md\">Nur f\u00fcr analytische, forensische und neurochemische Forschung<\/td>\n<\/tr>\n<tr data-start=\"5539\" data-end=\"5602\">\n<td data-start=\"5539\" data-end=\"5556\" data-col-size=\"sm\"><strong data-start=\"5541\" data-end=\"5555\">Verpackung<\/strong><\/td>\n<td data-start=\"5556\" data-end=\"5602\" data-col-size=\"md\">Licht- und feuchtigkeitsbest\u00e4ndige Folienverpackung<\/td>\n<\/tr>\n<\/tbody>\n<\/table>\n<\/div>\n<\/div>\n<hr data-start=\"5604\" data-end=\"5607\" \/>\n<h3 data-start=\"5609\" data-end=\"5626\"><strong data-start=\"5613\" data-end=\"5626\">Vorteile<\/strong><\/h3>\n<ul data-start=\"5628\" data-end=\"6044\">\n<li data-start=\"5628\" data-end=\"5720\">\n<p data-start=\"5630\" data-end=\"5720\"><strong data-start=\"5630\" data-end=\"5649\">Hohe Reinheit<\/strong> \u2013 \u2265 98% Laborqualit\u00e4t f\u00fcr zuverl\u00e4ssige Forschungsergebnisse.<\/p>\n<\/li>\n<li data-start=\"5721\" data-end=\"5794\">\n<p data-start=\"5723\" data-end=\"5794\"><strong data-start=\"5723\" data-end=\"5747\">Genaue Dosierung<\/strong> \u2013 Jeder L\u00f6scher enth\u00e4lt genau abgemessenes 1P-LSD.<\/p>\n<\/li>\n<li data-start=\"5795\" data-end=\"5880\">\n<p data-start=\"5797\" data-end=\"5880\"><strong data-start=\"5797\" data-end=\"5822\">Schutzverpackung<\/strong> \u2013 Lichtdicht und feuchtigkeitsbest\u00e4ndig f\u00fcr lange Haltbarkeit.<\/p>\n<\/li>\n<li data-start=\"5881\" data-end=\"5965\">\n<p data-start=\"5883\" data-end=\"5965\"><strong data-start=\"5883\" data-end=\"5907\">Vollst\u00e4ndig r\u00fcckverfolgbar<\/strong> \u2013 Produktion unter kontrollierten Laborbedingungen.<\/p>\n<\/li>\n<li data-start=\"5966\" data-end=\"6044\">\n<p data-start=\"5968\" data-end=\"6044\"><strong data-start=\"5968\" data-end=\"5998\">Breiter Forschungsumfang<\/strong> Geeignet f\u00fcr GC\/MS, LC-MS, FTIR und HPLC. Kaufen Sie 1p LSD<\/p>\n<\/li>\n<\/ul>\n<hr data-start=\"6046\" data-end=\"6049\" \/>\n<h3 data-start=\"6051\" data-end=\"6103\"><strong data-start=\"6055\" data-end=\"6101\">Verwendung (nur f\u00fcr Forschungszwecke)<\/strong><\/h3>\n<ol data-start=\"6105\" data-end=\"6490\">\n<li data-start=\"6105\" data-end=\"6198\">\n<p data-start=\"6108\" data-end=\"6198\"><strong data-start=\"6108\" data-end=\"6123\">Handhabung:<\/strong> Tragen Sie Handschuhe, eine Schutzbrille und einen Laborkittel und vermeiden Sie direkten Kontakt.<\/p>\n<\/li>\n<li data-start=\"6199\" data-end=\"6274\">\n<p data-start=\"6202\" data-end=\"6274\"><strong data-start=\"6202\" data-end=\"6215\">Ma\u00dfe:<\/strong> Notieren Sie Dosierung, Chargennummer und Reinheit f\u00fcr die Analyse.<\/p>\n<\/li>\n<li data-start=\"6275\" data-end=\"6329\">\n<p data-start=\"6278\" data-end=\"6329\"><strong data-start=\"6278\" data-end=\"6289\">Lagerung:<\/strong> K\u00fchl (2\u20138 \u00b0C), trocken und dunkel lagern.<\/p>\n<\/li>\n<li data-start=\"6330\" data-end=\"6413\">\n<p data-start=\"6333\" data-end=\"6413\"><strong data-start=\"6333\" data-end=\"6345\">Analyse:<\/strong> Geeignet f\u00fcr Chromatographie, Spektroskopie und Rezeptorforschung.<\/p>\n<\/li>\n<li data-start=\"6414\" data-end=\"6490\">\n<p data-start=\"6417\" data-end=\"6490\"><strong data-start=\"6417\" data-end=\"6434\">Dokumentation:<\/strong> Zeichnen Sie Forschungsergebnisse auf, um die Wiederholbarkeit zu gew\u00e4hrleisten.<\/p>\n<\/li>\n<\/ol>\n<hr data-start=\"6492\" data-end=\"6495\" \/>\n<h3 data-start=\"6497\" data-end=\"6532\"><strong data-start=\"6501\" data-end=\"6530\">H\u00e4ufig gestellte Fragen (FAQ)<\/strong><\/h3>\n<p data-start=\"6534\" data-end=\"6725\"><strong data-start=\"6534\" data-end=\"6555\">1. Was ist 1P-LSD?<\/strong><br data-start=\"6555\" data-end=\"6558\" \/><strong data-start=\"6558\" data-end=\"6568\">1P-LSD<\/strong> ist ein <strong data-start=\"6576\" data-end=\"6602\">Lysergamidverbindung<\/strong> welches strukturell mit LSD-25 verwandt ist und zur Erforschung der Rezeptorbindung und neurochemischer Prozesse verwendet wird.<\/p>\n<p data-start=\"6727\" data-end=\"6884\"><strong data-start=\"6727\" data-end=\"6777\">2. Was ist im 1P-LSD-Beutel (1 L\u00f6schblatt) enthalten?<\/strong><br data-start=\"6777\" data-end=\"6780\" \/>Die Tasche enth\u00e4lt <strong data-start=\"6796\" data-end=\"6841\">ein Blotter mit 1P-LSD (\u2265 98% Reinheit)<\/strong> f\u00fcr analytische und forensische Forschung.<\/p>\n<p data-start=\"6886\" data-end=\"7100\"><strong data-start=\"6886\" data-end=\"6926\">3. Ist der Kauf von 1P-LSD legal?<\/strong><br data-start=\"6926\" data-end=\"6929\" \/>Der <strong data-start=\"6932\" data-end=\"6957\">Legalit\u00e4t von 1P-LSD<\/strong> variiert je nach Land. In einigen L\u00e4ndern gilt es als kontrollierte Substanz. \u00dcberpr\u00fcfen Sie immer die \u00f6rtlichen Vorschriften, bevor Sie es verwenden <strong data-start=\"7081\" data-end=\"7097\">1P-LSD kaufen<\/strong>.<\/p>\n<div class=\"markdown-table-wrapper\"><\/div>","protected":false},"excerpt":{"rendered":"<h2><strong><span dir=\"auto\" style=\"vertical-align: inherit;\"><span dir=\"auto\" style=\"vertical-align: inherit;\">1P-LSD-Tasche mit 1 L\u00f6schblatt<\/span><\/span><\/strong><\/h2>\n<ul>\n<li><strong><span dir=\"auto\" style=\"vertical-align: inherit;\"><span dir=\"auto\" style=\"vertical-align: inherit;\">Einzelhandelsverpackung<\/span><\/span><br \/>\n<\/strong><\/li>\n<li><strong><span dir=\"auto\" style=\"vertical-align: inherit;\"><span dir=\"auto\" style=\"vertical-align: inherit;\">Anzahl L\u00f6schbl\u00e4tter pro Beutel: 1<\/span><\/span><\/strong><\/li>\n<li><strong><span dir=\"auto\" style=\"vertical-align: inherit;\"><span dir=\"auto\" style=\"vertical-align: inherit;\">Preise ohne 21% Mehrwertsteuer<\/span><\/span><\/strong><\/li>\n<li><strong><span dir=\"auto\" style=\"vertical-align: inherit;\"><span dir=\"auto\" style=\"vertical-align: inherit;\">Unverbindliche Preisempfehlung: 10,00 \u20ac inkl. MwSt.<\/span><\/span><\/strong><\/li>\n<\/ul>","protected":false},"featured_media":21565,"comment_status":"closed","ping_status":"closed","template":"","meta":[],"product_brand":[],"product_cat":[555],"product_tag":[929,926,590,326],"class_list":{"0":"post-24439","1":"product","2":"type-product","3":"status-publish","4":"has-post-thumbnail","6":"product_cat-b2b","7":"product_tag-1p-lsd","8":"product_tag-1p-lsd-kopen","9":"product_tag-microdose-1p-lsd","10":"product_tag-nl","12":"first","13":"instock","14":"taxable","15":"shipping-taxable","16":"purchasable","17":"product-type-variable"},"_links":{"self":[{"href":"https:\/\/onderzoekschemicals.com\/de_at\/wp-json\/wp\/v2\/product\/24439","targetHints":{"allow":["GET"]}}],"collection":[{"href":"https:\/\/onderzoekschemicals.com\/de_at\/wp-json\/wp\/v2\/product"}],"about":[{"href":"https:\/\/onderzoekschemicals.com\/de_at\/wp-json\/wp\/v2\/types\/product"}],"replies":[{"embeddable":true,"href":"https:\/\/onderzoekschemicals.com\/de_at\/wp-json\/wp\/v2\/comments?post=24439"}],"version-history":[{"count":5,"href":"https:\/\/onderzoekschemicals.com\/de_at\/wp-json\/wp\/v2\/product\/24439\/revisions"}],"predecessor-version":[{"id":27790,"href":"https:\/\/onderzoekschemicals.com\/de_at\/wp-json\/wp\/v2\/product\/24439\/revisions\/27790"}],"wp:featuredmedia":[{"embeddable":true,"href":"https:\/\/onderzoekschemicals.com\/de_at\/wp-json\/wp\/v2\/media\/21565"}],"wp:attachment":[{"href":"https:\/\/onderzoekschemicals.com\/de_at\/wp-json\/wp\/v2\/media?parent=24439"}],"wp:term":[{"taxonomy":"product_brand","embeddable":true,"href":"https:\/\/onderzoekschemicals.com\/de_at\/wp-json\/wp\/v2\/product_brand?post=24439"},{"taxonomy":"product_cat","embeddable":true,"href":"https:\/\/onderzoekschemicals.com\/de_at\/wp-json\/wp\/v2\/product_cat?post=24439"},{"taxonomy":"product_tag","embeddable":true,"href":"https:\/\/onderzoekschemicals.com\/de_at\/wp-json\/wp\/v2\/product_tag?post=24439"}],"curies":[{"name":"wp","href":"https:\/\/api.w.org\/{rel}","templated":true}]}}