{"id":24336,"date":"2025-04-13T17:41:30","date_gmt":"2025-04-13T17:41:30","guid":{"rendered":"https:\/\/onderzoekschemicals.com\/?post_type=product&#038;p=24336"},"modified":"2025-10-12T14:10:58","modified_gmt":"2025-10-12T14:10:58","slug":"dmxe-ervaring","status":"publish","type":"product","link":"https:\/\/onderzoekschemicals.com\/de_at\/shop\/b2b\/dmxe-ervaring\/","title":{"rendered":"RC+ D-MEX 40 mg Blisterpackung"},"content":{"rendered":"<h3 data-start=\"4145\" data-end=\"4166\"><strong data-start=\"4149\" data-end=\"4164\">Einf\u00fchrung<\/strong><\/h3>\n<p data-start=\"4167\" data-end=\"4538\"><strong data-start=\"4167\" data-end=\"4193\">RC+ D-MEX 40 mg Blisterpackung<\/strong> enth\u00e4lt <strong data-start=\"4200\" data-end=\"4242\">40 Milligramm DMXE (Desoxymethoxetamin)<\/strong> - Ein <strong data-start=\"4249\" data-end=\"4282\">Arylcyclohexylaminverbindung<\/strong> was im Zusammenhang steht mit <strong data-start=\"4302\" data-end=\"4325\">MXE (Methoxetamin)<\/strong> Und <strong data-start=\"4329\" data-end=\"4341\">Ketamin<\/strong>. DMXE-Erfahrung<br data-start=\"4342\" data-end=\"4345\" \/>Es wird verwendet in <strong data-start=\"4367\" data-end=\"4405\">forensische und analytische Forschung<\/strong> Zu <strong data-start=\"4409\" data-end=\"4437\">NMDA-Rezeptor-Interaktionen<\/strong>, <strong data-start=\"4439\" data-end=\"4481\">Struktur-Wirkungs-Beziehungen (SAR)<\/strong> Und <strong data-start=\"4485\" data-end=\"4520\">chromatographische Eigenschaften<\/strong> zu untersuchen.<\/p>\n<p data-start=\"4540\" data-end=\"4822\">Jedes Pellet enth\u00e4lt <strong data-start=\"4558\" data-end=\"4571\">40 mg \u00b1 2 mg<\/strong> und wird produziert unter <strong data-start=\"4600\" data-end=\"4645\">kontrollierte Laborbedingungen<\/strong>.<br data-start=\"4646\" data-end=\"4649\" \/>Jede Charge hat eine <strong data-start=\"4670\" data-end=\"4694\">Reinheit von \u2265 98%<\/strong>, best\u00e4tigt durch <strong data-start=\"4710\" data-end=\"4725\">HPLC und NMR<\/strong>Die Pellets sind <strong data-start=\"4743\" data-end=\"4777\">in Blisterpackung versiegelt<\/strong> um Stabilit\u00e4t und Qualit\u00e4t zu gew\u00e4hrleisten.<\/p>\n<blockquote data-start=\"4824\" data-end=\"4968\">\n<p data-start=\"4826\" data-end=\"4968\">\u26a0\ufe0f <strong data-start=\"4829\" data-end=\"4840\">Hinweis:<\/strong> RC+ D-MEX ist ausschlie\u00dflich bestimmt f\u00fcr <strong data-start=\"4879\" data-end=\"4914\">Forschung und analytische Nutzung<\/strong> \u2014 <strong data-start=\"4917\" data-end=\"4966\">nicht f\u00fcr den menschlichen oder tierischen Verzehr bestimmt.<\/strong><\/p>\n<\/blockquote>\n<hr data-start=\"4970\" data-end=\"4973\" \/>\n<h3 data-start=\"4975\" data-end=\"5006\"><strong data-start=\"4979\" data-end=\"5006\">Hauptmerkmale<\/strong><\/h3>\n<div class=\"_tableContainer_1rjym_1\">\n<div class=\"group _tableWrapper_1rjym_13 flex w-fit flex-col-reverse\" tabindex=\"-1\">\n<table class=\"w-fit min-w-(--thread-content-width)\" data-start=\"5008\" data-end=\"5627\">\n<thead data-start=\"5008\" data-end=\"5034\">\n<tr data-start=\"5008\" data-end=\"5034\">\n<th data-start=\"5008\" data-end=\"5018\" data-col-size=\"sm\">Besonderheit<\/th>\n<th data-start=\"5018\" data-end=\"5034\" data-col-size=\"md\">Beschreibung<\/th>\n<\/tr>\n<\/thead>\n<tbody data-start=\"5063\" data-end=\"5627\">\n<tr data-start=\"5063\" data-end=\"5120\">\n<td data-start=\"5063\" data-end=\"5084\" data-col-size=\"sm\"><strong data-start=\"5065\" data-end=\"5083\">Chemischer Name<\/strong><\/td>\n<td data-start=\"5084\" data-end=\"5120\" data-col-size=\"md\">Desoxymethoxetaminhydrochlorid<\/td>\n<\/tr>\n<tr data-start=\"5121\" data-end=\"5162\">\n<td data-start=\"5121\" data-end=\"5146\" data-col-size=\"sm\"><strong data-start=\"5123\" data-end=\"5145\">Allgemeiner Name<\/strong><\/td>\n<td data-start=\"5146\" data-end=\"5162\" data-col-size=\"md\">D-MEX \/ DMXE<\/td>\n<\/tr>\n<tr data-start=\"5163\" data-end=\"5203\">\n<td data-start=\"5163\" data-end=\"5187\" data-col-size=\"sm\"><strong data-start=\"5165\" data-end=\"5186\">Chemische Formel<\/strong><\/td>\n<td data-start=\"5187\" data-end=\"5203\" data-col-size=\"md\">C\u2081\u2085H\u2082\u2081NO\u00b7HCl<\/td>\n<\/tr>\n<tr data-start=\"5204\" data-end=\"5242\">\n<td data-start=\"5204\" data-end=\"5226\" data-col-size=\"sm\"><strong data-start=\"5206\" data-end=\"5225\">Molekulargewicht<\/strong><\/td>\n<td data-start=\"5226\" data-end=\"5242\" data-col-size=\"md\">267,79 g\/mol<\/td>\n<\/tr>\n<tr data-start=\"5243\" data-end=\"5277\">\n<td data-start=\"5243\" data-end=\"5258\" data-col-size=\"sm\"><strong data-start=\"5245\" data-end=\"5257\">Dosierung<\/strong><\/td>\n<td data-start=\"5258\" data-end=\"5277\" data-col-size=\"md\">40 mg pro Pellet<\/td>\n<\/tr>\n<tr data-start=\"5278\" data-end=\"5325\">\n<td data-start=\"5278\" data-end=\"5289\" data-col-size=\"sm\"><strong data-start=\"5280\" data-end=\"5288\">Bilden<\/strong><\/td>\n<td data-start=\"5289\" data-end=\"5325\" data-col-size=\"md\">Festes Pellet (Blisterpackung)<\/td>\n<\/tr>\n<tr data-start=\"5326\" data-end=\"5377\">\n<td data-start=\"5326\" data-end=\"5343\" data-col-size=\"sm\"><strong data-start=\"5328\" data-end=\"5342\">Reinheit<\/strong><\/td>\n<td data-start=\"5343\" data-end=\"5377\" data-col-size=\"md\">\u2265 98% (getestet mittels HPLC und NMR)<\/td>\n<\/tr>\n<tr data-start=\"5378\" data-end=\"5448\">\n<td data-start=\"5378\" data-end=\"5401\" data-col-size=\"sm\"><strong data-start=\"5380\" data-end=\"5400\">Chemische Klasse<\/strong><\/td>\n<td data-start=\"5401\" data-end=\"5448\" data-col-size=\"md\">Arylcyclohexylamin \/ Dissoziatives Analogon<\/td>\n<\/tr>\n<tr data-start=\"5449\" data-end=\"5528\">\n<td data-start=\"5449\" data-end=\"5463\" data-col-size=\"sm\"><strong data-start=\"5451\" data-end=\"5462\">Verwendung<\/strong><\/td>\n<td data-start=\"5463\" data-end=\"5528\" data-col-size=\"md\">Nur f\u00fcr analytische, forensische und neurochemische Forschung<\/td>\n<\/tr>\n<tr data-start=\"5529\" data-end=\"5578\">\n<td data-start=\"5529\" data-end=\"5546\" data-col-size=\"sm\"><strong data-start=\"5531\" data-end=\"5545\">Verpackung<\/strong><\/td>\n<td data-start=\"5546\" data-end=\"5578\" data-col-size=\"md\">Blisterstreifen mit Siegel<\/td>\n<\/tr>\n<tr data-start=\"5579\" data-end=\"5627\">\n<td data-start=\"5579\" data-end=\"5597\" data-col-size=\"sm\"><strong data-start=\"5581\" data-end=\"5596\">Menge<\/strong><\/td>\n<td data-start=\"5597\" data-end=\"5627\" data-col-size=\"md\">1 Blister mit 40 mg Pellets<\/td>\n<\/tr>\n<\/tbody>\n<\/table>\n<\/div>\n<\/div>\n<hr data-start=\"5629\" data-end=\"5632\" \/>\n<h3 data-start=\"5634\" data-end=\"5651\"><strong data-start=\"5638\" data-end=\"5651\">Vorteile<\/strong><\/h3>\n<ul data-start=\"5653\" data-end=\"6019\">\n<li data-start=\"5653\" data-end=\"5707\">\n<p data-start=\"5655\" data-end=\"5707\"><strong data-start=\"5655\" data-end=\"5674\">Hohe Reinheit<\/strong> \u2013 \u2265 98% Laborqualit\u00e4t.<\/p>\n<\/li>\n<li data-start=\"5708\" data-end=\"5783\">\n<p data-start=\"5710\" data-end=\"5783\"><strong data-start=\"5710\" data-end=\"5734\">Pr\u00e4zise dosiert<\/strong> \u2013 40 mg pro Pellet f\u00fcr gleichbleibende Ergebnisse.<\/p>\n<\/li>\n<li data-start=\"5784\" data-end=\"5862\">\n<p data-start=\"5786\" data-end=\"5862\"><strong data-start=\"5786\" data-end=\"5808\">Sichere Verpackung<\/strong> \u2013 Blisterverpackung sch\u00fctzt vor Licht und Feuchtigkeit.<\/p>\n<\/li>\n<li data-start=\"5863\" data-end=\"5941\">\n<p data-start=\"5865\" data-end=\"5941\"><strong data-start=\"5865\" data-end=\"5895\">Breiter Forschungsumfang<\/strong> \u2013 Geeignet f\u00fcr GC\/MS, LC-MS, FTIR und HPLC.<\/p>\n<\/li>\n<li data-start=\"5942\" data-end=\"6019\">\n<p data-start=\"5944\" data-end=\"6019\"><strong data-start=\"5944\" data-end=\"5978\">R\u00fcckverfolgbare Qualit\u00e4tskontrolle<\/strong> \u2013 Jede Charge gepr\u00fcft und dokumentiert.<\/p>\n<\/li>\n<\/ul>\n<hr data-start=\"6021\" data-end=\"6024\" \/>\n<h3 data-start=\"6026\" data-end=\"6078\"><strong data-start=\"6030\" data-end=\"6076\">Verwendung (nur f\u00fcr Forschungszwecke)<\/strong><\/h3>\n<ol data-start=\"6080\" data-end=\"6397\">\n<li data-start=\"6080\" data-end=\"6149\">\n<p data-start=\"6083\" data-end=\"6149\"><strong data-start=\"6083\" data-end=\"6098\">Handhabung:<\/strong> Tragen Sie Handschuhe, eine Schutzbrille und einen Laborkittel.<\/p>\n<\/li>\n<li data-start=\"6150\" data-end=\"6212\">\n<p data-start=\"6153\" data-end=\"6212\"><strong data-start=\"6153\" data-end=\"6166\">Ma\u00dfe:<\/strong> Beachten Sie Chargennummer, Dosierung und Reinheit.<\/p>\n<\/li>\n<li data-start=\"6213\" data-end=\"6267\">\n<p data-start=\"6216\" data-end=\"6267\"><strong data-start=\"6216\" data-end=\"6227\">Lagerung:<\/strong> K\u00fchl (2\u20138 \u00b0C), trocken und dunkel lagern.<\/p>\n<\/li>\n<li data-start=\"6268\" data-end=\"6332\">\n<p data-start=\"6271\" data-end=\"6332\"><strong data-start=\"6271\" data-end=\"6283\">Analyse:<\/strong> Geeignet f\u00fcr Chromatographie und Spektroskopie.<\/p>\n<\/li>\n<li data-start=\"6333\" data-end=\"6397\">\n<p data-start=\"6336\" data-end=\"6397\"><strong data-start=\"6336\" data-end=\"6353\">Dokumentation:<\/strong> Ergebnisse und Analysemethoden aufzeichnen.<\/p>\n<\/li>\n<\/ol>\n<hr data-start=\"6399\" data-end=\"6402\" \/>\n<h3 data-start=\"6404\" data-end=\"6439\"><strong data-start=\"6408\" data-end=\"6437\">H\u00e4ufig gestellte Fragen (FAQ)<\/strong><\/h3>\n<p data-start=\"6441\" data-end=\"6611\"><strong data-start=\"6441\" data-end=\"6472\">1. Was ist RC+ D-MEX (DMXE)?<\/strong><br data-start=\"6472\" data-end=\"6475\" \/>A <strong data-start=\"6479\" data-end=\"6503\">Forschungssubstanz<\/strong> aus dem <strong data-start=\"6511\" data-end=\"6540\">Arylcyclohexylamin-Klasse<\/strong>, verwandt mit MXE, wird zur Erforschung der NMDA-Rezeptorbindung verwendet.<\/p>\n<p data-start=\"6613\" data-end=\"6736\"><strong data-start=\"6613\" data-end=\"6653\">2. Wie ist die Reinheit und Dosierung?<\/strong><br data-start=\"6653\" data-end=\"6656\" \/>Jedes Pellet enth\u00e4lt <strong data-start=\"6674\" data-end=\"6706\">40 mg DMXE (\u2265 98% Reinheit)<\/strong>, best\u00e4tigt durch HPLC und NMR.<\/p>\n<p data-start=\"6738\" data-end=\"6901\"><strong data-start=\"6738\" data-end=\"6781\">3. Ist der Kauf von RC+ D-MEX legal?<\/strong><br data-start=\"6781\" data-end=\"6784\" \/>Der <strong data-start=\"6787\" data-end=\"6810\">Legalit\u00e4t von DMXE<\/strong> ist je nach Land unterschiedlich. \u00dcberpr\u00fcfen Sie vor der Verwendung immer die \u00f6rtlichen Vorschriften <strong data-start=\"6879\" data-end=\"6898\">RC+ D-MEX kauft<\/strong>.<\/p>","protected":false},"excerpt":{"rendered":"<p><span dir=\"auto\" style=\"vertical-align: inherit;\"><span dir=\"auto\" style=\"vertical-align: inherit;\">RC+ D-MEX 40 mg Blisterpackung<\/span><\/span><\/p>\n<p><span dir=\"auto\" style=\"vertical-align: inherit;\"><span dir=\"auto\" style=\"vertical-align: inherit;\">CAS-Nummer: 681440-83-5 <\/span><\/span><br \/>\n<span dir=\"auto\" style=\"vertical-align: inherit;\"><span dir=\"auto\" style=\"vertical-align: inherit;\">Formel: 5-Dehydro-1,3-chinodimethan <\/span><\/span><br \/>\n<span dir=\"auto\" style=\"vertical-align: inherit;\"><span dir=\"auto\" style=\"vertical-align: inherit;\">Molare Masse: 103,14 g\/mol <\/span><\/span><br \/>\n<span dir=\"auto\" style=\"vertical-align: inherit;\"><span dir=\"auto\" style=\"vertical-align: inherit;\">Reinheit: &gt;97%<\/span><\/span><\/p>","protected":false},"featured_media":21438,"comment_status":"closed","ping_status":"closed","template":"","meta":[],"product_brand":[82],"product_cat":[555],"product_tag":[295,828,300,297,296,326,299],"class_list":{"0":"post-24336","1":"product","2":"type-product","3":"status-publish","4":"has-post-thumbnail","6":"product_brand-research-chemical","7":"product_cat-b2b","8":"product_tag-dmxe","9":"product_tag-dmxe-dosage","10":"product_tag-dmxe-duration","11":"product_tag-dmxe-ervaring","12":"product_tag-dmxe-psychonaut","13":"product_tag-nl","14":"product_tag-what-is-dmxe","16":"first","17":"instock","18":"taxable","19":"shipping-taxable","20":"purchasable","21":"product-type-variable"},"_links":{"self":[{"href":"https:\/\/onderzoekschemicals.com\/de_at\/wp-json\/wp\/v2\/product\/24336","targetHints":{"allow":["GET"]}}],"collection":[{"href":"https:\/\/onderzoekschemicals.com\/de_at\/wp-json\/wp\/v2\/product"}],"about":[{"href":"https:\/\/onderzoekschemicals.com\/de_at\/wp-json\/wp\/v2\/types\/product"}],"replies":[{"embeddable":true,"href":"https:\/\/onderzoekschemicals.com\/de_at\/wp-json\/wp\/v2\/comments?post=24336"}],"version-history":[{"count":4,"href":"https:\/\/onderzoekschemicals.com\/de_at\/wp-json\/wp\/v2\/product\/24336\/revisions"}],"predecessor-version":[{"id":27808,"href":"https:\/\/onderzoekschemicals.com\/de_at\/wp-json\/wp\/v2\/product\/24336\/revisions\/27808"}],"wp:featuredmedia":[{"embeddable":true,"href":"https:\/\/onderzoekschemicals.com\/de_at\/wp-json\/wp\/v2\/media\/21438"}],"wp:attachment":[{"href":"https:\/\/onderzoekschemicals.com\/de_at\/wp-json\/wp\/v2\/media?parent=24336"}],"wp:term":[{"taxonomy":"product_brand","embeddable":true,"href":"https:\/\/onderzoekschemicals.com\/de_at\/wp-json\/wp\/v2\/product_brand?post=24336"},{"taxonomy":"product_cat","embeddable":true,"href":"https:\/\/onderzoekschemicals.com\/de_at\/wp-json\/wp\/v2\/product_cat?post=24336"},{"taxonomy":"product_tag","embeddable":true,"href":"https:\/\/onderzoekschemicals.com\/de_at\/wp-json\/wp\/v2\/product_tag?post=24336"}],"curies":[{"name":"wp","href":"https:\/\/api.w.org\/{rel}","templated":true}]}}