{"id":24185,"date":"2025-04-13T17:41:13","date_gmt":"2025-04-13T17:41:13","guid":{"rendered":"https:\/\/onderzoekschemicals.com\/?post_type=product&#038;p=24185"},"modified":"2025-10-12T20:28:18","modified_gmt":"2025-10-12T20:28:18","slug":"flubrotizolam-half-life","status":"publish","type":"product","link":"https:\/\/onderzoekschemicals.com\/de_at\/shop\/b2b\/flubrotizolam-half-life\/","title":{"rendered":"RC+ Fluborizolam 0,5 MG Schachtel"},"content":{"rendered":"<h2 data-start=\"3808\" data-end=\"3834\"><strong data-start=\"3811\" data-end=\"3834\">Produktbeschreibung<\/strong><\/h2>\n<p data-start=\"3836\" data-end=\"4166\"><strong data-start=\"3836\" data-end=\"3868\">RC+ Fluborizolam 0,5 MG Schachtel<\/strong> enth\u00e4lt <strong data-start=\"3875\" data-end=\"3904\">hochreines Fluborizolam<\/strong>, eine Verbindung vom <strong data-start=\"3928\" data-end=\"3961\">Thienotriazolodiazepin-Klasse<\/strong>, entwickelt f\u00fcr <strong data-start=\"3979\" data-end=\"4032\">toxikologische, analytische und forensische Forschung<\/strong>.<br data-start=\"4033\" data-end=\"4036\" \/>Es ist Teil der <strong data-start=\"4062\" data-end=\"4085\">RC+ Forschungsreihe<\/strong>, bekannt f\u00fcr seine <strong data-start=\"4102\" data-end=\"4163\">standardisierte Rezepturen und gleichbleibende Qualit\u00e4t<\/strong>.<\/p>\n<p data-start=\"4168\" data-end=\"4325\">Jede Box enth\u00e4lt <strong data-start=\"4183\" data-end=\"4225\">0,5 mg Pellets mit Forschungsreinheit<\/strong>, hergestellt unter kontrollierten Laborbedingungen gem\u00e4\u00df europ\u00e4ischen Sicherheitsstandards.<\/p>\n<p data-start=\"4327\" data-end=\"4463\">\u26a0\ufe0f <strong data-start=\"4330\" data-end=\"4341\">Hinweis:<\/strong> Dieses Produkt ist <strong data-start=\"4357\" data-end=\"4406\">nur f\u00fcr Forschungszwecke bestimmt<\/strong> Und <strong data-start=\"4410\" data-end=\"4462\">nicht f\u00fcr den menschlichen oder tierischen Gebrauch geeignet<\/strong>.<\/p>\n<hr data-start=\"4465\" data-end=\"4468\" \/>\n<h2 data-start=\"4470\" data-end=\"4500\"><strong data-start=\"4473\" data-end=\"4500\">Hauptmerkmale<\/strong><\/h2>\n<ul data-start=\"4502\" data-end=\"4872\">\n<li data-start=\"4502\" data-end=\"4567\">\n<p data-start=\"4504\" data-end=\"4567\"><strong data-start=\"4504\" data-end=\"4524\">Hohe Reinheit:<\/strong> Hergestellt nach Laborstandards.<\/p>\n<\/li>\n<li data-start=\"4568\" data-end=\"4648\">\n<p data-start=\"4570\" data-end=\"4648\"><strong data-start=\"4570\" data-end=\"4602\">Standardisierte Dosierung:<\/strong> 0,5 mg pro Pellet f\u00fcr eine genaue Analyse.<\/p>\n<\/li>\n<li data-start=\"4649\" data-end=\"4714\">\n<p data-start=\"4651\" data-end=\"4714\"><strong data-start=\"4651\" data-end=\"4676\">Stabile Formulierung:<\/strong> Best\u00e4ndig gegen chemischen Abbau.<\/p>\n<\/li>\n<li data-start=\"4715\" data-end=\"4786\">\n<p data-start=\"4717\" data-end=\"4786\"><strong data-start=\"4717\" data-end=\"4740\">Sichere Verpackung:<\/strong> Luftdicht und gegen Verunreinigungen versiegelt.<\/p>\n<\/li>\n<li data-start=\"4787\" data-end=\"4872\">\n<p data-start=\"4789\" data-end=\"4872\"><strong data-start=\"4789\" data-end=\"4816\">Gem\u00e4\u00df den EU-Vorschriften:<\/strong> Hergestellt nach europ\u00e4ischen Sicherheitsrichtlinien.<\/p>\n<\/li>\n<\/ul>\n<hr data-start=\"4874\" data-end=\"4877\" \/>\n<h2 data-start=\"4879\" data-end=\"4913\"><strong data-start=\"4882\" data-end=\"4913\">Vorteile f\u00fcr Forscher<\/strong><\/h2>\n<ul data-start=\"4915\" data-end=\"5186\">\n<li data-start=\"4915\" data-end=\"4975\">\n<p data-start=\"4917\" data-end=\"4975\">Passend f\u00fcr <strong data-start=\"4931\" data-end=\"4972\">forensische und toxikologische Forschung<\/strong>.<\/p>\n<\/li>\n<li data-start=\"4976\" data-end=\"5049\">\n<p data-start=\"4978\" data-end=\"5049\">Unterst\u00fctzt <strong data-start=\"4990\" data-end=\"5026\">Entwicklung analytischer Methoden<\/strong> (LC-MS, GC-MS, NMR).<\/p>\n<\/li>\n<li data-start=\"5050\" data-end=\"5114\">\n<p data-start=\"5052\" data-end=\"5114\">Angebote <strong data-start=\"5058\" data-end=\"5080\">Referenzproben<\/strong> zum Vergleich und zur Validierung.<\/p>\n<\/li>\n<li data-start=\"5115\" data-end=\"5186\">\n<p data-start=\"5117\" data-end=\"5186\">Bietet <strong data-start=\"5128\" data-end=\"5183\">reproduzierbare und zuverl\u00e4ssige Forschungsergebnisse<\/strong>.<\/p>\n<\/li>\n<\/ul>\n<hr data-start=\"5188\" data-end=\"5191\" \/>\n<h2 data-start=\"5193\" data-end=\"5227\"><strong data-start=\"5196\" data-end=\"5227\">Verwendung (Forschungskontext)<\/strong><\/h2>\n<ol data-start=\"5229\" data-end=\"5446\">\n<li data-start=\"5229\" data-end=\"5274\">\n<p data-start=\"5232\" data-end=\"5274\">Nur in akkreditierten Laboren verwenden.<\/p>\n<\/li>\n<li data-start=\"5275\" data-end=\"5335\">\n<p data-start=\"5278\" data-end=\"5335\">Tragen Sie Handschuhe, eine Schutzbrille und einen Laborkittel.<\/p>\n<\/li>\n<li data-start=\"5336\" data-end=\"5383\">\n<p data-start=\"5339\" data-end=\"5383\">K\u00fchl, trocken und dunkel (unter 25\u00b0C) lagern.<\/p>\n<\/li>\n<li data-start=\"5384\" data-end=\"5446\">\n<p data-start=\"5387\" data-end=\"5446\">Entsorgen Sie Reste gem\u00e4\u00df den \u00f6rtlichen Sicherheitsvorschriften.<\/p>\n<\/li>\n<\/ol>\n<blockquote data-start=\"5448\" data-end=\"5546\">\n<p data-start=\"5450\" data-end=\"5546\"><strong data-start=\"5450\" data-end=\"5461\">Hinweis:<\/strong> <em data-start=\"5462\" data-end=\"5492\">RC+ Fluborizolam 0,5 MG Schachtel<\/em> Ist <strong data-start=\"5496\" data-end=\"5545\">nur f\u00fcr Forschungszwecke bestimmt<\/strong>.<\/p>\n<\/blockquote>\n<hr data-start=\"5548\" data-end=\"5551\" \/>\n<h2 data-start=\"5553\" data-end=\"5587\"><strong data-start=\"5556\" data-end=\"5587\">H\u00e4ufig gestellte Fragen (FAQs)<\/strong><\/h2>\n<p data-start=\"5589\" data-end=\"5761\"><strong data-start=\"5589\" data-end=\"5638\">1. Wof\u00fcr wird RC+ Fluborizolam angewendet?<\/strong><br data-start=\"5638\" data-end=\"5641\" \/>RC+ Fluborizolam wird angewendet bei <strong data-start=\"5679\" data-end=\"5717\">analytische und forensische Forschung<\/strong> zu Thienotriazolodiazepinverbindungen.<\/p>\n<p data-start=\"5763\" data-end=\"5871\"><strong data-start=\"5763\" data-end=\"5792\">2. Wie viel enth\u00e4lt eine Schachtel?<\/strong><br data-start=\"5792\" data-end=\"5795\" \/>Jede Box enth\u00e4lt <strong data-start=\"5810\" data-end=\"5827\">0,5 mg Pellets<\/strong> mit einer standardisierten Zusammensetzung.<\/p>\n<p data-start=\"5873\" data-end=\"6011\"><strong data-start=\"5873\" data-end=\"5927\">3. Kann ich RC+ Flubrotizolam als Privatperson kaufen?<\/strong><br data-start=\"5927\" data-end=\"5930\" \/>Nein, dieses Produkt ist nur verf\u00fcgbar f\u00fcr <strong data-start=\"5974\" data-end=\"6008\">anerkannte Forschungseinrichtungen<\/strong>.<\/p>","protected":false},"excerpt":{"rendered":"<p>Productbeschrijving RC+ Flubrotizolam 0,5 MG Box bevat hoogzuivere Flubrotizolam, een verbinding uit de thienotriazolodiazepineklasse, ontwikkeld voor toxicologisch, analytisch en forensisch<\/p>","protected":false},"featured_media":21250,"comment_status":"closed","ping_status":"closed","template":"","meta":[],"product_brand":[82],"product_cat":[555],"product_tag":[150,153,154,151,152,155,326],"class_list":{"0":"post-24185","1":"product","2":"type-product","3":"status-publish","4":"has-post-thumbnail","6":"product_brand-research-chemical","7":"product_cat-b2b","8":"product_tag-flubrotizolam","9":"product_tag-flubrotizolam-dosage","10":"product_tag-flubrotizolam-ervaring","11":"product_tag-flubrotizolam-half-life","12":"product_tag-flubrotizolam-werking","13":"product_tag-flunitrazolam-bijwerkingen","14":"product_tag-nl","16":"first","17":"instock","18":"taxable","19":"shipping-taxable","20":"purchasable","21":"product-type-simple"},"_links":{"self":[{"href":"https:\/\/onderzoekschemicals.com\/de_at\/wp-json\/wp\/v2\/product\/24185","targetHints":{"allow":["GET"]}}],"collection":[{"href":"https:\/\/onderzoekschemicals.com\/de_at\/wp-json\/wp\/v2\/product"}],"about":[{"href":"https:\/\/onderzoekschemicals.com\/de_at\/wp-json\/wp\/v2\/types\/product"}],"replies":[{"embeddable":true,"href":"https:\/\/onderzoekschemicals.com\/de_at\/wp-json\/wp\/v2\/comments?post=24185"}],"version-history":[{"count":4,"href":"https:\/\/onderzoekschemicals.com\/de_at\/wp-json\/wp\/v2\/product\/24185\/revisions"}],"predecessor-version":[{"id":27839,"href":"https:\/\/onderzoekschemicals.com\/de_at\/wp-json\/wp\/v2\/product\/24185\/revisions\/27839"}],"wp:featuredmedia":[{"embeddable":true,"href":"https:\/\/onderzoekschemicals.com\/de_at\/wp-json\/wp\/v2\/media\/21250"}],"wp:attachment":[{"href":"https:\/\/onderzoekschemicals.com\/de_at\/wp-json\/wp\/v2\/media?parent=24185"}],"wp:term":[{"taxonomy":"product_brand","embeddable":true,"href":"https:\/\/onderzoekschemicals.com\/de_at\/wp-json\/wp\/v2\/product_brand?post=24185"},{"taxonomy":"product_cat","embeddable":true,"href":"https:\/\/onderzoekschemicals.com\/de_at\/wp-json\/wp\/v2\/product_cat?post=24185"},{"taxonomy":"product_tag","embeddable":true,"href":"https:\/\/onderzoekschemicals.com\/de_at\/wp-json\/wp\/v2\/product_tag?post=24185"}],"curies":[{"name":"wp","href":"https:\/\/api.w.org\/{rel}","templated":true}]}}