{"id":24146,"date":"2025-04-13T17:41:08","date_gmt":"2025-04-13T17:41:08","guid":{"rendered":"https:\/\/onderzoekschemicals.com\/?post_type=product&#038;p=24146"},"modified":"2025-10-13T10:38:38","modified_gmt":"2025-10-13T10:38:38","slug":"chem-mist-4-ho-met-7-spray","status":"publish","type":"product","link":"https:\/\/onderzoekschemicals.com\/de_at\/shop\/b2b\/chem-mist-4-ho-met-7-spray\/","title":{"rendered":"Chem-mist 4-HO-MET 7% Spray"},"content":{"rendered":"<h3 data-start=\"4754\" data-end=\"4771\">Einf\u00fchrung<\/h3>\n<p data-start=\"4772\" data-end=\"5331\">Chem-mist 4-HO-MET 7% Spray ist ein pr\u00e4zisionsformuliertes Tryptamin-Forschungsprodukt f\u00fcr den Labor- und Analysegebrauch. Es liefert <strong data-start=\"4920\" data-end=\"4971\">4-Hydroxy-N-methyl-N-ethyltryptamin (4-HO-MET)<\/strong> in einem stabilisierten w\u00e4ssrigen Nasenspraymedium, das eine reproduzierbare Mikrodosierung und effiziente Schleimhautabsorption in kontrollierten Versuchsumgebungen erm\u00f6glicht. Das Nasensprayformat vereinfacht die Handhabung, verbessert die Dosierungskonsistenz und reduziert den Abfall im Vergleich zu fl\u00fcssigen oder pulverf\u00f6rmigen Produkten. Chem-mist 4-HO-MET 7% Spray<\/p>\n<hr data-start=\"5333\" data-end=\"5336\" \/>\n<h3 data-start=\"5338\" data-end=\"5371\">Hauptmerkmale<\/h3>\n<ul data-start=\"5372\" data-end=\"6075\">\n<li data-start=\"5372\" data-end=\"5461\">\n<p data-start=\"5374\" data-end=\"5461\"><strong data-start=\"5374\" data-end=\"5393\">7%-Konzentration<\/strong>: Bietet eine moderate Wirksamkeit, die f\u00fcr Mikrodosierungsstudien geeignet ist.<\/p>\n<\/li>\n<li data-start=\"5462\" data-end=\"5537\">\n<p data-start=\"5464\" data-end=\"5537\"><strong data-start=\"5464\" data-end=\"5480\">Spr\u00fchgr\u00f6\u00dfe<\/strong>: Jede Bet\u00e4tigung gibt eine kontrollierte Mikrodosis ab.<\/p>\n<\/li>\n<li data-start=\"5538\" data-end=\"5629\">\n<p data-start=\"5540\" data-end=\"5629\"><strong data-start=\"5540\" data-end=\"5567\">Mehrere Dosen pro Flasche<\/strong>: Liefert Dutzende standardisierter Spr\u00fchst\u00f6\u00dfe pro Beh\u00e4lter.<\/p>\n<\/li>\n<li data-start=\"5630\" data-end=\"5745\">\n<p data-start=\"5632\" data-end=\"5745\"><strong data-start=\"5632\" data-end=\"5664\">Stabilisiertes Puffersystem<\/strong>: Enth\u00e4lt Pufferformen und Hilfsstoffe zur Aufrechterhaltung des pH-Werts und der chemischen Stabilit\u00e4t.<\/p>\n<\/li>\n<li data-start=\"5746\" data-end=\"5890\">\n<p data-start=\"5748\" data-end=\"5890\"><strong data-start=\"5748\" data-end=\"5777\">Hohe Forschungsreinheit<\/strong>: Hergestellt nach hohen Reinheitsstandards innerhalb der \u201eChem-mist\u201c-Linie.<\/p>\n<\/li>\n<li data-start=\"5891\" data-end=\"6075\">\n<p data-start=\"5893\" data-end=\"6075\"><strong data-start=\"5893\" data-end=\"5938\">Klar gekennzeichnet f\u00fcr Forschungszwecke<\/strong>: Mit der Kennzeichnung \u201eNur f\u00fcr Forschungszwecke\u201c versehen, um den Nichtkonsumstatus anzuzeigen.<\/p>\n<\/li>\n<\/ul>\n<hr data-start=\"6077\" data-end=\"6080\" \/>\n<h3 data-start=\"6082\" data-end=\"6141\">Vorteile (f\u00fcr Forschungs-\/Laboranwendungen)<\/h3>\n<ol data-start=\"6142\" data-end=\"6954\">\n<li data-start=\"6142\" data-end=\"6293\">\n<p data-start=\"6145\" data-end=\"6293\"><strong data-start=\"6145\" data-end=\"6171\">Pr\u00e4zise Mikrodosierung<\/strong><br data-start=\"6171\" data-end=\"6174\" \/>Der Spr\u00fchmechanismus liefert gleichm\u00e4\u00dfige Mikrodosen und reduziert so die Variabilit\u00e4t durch Pipettieren oder Wiegen.<\/p>\n<\/li>\n<li data-start=\"6295\" data-end=\"6440\">\n<p data-start=\"6298\" data-end=\"6440\"><strong data-start=\"6298\" data-end=\"6324\">Vereinfachter Arbeitsablauf<\/strong><br data-start=\"6324\" data-end=\"6327\" \/>Bei gebrauchsfertigen Sprays ist das Aufl\u00f6sen von Feststoffen oder das Durchf\u00fchren mehrerer Verd\u00fcnnungsschritte nicht mehr erforderlich.<\/p>\n<\/li>\n<li data-start=\"6442\" data-end=\"6589\">\n<p data-start=\"6445\" data-end=\"6589\"><strong data-start=\"6445\" data-end=\"6478\">Reduziertes Kontaminationsrisiko<\/strong><br data-start=\"6478\" data-end=\"6481\" \/>Durch den versiegelten Versand von Sprays wird die Belastung durch Temperatur, Feuchtigkeit oder luftgetragene Schadstoffe begrenzt.<\/p>\n<\/li>\n<li data-start=\"6591\" data-end=\"6776\">\n<p data-start=\"6594\" data-end=\"6776\"><strong data-start=\"6594\" data-end=\"6625\">Bessere Absorptionsmodellierung<\/strong><br data-start=\"6625\" data-end=\"6628\" \/>Durch die Verabreichung \u00fcber die Nasenschleimhaut kann die Absorptionskinetik in vivo besser nachgeahmt werden als durch die Verabreichung einer Standardl\u00f6sung.<\/p>\n<\/li>\n<li data-start=\"6778\" data-end=\"6954\">\n<p data-start=\"6781\" data-end=\"6954\"><strong data-start=\"6781\" data-end=\"6822\">Erh\u00f6hte Stabilit\u00e4t und Haltbarkeit<\/strong><br data-start=\"6822\" data-end=\"6825\" \/>Die gepufferte Formel und die Schutzverpackung tragen dazu bei, die Integrit\u00e4t der Verbindung bei ordnungsgem\u00e4\u00dfer Lagerung aufrechtzuerhalten.<\/p>\n<\/li>\n<\/ol>\n<hr data-start=\"6956\" data-end=\"6959\" \/>\n<h3 data-start=\"6961\" data-end=\"7018\">Verwendung (nur f\u00fcr Forschungszwecke)<\/h3>\n<blockquote data-start=\"7019\" data-end=\"7278\">\n<p data-start=\"7021\" data-end=\"7278\">\u26a0\ufe0f <strong data-start=\"7024\" data-end=\"7049\">Sicherheitshinweis:<\/strong> Dieses Produkt ist nur f\u00fcr Labortests bestimmt. Nicht f\u00fcr den Einsatz an Menschen oder Tieren geeignet. Tragen Sie vollst\u00e4ndige pers\u00f6nliche Schutzausr\u00fcstung, arbeiten Sie unter geeigneten Schutzma\u00dfnahmen (z. B. einem Abzug) und befolgen Sie die Sicherheitsvorschriften Ihrer Einrichtung.<\/p>\n<\/blockquote>\n<ol data-start=\"7280\" data-end=\"8288\">\n<li data-start=\"7280\" data-end=\"7425\">\n<p data-start=\"7283\" data-end=\"7310\"><strong data-start=\"7283\" data-end=\"7308\">Vorbereiten und Grundieren<\/strong><\/p>\n<ul data-start=\"7314\" data-end=\"7425\">\n<li data-start=\"7314\" data-end=\"7359\">\n<p data-start=\"7316\" data-end=\"7359\">\u00dcberpr\u00fcfen Sie die Spr\u00fchd\u00fcse auf Verstopfungen.<\/p>\n<\/li>\n<li data-start=\"7363\" data-end=\"7425\">\n<p data-start=\"7365\" data-end=\"7425\">Um ein stabiles Ergebnis zu erzielen, grundieren Sie mit 1\u20132 Spr\u00fchst\u00f6\u00dfen.<\/p>\n<\/li>\n<\/ul>\n<\/li>\n<li data-start=\"7427\" data-end=\"7697\">\n<p data-start=\"7430\" data-end=\"7452\"><strong data-start=\"7430\" data-end=\"7450\">Verabreichungsverfahren<\/strong><\/p>\n<ul data-start=\"7456\" data-end=\"7697\">\n<li data-start=\"7456\" data-end=\"7552\">\n<p data-start=\"7458\" data-end=\"7552\">Platzieren Sie die D\u00fcse in einem reproduzierbaren Abstand (z. B. 1\u20132 cm) zum Gewebe oder zur Oberfl\u00e4che.<\/p>\n<\/li>\n<li data-start=\"7556\" data-end=\"7637\">\n<p data-start=\"7558\" data-end=\"7637\">Dr\u00fccken Sie den Ausl\u00f6ser entsprechend Ihrem Versuchsprotokoll so oft wie gew\u00fcnscht.<\/p>\n<\/li>\n<li data-start=\"7641\" data-end=\"7697\">\n<p data-start=\"7643\" data-end=\"7697\">Notieren Sie die Anzahl der Bet\u00e4tigungen, die Zeitpunkte und die Bedingungen.<\/p>\n<\/li>\n<\/ul>\n<\/li>\n<li data-start=\"7699\" data-end=\"7986\">\n<p data-start=\"7702\" data-end=\"7721\"><strong data-start=\"7702\" data-end=\"7719\">Nach der Verabreichung<\/strong><\/p>\n<ul data-start=\"7725\" data-end=\"7986\">\n<li data-start=\"7725\" data-end=\"7799\">\n<p data-start=\"7727\" data-end=\"7799\">Setzen Sie die Kappe sofort wieder auf, um Verdunstung oder Verunreinigung zu vermeiden.<\/p>\n<\/li>\n<li data-start=\"7803\" data-end=\"7857\">\n<p data-start=\"7805\" data-end=\"7857\">Aufrecht lagern in einem <strong data-start=\"7827\" data-end=\"7845\">k\u00fchl, dunkel<\/strong> Umfeld.<\/p>\n<\/li>\n<li data-start=\"7861\" data-end=\"7986\">\n<p data-start=\"7863\" data-end=\"7986\">Sp\u00fclen Sie die D\u00fcse bei Bedarf vorsichtig mit einem geeigneten L\u00f6sungsmittel (z. B. deionisiertem Wasser) aus, um ein Verstopfen zu vermeiden.<\/p>\n<\/li>\n<\/ul>\n<\/li>\n<li data-start=\"7988\" data-end=\"8288\">\n<p data-start=\"7991\" data-end=\"8022\"><strong data-start=\"7991\" data-end=\"8020\">Sicherheit und Entsorgung<\/strong><\/p>\n<ul data-start=\"8026\" data-end=\"8288\">\n<li data-start=\"8026\" data-end=\"8076\">\n<p data-start=\"8028\" data-end=\"8076\">Einatmen sowie Kontakt mit Haut oder Augen vermeiden.<\/p>\n<\/li>\n<li data-start=\"8080\" data-end=\"8180\">\n<p data-start=\"8082\" data-end=\"8180\">Bei versehentlichem Kontakt: Mit Wasser absp\u00fclen und das Sicherheitsdatenblatt (SDS) konsultieren.<\/p>\n<\/li>\n<li data-start=\"8184\" data-end=\"8288\">\n<p data-start=\"8186\" data-end=\"8288\">Entsorgen Sie \u00fcbersch\u00fcssige L\u00f6sung, Beh\u00e4lter und Verpackungen gem\u00e4\u00df den Richtlinien f\u00fcr chemische Abf\u00e4lle.<\/p>\n<\/li>\n<\/ul>\n<\/li>\n<\/ol>\n<hr data-start=\"8290\" data-end=\"8293\" \/>\n<h3 data-start=\"8295\" data-end=\"8326\">H\u00e4ufig gestellte Fragen (FAQ)<\/h3>\n<p data-start=\"8328\" data-end=\"8592\"><strong data-start=\"8328\" data-end=\"8352\">F1: Was ist 4-HO-MET?<\/strong><br data-start=\"8352\" data-end=\"8355\" \/>4-HO-MET (4-Hydroxy-N-methyl-N-ethyltryptamin) ist eine Tryptaminverbindung, die in der Forschung verwendet wird. Es geh\u00f6rt zur Klasse der Hydroxytryptamine und wird in analytischen, Rezeptorbindungs- und mechanistischen Studien verwendet.<\/p>\n<p data-start=\"8594\" data-end=\"8851\"><strong data-start=\"8594\" data-end=\"8637\">F2: Wie viel 4-HO-MET gibt jedes Spray ab?<\/strong><br data-start=\"8637\" data-end=\"8640\" \/>Jeder Spr\u00fchsto\u00df gibt eine Mikrodosis proportional zur 7%-Konzentration ab. Die genaue mg-Zahl pro Spr\u00fchsto\u00df h\u00e4ngt von der Kalibrierung des Herstellers ab und sollte durch eine experimentelle Validierung \u00fcberpr\u00fcft werden.<\/p>\n<p data-start=\"8853\" data-end=\"9190\"><strong data-start=\"8853\" data-end=\"8900\">F3: Wie lange kann dieses Spray aufbewahrt werden?<\/strong><br data-start=\"8900\" data-end=\"8903\" \/>Bei versiegelter, aufrechter Lagerung in einer k\u00fchlen, dunklen und trockenen Umgebung ist die Formulierung voraussichtlich mehrere Monate bis Jahre stabil, abh\u00e4ngig von der Formulierung und der Abbaukinetik. F\u00fcr optimale Ergebnisse innerhalb der empfohlenen Haltbarkeitsdauer verwenden.<\/p>","protected":false},"excerpt":{"rendered":"<p>Introductie Chem-mist 4-HO-MET 7% Spray is een precisie-geformuleerd tryptamine onderzoeksproduct, bedoeld voor laboratorium- en analytisch gebruik. Het levert 4-hydroxy-N-methyl-N-ethyltryptamine (4-HO-MET)<\/p>","protected":false},"featured_media":21205,"comment_status":"closed","ping_status":"closed","template":"","meta":[],"product_brand":[],"product_cat":[555],"product_tag":[1097,326],"class_list":{"0":"post-24146","1":"product","2":"type-product","3":"status-publish","4":"has-post-thumbnail","6":"product_cat-b2b","7":"product_tag-chem-mist-4-ho-met-7-spray","8":"product_tag-nl","10":"first","11":"instock","12":"taxable","13":"shipping-taxable","14":"purchasable","15":"product-type-variable"},"_links":{"self":[{"href":"https:\/\/onderzoekschemicals.com\/de_at\/wp-json\/wp\/v2\/product\/24146","targetHints":{"allow":["GET"]}}],"collection":[{"href":"https:\/\/onderzoekschemicals.com\/de_at\/wp-json\/wp\/v2\/product"}],"about":[{"href":"https:\/\/onderzoekschemicals.com\/de_at\/wp-json\/wp\/v2\/types\/product"}],"replies":[{"embeddable":true,"href":"https:\/\/onderzoekschemicals.com\/de_at\/wp-json\/wp\/v2\/comments?post=24146"}],"version-history":[{"count":3,"href":"https:\/\/onderzoekschemicals.com\/de_at\/wp-json\/wp\/v2\/product\/24146\/revisions"}],"predecessor-version":[{"id":27862,"href":"https:\/\/onderzoekschemicals.com\/de_at\/wp-json\/wp\/v2\/product\/24146\/revisions\/27862"}],"wp:featuredmedia":[{"embeddable":true,"href":"https:\/\/onderzoekschemicals.com\/de_at\/wp-json\/wp\/v2\/media\/21205"}],"wp:attachment":[{"href":"https:\/\/onderzoekschemicals.com\/de_at\/wp-json\/wp\/v2\/media?parent=24146"}],"wp:term":[{"taxonomy":"product_brand","embeddable":true,"href":"https:\/\/onderzoekschemicals.com\/de_at\/wp-json\/wp\/v2\/product_brand?post=24146"},{"taxonomy":"product_cat","embeddable":true,"href":"https:\/\/onderzoekschemicals.com\/de_at\/wp-json\/wp\/v2\/product_cat?post=24146"},{"taxonomy":"product_tag","embeddable":true,"href":"https:\/\/onderzoekschemicals.com\/de_at\/wp-json\/wp\/v2\/product_tag?post=24146"}],"curies":[{"name":"wp","href":"https:\/\/api.w.org\/{rel}","templated":true}]}}