{"id":24138,"date":"2025-04-13T17:41:08","date_gmt":"2025-04-13T17:41:08","guid":{"rendered":"https:\/\/onderzoekschemicals.com\/?post_type=product&#038;p=24138"},"modified":"2025-10-13T10:25:12","modified_gmt":"2025-10-13T10:25:12","slug":"chem-mist-2f-dck-30-spray","status":"publish","type":"product","link":"https:\/\/onderzoekschemicals.com\/de_at\/shop\/b2b\/chem-mist-2f-dck-30-spray\/","title":{"rendered":"Chem-mist 2F-DCK 30% Spray"},"content":{"rendered":"<p data-start=\"4763\" data-end=\"5327\">2F-DCK 30% Spray (Vanilla Sky) ist eine pr\u00e4zise formulierte Forschungschemikalienl\u00f6sung f\u00fcr den Einsatz im Labor und in der Wissenschaft. Das Spray enth\u00e4lt 2-Fluordeschloroketamin (2F-DCK) in einer Konzentration von 30 % in einer stabilisierten w\u00e4ssrigen Spr\u00fchl\u00f6sung und erm\u00f6glicht so eine kontrollierte Dosierung durch nasale Verabreichung. Dieses innovative Verabreichungssystem vereinfacht die Handhabung, verbessert die Dosierungskonsistenz und optimiert die Absorptionsprofile in kontrollierten Versuchsumgebungen. (Nicht f\u00fcr den menschlichen Gebrauch bestimmt) Chem-mist 2F-DCK 30% Spray<\/p>\n<hr data-start=\"5329\" data-end=\"5332\" \/>\n<h3 data-start=\"5334\" data-end=\"5367\">Hauptmerkmale<\/h3>\n<ul data-start=\"5368\" data-end=\"6003\">\n<li data-start=\"5368\" data-end=\"5469\">\n<p data-start=\"5370\" data-end=\"5469\"><strong data-start=\"5370\" data-end=\"5398\">Hohe Konzentration (30 %)<\/strong>: Liefert eine starke Dosis 2F-DCK in kompakter Sprayform.<\/p>\n<\/li>\n<li data-start=\"5470\" data-end=\"5546\">\n<p data-start=\"5472\" data-end=\"5546\"><strong data-start=\"5472\" data-end=\"5504\">Vanillegeschmack (\u201eVanilla Sky\u201c)<\/strong>: Milder Duft, um Bitterkeit zu \u00fcberdecken.<\/p>\n<\/li>\n<li data-start=\"5547\" data-end=\"5636\">\n<p data-start=\"5549\" data-end=\"5636\"><strong data-start=\"5549\" data-end=\"5580\">Mehr als 70 Spr\u00fchst\u00f6\u00dfe pro Flasche<\/strong>: Jede Spritze gibt pro Hub ungef\u00e4hr 42 mg 2F-DCK ab.<\/p>\n<\/li>\n<li data-start=\"5637\" data-end=\"5776\">\n<p data-start=\"5639\" data-end=\"5776\"><strong data-start=\"5639\" data-end=\"5674\">Mit Stabilisatoren formuliert<\/strong>: Enth\u00e4lt Zusatzstoffe wie E1520, NaCl und Pufferformen (E150, E339) zur Aufrechterhaltung des pH-Werts und der Stabilit\u00e4t.<\/p>\n<\/li>\n<li data-start=\"5777\" data-end=\"5928\">\n<p data-start=\"5779\" data-end=\"5928\"><strong data-start=\"5779\" data-end=\"5813\">Verpackt f\u00fcr Forschungszwecke<\/strong>: Nur f\u00fcr wissenschaftliche Forschungszwecke verkauft und gekennzeichnet, mit Warnhinweisen und Lagerungsanweisungen.<\/p>\n<\/li>\n<li data-start=\"5929\" data-end=\"6003\">\n<p data-start=\"5931\" data-end=\"6003\"><strong data-start=\"5931\" data-end=\"5958\">Hohe Reinheit (&gt;98 %)<\/strong>Gem\u00e4\u00df den Angaben des Lieferanten. Chem-mist 2F-DCK 30% Spray<\/p>\n<\/li>\n<\/ul>\n<hr data-start=\"6005\" data-end=\"6008\" \/>\n<h3 data-start=\"6010\" data-end=\"6064\">Vorteile (f\u00fcr Forschungs-\/Laborzwecke)<\/h3>\n<ol data-start=\"6065\" data-end=\"6906\">\n<li data-start=\"6065\" data-end=\"6242\">\n<p data-start=\"6068\" data-end=\"6242\"><strong data-start=\"6068\" data-end=\"6097\">Pr\u00e4zise Dosierungskontrolle<\/strong><br data-start=\"6097\" data-end=\"6100\" \/>Das Spr\u00fchformat erm\u00f6glicht eine reproduzierbare Mikrodosierung und reduziert die mit dem Pipettieren oder Wiegen verbundene Variabilit\u00e4t.<\/p>\n<\/li>\n<li data-start=\"6244\" data-end=\"6429\">\n<p data-start=\"6247\" data-end=\"6429\"><strong data-start=\"6247\" data-end=\"6279\">Verbesserte Absorptionskinetik<\/strong><br data-start=\"6279\" data-end=\"6282\" \/>Die Aufnahme \u00fcber die Nasenschleimhaut erfolgt im Allgemeinen schneller als bei oraler Verabreichung und kann in Vergleichsstudien zu einem unmittelbareren Wirkungseintritt f\u00fchren.<\/p>\n<\/li>\n<li data-start=\"6431\" data-end=\"6604\">\n<p data-start=\"6434\" data-end=\"6604\"><strong data-start=\"6434\" data-end=\"6469\">Einfach zu verwenden und aufzubewahren<\/strong><br data-start=\"6469\" data-end=\"6472\" \/>Ein versiegeltes Spray verringert das Risiko des Versch\u00fcttens, der Verunreinigung oder Oxidation im Vergleich zu losen Pulvern oder Fl\u00fcssigkeiten in gro\u00dfen Mengen.<\/p>\n<\/li>\n<li data-start=\"6606\" data-end=\"6777\">\n<p data-start=\"6609\" data-end=\"6777\"><strong data-start=\"6609\" data-end=\"6651\">Konsistente Probenvorbereitung<\/strong><br data-start=\"6651\" data-end=\"6654\" \/>Jede Bet\u00e4tigung ist standardisiert, was die Konsistenz zwischen den Messungen und die experimentelle Reproduzierbarkeit unterst\u00fctzt.<\/p>\n<\/li>\n<li data-start=\"6779\" data-end=\"6906\">\n<p data-start=\"6782\" data-end=\"6906\"><strong data-start=\"6782\" data-end=\"6804\">Weniger Abfall<\/strong><br data-start=\"6804\" data-end=\"6807\" \/>Im Vergleich zu weniger kontrollierten Anwendungsmethoden bleiben normalerweise nur wenige R\u00fcckst\u00e4nde zur\u00fcck.<\/p>\n<\/li>\n<\/ol>\n<hr data-start=\"6908\" data-end=\"6911\" \/>\n<h3 data-start=\"6913\" data-end=\"6970\">Verwendung (nur f\u00fcr Forschungszwecke)<\/h3>\n<blockquote data-start=\"6971\" data-end=\"7261\">\n<p data-start=\"6973\" data-end=\"7261\"><strong data-start=\"6973\" data-end=\"7012\">Wichtiger Sicherheitshinweis<\/strong>: Dieses Produkt ist <strong data-start=\"7029\" data-end=\"7037\">nicht<\/strong> F\u00fcr den menschlichen Verzehr bestimmt. Nur in kontrollierten Laborumgebungen, mit vollst\u00e4ndiger pers\u00f6nlicher Schutzausr\u00fcstung (PSA), Absaugsystemen und in \u00dcbereinstimmung mit den Sicherheitsprotokollen Ihrer Einrichtung verwenden.<\/p>\n<\/blockquote>\n<ol data-start=\"7263\" data-end=\"8267\">\n<li data-start=\"7263\" data-end=\"7515\">\n<p data-start=\"7266\" data-end=\"7296\"><strong data-start=\"7266\" data-end=\"7294\">Vorbereitende Kontrollen<\/strong><\/p>\n<ul data-start=\"7300\" data-end=\"7515\">\n<li data-start=\"7300\" data-end=\"7365\">\n<p data-start=\"7302\" data-end=\"7365\">\u00dcberpr\u00fcfen Sie, ob das Spray funktioniert (eventuell ist eine Grundierung erforderlich).<\/p>\n<\/li>\n<li data-start=\"7369\" data-end=\"7411\">\n<p data-start=\"7371\" data-end=\"7411\">\u00dcberpr\u00fcfen Sie die D\u00fcse auf Verstopfungen.<\/p>\n<\/li>\n<li data-start=\"7415\" data-end=\"7515\">\n<p data-start=\"7417\" data-end=\"7515\">Stellen Sie sicher, dass die Umgebungstemperatur den Lagerrichtlinien entspricht (vorzugsweise k\u00fchl und dunkel).<\/p>\n<\/li>\n<\/ul>\n<\/li>\n<li data-start=\"7517\" data-end=\"7798\">\n<p data-start=\"7520\" data-end=\"7534\"><strong data-start=\"7520\" data-end=\"7532\">Dosierung<\/strong><\/p>\n<ul data-start=\"7538\" data-end=\"7798\">\n<li data-start=\"7538\" data-end=\"7683\">\n<p data-start=\"7540\" data-end=\"7683\">Positionieren Sie die D\u00fcse in einem reproduzierbaren festen Abstand (z. B. 1\u20132 cm) von der Oberfl\u00e4che oder dem Ziel (in vitro oder ex vivo Nasenschleimhaut).<\/p>\n<\/li>\n<li data-start=\"7687\" data-end=\"7762\">\n<p data-start=\"7689\" data-end=\"7762\">Dr\u00fccken Sie einmal (oder mehrmals, je nach Protokoll) auf das Spray.<\/p>\n<\/li>\n<li data-start=\"7766\" data-end=\"7798\">\n<p data-start=\"7768\" data-end=\"7798\">Notieren Sie die Anzahl der Bet\u00e4tigungen.<\/p>\n<\/li>\n<\/ul>\n<\/li>\n<li data-start=\"7800\" data-end=\"8009\">\n<p data-start=\"7803\" data-end=\"7820\"><strong data-start=\"7803\" data-end=\"7818\">Nach der Dosis<\/strong><\/p>\n<ul data-start=\"7824\" data-end=\"8009\">\n<li data-start=\"7824\" data-end=\"7852\">\n<p data-start=\"7826\" data-end=\"7852\">Setzen Sie die Kappe sofort wieder auf.<\/p>\n<\/li>\n<li data-start=\"7856\" data-end=\"7914\">\n<p data-start=\"7858\" data-end=\"7914\">Stehend an einem k\u00fchlen, trockenen und dunklen Ort lagern.<\/p>\n<\/li>\n<li data-start=\"7918\" data-end=\"8009\">\n<p data-start=\"7920\" data-end=\"8009\">Falls empfohlen, sp\u00fclen Sie die D\u00fcse mit einem geeigneten L\u00f6sungsmittel (z. B. deionisiertem Wasser).<\/p>\n<\/li>\n<\/ul>\n<\/li>\n<li data-start=\"8011\" data-end=\"8267\">\n<p data-start=\"8014\" data-end=\"8042\"><strong data-start=\"8014\" data-end=\"8040\">Sicherheitsma\u00dfnahmen<\/strong><\/p>\n<ul data-start=\"8046\" data-end=\"8267\">\n<li data-start=\"8046\" data-end=\"8091\">\n<p data-start=\"8048\" data-end=\"8091\">Vermeiden Sie direktes Einatmen oder Hautkontakt.<\/p>\n<\/li>\n<li data-start=\"8095\" data-end=\"8194\">\n<p data-start=\"8097\" data-end=\"8194\">Bei Kontakt mit der Haut oder den Augen: Mit Wasser aussp\u00fclen und das Sicherheitsdatenblatt (SDB) beachten.<\/p>\n<\/li>\n<li data-start=\"8198\" data-end=\"8267\">\n<p data-start=\"8200\" data-end=\"8267\">Entsorgen Sie Reste gem\u00e4\u00df den Vorschriften f\u00fcr chemische Abf\u00e4lle.<\/p>\n<\/li>\n<\/ul>\n<\/li>\n<\/ol>\n<hr data-start=\"8269\" data-end=\"8272\" \/>\n<h3 data-start=\"8274\" data-end=\"8305\">H\u00e4ufig gestellte Fragen (FAQ)<\/h3>\n<p data-start=\"8307\" data-end=\"8569\"><strong data-start=\"8307\" data-end=\"8392\">1. Ist Chem-mist 2F-DCK 30% Spray zur Verabreichung an Menschen oder Tiere bestimmt?<\/strong><br data-start=\"8392\" data-end=\"8395\" \/>Nein. Es ist ausschlie\u00dflich f\u00fcr <strong data-start=\"8419\" data-end=\"8450\">ausschlie\u00dflich zu Forschungszwecken<\/strong>Der Lieferant und die Kennzeichnung weisen darauf hin, dass es sich nicht um ein Medizinprodukt handelt und es nicht f\u00fcr die Anwendung am Menschen geeignet ist.<\/p>\n<p data-start=\"8571\" data-end=\"8726\"><strong data-start=\"8571\" data-end=\"8614\">2. Wie viele mg enth\u00e4lt ein Spr\u00fchsto\u00df?<\/strong><br data-start=\"8614\" data-end=\"8617\" \/>Laut Hersteller erzeugt eine Bet\u00e4tigung ca. <strong data-start=\"8671\" data-end=\"8680\">42 mg<\/strong> 2F-DCK in der 30 %-Konzentrationsformulierung.<\/p>\n<p data-start=\"8728\" data-end=\"8963\"><strong data-start=\"8728\" data-end=\"8797\">3. Wie ist das Spray aufzubewahren und wie lange ist es haltbar?<\/strong><br data-start=\"8797\" data-end=\"8800\" \/>Sparen Sie bei einem <strong data-start=\"8814\" data-end=\"8839\">k\u00fchler, dunkler Ort<\/strong>, gut verschlossen. Unter diesen Bedingungen bleibt es mindestens <strong data-start=\"8922\" data-end=\"8932\">2 Jahre<\/strong>, so die Angaben des Lieferanten.<\/p>","protected":false},"excerpt":{"rendered":"<p>2F-DCK 30% Spray (Vanilla Sky) ist eine pr\u00e4zisionsformulierte Forschungschemikalie-L\u00f6sung f\u00fcr Labor- und wissenschaftliche Anwendungen. Das Spray enth\u00e4lt 2-Fluorodeschloroketamin.<\/p>","protected":false},"featured_media":20720,"comment_status":"closed","ping_status":"closed","template":"","meta":[],"product_brand":[],"product_cat":[555],"product_tag":[1096,326],"class_list":{"0":"post-24138","1":"product","2":"type-product","3":"status-publish","4":"has-post-thumbnail","6":"product_cat-b2b","7":"product_tag-chem-mist-2f-dck-30-spray","8":"product_tag-nl","10":"first","11":"instock","12":"taxable","13":"shipping-taxable","14":"purchasable","15":"product-type-variable"},"_links":{"self":[{"href":"https:\/\/onderzoekschemicals.com\/de_at\/wp-json\/wp\/v2\/product\/24138","targetHints":{"allow":["GET"]}}],"collection":[{"href":"https:\/\/onderzoekschemicals.com\/de_at\/wp-json\/wp\/v2\/product"}],"about":[{"href":"https:\/\/onderzoekschemicals.com\/de_at\/wp-json\/wp\/v2\/types\/product"}],"replies":[{"embeddable":true,"href":"https:\/\/onderzoekschemicals.com\/de_at\/wp-json\/wp\/v2\/comments?post=24138"}],"version-history":[{"count":3,"href":"https:\/\/onderzoekschemicals.com\/de_at\/wp-json\/wp\/v2\/product\/24138\/revisions"}],"predecessor-version":[{"id":27856,"href":"https:\/\/onderzoekschemicals.com\/de_at\/wp-json\/wp\/v2\/product\/24138\/revisions\/27856"}],"wp:featuredmedia":[{"embeddable":true,"href":"https:\/\/onderzoekschemicals.com\/de_at\/wp-json\/wp\/v2\/media\/20720"}],"wp:attachment":[{"href":"https:\/\/onderzoekschemicals.com\/de_at\/wp-json\/wp\/v2\/media?parent=24138"}],"wp:term":[{"taxonomy":"product_brand","embeddable":true,"href":"https:\/\/onderzoekschemicals.com\/de_at\/wp-json\/wp\/v2\/product_brand?post=24138"},{"taxonomy":"product_cat","embeddable":true,"href":"https:\/\/onderzoekschemicals.com\/de_at\/wp-json\/wp\/v2\/product_cat?post=24138"},{"taxonomy":"product_tag","embeddable":true,"href":"https:\/\/onderzoekschemicals.com\/de_at\/wp-json\/wp\/v2\/product_tag?post=24138"}],"curies":[{"name":"wp","href":"https:\/\/api.w.org\/{rel}","templated":true}]}}