{"id":23878,"date":"2025-04-13T17:40:36","date_gmt":"2025-04-13T17:40:36","guid":{"rendered":"https:\/\/onderzoekschemicals.com\/?post_type=product&#038;p=23878"},"modified":"2025-11-28T07:28:30","modified_gmt":"2025-11-28T07:28:30","slug":"hxe-hydroxetamine","status":"publish","type":"product","link":"https:\/\/onderzoekschemicals.com\/de_at\/shop\/arylcyclohexylamine\/hxe-hydroxetamine\/","title":{"rendered":"HXE (Hydroxetamin)"},"content":{"rendered":"<p data-start=\"6163\" data-end=\"6541\"><strong data-start=\"6163\" data-end=\"6186\">HXE (Hydroxetamin)<\/strong>, auch bekannt als <strong data-start=\"6203\" data-end=\"6226\">3-Hydroxy-2-oxo-PCE<\/strong>, ist ein <strong data-start=\"6235\" data-end=\"6293\">dissoziative Forschungssubstanz von analytischer Qualit\u00e4t<\/strong> die zu den <strong data-start=\"6313\" data-end=\"6342\">Arylcyclohexylamin-Klasse<\/strong>. HXE<br data-start=\"6343\" data-end=\"6346\" \/>Es ist strukturell verwandt mit <strong data-start=\"6377\" data-end=\"6386\">O-PCE<\/strong> Und <strong data-start=\"6390\" data-end=\"6402\">Ketamin<\/strong>, zeichnet sich aber durch eine <strong data-start=\"6436\" data-end=\"6468\">Hydroxygruppe an der 3-Position<\/strong>, was sich auf seine chemischen Eigenschaften und sein Bindungsprofil auswirkt.<\/p>\n<p data-start=\"6543\" data-end=\"6821\">HXE wird verwendet in <strong data-start=\"6565\" data-end=\"6620\">forensische, analytische und Rezeptorbindungsforschung<\/strong>, insbesondere im Studium der <strong data-start=\"6649\" data-end=\"6681\">Arylcyclohexylamin-Analoga<\/strong>.<br data-start=\"6682\" data-end=\"6685\" \/>Produziert unter <strong data-start=\"6704\" data-end=\"6738\">Gute Laborpraxis (GLP)<\/strong>garantiert es eine <strong data-start=\"6759\" data-end=\"6782\">Reinheit von \u226599%<\/strong> und konsistente Forschungsergebnisse.<\/p>\n<blockquote data-start=\"6823\" data-end=\"6967\">\n<p data-start=\"6825\" data-end=\"6967\">\u26a0\ufe0f <strong data-start=\"6828\" data-end=\"6839\">Hinweis:<\/strong> Dieses Produkt ist <strong data-start=\"6855\" data-end=\"6905\">nur f\u00fcr Laborforschung bestimmt<\/strong> Und <strong data-start=\"6909\" data-end=\"6966\">nicht f\u00fcr den menschlichen oder tierischen Verzehr geeignet<\/strong>.<\/p>\n<\/blockquote>\n<hr data-start=\"6969\" data-end=\"6972\" \/>\n<h3 data-start=\"6974\" data-end=\"7005\"><strong data-start=\"6978\" data-end=\"7005\">Hauptmerkmale<\/strong><\/h3>\n<ul data-start=\"7007\" data-end=\"7510\">\n<li data-start=\"7007\" data-end=\"7108\">\n<p data-start=\"7009\" data-end=\"7108\"><strong data-start=\"7009\" data-end=\"7041\">Hohe analytische Reinheit:<\/strong> \u226599%, getestet mit chromatographischen und spektroskopischen Methoden.<\/p>\n<\/li>\n<li data-start=\"7109\" data-end=\"7189\">\n<p data-start=\"7111\" data-end=\"7189\"><strong data-start=\"7111\" data-end=\"7144\">Arylcyclohexylamin-Derivat:<\/strong> Strukturell verwandt mit Ketamin und O-PCE.<\/p>\n<\/li>\n<li data-start=\"7190\" data-end=\"7256\">\n<p data-start=\"7192\" data-end=\"7256\"><strong data-start=\"7192\" data-end=\"7213\">Chemisch stabil:<\/strong> Bei sachgem\u00e4\u00dfer Lagerung zersetzungsbest\u00e4ndig.<\/p>\n<\/li>\n<li data-start=\"7257\" data-end=\"7342\">\n<p data-start=\"7259\" data-end=\"7342\"><strong data-start=\"7259\" data-end=\"7277\">GLP-Produktion:<\/strong> Hergestellt nach <strong data-start=\"7299\" data-end=\"7327\">Gute Laborpraxis<\/strong>-Richtlinien.<\/p>\n<\/li>\n<li data-start=\"7343\" data-end=\"7432\">\n<p data-start=\"7345\" data-end=\"7432\"><strong data-start=\"7345\" data-end=\"7362\">Chargengepr\u00fcft:<\/strong> Jede Charge wird auf Identit\u00e4t, Reinheit und Konsistenz gepr\u00fcft.<\/p>\n<\/li>\n<li data-start=\"7433\" data-end=\"7510\">\n<p data-start=\"7435\" data-end=\"7510\"><strong data-start=\"7435\" data-end=\"7458\">Sichere Verpackung:<\/strong> Luftdicht und versiegelt, um die Qualit\u00e4t zu erhalten.<\/p>\n<\/li>\n<\/ul>\n<hr data-start=\"7512\" data-end=\"7515\" \/>\n<h3 data-start=\"7517\" data-end=\"7534\"><strong data-start=\"7521\" data-end=\"7534\">Vorteile<\/strong><\/h3>\n<ol data-start=\"7536\" data-end=\"7981\">\n<li data-start=\"7536\" data-end=\"7623\">\n<p data-start=\"7539\" data-end=\"7623\"><strong data-start=\"7539\" data-end=\"7576\">Verl\u00e4ssliche Forschungsergebnisse:<\/strong> Hohe Reinheit gew\u00e4hrleistet genaue Daten.<\/p>\n<\/li>\n<li data-start=\"7624\" data-end=\"7719\">\n<p data-start=\"7627\" data-end=\"7719\"><strong data-start=\"7627\" data-end=\"7647\">Weitgehend anwendbar:<\/strong> Passend f\u00fcr <strong data-start=\"7662\" data-end=\"7716\">Chromatographie, Spektroskopie und Rezeptorforschung<\/strong>.<\/p>\n<\/li>\n<li data-start=\"7720\" data-end=\"7800\">\n<p data-start=\"7723\" data-end=\"7800\"><strong data-start=\"7723\" data-end=\"7750\">Langzeitstabilit\u00e4t:<\/strong> Bei sachgem\u00e4\u00dfer Lagerung licht- und feuchtigkeitsbest\u00e4ndig.<\/p>\n<\/li>\n<li data-start=\"7801\" data-end=\"7895\">\n<p data-start=\"7804\" data-end=\"7895\"><strong data-start=\"7804\" data-end=\"7833\">Forensische Anwendungen:<\/strong> Verwendet in <strong data-start=\"7853\" data-end=\"7892\">toxikologische und chemische Forschung<\/strong>.<\/p>\n<\/li>\n<li data-start=\"7896\" data-end=\"7981\">\n<p data-start=\"7899\" data-end=\"7981\"><strong data-start=\"7899\" data-end=\"7927\">Professionelle Qualit\u00e4t:<\/strong> Entwickelt f\u00fcr den Einsatz in fortgeschrittenen Laboren.<\/p>\n<\/li>\n<\/ol>\n<hr data-start=\"7983\" data-end=\"7986\" \/>\n<h3 data-start=\"7988\" data-end=\"8027\"><strong data-start=\"7992\" data-end=\"8027\">Verwendung (nur f\u00fcr Forschungszwecke)<\/strong><\/h3>\n<ol data-start=\"8029\" data-end=\"8437\">\n<li data-start=\"8029\" data-end=\"8116\">\n<p data-start=\"8032\" data-end=\"8116\"><strong data-start=\"8032\" data-end=\"8063\">Schutzkleidung tragen:<\/strong> Handschuhe, Schutzbrille und Laborkittel erforderlich.<\/p>\n<\/li>\n<li data-start=\"8117\" data-end=\"8205\">\n<p data-start=\"8120\" data-end=\"8205\"><strong data-start=\"8120\" data-end=\"8156\">Arbeiten Sie in einer kontrollierten Umgebung:<\/strong> Beispielsweise in einer Abzugshaube oder einer sterilen Werkbank.<\/p>\n<\/li>\n<li data-start=\"8206\" data-end=\"8265\">\n<p data-start=\"8209\" data-end=\"8265\"><strong data-start=\"8209\" data-end=\"8229\">Genau messen:<\/strong> Verwenden Sie kalibrierte Ger\u00e4te.<\/p>\n<\/li>\n<li data-start=\"8266\" data-end=\"8345\">\n<p data-start=\"8269\" data-end=\"8345\"><strong data-start=\"8269\" data-end=\"8296\">Chargeninformationen beachten:<\/strong> Chargennummer und Testbedingungen notieren.<\/p>\n<\/li>\n<li data-start=\"8346\" data-end=\"8437\">\n<p data-start=\"8349\" data-end=\"8437\"><strong data-start=\"8349\" data-end=\"8382\">Abfall sicher entsorgen:<\/strong> Befolgen Sie die Sicherheitsrichtlinien des Labors.<\/p>\n<\/li>\n<\/ol>\n<blockquote data-start=\"8439\" data-end=\"8524\">\n<p data-start=\"8441\" data-end=\"8524\">\u2697\ufe0f <strong data-start=\"8444\" data-end=\"8524\">Nur f\u00fcr Labortests \u2013 nicht f\u00fcr den menschlichen Verzehr.<\/strong><\/p>\n<\/blockquote>\n<hr data-start=\"8526\" data-end=\"8529\" \/>\n<h3 data-start=\"8531\" data-end=\"8556\"><strong data-start=\"8535\" data-end=\"8556\">Hinweise zur Lagerung<\/strong><\/h3>\n<ul data-start=\"8558\" data-end=\"8769\">\n<li data-start=\"8558\" data-end=\"8626\">\n<p data-start=\"8560\" data-end=\"8626\">Sparen bei <strong data-start=\"8571\" data-end=\"8580\">2\u20138 \u00b0C<\/strong>, auf einem <strong data-start=\"8589\" data-end=\"8623\">k\u00fchl, trocken und dunkel lagern<\/strong>.<\/p>\n<\/li>\n<li data-start=\"8627\" data-end=\"8663\">\n<p data-start=\"8629\" data-end=\"8663\">Beh\u00e4lter dicht verschlossen halten.<\/p>\n<\/li>\n<li data-start=\"8664\" data-end=\"8709\">\n<p data-start=\"8666\" data-end=\"8709\">Sch\u00fctzen vor <strong data-start=\"8681\" data-end=\"8706\">Licht, Feuchtigkeit und W\u00e4rme<\/strong>.<\/p>\n<\/li>\n<li data-start=\"8710\" data-end=\"8769\">\n<p data-start=\"8712\" data-end=\"8769\">Nur f\u00fcr autorisiertes Laborpersonal zug\u00e4nglich.<\/p>\n<\/li>\n<\/ul>\n<hr data-start=\"8771\" data-end=\"8774\" \/>\n<h3 data-start=\"8776\" data-end=\"8811\"><strong data-start=\"8780\" data-end=\"8811\">H\u00e4ufig gestellte Fragen (FAQs)<\/strong><\/h3>\n<p data-start=\"8813\" data-end=\"9027\"><strong data-start=\"8813\" data-end=\"8864\">1. Wof\u00fcr wird HXE (Hydroxetamin) verwendet?<\/strong><br data-start=\"8864\" data-end=\"8867\" \/>HXE wird verwendet f\u00fcr <strong data-start=\"8891\" data-end=\"8929\">analytische und forensische Forschung<\/strong>, insbesondere in <strong data-start=\"8943\" data-end=\"8987\">Rezeptorbindungs- und Strukturstudien<\/strong> von Arylcyclohexylaminverbindungen.<\/p>\n<p data-start=\"9029\" data-end=\"9233\"><strong data-start=\"9029\" data-end=\"9079\">2. Ist HXE f\u00fcr den menschlichen Verzehr geeignet?<\/strong><br data-start=\"9079\" data-end=\"9082\" \/>NEIN. <strong data-start=\"9087\" data-end=\"9110\">HXE (Hydroxetamin)<\/strong> Ist <strong data-start=\"9114\" data-end=\"9169\">ausschlie\u00dflich f\u00fcr wissenschaftliche Forschung bestimmt<\/strong> Und <strong data-start=\"9173\" data-end=\"9230\">nicht f\u00fcr den menschlichen oder tierischen Verzehr geeignet<\/strong>.<\/p>\n<p data-start=\"9235\" data-end=\"9410\"><strong data-start=\"9235\" data-end=\"9270\">3. Wie ist HXE aufzubewahren?<\/strong><br data-start=\"9270\" data-end=\"9273\" \/>Sparen Sie bei einem <strong data-start=\"9287\" data-end=\"9329\">k\u00fchl, trocken und dunkel lagern (2\u20138\u00b0C)<\/strong> in einem <strong data-start=\"9337\" data-end=\"9363\">luftdichte Verpackung<\/strong> um Stabilit\u00e4t und Reinheit zu erhalten.<\/p>\n<hr data-start=\"9412\" data-end=\"9415\" \/>\n<h3 data-start=\"9417\" data-end=\"9434\"><strong data-start=\"9421\" data-end=\"9434\">Abschluss<\/strong><\/h3>\n<p data-start=\"9436\" data-end=\"9714\"><strong data-start=\"9436\" data-end=\"9459\">HXE (Hydroxetamin)<\/strong> ist ein <strong data-start=\"9467\" data-end=\"9511\">hochwertiges, analytisches Forschungsmaterial<\/strong> mit ausgezeichneten <strong data-start=\"9528\" data-end=\"9578\">Stabilit\u00e4t, Reinheit und Reproduzierbarkeit<\/strong>.<br data-start=\"9579\" data-end=\"9582\" \/>Es ist die ideale Wahl f\u00fcr Labore, die sich auf <strong data-start=\"9642\" data-end=\"9711\">Arylcyclohexylamin-Analyse, Toxikologie und Strukturstudien<\/strong>.<\/p>","protected":false},"excerpt":{"rendered":"<h3><span style=\"vertical-align: inherit;\"><span style=\"vertical-align: inherit;\"><span dir=\"auto\" style=\"vertical-align: inherit;\"><span dir=\"auto\" style=\"vertical-align: inherit;\">HXE-Eigenschaften<\/span><\/span><\/span><\/span><\/h3>\n<p><strong><span style=\"vertical-align: inherit;\"><span style=\"vertical-align: inherit;\"><span dir=\"auto\" style=\"vertical-align: inherit;\"><span dir=\"auto\" style=\"vertical-align: inherit;\">Synonym: <\/span><\/span><\/span><\/span><\/strong> <b><span style=\"vertical-align: inherit;\"><span style=\"vertical-align: inherit;\"><span dir=\"auto\" style=\"vertical-align: inherit;\"><span dir=\"auto\" style=\"vertical-align: inherit;\">3\u2032-Hydroxy-2-oxo-PCE<\/span><\/span><\/span><\/span><\/b><span style=\"vertical-align: inherit;\"><span style=\"vertical-align: inherit;\"><span dir=\"auto\" style=\"vertical-align: inherit;\"><span dir=\"auto\" style=\"vertical-align: inherit;\"> , <\/span><\/span><\/span><\/span><b><span style=\"vertical-align: inherit;\"><span style=\"vertical-align: inherit;\"><span dir=\"auto\" style=\"vertical-align: inherit;\"><span dir=\"auto\" style=\"vertical-align: inherit;\">O-Desmethylmethoxetamin<\/span><\/span><\/span><\/span><\/b><span style=\"vertical-align: inherit;\"><span style=\"vertical-align: inherit;\"><span dir=\"auto\" style=\"vertical-align: inherit;\"><span dir=\"auto\" style=\"vertical-align: inherit;\"> , <\/span><\/span><\/span><\/span><b><span style=\"vertical-align: inherit;\"><span style=\"vertical-align: inherit;\"><span dir=\"auto\" style=\"vertical-align: inherit;\"><span dir=\"auto\" style=\"vertical-align: inherit;\">HXE <\/span><\/span><\/span><\/span><\/b><br \/>\n<strong><span style=\"vertical-align: inherit;\"><span style=\"vertical-align: inherit;\"><span dir=\"auto\" style=\"vertical-align: inherit;\"><span dir=\"auto\" style=\"vertical-align: inherit;\">CAS-Nummer:<\/span><\/span><\/span><\/span><\/strong><span style=\"vertical-align: inherit;\"><span style=\"vertical-align: inherit;\"><span dir=\"auto\" style=\"vertical-align: inherit;\"><span dir=\"auto\" style=\"vertical-align: inherit;\"> 1620054-73-0 <\/span><\/span><\/span><\/span><br \/>\n<strong><span style=\"vertical-align: inherit;\"><span style=\"vertical-align: inherit;\"><span dir=\"auto\" style=\"vertical-align: inherit;\"><span dir=\"auto\" style=\"vertical-align: inherit;\">Formel:<\/span><\/span><\/span><\/span><\/strong><span style=\"vertical-align: inherit;\"><span style=\"vertical-align: inherit;\"><span dir=\"auto\" style=\"vertical-align: inherit;\"><span dir=\"auto\" style=\"vertical-align: inherit;\"> C14H19NO2 <\/span><\/span><\/span><\/span><br \/>\n<strong><span style=\"vertical-align: inherit;\"><span style=\"vertical-align: inherit;\"><span dir=\"auto\" style=\"vertical-align: inherit;\"><span dir=\"auto\" style=\"vertical-align: inherit;\">Molmasse:<\/span><\/span><\/span><\/span><\/strong><span style=\"vertical-align: inherit;\"><span style=\"vertical-align: inherit;\"><span dir=\"auto\" style=\"vertical-align: inherit;\"><span dir=\"auto\" style=\"vertical-align: inherit;\"> 233,311 g mol\u22121 <\/span><\/span><\/span><\/span><br \/>\n<strong><span style=\"vertical-align: inherit;\"><span style=\"vertical-align: inherit;\"><span dir=\"auto\" style=\"vertical-align: inherit;\"><span dir=\"auto\" style=\"vertical-align: inherit;\">Reinheit:<\/span><\/span><\/span><\/span><\/strong><span style=\"vertical-align: inherit;\"><span style=\"vertical-align: inherit;\"><span dir=\"auto\" style=\"vertical-align: inherit;\"><span dir=\"auto\" style=\"vertical-align: inherit;\"> &gt;99%<\/span><\/span><\/span><\/span><\/p>","protected":false},"featured_media":29354,"comment_status":"closed","ping_status":"closed","template":"","meta":[],"product_brand":[],"product_cat":[71,492],"product_tag":[287,326],"class_list":{"0":"post-23878","1":"product","2":"type-product","3":"status-publish","4":"has-post-thumbnail","6":"product_cat-arylcyclohexylamine","7":"product_cat-hxe","8":"product_tag-hxe","9":"product_tag-nl","11":"first","12":"instock","13":"taxable","14":"shipping-taxable","15":"purchasable","16":"product-type-variable"},"_links":{"self":[{"href":"https:\/\/onderzoekschemicals.com\/de_at\/wp-json\/wp\/v2\/product\/23878","targetHints":{"allow":["GET"]}}],"collection":[{"href":"https:\/\/onderzoekschemicals.com\/de_at\/wp-json\/wp\/v2\/product"}],"about":[{"href":"https:\/\/onderzoekschemicals.com\/de_at\/wp-json\/wp\/v2\/types\/product"}],"replies":[{"embeddable":true,"href":"https:\/\/onderzoekschemicals.com\/de_at\/wp-json\/wp\/v2\/comments?post=23878"}],"version-history":[{"count":5,"href":"https:\/\/onderzoekschemicals.com\/de_at\/wp-json\/wp\/v2\/product\/23878\/revisions"}],"predecessor-version":[{"id":27929,"href":"https:\/\/onderzoekschemicals.com\/de_at\/wp-json\/wp\/v2\/product\/23878\/revisions\/27929"}],"wp:featuredmedia":[{"embeddable":true,"href":"https:\/\/onderzoekschemicals.com\/de_at\/wp-json\/wp\/v2\/media\/29354"}],"wp:attachment":[{"href":"https:\/\/onderzoekschemicals.com\/de_at\/wp-json\/wp\/v2\/media?parent=23878"}],"wp:term":[{"taxonomy":"product_brand","embeddable":true,"href":"https:\/\/onderzoekschemicals.com\/de_at\/wp-json\/wp\/v2\/product_brand?post=23878"},{"taxonomy":"product_cat","embeddable":true,"href":"https:\/\/onderzoekschemicals.com\/de_at\/wp-json\/wp\/v2\/product_cat?post=23878"},{"taxonomy":"product_tag","embeddable":true,"href":"https:\/\/onderzoekschemicals.com\/de_at\/wp-json\/wp\/v2\/product_tag?post=23878"}],"curies":[{"name":"wp","href":"https:\/\/api.w.org\/{rel}","templated":true}]}}