{"id":23824,"date":"2025-04-13T17:40:30","date_gmt":"2025-04-13T17:40:30","guid":{"rendered":"https:\/\/onderzoekschemicals.com\/?post_type=product&#038;p=23824"},"modified":"2025-11-28T07:35:09","modified_gmt":"2025-11-28T07:35:09","slug":"nep","status":"publish","type":"product","link":"https:\/\/onderzoekschemicals.com\/de_at\/shop\/bijna-verboden\/nep\/","title":{"rendered":"NEP (N-Ethylpentedron)"},"content":{"rendered":"<p data-start=\"4929\" data-end=\"5282\"><strong data-start=\"4929\" data-end=\"4956\">NEP (N-Ethylpentedron)<\/strong> ist ein <strong data-start=\"4964\" data-end=\"4997\">synthetisches Cathinon-Derivat<\/strong> die oft verwendet wird als <strong data-start=\"5026\" data-end=\"5059\">Referenz- und Forschungsmaterial<\/strong> in analytischen und forensischen Labors. Es ist strukturell verwandt mit <strong data-start=\"5134\" data-end=\"5148\">Pentedron<\/strong> und geh\u00f6rt zu den <strong data-start=\"5167\" data-end=\"5190\">\u03b2-Keto-Amphetamine<\/strong>, was es wertvoll f\u00fcr die Forschung macht in <strong data-start=\"5238\" data-end=\"5281\">chemische Struktur und Nachweismethoden<\/strong>. Gef\u00e4lscht<\/p>\n<p data-start=\"5284\" data-end=\"5590\">Dieses Produkt ist <strong data-start=\"5299\" data-end=\"5368\">ausschlie\u00dflich f\u00fcr wissenschaftliche und forensische Forschung bestimmt<\/strong> Und <strong data-start=\"5372\" data-end=\"5429\">nicht f\u00fcr den menschlichen oder tierischen Verzehr geeignet<\/strong>. Labore verwenden NEP f\u00fcr <strong data-start=\"5462\" data-end=\"5506\">chemische Profilierung, Nachweisvalidierung<\/strong> Und <strong data-start=\"5510\" data-end=\"5546\">Entwicklung analytischer Methoden<\/strong> mit Techniken wie <strong data-start=\"5568\" data-end=\"5577\">GC-MS<\/strong> Und <strong data-start=\"5581\" data-end=\"5589\">HPLC<\/strong>.<\/p>\n<hr data-start=\"5592\" data-end=\"5595\" \/>\n<h3 data-start=\"5597\" data-end=\"5628\"><strong data-start=\"5601\" data-end=\"5628\">Hauptmerkmale<\/strong><\/h3>\n<ul data-start=\"5630\" data-end=\"6141\">\n<li data-start=\"5630\" data-end=\"5731\">\n<p data-start=\"5632\" data-end=\"5731\"><strong data-start=\"5632\" data-end=\"5652\">Hohe Reinheit:<\/strong> Hergestellt unter strenger Qualit\u00e4tskontrolle f\u00fcr maximale Zuverl\u00e4ssigkeit.<\/p>\n<\/li>\n<li data-start=\"5732\" data-end=\"5826\">\n<p data-start=\"5734\" data-end=\"5826\"><strong data-start=\"5734\" data-end=\"5760\">Gepr\u00fcfte Zusammensetzung:<\/strong> Jede Charge wird mit einem <strong data-start=\"5795\" data-end=\"5823\">Analysezertifikat (COA)<\/strong>.<\/p>\n<\/li>\n<li data-start=\"5827\" data-end=\"5938\">\n<p data-start=\"5829\" data-end=\"5938\"><strong data-start=\"5829\" data-end=\"5852\">Stabile Struktur:<\/strong> Geeignet f\u00fcr konsistente Forschungsergebnisse in verschiedenen analytischen Anwendungen.<\/p>\n<\/li>\n<li data-start=\"5939\" data-end=\"6038\">\n<p data-start=\"5941\" data-end=\"6038\"><strong data-start=\"5941\" data-end=\"5972\">Qualit\u00e4t auf Forschungsniveau:<\/strong> Geeignet f\u00fcr den Einsatz in toxikologischen und forensischen Studien.<\/p>\n<\/li>\n<li data-start=\"6039\" data-end=\"6141\">\n<p data-start=\"6041\" data-end=\"6141\"><strong data-start=\"6041\" data-end=\"6064\">Sichere Verpackung:<\/strong> Chemisch best\u00e4ndige, luftdichte Beh\u00e4lter gew\u00e4hrleisten die Produktstabilit\u00e4t.<\/p>\n<\/li>\n<\/ul>\n<hr data-start=\"6143\" data-end=\"6146\" \/>\n<h3 data-start=\"6148\" data-end=\"6165\"><strong data-start=\"6152\" data-end=\"6165\">Vorteile<\/strong><\/h3>\n<ul data-start=\"6167\" data-end=\"6651\">\n<li data-start=\"6167\" data-end=\"6252\">\n<p data-start=\"6169\" data-end=\"6252\"><strong data-start=\"6169\" data-end=\"6206\">Verl\u00e4ssliche Forschungsergebnisse:<\/strong> Liefert genaue und reproduzierbare Daten.<\/p>\n<\/li>\n<li data-start=\"6253\" data-end=\"6350\">\n<p data-start=\"6255\" data-end=\"6350\"><strong data-start=\"6255\" data-end=\"6284\">Forensische Anwendungen:<\/strong> Wird h\u00e4ufig zur Identifizierung von Cathinon-Analoga verwendet.<\/p>\n<\/li>\n<li data-start=\"6351\" data-end=\"6437\">\n<p data-start=\"6353\" data-end=\"6437\"><strong data-start=\"6353\" data-end=\"6377\">Konstante Qualit\u00e4t:<\/strong> Minimiert Abweichungen zwischen verschiedenen Experimenten.<\/p>\n<\/li>\n<li data-start=\"6438\" data-end=\"6551\">\n<p data-start=\"6440\" data-end=\"6551\"><strong data-start=\"6440\" data-end=\"6464\">Weitgehend analysierbar:<\/strong> Kompatibel mit <strong data-start=\"6480\" data-end=\"6518\">Chromatographie, Massenspektrometrie<\/strong> Und <strong data-start=\"6522\" data-end=\"6548\">Infrarotspektroskopie<\/strong>.<\/p>\n<\/li>\n<li data-start=\"6552\" data-end=\"6651\">\n<p data-start=\"6554\" data-end=\"6651\"><strong data-start=\"6554\" data-end=\"6588\">Erf\u00fcllt Sicherheitsstandards:<\/strong> Hergestellt nach internationalen Laborrichtlinien.<\/p>\n<\/li>\n<\/ul>\n<hr data-start=\"6653\" data-end=\"6656\" \/>\n<h3 data-start=\"6658\" data-end=\"6719\"><strong data-start=\"6662\" data-end=\"6719\">Gebrauchsanweisung (nur f\u00fcr Forschungszwecke)<\/strong><\/h3>\n<ol data-start=\"6721\" data-end=\"7133\">\n<li data-start=\"6721\" data-end=\"6828\">\n<p data-start=\"6724\" data-end=\"6828\"><strong data-start=\"6724\" data-end=\"6742\">Vorbereitung:<\/strong> Verwenden Sie es in einem akkreditierten Labor und tragen Sie entsprechende Schutzausr\u00fcstung.<\/p>\n<\/li>\n<li data-start=\"6829\" data-end=\"6919\">\n<p data-start=\"6832\" data-end=\"6919\"><strong data-start=\"6832\" data-end=\"6847\">Anwendung:<\/strong> Wenden Sie r\u00fcckverfolgbare Mengen unter kontrollierten Bedingungen an.<\/p>\n<\/li>\n<li data-start=\"6920\" data-end=\"7037\">\n<p data-start=\"6923\" data-end=\"7037\"><strong data-start=\"6923\" data-end=\"6934\">Lagerung:<\/strong> Sparen Sie bei einem <strong data-start=\"6949\" data-end=\"6983\">k\u00fchl, trocken und dunkel lagern<\/strong>, gut verschlossen und von W\u00e4rmequellen ferngehalten.<\/p>\n<\/li>\n<li data-start=\"7038\" data-end=\"7133\">\n<p data-start=\"7041\" data-end=\"7133\"><strong data-start=\"7041\" data-end=\"7052\">Entsorgung:<\/strong> Verarbeiten Sie Reste nach den <strong data-start=\"7082\" data-end=\"7130\">lokale Richtlinien f\u00fcr die Entsorgung chemischer Abf\u00e4lle<\/strong>.<\/p>\n<\/li>\n<\/ol>\n<hr data-start=\"7135\" data-end=\"7138\" \/>\n<h3 data-start=\"7140\" data-end=\"7174\"><strong data-start=\"7144\" data-end=\"7174\">Sicherheit und Compliance<\/strong><\/h3>\n<ul data-start=\"7176\" data-end=\"7541\">\n<li data-start=\"7176\" data-end=\"7271\">\n<p data-start=\"7178\" data-end=\"7271\"><strong data-start=\"7178\" data-end=\"7214\">Nur f\u00fcr den Laborgebrauch:<\/strong> Nicht f\u00fcr den menschlichen oder tierischen Verzehr geeignet.<\/p>\n<\/li>\n<li data-start=\"7272\" data-end=\"7347\">\n<p data-start=\"7274\" data-end=\"7347\"><strong data-start=\"7274\" data-end=\"7299\">Vorsichtig handhaben:<\/strong> Kontakt mit Haut, Augen und Atemwegen vermeiden.<\/p>\n<\/li>\n<li data-start=\"7348\" data-end=\"7450\">\n<p data-start=\"7350\" data-end=\"7450\"><strong data-start=\"7350\" data-end=\"7366\">Vorschriften:<\/strong> \u00dcberpr\u00fcfen Sie immer die <strong data-start=\"7388\" data-end=\"7408\">lokale Gesetzgebung<\/strong> bez\u00fcglich der Verwendung von NEP.<\/p>\n<\/li>\n<li data-start=\"7451\" data-end=\"7541\">\n<p data-start=\"7453\" data-end=\"7541\"><strong data-start=\"7453\" data-end=\"7470\">Dokumentation:<\/strong> A <strong data-start=\"7475\" data-end=\"7511\">Sicherheitsdatenblatt (MSDS)<\/strong> ist auf Anfrage erh\u00e4ltlich.<\/p>\n<\/li>\n<\/ul>\n<hr data-start=\"7543\" data-end=\"7546\" \/>\n<h3 data-start=\"7548\" data-end=\"7583\"><strong data-start=\"7552\" data-end=\"7583\">H\u00e4ufig gestellte Fragen (FAQs)<\/strong><\/h3>\n<p data-start=\"7585\" data-end=\"7734\"><strong data-start=\"7585\" data-end=\"7620\">1. Wof\u00fcr wird NEP verwendet?<\/strong><br data-start=\"7620\" data-end=\"7623\" \/>NEP wird nur verwendet als <strong data-start=\"7658\" data-end=\"7691\">Referenz- und Forschungsmaterial<\/strong> in analytischen und forensischen Labors.<\/p>\n<p data-start=\"7736\" data-end=\"7907\"><strong data-start=\"7736\" data-end=\"7786\">2. Ist NEP f\u00fcr den menschlichen Verzehr geeignet?<\/strong><br data-start=\"7786\" data-end=\"7789\" \/>Nein. Dieses Produkt ist <strong data-start=\"7809\" data-end=\"7866\">nicht f\u00fcr den menschlichen oder tierischen Verzehr geeignet<\/strong> und nur f\u00fcr Forschungszwecke bestimmt.<\/p>\n<p data-start=\"7909\" data-end=\"8045\"><strong data-start=\"7909\" data-end=\"7947\">3. Wie ist NEP aufzubewahren?<\/strong><br data-start=\"7947\" data-end=\"7950\" \/>Speichern in einem <strong data-start=\"7964\" data-end=\"8000\">k\u00fchle, trockene und dunkle Umgebung<\/strong>, vorzugsweise in einem Chemikalienschrank.<\/p>\n<p><a href=\"https:\/\/onderzoekschemicals.com\/de_at\/shop\/lysergamides\/1v-lsd-150-mcg-blotters\/\">1V-LSD 150 MCG Blotter <\/a><a href=\"https:\/\/onderzoekschemicals.com\/de_at\/shop\/cathinonen\/2-cmc-kopen\/\">2-CMC 250 mg Pellets <\/a><a href=\"https:\/\/onderzoekschemicals.com\/de_at\/shop\/bijna-verboden\/6-cl-adba\/\">6-CL-ADBA <\/a><a href=\"https:\/\/onderzoekschemicals.com\/de_at\/shop\/bijna-verboden\/pink-star-pellets-5-mapb-70mg-2-fma-20mg-5-meo-mipt-2mg\/\">Pink Star Pellets 5-MAPB 70 mg \/ 2-FMA 20 mg \/ 5-MeO-MiPT 2 mg <\/a><a href=\"https:\/\/onderzoekschemicals.com\/de_at\/shop\/bijna-verboden\/4f-mph-25-mg-pellets\/\">4F-MPH 25 MG Pellets<\/a><\/p>","protected":false},"excerpt":{"rendered":"<h2>GEF\u00c4LSCHT<b>\u00a0<\/b>Eigenschaften<\/h2>\n<p><strong>Synonym: <\/strong>N-Ethylpentedron (\u03b1-Ethylaminopentiophenon, \u03b1-EAPP, \u03b1-Ethylaminovalerophenon, N-Ethylnorpentedron)<strong><br \/>\nCAS-Nummer<\/strong>: 779974-89-9<br \/>\n<strong>Formel<\/strong>: <span title=\"Kohlenstoff\">C<\/span><sub>13<\/sub><span title=\"Wasserstoff\">H<\/span><sub>19<\/sub><span title=\"Stickstoff\">N<\/span><span title=\"Sauerstoff\">O<\/span><br \/>\n<strong>Molare Masse<\/strong>: 205,301 g mol<br \/>\n<strong>Reinheit<\/strong>: \u226598%<\/p>","protected":false},"featured_media":29381,"comment_status":"closed","ping_status":"closed","template":"","meta":[],"product_brand":[],"product_cat":[322,79,334],"product_tag":[604,654,1106,1107,609,597,326],"class_list":{"0":"post-23824","1":"product","2":"type-product","3":"status-publish","4":"has-post-thumbnail","6":"product_cat-bijna-verboden","7":"product_cat-cathinonen","8":"product_cat-nep","9":"product_tag-n-ethyl-pentedrone","10":"product_tag-n-ethylpentedrone","11":"product_tag-nep","12":"product_tag-nep-kopen","13":"product_tag-nep-research-chemical","14":"product_tag-nep-snuiven","15":"product_tag-nl","17":"first","18":"instock","19":"taxable","20":"shipping-taxable","21":"purchasable","22":"product-type-variable"},"_links":{"self":[{"href":"https:\/\/onderzoekschemicals.com\/de_at\/wp-json\/wp\/v2\/product\/23824","targetHints":{"allow":["GET"]}}],"collection":[{"href":"https:\/\/onderzoekschemicals.com\/de_at\/wp-json\/wp\/v2\/product"}],"about":[{"href":"https:\/\/onderzoekschemicals.com\/de_at\/wp-json\/wp\/v2\/types\/product"}],"replies":[{"embeddable":true,"href":"https:\/\/onderzoekschemicals.com\/de_at\/wp-json\/wp\/v2\/comments?post=23824"}],"version-history":[{"count":5,"href":"https:\/\/onderzoekschemicals.com\/de_at\/wp-json\/wp\/v2\/product\/23824\/revisions"}],"predecessor-version":[{"id":27947,"href":"https:\/\/onderzoekschemicals.com\/de_at\/wp-json\/wp\/v2\/product\/23824\/revisions\/27947"}],"wp:featuredmedia":[{"embeddable":true,"href":"https:\/\/onderzoekschemicals.com\/de_at\/wp-json\/wp\/v2\/media\/29381"}],"wp:attachment":[{"href":"https:\/\/onderzoekschemicals.com\/de_at\/wp-json\/wp\/v2\/media?parent=23824"}],"wp:term":[{"taxonomy":"product_brand","embeddable":true,"href":"https:\/\/onderzoekschemicals.com\/de_at\/wp-json\/wp\/v2\/product_brand?post=23824"},{"taxonomy":"product_cat","embeddable":true,"href":"https:\/\/onderzoekschemicals.com\/de_at\/wp-json\/wp\/v2\/product_cat?post=23824"},{"taxonomy":"product_tag","embeddable":true,"href":"https:\/\/onderzoekschemicals.com\/de_at\/wp-json\/wp\/v2\/product_tag?post=23824"}],"curies":[{"name":"wp","href":"https:\/\/api.w.org\/{rel}","templated":true}]}}