{"id":23807,"date":"2025-04-13T17:40:27","date_gmt":"2025-04-13T17:40:27","guid":{"rendered":"https:\/\/onderzoekschemicals.com\/?post_type=product&#038;p=23807"},"modified":"2025-11-28T07:38:31","modified_gmt":"2025-11-28T07:38:31","slug":"4b-mar","status":"publish","type":"product","link":"https:\/\/onderzoekschemicals.com\/de_at\/shop\/aminorex\/4b-mar\/","title":{"rendered":"4B-MAR (4-Brom-4-methylaminorex)"},"content":{"rendered":"<p data-start=\"5051\" data-end=\"5284\"><strong data-start=\"5051\" data-end=\"5088\">4B-MAR (4-Brom-4-methylaminorex)<\/strong> ist ein <strong data-start=\"5096\" data-end=\"5129\">synthetisches Aminorex-Derivat<\/strong> aus dem <strong data-start=\"5137\" data-end=\"5157\">Oxazolin-Klasse<\/strong>Es wird verwendet in <strong data-start=\"5181\" data-end=\"5218\">forensische und analytische Chemie<\/strong> aufgrund seiner strukturellen \u00c4hnlichkeit mit anderen Aminorex-Analoga. <span class=\"___SBox_epc1q-ko_ ___SText_zko9t-ko_\" data-ui-name=\"Link.Text\">4b M\u00e4rz<\/span><\/p>\n<p data-start=\"5286\" data-end=\"5540\">Dieses Produkt ist <strong data-start=\"5301\" data-end=\"5370\">ausschlie\u00dflich f\u00fcr wissenschaftliche und analytische Forschung bestimmt<\/strong>Labore nutzen es, um <strong data-start=\"5401\" data-end=\"5441\">substituierte Oxazolinverbindungen<\/strong> studieren, <strong data-start=\"5457\" data-end=\"5492\">zur Entwicklung von Nachweismethoden<\/strong> Und <strong data-start=\"5496\" data-end=\"5537\">zur Analyse spektraler Eigenschaften<\/strong>.<\/p>\n<p data-start=\"5542\" data-end=\"5689\">Das Produkt ist <strong data-start=\"5557\" data-end=\"5614\">nicht f\u00fcr den menschlichen oder tierischen Verzehr geeignet<\/strong> und sollte nur von qualifiziertem Laborpersonal gehandhabt werden.<\/p>\n<hr data-start=\"5691\" data-end=\"5694\" \/>\n<h3 data-start=\"5696\" data-end=\"5727\"><strong data-start=\"5700\" data-end=\"5727\">Hauptmerkmale<\/strong><\/h3>\n<ul data-start=\"5729\" data-end=\"6240\">\n<li data-start=\"5729\" data-end=\"5827\">\n<p data-start=\"5731\" data-end=\"5827\"><strong data-start=\"5731\" data-end=\"5751\">Hohe Reinheit:<\/strong> Hergestellt f\u00fcr Genauigkeit und reproduzierbare Forschungsergebnisse.<\/p>\n<\/li>\n<li data-start=\"5828\" data-end=\"5937\">\n<p data-start=\"5830\" data-end=\"5937\"><strong data-start=\"5830\" data-end=\"5869\">Zertifiziertes Referenzmaterial:<\/strong> Geliefert mit <strong data-start=\"5883\" data-end=\"5911\">Analysezertifikat (COA)<\/strong> zur Qualit\u00e4tssicherung.<\/p>\n<\/li>\n<li data-start=\"5938\" data-end=\"6035\">\n<p data-start=\"5940\" data-end=\"6035\"><strong data-start=\"5940\" data-end=\"5972\">Analytische Kompatibilit\u00e4t:<\/strong> Passend f\u00fcr <strong data-start=\"5987\" data-end=\"5996\">GC-MS<\/strong>, <strong data-start=\"5998\" data-end=\"6007\">LC-MS<\/strong> Und <strong data-start=\"6011\" data-end=\"6019\">HPLC<\/strong> Anwendungen.<\/p>\n<\/li>\n<li data-start=\"6036\" data-end=\"6141\">\n<p data-start=\"6038\" data-end=\"6141\"><strong data-start=\"6038\" data-end=\"6064\">Forensisch anwendbar:<\/strong> Wird in der Toxikologie, bei der Identifizierung von Verbindungen und als Spektralreferenz verwendet.<\/p>\n<\/li>\n<li data-start=\"6142\" data-end=\"6240\">\n<p data-start=\"6144\" data-end=\"6240\"><strong data-start=\"6144\" data-end=\"6171\">Stabile Zusammensetzung:<\/strong> Konzipiert f\u00fcr die Langzeitlagerung unter Laborbedingungen.<\/p>\n<\/li>\n<\/ul>\n<hr data-start=\"6242\" data-end=\"6245\" \/>\n<h3 data-start=\"6247\" data-end=\"6264\"><strong data-start=\"6251\" data-end=\"6264\">Vorteile<\/strong><\/h3>\n<ul data-start=\"6266\" data-end=\"6740\">\n<li data-start=\"6266\" data-end=\"6367\">\n<p data-start=\"6268\" data-end=\"6367\"><strong data-start=\"6268\" data-end=\"6305\">Unterst\u00fctzt forensische Untersuchungen:<\/strong> Hilft bei der Identifizierung und Validierung von Aminorex-Analoga.<\/p>\n<\/li>\n<li data-start=\"6368\" data-end=\"6448\">\n<p data-start=\"6370\" data-end=\"6448\"><strong data-start=\"6370\" data-end=\"6397\">Zuverl\u00e4ssige Ergebnisse:<\/strong> Bietet konsistente Daten f\u00fcr analytische Studien.<\/p>\n<\/li>\n<li data-start=\"6449\" data-end=\"6541\">\n<p data-start=\"6451\" data-end=\"6541\"><strong data-start=\"6451\" data-end=\"6477\">P\u00e4dagogische Anwendung:<\/strong> Geeignet f\u00fcr die akademische Forschung zu chemischen Strukturen.<\/p>\n<\/li>\n<li data-start=\"6542\" data-end=\"6643\">\n<p data-start=\"6544\" data-end=\"6643\"><strong data-start=\"6544\" data-end=\"6574\">Toxikologische Relevanz:<\/strong> Unterst\u00fctzt Studien zu Nachweismethoden in biologischen Proben. <span class=\"___SBox_epc1q-ko_ ___SText_zko9t-ko_\" data-ui-name=\"Link.Text\">4b M\u00e4rz<\/span><\/p>\n<\/li>\n<li data-start=\"6644\" data-end=\"6740\">\n<p data-start=\"6646\" data-end=\"6740\"><strong data-start=\"6646\" data-end=\"6686\">Erf\u00fcllt Laborstandards:<\/strong> Hergestellt nach strengen Forschungsrichtlinien.<\/p>\n<\/li>\n<\/ul>\n<hr data-start=\"6742\" data-end=\"6745\" \/>\n<h3 data-start=\"6747\" data-end=\"6808\"><strong data-start=\"6751\" data-end=\"6808\">Gebrauchsanweisung (nur f\u00fcr Forschungszwecke)<\/strong><\/h3>\n<ol data-start=\"6810\" data-end=\"7175\">\n<li data-start=\"6810\" data-end=\"6928\">\n<p data-start=\"6813\" data-end=\"6928\"><strong data-start=\"6813\" data-end=\"6831\">Vorbereitung:<\/strong> Verwendung in akkreditierten Laboren mit entsprechender Sicherheitsausr\u00fcstung (Handschuhe, Schutzbrille, Laborkittel).<\/p>\n<\/li>\n<li data-start=\"6929\" data-end=\"7018\">\n<p data-start=\"6932\" data-end=\"7018\"><strong data-start=\"6932\" data-end=\"6947\">Anwendung:<\/strong> Verwenden Sie es gem\u00e4\u00df validierten analytischen oder forensischen Protokollen.<\/p>\n<\/li>\n<li data-start=\"7019\" data-end=\"7095\">\n<p data-start=\"7022\" data-end=\"7095\"><strong data-start=\"7022\" data-end=\"7033\">Lagerung:<\/strong> K\u00fchl, trocken und dunkel in dicht verschlossenen Beh\u00e4ltern lagern.<\/p>\n<\/li>\n<li data-start=\"7096\" data-end=\"7175\">\n<p data-start=\"7099\" data-end=\"7175\"><strong data-start=\"7099\" data-end=\"7110\">Entsorgung:<\/strong> Entsorgen Sie R\u00fcckst\u00e4nde gem\u00e4\u00df den \u00f6rtlichen Richtlinien f\u00fcr Chemieabf\u00e4lle.<\/p>\n<\/li>\n<\/ol>\n<hr data-start=\"7177\" data-end=\"7180\" \/>\n<h3 data-start=\"7182\" data-end=\"7216\"><strong data-start=\"7186\" data-end=\"7216\">Sicherheit und Compliance<\/strong><\/h3>\n<ul data-start=\"7218\" data-end=\"7645\">\n<li data-start=\"7218\" data-end=\"7313\">\n<p data-start=\"7220\" data-end=\"7313\"><strong data-start=\"7220\" data-end=\"7256\">Nur f\u00fcr den Laborgebrauch:<\/strong> Nicht f\u00fcr den menschlichen oder tierischen Verzehr geeignet.<\/p>\n<\/li>\n<li data-start=\"7314\" data-end=\"7436\">\n<p data-start=\"7316\" data-end=\"7436\"><strong data-start=\"7316\" data-end=\"7344\">Rechtliche Hinweise:<\/strong> Der Status von 4B-MAR kann je nach Land unterschiedlich sein. \u00dcberpr\u00fcfen Sie immer die geltenden Vorschriften.<\/p>\n<\/li>\n<li data-start=\"7437\" data-end=\"7520\">\n<p data-start=\"7439\" data-end=\"7520\"><strong data-start=\"7439\" data-end=\"7457\">Sicheres Arbeiten:<\/strong> Kontakt vermeiden und in einem gut bel\u00fcfteten Bereich verwenden.<\/p>\n<\/li>\n<li data-start=\"7521\" data-end=\"7645\">\n<p data-start=\"7523\" data-end=\"7645\"><strong data-start=\"7523\" data-end=\"7540\">Dokumentation:<\/strong> A <strong data-start=\"7545\" data-end=\"7581\">Sicherheitsdatenblatt (MSDS)<\/strong> Und <strong data-start=\"7585\" data-end=\"7613\">Analysezertifikat (COA)<\/strong> sind auf Anfrage erh\u00e4ltlich.<\/p>\n<\/li>\n<\/ul>\n<hr data-start=\"7647\" data-end=\"7650\" \/>\n<h3 data-start=\"7652\" data-end=\"7687\"><strong data-start=\"7656\" data-end=\"7687\">H\u00e4ufig gestellte Fragen (FAQs)<\/strong><\/h3>\n<p data-start=\"7689\" data-end=\"7838\"><strong data-start=\"7689\" data-end=\"7727\">1. Wof\u00fcr wird 4B-MAR angewendet?<\/strong><br data-start=\"7727\" data-end=\"7730\" \/>4B-MAR wird verwendet als <strong data-start=\"7756\" data-end=\"7774\">Referenzsubstanz<\/strong> in analytischen und forensischen Studien zu Aminorex-Analoga.<\/p>\n<p data-start=\"7840\" data-end=\"8016\"><strong data-start=\"7840\" data-end=\"7891\">2. Ist 4B-MAR f\u00fcr den menschlichen Verzehr unbedenklich?<\/strong><br data-start=\"7891\" data-end=\"7894\" \/>Nein. Dieses Produkt ist <strong data-start=\"7914\" data-end=\"7952\">nur f\u00fcr Forschungszwecke bestimmt<\/strong> Und <strong data-start=\"7956\" data-end=\"8013\">nicht f\u00fcr den menschlichen oder tierischen Verzehr geeignet<\/strong>.<\/p>\n<p data-start=\"8018\" data-end=\"8163\"><strong data-start=\"8018\" data-end=\"8059\">3. Wie ist 4B-MAR aufzubewahren?<\/strong><br data-start=\"8059\" data-end=\"8062\" \/>Sparen Sie bei einem <strong data-start=\"8076\" data-end=\"8110\">k\u00fchl, trocken und dunkel lagern<\/strong>, ordnungsgem\u00e4\u00df verschlossen und au\u00dferhalb der Reichweite unbefugter Personen.<\/p>","protected":false},"excerpt":{"rendered":"<h2>4B-M\u00c4RZ \/ <b>4\u2032-Brom-4-methylaminorex <\/b>Eigenschaften<\/h2>\n<p><strong>Synonym: 4-Methyl-5-(4-bromphenyl)-4,5-dihydro-1,3-oxazol-2-amin<br \/>\nCAS-Nummer<\/strong>: NVT<br \/>\n<strong>Formel<\/strong>: <span title=\"Kohlenstoff\">C<\/span><sub>10<\/sub><span title=\"Wasserstoff\">H<\/span><sub>11<\/sub><span title=\"Fluor\">F<\/span><span title=\"Stickstoff\">N<\/span><sub>2<\/sub><span title=\"Sauerstoff\">O<\/span><br \/>\n<strong>Molare Masse<\/strong>: <span class=\"nowrap\">195.039<\/span> g mol<br \/>\n<strong>Reinheit<\/strong>: \u226598%<\/p>","protected":false},"featured_media":29235,"comment_status":"closed","ping_status":"closed","template":"","meta":[],"product_brand":[],"product_cat":[552],"product_tag":[1111,648,326],"class_list":{"0":"post-23807","1":"product","2":"type-product","3":"status-publish","4":"has-post-thumbnail","6":"product_cat-aminorex","7":"product_tag-4b-mar-kopen","8":"product_tag-4b-mar","9":"product_tag-nl","11":"first","12":"instock","13":"taxable","14":"shipping-taxable","15":"purchasable","16":"product-type-variable"},"_links":{"self":[{"href":"https:\/\/onderzoekschemicals.com\/de_at\/wp-json\/wp\/v2\/product\/23807","targetHints":{"allow":["GET"]}}],"collection":[{"href":"https:\/\/onderzoekschemicals.com\/de_at\/wp-json\/wp\/v2\/product"}],"about":[{"href":"https:\/\/onderzoekschemicals.com\/de_at\/wp-json\/wp\/v2\/types\/product"}],"replies":[{"embeddable":true,"href":"https:\/\/onderzoekschemicals.com\/de_at\/wp-json\/wp\/v2\/comments?post=23807"}],"version-history":[{"count":4,"href":"https:\/\/onderzoekschemicals.com\/de_at\/wp-json\/wp\/v2\/product\/23807\/revisions"}],"predecessor-version":[{"id":27952,"href":"https:\/\/onderzoekschemicals.com\/de_at\/wp-json\/wp\/v2\/product\/23807\/revisions\/27952"}],"wp:featuredmedia":[{"embeddable":true,"href":"https:\/\/onderzoekschemicals.com\/de_at\/wp-json\/wp\/v2\/media\/29235"}],"wp:attachment":[{"href":"https:\/\/onderzoekschemicals.com\/de_at\/wp-json\/wp\/v2\/media?parent=23807"}],"wp:term":[{"taxonomy":"product_brand","embeddable":true,"href":"https:\/\/onderzoekschemicals.com\/de_at\/wp-json\/wp\/v2\/product_brand?post=23807"},{"taxonomy":"product_cat","embeddable":true,"href":"https:\/\/onderzoekschemicals.com\/de_at\/wp-json\/wp\/v2\/product_cat?post=23807"},{"taxonomy":"product_tag","embeddable":true,"href":"https:\/\/onderzoekschemicals.com\/de_at\/wp-json\/wp\/v2\/product_tag?post=23807"}],"curies":[{"name":"wp","href":"https:\/\/api.w.org\/{rel}","templated":true}]}}