{"id":23722,"date":"2025-04-13T17:40:18","date_gmt":"2025-04-13T17:40:18","guid":{"rendered":"https:\/\/onderzoekschemicals.com\/?post_type=product&#038;p=23722"},"modified":"2025-11-28T07:48:13","modified_gmt":"2025-11-28T07:48:13","slug":"eutylone-kopen","status":"publish","type":"product","link":"https:\/\/onderzoekschemicals.com\/de_at\/shop\/verboden\/eutylone-kopen\/","title":{"rendered":"Eutylon"},"content":{"rendered":"<ul>\n<li>\n<p data-start=\"4883\" data-end=\"5071\"><strong data-start=\"4883\" data-end=\"4940\">Eutylon (\u03b2-Keto-1,3-benzodioxolyl-N-ethylbutanamin)<\/strong> ist ein <strong data-start=\"4948\" data-end=\"4972\">synthetisches Cathinon<\/strong> aus dem <strong data-start=\"4980\" data-end=\"5006\">\u03b2-Keto-Amphetamin-Gruppe<\/strong>, bezogen auf Verbindungen wie <strong data-start=\"5039\" data-end=\"5052\">Methylon<\/strong> Und <strong data-start=\"5056\" data-end=\"5068\">Butylon<\/strong>. Eutylon kaufen<\/p>\n<p data-start=\"5073\" data-end=\"5354\">Es wird verwendet als <strong data-start=\"5096\" data-end=\"5114\">Referenzsubstanz<\/strong> innerhalb der <strong data-start=\"5125\" data-end=\"5162\">forensische und analytische Chemie<\/strong> um Nachweismethoden zu validieren und Spektren zu vergleichen.<br data-start=\"5222\" data-end=\"5225\" \/>Eutylon ist <strong data-start=\"5237\" data-end=\"5292\">ausschlie\u00dflich f\u00fcr wissenschaftliche Forschung bestimmt<\/strong> Und <strong data-start=\"5296\" data-end=\"5353\">nicht f\u00fcr den menschlichen oder tierischen Verzehr geeignet<\/strong>.<\/p>\n<hr data-start=\"5356\" data-end=\"5359\" \/>\n<h3 data-start=\"5361\" data-end=\"5392\"><strong data-start=\"5365\" data-end=\"5392\">Hauptmerkmale<\/strong><\/h3>\n<ul data-start=\"5394\" data-end=\"5851\">\n<li data-start=\"5394\" data-end=\"5480\">\n<p data-start=\"5396\" data-end=\"5480\"><strong data-start=\"5396\" data-end=\"5416\">Hohe Reinheit:<\/strong> Hergestellt unter kontrollierten Laborbedingungen.<\/p>\n<\/li>\n<li data-start=\"5481\" data-end=\"5584\">\n<p data-start=\"5483\" data-end=\"5584\"><strong data-start=\"5483\" data-end=\"5522\">Zertifiziertes Referenzmaterial:<\/strong> Geliefert mit <strong data-start=\"5536\" data-end=\"5564\">Analysezertifikat (COA)<\/strong> und Chargendaten.<\/p>\n<\/li>\n<li data-start=\"5585\" data-end=\"5676\">\n<p data-start=\"5587\" data-end=\"5676\"><strong data-start=\"5587\" data-end=\"5617\">Chemische Charakterisierung:<\/strong> Geeignet f\u00fcr die Methodenentwicklung und Detektionsforschung.<\/p>\n<\/li>\n<li data-start=\"5677\" data-end=\"5763\">\n<p data-start=\"5679\" data-end=\"5763\"><strong data-start=\"5679\" data-end=\"5708\">Breite analytische Verwendung:<\/strong> Kompatibel mit <strong data-start=\"5724\" data-end=\"5733\">GC-MS<\/strong>, <strong data-start=\"5735\" data-end=\"5747\">LC-MS\/MS<\/strong>, Und <strong data-start=\"5752\" data-end=\"5760\">HPLC<\/strong>.<\/p>\n<\/li>\n<li data-start=\"5764\" data-end=\"5851\">\n<p data-start=\"5766\" data-end=\"5851\"><strong data-start=\"5766\" data-end=\"5791\">Lagerstabil:<\/strong> Beh\u00e4lt die chemische Integrit\u00e4t unter ordnungsgem\u00e4\u00dfen Lagerbedingungen bei.<\/p>\n<\/li>\n<\/ul>\n<hr data-start=\"5853\" data-end=\"5856\" \/>\n<h3 data-start=\"5858\" data-end=\"5875\"><strong data-start=\"5862\" data-end=\"5875\">Vorteile<\/strong><\/h3>\n<ul data-start=\"5877\" data-end=\"6345\">\n<li data-start=\"5877\" data-end=\"5985\">\n<p data-start=\"5879\" data-end=\"5985\"><strong data-start=\"5879\" data-end=\"5906\">Forensische Anwendung:<\/strong> Unterst\u00fctzt die Identifizierung synthetischer Cathinone in chemischen Analysen.<\/p>\n<\/li>\n<li data-start=\"5986\" data-end=\"6074\">\n<p data-start=\"5988\" data-end=\"6074\"><strong data-start=\"5988\" data-end=\"6015\">Zuverl\u00e4ssige Kalibrierung:<\/strong> Geeignet f\u00fcr die Methodenvalidierung und Ger\u00e4tekalibrierung.<\/p>\n<\/li>\n<li data-start=\"6075\" data-end=\"6173\">\n<p data-start=\"6077\" data-end=\"6173\"><strong data-start=\"6077\" data-end=\"6099\">Bildungswert:<\/strong> N\u00fctzlich f\u00fcr akademische Studien zu Struktur-Aktivit\u00e4ts-Beziehungen.<\/p>\n<\/li>\n<li data-start=\"6174\" data-end=\"6263\">\n<p data-start=\"6176\" data-end=\"6263\"><strong data-start=\"6176\" data-end=\"6203\">Konsistente Ergebnisse:<\/strong> Gew\u00e4hrleistet genaue und reproduzierbare Forschungsdaten.<\/p>\n<\/li>\n<li data-start=\"6264\" data-end=\"6345\">\n<p data-start=\"6266\" data-end=\"6345\"><strong data-start=\"6266\" data-end=\"6293\">Vollst\u00e4ndige Dokumentation:<\/strong> Lieferung mit Sicherheits- und Analysezertifikaten.<\/p>\n<\/li>\n<\/ul>\n<hr data-start=\"6347\" data-end=\"6350\" \/>\n<h3 data-start=\"6352\" data-end=\"6413\"><strong data-start=\"6356\" data-end=\"6413\">Gebrauchsanweisung (nur f\u00fcr Forschungszwecke)<\/strong><\/h3>\n<ol data-start=\"6415\" data-end=\"6735\">\n<li data-start=\"6415\" data-end=\"6511\">\n<p data-start=\"6418\" data-end=\"6511\"><strong data-start=\"6418\" data-end=\"6432\">Handhabung:<\/strong> Nur in zugelassenen Laboren mit entsprechender Sicherheitsausr\u00fcstung verwenden.<\/p>\n<\/li>\n<li data-start=\"6512\" data-end=\"6586\">\n<p data-start=\"6515\" data-end=\"6586\"><strong data-start=\"6515\" data-end=\"6533\">Vorbereitung:<\/strong> Verd\u00fcnnen oder bereiten Sie es gem\u00e4\u00df validierten Protokollen vor.<\/p>\n<\/li>\n<li data-start=\"6587\" data-end=\"6650\">\n<p data-start=\"6590\" data-end=\"6650\"><strong data-start=\"6590\" data-end=\"6601\">Lagerung:<\/strong> K\u00fchl, trocken und dunkel lagern, gut verschlossen.<\/p>\n<\/li>\n<li data-start=\"6651\" data-end=\"6735\">\n<p data-start=\"6654\" data-end=\"6735\"><strong data-start=\"6654\" data-end=\"6665\">Entsorgung:<\/strong> Entsorgen Sie Reste gem\u00e4\u00df den \u00f6rtlichen Vorschriften f\u00fcr Chemieabf\u00e4lle.<\/p>\n<\/li>\n<\/ol>\n<hr data-start=\"6737\" data-end=\"6740\" \/>\n<h3 data-start=\"6742\" data-end=\"6776\"><strong data-start=\"6746\" data-end=\"6776\">Sicherheit und Compliance<\/strong><\/h3>\n<ul data-start=\"6778\" data-end=\"7229\">\n<li data-start=\"6778\" data-end=\"6872\">\n<p data-start=\"6780\" data-end=\"6872\"><strong data-start=\"6780\" data-end=\"6816\">Nur f\u00fcr den Laborgebrauch:<\/strong> Nicht f\u00fcr den menschlichen oder tierischen Verzehr bestimmt.<\/p>\n<\/li>\n<li data-start=\"6873\" data-end=\"6998\">\n<p data-start=\"6875\" data-end=\"6998\"><strong data-start=\"6875\" data-end=\"6903\">Rechtliche Hinweise:<\/strong> Der Rechtsstatus von Eutylone ist von Land zu Land unterschiedlich. \u00dcberpr\u00fcfen Sie immer die \u00f6rtlichen Gesetze.<\/p>\n<\/li>\n<li data-start=\"6999\" data-end=\"7104\">\n<p data-start=\"7001\" data-end=\"7104\"><strong data-start=\"7001\" data-end=\"7029\">Gesundheit und Sicherheit:<\/strong> Kontakt und Einatmen vermeiden; Standard-Laborsicherheitsausr\u00fcstung verwenden. Eutylon kaufen<\/p>\n<\/li>\n<li data-start=\"7105\" data-end=\"7229\">\n<p data-start=\"7107\" data-end=\"7229\"><strong data-start=\"7107\" data-end=\"7124\">Dokumentation:<\/strong> A <strong data-start=\"7129\" data-end=\"7165\">Sicherheitsdatenblatt (MSDS)<\/strong> Und <strong data-start=\"7169\" data-end=\"7197\">Analysezertifikat (COA)<\/strong> sind auf Anfrage erh\u00e4ltlich.<\/p>\n<\/li>\n<\/ul>\n<hr data-start=\"7231\" data-end=\"7234\" \/>\n<h3 data-start=\"7236\" data-end=\"7271\"><strong data-start=\"7240\" data-end=\"7271\">H\u00e4ufig gestellte Fragen (FAQs)<\/strong><\/h3>\n<p data-start=\"7273\" data-end=\"7408\"><strong data-start=\"7273\" data-end=\"7313\">1. Wof\u00fcr wird Eutylone angewendet?<\/strong><br data-start=\"7313\" data-end=\"7316\" \/>Eutylon wird verwendet als <strong data-start=\"7344\" data-end=\"7367\">Referenzmaterial<\/strong> f\u00fcr chemische und forensische Forschung.<\/p>\n<p data-start=\"7410\" data-end=\"7585\"><strong data-start=\"7410\" data-end=\"7465\">2. Ist Eutylone f\u00fcr den menschlichen Verzehr geeignet?<\/strong><br data-start=\"7465\" data-end=\"7468\" \/>Nein. Es ist <strong data-start=\"7480\" data-end=\"7535\">ausschlie\u00dflich f\u00fcr wissenschaftliche Forschung bestimmt<\/strong> Und <strong data-start=\"7539\" data-end=\"7582\">nicht f\u00fcr den menschlichen Gebrauch zugelassen<\/strong>.<\/p>\n<p data-start=\"7587\" data-end=\"7714\"><strong data-start=\"7587\" data-end=\"7630\">3. Wie ist Eutylone aufzubewahren?<\/strong><br data-start=\"7630\" data-end=\"7633\" \/>K\u00fchl, trocken und dunkel lagern, gut verschlossen und au\u00dferhalb der Reichweite von Unbefugten.<\/p>\n<p class=\"ds-markdown-paragraph\"><span dir=\"auto\" style=\"vertical-align: inherit;\"><span dir=\"auto\" style=\"vertical-align: inherit;\">, <\/span><\/span><a href=\"https:\/\/onderzoekschemicals.com\/de_at\/shop\/iboga-ibogaine\/buy-ibogaine-hcl-online\/\"><span dir=\"auto\" style=\"vertical-align: inherit;\"><span dir=\"auto\" style=\"vertical-align: inherit;\">Kaufen Sie Ibogain HCL <\/span><\/span><\/a><a href=\"https:\/\/onderzoekschemicals.com\/de_at\/shop\/iboga-ibogaine\/iboga-root-bark\/\"><span dir=\"auto\" style=\"vertical-align: inherit;\"><span dir=\"auto\" style=\"vertical-align: inherit;\">Iboga-Wurzelrinde <\/span><\/span><\/a><a href=\"https:\/\/onderzoekschemicals.com\/de_at\/shop\/lysergamides\/1cp-lsd\/\"><span dir=\"auto\" style=\"vertical-align: inherit;\"><span dir=\"auto\" style=\"vertical-align: inherit;\">1cP-LSD 150 MCG Art Blotters <\/span><\/span><\/a><a href=\"https:\/\/onderzoekschemicals.com\/de_at\/shop\/pellets\/o-dsmt-50mg-pellets\/\"><span dir=\"auto\" style=\"vertical-align: inherit;\"><span dir=\"auto\" style=\"vertical-align: inherit;\">O-DSMT 50 mg Pellets <\/span><\/span><\/a><a href=\"https:\/\/onderzoekschemicals.com\/de_at\/shop\/lysergamides\/1v-lsd-150-mcg-blotters\/\"><span dir=\"auto\" style=\"vertical-align: inherit;\"><span dir=\"auto\" style=\"vertical-align: inherit;\">1V-LSD 150 MCG Blotter<\/span><\/span><\/a><\/p>\n<\/li>\n<\/ul>","protected":false},"excerpt":{"rendered":"<h2><span style=\"vertical-align: inherit;\"><span style=\"vertical-align: inherit;\"><span style=\"vertical-align: inherit;\"><span style=\"vertical-align: inherit;\"><span dir=\"auto\" style=\"vertical-align: inherit;\"><span dir=\"auto\" style=\"vertical-align: inherit;\">Eutylon-Eigenschaften<\/span><\/span><\/span><\/span><\/span><\/span><\/h2>\n<p><strong><span style=\"vertical-align: inherit;\"><span style=\"vertical-align: inherit;\"><span style=\"vertical-align: inherit;\"><span style=\"vertical-align: inherit;\"><span dir=\"auto\" style=\"vertical-align: inherit;\"><span dir=\"auto\" style=\"vertical-align: inherit;\">Synonym<\/span><\/span><\/span><\/span><\/span><\/span><\/strong><span style=\"vertical-align: inherit;\"><span style=\"vertical-align: inherit;\"><span style=\"vertical-align: inherit;\"><span style=\"vertical-align: inherit;\"><span dir=\"auto\" style=\"vertical-align: inherit;\"><span dir=\"auto\" style=\"vertical-align: inherit;\"> : <\/span><\/span><\/span><\/span><\/span><\/span><b><span style=\"vertical-align: inherit;\"><span style=\"vertical-align: inherit;\"><span style=\"vertical-align: inherit;\"><span style=\"vertical-align: inherit;\"><span dir=\"auto\" style=\"vertical-align: inherit;\"><span dir=\"auto\" style=\"vertical-align: inherit;\">\u03b2-Keto-1,3-benzodioxolyl-<\/span><\/span><\/span><\/span><\/span><\/span><i><\/i><\/b><span style=\"vertical-align: inherit;\"><sub><span style=\"vertical-align: inherit;\"><span style=\"vertical-align: inherit;\"><span style=\"vertical-align: inherit;\"><span dir=\"auto\" style=\"vertical-align: inherit;\"><span dir=\"auto\" style=\"vertical-align: inherit;\">N <\/span><\/span><\/span><\/span><\/span><\/sub><b><i><span style=\"vertical-align: inherit;\"><span style=\"vertical-align: inherit;\"><span style=\"vertical-align: inherit;\"><span dir=\"auto\" style=\"vertical-align: inherit;\"><span dir=\"auto\" style=\"vertical-align: inherit;\">-Ethylbutanamin<\/span><\/span><\/span><\/span><\/span><\/i><\/b><b><span style=\"vertical-align: inherit;\"><span style=\"vertical-align: inherit;\"><span style=\"vertical-align: inherit;\"><span dir=\"auto\" style=\"vertical-align: inherit;\"><span dir=\"auto\" style=\"vertical-align: inherit;\"> Hydrochlorid <\/span><\/span><\/span><\/span><\/span><\/b><\/span><br \/>\n<strong><span style=\"vertical-align: inherit;\"><span style=\"vertical-align: inherit;\"><span style=\"vertical-align: inherit;\"><span style=\"vertical-align: inherit;\"><span dir=\"auto\" style=\"vertical-align: inherit;\"><span dir=\"auto\" style=\"vertical-align: inherit;\">CAS-Nummer<\/span><\/span><\/span><\/span><\/span><\/span><\/strong><span style=\"vertical-align: inherit;\"><span style=\"vertical-align: inherit;\"><span style=\"vertical-align: inherit;\"><span style=\"vertical-align: inherit;\"><span dir=\"auto\" style=\"vertical-align: inherit;\"><span dir=\"auto\" style=\"vertical-align: inherit;\"> : 17764-18-0 <\/span><\/span><\/span><\/span><\/span><\/span><br \/>\n<strong><span style=\"vertical-align: inherit;\"><span style=\"vertical-align: inherit;\"><span style=\"vertical-align: inherit;\"><span style=\"vertical-align: inherit;\"><span dir=\"auto\" style=\"vertical-align: inherit;\"><span dir=\"auto\" style=\"vertical-align: inherit;\">Formel<\/span><\/span><\/span><\/span><\/span><\/span><\/strong><span style=\"vertical-align: inherit;\"><span style=\"vertical-align: inherit;\"><span style=\"vertical-align: inherit;\"><span style=\"vertical-align: inherit;\"><span dir=\"auto\" style=\"vertical-align: inherit;\"><span dir=\"auto\" style=\"vertical-align: inherit;\"> : <\/span><\/span><\/span><\/span><\/span><\/span><span title=\"Kohlenstoff\"><span style=\"vertical-align: inherit;\"><span style=\"vertical-align: inherit;\"><span style=\"vertical-align: inherit;\"><span style=\"vertical-align: inherit;\"><span dir=\"auto\" style=\"vertical-align: inherit;\"><span dir=\"auto\" style=\"vertical-align: inherit;\">C <\/span><\/span><\/span><\/span><\/span><\/span><\/span><sub><span style=\"vertical-align: inherit;\"><span style=\"vertical-align: inherit;\"><span style=\"vertical-align: inherit;\"><span style=\"vertical-align: inherit;\"><span dir=\"auto\" style=\"vertical-align: inherit;\"><span dir=\"auto\" style=\"vertical-align: inherit;\">13 <\/span><\/span><\/span><\/span><\/span><\/span><\/sub><span title=\"Wasserstoff\"><span style=\"vertical-align: inherit;\"><span style=\"vertical-align: inherit;\"><span style=\"vertical-align: inherit;\"><span style=\"vertical-align: inherit;\"><span dir=\"auto\" style=\"vertical-align: inherit;\"><span dir=\"auto\" style=\"vertical-align: inherit;\">H <\/span><\/span><\/span><\/span><\/span><\/span><\/span><sub><span style=\"vertical-align: inherit;\"><span style=\"vertical-align: inherit;\"><span style=\"vertical-align: inherit;\"><span style=\"vertical-align: inherit;\"><span dir=\"auto\" style=\"vertical-align: inherit;\"><span dir=\"auto\" style=\"vertical-align: inherit;\">17 <\/span><\/span><\/span><\/span><\/span><\/span><\/sub><span title=\"Stickstoff\"><span style=\"vertical-align: inherit;\"><span style=\"vertical-align: inherit;\"><span style=\"vertical-align: inherit;\"><span style=\"vertical-align: inherit;\"><span dir=\"auto\" style=\"vertical-align: inherit;\"><span dir=\"auto\" style=\"vertical-align: inherit;\">NEIN <\/span><\/span><\/span><\/span><\/span><\/span><\/span><span title=\"Sauerstoff\"><span style=\"vertical-align: inherit;\"><span style=\"vertical-align: inherit;\"><span style=\"vertical-align: inherit;\"><span style=\"vertical-align: inherit;\"><span dir=\"auto\" style=\"vertical-align: inherit;\"><span dir=\"auto\" style=\"vertical-align: inherit;\">3<\/span><\/span><\/span><\/span><\/span><\/span><\/span><span style=\"vertical-align: inherit;\"><span style=\"vertical-align: inherit;\"><span style=\"vertical-align: inherit;\"><span style=\"vertical-align: inherit;\"><span dir=\"auto\" style=\"vertical-align: inherit;\"><span dir=\"auto\" style=\"vertical-align: inherit;\"> \u2022 HCL <\/span><\/span><\/span><\/span><\/span><strong><span style=\"vertical-align: inherit;\"><span style=\"vertical-align: inherit;\"><span style=\"vertical-align: inherit;\"><span dir=\"auto\" style=\"vertical-align: inherit;\"><span dir=\"auto\" style=\"vertical-align: inherit;\">Molare Masse<\/span><\/span><\/span><\/span><\/span><\/strong><span style=\"vertical-align: inherit;\"><span style=\"vertical-align: inherit;\"><span style=\"vertical-align: inherit;\"><span dir=\"auto\" style=\"vertical-align: inherit;\"><span dir=\"auto\" style=\"vertical-align: inherit;\"> : 235.283 <\/span><\/span><\/span><\/span><\/span><strong><span style=\"vertical-align: inherit;\"><span style=\"vertical-align: inherit;\"><span style=\"vertical-align: inherit;\"><span dir=\"auto\" style=\"vertical-align: inherit;\"><span dir=\"auto\" style=\"vertical-align: inherit;\">Reinheit<\/span><\/span><\/span><\/span><\/span><\/strong><span style=\"vertical-align: inherit;\"><span style=\"vertical-align: inherit;\"><span style=\"vertical-align: inherit;\"><span dir=\"auto\" style=\"vertical-align: inherit;\"><span dir=\"auto\" style=\"vertical-align: inherit;\"> : \u226598%<\/span><\/span><\/span><\/span><\/span><\/span><\/p>","protected":false},"featured_media":29331,"comment_status":"closed","ping_status":"closed","template":"","meta":[],"product_brand":[],"product_cat":[488],"product_tag":[1125,584,326],"class_list":{"0":"post-23722","1":"product","2":"type-product","3":"status-publish","4":"has-post-thumbnail","6":"product_cat-verboden","7":"product_tag-eutylone-2","8":"product_tag-eutylone-kopen","9":"product_tag-nl","11":"first","12":"instock","13":"taxable","14":"shipping-taxable","15":"purchasable","16":"product-type-variable"},"_links":{"self":[{"href":"https:\/\/onderzoekschemicals.com\/de_at\/wp-json\/wp\/v2\/product\/23722","targetHints":{"allow":["GET"]}}],"collection":[{"href":"https:\/\/onderzoekschemicals.com\/de_at\/wp-json\/wp\/v2\/product"}],"about":[{"href":"https:\/\/onderzoekschemicals.com\/de_at\/wp-json\/wp\/v2\/types\/product"}],"replies":[{"embeddable":true,"href":"https:\/\/onderzoekschemicals.com\/de_at\/wp-json\/wp\/v2\/comments?post=23722"}],"version-history":[{"count":5,"href":"https:\/\/onderzoekschemicals.com\/de_at\/wp-json\/wp\/v2\/product\/23722\/revisions"}],"predecessor-version":[{"id":27971,"href":"https:\/\/onderzoekschemicals.com\/de_at\/wp-json\/wp\/v2\/product\/23722\/revisions\/27971"}],"wp:featuredmedia":[{"embeddable":true,"href":"https:\/\/onderzoekschemicals.com\/de_at\/wp-json\/wp\/v2\/media\/29331"}],"wp:attachment":[{"href":"https:\/\/onderzoekschemicals.com\/de_at\/wp-json\/wp\/v2\/media?parent=23722"}],"wp:term":[{"taxonomy":"product_brand","embeddable":true,"href":"https:\/\/onderzoekschemicals.com\/de_at\/wp-json\/wp\/v2\/product_brand?post=23722"},{"taxonomy":"product_cat","embeddable":true,"href":"https:\/\/onderzoekschemicals.com\/de_at\/wp-json\/wp\/v2\/product_cat?post=23722"},{"taxonomy":"product_tag","embeddable":true,"href":"https:\/\/onderzoekschemicals.com\/de_at\/wp-json\/wp\/v2\/product_tag?post=23722"}],"curies":[{"name":"wp","href":"https:\/\/api.w.org\/{rel}","templated":true}]}}