{"id":23670,"date":"2025-04-13T17:40:12","date_gmt":"2025-04-13T17:40:12","guid":{"rendered":"https:\/\/onderzoekschemicals.com\/?post_type=product&#038;p=23670"},"modified":"2025-10-18T13:08:25","modified_gmt":"2025-10-18T13:08:25","slug":"1cp-mipla-200-mcg-blotters","status":"publish","type":"product","link":"https:\/\/onderzoekschemicals.com\/de_at\/shop\/1cp-mipla\/1cp-mipla-200-mcg-blotters\/","title":{"rendered":"1cP-MiPLA 200 MCG Blotter"},"content":{"rendered":"<h1><span dir=\"auto\" style=\"vertical-align: inherit;\"><span dir=\"auto\" style=\"vertical-align: inherit;\">1cP-MiPLA 200 mcg Blotters \u2013 Wissenschaftliche Produktbeschreibung<\/span><\/span><\/h1>\n<p data-start=\"5212\" data-end=\"5495\"><strong data-start=\"5212\" data-end=\"5276\">1cP-MiPLA (1-Cyclopropionyl-N-methyl-N-isopropyllysergamid)<\/strong> ist ein <strong data-start=\"5284\" data-end=\"5310\">Lysergamidverbindung<\/strong>, bezogen auf <strong data-start=\"5324\" data-end=\"5331\">LSD<\/strong> Und <strong data-start=\"5335\" data-end=\"5344\">MiPLA<\/strong>.<br data-start=\"5345\" data-end=\"5348\" \/>Es wird verwendet als <strong data-start=\"5371\" data-end=\"5389\">Referenzsubstanz<\/strong> In <strong data-start=\"5393\" data-end=\"5435\">forensische und analytische Labore<\/strong> f\u00fcr <strong data-start=\"5441\" data-end=\"5492\">Validierung, Kalibrierung und Spektrenvergleich<\/strong>.<\/p>\n<p data-start=\"5497\" data-end=\"5737\">Der <strong data-start=\"5500\" data-end=\"5522\">200 \u00b5g Blotterform<\/strong> bietet eine standardisierte Dosierung f\u00fcr genaue und reproduzierbare Analysen.<br data-start=\"5602\" data-end=\"5605\" \/>Dieses Produkt ist <strong data-start=\"5620\" data-end=\"5675\">ausschlie\u00dflich f\u00fcr wissenschaftliche Forschung bestimmt<\/strong> Und <strong data-start=\"5679\" data-end=\"5736\">nicht f\u00fcr den menschlichen oder tierischen Verzehr geeignet<\/strong>.<\/p>\n<hr data-start=\"5739\" data-end=\"5742\" \/>\n<h3 data-start=\"5744\" data-end=\"5775\"><strong data-start=\"5748\" data-end=\"5775\">Hauptmerkmale<\/strong><\/h3>\n<ul data-start=\"5777\" data-end=\"6221\">\n<li data-start=\"5777\" data-end=\"5858\">\n<p data-start=\"5779\" data-end=\"5858\"><strong data-start=\"5779\" data-end=\"5799\">Hohe Reinheit:<\/strong> Hergestellt unter kontrollierten Laborbedingungen.<\/p>\n<\/li>\n<li data-start=\"5859\" data-end=\"5948\">\n<p data-start=\"5861\" data-end=\"5948\"><strong data-start=\"5861\" data-end=\"5893\">Standardisierte Dosierung:<\/strong> 200 \u00b5g pro Blotter f\u00fcr konsistente Analysemethoden.<\/p>\n<\/li>\n<li data-start=\"5949\" data-end=\"6054\">\n<p data-start=\"5951\" data-end=\"6054\"><strong data-start=\"5951\" data-end=\"5990\">Zertifiziertes Referenzmaterial:<\/strong> Geliefert mit <strong data-start=\"6004\" data-end=\"6032\">Analysezertifikat (COA)<\/strong> und Chargeninformationen.<\/p>\n<\/li>\n<li data-start=\"6055\" data-end=\"6150\">\n<p data-start=\"6057\" data-end=\"6150\"><strong data-start=\"6057\" data-end=\"6088\">Analytisch breit einsetzbar:<\/strong> Passend f\u00fcr <strong data-start=\"6103\" data-end=\"6111\">HPLC<\/strong>, <strong data-start=\"6113\" data-end=\"6125\">LC-MS\/MS<\/strong>, Und <strong data-start=\"6130\" data-end=\"6138\">FTIR<\/strong> Analysen.<\/p>\n<\/li>\n<li data-start=\"6151\" data-end=\"6221\">\n<p data-start=\"6153\" data-end=\"6221\"><strong data-start=\"6153\" data-end=\"6178\">Stabile Formulierung:<\/strong> Beh\u00e4lt bei richtiger Lagerung die Stabilit\u00e4t.<\/p>\n<\/li>\n<\/ul>\n<hr data-start=\"6223\" data-end=\"6226\" \/>\n<h3 data-start=\"6228\" data-end=\"6245\"><strong data-start=\"6232\" data-end=\"6245\">Vorteile<\/strong><\/h3>\n<ul data-start=\"6247\" data-end=\"6660\">\n<li data-start=\"6247\" data-end=\"6328\">\n<p data-start=\"6249\" data-end=\"6328\"><strong data-start=\"6249\" data-end=\"6276\">Forensische Anwendung:<\/strong> Hilft bei der Identifizierung von Lysergamid-Analoga.<\/p>\n<\/li>\n<li data-start=\"6329\" data-end=\"6418\">\n<p data-start=\"6331\" data-end=\"6418\"><strong data-start=\"6331\" data-end=\"6358\">Zuverl\u00e4ssige Kalibrierung:<\/strong> Gew\u00e4hrleistet konsistente und reproduzierbare Messergebnisse.<\/p>\n<\/li>\n<li data-start=\"6419\" data-end=\"6494\">\n<p data-start=\"6421\" data-end=\"6494\"><strong data-start=\"6421\" data-end=\"6443\">Bildungswert:<\/strong> Geeignet f\u00fcr akademische Forschungsprogramme.<\/p>\n<\/li>\n<li data-start=\"6495\" data-end=\"6560\">\n<p data-start=\"6497\" data-end=\"6560\"><strong data-start=\"6497\" data-end=\"6524\">Vollst\u00e4ndige Dokumentation:<\/strong> Geliefert mit <strong data-start=\"6538\" data-end=\"6546\">Sicherheitsdatenblatt<\/strong> Und <strong data-start=\"6550\" data-end=\"6557\">Echtheitszertifikat<\/strong>.<\/p>\n<\/li>\n<li data-start=\"6561\" data-end=\"6660\">\n<p data-start=\"6563\" data-end=\"6660\"><strong data-start=\"6563\" data-end=\"6597\">Erf\u00fcllt Sicherheitsstandards:<\/strong> Hergestellt nach internationalen Laborrichtlinien.<\/p>\n<\/li>\n<\/ul>\n<hr data-start=\"6662\" data-end=\"6665\" \/>\n<h3 data-start=\"6667\" data-end=\"6728\"><strong data-start=\"6671\" data-end=\"6728\">Gebrauchsanweisung (nur f\u00fcr Forschungszwecke)<\/strong><\/h3>\n<ol data-start=\"6730\" data-end=\"7058\">\n<li data-start=\"6730\" data-end=\"6827\">\n<p data-start=\"6733\" data-end=\"6827\"><strong data-start=\"6733\" data-end=\"6747\">Handhabung:<\/strong> Nur in akkreditierten Laboren mit entsprechender Sicherheitsausr\u00fcstung verwenden.<\/p>\n<\/li>\n<li data-start=\"6828\" data-end=\"6903\">\n<p data-start=\"6831\" data-end=\"6903\"><strong data-start=\"6831\" data-end=\"6846\">Anwendung:<\/strong> Verwenden Sie L\u00f6schbl\u00e4tter f\u00fcr Kalibrierungs- oder Nachweisstudien.<\/p>\n<\/li>\n<li data-start=\"6904\" data-end=\"6967\">\n<p data-start=\"6907\" data-end=\"6967\"><strong data-start=\"6907\" data-end=\"6918\">Lagerung:<\/strong> K\u00fchl, trocken und dunkel lagern, gut verschlossen.<\/p>\n<\/li>\n<li data-start=\"6968\" data-end=\"7058\">\n<p data-start=\"6971\" data-end=\"7058\"><strong data-start=\"6971\" data-end=\"6982\">Entsorgung:<\/strong> Entsorgen Sie R\u00fcckst\u00e4nde gem\u00e4\u00df den \u00f6rtlichen Vorschriften zur Entsorgung chemischer Abf\u00e4lle.<\/p>\n<\/li>\n<\/ol>\n<hr data-start=\"7060\" data-end=\"7063\" \/>\n<h3 data-start=\"7065\" data-end=\"7099\"><strong data-start=\"7069\" data-end=\"7099\">Sicherheit und Compliance<\/strong><\/h3>\n<ul data-start=\"7101\" data-end=\"7510\">\n<li data-start=\"7101\" data-end=\"7196\">\n<p data-start=\"7103\" data-end=\"7196\"><strong data-start=\"7103\" data-end=\"7139\">Nur f\u00fcr den Laborgebrauch:<\/strong> Nicht f\u00fcr den menschlichen oder tierischen Verzehr geeignet.<\/p>\n<\/li>\n<li data-start=\"7197\" data-end=\"7301\">\n<p data-start=\"7199\" data-end=\"7301\"><strong data-start=\"7199\" data-end=\"7227\">Rechtliche Hinweise:<\/strong> \u00dcberpr\u00fcfen Sie immer die \u00f6rtlichen Vorschriften zu Lysergamidverbindungen.<\/p>\n<\/li>\n<li data-start=\"7302\" data-end=\"7385\">\n<p data-start=\"7304\" data-end=\"7385\"><strong data-start=\"7304\" data-end=\"7332\">Gesundheit und Sicherheit:<\/strong> Kontakt oder Einatmen vermeiden; geeignete pers\u00f6nliche Schutzausr\u00fcstung tragen.<\/p>\n<\/li>\n<li data-start=\"7386\" data-end=\"7510\">\n<p data-start=\"7388\" data-end=\"7510\"><strong data-start=\"7388\" data-end=\"7405\">Dokumentation:<\/strong> A <strong data-start=\"7410\" data-end=\"7446\">Sicherheitsdatenblatt (MSDS)<\/strong> Und <strong data-start=\"7450\" data-end=\"7478\">Analysezertifikat (COA)<\/strong> sind auf Anfrage erh\u00e4ltlich.<\/p>\n<\/li>\n<\/ul>\n<hr data-start=\"7512\" data-end=\"7515\" \/>\n<h3 data-start=\"7517\" data-end=\"7552\"><strong data-start=\"7521\" data-end=\"7552\">H\u00e4ufig gestellte Fragen (FAQs)<\/strong><\/h3>\n<p data-start=\"7554\" data-end=\"7704\"><strong data-start=\"7554\" data-end=\"7612\">1. Wof\u00fcr werden 1cP-MiPLA 200 \u00b5g Blotter verwendet?<\/strong><br data-start=\"7612\" data-end=\"7615\" \/>Sie werden verwendet als <strong data-start=\"7638\" data-end=\"7661\">Referenzmaterial<\/strong> in forensischen und chemischen Laboren.<\/p>\n<p data-start=\"7706\" data-end=\"7879\"><strong data-start=\"7706\" data-end=\"7768\">2. Sind diese L\u00f6schbl\u00e4tter f\u00fcr den menschlichen Verzehr geeignet?<\/strong><br data-start=\"7768\" data-end=\"7771\" \/>Nein. Dieses Produkt ist <strong data-start=\"7791\" data-end=\"7829\">nur f\u00fcr Forschungszwecke bestimmt<\/strong> Und <strong data-start=\"7833\" data-end=\"7876\">nicht f\u00fcr den menschlichen Gebrauch zugelassen<\/strong>.<\/p>\n<p data-start=\"7881\" data-end=\"8020\"><strong data-start=\"7881\" data-end=\"7936\">3. Wie sollten 1cP-MiPLA-Blotter gelagert werden?<\/strong><br data-start=\"7936\" data-end=\"7939\" \/>K\u00fchl, trocken und dunkel lagern, gut verschlossen und au\u00dferhalb der Reichweite von Unbefugten.<\/p>\n<p><a href=\"https:\/\/onderzoekschemicals.com\/de_at\/shop\/bijna-verboden\/6-cl-adba\/\"><span dir=\"auto\" style=\"vertical-align: inherit;\"><span dir=\"auto\" style=\"vertical-align: inherit;\">6-CL-ADBA <\/span><\/span><\/a><a href=\"https:\/\/onderzoekschemicals.com\/de_at\/shop\/cathinonen\/2-cmc-kopen\/\"><span dir=\"auto\" style=\"vertical-align: inherit;\"><span dir=\"auto\" style=\"vertical-align: inherit;\">2-CMC 250 mg Pellets <\/span><\/span><\/a><a href=\"https:\/\/onderzoekschemicals.com\/de_at\/shop\/fenethylamine\/2c-ef-2mg-capsules\/\"><span dir=\"auto\" style=\"vertical-align: inherit;\"><span dir=\"auto\" style=\"vertical-align: inherit;\">2C-EF 2 mg Kapseln <\/span><\/span><\/a><a href=\"https:\/\/onderzoekschemicals.com\/de_at\/shop\/overig\/meai\/\"><span dir=\"auto\" style=\"vertical-align: inherit;\"><span dir=\"auto\" style=\"vertical-align: inherit;\">MEAI<\/span><\/span><\/a><\/p>","protected":false},"excerpt":{"rendered":"<h3><span data-sheets-value=\"{\" data-sheets-userformat=\"{\"><span dir=\"auto\" style=\"vertical-align: inherit;\"><span dir=\"auto\" style=\"vertical-align: inherit;\">1cP-MIPLA 200 MCG Blotters properties<\/span><\/span><\/span><\/h3>\n<p><strong><span dir=\"auto\" style=\"vertical-align: inherit;\"><span dir=\"auto\" style=\"vertical-align: inherit;\">Synonym:<\/span><\/span><\/strong><span dir=\"auto\" style=\"vertical-align: inherit;\"><span dir=\"auto\" style=\"vertical-align: inherit;\"> 1-cyclopropionyl-lysergic acid N, N-methylisopropylamide <\/span><\/span><br \/>\n<strong><span dir=\"auto\" style=\"vertical-align: inherit;\"><span dir=\"auto\" style=\"vertical-align: inherit;\">CAS Number:<\/span><\/span><\/strong><span dir=\"auto\" style=\"vertical-align: inherit;\"><span dir=\"auto\" style=\"vertical-align: inherit;\"> n\/a <\/span><\/span><br \/>\n<strong><span dir=\"auto\" style=\"vertical-align: inherit;\"><span dir=\"auto\" style=\"vertical-align: inherit;\">Formula:<\/span><\/span><\/strong><span dir=\"auto\" style=\"vertical-align: inherit;\"><span dir=\"auto\" style=\"vertical-align: inherit;\"> (6aR,9R)-4-(cyclopropanecarbonyl)-N-isopropyl-N,7-dimethyl-4,6,6a,7,8,9-hexahydroindolo[4,3-fg]quinoline-9-carboxamide <\/span><\/span><br \/>\n<strong><span dir=\"auto\" style=\"vertical-align: inherit;\"><span dir=\"auto\" style=\"vertical-align: inherit;\">Molar mass:<\/span><\/span><\/strong><span dir=\"auto\" style=\"vertical-align: inherit;\"><span dir=\"auto\" style=\"vertical-align: inherit;\"> 454.5 g\/mol <\/span><\/span><br \/>\n<strong><span dir=\"auto\" style=\"vertical-align: inherit;\"><span dir=\"auto\" style=\"vertical-align: inherit;\">Purity:<\/span><\/span><\/strong><span dir=\"auto\" style=\"vertical-align: inherit;\"><span dir=\"auto\" style=\"vertical-align: inherit;\"> &gt;97%<\/span><\/span><\/p>\n","protected":false},"featured_media":20620,"comment_status":"closed","ping_status":"closed","template":"","meta":[],"product_brand":[82],"product_cat":[361,358],"product_tag":[1136,642,326],"class_list":{"0":"post-23670","1":"product","2":"type-product","3":"status-publish","4":"has-post-thumbnail","6":"product_brand-research-chemical","7":"product_cat-1cp-mipla","8":"product_cat-lysergamides","9":"product_tag-1cp-mipla-kopen","10":"product_tag-1cp-mipla","11":"product_tag-nl","13":"first","14":"instock","15":"taxable","16":"shipping-taxable","17":"purchasable","18":"product-type-variable"},"_links":{"self":[{"href":"https:\/\/onderzoekschemicals.com\/de_at\/wp-json\/wp\/v2\/product\/23670","targetHints":{"allow":["GET"]}}],"collection":[{"href":"https:\/\/onderzoekschemicals.com\/de_at\/wp-json\/wp\/v2\/product"}],"about":[{"href":"https:\/\/onderzoekschemicals.com\/de_at\/wp-json\/wp\/v2\/types\/product"}],"replies":[{"embeddable":true,"href":"https:\/\/onderzoekschemicals.com\/de_at\/wp-json\/wp\/v2\/comments?post=23670"}],"version-history":[{"count":5,"href":"https:\/\/onderzoekschemicals.com\/de_at\/wp-json\/wp\/v2\/product\/23670\/revisions"}],"predecessor-version":[{"id":27984,"href":"https:\/\/onderzoekschemicals.com\/de_at\/wp-json\/wp\/v2\/product\/23670\/revisions\/27984"}],"wp:featuredmedia":[{"embeddable":true,"href":"https:\/\/onderzoekschemicals.com\/de_at\/wp-json\/wp\/v2\/media\/20620"}],"wp:attachment":[{"href":"https:\/\/onderzoekschemicals.com\/de_at\/wp-json\/wp\/v2\/media?parent=23670"}],"wp:term":[{"taxonomy":"product_brand","embeddable":true,"href":"https:\/\/onderzoekschemicals.com\/de_at\/wp-json\/wp\/v2\/product_brand?post=23670"},{"taxonomy":"product_cat","embeddable":true,"href":"https:\/\/onderzoekschemicals.com\/de_at\/wp-json\/wp\/v2\/product_cat?post=23670"},{"taxonomy":"product_tag","embeddable":true,"href":"https:\/\/onderzoekschemicals.com\/de_at\/wp-json\/wp\/v2\/product_tag?post=23670"}],"curies":[{"name":"wp","href":"https:\/\/api.w.org\/{rel}","templated":true}]}}