{"id":24848,"date":"2025-10-20T17:43:27","date_gmt":"2025-10-20T17:43:27","guid":{"rendered":"https:\/\/onderzoekschemicals.com\/?post_type=product&#038;p=24848"},"modified":"2025-11-28T04:09:50","modified_gmt":"2025-11-28T04:09:50","slug":"pagoclone","status":"publish","type":"product","link":"https:\/\/onderzoekschemicals.com\/de\/shop\/overig\/pagoclone\/","title":{"rendered":"Pagoclone 2 MG Blotters"},"content":{"rendered":"<h3 data-start=\"4159\" data-end=\"4178\"><strong data-start=\"4163\" data-end=\"4178\"><span dir=\"auto\" style=\"vertical-align: inherit;\"><span dir=\"auto\" style=\"vertical-align: inherit;\">Einf\u00fchrung<\/span><\/span><\/strong><\/h3>\n<p data-start=\"4179\" data-end=\"4532\"><span dir=\"auto\" style=\"vertical-align: inherit;\"><span dir=\"auto\" style=\"vertical-align: inherit;\">Unser <\/span><\/span><strong data-start=\"4184\" data-end=\"4211\"><span dir=\"auto\" style=\"vertical-align: inherit;\"><span dir=\"auto\" style=\"vertical-align: inherit;\">2 mg Forschungsblotter<\/span><\/span><\/strong><span dir=\"auto\" style=\"vertical-align: inherit;\"><span dir=\"auto\" style=\"vertical-align: inherit;\"> sind pr\u00e4zisionsgefertigt f\u00fcr <\/span><\/span><strong data-start=\"4255\" data-end=\"4306\"><span dir=\"auto\" style=\"vertical-align: inherit;\"><span dir=\"auto\" style=\"vertical-align: inherit;\">analytische, forensische und Labortests<\/span><\/span><\/strong><span dir=\"auto\" style=\"vertical-align: inherit;\"><span dir=\"auto\" style=\"vertical-align: inherit;\"> .\u00a0 <\/span><\/span><br data-start=\"4307\" data-end=\"4310\" \/><span dir=\"auto\" style=\"vertical-align: inherit;\"><span dir=\"auto\" style=\"vertical-align: inherit;\">Jeder L\u00f6scher wird unter <\/span><\/span><strong data-start=\"4348\" data-end=\"4392\"><span dir=\"auto\" style=\"vertical-align: inherit;\"><span dir=\"auto\" style=\"vertical-align: inherit;\">strenge Qualit\u00e4ts- und Sicherheitsstandards<\/span><\/span><\/strong><span dir=\"auto\" style=\"vertical-align: inherit;\"><span dir=\"auto\" style=\"vertical-align: inherit;\"> , Gew\u00e4hrleistung <\/span><\/span><strong data-start=\"4409\" data-end=\"4480\"><span dir=\"auto\" style=\"vertical-align: inherit;\"><span dir=\"auto\" style=\"vertical-align: inherit;\">Genaue Dosierung, gleichbleibende Qualit\u00e4t und zuverl\u00e4ssige Leistung<\/span><\/span><\/strong><span dir=\"auto\" style=\"vertical-align: inherit;\"><span dir=\"auto\" style=\"vertical-align: inherit;\"> in einem breiten Spektrum wissenschaftlicher Anwendungen.<\/span><\/span><\/p>\n<p data-start=\"4534\" data-end=\"4679\"><span dir=\"auto\" style=\"vertical-align: inherit;\"><span dir=\"auto\" style=\"vertical-align: inherit;\">Diese L\u00f6schbl\u00e4tter bieten <\/span><\/span><strong data-start=\"4555\" data-end=\"4589\"><span dir=\"auto\" style=\"vertical-align: inherit;\"><span dir=\"auto\" style=\"vertical-align: inherit;\">hohe Reinheit und Stabilit\u00e4t<\/span><\/span><\/strong><span dir=\"auto\" style=\"vertical-align: inherit;\"><span dir=\"auto\" style=\"vertical-align: inherit;\"> wodurch sie ideal sind f\u00fcr <\/span><\/span><strong data-start=\"4616\" data-end=\"4676\"><span dir=\"auto\" style=\"vertical-align: inherit;\"><span dir=\"auto\" style=\"vertical-align: inherit;\">Kalibrierung, vergleichende Studien und chemische Analysen<\/span><\/span><\/strong><span dir=\"auto\" style=\"vertical-align: inherit;\"><span dir=\"auto\" style=\"vertical-align: inherit;\"> .<\/span><\/span><\/p>\n<blockquote data-start=\"4680\" data-end=\"4789\">\n<p data-start=\"4682\" data-end=\"4789\">\u26a0\ufe0f <strong data-start=\"4685\" data-end=\"4789\"><span dir=\"auto\" style=\"vertical-align: inherit;\"><span dir=\"auto\" style=\"vertical-align: inherit;\">Nur f\u00fcr den Laborgebrauch. Nicht f\u00fcr den menschlichen oder tierischen Verzehr geeignet.<\/span><\/span><\/strong><\/p>\n<\/blockquote>\n<hr data-start=\"4791\" data-end=\"4794\" \/>\n<h3 data-start=\"4796\" data-end=\"4827\"><strong data-start=\"4800\" data-end=\"4827\"><span dir=\"auto\" style=\"vertical-align: inherit;\"><span dir=\"auto\" style=\"vertical-align: inherit;\">Hauptmerkmale<\/span><\/span><\/strong><\/h3>\n<ul data-start=\"4828\" data-end=\"5309\">\n<li data-start=\"4828\" data-end=\"4898\">\n<p data-start=\"4830\" data-end=\"4898\"><strong data-start=\"4830\" data-end=\"4856\"><span dir=\"auto\" style=\"vertical-align: inherit;\"><span dir=\"auto\" style=\"vertical-align: inherit;\">Hohe Reinheit (\u226599%)<\/span><\/span><\/strong><span dir=\"auto\" style=\"vertical-align: inherit;\"><span dir=\"auto\" style=\"vertical-align: inherit;\"> \u2013 Unabh\u00e4ngig getestet und verifiziert.<\/span><\/span><\/p>\n<\/li>\n<li data-start=\"4899\" data-end=\"4986\">\n<p data-start=\"4901\" data-end=\"4986\"><strong data-start=\"4901\" data-end=\"4943\"><span dir=\"auto\" style=\"vertical-align: inherit;\"><span dir=\"auto\" style=\"vertical-align: inherit;\">Pr\u00e4zise Dosierung oder 2 mg pro Blotter<\/span><\/span><\/strong><span dir=\"auto\" style=\"vertical-align: inherit;\"><span dir=\"auto\" style=\"vertical-align: inherit;\"> \u2013 F\u00fcr verl\u00e4ssliche Forschungsergebnisse.<\/span><\/span><\/p>\n<\/li>\n<li data-start=\"4987\" data-end=\"5069\">\n<p data-start=\"4989\" data-end=\"5069\"><strong data-start=\"4989\" data-end=\"5025\"><span dir=\"auto\" style=\"vertical-align: inherit;\"><span dir=\"auto\" style=\"vertical-align: inherit;\">Stabile chemische Zusammensetzung<\/span><\/span><\/strong><span dir=\"auto\" style=\"vertical-align: inherit;\"><span dir=\"auto\" style=\"vertical-align: inherit;\"> \u2013 Konzipiert f\u00fcr eine lange Haltbarkeit.<\/span><\/span><\/p>\n<\/li>\n<li data-start=\"5070\" data-end=\"5155\">\n<p data-start=\"5072\" data-end=\"5155\"><strong data-start=\"5072\" data-end=\"5097\"><span dir=\"auto\" style=\"vertical-align: inherit;\"><span dir=\"auto\" style=\"vertical-align: inherit;\">Laborqualit\u00e4t<\/span><\/span><\/strong><span dir=\"auto\" style=\"vertical-align: inherit;\"><span dir=\"auto\" style=\"vertical-align: inherit;\"> \u2013 Entspricht internationalen Forschungsstandards.<\/span><\/span><\/p>\n<\/li>\n<li data-start=\"5156\" data-end=\"5220\">\n<p data-start=\"5158\" data-end=\"5220\"><strong data-start=\"5158\" data-end=\"5184\"><span dir=\"auto\" style=\"vertical-align: inherit;\"><span dir=\"auto\" style=\"vertical-align: inherit;\">Lichtdichte Verpackung<\/span><\/span><\/strong><span dir=\"auto\" style=\"vertical-align: inherit;\"><span dir=\"auto\" style=\"vertical-align: inherit;\"> \u2013 Sch\u00fctzt vor Licht und Luft.<\/span><\/span><\/p>\n<\/li>\n<li data-start=\"5221\" data-end=\"5309\">\n<p data-start=\"5223\" data-end=\"5309\"><strong data-start=\"5223\" data-end=\"5256\"><span dir=\"auto\" style=\"vertical-align: inherit;\"><span dir=\"auto\" style=\"vertical-align: inherit;\">Nur f\u00fcr Forschungszwecke<\/span><\/span><\/strong><span dir=\"auto\" style=\"vertical-align: inherit;\"><span dir=\"auto\" style=\"vertical-align: inherit;\"> \u2013 Nur f\u00fcr wissenschaftliche Anwendungen.<\/span><\/span><\/p>\n<\/li>\n<\/ul>\n<hr data-start=\"5311\" data-end=\"5314\" \/>\n<h3 data-start=\"5316\" data-end=\"5333\"><strong data-start=\"5320\" data-end=\"5333\"><span dir=\"auto\" style=\"vertical-align: inherit;\"><span dir=\"auto\" style=\"vertical-align: inherit;\">Vorteile<\/span><\/span><\/strong><\/h3>\n<ul data-start=\"5334\" data-end=\"5778\">\n<li data-start=\"5334\" data-end=\"5424\">\n<p data-start=\"5336\" data-end=\"5424\"><strong data-start=\"5336\" data-end=\"5372\"><span dir=\"auto\" style=\"vertical-align: inherit;\"><span dir=\"auto\" style=\"vertical-align: inherit;\">Konsistente Forschungsergebnisse<\/span><\/span><\/strong><span dir=\"auto\" style=\"vertical-align: inherit;\"><span dir=\"auto\" style=\"vertical-align: inherit;\"> \u2013 Gew\u00e4hrleistet zuverl\u00e4ssige und reproduzierbare Daten.<\/span><\/span><\/p>\n<\/li>\n<li data-start=\"5425\" data-end=\"5499\">\n<p data-start=\"5427\" data-end=\"5499\"><strong data-start=\"5427\" data-end=\"5457\"><span dir=\"auto\" style=\"vertical-align: inherit;\"><span dir=\"auto\" style=\"vertical-align: inherit;\">Chemisch stabil und rein<\/span><\/span><\/strong><span dir=\"auto\" style=\"vertical-align: inherit;\"><span dir=\"auto\" style=\"vertical-align: inherit;\"> \u2013 Verringert die Varianz bei Analysen.<\/span><\/span><\/p>\n<\/li>\n<li data-start=\"5500\" data-end=\"5595\">\n<p data-start=\"5502\" data-end=\"5595\"><strong data-start=\"5502\" data-end=\"5541\"><span dir=\"auto\" style=\"vertical-align: inherit;\"><span dir=\"auto\" style=\"vertical-align: inherit;\">Ideal f\u00fcr Kalibrierung und Validierung<\/span><\/span><\/strong><span dir=\"auto\" style=\"vertical-align: inherit;\"><span dir=\"auto\" style=\"vertical-align: inherit;\"> \u2013 Geeignet f\u00fcr kontrollierte Vergleichstests.<\/span><\/span><\/p>\n<\/li>\n<li data-start=\"5596\" data-end=\"5701\">\n<p data-start=\"5598\" data-end=\"5701\"><strong data-start=\"5598\" data-end=\"5635\"><span dir=\"auto\" style=\"vertical-align: inherit;\"><span dir=\"auto\" style=\"vertical-align: inherit;\">Ethisch und legal produziert<\/span><\/span><\/strong><span dir=\"auto\" style=\"vertical-align: inherit;\"><span dir=\"auto\" style=\"vertical-align: inherit;\"> \u2013 In \u00dcbereinstimmung mit internationalen Sicherheitsrichtlinien.<\/span><\/span><\/p>\n<\/li>\n<li data-start=\"5702\" data-end=\"5778\">\n<p data-start=\"5704\" data-end=\"5778\"><strong data-start=\"5704\" data-end=\"5731\"><span dir=\"auto\" style=\"vertical-align: inherit;\"><span dir=\"auto\" style=\"vertical-align: inherit;\">Wissenschaftlich getestet<\/span><\/span><\/strong><span dir=\"auto\" style=\"vertical-align: inherit;\"><span dir=\"auto\" style=\"vertical-align: inherit;\"> Jede Charge wird sorgf\u00e4ltig gepr\u00fcft. Pagoclone<\/span><\/span><\/p>\n<\/li>\n<\/ul>\n<hr data-start=\"5780\" data-end=\"5783\" \/>\n<h3 data-start=\"5785\" data-end=\"5800\"><strong data-start=\"5789\" data-end=\"5800\"><span dir=\"auto\" style=\"vertical-align: inherit;\"><span dir=\"auto\" style=\"vertical-align: inherit;\">Verwendung<\/span><\/span><\/strong><\/h3>\n<ol data-start=\"5801\" data-end=\"6217\">\n<li data-start=\"5801\" data-end=\"5898\">\n<p data-start=\"5804\" data-end=\"5898\"><strong data-start=\"5804\" data-end=\"5839\"><span dir=\"auto\" style=\"vertical-align: inherit;\"><span dir=\"auto\" style=\"vertical-align: inherit;\">Nur f\u00fcr den Laborgebrauch<\/span><\/span><\/strong><span dir=\"auto\" style=\"vertical-align: inherit;\"><span dir=\"auto\" style=\"vertical-align: inherit;\"> \u2013 Nur in akkreditierten Forschungseinrichtungen verwenden.<\/span><\/span><\/p>\n<\/li>\n<li data-start=\"5899\" data-end=\"5966\">\n<p data-start=\"5902\" data-end=\"5966\"><strong data-start=\"5902\" data-end=\"5912\"><span dir=\"auto\" style=\"vertical-align: inherit;\"><span dir=\"auto\" style=\"vertical-align: inherit;\">Lagerung<\/span><\/span><\/strong><span dir=\"auto\" style=\"vertical-align: inherit;\"><span dir=\"auto\" style=\"vertical-align: inherit;\"> \u2013 Lagern Sie in einem <\/span><\/span><strong data-start=\"5929\" data-end=\"5963\"><span dir=\"auto\" style=\"vertical-align: inherit;\"><span dir=\"auto\" style=\"vertical-align: inherit;\">k\u00fchl, trocken und dunkel lagern<\/span><\/span><\/strong><span dir=\"auto\" style=\"vertical-align: inherit;\"><span dir=\"auto\" style=\"vertical-align: inherit;\"> .<\/span><\/span><\/p>\n<\/li>\n<li data-start=\"5967\" data-end=\"6047\">\n<p data-start=\"5970\" data-end=\"6047\"><strong data-start=\"5970\" data-end=\"5987\"><span dir=\"auto\" style=\"vertical-align: inherit;\"><span dir=\"auto\" style=\"vertical-align: inherit;\">Sicher arbeiten<\/span><\/span><\/strong><span dir=\"auto\" style=\"vertical-align: inherit;\"><span dir=\"auto\" style=\"vertical-align: inherit;\"> \u2013 Tragen Sie Handschuhe, Schutzbrille und Laborkittel.<\/span><\/span><\/p>\n<\/li>\n<li data-start=\"6048\" data-end=\"6127\">\n<p data-start=\"6051\" data-end=\"6127\"><strong data-start=\"6051\" data-end=\"6063\"><span dir=\"auto\" style=\"vertical-align: inherit;\"><span dir=\"auto\" style=\"vertical-align: inherit;\">Messungen<\/span><\/span><\/strong><span dir=\"auto\" style=\"vertical-align: inherit;\"><span dir=\"auto\" style=\"vertical-align: inherit;\"> \u2013 Verwenden Sie kalibrierte Ger\u00e4te f\u00fcr genaue Analysen.<\/span><\/span><\/p>\n<\/li>\n<li data-start=\"6128\" data-end=\"6217\">\n<p data-start=\"6131\" data-end=\"6217\"><strong data-start=\"6131\" data-end=\"6158\"><span dir=\"auto\" style=\"vertical-align: inherit;\"><span dir=\"auto\" style=\"vertical-align: inherit;\">Sicherheitswarnung<\/span><\/span><\/strong><span dir=\"auto\" style=\"vertical-align: inherit;\"><span dir=\"auto\" style=\"vertical-align: inherit;\"> \u2013 Nicht zum Verzehr durch Mensch oder Tier geeignet.<\/span><\/span><\/p>\n<\/li>\n<\/ol>\n<hr data-start=\"6219\" data-end=\"6222\" \/>\n<h3 data-start=\"6224\" data-end=\"6251\"><strong data-start=\"6228\" data-end=\"6251\"><span dir=\"auto\" style=\"vertical-align: inherit;\"><span dir=\"auto\" style=\"vertical-align: inherit;\">H\u00e4ufig gestellte Fragen<\/span><\/span><\/strong><\/h3>\n<p data-start=\"6253\" data-end=\"6420\"><strong data-start=\"6253\" data-end=\"6309\"><span dir=\"auto\" style=\"vertical-align: inherit;\"><span dir=\"auto\" style=\"vertical-align: inherit;\">1. Wozu werden 2-mg-Forschungs-Blotter verwendet?<\/span><\/span><\/strong><br data-start=\"6309\" data-end=\"6312\" \/><span dir=\"auto\" style=\"vertical-align: inherit;\"><span dir=\"auto\" style=\"vertical-align: inherit;\"> Sie sind bestimmt f\u00fcr <\/span><\/span><strong data-start=\"6333\" data-end=\"6377\"><span dir=\"auto\" style=\"vertical-align: inherit;\"><span dir=\"auto\" style=\"vertical-align: inherit;\">wissenschaftliche und analytische Forschung<\/span><\/span><\/strong><span dir=\"auto\" style=\"vertical-align: inherit;\"><span dir=\"auto\" style=\"vertical-align: inherit;\"> , wie chemische Analysen und Kalibrierung.<\/span><\/span><\/p>\n<p data-start=\"6422\" data-end=\"6583\"><strong data-start=\"6422\" data-end=\"6490\"><span dir=\"auto\" style=\"vertical-align: inherit;\"><span dir=\"auto\" style=\"vertical-align: inherit;\">2. K\u00f6nnen diese L\u00f6schpapiere au\u00dferhalb eines Labors verwendet werden?<\/span><\/span><\/strong><br data-start=\"6490\" data-end=\"6493\" \/><span dir=\"auto\" style=\"vertical-align: inherit;\"><span dir=\"auto\" style=\"vertical-align: inherit;\"> Nein. Diese Produkte sind <\/span><\/span><strong data-start=\"6518\" data-end=\"6580\"><span dir=\"auto\" style=\"vertical-align: inherit;\"><span dir=\"auto\" style=\"vertical-align: inherit;\">nur f\u00fcr den professionellen Laborgebrauch bestimmt<\/span><\/span><\/strong><span dir=\"auto\" style=\"vertical-align: inherit;\"><span dir=\"auto\" style=\"vertical-align: inherit;\"> .<\/span><\/span><\/p>\n<p data-start=\"6585\" data-end=\"6734\"><strong data-start=\"6585\" data-end=\"6632\"><span dir=\"auto\" style=\"vertical-align: inherit;\"><span dir=\"auto\" style=\"vertical-align: inherit;\">3. Wie sollten diese L\u00f6schbl\u00e4tter aufbewahrt werden?<\/span><\/span><\/strong><br data-start=\"6632\" data-end=\"6635\" \/><span dir=\"auto\" style=\"vertical-align: inherit;\"><span dir=\"auto\" style=\"vertical-align: inherit;\"> Bewahren Sie sie in ihrem <\/span><\/span><strong data-start=\"6652\" data-end=\"6689\"><span dir=\"auto\" style=\"vertical-align: inherit;\"><span dir=\"auto\" style=\"vertical-align: inherit;\">Originaler, luftdichter Beh\u00e4lter<\/span><\/span><\/strong><span dir=\"auto\" style=\"vertical-align: inherit;\"><span dir=\"auto\" style=\"vertical-align: inherit;\"> in einem <\/span><\/span><strong data-start=\"6697\" data-end=\"6731\"><span dir=\"auto\" style=\"vertical-align: inherit;\"><span dir=\"auto\" style=\"vertical-align: inherit;\">k\u00fchl, trocken und dunkel lagern<\/span><\/span><\/strong><span dir=\"auto\" style=\"vertical-align: inherit;\"><span dir=\"auto\" style=\"vertical-align: inherit;\"> .<\/span><\/span><\/p>\n<hr data-start=\"6736\" data-end=\"6739\" \/>\n<h3 data-start=\"6741\" data-end=\"6759\"><strong data-start=\"6745\" data-end=\"6759\"><span dir=\"auto\" style=\"vertical-align: inherit;\"><span dir=\"auto\" style=\"vertical-align: inherit;\">Haftungsausschluss<\/span><\/span><\/strong><\/h3>\n<p data-start=\"6760\" data-end=\"6992\"><span dir=\"auto\" style=\"vertical-align: inherit;\"><span dir=\"auto\" style=\"vertical-align: inherit;\">Dieses Produkt ist <\/span><\/span><strong data-start=\"6775\" data-end=\"6824\"><span dir=\"auto\" style=\"vertical-align: inherit;\"><span dir=\"auto\" style=\"vertical-align: inherit;\">nur f\u00fcr Forschungszwecke bestimmt<\/span><\/span><\/strong><span dir=\"auto\" style=\"vertical-align: inherit;\"><span dir=\"auto\" style=\"vertical-align: inherit;\"> . <\/span><\/span><strong data-start=\"6826\" data-end=\"6884\"><span dir=\"auto\" style=\"vertical-align: inherit;\"><span dir=\"auto\" style=\"vertical-align: inherit;\">Nicht f\u00fcr den menschlichen oder tierischen Verzehr geeignet.<\/span><\/span><\/strong><br data-start=\"6884\" data-end=\"6887\" \/><span dir=\"auto\" style=\"vertical-align: inherit;\"><span dir=\"auto\" style=\"vertical-align: inherit;\"> Mit dem Kauf dieses Produkts best\u00e4tigen Sie, dass Sie alle geltenden Sicherheits- und Rechtsvorschriften einhalten.<\/span><\/span><\/p>\n<h3><span dir=\"auto\" style=\"color: #333333; font-size: 16px; vertical-align: inherit;\"><span dir=\"auto\" style=\"vertical-align: inherit;\"><span dir=\"auto\" style=\"vertical-align: inherit;\"><span dir=\"auto\" style=\"vertical-align: inherit;\">. <\/span><\/span><\/span><\/span><a style=\"font-size: 16px;\" href=\"https:\/\/onderzoekschemicals.com\/de\/shop\/iboga-ibogaine\/buy-ibogaine-hcl-online\/\"><span dir=\"auto\" style=\"vertical-align: inherit;\"><span dir=\"auto\" style=\"vertical-align: inherit;\"><span dir=\"auto\" style=\"vertical-align: inherit;\"><span dir=\"auto\" style=\"vertical-align: inherit;\">Kaufen Sie Ibogain HCL <\/span><\/span><\/span><\/span><\/a><a style=\"font-size: 16px;\" href=\"https:\/\/onderzoekschemicals.com\/de\/shop\/iboga-ibogaine\/iboga-root-bark\/\"><span dir=\"auto\" style=\"vertical-align: inherit;\"><span dir=\"auto\" style=\"vertical-align: inherit;\"><span dir=\"auto\" style=\"vertical-align: inherit;\"><span dir=\"auto\" style=\"vertical-align: inherit;\">Iboga-Wurzelrinde <\/span><\/span><\/span><\/span><\/a><a style=\"font-size: 16px;\" href=\"https:\/\/onderzoekschemicals.com\/de\/shop\/lysergamides\/1cp-lsd\/\"><span dir=\"auto\" style=\"vertical-align: inherit;\"><span dir=\"auto\" style=\"vertical-align: inherit;\"><span dir=\"auto\" style=\"vertical-align: inherit;\"><span dir=\"auto\" style=\"vertical-align: inherit;\">1cP-LSD 150 MCG Art Blotters <\/span><\/span><\/span><\/span><\/a><a style=\"font-size: 16px;\" href=\"https:\/\/onderzoekschemicals.com\/de\/shop\/pellets\/o-dsmt-50mg-pellets\/\"><span dir=\"auto\" style=\"vertical-align: inherit;\"><span dir=\"auto\" style=\"vertical-align: inherit;\"><span dir=\"auto\" style=\"vertical-align: inherit;\"><span dir=\"auto\" style=\"vertical-align: inherit;\">O-DSMT 50 mg Pellets <\/span><\/span><\/span><\/span><\/a><a style=\"font-size: 16px;\" href=\"https:\/\/onderzoekschemicals.com\/de\/shop\/lysergamides\/1v-lsd-150-mcg-blotters\/\"><span dir=\"auto\" style=\"vertical-align: inherit;\"><span dir=\"auto\" style=\"vertical-align: inherit;\"><span dir=\"auto\" style=\"vertical-align: inherit;\"><span dir=\"auto\" style=\"vertical-align: inherit;\">1V-LSD 150 MCG Blotter<\/span><\/span><\/span><\/span><\/a><\/h3>","protected":false},"excerpt":{"rendered":"<p>Introduction Our 2 mg research blotters are precision-engineered for analytical, forensic, and laboratory testing .\u00a0 Each blotter is manufactured under<\/p>","protected":false},"featured_media":29395,"comment_status":"closed","ping_status":"closed","template":"","meta":[],"product_brand":[82],"product_cat":[336,367],"product_tag":[326,665,748,749,747,750],"class_list":{"0":"post-24848","1":"product","2":"type-product","3":"status-publish","4":"has-post-thumbnail","6":"product_brand-research-chemical","7":"product_cat-overig","8":"product_cat-pagoclone","9":"product_tag-nl","10":"product_tag-pagoclone","11":"product_tag-pagoclone-dosage","12":"product_tag-pagoclone-effects","13":"product_tag-pagoclone-ervaringen","14":"product_tag-pagoclone-experience","16":"first","17":"instock","18":"taxable","19":"shipping-taxable","20":"purchasable","21":"product-type-variable"},"_links":{"self":[{"href":"https:\/\/onderzoekschemicals.com\/de\/wp-json\/wp\/v2\/product\/24848","targetHints":{"allow":["GET"]}}],"collection":[{"href":"https:\/\/onderzoekschemicals.com\/de\/wp-json\/wp\/v2\/product"}],"about":[{"href":"https:\/\/onderzoekschemicals.com\/de\/wp-json\/wp\/v2\/types\/product"}],"replies":[{"embeddable":true,"href":"https:\/\/onderzoekschemicals.com\/de\/wp-json\/wp\/v2\/comments?post=24848"}],"version-history":[{"count":7,"href":"https:\/\/onderzoekschemicals.com\/de\/wp-json\/wp\/v2\/product\/24848\/revisions"}],"predecessor-version":[{"id":28641,"href":"https:\/\/onderzoekschemicals.com\/de\/wp-json\/wp\/v2\/product\/24848\/revisions\/28641"}],"wp:featuredmedia":[{"embeddable":true,"href":"https:\/\/onderzoekschemicals.com\/de\/wp-json\/wp\/v2\/media\/29395"}],"wp:attachment":[{"href":"https:\/\/onderzoekschemicals.com\/de\/wp-json\/wp\/v2\/media?parent=24848"}],"wp:term":[{"taxonomy":"product_brand","embeddable":true,"href":"https:\/\/onderzoekschemicals.com\/de\/wp-json\/wp\/v2\/product_brand?post=24848"},{"taxonomy":"product_cat","embeddable":true,"href":"https:\/\/onderzoekschemicals.com\/de\/wp-json\/wp\/v2\/product_cat?post=24848"},{"taxonomy":"product_tag","embeddable":true,"href":"https:\/\/onderzoekschemicals.com\/de\/wp-json\/wp\/v2\/product_tag?post=24848"}],"curies":[{"name":"wp","href":"https:\/\/api.w.org\/{rel}","templated":true}]}}