{"id":24664,"date":"2025-10-20T17:42:28","date_gmt":"2025-10-20T17:42:28","guid":{"rendered":"https:\/\/onderzoekschemicals.com\/?post_type=product&#038;p=24664"},"modified":"2025-11-28T04:32:14","modified_gmt":"2025-11-28T04:32:14","slug":"hhc-edibles-10mg-green","status":"publish","type":"product","link":"https:\/\/onderzoekschemicals.com\/de\/shop\/edibles\/hhc-edibles-10mg-green\/","title":{"rendered":"Gummib\u00e4rchen 10 mg HHC (Gr\u00fcn)"},"content":{"rendered":"<h3 data-start=\"4670\" data-end=\"4687\"><span dir=\"auto\" style=\"vertical-align: inherit;\"><span dir=\"auto\" style=\"vertical-align: inherit;\">Einf\u00fchrung<\/span><\/span><\/h3>\n<p data-start=\"4688\" data-end=\"5108\"><span dir=\"auto\" style=\"vertical-align: inherit;\"><span dir=\"auto\" style=\"vertical-align: inherit;\">Entdecken <\/span><\/span><strong data-start=\"4695\" data-end=\"4727\"><span dir=\"auto\" style=\"vertical-align: inherit;\"><span dir=\"auto\" style=\"vertical-align: inherit;\">Gummib\u00e4rchen 10 mg HHC (Gr\u00fcn)<\/span><\/span><\/strong><span dir=\"auto\" style=\"vertical-align: inherit;\"><span dir=\"auto\" style=\"vertical-align: inherit;\"> -Pr\u00e4mie <\/span><\/span><strong data-start=\"4738\" data-end=\"4753\"><span dir=\"auto\" style=\"vertical-align: inherit;\"><span dir=\"auto\" style=\"vertical-align: inherit;\">HHC-Esswaren<\/span><\/span><\/strong><span dir=\"auto\" style=\"vertical-align: inherit;\"><span dir=\"auto\" style=\"vertical-align: inherit;\"> die eine gleichm\u00e4\u00dfige Dosierung und ein angenehmes Erlebnis gew\u00e4hrleisten. Jedes Gummib\u00e4rchen enth\u00e4lt exakt 10 mg HHC in einem gr\u00fcnen B\u00e4ren, ideal f\u00fcr Anwender, die eine moderate Wirkung in einer praktischen und diskreten Form suchen. Ob Sie Informationen suchen oder dar\u00fcber nachdenken <\/span><\/span><strong data-start=\"5008\" data-end=\"5046\"><span dir=\"auto\" style=\"vertical-align: inherit;\"><span dir=\"auto\" style=\"vertical-align: inherit;\">Kauf von Gummib\u00e4rchen 10mg HHC (Gr\u00fcn)<\/span><\/span><\/strong><span dir=\"auto\" style=\"vertical-align: inherit;\"><span dir=\"auto\" style=\"vertical-align: inherit;\"> Dieses Produkt bietet Transparenz, Qualit\u00e4t und Benutzerfreundlichkeit.<\/span><\/span><\/p>\n<hr data-start=\"5110\" data-end=\"5113\" \/>\n<h3 data-start=\"5115\" data-end=\"5144\"><span dir=\"auto\" style=\"vertical-align: inherit;\"><span dir=\"auto\" style=\"vertical-align: inherit;\">Hauptmerkmale<\/span><\/span><\/h3>\n<ul data-start=\"5146\" data-end=\"5724\">\n<li data-start=\"5146\" data-end=\"5261\">\n<p data-start=\"5148\" data-end=\"5261\"><strong data-start=\"5148\" data-end=\"5175\"><span dir=\"auto\" style=\"vertical-align: inherit;\"><span dir=\"auto\" style=\"vertical-align: inherit;\">Pr\u00e4zise 10-mg-Dosierung<\/span><\/span><\/strong><span dir=\"auto\" style=\"vertical-align: inherit;\"><span dir=\"auto\" style=\"vertical-align: inherit;\"> Jedes einzelne Gummib\u00e4rchen enth\u00e4lt genau 10 Milligramm HHC, um vorhersehbare Effekte zu erzielen.<\/span><\/span><\/p>\n<\/li>\n<li data-start=\"5262\" data-end=\"5361\">\n<p data-start=\"5264\" data-end=\"5361\"><strong data-start=\"5264\" data-end=\"5287\"><span dir=\"auto\" style=\"vertical-align: inherit;\"><span dir=\"auto\" style=\"vertical-align: inherit;\">Reine Rezeptur<\/span><\/span><\/strong><span dir=\"auto\" style=\"vertical-align: inherit;\"><span dir=\"auto\" style=\"vertical-align: inherit;\"> Hergestellt aus hochwertigen Zutaten und ohne unn\u00f6tige Zusatzstoffe.<\/span><\/span><\/p>\n<\/li>\n<li data-start=\"5362\" data-end=\"5470\">\n<p data-start=\"5364\" data-end=\"5470\"><strong data-start=\"5364\" data-end=\"5386\"><span dir=\"auto\" style=\"vertical-align: inherit;\"><span dir=\"auto\" style=\"vertical-align: inherit;\">Gr\u00fcne Farbvariante<\/span><\/span><\/strong><span dir=\"auto\" style=\"vertical-align: inherit;\"><span dir=\"auto\" style=\"vertical-align: inherit;\"> Die \u201egr\u00fcne\u201c Variante bietet dezente Wiedererkennung und Abwechslung bei der Auswahl Ihrer essbaren Produkte.<\/span><\/span><\/p>\n<\/li>\n<li data-start=\"5471\" data-end=\"5612\">\n<p data-start=\"5473\" data-end=\"5612\"><strong data-start=\"5473\" data-end=\"5508\"><span dir=\"auto\" style=\"vertical-align: inherit;\"><span dir=\"auto\" style=\"vertical-align: inherit;\">Von einem unabh\u00e4ngigen Labor gepr\u00fcft<\/span><\/span><\/strong><span dir=\"auto\" style=\"vertical-align: inherit;\"><span dir=\"auto\" style=\"vertical-align: inherit;\"> Jede Charge wird unabh\u00e4ngig auf Reinheit, Wirksamkeit und Freiheit von Verunreinigungen gepr\u00fcft.<\/span><\/span><\/p>\n<\/li>\n<li data-start=\"5613\" data-end=\"5724\">\n<p data-start=\"5615\" data-end=\"5724\"><strong data-start=\"5615\" data-end=\"5637\"><span dir=\"auto\" style=\"vertical-align: inherit;\"><span dir=\"auto\" style=\"vertical-align: inherit;\">Lange Haltbarkeit<\/span><\/span><\/strong><span dir=\"auto\" style=\"vertical-align: inherit;\"><span dir=\"auto\" style=\"vertical-align: inherit;\"> : Die Formulierung gew\u00e4hrleistet Stabilit\u00e4t, damit die Wirksamkeit bei sachgem\u00e4\u00dfer Lagerung erhalten bleibt.<\/span><\/span><\/p>\n<\/li>\n<\/ul>\n<hr data-start=\"5726\" data-end=\"5729\" \/>\n<h3 data-start=\"5731\" data-end=\"5746\"><span dir=\"auto\" style=\"vertical-align: inherit;\"><span dir=\"auto\" style=\"vertical-align: inherit;\">Vorteile<\/span><\/span><\/h3>\n<ul data-start=\"5748\" data-end=\"6578\">\n<li data-start=\"5748\" data-end=\"5882\">\n<p data-start=\"5750\" data-end=\"5882\"><strong data-start=\"5750\" data-end=\"5788\"><span dir=\"auto\" style=\"vertical-align: inherit;\"><span dir=\"auto\" style=\"vertical-align: inherit;\">Kontrollierbares und konsistentes Erlebnis<\/span><\/span><\/strong><span dir=\"auto\" style=\"vertical-align: inherit;\"><span dir=\"auto\" style=\"vertical-align: inherit;\"> Die pr\u00e4zise Dosierung von 10 mg erm\u00f6glicht es Ihnen, die Wirkung besser zu kontrollieren und Ihre Einnahme individuell anzupassen.<\/span><\/span><\/p>\n<\/li>\n<li data-start=\"5883\" data-end=\"6015\">\n<p data-start=\"5885\" data-end=\"6015\"><strong data-start=\"5885\" data-end=\"5906\"><span dir=\"auto\" style=\"vertical-align: inherit;\"><span dir=\"auto\" style=\"vertical-align: inherit;\">Diskret und bequem<\/span><\/span><\/strong><span dir=\"auto\" style=\"vertical-align: inherit;\"><span dir=\"auto\" style=\"vertical-align: inherit;\"> Diese Gummib\u00e4rchen \u00e4hneln S\u00fc\u00dfigkeiten und lassen sich daher leicht mitnehmen und unauff\u00e4llig verzehren.<\/span><\/span><\/p>\n<\/li>\n<li data-start=\"6016\" data-end=\"6205\">\n<p data-start=\"6018\" data-end=\"6205\"><strong data-start=\"6018\" data-end=\"6051\"><span dir=\"auto\" style=\"vertical-align: inherit;\"><span dir=\"auto\" style=\"vertical-align: inherit;\">Milderes psychoaktives Profil<\/span><\/span><\/strong><span dir=\"auto\" style=\"vertical-align: inherit;\"><span dir=\"auto\" style=\"vertical-align: inherit;\"> HHC ist bekannt f\u00fcr seine mildere Wirkung als Delta-9 THC, f\u00fcr ein erhebendes, aber nicht \u00fcberw\u00e4ltigendes Gef\u00fchl.<\/span><\/span><\/p>\n<\/li>\n<li data-start=\"6206\" data-end=\"6384\">\n<p data-start=\"6208\" data-end=\"6384\"><strong data-start=\"6208\" data-end=\"6230\"><span dir=\"auto\" style=\"vertical-align: inherit;\"><span dir=\"auto\" style=\"vertical-align: inherit;\">L\u00e4nger anhaltende Wirkung<\/span><\/span><\/strong><span dir=\"auto\" style=\"vertical-align: inherit;\"><span dir=\"auto\" style=\"vertical-align: inherit;\"> Als eine Form von <\/span><\/span><strong data-start=\"6245\" data-end=\"6260\"><span dir=\"auto\" style=\"vertical-align: inherit;\"><span dir=\"auto\" style=\"vertical-align: inherit;\">HHC-Esswaren,<\/span><\/span><\/strong><span dir=\"auto\" style=\"vertical-align: inherit;\"><span dir=\"auto\" style=\"vertical-align: inherit;\"> Die Wirkung kann l\u00e4nger anhalten als bei der Inhalation, der Wirkungseintritt ist jedoch langsamer.<\/span><\/span><\/p>\n<\/li>\n<li data-start=\"6385\" data-end=\"6578\">\n<p data-start=\"6387\" data-end=\"6578\"><strong data-start=\"6387\" data-end=\"6419\"><span dir=\"auto\" style=\"vertical-align: inherit;\"><span dir=\"auto\" style=\"vertical-align: inherit;\">Freizeit- und Wellnessnutzung<\/span><\/span><\/strong><span dir=\"auto\" style=\"vertical-align: inherit;\"><span dir=\"auto\" style=\"vertical-align: inherit;\"> Anwender berichten h\u00e4ufig, dass die Gummib\u00e4rchen f\u00fcr Entspannung sorgen, die Stimmung heben und ein angenehmeres Sinneserlebnis bieten.<\/span><\/span><\/p>\n<\/li>\n<\/ul>\n<hr data-start=\"6580\" data-end=\"6583\" \/>\n<h3 data-start=\"6585\" data-end=\"6628\"><span dir=\"auto\" style=\"vertical-align: inherit;\"><span dir=\"auto\" style=\"vertical-align: inherit;\">Gebrauchsanweisung<\/span><\/span><\/h3>\n<blockquote data-start=\"6630\" data-end=\"6814\">\n<p data-start=\"6632\" data-end=\"6814\"><strong data-start=\"6632\" data-end=\"6657\"><span dir=\"auto\" style=\"vertical-align: inherit;\"><span dir=\"auto\" style=\"vertical-align: inherit;\">Wichtiger Hinweis<\/span><\/span><\/strong><span dir=\"auto\" style=\"vertical-align: inherit;\"><span dir=\"auto\" style=\"vertical-align: inherit;\"> Diese Richtlinien gelten nur in Rechtsordnungen und f\u00fcr Personen, in denen HHC legal ist. Beachten Sie stets die lokalen Bestimmungen und konsultieren Sie gegebenenfalls Experten.<\/span><\/span><\/p>\n<\/blockquote>\n<ol data-start=\"6816\" data-end=\"7797\">\n<li data-start=\"6816\" data-end=\"7040\">\n<p data-start=\"6819\" data-end=\"6844\"><strong data-start=\"6819\" data-end=\"6842\"><span dir=\"auto\" style=\"vertical-align: inherit;\"><span dir=\"auto\" style=\"vertical-align: inherit;\">Beginnen Sie mit einem Gummib\u00e4rchen<\/span><\/span><\/strong><\/p>\n<ul data-start=\"6848\" data-end=\"7040\">\n<li data-start=\"6848\" data-end=\"6875\">\n<p data-start=\"6850\" data-end=\"6875\"><span dir=\"auto\" style=\"vertical-align: inherit;\"><span dir=\"auto\" style=\"vertical-align: inherit;\">Gut kauen und schlucken.<\/span><\/span><\/p>\n<\/li>\n<li data-start=\"6879\" data-end=\"7040\">\n<p data-start=\"6881\" data-end=\"7040\"><span dir=\"auto\" style=\"vertical-align: inherit;\"><span dir=\"auto\" style=\"vertical-align: inherit;\">Warten Sie mindestens <\/span><\/span><strong data-start=\"6896\" data-end=\"6917\"><span dir=\"auto\" style=\"vertical-align: inherit;\"><span dir=\"auto\" style=\"vertical-align: inherit;\">60 bis 90 Minuten<\/span><\/span><\/strong><span dir=\"auto\" style=\"vertical-align: inherit;\"><span dir=\"auto\" style=\"vertical-align: inherit;\"> Bevor Sie eine weitere Dosis einnehmen, sollten Sie dies tun, da die Aufnahme von Esswaren Zeit ben\u00f6tigt.<\/span><\/span><\/p>\n<\/li>\n<\/ul>\n<\/li>\n<li data-start=\"7042\" data-end=\"7265\">\n<p data-start=\"7045\" data-end=\"7067\"><strong data-start=\"7045\" data-end=\"7065\"><span dir=\"auto\" style=\"vertical-align: inherit;\"><span dir=\"auto\" style=\"vertical-align: inherit;\">Langsam anpassen<\/span><\/span><\/strong><\/p>\n<ul data-start=\"7071\" data-end=\"7265\">\n<li data-start=\"7071\" data-end=\"7210\">\n<p data-start=\"7073\" data-end=\"7210\"><span dir=\"auto\" style=\"vertical-align: inherit;\"><span dir=\"auto\" style=\"vertical-align: inherit;\">Wenn die Wirkung nach anderthalb Stunden nur schwach ist, k\u00f6nnen Sie je nach Ihrer Vertr\u00e4glichkeit ein weiteres halbes Gummib\u00e4rchen (5 mg) oder ein ganzes Gummib\u00e4rchen einnehmen.<\/span><\/span><\/p>\n<\/li>\n<li data-start=\"7214\" data-end=\"7265\">\n<p data-start=\"7216\" data-end=\"7265\"><span dir=\"auto\" style=\"vertical-align: inherit;\"><span dir=\"auto\" style=\"vertical-align: inherit;\">Vorsicht ist geboten \u2013 mit Bedacht vorgehen.<\/span><\/span><\/p>\n<\/li>\n<\/ul>\n<\/li>\n<li data-start=\"7267\" data-end=\"7479\">\n<p data-start=\"7270\" data-end=\"7291\"><strong data-start=\"7270\" data-end=\"7289\"><span dir=\"auto\" style=\"vertical-align: inherit;\"><span dir=\"auto\" style=\"vertical-align: inherit;\">Beste Bedingungen<\/span><\/span><\/strong><\/p>\n<ul data-start=\"7295\" data-end=\"7479\">\n<li data-start=\"7295\" data-end=\"7410\">\n<p data-start=\"7297\" data-end=\"7410\"><span dir=\"auto\" style=\"vertical-align: inherit;\"><span dir=\"auto\" style=\"vertical-align: inherit;\">Um eine optimale Aufnahme zu gew\u00e4hrleisten, sollte das Produkt auf leichten, aber nicht fettreichen Magen verzehrt werden (z. B. nach einem leichten Snack).<\/span><\/span><\/p>\n<\/li>\n<li data-start=\"7414\" data-end=\"7479\">\n<p data-start=\"7416\" data-end=\"7479\"><span dir=\"auto\" style=\"vertical-align: inherit;\"><span dir=\"auto\" style=\"vertical-align: inherit;\">Vermeiden Sie die Kombination mit Alkohol oder anderen psychoaktiven Substanzen.<\/span><\/span><\/p>\n<\/li>\n<\/ul>\n<\/li>\n<li data-start=\"7481\" data-end=\"7643\">\n<p data-start=\"7484\" data-end=\"7510\"><strong data-start=\"7484\" data-end=\"7508\"><span dir=\"auto\" style=\"vertical-align: inherit;\"><span dir=\"auto\" style=\"vertical-align: inherit;\">Lagerung und Handhabung<\/span><\/span><\/strong><\/p>\n<ul data-start=\"7514\" data-end=\"7643\">\n<li data-start=\"7514\" data-end=\"7573\">\n<p data-start=\"7516\" data-end=\"7573\"><span dir=\"auto\" style=\"vertical-align: inherit;\"><span dir=\"auto\" style=\"vertical-align: inherit;\">An einem k\u00fchlen, trockenen Ort ohne direkte Sonneneinstrahlung lagern.<\/span><\/span><\/p>\n<\/li>\n<li data-start=\"7577\" data-end=\"7643\">\n<p data-start=\"7579\" data-end=\"7643\"><span dir=\"auto\" style=\"vertical-align: inherit;\"><span dir=\"auto\" style=\"vertical-align: inherit;\">Verpackung gut verschlie\u00dfen, um Frische und Wirksamkeit zu erhalten.<\/span><\/span><\/p>\n<\/li>\n<\/ul>\n<\/li>\n<li data-start=\"7645\" data-end=\"7797\">\n<p data-start=\"7648\" data-end=\"7674\"><strong data-start=\"7648\" data-end=\"7672\"><span dir=\"auto\" style=\"vertical-align: inherit;\"><span dir=\"auto\" style=\"vertical-align: inherit;\">Sicherheit und Anwendung<\/span><\/span><\/strong><\/p>\n<ul data-start=\"7678\" data-end=\"7797\">\n<li data-start=\"7678\" data-end=\"7738\">\n<p data-start=\"7680\" data-end=\"7738\"><span dir=\"auto\" style=\"vertical-align: inherit;\"><span dir=\"auto\" style=\"vertical-align: inherit;\">W\u00e4hrend des Betriebs d\u00fcrfen Sie kein Fahrzeug f\u00fchren oder schwere Maschinen bedienen.<\/span><\/span><\/p>\n<\/li>\n<li data-start=\"7742\" data-end=\"7797\">\n<p data-start=\"7744\" data-end=\"7797\"><span dir=\"auto\" style=\"vertical-align: inherit;\"><span dir=\"auto\" style=\"vertical-align: inherit;\">Au\u00dferhalb der Reichweite von Kindern und Haustieren aufbewahren.<\/span><\/span><\/p>\n<\/li>\n<\/ul>\n<\/li>\n<\/ol>\n<hr data-start=\"7799\" data-end=\"7802\" \/>\n<h3 data-start=\"7804\" data-end=\"7835\"><span dir=\"auto\" style=\"vertical-align: inherit;\"><span dir=\"auto\" style=\"vertical-align: inherit;\">H\u00e4ufig gestellte Fragen (FAQ)<\/span><\/span><\/h3>\n<p data-start=\"7837\" data-end=\"8236\"><strong data-start=\"7837\" data-end=\"7906\"><span dir=\"auto\" style=\"vertical-align: inherit;\"><span dir=\"auto\" style=\"vertical-align: inherit;\">1. Was sind HHC-Esswaren und wie unterscheiden sie sich von anderen Esswaren?<\/span><\/span><\/strong><br data-start=\"7906\" data-end=\"7909\" \/><span dir=\"auto\" style=\"vertical-align: inherit;\"><span dir=\"auto\" style=\"vertical-align: inherit;\"> HHC-haltige Lebensmittel sind mit Hexahydrocannabinol (HHC), einem hydrierten Cannabinoid, angereicherte Produkte. Im Gegensatz zu herk\u00f6mmlichen THC-haltigen Lebensmitteln hat HHC tendenziell eine mildere, beruhigendere psychoaktive Wirkung, wobei die Erfahrung jedoch individuell unterschiedlich ausf\u00e4llt.<\/span><\/span><\/p>\n<p data-start=\"8238\" data-end=\"8543\"><strong data-start=\"8238\" data-end=\"8317\"><span dir=\"auto\" style=\"vertical-align: inherit;\"><span dir=\"auto\" style=\"vertical-align: inherit;\">2. Wie lange h\u00e4lt die Wirkung von Gummy Bears 10 mg HHC (Gr\u00fcn) an?<\/span><\/span><\/strong><br data-start=\"8317\" data-end=\"8320\" \/><span dir=\"auto\" style=\"vertical-align: inherit;\"><span dir=\"auto\" style=\"vertical-align: inherit;\"> Die Wirkung h\u00e4lt in der Regel an <\/span><\/span><strong data-start=\"8348\" data-end=\"8363\"><span dir=\"auto\" style=\"vertical-align: inherit;\"><span dir=\"auto\" style=\"vertical-align: inherit;\">2 bis 5 Stunden<\/span><\/span><\/strong><span dir=\"auto\" style=\"vertical-align: inherit;\"><span dir=\"auto\" style=\"vertical-align: inherit;\"> Die Wirkung kann je nach Dosis, Stoffwechsel und individueller Empfindlichkeit auftreten. Einige Anwender k\u00f6nnen auch au\u00dferhalb dieses Zeitfensters leichte Nachwirkungen versp\u00fcren.<\/span><\/span><\/p>\n<p data-start=\"8545\" data-end=\"8979\"><strong data-start=\"8545\" data-end=\"8646\"><span dir=\"auto\" style=\"vertical-align: inherit;\"><span dir=\"auto\" style=\"vertical-align: inherit;\">3. Ist der Kauf von Gummib\u00e4rchen mit 10 mg HHC (gr\u00fcn) (\u201eGummib\u00e4rchen mit 10 mg HHC (gr\u00fcn) kaufen\u201c) legal?<\/span><\/span><\/strong><br data-start=\"8646\" data-end=\"8649\" \/><span dir=\"auto\" style=\"vertical-align: inherit;\"><span dir=\"auto\" style=\"vertical-align: inherit;\"> Die Rechtm\u00e4\u00dfigkeit des Kaufs <\/span><\/span><strong data-start=\"8687\" data-end=\"8719\"><span dir=\"auto\" style=\"vertical-align: inherit;\"><span dir=\"auto\" style=\"vertical-align: inherit;\">Gummib\u00e4rchen 10 mg HHC (Gr\u00fcn)<\/span><\/span><\/strong><span dir=\"auto\" style=\"vertical-align: inherit;\"><span dir=\"auto\" style=\"vertical-align: inherit;\"> Der Kauf von HHC-haltigen Gummib\u00e4rchen (10 mg HHC, gr\u00fcn) h\u00e4ngt stark von Ihrem Land oder Ihrer Region ab. Die Bestimmungen bez\u00fcglich HHC variieren stark \u2013 pr\u00fcfen Sie vor dem Kauf, ob HHC-haltige Lebensmittel in Ihrer Gegend erlaubt sind und ob die Verk\u00e4ufer die lokalen Vorschriften und Labortests einhalten.<\/span><\/span><\/p>","protected":false},"excerpt":{"rendered":"<h2><span dir=\"auto\" style=\"vertical-align: inherit;\"><span dir=\"auto\" style=\"vertical-align: inherit;\"><span dir=\"auto\" style=\"vertical-align: inherit;\"><span dir=\"auto\" style=\"vertical-align: inherit;\">Gummib\u00e4rchen 10mg HHC<\/span><\/span><\/span><\/span><\/h2>\n<p><strong><span dir=\"auto\" style=\"vertical-align: inherit;\"><span dir=\"auto\" style=\"vertical-align: inherit;\"><span dir=\"auto\" style=\"vertical-align: inherit;\"><span dir=\"auto\" style=\"vertical-align: inherit;\">Feuer:<\/span><\/span><\/span><\/span><\/strong><span dir=\"auto\" style=\"vertical-align: inherit;\"><span dir=\"auto\" style=\"vertical-align: inherit;\"><span dir=\"auto\" style=\"vertical-align: inherit;\"><span dir=\"auto\" style=\"vertical-align: inherit;\"> Die K\u00f6nigin der Bl\u00e4tter <\/span><\/span><\/span><\/span><br \/>\n<strong><span dir=\"auto\" style=\"vertical-align: inherit;\"><span dir=\"auto\" style=\"vertical-align: inherit;\"><span dir=\"auto\" style=\"vertical-align: inherit;\"><span dir=\"auto\" style=\"vertical-align: inherit;\">Anzahl Gummib\u00e4rchen pro Beutel:<\/span><\/span><\/span><\/span><\/strong><span dir=\"auto\" style=\"vertical-align: inherit;\"><span dir=\"auto\" style=\"vertical-align: inherit;\"><span dir=\"auto\" style=\"vertical-align: inherit;\"><span dir=\"auto\" style=\"vertical-align: inherit;\"> 10 <\/span><\/span><\/span><\/span><br \/>\n<strong><span dir=\"auto\" style=\"vertical-align: inherit;\"><span dir=\"auto\" style=\"vertical-align: inherit;\"><span dir=\"auto\" style=\"vertical-align: inherit;\"><span dir=\"auto\" style=\"vertical-align: inherit;\">Zutaten:<\/span><\/span><\/span><\/span><\/strong><span dir=\"auto\" style=\"vertical-align: inherit;\"><span dir=\"auto\" style=\"vertical-align: inherit;\"><span dir=\"auto\" style=\"vertical-align: inherit;\"><span dir=\"auto\" style=\"vertical-align: inherit;\"> glucose, gelatin, vitamin C, potassium sorbate, corn oil flavouring, colorings (E102, E133, E124), active ingredient HHC <\/span><\/span><\/span><\/span><br \/>\n<strong><span dir=\"auto\" style=\"vertical-align: inherit;\"><span dir=\"auto\" style=\"vertical-align: inherit;\"><span dir=\"auto\" style=\"vertical-align: inherit;\"><span dir=\"auto\" style=\"vertical-align: inherit;\">HHC-Menge:<\/span><\/span><\/span><\/span><\/strong><span dir=\"auto\" style=\"vertical-align: inherit;\"><span dir=\"auto\" style=\"vertical-align: inherit;\"><span dir=\"auto\" style=\"vertical-align: inherit;\"><span dir=\"auto\" style=\"vertical-align: inherit;\"> 10 mg <\/span><\/span><\/span><\/span><br \/>\n<strong><span dir=\"auto\" style=\"vertical-align: inherit;\"><span dir=\"auto\" style=\"vertical-align: inherit;\"><span dir=\"auto\" style=\"vertical-align: inherit;\"><span dir=\"auto\" style=\"vertical-align: inherit;\">Color of gummy bears:<\/span><\/span><\/span><\/span><\/strong><span dir=\"auto\" style=\"vertical-align: inherit;\"><span dir=\"auto\" style=\"vertical-align: inherit;\"><span dir=\"auto\" style=\"vertical-align: inherit;\"><span dir=\"auto\" style=\"vertical-align: inherit;\"> Gr\u00fcn<\/span><\/span><\/span><\/span><\/p>","protected":false},"featured_media":29350,"comment_status":"closed","ping_status":"closed","template":"","meta":[],"product_brand":[82],"product_cat":[328,327],"product_tag":[715,714,716,717,707,708],"class_list":{"0":"post-24664","1":"product","2":"type-product","3":"status-publish","4":"has-post-thumbnail","6":"product_brand-research-chemical","7":"product_cat-edibles","8":"product_cat-hhc","9":"product_tag-hhc-edible-dosage","10":"product_tag-hhc-edibles","11":"product_tag-hhc-edibles-effects","12":"product_tag-hhc-gummies","13":"product_tag-hhc-gummy-bear","14":"product_tag-hhc-gummy-bears","16":"first","17":"instock","18":"taxable","19":"shipping-taxable","20":"purchasable","21":"product-type-variable"},"_links":{"self":[{"href":"https:\/\/onderzoekschemicals.com\/de\/wp-json\/wp\/v2\/product\/24664","targetHints":{"allow":["GET"]}}],"collection":[{"href":"https:\/\/onderzoekschemicals.com\/de\/wp-json\/wp\/v2\/product"}],"about":[{"href":"https:\/\/onderzoekschemicals.com\/de\/wp-json\/wp\/v2\/types\/product"}],"replies":[{"embeddable":true,"href":"https:\/\/onderzoekschemicals.com\/de\/wp-json\/wp\/v2\/comments?post=24664"}],"version-history":[{"count":8,"href":"https:\/\/onderzoekschemicals.com\/de\/wp-json\/wp\/v2\/product\/24664\/revisions"}],"predecessor-version":[{"id":28657,"href":"https:\/\/onderzoekschemicals.com\/de\/wp-json\/wp\/v2\/product\/24664\/revisions\/28657"}],"wp:featuredmedia":[{"embeddable":true,"href":"https:\/\/onderzoekschemicals.com\/de\/wp-json\/wp\/v2\/media\/29350"}],"wp:attachment":[{"href":"https:\/\/onderzoekschemicals.com\/de\/wp-json\/wp\/v2\/media?parent=24664"}],"wp:term":[{"taxonomy":"product_brand","embeddable":true,"href":"https:\/\/onderzoekschemicals.com\/de\/wp-json\/wp\/v2\/product_brand?post=24664"},{"taxonomy":"product_cat","embeddable":true,"href":"https:\/\/onderzoekschemicals.com\/de\/wp-json\/wp\/v2\/product_cat?post=24664"},{"taxonomy":"product_tag","embeddable":true,"href":"https:\/\/onderzoekschemicals.com\/de\/wp-json\/wp\/v2\/product_tag?post=24664"}],"curies":[{"name":"wp","href":"https:\/\/api.w.org\/{rel}","templated":true}]}}