{"id":24605,"date":"2025-10-20T17:42:16","date_gmt":"2025-10-20T17:42:16","guid":{"rendered":"https:\/\/onderzoekschemicals.com\/?post_type=product&#038;p=24605"},"modified":"2025-11-28T04:34:29","modified_gmt":"2025-11-28T04:34:29","slug":"5-meo-dalt-hcl","status":"publish","type":"product","link":"https:\/\/onderzoekschemicals.com\/de\/shop\/5-meo-dalt\/5-meo-dalt-hcl\/","title":{"rendered":"5-MeO-DALT HCl"},"content":{"rendered":"<h3 data-start=\"3841\" data-end=\"3862\"><strong data-start=\"3845\" data-end=\"3860\"><span dir=\"auto\" style=\"vertical-align: inherit;\"><span dir=\"auto\" style=\"vertical-align: inherit;\">Einf\u00fchrung<\/span><\/span><\/strong><\/h3>\n<p data-start=\"3863\" data-end=\"4177\"><strong data-start=\"3863\" data-end=\"3929\"><span dir=\"auto\" style=\"vertical-align: inherit;\"><span dir=\"auto\" style=\"vertical-align: inherit;\">5-MeO-DALT HCl (5-Methoxy-N,N-diallyltryptaminhydrochlorid)<\/span><\/span><\/strong><span dir=\"auto\" style=\"vertical-align: inherit;\"><span dir=\"auto\" style=\"vertical-align: inherit;\"> ist ein <\/span><\/span><strong data-start=\"3937\" data-end=\"3974\"><span dir=\"auto\" style=\"vertical-align: inherit;\"><span dir=\"auto\" style=\"vertical-align: inherit;\">synthetische Tryptaminverbindung<\/span><\/span><\/strong><span dir=\"auto\" style=\"vertical-align: inherit;\"><span dir=\"auto\" style=\"vertical-align: inherit;\"> Es ist strukturell mit DMT und 5-MeO-DMT verwandt. Es geh\u00f6rt zur Familie der substituierten Tryptamine und ist bekannt f\u00fcr seine Wechselwirkung mit Serotoninrezeptoren, insbesondere mit dem \u03b1-Rezeptor. <\/span><\/span><strong data-start=\"4154\" data-end=\"4174\"><span dir=\"auto\" style=\"vertical-align: inherit;\"><span dir=\"auto\" style=\"vertical-align: inherit;\">5-HT2A und 5-HT1A<\/span><\/span><\/strong><span dir=\"auto\" style=\"vertical-align: inherit;\"><span dir=\"auto\" style=\"vertical-align: inherit;\"> . 5 meo dalt hcl<\/span><\/span><\/p>\n<p data-start=\"4179\" data-end=\"4510\"><span dir=\"auto\" style=\"vertical-align: inherit;\"><span dir=\"auto\" style=\"vertical-align: inherit;\">In <\/span><\/span><strong data-start=\"4182\" data-end=\"4226\"><span dir=\"auto\" style=\"vertical-align: inherit;\"><span dir=\"auto\" style=\"vertical-align: inherit;\">wissenschaftliche und analytische Forschung,<\/span><\/span><\/strong><span dir=\"auto\" style=\"vertical-align: inherit;\"><span dir=\"auto\" style=\"vertical-align: inherit;\"> 5-MeO-DALT HCl wird gesch\u00e4tzt als <\/span><\/span><strong data-start=\"4264\" data-end=\"4282\"><span dir=\"auto\" style=\"vertical-align: inherit;\"><span dir=\"auto\" style=\"vertical-align: inherit;\">eine Referenzsubstanz<\/span><\/span><\/strong><span dir=\"auto\" style=\"vertical-align: inherit;\"><span dir=\"auto\" style=\"vertical-align: inherit;\"> f\u00fcr Struktur- und pharmakologische Studien, einschlie\u00dflich Rezeptorbindung und Metabolismus. Dieses Produkt ist von <\/span><\/span><strong data-start=\"4389\" data-end=\"4408\"><span dir=\"auto\" style=\"vertical-align: inherit;\"><span dir=\"auto\" style=\"vertical-align: inherit;\">hohe Reinheit<\/span><\/span><\/strong><span dir=\"auto\" style=\"vertical-align: inherit;\"><span dir=\"auto\" style=\"vertical-align: inherit;\"> und bestimmt f\u00fcr <\/span><\/span><strong data-start=\"4437\" data-end=\"4460\"><span dir=\"auto\" style=\"vertical-align: inherit;\"><span dir=\"auto\" style=\"vertical-align: inherit;\">Laborverwendung<\/span><\/span><\/strong><span dir=\"auto\" style=\"vertical-align: inherit;\"><span dir=\"auto\" style=\"vertical-align: inherit;\"> Nur f\u00fcr den menschlichen oder tierischen Verzehr.<\/span><\/span><\/p>\n<hr data-start=\"4512\" data-end=\"4515\" \/>\n<h3 data-start=\"4517\" data-end=\"4548\"><strong data-start=\"4521\" data-end=\"4548\"><span dir=\"auto\" style=\"vertical-align: inherit;\"><span dir=\"auto\" style=\"vertical-align: inherit;\">Hauptmerkmale<\/span><\/span><\/strong><\/h3>\n<ul data-start=\"4550\" data-end=\"4937\">\n<li data-start=\"4550\" data-end=\"4619\">\n<p data-start=\"4552\" data-end=\"4619\"><strong data-start=\"4552\" data-end=\"4571\"><span dir=\"auto\" style=\"vertical-align: inherit;\"><span dir=\"auto\" style=\"vertical-align: inherit;\">Chemische Bezeichnung:<\/span><\/span><\/strong><span dir=\"auto\" style=\"vertical-align: inherit;\"><span dir=\"auto\" style=\"vertical-align: inherit;\"> 5-Methoxy-N,N-diallyltryptaminhydrochlorid<\/span><\/span><\/p>\n<\/li>\n<li data-start=\"4620\" data-end=\"4658\">\n<p data-start=\"4622\" data-end=\"4658\"><strong data-start=\"4622\" data-end=\"4642\"><span dir=\"auto\" style=\"vertical-align: inherit;\"><span dir=\"auto\" style=\"vertical-align: inherit;\">Molekularformel:<\/span><\/span><\/strong><span dir=\"auto\" style=\"vertical-align: inherit;\"><span dir=\"auto\" style=\"vertical-align: inherit;\"> C\u2081\u2086H\u2082\u2081N\u2082O\u00b7HCl<\/span><\/span><\/p>\n<\/li>\n<li data-start=\"4659\" data-end=\"4696\">\n<p data-start=\"4661\" data-end=\"4696\"><strong data-start=\"4661\" data-end=\"4681\"><span dir=\"auto\" style=\"vertical-align: inherit;\"><span dir=\"auto\" style=\"vertical-align: inherit;\">Molekulargewicht:<\/span><\/span><\/strong><span dir=\"auto\" style=\"vertical-align: inherit;\"><span dir=\"auto\" style=\"vertical-align: inherit;\"> 292,81 g\/mol<\/span><\/span><\/p>\n<\/li>\n<li data-start=\"4697\" data-end=\"4789\">\n<p data-start=\"4699\" data-end=\"4789\"><strong data-start=\"4699\" data-end=\"4708\"><span dir=\"auto\" style=\"vertical-align: inherit;\"><span dir=\"auto\" style=\"vertical-align: inherit;\">Bilden:<\/span><\/span><\/strong><span dir=\"auto\" style=\"vertical-align: inherit;\"><span dir=\"auto\" style=\"vertical-align: inherit;\"> Kristallines Hydrochloridsalz (stabil, leicht l\u00f6slich in Ethanol oder Methanol)<\/span><\/span><\/p>\n<\/li>\n<li data-start=\"4790\" data-end=\"4843\">\n<p data-start=\"4792\" data-end=\"4843\"><strong data-start=\"4792\" data-end=\"4807\"><span dir=\"auto\" style=\"vertical-align: inherit;\"><span dir=\"auto\" style=\"vertical-align: inherit;\">Reinheit:<\/span><\/span><\/strong><span dir=\"auto\" style=\"vertical-align: inherit;\"><span dir=\"auto\" style=\"vertical-align: inherit;\"> \u2265 98% (best\u00e4tigt durch HPLC und NMR)<\/span><\/span><\/p>\n<\/li>\n<li data-start=\"4844\" data-end=\"4875\">\n<p data-start=\"4846\" data-end=\"4875\"><strong data-start=\"4846\" data-end=\"4861\"><span dir=\"auto\" style=\"vertical-align: inherit;\"><span dir=\"auto\" style=\"vertical-align: inherit;\">CAS-Nummer:<\/span><\/span><\/strong><span dir=\"auto\" style=\"vertical-align: inherit;\"><span dir=\"auto\" style=\"vertical-align: inherit;\"> 928822-98-4<\/span><\/span><\/p>\n<\/li>\n<li data-start=\"4876\" data-end=\"4937\">\n<p data-start=\"4878\" data-end=\"4937\"><strong data-start=\"4878\" data-end=\"4890\"><span dir=\"auto\" style=\"vertical-align: inherit;\"><span dir=\"auto\" style=\"vertical-align: inherit;\">Verwenden:<\/span><\/span><\/strong><span dir=\"auto\" style=\"vertical-align: inherit;\"><span dir=\"auto\" style=\"vertical-align: inherit;\"> Nur f\u00fcr analytische und chemische Forschungszwecke, 5 meo dalt hcl<\/span><\/span><\/p>\n<\/li>\n<\/ul>\n<hr data-start=\"4939\" data-end=\"4942\" \/>\n<h3 data-start=\"4944\" data-end=\"4961\"><strong data-start=\"4948\" data-end=\"4961\"><span dir=\"auto\" style=\"vertical-align: inherit;\"><span dir=\"auto\" style=\"vertical-align: inherit;\">Vorteile<\/span><\/span><\/strong><\/h3>\n<ul data-start=\"4963\" data-end=\"5439\">\n<li data-start=\"4963\" data-end=\"5045\">\n<p data-start=\"4965\" data-end=\"5045\"><strong data-start=\"4965\" data-end=\"4993\"><span dir=\"auto\" style=\"vertical-align: inherit;\"><span dir=\"auto\" style=\"vertical-align: inherit;\">Hoher analytischer Wert:<\/span><\/span><\/strong><span dir=\"auto\" style=\"vertical-align: inherit;\"><span dir=\"auto\" style=\"vertical-align: inherit;\"> Geeignet f\u00fcr die neurochemische und Rezeptorforschung.<\/span><\/span><\/p>\n<\/li>\n<li data-start=\"5046\" data-end=\"5150\">\n<p data-start=\"5048\" data-end=\"5150\"><strong data-start=\"5048\" data-end=\"5077\"><span dir=\"auto\" style=\"vertical-align: inherit;\"><span dir=\"auto\" style=\"vertical-align: inherit;\">Strukturvergleich:<\/span><\/span><\/strong><span dir=\"auto\" style=\"vertical-align: inherit;\"><span dir=\"auto\" style=\"vertical-align: inherit;\"> N\u00fctzlich zum Vergleich von Tryptaminen wie 5-MeO-DMT, DALT und MiPT.<\/span><\/span><\/p>\n<\/li>\n<li data-start=\"5151\" data-end=\"5237\">\n<p data-start=\"5153\" data-end=\"5237\"><strong data-start=\"5153\" data-end=\"5171\"><span dir=\"auto\" style=\"vertical-align: inherit;\"><span dir=\"auto\" style=\"vertical-align: inherit;\">Stabile Form:<\/span><\/span><\/strong><span dir=\"auto\" style=\"vertical-align: inherit;\"><span dir=\"auto\" style=\"vertical-align: inherit;\"> Die Hydrochloridform bietet verbesserte Stabilit\u00e4t und Handhabung.<\/span><\/span><\/p>\n<\/li>\n<li data-start=\"5238\" data-end=\"5334\">\n<p data-start=\"5240\" data-end=\"5334\"><strong data-start=\"5240\" data-end=\"5266\"><span dir=\"auto\" style=\"vertical-align: inherit;\"><span dir=\"auto\" style=\"vertical-align: inherit;\">Gleichbleibende Qualit\u00e4t:<\/span><\/span><\/strong><span dir=\"auto\" style=\"vertical-align: inherit;\"><span dir=\"auto\" style=\"vertical-align: inherit;\"> Hergestellt nach Forschungsstandards, Analysezertifikat auf Anfrage erh\u00e4ltlich.<\/span><\/span><\/p>\n<\/li>\n<li data-start=\"5335\" data-end=\"5439\">\n<p data-start=\"5337\" data-end=\"5439\"><strong data-start=\"5337\" data-end=\"5360\"><span dir=\"auto\" style=\"vertical-align: inherit;\"><span dir=\"auto\" style=\"vertical-align: inherit;\">Vielseitig einsetzbar:<\/span><\/span><\/strong><span dir=\"auto\" style=\"vertical-align: inherit;\"><span dir=\"auto\" style=\"vertical-align: inherit;\"> Anwendbar in der chromatographischen, spektroskopischen und pharmakologischen Forschung.<\/span><\/span><\/p>\n<\/li>\n<\/ul>\n<hr data-start=\"5441\" data-end=\"5444\" \/>\n<h3 data-start=\"5446\" data-end=\"5498\"><strong data-start=\"5450\" data-end=\"5496\"><span dir=\"auto\" style=\"vertical-align: inherit;\"><span dir=\"auto\" style=\"vertical-align: inherit;\">Nutzung (Nur f\u00fcr Forschungszwecke)<\/span><\/span><\/strong><\/h3>\n<blockquote data-start=\"5500\" data-end=\"5662\">\n<p data-start=\"5502\" data-end=\"5662\">\u26a0\ufe0f <strong data-start=\"5505\" data-end=\"5516\"><span dir=\"auto\" style=\"vertical-align: inherit;\"><span dir=\"auto\" style=\"vertical-align: inherit;\">Bitte beachten Sie:<\/span><\/span><\/strong><span dir=\"auto\" style=\"vertical-align: inherit;\"><span dir=\"auto\" style=\"vertical-align: inherit;\"> 5-MeO-DALT HCl ist f\u00fcr <\/span><\/span><strong data-start=\"5560\" data-end=\"5601\"><span dir=\"auto\" style=\"vertical-align: inherit;\"><span dir=\"auto\" style=\"vertical-align: inherit;\">Labor- und Analyseanwendungen<\/span><\/span><\/strong><span dir=\"auto\" style=\"vertical-align: inherit;\"><span dir=\"auto\" style=\"vertical-align: inherit;\"> nur und <\/span><\/span><strong data-start=\"5605\" data-end=\"5661\"><span dir=\"auto\" style=\"vertical-align: inherit;\"><span dir=\"auto\" style=\"vertical-align: inherit;\">ist nicht f\u00fcr den menschlichen oder tierischen Verzehr bestimmt.<\/span><\/span><\/strong><span dir=\"auto\" style=\"vertical-align: inherit;\"><span dir=\"auto\" style=\"vertical-align: inherit;\"> .<\/span><\/span><\/p>\n<\/blockquote>\n<ol data-start=\"5664\" data-end=\"6098\">\n<li data-start=\"5664\" data-end=\"5773\">\n<p data-start=\"5667\" data-end=\"5773\"><strong data-start=\"5667\" data-end=\"5681\"><span dir=\"auto\" style=\"vertical-align: inherit;\"><span dir=\"auto\" style=\"vertical-align: inherit;\">Handhabung \u2013<\/span><\/span><\/strong><span dir=\"auto\" style=\"vertical-align: inherit;\"><span dir=\"auto\" style=\"vertical-align: inherit;\"> Tragen Sie Handschuhe, Schutzbrille und Schutzkleidung. Arbeiten Sie unter einem Abzug.<\/span><\/span><\/p>\n<\/li>\n<li data-start=\"5774\" data-end=\"5849\">\n<p data-start=\"5777\" data-end=\"5849\"><strong data-start=\"5777\" data-end=\"5789\"><span dir=\"auto\" style=\"vertical-align: inherit;\"><span dir=\"auto\" style=\"vertical-align: inherit;\">Messungen<\/span><\/span><\/strong><span dir=\"auto\" style=\"vertical-align: inherit;\"><span dir=\"auto\" style=\"vertical-align: inherit;\"> \u2013 Verwenden Sie Analysenwaagen f\u00fcr eine genaue Dosierung.<\/span><\/span><\/p>\n<\/li>\n<li data-start=\"5850\" data-end=\"5928\">\n<p data-start=\"5853\" data-end=\"5928\"><strong data-start=\"5853\" data-end=\"5863\"><span dir=\"auto\" style=\"vertical-align: inherit;\"><span dir=\"auto\" style=\"vertical-align: inherit;\">Lagerung<\/span><\/span><\/strong><span dir=\"auto\" style=\"vertical-align: inherit;\"><span dir=\"auto\" style=\"vertical-align: inherit;\"> \u2013 Verschlossen an einem trockenen, dunklen Ort aufbewahren; vorzugsweise bei 2\u20138 \u00b0C.<\/span><\/span><\/p>\n<\/li>\n<li data-start=\"5929\" data-end=\"6002\">\n<p data-start=\"5932\" data-end=\"6002\"><strong data-start=\"5932\" data-end=\"5943\"><span dir=\"auto\" style=\"vertical-align: inherit;\"><span dir=\"auto\" style=\"vertical-align: inherit;\">Analyse<\/span><\/span><\/strong><span dir=\"auto\" style=\"vertical-align: inherit;\"><span dir=\"auto\" style=\"vertical-align: inherit;\"> \u2013 Geeignet f\u00fcr HPLC-, GC\/MS-, LC-MS-, FTIR- und NMR-Analysen.<\/span><\/span><\/p>\n<\/li>\n<li data-start=\"6003\" data-end=\"6098\">\n<p data-start=\"6006\" data-end=\"6098\"><strong data-start=\"6006\" data-end=\"6022\"><span dir=\"auto\" style=\"vertical-align: inherit;\"><span dir=\"auto\" style=\"vertical-align: inherit;\">Dokumentation<\/span><\/span><\/strong><span dir=\"auto\" style=\"vertical-align: inherit;\"><span dir=\"auto\" style=\"vertical-align: inherit;\"> \u2013 Chargennummern, Reinheit und Testergebnisse zur R\u00fcckverfolgbarkeit erfassen.<\/span><\/span><\/p>\n<\/li>\n<\/ol>\n<hr data-start=\"6100\" data-end=\"6103\" \/>\n<h3 data-start=\"6105\" data-end=\"6140\"><strong data-start=\"6109\" data-end=\"6138\"><span dir=\"auto\" style=\"vertical-align: inherit;\"><span dir=\"auto\" style=\"vertical-align: inherit;\">H\u00e4ufig gestellte Fragen (FAQ)<\/span><\/span><\/strong><\/h3>\n<p data-start=\"6142\" data-end=\"6342\"><strong data-start=\"6142\" data-end=\"6171\"><span dir=\"auto\" style=\"vertical-align: inherit;\"><span dir=\"auto\" style=\"vertical-align: inherit;\">1. Was ist 5-MeO-DALT HCl?<\/span><\/span><\/strong><br data-start=\"6171\" data-end=\"6174\" \/><span dir=\"auto\" style=\"vertical-align: inherit;\"><span dir=\"auto\" style=\"vertical-align: inherit;\"> 5-MeO-DALT HCl ist ein synthetisches <\/span><\/span><strong data-start=\"6208\" data-end=\"6231\"><span dir=\"auto\" style=\"vertical-align: inherit;\"><span dir=\"auto\" style=\"vertical-align: inherit;\">Tryptaminderivat<\/span><\/span><\/strong><span dir=\"auto\" style=\"vertical-align: inherit;\"><span dir=\"auto\" style=\"vertical-align: inherit;\"> Wird in der analytischen und chemischen Forschung an Serotoninrezeptoren und deren Strukturaktivit\u00e4t eingesetzt.<\/span><\/span><\/p>\n<p data-start=\"6344\" data-end=\"6561\"><strong data-start=\"6344\" data-end=\"6403\"><span dir=\"auto\" style=\"vertical-align: inherit;\"><span dir=\"auto\" style=\"vertical-align: inherit;\">2. Wozu wird 5-MeO-DALT HCl in der Forschung verwendet?<\/span><\/span><\/strong><br data-start=\"6403\" data-end=\"6406\" \/><span dir=\"auto\" style=\"vertical-align: inherit;\"><span dir=\"auto\" style=\"vertical-align: inherit;\"> Es wird in Studien verwendet. <\/span><\/span><strong data-start=\"6443\" data-end=\"6462\"><span dir=\"auto\" style=\"vertical-align: inherit;\"><span dir=\"auto\" style=\"vertical-align: inherit;\">Rezeptorbindung<\/span><\/span><\/strong><span dir=\"auto\" style=\"vertical-align: inherit;\"><span dir=\"auto\" style=\"vertical-align: inherit;\"> , <\/span><\/span><strong data-start=\"6464\" data-end=\"6483\"><span dir=\"auto\" style=\"vertical-align: inherit;\"><span dir=\"auto\" style=\"vertical-align: inherit;\">Stoffwechselwege<\/span><\/span><\/strong><span dir=\"auto\" style=\"vertical-align: inherit;\"><span dir=\"auto\" style=\"vertical-align: inherit;\"> und als <\/span><\/span><strong data-start=\"6492\" data-end=\"6510\"><span dir=\"auto\" style=\"vertical-align: inherit;\"><span dir=\"auto\" style=\"vertical-align: inherit;\">eine Referenzsubstanz<\/span><\/span><\/strong><span dir=\"auto\" style=\"vertical-align: inherit;\"><span dir=\"auto\" style=\"vertical-align: inherit;\"> in der analytischen Toxikologie und Neuropharmakologie.<\/span><\/span><\/p>\n<p data-start=\"6563\" data-end=\"6850\"><strong data-start=\"6563\" data-end=\"6611\"><span dir=\"auto\" style=\"vertical-align: inherit;\"><span dir=\"auto\" style=\"vertical-align: inherit;\">3. Ist der Kauf von 5-MeO-DALT HCl legal?<\/span><\/span><\/strong><br data-start=\"6611\" data-end=\"6614\" \/><span dir=\"auto\" style=\"vertical-align: inherit;\"><span dir=\"auto\" style=\"vertical-align: inherit;\"> Der <\/span><\/span><strong data-start=\"6617\" data-end=\"6650\"><span dir=\"auto\" style=\"vertical-align: inherit;\"><span dir=\"auto\" style=\"vertical-align: inherit;\">Legalit\u00e4t von 5-MeO-DALT HCl<\/span><\/span><\/strong><span dir=\"auto\" style=\"vertical-align: inherit;\"><span dir=\"auto\" style=\"vertical-align: inherit;\"> Die Bestimmungen variieren von Land zu Land. In einigen L\u00e4ndern ist es als Forschungschemikalie zugelassen, in anderen gilt es als Bet\u00e4ubungsmittel. Informieren Sie sich daher immer vorab \u00fcber die lokalen Vorschriften. <\/span><\/span><strong data-start=\"6823\" data-end=\"6847\"><span dir=\"auto\" style=\"vertical-align: inherit;\"><span dir=\"auto\" style=\"vertical-align: inherit;\">Kauf von 5-MeO-DALT HCl<\/span><\/span><\/strong><span dir=\"auto\" style=\"vertical-align: inherit;\"><span dir=\"auto\" style=\"vertical-align: inherit;\"> . <\/span><\/span><a href=\"https:\/\/onderzoekschemicals.com\/de\/shop\/okategoriserad\/4mmc-kopen\/\"><span dir=\"auto\" style=\"vertical-align: inherit;\"><span dir=\"auto\" style=\"vertical-align: inherit;\">Kauf 4mmc, kauf <\/span><\/span><\/a><a href=\"https:\/\/onderzoekschemicals.com\/de\/shop\/okategoriserad\/benzocaine-powder\/\"><span dir=\"auto\" style=\"vertical-align: inherit;\"><span dir=\"auto\" style=\"vertical-align: inherit;\">Benzocainpulver, <\/span><\/span><\/a><a href=\"https:\/\/onderzoekschemicals.com\/de\/shop\/okategoriserad\/fentanyl-kopen\/\"><span dir=\"auto\" style=\"vertical-align: inherit;\"><span dir=\"auto\" style=\"vertical-align: inherit;\">Fentanyl kaufen<\/span><\/span><\/a><\/p>","protected":false},"excerpt":{"rendered":"<h3><span data-sheets-value=\"{\" data-sheets-userformat=\"{\"><span dir=\"auto\" style=\"vertical-align: inherit;\"><span dir=\"auto\" style=\"vertical-align: inherit;\"><span dir=\"auto\" style=\"vertical-align: inherit;\"><span dir=\"auto\" style=\"vertical-align: inherit;\">5-MeO-DALT HCl-Eigenschaften<\/span><\/span><\/span><\/span><\/span><\/h3>\n<p><strong><span dir=\"auto\" style=\"vertical-align: inherit;\"><span dir=\"auto\" style=\"vertical-align: inherit;\"><span dir=\"auto\" style=\"vertical-align: inherit;\"><span dir=\"auto\" style=\"vertical-align: inherit;\">Synonym:<\/span><\/span><\/span><\/span><\/strong><span dir=\"auto\" style=\"vertical-align: inherit;\"><span dir=\"auto\" style=\"vertical-align: inherit;\"><span dir=\"auto\" style=\"vertical-align: inherit;\"><span dir=\"auto\" style=\"vertical-align: inherit;\"> N,N-Diallyl-5-methoxytryptamin <\/span><\/span><\/span><\/span><br \/>\n<strong><span dir=\"auto\" style=\"vertical-align: inherit;\"><span dir=\"auto\" style=\"vertical-align: inherit;\"><span dir=\"auto\" style=\"vertical-align: inherit;\"><span dir=\"auto\" style=\"vertical-align: inherit;\">CAS-Nummer:<\/span><\/span><\/span><\/span><\/strong><span dir=\"auto\" style=\"vertical-align: inherit;\"><span dir=\"auto\" style=\"vertical-align: inherit;\"><span dir=\"auto\" style=\"vertical-align: inherit;\"><span dir=\"auto\" style=\"vertical-align: inherit;\"> 928822-98-4 <\/span><\/span><\/span><\/span><br \/>\n<strong><span dir=\"auto\" style=\"vertical-align: inherit;\"><span dir=\"auto\" style=\"vertical-align: inherit;\"><span dir=\"auto\" style=\"vertical-align: inherit;\"><span dir=\"auto\" style=\"vertical-align: inherit;\">Formel: <\/span><\/span><\/span><\/span><\/strong> <span title=\"Kohlenstoff\"><span dir=\"auto\" style=\"vertical-align: inherit;\"><span dir=\"auto\" style=\"vertical-align: inherit;\"><span dir=\"auto\" style=\"vertical-align: inherit;\"><span dir=\"auto\" style=\"vertical-align: inherit;\">C <\/span><\/span><\/span><\/span><\/span><sub><span dir=\"auto\" style=\"vertical-align: inherit;\"><span dir=\"auto\" style=\"vertical-align: inherit;\"><span dir=\"auto\" style=\"vertical-align: inherit;\"><span dir=\"auto\" style=\"vertical-align: inherit;\">17 <\/span><\/span><\/span><\/span><\/sub><span title=\"Wasserstoff\"><span dir=\"auto\" style=\"vertical-align: inherit;\"><span dir=\"auto\" style=\"vertical-align: inherit;\"><span dir=\"auto\" style=\"vertical-align: inherit;\"><span dir=\"auto\" style=\"vertical-align: inherit;\">H <\/span><\/span><\/span><\/span><\/span><sub><span dir=\"auto\" style=\"vertical-align: inherit;\"><span dir=\"auto\" style=\"vertical-align: inherit;\"><span dir=\"auto\" style=\"vertical-align: inherit;\"><span dir=\"auto\" style=\"vertical-align: inherit;\">22 <\/span><\/span><\/span><\/span><\/sub><span title=\"Stickstoff\"><span dir=\"auto\" style=\"vertical-align: inherit;\"><span dir=\"auto\" style=\"vertical-align: inherit;\"><span dir=\"auto\" style=\"vertical-align: inherit;\"><span dir=\"auto\" style=\"vertical-align: inherit;\">N <\/span><\/span><\/span><\/span><\/span><sub><span dir=\"auto\" style=\"vertical-align: inherit;\"><span dir=\"auto\" style=\"vertical-align: inherit;\"><span dir=\"auto\" style=\"vertical-align: inherit;\"><span dir=\"auto\" style=\"vertical-align: inherit;\">2 <\/span><\/span><\/span><\/span><\/sub><span title=\"Sauerstoff\"><span dir=\"auto\" style=\"vertical-align: inherit;\"><span dir=\"auto\" style=\"vertical-align: inherit;\"><span dir=\"auto\" style=\"vertical-align: inherit;\"><span dir=\"auto\" style=\"vertical-align: inherit;\">O <\/span><\/span><\/span><\/span><\/span><br \/>\n<strong><span dir=\"auto\" style=\"vertical-align: inherit;\"><span dir=\"auto\" style=\"vertical-align: inherit;\"><span dir=\"auto\" style=\"vertical-align: inherit;\"><span dir=\"auto\" style=\"vertical-align: inherit;\">Molmasse:<\/span><\/span><\/span><\/span><\/strong><span dir=\"auto\" style=\"vertical-align: inherit;\"><span dir=\"auto\" style=\"vertical-align: inherit;\"><span dir=\"auto\" style=\"vertical-align: inherit;\"><span dir=\"auto\" style=\"vertical-align: inherit;\"> 270,376 g\/mol <\/span><\/span><\/span><\/span><br \/>\n<strong><span dir=\"auto\" style=\"vertical-align: inherit;\"><span dir=\"auto\" style=\"vertical-align: inherit;\"><span dir=\"auto\" style=\"vertical-align: inherit;\"><span dir=\"auto\" style=\"vertical-align: inherit;\">Reinheit:<\/span><\/span><\/span><\/span><\/strong><span dir=\"auto\" style=\"vertical-align: inherit;\"><span dir=\"auto\" style=\"vertical-align: inherit;\"><span dir=\"auto\" style=\"vertical-align: inherit;\"><span dir=\"auto\" style=\"vertical-align: inherit;\"> &gt;97%<\/span><\/span><\/span><\/span><\/p>","protected":false},"featured_media":29268,"comment_status":"closed","ping_status":"closed","template":"","meta":[],"product_brand":[82],"product_cat":[455,381],"product_tag":[700,704,705,706,702,701,703,326],"class_list":{"0":"post-24605","1":"product","2":"type-product","3":"status-publish","4":"has-post-thumbnail","6":"product_brand-research-chemical","7":"product_cat-5-meo-dalt","8":"product_cat-tryptamines","9":"product_tag-5-meo-dalt","10":"product_tag-5-meo-dalt-cluster-headaches","11":"product_tag-5-meo-dalt-dosage","12":"product_tag-5-meo-dalt-effects","13":"product_tag-5-meo-dalt-ervaring","14":"product_tag-5-meo-dalt-hcl","15":"product_tag-5-meo-dalt-hcl-erowid","16":"product_tag-nl","18":"first","19":"instock","20":"taxable","21":"shipping-taxable","22":"purchasable","23":"product-type-variable"},"_links":{"self":[{"href":"https:\/\/onderzoekschemicals.com\/de\/wp-json\/wp\/v2\/product\/24605","targetHints":{"allow":["GET"]}}],"collection":[{"href":"https:\/\/onderzoekschemicals.com\/de\/wp-json\/wp\/v2\/product"}],"about":[{"href":"https:\/\/onderzoekschemicals.com\/de\/wp-json\/wp\/v2\/types\/product"}],"replies":[{"embeddable":true,"href":"https:\/\/onderzoekschemicals.com\/de\/wp-json\/wp\/v2\/comments?post=24605"}],"version-history":[{"count":7,"href":"https:\/\/onderzoekschemicals.com\/de\/wp-json\/wp\/v2\/product\/24605\/revisions"}],"predecessor-version":[{"id":28660,"href":"https:\/\/onderzoekschemicals.com\/de\/wp-json\/wp\/v2\/product\/24605\/revisions\/28660"}],"wp:featuredmedia":[{"embeddable":true,"href":"https:\/\/onderzoekschemicals.com\/de\/wp-json\/wp\/v2\/media\/29268"}],"wp:attachment":[{"href":"https:\/\/onderzoekschemicals.com\/de\/wp-json\/wp\/v2\/media?parent=24605"}],"wp:term":[{"taxonomy":"product_brand","embeddable":true,"href":"https:\/\/onderzoekschemicals.com\/de\/wp-json\/wp\/v2\/product_brand?post=24605"},{"taxonomy":"product_cat","embeddable":true,"href":"https:\/\/onderzoekschemicals.com\/de\/wp-json\/wp\/v2\/product_cat?post=24605"},{"taxonomy":"product_tag","embeddable":true,"href":"https:\/\/onderzoekschemicals.com\/de\/wp-json\/wp\/v2\/product_tag?post=24605"}],"curies":[{"name":"wp","href":"https:\/\/api.w.org\/{rel}","templated":true}]}}