{"id":24190,"date":"2025-04-13T17:41:13","date_gmt":"2025-04-13T17:41:13","guid":{"rendered":"https:\/\/onderzoekschemicals.com\/?post_type=product&#038;p=24190"},"modified":"2025-10-12T20:41:28","modified_gmt":"2025-10-12T20:41:28","slug":"rc-fluor-4f-mph-30mg-box","status":"publish","type":"product","link":"https:\/\/onderzoekschemicals.com\/de\/shop\/b2b\/rc-fluor-4f-mph-30mg-box\/","title":{"rendered":"RC+ Fluor 4F-MPH 30mg Box"},"content":{"rendered":"<h3 data-start=\"4858\" data-end=\"4877\"><strong data-start=\"4862\" data-end=\"4877\">Einf\u00fchrung<\/strong><\/h3>\n<p data-start=\"4878\" data-end=\"5294\">Der <strong data-start=\"4881\" data-end=\"4910\">RC+ Fluor 4F-MPH 30mg Box<\/strong> ist ein <strong data-start=\"4918\" data-end=\"4948\">hochreine Forschungssubstanz<\/strong> aus dem <strong data-start=\"4956\" data-end=\"4986\">Piperidin-Stimulans-Klasse<\/strong>, eng verwandt mit <strong data-start=\"5005\" data-end=\"5033\">Methylphenidat (Ritalin)<\/strong>Chemisch bekannt als <strong data-start=\"5055\" data-end=\"5081\">4-Fluormethylphenidat<\/strong>, wird dieses Molek\u00fcl h\u00e4ufig in der Forschung verwendet in der <strong data-start=\"5138\" data-end=\"5189\">Hemmung der Dopamin- und Noradrenalin-Wiederaufnahme<\/strong>Dies macht es zu einem wichtigen Thema innerhalb <strong data-start=\"5237\" data-end=\"5291\">neuropharmakologische und psychostimulierende Forschung<\/strong>. 4f mph<\/p>\n<p data-start=\"5296\" data-end=\"5489\">Jede 30 mg Tablette ist <strong data-start=\"5316\" data-end=\"5354\">pr\u00e4zise formuliert und verpackt<\/strong> nach strengen Laborstandards, was sicherstellt, <strong data-start=\"5406\" data-end=\"5460\">Genauigkeit, Stabilit\u00e4t und Reproduzierbarkeit<\/strong> in experimentellen Umgebungen.<\/p>\n<hr data-start=\"5491\" data-end=\"5494\" \/>\n<h3 data-start=\"5496\" data-end=\"5527\"><strong data-start=\"5500\" data-end=\"5527\">Hauptmerkmale<\/strong><\/h3>\n<ul data-start=\"5528\" data-end=\"6139\">\n<li data-start=\"5528\" data-end=\"5652\">\n<p data-start=\"5530\" data-end=\"5652\"><strong data-start=\"5530\" data-end=\"5562\">Hohe analytische Reinheit:<\/strong> Enth\u00e4lt <strong data-start=\"5569\" data-end=\"5600\">30 mg 4-Fluormethylphenidat<\/strong> pro Tablette f\u00fcr zuverl\u00e4ssige Forschungsergebnisse.<\/p>\n<\/li>\n<li data-start=\"5653\" data-end=\"5780\">\n<p data-start=\"5655\" data-end=\"5780\"><strong data-start=\"5655\" data-end=\"5683\">Professionelle Qualit\u00e4t:<\/strong> Entwickelt f\u00fcr <strong data-start=\"5699\" data-end=\"5740\">Labor- und analytische Forschung<\/strong>; nicht f\u00fcr den menschlichen Gebrauch bestimmt.<\/p>\n<\/li>\n<li data-start=\"5781\" data-end=\"5900\">\n<p data-start=\"5783\" data-end=\"5900\"><strong data-start=\"5783\" data-end=\"5806\">Sichere Verpackung:<\/strong> Geliefert in <strong data-start=\"5819\" data-end=\"5843\">RC+ versiegelte Boxen<\/strong> um die Stabilit\u00e4t zu erhalten und eine Kontamination zu verhindern.<\/p>\n<\/li>\n<li data-start=\"5901\" data-end=\"6016\">\n<p data-start=\"5903\" data-end=\"6016\"><strong data-start=\"5903\" data-end=\"5935\">R\u00fcckverfolgbare Chargeninformationen:<\/strong> Jede Box enth\u00e4lt <strong data-start=\"5952\" data-end=\"5989\">Chargennummern und Analysezertifikate<\/strong> zur Qualit\u00e4tssicherung.<\/p>\n<\/li>\n<li data-start=\"6017\" data-end=\"6139\">\n<p data-start=\"6019\" data-end=\"6139\"><strong data-start=\"6019\" data-end=\"6043\">Konstante Qualit\u00e4t:<\/strong> Produziert unter <strong data-start=\"6063\" data-end=\"6096\">kontrollierte Bedingungen<\/strong> f\u00fcr gleichbleibende Reinheit und Wirksamkeit.<\/p>\n<\/li>\n<\/ul>\n<hr data-start=\"6141\" data-end=\"6144\" \/>\n<h3 data-start=\"6146\" data-end=\"6163\"><strong data-start=\"6150\" data-end=\"6163\">Vorteile<\/strong><\/h3>\n<ul data-start=\"6164\" data-end=\"6535\">\n<li data-start=\"6164\" data-end=\"6253\">\n<p data-start=\"6166\" data-end=\"6253\">Unterst\u00fctzt <strong data-start=\"6178\" data-end=\"6204\">Vergleichende Forschung<\/strong> zwischen modifizierten Methylphenidat-Analoga.<\/p>\n<\/li>\n<li data-start=\"6254\" data-end=\"6326\">\n<p data-start=\"6256\" data-end=\"6326\">Geeignet f\u00fcr Studien zu <strong data-start=\"6283\" data-end=\"6323\">dopaminerge und noradrenerge Systeme<\/strong>.<\/p>\n<\/li>\n<li data-start=\"6327\" data-end=\"6396\">\n<p data-start=\"6329\" data-end=\"6396\">Anwendbar in <strong data-start=\"6343\" data-end=\"6383\">kognitive, verhaltensbezogene und neurochemische<\/strong> Forschung.<\/p>\n<\/li>\n<li data-start=\"6397\" data-end=\"6464\">\n<p data-start=\"6399\" data-end=\"6464\">Angebote <strong data-start=\"6405\" data-end=\"6461\">stabile, vorhersehbare pharmakologische Eigenschaften<\/strong>.<\/p>\n<\/li>\n<li data-start=\"6465\" data-end=\"6535\">\n<p data-start=\"6467\" data-end=\"6535\">Ideal f\u00fcr <strong data-start=\"6479\" data-end=\"6532\">akademische, forensische und pharmazeutische Forschung<\/strong>. 4f mph<\/p>\n<\/li>\n<\/ul>\n<hr data-start=\"6537\" data-end=\"6540\" \/>\n<h3 data-start=\"6542\" data-end=\"6557\"><strong data-start=\"6546\" data-end=\"6557\">Verwendung<\/strong><\/h3>\n<p data-start=\"6558\" data-end=\"6809\">Der <strong data-start=\"6561\" data-end=\"6590\">RC+ Fluor 4F-MPH 30mg Box<\/strong> ist ausschlie\u00dflich bestimmt f\u00fcr <strong data-start=\"6619\" data-end=\"6660\">Forschungs- und Analysezwecke<\/strong>. Forscher sollten <strong data-start=\"6703\" data-end=\"6730\">Schutzausr\u00fcstung<\/strong> (Handschuhe, Schutzbrille, Laborkittel) und <strong data-start=\"6772\" data-end=\"6806\">kalibrierte Messger\u00e4te<\/strong>.<\/p>\n<ul data-start=\"6810\" data-end=\"7034\">\n<li data-start=\"6810\" data-end=\"6868\">\n<p data-start=\"6812\" data-end=\"6868\">Speichern unter <strong data-start=\"6826\" data-end=\"6834\">25\u00b0C<\/strong> auf einem <strong data-start=\"6842\" data-end=\"6865\">k\u00fchl und trocken lagern<\/strong>.<\/p>\n<\/li>\n<li data-start=\"6869\" data-end=\"6916\">\n<p data-start=\"6871\" data-end=\"6916\">Sch\u00fctzen vor <strong data-start=\"6888\" data-end=\"6913\">Licht, Luft und Feuchtigkeit<\/strong>.<\/p>\n<\/li>\n<li data-start=\"6917\" data-end=\"7034\">\n<p data-start=\"6919\" data-end=\"7034\">Nur innerhalb einer <strong data-start=\"6947\" data-end=\"6986\">kontrollierte Laborumgebung<\/strong> gem\u00e4\u00df den geltenden Sicherheitsvorschriften.<\/p>\n<\/li>\n<\/ul>\n<hr data-start=\"7036\" data-end=\"7039\" \/>\n<h3 data-start=\"7041\" data-end=\"7070\"><strong data-start=\"7045\" data-end=\"7070\">Sicherheitshinweise<\/strong><\/h3>\n<ul data-start=\"7071\" data-end=\"7288\">\n<li data-start=\"7071\" data-end=\"7111\">\n<p data-start=\"7073\" data-end=\"7111\">Nur f\u00fcr <strong data-start=\"7085\" data-end=\"7108\">Laborgebrauch<\/strong>.<\/p>\n<\/li>\n<li data-start=\"7112\" data-end=\"7174\">\n<p data-start=\"7114\" data-end=\"7174\"><strong data-start=\"7114\" data-end=\"7171\">Nicht f\u00fcr den menschlichen oder tierischen Verzehr geeignet<\/strong>.<\/p>\n<\/li>\n<li data-start=\"7175\" data-end=\"7230\">\n<p data-start=\"7177\" data-end=\"7230\">Verwenden Sie immer <strong data-start=\"7192\" data-end=\"7227\">Standard-Sicherheitsausr\u00fcstung<\/strong>.<\/p>\n<\/li>\n<li data-start=\"7231\" data-end=\"7288\">\n<p data-start=\"7233\" data-end=\"7288\">Au\u00dferhalb der Reichweite von <strong data-start=\"7251\" data-end=\"7278\">Kinder und unbefugte Personen<\/strong> behalten.<\/p>\n<\/li>\n<\/ul>\n<hr data-start=\"7290\" data-end=\"7293\" \/>\n<h3 data-start=\"7295\" data-end=\"7328\"><strong data-start=\"7299\" data-end=\"7328\">H\u00e4ufig gestellte Fragen (FAQ)<\/strong><\/h3>\n<p data-start=\"7330\" data-end=\"7519\"><strong data-start=\"7330\" data-end=\"7387\">1. Wof\u00fcr wird RC+ Fluor 4F-MPH 30 mg Box verwendet?<\/strong><br data-start=\"7387\" data-end=\"7390\" \/>Es wird verwendet in <strong data-start=\"7412\" data-end=\"7437\">Laborforschung<\/strong> Unangenehm <strong data-start=\"7443\" data-end=\"7486\">Dopamin- und Noradrenalintransporter<\/strong> und Stimulanzien-Pharmakodynamik.<\/p>\n<p data-start=\"7521\" data-end=\"7714\"><strong data-start=\"7521\" data-end=\"7576\">2. Ist dieses Produkt Methylphenidat \u00e4hnlich?<\/strong><br data-start=\"7576\" data-end=\"7579\" \/>Ja, 4F-MPH ist ein <strong data-start=\"7597\" data-end=\"7640\">fluorierte Variante von Methylphenidat<\/strong>, untersucht f\u00fcr seine <strong data-start=\"7666\" data-end=\"7713\">h\u00f6here Stabilit\u00e4t und Rezeptorselektivit\u00e4t<\/strong>.<\/p>\n<p data-start=\"7716\" data-end=\"7875\"><strong data-start=\"7716\" data-end=\"7751\">3. Wie ist es aufzubewahren?<\/strong><br data-start=\"7751\" data-end=\"7754\" \/>Sparen Sie bei einem <strong data-start=\"7768\" data-end=\"7800\">k\u00fchl, trocken, dunkel lagern<\/strong>, vorzugsweise in der <strong data-start=\"7821\" data-end=\"7845\">Originalverpackung<\/strong> um die Reinheit zu bewahren.<\/p>\n<hr data-start=\"7877\" data-end=\"7880\" \/>\n<h3 data-start=\"7882\" data-end=\"7899\"><strong data-start=\"7886\" data-end=\"7899\">Abschluss<\/strong><\/h3>\n<p data-start=\"7900\" data-end=\"8251\">Der <strong data-start=\"7903\" data-end=\"7932\">RC+ Fluor 4F-MPH 30mg Box<\/strong> ist ein <strong data-start=\"7940\" data-end=\"7974\">zuverl\u00e4ssige Forschungsverbindung<\/strong> f\u00fcr Wissenschaftler, die sich auf <strong data-start=\"8015\" data-end=\"8095\">Stimulanzienpharmakologie, kognitive Leistungsf\u00e4higkeit und neurochemische Prozesse<\/strong>Dank der <strong data-start=\"8108\" data-end=\"8171\">hohe Reinheit, genaue Dosierung und sichere Verpackung<\/strong> Dieses Produkt ist ideal f\u00fcr konsistente und reproduzierbare Laborforschung.<\/p>","protected":false},"excerpt":{"rendered":"<p>Einleitung: Die RC+ Fluor 4F-MPH 30mg Box ist eine hochreine Forschungssubstanz aus der Klasse der Piperidin-Stimulanzien, die eng mit Methylphenidat (Ritalin) verwandt ist. Chemisch<\/p>","protected":false},"featured_media":20577,"comment_status":"closed","ping_status":"closed","template":"","meta":[],"product_brand":[],"product_cat":[555],"product_tag":[571,326],"class_list":{"0":"post-24190","1":"product","2":"type-product","3":"status-publish","4":"has-post-thumbnail","6":"product_cat-b2b","7":"product_tag-4f-mph","8":"product_tag-nl","10":"first","11":"instock","12":"taxable","13":"shipping-taxable","14":"purchasable","15":"product-type-variable"},"_links":{"self":[{"href":"https:\/\/onderzoekschemicals.com\/de\/wp-json\/wp\/v2\/product\/24190","targetHints":{"allow":["GET"]}}],"collection":[{"href":"https:\/\/onderzoekschemicals.com\/de\/wp-json\/wp\/v2\/product"}],"about":[{"href":"https:\/\/onderzoekschemicals.com\/de\/wp-json\/wp\/v2\/types\/product"}],"replies":[{"embeddable":true,"href":"https:\/\/onderzoekschemicals.com\/de\/wp-json\/wp\/v2\/comments?post=24190"}],"version-history":[{"count":4,"href":"https:\/\/onderzoekschemicals.com\/de\/wp-json\/wp\/v2\/product\/24190\/revisions"}],"predecessor-version":[{"id":27844,"href":"https:\/\/onderzoekschemicals.com\/de\/wp-json\/wp\/v2\/product\/24190\/revisions\/27844"}],"wp:featuredmedia":[{"embeddable":true,"href":"https:\/\/onderzoekschemicals.com\/de\/wp-json\/wp\/v2\/media\/20577"}],"wp:attachment":[{"href":"https:\/\/onderzoekschemicals.com\/de\/wp-json\/wp\/v2\/media?parent=24190"}],"wp:term":[{"taxonomy":"product_brand","embeddable":true,"href":"https:\/\/onderzoekschemicals.com\/de\/wp-json\/wp\/v2\/product_brand?post=24190"},{"taxonomy":"product_cat","embeddable":true,"href":"https:\/\/onderzoekschemicals.com\/de\/wp-json\/wp\/v2\/product_cat?post=24190"},{"taxonomy":"product_tag","embeddable":true,"href":"https:\/\/onderzoekschemicals.com\/de\/wp-json\/wp\/v2\/product_tag?post=24190"}],"curies":[{"name":"wp","href":"https:\/\/api.w.org\/{rel}","templated":true}]}}