{"id":24136,"date":"2025-04-13T17:41:08","date_gmt":"2025-04-13T17:41:08","guid":{"rendered":"https:\/\/onderzoekschemicals.com\/?post_type=product&#038;p=24136"},"modified":"2025-10-13T10:20:48","modified_gmt":"2025-10-13T10:20:48","slug":"chem-mist-2f-dck-20-spray","status":"publish","type":"product","link":"https:\/\/onderzoekschemicals.com\/de\/shop\/b2b\/chem-mist-2f-dck-20-spray\/","title":{"rendered":"Chem-mist 2F-DCK 20% Spray"},"content":{"rendered":"<h3 data-start=\"5799\" data-end=\"5818\"><strong data-start=\"5803\" data-end=\"5818\">Einf\u00fchrung<\/strong><\/h3>\n<p data-start=\"5819\" data-end=\"6248\">Der <strong data-start=\"5822\" data-end=\"5852\">Chem-mist 2F-DCK 20% Spray<\/strong> ist ein spezialisiertes <strong data-start=\"5877\" data-end=\"5912\">Forschungsqualit\u00e4tsformulierung<\/strong> von <strong data-start=\"5917\" data-end=\"5931\">20 % (w\/v)<\/strong> von <strong data-start=\"5936\" data-end=\"5974\">2-Fluordeschlorketamin (2F-DCK)<\/strong> Aufgel\u00f6st in einer geeigneten L\u00f6sungsmittelbasis. Dieses Produkt wurde ausschlie\u00dflich f\u00fcr den Labor- und Analysegebrauch entwickelt, erm\u00f6glicht eine pr\u00e4zise und kontrollierte Dosierung und unterst\u00fctzt die Forschung zur dissoziativen Pharmakologie unter streng regulierten Bedingungen. Chem-mist 2F-DCK 20% Spray<\/p>\n<p data-start=\"6250\" data-end=\"6753\">2F-DCK ist ein <strong data-start=\"6264\" data-end=\"6285\">Ketaminanalogon<\/strong> aus der Klasse der Arylcyclohexylamine. Es ist chemisch \u00e4hnlich wie Deschloroketamin (DCK) und Ketamin, mit einer Fluorsubstitution am Phenylring. Aufgrund seines relativ neuen Auftretens ist seine Pharmakologie noch nicht umfassend erforscht, es wird jedoch angenommen, dass es als <strong data-start=\"6618\" data-end=\"6645\">NMDA-Rezeptorantagonist<\/strong>, mit dissoziativen und an\u00e4sthesie\u00e4hnlichen Effekten in Modellstudien.<\/p>\n<hr data-start=\"6755\" data-end=\"6758\" \/>\n<h3 data-start=\"6760\" data-end=\"6791\"><strong data-start=\"6764\" data-end=\"6791\">Hauptmerkmale<\/strong><\/h3>\n<ul data-start=\"6792\" data-end=\"7427\">\n<li data-start=\"6792\" data-end=\"6912\">\n<p data-start=\"6794\" data-end=\"6912\"><strong data-start=\"6794\" data-end=\"6823\">20 % Aktive Konzentration<\/strong> \u2014 Eine robuste Formulierung, die eine ausreichende Konzentration f\u00fcr den experimentellen Einsatz bietet.<\/p>\n<\/li>\n<li data-start=\"6913\" data-end=\"7030\">\n<p data-start=\"6915\" data-end=\"7030\"><strong data-start=\"6915\" data-end=\"6943\">Dosierte Spr\u00fchabgabe<\/strong> \u2014 Gew\u00e4hrleistet eine konsistente und reproduzierbare Mikrodosierung in experimentellen Systemen.<\/p>\n<\/li>\n<li data-start=\"7031\" data-end=\"7164\">\n<p data-start=\"7033\" data-end=\"7164\"><strong data-start=\"7033\" data-end=\"7059\">Analytische Reinheit<\/strong> \u2014 Hergestellt nach strengen Laborstandards, um Verunreinigungen und Chargenabweichungen zu minimieren.<\/p>\n<\/li>\n<li data-start=\"7165\" data-end=\"7296\">\n<p data-start=\"7167\" data-end=\"7296\"><strong data-start=\"7167\" data-end=\"7205\">Stabilit\u00e4tsoptimiertes Medium<\/strong> \u2014 Mit L\u00f6sungsmitteln und Stabilisatoren formuliert, um die chemische Integrit\u00e4t zu erhalten.<\/p>\n<\/li>\n<li data-start=\"7297\" data-end=\"7427\">\n<p data-start=\"7299\" data-end=\"7427\"><strong data-start=\"7299\" data-end=\"7327\">Kompaktes Antragsformular<\/strong> \u2014 Wird in einer versiegelten Spr\u00fchflasche geliefert, um eine sichere und kontrollierte Verwendung im Labor zu erm\u00f6glichen. Chem-mist 2F-DCK 20% Spray<\/p>\n<\/li>\n<\/ul>\n<hr data-start=\"7429\" data-end=\"7432\" \/>\n<h3 data-start=\"7434\" data-end=\"7451\"><strong data-start=\"7438\" data-end=\"7451\">Vorteile<\/strong><\/h3>\n<ul data-start=\"7452\" data-end=\"7889\">\n<li data-start=\"7452\" data-end=\"7540\">\n<p data-start=\"7454\" data-end=\"7540\">Macht <strong data-start=\"7460\" data-end=\"7493\">pr\u00e4zise Dosierungskontrolle<\/strong> m\u00f6glicherweise in Verhaltens- oder Rezeptorbindungsstudien.<\/p>\n<\/li>\n<li data-start=\"7541\" data-end=\"7627\">\n<p data-start=\"7543\" data-end=\"7627\">Unterst\u00fctzt <strong data-start=\"7555\" data-end=\"7581\">Vergleichende Forschung<\/strong> mit Ketamin, DCK und anderen Dissoziativa.<\/p>\n<\/li>\n<li data-start=\"7628\" data-end=\"7706\">\n<p data-start=\"7630\" data-end=\"7706\">Erleichtert <strong data-start=\"7642\" data-end=\"7672\">schnelle Absorption und Verteilung<\/strong> in l\u00f6sungsbasierten Tests.<\/p>\n<\/li>\n<li data-start=\"7707\" data-end=\"7796\">\n<p data-start=\"7709\" data-end=\"7796\">Reduziert den Umgang mit pulverf\u00f6rmigen Substanzen, die <strong data-start=\"7761\" data-end=\"7784\">Sicherheit und Komfort<\/strong> erh\u00f6ht.<\/p>\n<\/li>\n<li data-start=\"7797\" data-end=\"7889\">\n<p data-start=\"7799\" data-end=\"7889\">Ideal f\u00fcr <strong data-start=\"7811\" data-end=\"7860\">pharmakodynamische, metabolische und toxikologische<\/strong> Studien in einheitlicher Form.<\/p>\n<\/li>\n<\/ul>\n<hr data-start=\"7891\" data-end=\"7894\" \/>\n<h3 data-start=\"7896\" data-end=\"7911\"><strong data-start=\"7900\" data-end=\"7911\">Verwendung<\/strong><\/h3>\n<ol data-start=\"7912\" data-end=\"8509\">\n<li data-start=\"7912\" data-end=\"7991\">\n<p data-start=\"7915\" data-end=\"7991\"><strong data-start=\"7915\" data-end=\"7933\">Vorsichtig sch\u00fctteln<\/strong> der Flasche vor Gebrauch, um Homogenit\u00e4t sicherzustellen.<\/p>\n<\/li>\n<li data-start=\"7992\" data-end=\"8174\">\n<p data-start=\"7995\" data-end=\"8174\"><strong data-start=\"7995\" data-end=\"8016\">Aktivieren Sie das Spray<\/strong> um eine vorbestimmte Mikrodosis 2F-DCK in Ihren Versuchsaufbau zu verabreichen (z. B. Dosiermedium, Pufferl\u00f6sung oder Verabreichungsreservoir).<\/p>\n<\/li>\n<li data-start=\"8175\" data-end=\"8274\">\n<p data-start=\"8178\" data-end=\"8274\"><strong data-start=\"8178\" data-end=\"8204\">Genau dokumentieren<\/strong> das Volumen und die Zeit der Anwendung f\u00fcr die Reproduzierbarkeit.<\/p>\n<\/li>\n<li data-start=\"8275\" data-end=\"8398\">\n<p data-start=\"8278\" data-end=\"8398\"><strong data-start=\"8278\" data-end=\"8288\">Halten<\/strong> das Spray auf einem <strong data-start=\"8305\" data-end=\"8337\">k\u00fchl, dunkel und trocken lagern<\/strong>, vorzugsweise unter 25 \u00b0C, vor Licht und Feuchtigkeit gesch\u00fctzt.<\/p>\n<\/li>\n<li data-start=\"8399\" data-end=\"8509\">\n<p data-start=\"8402\" data-end=\"8509\"><strong data-start=\"8402\" data-end=\"8436\">Reste aufbewahren und entsorgen<\/strong> gem\u00e4\u00df den \u00fcblichen chemischen Abfallprotokollen Ihres Labors.<\/p>\n<\/li>\n<\/ol>\n<blockquote data-start=\"8511\" data-end=\"8631\">\n<p data-start=\"8513\" data-end=\"8631\">\u26a0\ufe0f <strong data-start=\"8516\" data-end=\"8631\">Nur f\u00fcr Labor- und Analysezwecke. Nicht f\u00fcr die Anwendung im Human- oder Veterin\u00e4rbereich geeignet.<\/strong><\/p>\n<\/blockquote>\n<hr data-start=\"8633\" data-end=\"8636\" \/>\n<h3 data-start=\"8638\" data-end=\"8673\"><strong data-start=\"8642\" data-end=\"8673\">3 H\u00e4ufig gestellte Fragen (FAQ)<\/strong><\/h3>\n<p data-start=\"8675\" data-end=\"9041\"><strong data-start=\"8675\" data-end=\"8723\">F1. Was ist der Wirkungsmechanismus von 2F-DCK?<\/strong><br data-start=\"8723\" data-end=\"8726\" \/>Obwohl die Forschung begrenzt ist, wird angenommen, dass 2F-DCK <strong data-start=\"8783\" data-end=\"8835\">Blockiert NMDA-Rezeptoren (N-Methyl-D-Aspartat)<\/strong>, \u00e4hnlich wie Ketamin und verwandte Dissoziativa, beeinflusst die exzitatorische Neurotransmission und erzeugt dissoziative Effekte in Modellsystemen.<\/p>\n<p data-start=\"9043\" data-end=\"9512\"><strong data-start=\"9043\" data-end=\"9099\">F2. Gibt es bekannte Risiken oder Toxizit\u00e4tsdaten?<\/strong><br data-start=\"9099\" data-end=\"9102\" \/>Vorl\u00e4ufige Studien und forensische Berichte deuten darauf hin, dass 2F-DCK <strong data-start=\"9176\" data-end=\"9227\">vermindertes Bewusstsein, Unruhe und Halluzinationen<\/strong> kann zu t\u00f6dlichen Vergiftungen f\u00fchren. Aufgrund seiner strukturellen \u00c4hnlichkeit mit Ketamin kann es eine \u00e4hnliche Wirkung haben <strong data-start=\"9425\" data-end=\"9463\">Missbrauchspotenzial und Nebenwirkungen<\/strong> zum Teilen.<\/p>\n<p data-start=\"9514\" data-end=\"9846\"><strong data-start=\"9514\" data-end=\"9568\">F3. Wie stabil ist die 20 %-Formulierung im Laufe der Zeit?<\/strong><br data-start=\"9568\" data-end=\"9571\" \/>Die Formulierung ist bei richtiger Lagerung (k\u00fchl, dunkel, trocken) f\u00fcr eine angemessene Haltbarkeit stabilisiert. Es wird jedoch empfohlen, regelm\u00e4\u00dfig zu \u00fcberpr\u00fcfen <strong data-start=\"9724\" data-end=\"9747\">Qualit\u00e4tskontrollen<\/strong> (z. B. HPLC, GC), um Konzentration und Reinheit im Laufe der Zeit zu best\u00e4tigen.<\/p>\n<hr data-start=\"9848\" data-end=\"9851\" \/>\n<h3 data-start=\"9853\" data-end=\"9896\"><strong data-start=\"9857\" data-end=\"9896\">Warnhinweis und rechtliche Hinweise<\/strong><\/h3>\n<ul data-start=\"9897\" data-end=\"10233\">\n<li data-start=\"9897\" data-end=\"10060\">\n<p data-start=\"9899\" data-end=\"10060\">2F-DCK ist ein <strong data-start=\"9913\" data-end=\"9948\">neue psychoaktive Substanz (NPS)<\/strong> und unterliegt in vielen Rechtsr\u00e4umen gesetzlichen Regelungen oder Verboten.<\/p>\n<\/li>\n<li data-start=\"10061\" data-end=\"10145\">\n<p data-start=\"10063\" data-end=\"10145\">\u00dcberpr\u00fcfen Sie immer die <strong data-start=\"10084\" data-end=\"10106\">\u00f6rtliche Vorschriften<\/strong> vor dem Kauf oder der Verwendung.<\/p>\n<\/li>\n<li data-start=\"10146\" data-end=\"10233\">\n<p data-start=\"10148\" data-end=\"10233\">Befolgen Sie strikt <strong data-start=\"10161\" data-end=\"10210\">Sicherheits-, Handhabungs- und Abfallprotokolle<\/strong> entsprechend Ihrer Einstellung.<\/p>\n<\/li>\n<\/ul>\n<hr data-start=\"10235\" data-end=\"10238\" \/>\n<h3 data-start=\"10240\" data-end=\"10257\"><strong data-start=\"10244\" data-end=\"10257\">Abschluss<\/strong><\/h3>\n<p data-start=\"10258\" data-end=\"10670\">Der <strong data-start=\"10261\" data-end=\"10291\">Chem-mist 2F-DCK 20% Spray<\/strong> ist eine fortschrittliche, labortaugliche L\u00f6sung f\u00fcr pr\u00e4zise Studien dissoziativer An\u00e4sthetika und NMDA-Rezeptorantagonisten. Das Dosiersprayformat, die hohe Konzentration und die analytische Reinheit machen es zu einem wertvollen Werkzeug in Laboren, die die Pharmakologie, den Stoffwechsel, die Toxizit\u00e4t und die Struktur-Wirkungs-Beziehungen von Ketaminanaloga untersuchen.<\/p>","protected":false},"excerpt":{"rendered":"<p>Introductie De Chem-mist 2F-DCK 20% Spray is een gespecialiseerde onderzoekskwaliteitsformulering met 20 % (w\/v) van 2-fluorodeschloroketamine (2F-DCK) opgelost in een<\/p>","protected":false},"featured_media":20676,"comment_status":"closed","ping_status":"closed","template":"","meta":[],"product_brand":[],"product_cat":[555],"product_tag":[1095,326],"class_list":{"0":"post-24136","1":"product","2":"type-product","3":"status-publish","4":"has-post-thumbnail","6":"product_cat-b2b","7":"product_tag-chem-mist-2f-dck-20-spray","8":"product_tag-nl","10":"first","11":"instock","12":"taxable","13":"shipping-taxable","14":"purchasable","15":"product-type-variable"},"_links":{"self":[{"href":"https:\/\/onderzoekschemicals.com\/de\/wp-json\/wp\/v2\/product\/24136","targetHints":{"allow":["GET"]}}],"collection":[{"href":"https:\/\/onderzoekschemicals.com\/de\/wp-json\/wp\/v2\/product"}],"about":[{"href":"https:\/\/onderzoekschemicals.com\/de\/wp-json\/wp\/v2\/types\/product"}],"replies":[{"embeddable":true,"href":"https:\/\/onderzoekschemicals.com\/de\/wp-json\/wp\/v2\/comments?post=24136"}],"version-history":[{"count":3,"href":"https:\/\/onderzoekschemicals.com\/de\/wp-json\/wp\/v2\/product\/24136\/revisions"}],"predecessor-version":[{"id":27854,"href":"https:\/\/onderzoekschemicals.com\/de\/wp-json\/wp\/v2\/product\/24136\/revisions\/27854"}],"wp:featuredmedia":[{"embeddable":true,"href":"https:\/\/onderzoekschemicals.com\/de\/wp-json\/wp\/v2\/media\/20676"}],"wp:attachment":[{"href":"https:\/\/onderzoekschemicals.com\/de\/wp-json\/wp\/v2\/media?parent=24136"}],"wp:term":[{"taxonomy":"product_brand","embeddable":true,"href":"https:\/\/onderzoekschemicals.com\/de\/wp-json\/wp\/v2\/product_brand?post=24136"},{"taxonomy":"product_cat","embeddable":true,"href":"https:\/\/onderzoekschemicals.com\/de\/wp-json\/wp\/v2\/product_cat?post=24136"},{"taxonomy":"product_tag","embeddable":true,"href":"https:\/\/onderzoekschemicals.com\/de\/wp-json\/wp\/v2\/product_tag?post=24136"}],"curies":[{"name":"wp","href":"https:\/\/api.w.org\/{rel}","templated":true}]}}