{"id":24119,"date":"2025-04-13T17:41:04","date_gmt":"2025-04-13T17:41:04","guid":{"rendered":"https:\/\/onderzoekschemicals.com\/?post_type=product&#038;p=24119"},"modified":"2025-10-14T08:34:47","modified_gmt":"2025-10-14T08:34:47","slug":"rc-metocin-blister","status":"publish","type":"product","link":"https:\/\/onderzoekschemicals.com\/de\/shop\/b2b\/rc-metocin-blister\/","title":{"rendered":"RC+ Metocin Blister"},"content":{"rendered":"<h3 data-start=\"5633\" data-end=\"5654\"><strong data-start=\"5637\" data-end=\"5652\">Einf\u00fchrung<\/strong><\/h3>\n<p data-start=\"5655\" data-end=\"6097\">Der <strong data-start=\"5658\" data-end=\"5681\">RC+ Metocin Blister<\/strong> ist eine professionelle Forschungschemikalienformulierung f\u00fcr Labor- und Analyseanwendungen. Es enth\u00e4lt <strong data-start=\"5803\" data-end=\"5878\">4-Hydroxy-N-methyl-N-ethyltryptamin (4-HO-MET, auch bekannt als Metocin)<\/strong> in einzeln versiegelten Pellets. Diese sind in einer Blisterpackung (normalerweise 10 Pellets) verpackt, um die Dosisr\u00fcckgewinnung, Kontaminationskontrolle und r\u00fcckverfolgbare Handhabung zu unterst\u00fctzen.<\/p>\n<p data-start=\"6099\" data-end=\"6290\">4-HO-MET ist eine mit Psilocin verwandte Tryptaminverbindung, die in der Pharmakologie von Serotoninrezeptoren und psychoaktiven Substanzen untersucht wird.<\/p>\n<p data-start=\"6292\" data-end=\"6497\">Dieses Produkt ist nur f\u00fcr den Gebrauch bestimmt <strong data-start=\"6332\" data-end=\"6346\">Laborgebrauch<\/strong> \u2014 beispielsweise Rezeptorbindung, analytische Kalibrierung oder Struktur-Aktivit\u00e4ts-Studien \u2014 und ist <strong data-start=\"6444\" data-end=\"6496\">nicht f\u00fcr den menschlichen oder tierischen Gebrauch geeignet<\/strong>.<\/p>\n<hr data-start=\"6499\" data-end=\"6502\" \/>\n<h3 data-start=\"6504\" data-end=\"6537\"><strong data-start=\"6508\" data-end=\"6535\">Hauptmerkmale<\/strong><\/h3>\n<ul data-start=\"6538\" data-end=\"7152\">\n<li data-start=\"6538\" data-end=\"6592\">\n<p data-start=\"6540\" data-end=\"6592\"><strong data-start=\"6540\" data-end=\"6557\">Wirkstoff:<\/strong> 4-HO-MET (Metocin) in Pelletform<\/p>\n<\/li>\n<li data-start=\"6593\" data-end=\"6712\">\n<p data-start=\"6595\" data-end=\"6712\"><strong data-start=\"6595\" data-end=\"6619\">Dosierung pro Pellet:<\/strong> Um <strong data-start=\"6629\" data-end=\"6638\">21 mg<\/strong> (wie von den Lieferanten angegeben)<\/p>\n<\/li>\n<li data-start=\"6713\" data-end=\"6839\">\n<p data-start=\"6715\" data-end=\"6839\"><strong data-start=\"6715\" data-end=\"6743\">Hohe Reinheit (\u2265 98 %)<\/strong>: Als hochreines Forschungsmaterial gekennzeichnet<\/p>\n<\/li>\n<li data-start=\"6840\" data-end=\"6931\">\n<p data-start=\"6842\" data-end=\"6931\"><strong data-start=\"6842\" data-end=\"6864\">Blisterverpackung:<\/strong> Jedes Pellet einzeln versiegelt, um Verunreinigungen zu reduzieren<\/p>\n<\/li>\n<li data-start=\"6932\" data-end=\"7070\">\n<p data-start=\"6934\" data-end=\"7070\"><strong data-start=\"6934\" data-end=\"6966\">Chargen- und Losr\u00fcckverfolgbarkeit:<\/strong> Jeder Blister enth\u00e4lt Identifikationscodes zur Qualit\u00e4tskontrolle<\/p>\n<\/li>\n<li data-start=\"7071\" data-end=\"7152\">\n<p data-start=\"7073\" data-end=\"7152\"><strong data-start=\"7073\" data-end=\"7097\">Kompakt &amp; Gesch\u00fctzt:<\/strong> Verpackung sch\u00fctzt vor Licht, Feuchtigkeit und Zersetzung<\/p>\n<\/li>\n<\/ul>\n<hr data-start=\"7154\" data-end=\"7157\" \/>\n<h3 data-start=\"7159\" data-end=\"7178\"><strong data-start=\"7163\" data-end=\"7176\">Vorteile<\/strong><\/h3>\n<p data-start=\"7179\" data-end=\"7723\">\u2705 <strong data-start=\"7181\" data-end=\"7210\">Reproduzierbare Dosierung:<\/strong> Jedes Pellet enth\u00e4lt eine gleichbleibende, abgemessene Menge 4-HO-MET, wodurch die Varianz in den Experimenten reduziert wird.<br data-start=\"7319\" data-end=\"7322\" \/>\u2705 <strong data-start=\"7324\" data-end=\"7351\">Verbesserte Stabilit\u00e4t:<\/strong> Durch die Blisterverpackung wird das Probenmaterial vor Umwelteinfl\u00fcssen gesch\u00fctzt.<br data-start=\"7423\" data-end=\"7426\" \/>\u2705 <strong data-start=\"7428\" data-end=\"7462\">Reduziertes Kontaminationsrisiko:<\/strong> Die individuelle Pelletversiegelung begrenzt die Kreuzkontamination.<br data-start=\"7517\" data-end=\"7520\" \/>\u2705 <strong data-start=\"7522\" data-end=\"7548\">Zeitsparendes Format:<\/strong> Direkt einsetzbar ohne aufw\u00e4ndige Probenvorbereitung oder Einwaage. Metocin<br data-start=\"7610\" data-end=\"7613\" \/>\u2705 <strong data-start=\"7615\" data-end=\"7657\">Bessere Dokumentation und R\u00fcckverfolgbarkeit:<\/strong> Chargencodes und Pellet-ID erleichtern die Verwaltung und Audits.<\/p>\n<hr data-start=\"7725\" data-end=\"7728\" \/>\n<h3 data-start=\"7730\" data-end=\"7790\"><strong data-start=\"7734\" data-end=\"7788\">Verwendung (nur f\u00fcr Forschung\/Analyse)<\/strong><\/h3>\n<blockquote data-start=\"7791\" data-end=\"7973\">\n<p data-start=\"7793\" data-end=\"7973\">\u26a0\ufe0f <strong data-start=\"7796\" data-end=\"7810\">Bemerkung:<\/strong> Dieses Produkt ist <strong data-start=\"7826\" data-end=\"7869\">NICHT f\u00fcr den menschlichen oder tierischen Gebrauch<\/strong>. Nur unter kontrollierten Laborbedingungen mit entsprechender Sicherheitsausr\u00fcstung verwenden.<\/p>\n<\/blockquote>\n<ol data-start=\"7975\" data-end=\"9041\">\n<li data-start=\"7975\" data-end=\"8186\">\n<p data-start=\"7978\" data-end=\"8016\"><strong data-start=\"7978\" data-end=\"8014\">Untersuchen Sie die Blase und die Pellets<\/strong><\/p>\n<ul data-start=\"8020\" data-end=\"8186\">\n<li data-start=\"8020\" data-end=\"8069\">\n<p data-start=\"8022\" data-end=\"8069\">\u00dcberpr\u00fcfen Sie, ob die Blisterpackung intakt ist.<\/p>\n<\/li>\n<li data-start=\"8073\" data-end=\"8118\">\n<p data-start=\"8075\" data-end=\"8118\">Vergleichen Sie die Chargennummer mit der Dokumentation.<\/p>\n<\/li>\n<li data-start=\"8122\" data-end=\"8186\">\n<p data-start=\"8124\" data-end=\"8186\">\u00dcberpr\u00fcfen Sie, ob die Pellets unbesch\u00e4digt und frei von Verf\u00e4rbungen sind.<\/p>\n<\/li>\n<\/ul>\n<\/li>\n<li data-start=\"8188\" data-end=\"8357\">\n<p data-start=\"8191\" data-end=\"8212\"><strong data-start=\"8191\" data-end=\"8210\">Pelletextraktion<\/strong><\/p>\n<ul data-start=\"8216\" data-end=\"8357\">\n<li data-start=\"8216\" data-end=\"8309\">\n<p data-start=\"8218\" data-end=\"8309\">Dr\u00fccken Sie mit sterilen Instrumenten oder Handschuhen vorsichtig ein Pellet aus dem Blisterfach.<\/p>\n<\/li>\n<li data-start=\"8313\" data-end=\"8357\">\n<p data-start=\"8315\" data-end=\"8357\">Vermeiden Sie direkten Kontakt mit der Oberfl\u00e4che.<\/p>\n<\/li>\n<\/ul>\n<\/li>\n<li data-start=\"8359\" data-end=\"8559\">\n<p data-start=\"8362\" data-end=\"8391\"><strong data-start=\"8362\" data-end=\"8389\">L\u00f6sen \/ Vorbereiten<\/strong><\/p>\n<ul data-start=\"8395\" data-end=\"8559\">\n<li data-start=\"8395\" data-end=\"8486\">\n<p data-start=\"8397\" data-end=\"8486\">L\u00f6sen oder suspendieren Sie das Pellet in einem geeigneten L\u00f6sungsmittel (z. B. Puffer, Ethanol, Wasser).<\/p>\n<\/li>\n<li data-start=\"8490\" data-end=\"8559\">\n<p data-start=\"8492\" data-end=\"8559\">Vorsichtig mischen, bis alles vollst\u00e4ndig aufgel\u00f6st und gleichm\u00e4\u00dfig verteilt ist.<\/p>\n<\/li>\n<\/ul>\n<\/li>\n<li data-start=\"8561\" data-end=\"8795\">\n<p data-start=\"8564\" data-end=\"8594\"><strong data-start=\"8564\" data-end=\"8592\">Experimentelle Anwendung<\/strong><\/p>\n<ul data-start=\"8598\" data-end=\"8795\">\n<li data-start=\"8598\" data-end=\"8716\">\n<p data-start=\"8600\" data-end=\"8716\">Verwenden Sie die vorbereitete L\u00f6sung in der Chromatographie, Bindungstests, Rezeptorstudien oder anderen zugelassenen Methoden.<\/p>\n<\/li>\n<li data-start=\"8720\" data-end=\"8795\">\n<p data-start=\"8722\" data-end=\"8795\">Notieren Sie die Pellet-ID, Konzentration, Aufl\u00f6sungsvolumen und alle relevanten Parameter.<\/p>\n<\/li>\n<\/ul>\n<\/li>\n<li data-start=\"8797\" data-end=\"9041\">\n<p data-start=\"8800\" data-end=\"8827\"><strong data-start=\"8800\" data-end=\"8825\">Lagerung &amp; Entnahme<\/strong><\/p>\n<ul data-start=\"8831\" data-end=\"9041\">\n<li data-start=\"8831\" data-end=\"8882\">\n<p data-start=\"8833\" data-end=\"8882\">Legen Sie nicht verwendete Pellets zur\u00fcck in die Blisterpackung.<\/p>\n<\/li>\n<li data-start=\"8886\" data-end=\"8949\">\n<p data-start=\"8888\" data-end=\"8949\">Aufrecht lagern in einem <strong data-start=\"8910\" data-end=\"8937\">k\u00fchl, dunkel und trocken<\/strong> Umfeld.<\/p>\n<\/li>\n<li data-start=\"8953\" data-end=\"9041\">\n<p data-start=\"8955\" data-end=\"9041\">Entsorgen Sie gebrauchte Pellets, L\u00f6sungsmittel und Verpackungen gem\u00e4\u00df den Richtlinien f\u00fcr chemische Abf\u00e4lle.<\/p>\n<\/li>\n<\/ul>\n<\/li>\n<\/ol>\n<hr data-start=\"9043\" data-end=\"9046\" \/>\n<h3 data-start=\"9048\" data-end=\"9083\"><strong data-start=\"9052\" data-end=\"9081\">H\u00e4ufig gestellte Fragen (FAQ)<\/strong><\/h3>\n<p data-start=\"9085\" data-end=\"9354\"><strong data-start=\"9085\" data-end=\"9118\">1. Was ist 4-HO-MET (Metocin)?<\/strong><br data-start=\"9118\" data-end=\"9121\" \/>4-HO-MET (4-Hydroxy-N-methyl-N-ethyltryptamin), auch bekannt als Metocin, ist ein psychoaktives Tryptaminanalogon, das mit Psilocin verwandt ist und in der pharmakologischen Forschung zu Serotoninrezeptoren verwendet wird.<\/p>\n<p data-start=\"9356\" data-end=\"9535\"><strong data-start=\"9356\" data-end=\"9413\">2. Wie viele mg enth\u00e4lt jedes Pellet in der Metocin-Blisterpackung?<\/strong><br data-start=\"9413\" data-end=\"9416\" \/>Laut Herstellerangaben enth\u00e4lt jedes Pellet ca. <strong data-start=\"9474\" data-end=\"9483\">21 mg<\/strong> 4-HO-MET.<\/p>\n<p data-start=\"9537\" data-end=\"9741\"><strong data-start=\"9537\" data-end=\"9619\">3. Kann RC+ Metocin Blister f\u00fcr den menschlichen oder tierischen Gebrauch verwendet werden?<\/strong><br data-start=\"9619\" data-end=\"9622\" \/>Nein. Das Produkt ist gekennzeichnet als <strong data-start=\"9655\" data-end=\"9680\">nur f\u00fcr Forschungszwecke<\/strong>und ist <strong data-start=\"9688\" data-end=\"9704\">nicht beabsichtigt<\/strong> zur Anwendung bei Menschen oder Tieren.<\/p>\n<p>&nbsp;<\/p>","protected":false},"excerpt":{"rendered":"<p><span style=\"vertical-align: inherit;\"><span style=\"vertical-align: inherit;\"><span dir=\"auto\" style=\"vertical-align: inherit;\"><span dir=\"auto\" style=\"vertical-align: inherit;\"><span dir=\"auto\" style=\"vertical-align: inherit;\"><span dir=\"auto\" style=\"vertical-align: inherit;\">CAS-Nummer: 77872-41-4 <\/span><\/span><\/span><\/span><\/span><\/span><br \/>\n<span style=\"vertical-align: inherit;\"><span style=\"vertical-align: inherit;\"><span dir=\"auto\" style=\"vertical-align: inherit;\"><span dir=\"auto\" style=\"vertical-align: inherit;\"><span dir=\"auto\" style=\"vertical-align: inherit;\"><span dir=\"auto\" style=\"vertical-align: inherit;\">Formel: C13H18N2O <\/span><\/span><\/span><\/span><\/span><\/span><br \/>\n<span style=\"vertical-align: inherit;\"><span style=\"vertical-align: inherit;\"><span dir=\"auto\" style=\"vertical-align: inherit;\"><span dir=\"auto\" style=\"vertical-align: inherit;\"><span dir=\"auto\" style=\"vertical-align: inherit;\"><span dir=\"auto\" style=\"vertical-align: inherit;\">Molare Masse: 218,3 g\/mol <\/span><\/span><\/span><\/span><\/span><\/span><br \/>\n<span style=\"vertical-align: inherit;\"><span style=\"vertical-align: inherit;\"><span dir=\"auto\" style=\"vertical-align: inherit;\"><span dir=\"auto\" style=\"vertical-align: inherit;\"><span dir=\"auto\" style=\"vertical-align: inherit;\"><span dir=\"auto\" style=\"vertical-align: inherit;\">Reinheit: \u226598%<\/span><\/span><\/span><\/span><\/span><\/span><\/p>","protected":false},"featured_media":21164,"comment_status":"closed","ping_status":"closed","template":"","meta":[],"product_brand":[],"product_cat":[555],"product_tag":[636,635,326],"class_list":{"0":"post-24119","1":"product","2":"type-product","3":"status-publish","4":"has-post-thumbnail","6":"product_cat-b2b","7":"product_tag-metocin","8":"product_tag-metocin-kopen","9":"product_tag-nl","11":"first","12":"instock","13":"taxable","14":"shipping-taxable","15":"purchasable","16":"product-type-variable"},"_links":{"self":[{"href":"https:\/\/onderzoekschemicals.com\/de\/wp-json\/wp\/v2\/product\/24119","targetHints":{"allow":["GET"]}}],"collection":[{"href":"https:\/\/onderzoekschemicals.com\/de\/wp-json\/wp\/v2\/product"}],"about":[{"href":"https:\/\/onderzoekschemicals.com\/de\/wp-json\/wp\/v2\/types\/product"}],"replies":[{"embeddable":true,"href":"https:\/\/onderzoekschemicals.com\/de\/wp-json\/wp\/v2\/comments?post=24119"}],"version-history":[{"count":5,"href":"https:\/\/onderzoekschemicals.com\/de\/wp-json\/wp\/v2\/product\/24119\/revisions"}],"predecessor-version":[{"id":26511,"href":"https:\/\/onderzoekschemicals.com\/de\/wp-json\/wp\/v2\/product\/24119\/revisions\/26511"}],"wp:featuredmedia":[{"embeddable":true,"href":"https:\/\/onderzoekschemicals.com\/de\/wp-json\/wp\/v2\/media\/21164"}],"wp:attachment":[{"href":"https:\/\/onderzoekschemicals.com\/de\/wp-json\/wp\/v2\/media?parent=24119"}],"wp:term":[{"taxonomy":"product_brand","embeddable":true,"href":"https:\/\/onderzoekschemicals.com\/de\/wp-json\/wp\/v2\/product_brand?post=24119"},{"taxonomy":"product_cat","embeddable":true,"href":"https:\/\/onderzoekschemicals.com\/de\/wp-json\/wp\/v2\/product_cat?post=24119"},{"taxonomy":"product_tag","embeddable":true,"href":"https:\/\/onderzoekschemicals.com\/de\/wp-json\/wp\/v2\/product_tag?post=24119"}],"curies":[{"name":"wp","href":"https:\/\/api.w.org\/{rel}","templated":true}]}}