{"id":24115,"date":"2025-04-13T17:41:04","date_gmt":"2025-04-13T17:41:04","guid":{"rendered":"https:\/\/onderzoekschemicals.com\/?post_type=product&#038;p=24115"},"modified":"2025-10-14T08:07:01","modified_gmt":"2025-10-14T08:07:01","slug":"rc-beta-k-2c-b-blister","status":"publish","type":"product","link":"https:\/\/onderzoekschemicals.com\/de\/shop\/b2b\/rc-beta-k-2c-b-blister\/","title":{"rendered":"RC+ Beta-k-2C-B Blister"},"content":{"rendered":"<h3 data-start=\"4836\" data-end=\"4857\"><strong data-start=\"4840\" data-end=\"4855\">Einf\u00fchrung<\/strong><\/h3>\n<p data-start=\"4858\" data-end=\"5157\">Der <strong data-start=\"4861\" data-end=\"4888\">RC+ Beta-k-2C-B Blister<\/strong> ist eine hohe Qualit\u00e4t <strong data-start=\"4909\" data-end=\"4934\">Forschungsformulierung<\/strong>, entwickelt f\u00fcr fortgeschrittene wissenschaftliche und analytische Forschung. Jeder Blister enth\u00e4lt <strong data-start=\"5025\" data-end=\"5070\">10 einzeln versiegelte \u03b2k-2C-B-Pellets<\/strong>, konzipiert f\u00fcr <strong data-start=\"5087\" data-end=\"5154\">pr\u00e4zise Dosierung, maximale Stabilit\u00e4t und sichere Handhabung<\/strong>. RC+ Beta-k-2C-B Blister<\/p>\n<p data-start=\"5159\" data-end=\"5412\"><strong data-start=\"5159\" data-end=\"5170\">\u03b2k-2C-B<\/strong> (Beta-Keton 2C-B) ist ein <strong data-start=\"5196\" data-end=\"5228\">Strukturanalogon von 2C-B<\/strong>, mit einer zus\u00e4tzlichen \u03b2-Ketongruppe. Es wird verwendet in <strong data-start=\"5281\" data-end=\"5341\">Pharmakologische und strukturelle Aktivit\u00e4tsforschung (SAR)<\/strong> um die Wirkung substituierter Phenethylamine besser zu verstehen.<\/p>\n<p data-start=\"5414\" data-end=\"5566\">Die Versiegelten <strong data-start=\"5428\" data-end=\"5449\">Blisterverpackung<\/strong> Garantien <strong data-start=\"5461\" data-end=\"5504\">Sicherheit, Pr\u00e4zision und R\u00fcckverfolgbarkeit<\/strong> \u2013 ideal f\u00fcr Labore, die zuverl\u00e4ssige Ergebnisse verlangen.<\/p>\n<blockquote data-start=\"5568\" data-end=\"5656\">\n<p data-start=\"5570\" data-end=\"5656\">\u26a0\ufe0f <strong data-start=\"5573\" data-end=\"5656\">Nur f\u00fcr Forschungszwecke. Nicht f\u00fcr den menschlichen oder tierischen Verzehr geeignet.<\/strong><\/p>\n<\/blockquote>\n<hr data-start=\"5658\" data-end=\"5661\" \/>\n<h3 data-start=\"5663\" data-end=\"5696\"><strong data-start=\"5667\" data-end=\"5694\">Hauptmerkmale<\/strong><\/h3>\n<ul data-start=\"5697\" data-end=\"6213\">\n<li data-start=\"5697\" data-end=\"5770\">\n<p data-start=\"5699\" data-end=\"5770\"><strong data-start=\"5699\" data-end=\"5716\">Wirkstoff:<\/strong> \u03b2k-2C-B (4-Brom-2,5-dimethoxy-\u03b2-ketophenethylamin)<\/p>\n<\/li>\n<li data-start=\"5771\" data-end=\"5881\">\n<p data-start=\"5773\" data-end=\"5881\"><strong data-start=\"5773\" data-end=\"5799\">Hohe Reinheit (\u226598%)<\/strong> \u2013 Hergestellt nach Laborstandards f\u00fcr reproduzierbare Ergebnisse.<\/p>\n<\/li>\n<li data-start=\"5882\" data-end=\"5983\">\n<p data-start=\"5884\" data-end=\"5983\"><strong data-start=\"5884\" data-end=\"5921\">10 einzeln versiegelte Pellets<\/strong> \u2013 Jedes Pellet wird f\u00fcr eine exakte Dosierung genau gewogen.<\/p>\n<\/li>\n<li data-start=\"5984\" data-end=\"6050\">\n<p data-start=\"5986\" data-end=\"6050\"><strong data-start=\"5986\" data-end=\"6007\">Blisterverpackung<\/strong> \u2013 Sch\u00fctzt vor Luft, Feuchtigkeit und Licht.<\/p>\n<\/li>\n<li data-start=\"6051\" data-end=\"6145\">\n<p data-start=\"6053\" data-end=\"6145\"><strong data-start=\"6053\" data-end=\"6073\">R\u00fcckverfolgbarkeit:<\/strong> Zur Qualit\u00e4tssicherung enth\u00e4lt jede Packung eine Chargen- und Losnummer.<\/p>\n<\/li>\n<li data-start=\"6146\" data-end=\"6213\">\n<p data-start=\"6148\" data-end=\"6213\"><strong data-start=\"6148\" data-end=\"6171\">Stabil und langlebig:<\/strong> Lange Haltbarkeit bei richtiger Lagerung.<\/p>\n<\/li>\n<\/ul>\n<hr data-start=\"6215\" data-end=\"6218\" \/>\n<h3 data-start=\"6220\" data-end=\"6239\"><strong data-start=\"6224\" data-end=\"6237\">Vorteile<\/strong><\/h3>\n<p data-start=\"6240\" data-end=\"6336\">\u2705 <strong data-start=\"6242\" data-end=\"6268\">Pr\u00e4zise Ergebnisse<\/strong> \u2013 Jedes Pellet liefert eine gleichbleibende Dosis f\u00fcr zuverl\u00e4ssige Daten.<\/p>\n<p data-start=\"6338\" data-end=\"6417\">\u2705 <strong data-start=\"6340\" data-end=\"6358\">Sichere Verwendung<\/strong> \u2013 Geschlossene Blisterpackung verhindert Kontamination und Exposition.<\/p>\n<p data-start=\"6419\" data-end=\"6514\">\u2705 <strong data-start=\"6421\" data-end=\"6441\">Effizientes Arbeiten<\/strong> \u2013 Sofort einsatzbereit, kein Abwiegen oder zus\u00e4tzliche Vorbereitung erforderlich.<\/p>\n<p data-start=\"6516\" data-end=\"6607\">\u2705 <strong data-start=\"6518\" data-end=\"6544\">Langzeitstabilit\u00e4t<\/strong> \u2013 Sch\u00fctzt die Verbindung vor Besch\u00e4digung durch Licht oder Feuchtigkeit.<\/p>\n<p data-start=\"6609\" data-end=\"6707\">\u2705 <strong data-start=\"6611\" data-end=\"6636\">Zuverl\u00e4ssige Qualit\u00e4t<\/strong> \u2013 Unterst\u00fctzt reproduzierbare und \u00fcberpr\u00fcfbare Forschungsergebnisse. RC+ Beta-k-2C-B Blister<\/p>\n<hr data-start=\"6709\" data-end=\"6712\" \/>\n<h3 data-start=\"6714\" data-end=\"6766\"><strong data-start=\"6718\" data-end=\"6764\">Verwendung (nur f\u00fcr Forschungszwecke)<\/strong><\/h3>\n<blockquote data-start=\"6767\" data-end=\"6937\">\n<p data-start=\"6769\" data-end=\"6937\">\ud83e\uddea <strong data-start=\"6772\" data-end=\"6783\">Hinweis:<\/strong> RC+ Beta-k-2C-B Blister ist nur f\u00fcr die wissenschaftliche Forschung bestimmt. Tragen Sie stets pers\u00f6nliche Schutzausr\u00fcstung und arbeiten Sie unter kontrollierten Laborbedingungen.<\/p>\n<\/blockquote>\n<ol data-start=\"6939\" data-end=\"7679\">\n<li data-start=\"6939\" data-end=\"7057\">\n<p data-start=\"6942\" data-end=\"6958\"><strong data-start=\"6942\" data-end=\"6956\">Inspektion:<\/strong><\/p>\n<ul data-start=\"6962\" data-end=\"7057\">\n<li data-start=\"6962\" data-end=\"7011\">\n<p data-start=\"6964\" data-end=\"7011\">\u00dcberpr\u00fcfen Sie das Siegel und die Chargennummer.<\/p>\n<\/li>\n<li data-start=\"7015\" data-end=\"7057\">\n<p data-start=\"7017\" data-end=\"7057\">Stellen Sie sicher, dass die Pellets unbesch\u00e4digt sind.<\/p>\n<\/li>\n<\/ul>\n<\/li>\n<li data-start=\"7059\" data-end=\"7199\">\n<p data-start=\"7062\" data-end=\"7087\"><strong data-start=\"7062\" data-end=\"7085\">Pelletentfernung:<\/strong><\/p>\n<ul data-start=\"7091\" data-end=\"7199\">\n<li data-start=\"7091\" data-end=\"7164\">\n<p data-start=\"7093\" data-end=\"7164\">Dr\u00fccken Sie vorsichtig ein Pellet mit sterilem Ger\u00e4t aus der Blisterpackung.<\/p>\n<\/li>\n<li data-start=\"7168\" data-end=\"7199\">\n<p data-start=\"7170\" data-end=\"7199\">Vermeiden Sie direkten Hautkontakt.<\/p>\n<\/li>\n<\/ul>\n<\/li>\n<li data-start=\"7201\" data-end=\"7380\">\n<p data-start=\"7204\" data-end=\"7231\"><strong data-start=\"7204\" data-end=\"7229\">Probenvorbereitung:<\/strong><\/p>\n<ul data-start=\"7235\" data-end=\"7380\">\n<li data-start=\"7235\" data-end=\"7331\">\n<p data-start=\"7237\" data-end=\"7331\">L\u00f6sen Sie das Pellet in einem geeigneten L\u00f6sungsmittel (z. B. Ethanol, Puffer oder destilliertes Wasser).<\/p>\n<\/li>\n<li data-start=\"7335\" data-end=\"7380\">\n<p data-start=\"7337\" data-end=\"7380\">Vorsichtig mischen, bis sich alles vollst\u00e4ndig aufgel\u00f6st hat.<\/p>\n<\/li>\n<\/ul>\n<\/li>\n<li data-start=\"7382\" data-end=\"7544\">\n<p data-start=\"7385\" data-end=\"7416\"><strong data-start=\"7385\" data-end=\"7414\">Verwendung in Experimenten:<\/strong><\/p>\n<ul data-start=\"7420\" data-end=\"7544\">\n<li data-start=\"7420\" data-end=\"7486\">\n<p data-start=\"7422\" data-end=\"7486\">Verwendung in analytischen oder pharmakologischen Labortests.<\/p>\n<\/li>\n<li data-start=\"7490\" data-end=\"7544\">\n<p data-start=\"7492\" data-end=\"7544\">Zeichnen Sie L\u00f6sungsmittel-, Konzentrations- und Chargendaten auf.<\/p>\n<\/li>\n<\/ul>\n<\/li>\n<li data-start=\"7546\" data-end=\"7679\">\n<p data-start=\"7549\" data-end=\"7562\"><strong data-start=\"7549\" data-end=\"7560\">Lagerung:<\/strong><\/p>\n<ul data-start=\"7566\" data-end=\"7679\">\n<li data-start=\"7566\" data-end=\"7621\">\n<p data-start=\"7568\" data-end=\"7621\">Bewahren Sie nicht verwendete Pellets in der Originalblisterpackung auf.<\/p>\n<\/li>\n<li data-start=\"7625\" data-end=\"7679\">\n<p data-start=\"7627\" data-end=\"7679\">Platzieren Sie auf einem <strong data-start=\"7641\" data-end=\"7668\">k\u00fchl, dunkel und trocken<\/strong> Standort.<\/p>\n<\/li>\n<\/ul>\n<\/li>\n<\/ol>\n<hr data-start=\"7681\" data-end=\"7684\" \/>\n<h3 data-start=\"7686\" data-end=\"7721\"><strong data-start=\"7690\" data-end=\"7719\">H\u00e4ufig gestellte Fragen (FAQ)<\/strong><\/h3>\n<p data-start=\"7723\" data-end=\"7902\"><strong data-start=\"7723\" data-end=\"7745\">1. Was ist \u03b2k-2C-B?<\/strong><br data-start=\"7745\" data-end=\"7748\" \/>\u03b2k-2C-B (Beta-Keton 2C-B) ist ein <strong data-start=\"7781\" data-end=\"7807\">Ketonanalogon von 2C-B<\/strong>, wird f\u00fcr Studien zur Rezeptorbindung, Molek\u00fclstruktur und Synthesewegen verwendet.<\/p>\n<p data-start=\"7904\" data-end=\"8064\"><strong data-start=\"7904\" data-end=\"7962\">2. Wie viele Pellets sind in einer Blisterpackung?<\/strong><br data-start=\"7962\" data-end=\"7965\" \/>Jede Blisterpackung enth\u00e4lt <strong data-start=\"7984\" data-end=\"8022\">10 einzeln versiegelte Pellets<\/strong> f\u00fcr kontrollierte und sichere Forschung.<\/p>\n<p data-start=\"8066\" data-end=\"8281\"><strong data-start=\"8066\" data-end=\"8144\">3. Kann RC+ Beta-k-2C-B f\u00fcr den menschlichen oder tierischen Gebrauch verwendet werden?<\/strong><br data-start=\"8144\" data-end=\"8147\" \/>Nein \u2013 dieses Produkt ist <strong data-start=\"8168\" data-end=\"8217\">nur f\u00fcr Forschungszwecke bestimmt<\/strong> Und <strong data-start=\"8221\" data-end=\"8279\">nicht f\u00fcr den menschlichen oder tierischen Verzehr geeignet.<\/strong><\/p>","protected":false},"excerpt":{"rendered":"<p><strong><span dir=\"auto\" style=\"vertical-align: inherit;\"><span dir=\"auto\" style=\"vertical-align: inherit;\">Synonym:<\/span><\/span><\/strong><span dir=\"auto\" style=\"vertical-align: inherit;\"><span dir=\"auto\" style=\"vertical-align: inherit;\"> bk-2C-B <\/span><\/span><br \/>\n<strong><span dir=\"auto\" style=\"vertical-align: inherit;\"><span dir=\"auto\" style=\"vertical-align: inherit;\">CAS-Nummer: <\/span><\/span><\/strong><br \/>\n<strong><span dir=\"auto\" style=\"vertical-align: inherit;\"><span dir=\"auto\" style=\"vertical-align: inherit;\">Formel:<\/span><\/span><\/strong><span dir=\"auto\" style=\"vertical-align: inherit;\"><span dir=\"auto\" style=\"vertical-align: inherit;\"> 2-Amino-1-(4-brom-2,5-dimethoxyphenyl)-ethanonhydrochlorid <\/span><\/span><br \/>\n<strong><span dir=\"auto\" style=\"vertical-align: inherit;\"><span dir=\"auto\" style=\"vertical-align: inherit;\">Molmasse:<\/span><\/span><\/strong><span dir=\"auto\" style=\"vertical-align: inherit;\"><span dir=\"auto\" style=\"vertical-align: inherit;\"> 296,6 g\/mol <\/span><\/span><br \/>\n<strong><span dir=\"auto\" style=\"vertical-align: inherit;\"><span dir=\"auto\" style=\"vertical-align: inherit;\">Reinheit:<\/span><\/span><\/strong><span dir=\"auto\" style=\"vertical-align: inherit;\"><span dir=\"auto\" style=\"vertical-align: inherit;\"> &gt;97%<\/span><\/span><\/p>","protected":false},"featured_media":21162,"comment_status":"closed","ping_status":"closed","template":"","meta":[],"product_brand":[],"product_cat":[555],"product_tag":[326,1098,1099],"class_list":{"0":"post-24115","1":"product","2":"type-product","3":"status-publish","4":"has-post-thumbnail","6":"product_cat-b2b","7":"product_tag-nl","8":"product_tag-rc-beta-k-2c-b-blister","9":"product_tag-rc-beta-k-2c-b-blister-kopen","11":"first","12":"instock","13":"taxable","14":"shipping-taxable","15":"purchasable","16":"product-type-variable"},"_links":{"self":[{"href":"https:\/\/onderzoekschemicals.com\/de\/wp-json\/wp\/v2\/product\/24115","targetHints":{"allow":["GET"]}}],"collection":[{"href":"https:\/\/onderzoekschemicals.com\/de\/wp-json\/wp\/v2\/product"}],"about":[{"href":"https:\/\/onderzoekschemicals.com\/de\/wp-json\/wp\/v2\/types\/product"}],"replies":[{"embeddable":true,"href":"https:\/\/onderzoekschemicals.com\/de\/wp-json\/wp\/v2\/comments?post=24115"}],"version-history":[{"count":4,"href":"https:\/\/onderzoekschemicals.com\/de\/wp-json\/wp\/v2\/product\/24115\/revisions"}],"predecessor-version":[{"id":27877,"href":"https:\/\/onderzoekschemicals.com\/de\/wp-json\/wp\/v2\/product\/24115\/revisions\/27877"}],"wp:featuredmedia":[{"embeddable":true,"href":"https:\/\/onderzoekschemicals.com\/de\/wp-json\/wp\/v2\/media\/21162"}],"wp:attachment":[{"href":"https:\/\/onderzoekschemicals.com\/de\/wp-json\/wp\/v2\/media?parent=24115"}],"wp:term":[{"taxonomy":"product_brand","embeddable":true,"href":"https:\/\/onderzoekschemicals.com\/de\/wp-json\/wp\/v2\/product_brand?post=24115"},{"taxonomy":"product_cat","embeddable":true,"href":"https:\/\/onderzoekschemicals.com\/de\/wp-json\/wp\/v2\/product_cat?post=24115"},{"taxonomy":"product_tag","embeddable":true,"href":"https:\/\/onderzoekschemicals.com\/de\/wp-json\/wp\/v2\/product_tag?post=24115"}],"curies":[{"name":"wp","href":"https:\/\/api.w.org\/{rel}","templated":true}]}}