{"id":24037,"date":"2025-04-13T17:40:56","date_gmt":"2025-04-13T17:40:56","guid":{"rendered":"https:\/\/onderzoekschemicals.com\/?post_type=product&#038;p=24037"},"modified":"2025-11-28T07:08:41","modified_gmt":"2025-11-28T07:08:41","slug":"mdphp-kopen-2","status":"publish","type":"product","link":"https:\/\/onderzoekschemicals.com\/de\/shop\/verboden\/mdphp-kopen-2\/","title":{"rendered":"MDPHP-Pulver (Freebase)"},"content":{"rendered":"<h3 data-start=\"5389\" data-end=\"5408\"><strong data-start=\"5393\" data-end=\"5408\">Einf\u00fchrung<\/strong><\/h3>\n<p data-start=\"5410\" data-end=\"5742\"><strong data-start=\"5410\" data-end=\"5437\">MDPHP-Pulver (Freebase)<\/strong> ist ein <strong data-start=\"5445\" data-end=\"5489\">Forschungsmaterial in Laborqualit\u00e4t<\/strong>, konzipiert f\u00fcr <strong data-start=\"5506\" data-end=\"5550\">wissenschaftliche und analytische Forschung<\/strong>.<br data-start=\"5551\" data-end=\"5554\" \/>Auch bekannt als <strong data-start=\"5569\" data-end=\"5618\">3\u2032,4\u2032-Methylendioxy-\u03b1-pyrrolidinohexanophenon<\/strong>, MDPHP geh\u00f6rt zu den <strong data-start=\"5641\" data-end=\"5667\">Pyrrolidinophenon-Klasse<\/strong> und wird verwendet in <strong data-start=\"5690\" data-end=\"5739\">forensische, chemische und strukturelle Forschung<\/strong>.mdphp kaufen<\/p>\n<p data-start=\"5744\" data-end=\"5951\">Der <strong data-start=\"5747\" data-end=\"5764\">Freebase-Form<\/strong> von MDPHP-Angeboten <strong data-start=\"5781\" data-end=\"5819\">optimale Stabilit\u00e4t und Reinheit<\/strong>und ist somit ideal f\u00fcr <strong data-start=\"5849\" data-end=\"5907\">Chromatographie, Spektroskopie und quantitative Analyse<\/strong> in kontrollierten Laborumgebungen.<\/p>\n<blockquote data-start=\"5953\" data-end=\"6097\">\n<p data-start=\"5955\" data-end=\"6097\">\u26a0\ufe0f <strong data-start=\"5958\" data-end=\"5969\">Hinweis:<\/strong> Dieses Produkt ist <strong data-start=\"5985\" data-end=\"6035\">nur f\u00fcr Laborforschung bestimmt<\/strong> Und <strong data-start=\"6039\" data-end=\"6096\">nicht f\u00fcr den menschlichen oder tierischen Verzehr geeignet<\/strong>.<\/p>\n<\/blockquote>\n<hr data-start=\"6099\" data-end=\"6102\" \/>\n<h3 data-start=\"6104\" data-end=\"6135\"><strong data-start=\"6108\" data-end=\"6135\">Hauptmerkmale<\/strong><\/h3>\n<ul data-start=\"6137\" data-end=\"6650\">\n<li data-start=\"6137\" data-end=\"6228\">\n<p data-start=\"6139\" data-end=\"6228\"><strong data-start=\"6139\" data-end=\"6159\">Hohe Reinheit:<\/strong> \u226599% analytische Qualit\u00e4t, getestet in zertifizierten Labors. Kaufen Sie mdphp<\/p>\n<\/li>\n<li data-start=\"6229\" data-end=\"6314\">\n<p data-start=\"6231\" data-end=\"6314\"><strong data-start=\"6231\" data-end=\"6249\">Freebase-Form:<\/strong> Erh\u00f6hte Stabilit\u00e4t und vielseitige Einsatzm\u00f6glichkeiten.<\/p>\n<\/li>\n<li data-start=\"6315\" data-end=\"6395\">\n<p data-start=\"6317\" data-end=\"6395\"><strong data-start=\"6317\" data-end=\"6334\">Chargengepr\u00fcft:<\/strong> Jede Charge wird auf Zusammensetzung und Konsistenz gepr\u00fcft.<\/p>\n<\/li>\n<li data-start=\"6396\" data-end=\"6480\">\n<p data-start=\"6398\" data-end=\"6480\"><strong data-start=\"6398\" data-end=\"6421\">Laborstandards:<\/strong> Hergestellt nach <strong data-start=\"6443\" data-end=\"6477\">Gute Laborpraxis (GLP)<\/strong>.<\/p>\n<\/li>\n<li data-start=\"6481\" data-end=\"6573\">\n<p data-start=\"6483\" data-end=\"6573\"><strong data-start=\"6483\" data-end=\"6504\">Weitgehend anwendbar:<\/strong> Geeignet f\u00fcr Spektroskopie, Chromatographie und Massenspektrometrie.<\/p>\n<\/li>\n<li data-start=\"6574\" data-end=\"6650\">\n<p data-start=\"6576\" data-end=\"6650\"><strong data-start=\"6576\" data-end=\"6599\">Sichere Verpackung:<\/strong> Versiegelt, luftdicht und feuchtigkeitsgesch\u00fctzt verpackt.<\/p>\n<\/li>\n<\/ul>\n<hr data-start=\"6652\" data-end=\"6655\" \/>\n<h3 data-start=\"6657\" data-end=\"6674\"><strong data-start=\"6661\" data-end=\"6674\">Vorteile<\/strong><\/h3>\n<ol data-start=\"6676\" data-end=\"7118\">\n<li data-start=\"6676\" data-end=\"6772\">\n<p data-start=\"6679\" data-end=\"6772\"><strong data-start=\"6679\" data-end=\"6716\">Verl\u00e4ssliche Forschungsergebnisse:<\/strong> Konstante Reinheit garantiert reproduzierbare Daten.<\/p>\n<\/li>\n<li data-start=\"6773\" data-end=\"6851\">\n<p data-start=\"6776\" data-end=\"6851\"><strong data-start=\"6776\" data-end=\"6802\">Chemische Stabilit\u00e4t:<\/strong> Die Freebase-Form verhindert den Abbau w\u00e4hrend der Lagerung.<\/p>\n<\/li>\n<li data-start=\"6852\" data-end=\"6949\">\n<p data-start=\"6855\" data-end=\"6949\"><strong data-start=\"6855\" data-end=\"6878\">Vielseitig einsetzbar:<\/strong> Geeignet f\u00fcr verschiedene analytische und forensische Anwendungen.<\/p>\n<\/li>\n<li data-start=\"6950\" data-end=\"7038\">\n<p data-start=\"6953\" data-end=\"7038\"><strong data-start=\"6953\" data-end=\"6981\">Professionelle Qualit\u00e4t:<\/strong> Hergestellt unter strengen Laborbedingungen.<\/p>\n<\/li>\n<li data-start=\"7039\" data-end=\"7118\">\n<p data-start=\"7042\" data-end=\"7118\"><strong data-start=\"7042\" data-end=\"7070\">Lange Haltbarkeit:<\/strong> Bleibt bei richtiger Lagerung stabil und rein.<\/p>\n<\/li>\n<\/ol>\n<hr data-start=\"7120\" data-end=\"7123\" \/>\n<h3 data-start=\"7125\" data-end=\"7164\"><strong data-start=\"7129\" data-end=\"7164\">Verwendung (nur f\u00fcr Forschungszwecke)<\/strong><\/h3>\n<ol data-start=\"7166\" data-end=\"7537\">\n<li data-start=\"7166\" data-end=\"7257\">\n<p data-start=\"7169\" data-end=\"7257\"><strong data-start=\"7169\" data-end=\"7199\">Tragen Sie Schutzkleidung<\/strong> wie Handschuhe, Schutzbrille und Laborkittel.<\/p>\n<\/li>\n<li data-start=\"7258\" data-end=\"7326\">\n<p data-start=\"7261\" data-end=\"7326\"><strong data-start=\"7261\" data-end=\"7299\">Verwenden Sie kalibrierte Instrumente<\/strong> f\u00fcr pr\u00e4zises Wiegen.<\/p>\n<\/li>\n<li data-start=\"7327\" data-end=\"7393\">\n<p data-start=\"7330\" data-end=\"7393\"><strong data-start=\"7330\" data-end=\"7363\">Befolgen Sie das Laborprotokoll<\/strong> f\u00fcr Ihre spezifische Analyse.<\/p>\n<\/li>\n<li data-start=\"7394\" data-end=\"7467\">\n<p data-start=\"7397\" data-end=\"7467\"><strong data-start=\"7397\" data-end=\"7428\">Nicht verwendetes Material speichern<\/strong> an einem k\u00fchlen, trockenen und dunklen Ort.<\/p>\n<\/li>\n<li data-start=\"7468\" data-end=\"7537\">\n<p data-start=\"7471\" data-end=\"7537\"><strong data-start=\"7471\" data-end=\"7491\">R\u00fcckst\u00e4nde entfernen<\/strong> gem\u00e4\u00df den geltenden Sicherheitsrichtlinien.<\/p>\n<\/li>\n<\/ol>\n<blockquote data-start=\"7539\" data-end=\"7616\">\n<p data-start=\"7541\" data-end=\"7616\">\u2697\ufe0f <strong data-start=\"7544\" data-end=\"7616\">Nur f\u00fcr Labortests \u2013 nicht f\u00fcr den menschlichen Verzehr.<\/strong><\/p>\n<\/blockquote>\n<hr data-start=\"7618\" data-end=\"7621\" \/>\n<h3 data-start=\"7623\" data-end=\"7648\"><strong data-start=\"7627\" data-end=\"7648\">Hinweise zur Lagerung<\/strong><\/h3>\n<ul data-start=\"7650\" data-end=\"7825\">\n<li data-start=\"7650\" data-end=\"7692\">\n<p data-start=\"7652\" data-end=\"7692\">Sparen bei <strong data-start=\"7663\" data-end=\"7672\">2\u20138 \u00b0C<\/strong>, trocken und dunkel.<\/p>\n<\/li>\n<li data-start=\"7693\" data-end=\"7736\">\n<p data-start=\"7695\" data-end=\"7736\">Bewahren Sie die Verpackung auf <strong data-start=\"7714\" data-end=\"7733\">gut verschlossen<\/strong>.<\/p>\n<\/li>\n<li data-start=\"7737\" data-end=\"7782\">\n<p data-start=\"7739\" data-end=\"7782\">Sch\u00fctzen vor <strong data-start=\"7754\" data-end=\"7779\">Licht, Luft und Feuchtigkeit<\/strong>.<\/p>\n<\/li>\n<li data-start=\"7783\" data-end=\"7825\">\n<p data-start=\"7785\" data-end=\"7825\">Au\u00dferhalb der Reichweite unbefugter Personen aufbewahren.<\/p>\n<\/li>\n<\/ul>\n<hr data-start=\"7827\" data-end=\"7830\" \/>\n<h3 data-start=\"7832\" data-end=\"7867\"><strong data-start=\"7836\" data-end=\"7867\">H\u00e4ufig gestellte Fragen (FAQs)<\/strong><\/h3>\n<p data-start=\"7869\" data-end=\"8041\"><strong data-start=\"7869\" data-end=\"7924\">1. Wof\u00fcr wird MDPHP-Pulver (Freebase) verwendet?<\/strong><br data-start=\"7924\" data-end=\"7927\" \/>F\u00fcr <strong data-start=\"7932\" data-end=\"7976\">wissenschaftliche und analytische Forschung<\/strong>, wie zum Beispiel <strong data-start=\"7984\" data-end=\"8038\">forensische Analysen und chemische Strukturstudien<\/strong>.<\/p>\n<p data-start=\"8043\" data-end=\"8226\"><strong data-start=\"8043\" data-end=\"8090\">2. Ist dieses Produkt zum Verzehr geeignet?<\/strong><br data-start=\"8090\" data-end=\"8093\" \/>Nein. MDPHP-Pulver (Freebase) ist <strong data-start=\"8125\" data-end=\"8175\">nur f\u00fcr Laborforschung bestimmt<\/strong> Und <strong data-start=\"8179\" data-end=\"8223\">nicht f\u00fcr den menschlichen Verzehr geeignet<\/strong>.<\/p>\n<p data-start=\"8228\" data-end=\"8372\"><strong data-start=\"8228\" data-end=\"8276\">3. Wie lagere ich dieses Produkt am besten?<\/strong><br data-start=\"8276\" data-end=\"8279\" \/>Sparen Sie bei einem <strong data-start=\"8293\" data-end=\"8335\">k\u00fchl, trocken und dunkel lagern (2\u20138\u00b0C)<\/strong> in einem gut verschlossenen Beh\u00e4lter.<\/p>\n<hr data-start=\"8374\" data-end=\"8377\" \/>\n<h3 data-start=\"8379\" data-end=\"8396\"><strong data-start=\"8383\" data-end=\"8396\">Abschluss<\/strong><\/h3>\n<p data-start=\"8398\" data-end=\"8643\"><strong data-start=\"8398\" data-end=\"8425\">MDPHP-Pulver (Freebase)<\/strong> Angebote <strong data-start=\"8432\" data-end=\"8493\">au\u00dfergew\u00f6hnliche Reinheit, Stabilit\u00e4t und Zuverl\u00e4ssigkeit<\/strong> F\u00fcr die professionelle Laborforschung. Perfekt f\u00fcr analytische, forensische und strukturelle Anwendungen in kontrollierten Forschungsumgebungen.<\/p>\n<ul>\n<li><\/li>\n<\/ul>","protected":false},"excerpt":{"rendered":"<h2><strong>MDPHP-Pulver (Freebase)<\/strong><\/h2>\n<p>CAS-Nr.: 776994-64-0<br \/>\nFormel: C17H23NO3 FREEBASE<br \/>\nMolare Masse: 289,375 g mol<br \/>\nReinheit: \u226598%<\/p>","protected":false},"featured_media":29364,"comment_status":"closed","ping_status":"closed","template":"","meta":[],"product_brand":[],"product_cat":[488],"product_tag":[560,559,581,326],"class_list":{"0":"post-24037","1":"product","2":"type-product","3":"status-publish","4":"has-post-thumbnail","6":"product_cat-verboden","7":"product_tag-mdphp-freebase-kopen","8":"product_tag-mdphp-kopen","9":"product_tag-mdphp-poeder","10":"product_tag-nl","12":"first","13":"instock","14":"taxable","15":"shipping-taxable","16":"purchasable","17":"product-type-variable"},"_links":{"self":[{"href":"https:\/\/onderzoekschemicals.com\/de\/wp-json\/wp\/v2\/product\/24037","targetHints":{"allow":["GET"]}}],"collection":[{"href":"https:\/\/onderzoekschemicals.com\/de\/wp-json\/wp\/v2\/product"}],"about":[{"href":"https:\/\/onderzoekschemicals.com\/de\/wp-json\/wp\/v2\/types\/product"}],"replies":[{"embeddable":true,"href":"https:\/\/onderzoekschemicals.com\/de\/wp-json\/wp\/v2\/comments?post=24037"}],"version-history":[{"count":5,"href":"https:\/\/onderzoekschemicals.com\/de\/wp-json\/wp\/v2\/product\/24037\/revisions"}],"predecessor-version":[{"id":27889,"href":"https:\/\/onderzoekschemicals.com\/de\/wp-json\/wp\/v2\/product\/24037\/revisions\/27889"}],"wp:featuredmedia":[{"embeddable":true,"href":"https:\/\/onderzoekschemicals.com\/de\/wp-json\/wp\/v2\/media\/29364"}],"wp:attachment":[{"href":"https:\/\/onderzoekschemicals.com\/de\/wp-json\/wp\/v2\/media?parent=24037"}],"wp:term":[{"taxonomy":"product_brand","embeddable":true,"href":"https:\/\/onderzoekschemicals.com\/de\/wp-json\/wp\/v2\/product_brand?post=24037"},{"taxonomy":"product_cat","embeddable":true,"href":"https:\/\/onderzoekschemicals.com\/de\/wp-json\/wp\/v2\/product_cat?post=24037"},{"taxonomy":"product_tag","embeddable":true,"href":"https:\/\/onderzoekschemicals.com\/de\/wp-json\/wp\/v2\/product_tag?post=24037"}],"curies":[{"name":"wp","href":"https:\/\/api.w.org\/{rel}","templated":true}]}}