{"id":23304,"date":"2025-04-13T17:39:31","date_gmt":"2025-04-13T17:39:31","guid":{"rendered":"https:\/\/onderzoekschemicals.com\/?post_type=product&#038;p=23304"},"modified":"2025-11-28T11:35:47","modified_gmt":"2025-11-28T11:35:47","slug":"etizolam-kopen","status":"publish","type":"product","link":"https:\/\/onderzoekschemicals.com\/de\/shop\/verboden\/etizolam-kopen\/","title":{"rendered":"Etizolam 1 mg L\u00f6schpapier"},"content":{"rendered":"<h1><span dir=\"auto\" style=\"vertical-align: inherit;\"><span dir=\"auto\" style=\"vertical-align: inherit;\">Etizolam Blotters 1 mg \u2013 Professionelles Forschungsmaterial f\u00fcr wissenschaftliche Anwendungen<\/span><\/span><\/h1>\n<p data-start=\"3736\" data-end=\"3880\"><strong data-start=\"3736\" data-end=\"3761\">Etizolam 1 mg L\u00f6schpapier<\/strong> enthalten <strong data-start=\"3771\" data-end=\"3807\">1 Milligramm Etizolam pro L\u00f6schblatt<\/strong>, pr\u00e4zise dosiert f\u00fcr <strong data-start=\"3835\" data-end=\"3877\">pharmakologische und analytische Forschung<\/strong>. Etizolam kaufen<\/p>\n<p data-start=\"3882\" data-end=\"4147\">Etizolam ist ein <strong data-start=\"3898\" data-end=\"3928\">Thienodiazepin-Verbindung<\/strong>, strukturell verwandt mit Benzodiazepinen, und wird auf seine Auswirkungen auf untersucht <strong data-start=\"4015\" data-end=\"4036\">GABA-A-Rezeptoren<\/strong>Es wird h\u00e4ufig verwendet in <strong data-start=\"4065\" data-end=\"4098\">neuropharmakologische Forschung<\/strong> zu angstl\u00f6senden und beruhigenden Eigenschaften.<\/p>\n<p data-start=\"4149\" data-end=\"4377\">Jeder L\u00f6scher wird unter <strong data-start=\"4186\" data-end=\"4224\">strengen Laborbedingungen<\/strong>, von <strong data-start=\"4230\" data-end=\"4265\">hochreines Etizolam (\u226599%)<\/strong> An <strong data-start=\"4269\" data-end=\"4297\">forschungsw\u00fcrdiges Papier<\/strong>, was sicherstellt <strong data-start=\"4314\" data-end=\"4374\">gleichm\u00e4\u00dfige Absorption und konsistente analytische Leistung<\/strong>.<\/p>\n<blockquote data-start=\"4379\" data-end=\"4534\">\n<p data-start=\"4381\" data-end=\"4534\">\u26a0\ufe0f <strong data-start=\"4384\" data-end=\"4395\">Hinweis:<\/strong> Diese L\u00f6schbl\u00e4tter sind <strong data-start=\"4415\" data-end=\"4470\">nur f\u00fcr wissenschaftliche Forschung bestimmt<\/strong> Und <strong data-start=\"4474\" data-end=\"4531\">nicht f\u00fcr den menschlichen oder tierischen Verzehr geeignet<\/strong>.<\/p>\n<\/blockquote>\n<hr data-start=\"4536\" data-end=\"4539\" \/>\n<h3 data-start=\"4541\" data-end=\"4572\"><strong data-start=\"4545\" data-end=\"4572\">Hauptmerkmale<\/strong><\/h3>\n<ul data-start=\"4573\" data-end=\"5008\">\n<li data-start=\"4573\" data-end=\"4662\">\n<p data-start=\"4575\" data-end=\"4662\"><strong data-start=\"4575\" data-end=\"4617\">Genaue Dosierung (1 mg pro L\u00f6schblatt)<\/strong> \u2013 F\u00fcr zuverl\u00e4ssige Analyseergebnisse.<\/p>\n<\/li>\n<li data-start=\"4663\" data-end=\"4737\">\n<p data-start=\"4665\" data-end=\"4737\"><strong data-start=\"4665\" data-end=\"4691\">Hohe Reinheit (\u226599%)<\/strong> \u2013 \u00dcberpr\u00fcft durch HPLC- und GC-MS-Analyse.<\/p>\n<\/li>\n<li data-start=\"4738\" data-end=\"4820\">\n<p data-start=\"4740\" data-end=\"4820\"><strong data-start=\"4740\" data-end=\"4762\">Gleichm\u00e4\u00dfige Verteilung<\/strong> \u2013 Gleichm\u00e4\u00dfige Beschichtung f\u00fcr konsistente Testergebnisse.<\/p>\n<\/li>\n<li data-start=\"4821\" data-end=\"4918\">\n<p data-start=\"4823\" data-end=\"4918\"><strong data-start=\"4823\" data-end=\"4862\">Pharmakologischer Forschungsstandard<\/strong> \u2013 Geeignet f\u00fcr die Rezeptor- und bioanalytische Forschung.<\/p>\n<\/li>\n<li data-start=\"4919\" data-end=\"5008\">\n<p data-start=\"4921\" data-end=\"5008\"><strong data-start=\"4921\" data-end=\"4943\">Sichere Verpackung<\/strong> \u2013 Gesch\u00fctzt vor Licht und Feuchtigkeit f\u00fcr eine lange Haltbarkeit. Etizolam kaufen<\/p>\n<\/li>\n<\/ul>\n<hr data-start=\"5010\" data-end=\"5013\" \/>\n<h3 data-start=\"5015\" data-end=\"5032\"><strong data-start=\"5019\" data-end=\"5032\">Vorteile<\/strong><\/h3>\n<ul data-start=\"5033\" data-end=\"5328\">\n<li data-start=\"5033\" data-end=\"5120\">\n<p data-start=\"5035\" data-end=\"5120\">Unterst\u00fctzt <strong data-start=\"5047\" data-end=\"5117\">Erforschung von GABA-A-Rezeptoren und neuropharmakologischen Prozessen<\/strong>.<\/p>\n<\/li>\n<li data-start=\"5121\" data-end=\"5181\">\n<p data-start=\"5123\" data-end=\"5181\"><strong data-start=\"5123\" data-end=\"5178\">Pr\u00e4zise und reproduzierbare Forschungsergebnisse<\/strong>.<\/p>\n<\/li>\n<li data-start=\"5182\" data-end=\"5254\">\n<p data-start=\"5184\" data-end=\"5254\"><strong data-start=\"5184\" data-end=\"5226\">Einfach zu handhaben und aufzubewahren<\/strong> f\u00fcr den Laborgebrauch.<\/p>\n<\/li>\n<li data-start=\"5255\" data-end=\"5328\">\n<p data-start=\"5257\" data-end=\"5328\">Passend f\u00fcr <strong data-start=\"5271\" data-end=\"5325\">akademische, pharmakologische und analytische Forschung<\/strong>.<\/p>\n<\/li>\n<\/ul>\n<hr data-start=\"5330\" data-end=\"5333\" \/>\n<h3 data-start=\"5335\" data-end=\"5350\"><strong data-start=\"5339\" data-end=\"5350\">Verwendung<\/strong><\/h3>\n<ul data-start=\"5351\" data-end=\"5622\">\n<li data-start=\"5351\" data-end=\"5421\">\n<p data-start=\"5353\" data-end=\"5421\">Nur zur Verwendung durch <strong data-start=\"5378\" data-end=\"5418\">qualifiziertes Laborpersonal<\/strong>.<\/p>\n<\/li>\n<li data-start=\"5422\" data-end=\"5498\">\n<p data-start=\"5424\" data-end=\"5498\">Verwenden Sie geeignete <strong data-start=\"5442\" data-end=\"5466\">Schutzausr\u00fcstung<\/strong> (Handschuhe, Schutzbrille, Laborkittel).<\/p>\n<\/li>\n<li data-start=\"5499\" data-end=\"5563\">\n<p data-start=\"5501\" data-end=\"5563\">Sparen Sie bei einem <strong data-start=\"5516\" data-end=\"5550\">k\u00fchl, trocken und dunkel lagern<\/strong> (15\u201325 \u00b0C).<\/p>\n<\/li>\n<li data-start=\"5564\" data-end=\"5622\">\n<p data-start=\"5566\" data-end=\"5622\">Nicht f\u00fcr den menschlichen oder tierischen Verzehr geeignet.<\/p>\n<\/li>\n<\/ul>\n<hr data-start=\"5624\" data-end=\"5627\" \/>\n<h3 data-start=\"5629\" data-end=\"5664\"><strong data-start=\"5633\" data-end=\"5664\">H\u00e4ufig gestellte Fragen (FAQs)<\/strong><\/h3>\n<p data-start=\"5666\" data-end=\"5841\"><strong data-start=\"5666\" data-end=\"5720\">1. Wof\u00fcr werden Etizolam 1 mg Blotters verwendet?<\/strong><br data-start=\"5720\" data-end=\"5723\" \/>Etizolam 1 mg Blotters werden verwendet in <strong data-start=\"5764\" data-end=\"5806\">analytische und pharmakologische Forschung<\/strong> zu GABA-A-Rezeptorinteraktionen.<\/p>\n<p data-start=\"5843\" data-end=\"6029\"><strong data-start=\"5843\" data-end=\"5903\">2. Sind Etizolam-Blotter f\u00fcr den menschlichen Gebrauch sicher?<\/strong><br data-start=\"5903\" data-end=\"5906\" \/>Nein. Diese L\u00f6schbl\u00e4tter sind <strong data-start=\"5930\" data-end=\"5979\">nur f\u00fcr Forschungszwecke bestimmt<\/strong> und nicht f\u00fcr den menschlichen Verzehr zugelassen.<\/p>\n<p data-start=\"6031\" data-end=\"6169\"><strong data-start=\"6031\" data-end=\"6082\">3. Wie sollten Etizolam Blotters aufbewahrt werden?<\/strong><br data-start=\"6082\" data-end=\"6085\" \/>Lagern Sie in einem <strong data-start=\"6100\" data-end=\"6135\">licht- und feuchtigkeitsgesch\u00fctzte Verpackung<\/strong> bei Raumtemperatur (15\u201325 \u00b0C).<\/p>","protected":false},"excerpt":{"rendered":"<h2><strong><span dir=\"auto\" style=\"vertical-align: inherit;\"><span dir=\"auto\" style=\"vertical-align: inherit;\">Etizolam 1mg Blotters<\/span><\/span><\/strong><\/h2>\n<p><span dir=\"auto\" style=\"vertical-align: inherit;\"><span dir=\"auto\" style=\"vertical-align: inherit;\">CAS Number: 40054-69-1 <\/span><\/span><br \/>\n<span dir=\"auto\" style=\"vertical-align: inherit;\"><span dir=\"auto\" style=\"vertical-align: inherit;\">Formula: 4-(2-chlorophenyl)-2-ethyl-9-methyl-6H-thieno[3,2-f][1,2,4]triazolo[4,3-a][1,4]diazepine <\/span><\/span><br \/>\n<span dir=\"auto\" style=\"vertical-align: inherit;\"><span dir=\"auto\" style=\"vertical-align: inherit;\">Molecular mass: 342.8 g\/mol <\/span><\/span><br \/>\n<span dir=\"auto\" style=\"vertical-align: inherit;\"><span dir=\"auto\" style=\"vertical-align: inherit;\">Purity: \u2265 99%<\/span><\/span><\/p>\n","protected":false},"featured_media":29329,"comment_status":"closed","ping_status":"closed","template":"","meta":[],"product_brand":[82],"product_cat":[488],"product_tag":[917,922,1130,326],"class_list":{"0":"post-23304","1":"product","2":"type-product","3":"status-publish","4":"has-post-thumbnail","6":"product_brand-research-chemical","7":"product_cat-verboden","8":"product_tag-etizolam","9":"product_tag-etizolam-blotters","10":"product_tag-etizolam-kopen","11":"product_tag-nl","13":"first","14":"instock","15":"taxable","16":"shipping-taxable","17":"purchasable","18":"product-type-simple"},"_links":{"self":[{"href":"https:\/\/onderzoekschemicals.com\/de\/wp-json\/wp\/v2\/product\/23304","targetHints":{"allow":["GET"]}}],"collection":[{"href":"https:\/\/onderzoekschemicals.com\/de\/wp-json\/wp\/v2\/product"}],"about":[{"href":"https:\/\/onderzoekschemicals.com\/de\/wp-json\/wp\/v2\/types\/product"}],"replies":[{"embeddable":true,"href":"https:\/\/onderzoekschemicals.com\/de\/wp-json\/wp\/v2\/comments?post=23304"}],"version-history":[{"count":6,"href":"https:\/\/onderzoekschemicals.com\/de\/wp-json\/wp\/v2\/product\/23304\/revisions"}],"predecessor-version":[{"id":28043,"href":"https:\/\/onderzoekschemicals.com\/de\/wp-json\/wp\/v2\/product\/23304\/revisions\/28043"}],"wp:featuredmedia":[{"embeddable":true,"href":"https:\/\/onderzoekschemicals.com\/de\/wp-json\/wp\/v2\/media\/29329"}],"wp:attachment":[{"href":"https:\/\/onderzoekschemicals.com\/de\/wp-json\/wp\/v2\/media?parent=23304"}],"wp:term":[{"taxonomy":"product_brand","embeddable":true,"href":"https:\/\/onderzoekschemicals.com\/de\/wp-json\/wp\/v2\/product_brand?post=23304"},{"taxonomy":"product_cat","embeddable":true,"href":"https:\/\/onderzoekschemicals.com\/de\/wp-json\/wp\/v2\/product_cat?post=23304"},{"taxonomy":"product_tag","embeddable":true,"href":"https:\/\/onderzoekschemicals.com\/de\/wp-json\/wp\/v2\/product_tag?post=23304"}],"curies":[{"name":"wp","href":"https:\/\/api.w.org\/{rel}","templated":true}]}}