{"id":23186,"date":"2025-04-13T17:39:18","date_gmt":"2025-04-13T17:39:18","guid":{"rendered":"https:\/\/onderzoekschemicals.com\/?post_type=product&#038;p=23186"},"modified":"2025-11-28T21:02:34","modified_gmt":"2025-11-28T21:02:34","slug":"3mma-kopen","status":"publish","type":"product","link":"https:\/\/onderzoekschemicals.com\/de\/shop\/3-mma\/3mma-kopen\/","title":{"rendered":"3-MMA (Metaphedrin)"},"content":{"rendered":"<h1><strong><span dir=\"auto\" style=\"vertical-align: inherit;\"><span dir=\"auto\" style=\"vertical-align: inherit;\">Kaufen Sie 3mma (3-Methylmethamphetamin)\u00a0<\/span><\/span><\/strong><\/h1>\n<p data-start=\"735\" data-end=\"1150\"><strong data-start=\"735\" data-end=\"744\">3-MMA<\/strong>, vollst\u00e4ndig <strong data-start=\"753\" data-end=\"779\">3-Methylmethamphetamin<\/strong> (auch bekannt als <strong data-start=\"796\" data-end=\"812\">Metaphedrin<\/strong>), ist ein <strong data-start=\"822\" data-end=\"862\">synthetische Stimulansverbindung<\/strong> aus dem <strong data-start=\"870\" data-end=\"906\">substituierte Amphetaminklasse<\/strong>. <span class=\"___SBox_epc1q-ko_ ___SText_zko9t-ko_\" data-ui-name=\"Link.Text\">Kaufen Sie 3 MM<\/span><br data-start=\"907\" data-end=\"910\" \/>Es ist chemisch verwandt mit <strong data-start=\"938\" data-end=\"956\">Methamphetamin<\/strong>, unterscheidet sich aber durch die <strong data-start=\"981\" data-end=\"1012\">Methylgruppe an der 3-Position<\/strong> des aromatischen Rings. Diese kleine Struktur\u00e4nderung beeinflusst die <strong data-start=\"1088\" data-end=\"1107\">Rezeptorbindung<\/strong>, <strong data-start=\"1109\" data-end=\"1124\">Stoffwechsel<\/strong> Und <strong data-start=\"1128\" data-end=\"1147\">Wirksamkeit<\/strong>.<\/p>\n<p data-start=\"1152\" data-end=\"1521\">Obwohl 3-MMA in <strong data-start=\"1184\" data-end=\"1223\">forensisch-toxikologische Analysen<\/strong> Und <strong data-start=\"1227\" data-end=\"1280\">Forschung zu neuen psychoaktiven Substanzen (NPS)<\/strong>, hat es <strong data-start=\"1292\" data-end=\"1338\">keine medizinische oder therapeutische Anwendung<\/strong>.<br data-start=\"1339\" data-end=\"1342\" \/>Es wird nur untersucht in <strong data-start=\"1378\" data-end=\"1434\">akademischen, forensischen und toxikologischen Kontexten<\/strong> Zu <strong data-start=\"1438\" data-end=\"1480\">Struktur-Wirkungs-Beziehungen (SAR)<\/strong> innerhalb von Amphetaminanaloga.<\/p>\n<hr data-start=\"1523\" data-end=\"1526\" \/>\n<h2 data-start=\"1528\" data-end=\"1575\"><strong data-start=\"1531\" data-end=\"1575\">Chemischer und pharmakologischer Hintergrund<\/strong><\/h2>\n<p data-start=\"1577\" data-end=\"1814\">3-MMA geh\u00f6rt zu den <strong data-start=\"1598\" data-end=\"1637\">Phenethylamin und Amphetaminfamilie<\/strong>, eine Gruppe von Verbindungen, die als <strong data-start=\"1670\" data-end=\"1702\">indirekte Sympathomimetika<\/strong> Arbeit \u2013 sie erh\u00f6hen die Aktivit\u00e4t von <strong data-start=\"1742\" data-end=\"1754\">Dopamin<\/strong>, <strong data-start=\"1756\" data-end=\"1773\">Noradrenalin<\/strong> Und <strong data-start=\"1777\" data-end=\"1791\">Serotonin<\/strong> im Nervensystem.<\/p>\n<p data-start=\"1816\" data-end=\"1841\"><strong data-start=\"1816\" data-end=\"1841\">Chemische Informationen:<\/strong><\/p>\n<ul data-start=\"1842\" data-end=\"2258\">\n<li data-start=\"1842\" data-end=\"1888\">\n<p data-start=\"1844\" data-end=\"1888\"><strong data-start=\"1844\" data-end=\"1863\">Vollst\u00e4ndiger Name:<\/strong> 3-Methylmethamphetamin<\/p>\n<\/li>\n<li data-start=\"1889\" data-end=\"1957\">\n<p data-start=\"1891\" data-end=\"1957\"><strong data-start=\"1891\" data-end=\"1906\">Synonyme:<\/strong> Metaphedrin, 3-Methyl-N,\u03b1-dimethylphenethylamin<\/p>\n<\/li>\n<li data-start=\"1958\" data-end=\"2016\">\n<p data-start=\"1960\" data-end=\"2016\"><strong data-start=\"1960\" data-end=\"1975\">IUPAC-Name:<\/strong> N,\u03b1-Dimethyl-3-methylbenzolthanamin<\/p>\n<\/li>\n<li data-start=\"2017\" data-end=\"2049\">\n<p data-start=\"2019\" data-end=\"2049\"><strong data-start=\"2019\" data-end=\"2039\">Summenformel:<\/strong> C11H17N<\/p>\n<\/li>\n<li data-start=\"2050\" data-end=\"2086\">\n<p data-start=\"2052\" data-end=\"2086\"><strong data-start=\"2052\" data-end=\"2070\">Molekularmasse:<\/strong> \u00b1163,26 g\/mol<\/p>\n<\/li>\n<li data-start=\"2087\" data-end=\"2140\">\n<p data-start=\"2089\" data-end=\"2140\"><strong data-start=\"2089\" data-end=\"2110\">Chemische Klasse:<\/strong> Substituierte Amphetamine<\/p>\n<\/li>\n<li data-start=\"2141\" data-end=\"2258\">\n<p data-start=\"2143\" data-end=\"2258\"><strong data-start=\"2143\" data-end=\"2171\">Pharmakologische Wirkung:<\/strong> Indirekter Freisetzer von Monoaminen; wirkt auf Dopamin- und Noradrenalintransporter<\/p>\n<\/li>\n<\/ul>\n<p data-start=\"2260\" data-end=\"2479\">Der <strong data-start=\"2263\" data-end=\"2315\">Methylsubstitution an der Meta-Position (3-Position)<\/strong> unterscheidet 3-MMA von <strong data-start=\"2339\" data-end=\"2357\">Methamphetamin<\/strong>, <strong data-start=\"2359\" data-end=\"2373\">Amphetamin<\/strong> Und <strong data-start=\"2377\" data-end=\"2386\">4-MMA<\/strong>, was sich auf die <strong data-start=\"2412\" data-end=\"2444\">neurochemische Selektivit\u00e4t<\/strong> Und <strong data-start=\"2448\" data-end=\"2478\">stimulierende Eigenschaften<\/strong>. <span class=\"___SBox_epc1q-ko_ ___SText_zko9t-ko_\" data-ui-name=\"Link.Text\">Kaufen Sie 3 MM<\/span><\/p>\n<hr data-start=\"2481\" data-end=\"2484\" \/>\n<h2 data-start=\"2486\" data-end=\"2553\"><strong data-start=\"2489\" data-end=\"2553\">Hauptmerkmale von 3-MMA (f\u00fcr Forschungskontexte)<\/strong><\/h2>\n<ul data-start=\"2555\" data-end=\"3012\">\n<li data-start=\"2555\" data-end=\"2633\">\n<p data-start=\"2557\" data-end=\"2633\"><strong data-start=\"2557\" data-end=\"2582\">Strukturanalogon:<\/strong> Eng verwandt mit Methamphetamin, 4-MMA und 2-MMA.<\/p>\n<\/li>\n<li data-start=\"2634\" data-end=\"2745\">\n<p data-start=\"2636\" data-end=\"2745\"><strong data-start=\"2636\" data-end=\"2663\">Forensische Relevanz:<\/strong> In Proben w\u00e4hrend der NPS-Forschung und Strafverfolgungsanalysen identifiziert.<\/p>\n<\/li>\n<li data-start=\"2746\" data-end=\"2869\">\n<p data-start=\"2748\" data-end=\"2869\"><strong data-start=\"2748\" data-end=\"2771\">Analytische Bedeutung:<\/strong> Verwendet als <strong data-start=\"2791\" data-end=\"2814\">Referenzstandard<\/strong> in der chromatographischen und spektrometrischen Validierung.<\/p>\n<\/li>\n<li data-start=\"2870\" data-end=\"3012\">\n<p data-start=\"2872\" data-end=\"3012\"><strong data-start=\"2872\" data-end=\"2899\">Pharmakologischer Wert:<\/strong> Hilft Wissenschaftlern zu verstehen, wie kleine strukturelle Variationen wirken <strong data-start=\"2970\" data-end=\"2997\">monoaminerge Aktivit\u00e4t<\/strong> beeinflussen.<\/p>\n<\/li>\n<\/ul>\n<hr data-start=\"3014\" data-end=\"3017\" \/>\n<h2 data-start=\"3019\" data-end=\"3046\"><strong data-start=\"3022\" data-end=\"3046\">Forschungszwecke<\/strong><\/h2>\n<p data-start=\"3048\" data-end=\"3212\">3-MMA wird haupts\u00e4chlich untersucht in <strong data-start=\"3087\" data-end=\"3132\">forensische und toxikologische Labore<\/strong> unter kontrollierten Bedingungen. Die Hauptanwendungsgebiete sind:<\/p>\n<ol data-start=\"3214\" data-end=\"3961\">\n<li data-start=\"3214\" data-end=\"3444\">\n<p data-start=\"3217\" data-end=\"3242\"><strong data-start=\"3217\" data-end=\"3240\">Analytische Chemie:<\/strong><\/p>\n<ul data-start=\"3246\" data-end=\"3444\">\n<li data-start=\"3246\" data-end=\"3373\">\n<p data-start=\"3248\" data-end=\"3373\">Entwicklung und Validierung von <strong data-start=\"3278\" data-end=\"3287\">LC-MS<\/strong>, <strong data-start=\"3289\" data-end=\"3298\">GC-MS<\/strong> Und <strong data-start=\"3302\" data-end=\"3310\">FTIR<\/strong>-Methoden zur Identifizierung substituierter Amphetamine.<\/p>\n<\/li>\n<li data-start=\"3377\" data-end=\"3444\">\n<p data-start=\"3379\" data-end=\"3444\">Unterscheiden Sie zwischen Strukturisomeren (wie 3-MMA und 4-MMA).<\/p>\n<\/li>\n<\/ul>\n<\/li>\n<li data-start=\"3446\" data-end=\"3654\">\n<p data-start=\"3449\" data-end=\"3479\"><strong data-start=\"3449\" data-end=\"3477\">Forensische Toxikologie:<\/strong><\/p>\n<ul data-start=\"3483\" data-end=\"3654\">\n<li data-start=\"3483\" data-end=\"3568\">\n<p data-start=\"3485\" data-end=\"3568\">Nachweis und Quantifizierung von 3-MMA in biologischen oder beschlagnahmten Proben.<\/p>\n<\/li>\n<li data-start=\"3572\" data-end=\"3654\">\n<p data-start=\"3574\" data-end=\"3654\">Teil von <strong data-start=\"3588\" data-end=\"3651\">\u00dcberwachungssysteme f\u00fcr neue psychoaktive Substanzen (NPS)<\/strong>.<\/p>\n<\/li>\n<\/ul>\n<\/li>\n<li data-start=\"3656\" data-end=\"3797\">\n<p data-start=\"3659\" data-end=\"3690\"><strong data-start=\"3659\" data-end=\"3688\">Pharmakologische Forschung:<\/strong><\/p>\n<ul data-start=\"3694\" data-end=\"3797\">\n<li data-start=\"3694\" data-end=\"3797\">\n<p data-start=\"3696\" data-end=\"3797\">Studium der <strong data-start=\"3707\" data-end=\"3738\">Hemmung des Monoamintransporters<\/strong> Und <strong data-start=\"3742\" data-end=\"3768\">befreiende Aktivit\u00e4t<\/strong> von Stimulanzien.<\/p>\n<\/li>\n<\/ul>\n<\/li>\n<li data-start=\"3799\" data-end=\"3961\">\n<p data-start=\"3802\" data-end=\"3834\"><strong data-start=\"3802\" data-end=\"3832\">Public-Health-Forschung:<\/strong><\/p>\n<ul data-start=\"3838\" data-end=\"3961\">\n<li data-start=\"3838\" data-end=\"3961\">\n<p data-start=\"3840\" data-end=\"3961\">\u00dcberwachung von Trends in <strong data-start=\"3865\" data-end=\"3903\">synthetische Stimulanzien<\/strong> zur Unterst\u00fctzung von Warnungen vor der \u00f6ffentlichen Gesundheit.<\/p>\n<\/li>\n<\/ul>\n<\/li>\n<\/ol>\n<hr data-start=\"3963\" data-end=\"3966\" \/>\n<h2 data-start=\"3968\" data-end=\"4012\"><strong data-start=\"3971\" data-end=\"4012\">Sicherheits- und rechtliche Aspekte<\/strong><\/h2>\n<h3 data-start=\"4014\" data-end=\"4032\"><strong data-start=\"4018\" data-end=\"4032\">Sicherheit<\/strong><\/h3>\n<p data-start=\"4034\" data-end=\"4256\">3-MMA darf nur verwendet werden von <strong data-start=\"4079\" data-end=\"4111\">qualifizierte Forscher<\/strong> In <strong data-start=\"4115\" data-end=\"4139\">lizenzierte Labore<\/strong>.<br data-start=\"4140\" data-end=\"4143\" \/>Wegen der <strong data-start=\"4154\" data-end=\"4171\">hohes Potenzial<\/strong> Und <strong data-start=\"4175\" data-end=\"4211\">begrenzte toxikologische Daten<\/strong> Es sind strenge Sicherheitsma\u00dfnahmen erforderlich.<\/p>\n<p data-start=\"4258\" data-end=\"4296\"><strong data-start=\"4258\" data-end=\"4296\">Empfohlene Laborsicherheit:<\/strong><\/p>\n<ul data-start=\"4297\" data-end=\"4600\">\n<li data-start=\"4297\" data-end=\"4395\">\n<p data-start=\"4299\" data-end=\"4395\">Verwenden Sie immer <strong data-start=\"4314\" data-end=\"4357\">pers\u00f6nliche Schutzausr\u00fcstung (PSA)<\/strong> wie Handschuhe, Schutzbrille und Laborkittel.<\/p>\n<\/li>\n<li data-start=\"4396\" data-end=\"4455\">\n<p data-start=\"4398\" data-end=\"4455\">Arbeiten Sie unter einem <strong data-start=\"4413\" data-end=\"4426\">Dunstabzugshaube<\/strong> um ein Einatmen zu vermeiden.<\/p>\n<\/li>\n<li data-start=\"4456\" data-end=\"4517\">\n<p data-start=\"4458\" data-end=\"4517\">Speichern in <strong data-start=\"4468\" data-end=\"4514\">deutlich gekennzeichnete, geschlossene Beh\u00e4lter<\/strong>.<\/p>\n<\/li>\n<li data-start=\"4518\" data-end=\"4600\">\n<p data-start=\"4520\" data-end=\"4600\">Entsorgen Sie Abf\u00e4lle gem\u00e4\u00df den <strong data-start=\"4545\" data-end=\"4597\">Vorschriften f\u00fcr gef\u00e4hrliche chemische Stoffe<\/strong>.<\/p>\n<\/li>\n<\/ul>\n<h3 data-start=\"4602\" data-end=\"4627\"><strong data-start=\"4606\" data-end=\"4627\">Rechtsstatus<\/strong><\/h3>\n<p data-start=\"4629\" data-end=\"4722\">Aus <strong data-start=\"4635\" data-end=\"4643\">2025<\/strong> Ist <strong data-start=\"4647\" data-end=\"4671\">3-MMA (Metaphedrin)<\/strong> in den meisten L\u00e4ndern <strong data-start=\"4692\" data-end=\"4719\">reguliert oder verboten<\/strong>:<\/p>\n<ul data-start=\"4723\" data-end=\"4996\">\n<li data-start=\"4723\" data-end=\"4797\">\n<p data-start=\"4725\" data-end=\"4797\"><strong data-start=\"4725\" data-end=\"4749\">Vereinigtes K\u00f6nigreich:<\/strong> Gepr\u00fcft unter dem <em data-start=\"4773\" data-end=\"4794\">Gesetz \u00fcber den Missbrauch von Drogen<\/em>.<\/p>\n<\/li>\n<li data-start=\"4798\" data-end=\"4882\">\n<p data-start=\"4800\" data-end=\"4882\"><strong data-start=\"4800\" data-end=\"4818\">Europ\u00e4ische Union:<\/strong> F\u00e4llt unter die <strong data-start=\"4833\" data-end=\"4879\">NPS-Verordnung f\u00fcr psychoaktive Substanzen<\/strong>.<\/p>\n<\/li>\n<li data-start=\"4883\" data-end=\"4996\">\n<p data-start=\"4885\" data-end=\"4996\"><strong data-start=\"4885\" data-end=\"4906\">Vereinigte Staaten:<\/strong> Gilt als <strong data-start=\"4931\" data-end=\"4961\">Analogon von Methamphetamin<\/strong> unter dem <em data-start=\"4971\" data-end=\"4993\">Bundesanaloggesetz<\/em>.<\/p>\n<\/li>\n<\/ul>\n<p data-start=\"4998\" data-end=\"5105\">Nur <strong data-start=\"5005\" data-end=\"5029\">lizenzierte Labore<\/strong> mit offizieller Genehmigung d\u00fcrfen 3-MMA besitzen oder f\u00fcr Forschungszwecke verwenden.<\/p>\n<hr data-start=\"5107\" data-end=\"5110\" \/>\n<h2 data-start=\"5112\" data-end=\"5156\"><strong data-start=\"5115\" data-end=\"5156\">Analytische Identifizierung und Detektion<\/strong><\/h2>\n<p data-start=\"5158\" data-end=\"5277\">In der forensischen und analytischen Chemie wird 3-MMA mithilfe verschiedener instrumenteller Techniken identifiziert:<\/p>\n<ul data-start=\"5279\" data-end=\"5492\">\n<li data-start=\"5279\" data-end=\"5331\">\n<p data-start=\"5281\" data-end=\"5331\"><strong data-start=\"5281\" data-end=\"5329\">Gaschromatographie-Massenspektrometrie (GC-MS)<\/strong><\/p>\n<\/li>\n<li data-start=\"5332\" data-end=\"5390\">\n<p data-start=\"5334\" data-end=\"5390\"><strong data-start=\"5334\" data-end=\"5388\">Fl\u00fcssigkeitschromatographie-Massenspektrometrie (LC-MS)<\/strong><\/p>\n<\/li>\n<li data-start=\"5391\" data-end=\"5446\">\n<p data-start=\"5393\" data-end=\"5446\"><strong data-start=\"5393\" data-end=\"5444\">Fourier-Transform-Infrarotspektroskopie (FTIR)<\/strong><\/p>\n<\/li>\n<li data-start=\"5447\" data-end=\"5492\">\n<p data-start=\"5449\" data-end=\"5492\"><strong data-start=\"5449\" data-end=\"5490\">Kernspinresonanzspektroskopie (NMR)<\/strong><\/p>\n<\/li>\n<\/ul>\n<p data-start=\"5494\" data-end=\"5632\">Diese Methoden machen <strong data-start=\"5514\" data-end=\"5576\">genaue Identifizierung, Differenzierung und Quantifizierung<\/strong> m\u00f6glicherweise von 3-MMA und verwandten Amphetaminanaloga.<\/p>\n<hr data-start=\"5634\" data-end=\"5637\" \/>\n<h2 data-start=\"5639\" data-end=\"5673\"><strong data-start=\"5642\" data-end=\"5673\">H\u00e4ufig gestellte Fragen (FAQs)<\/strong><\/h2>\n<h3 data-start=\"5675\" data-end=\"5718\"><strong data-start=\"5679\" data-end=\"5718\">1. Wof\u00fcr wird 3-MMA untersucht?<\/strong><\/h3>\n<p data-start=\"5719\" data-end=\"5870\">3-MMA wird ausschlie\u00dflich verwendet in <strong data-start=\"5755\" data-end=\"5797\">forensische und pharmakologische Forschung<\/strong> um Amphetaminanaloga zu untersuchen und Nachweismethoden zu entwickeln.<\/p>\n<h3 data-start=\"5872\" data-end=\"5899\"><strong data-start=\"5876\" data-end=\"5899\">2. Ist 3-MMA legal?<\/strong><\/h3>\n<p data-start=\"5900\" data-end=\"6015\">In den meisten L\u00e4ndern ist 3-MMA <strong data-start=\"5929\" data-end=\"5956\">verboten oder reguliert<\/strong> gem\u00e4\u00df der Gesetzgebung \u00fcber psychoaktive Substanzen oder Analoga.<\/p>\n<h3 data-start=\"6017\" data-end=\"6068\"><strong data-start=\"6021\" data-end=\"6068\">3. Wie ist der sichere Umgang mit 3-MMA zu gew\u00e4hrleisten?<\/strong><\/h3>\n<p data-start=\"6069\" data-end=\"6201\">Nur durch <strong data-start=\"6081\" data-end=\"6111\">professionelle Forscher<\/strong> mit dem Recht <strong data-start=\"6126\" data-end=\"6152\">Sicherheitsma\u00dfnahmen<\/strong> und in <strong data-start=\"6159\" data-end=\"6200\">kontrollierte Laborumgebungen<\/strong>.<\/p>","protected":false},"excerpt":{"rendered":"<h3><span style=\"vertical-align: inherit;\"><span style=\"vertical-align: inherit;\"><span dir=\"auto\" style=\"vertical-align: inherit;\"><span dir=\"auto\" style=\"vertical-align: inherit;\">3-MMA-Eigenschaften<\/span><\/span><\/span><\/span><\/h3>\n<p><strong><span style=\"vertical-align: inherit;\"><span style=\"vertical-align: inherit;\"><span dir=\"auto\" style=\"vertical-align: inherit;\"><span dir=\"auto\" style=\"vertical-align: inherit;\">Synonym<\/span><\/span><\/span><\/span><\/strong><span style=\"vertical-align: inherit;\"><span style=\"vertical-align: inherit;\"><span dir=\"auto\" style=\"vertical-align: inherit;\"><span dir=\"auto\" style=\"vertical-align: inherit;\"> : 3-Methylmethamphetamin <\/span><\/span><\/span><\/span><br \/>\n<strong><span style=\"vertical-align: inherit;\"><span style=\"vertical-align: inherit;\"><span dir=\"auto\" style=\"vertical-align: inherit;\"><span dir=\"auto\" style=\"vertical-align: inherit;\">CAS <\/span><\/span><\/span><\/span><\/strong> <strong><span style=\"vertical-align: inherit;\"><span style=\"vertical-align: inherit;\"><span dir=\"auto\" style=\"vertical-align: inherit;\"><span dir=\"auto\" style=\"vertical-align: inherit;\">Nummer<\/span><\/span><\/span><\/span><\/strong><span style=\"vertical-align: inherit;\"><span style=\"vertical-align: inherit;\"><span dir=\"auto\" style=\"vertical-align: inherit;\"><span dir=\"auto\" style=\"vertical-align: inherit;\"> : 2089255-96-7 <\/span><\/span><\/span><\/span><br \/>\n<strong><span style=\"vertical-align: inherit;\"><span style=\"vertical-align: inherit;\"><span dir=\"auto\" style=\"vertical-align: inherit;\"><span dir=\"auto\" style=\"vertical-align: inherit;\">Formel<\/span><\/span><\/span><\/span><\/strong><span style=\"vertical-align: inherit;\"><span style=\"vertical-align: inherit;\"><span dir=\"auto\" style=\"vertical-align: inherit;\"><span dir=\"auto\" style=\"vertical-align: inherit;\"> : <\/span><\/span><\/span><\/span><span title=\"Kohlenstoff\"><span style=\"vertical-align: inherit;\"><span style=\"vertical-align: inherit;\"><span dir=\"auto\" style=\"vertical-align: inherit;\"><span dir=\"auto\" style=\"vertical-align: inherit;\">C <\/span><\/span><\/span><\/span><\/span><sub><span style=\"vertical-align: inherit;\"><span style=\"vertical-align: inherit;\"><span dir=\"auto\" style=\"vertical-align: inherit;\"><span dir=\"auto\" style=\"vertical-align: inherit;\">11 <\/span><\/span><\/span><\/span><\/sub><span title=\"Wasserstoff\"><span style=\"vertical-align: inherit;\"><span style=\"vertical-align: inherit;\"><span dir=\"auto\" style=\"vertical-align: inherit;\"><span dir=\"auto\" style=\"vertical-align: inherit;\">H <\/span><\/span><\/span><\/span><\/span><sub><span style=\"vertical-align: inherit;\"><span style=\"vertical-align: inherit;\"><span dir=\"auto\" style=\"vertical-align: inherit;\"><span dir=\"auto\" style=\"vertical-align: inherit;\">17 <\/span><\/span><\/span><\/span><\/sub><span title=\"Stickstoff\"><span style=\"vertical-align: inherit;\"><span style=\"vertical-align: inherit;\"><span dir=\"auto\" style=\"vertical-align: inherit;\"><span dir=\"auto\" style=\"vertical-align: inherit;\">N <\/span><\/span><\/span><\/span><\/span><br \/>\n<strong><span style=\"vertical-align: inherit;\"><span style=\"vertical-align: inherit;\"><span dir=\"auto\" style=\"vertical-align: inherit;\"><span dir=\"auto\" style=\"vertical-align: inherit;\">Molmasse<\/span><\/span><\/span><\/span><\/strong><span style=\"vertical-align: inherit;\"><span style=\"vertical-align: inherit;\"><span dir=\"auto\" style=\"vertical-align: inherit;\"><span dir=\"auto\" style=\"vertical-align: inherit;\"> : 163,264 g\/mol <\/span><\/span><\/span><\/span><br \/>\n<strong><span style=\"vertical-align: inherit;\"><span style=\"vertical-align: inherit;\"><span dir=\"auto\" style=\"vertical-align: inherit;\"><span dir=\"auto\" style=\"vertical-align: inherit;\">Reinheit<\/span><\/span><\/span><\/span><\/strong><span style=\"vertical-align: inherit;\"><span style=\"vertical-align: inherit;\"><span dir=\"auto\" style=\"vertical-align: inherit;\"><span dir=\"auto\" style=\"vertical-align: inherit;\"> : &gt;98%<\/span><\/span><\/span><\/span><\/p>","protected":false},"featured_media":29226,"comment_status":"closed","ping_status":"closed","template":"","meta":[],"product_brand":[82],"product_cat":[519,322,333],"product_tag":[1193,616,593,326],"class_list":{"0":"post-23186","1":"product","2":"type-product","3":"status-publish","4":"has-post-thumbnail","6":"product_brand-research-chemical","7":"product_cat-3-mma","8":"product_cat-bijna-verboden","9":"product_cat-gefluoreerden","10":"product_tag-3-mma","11":"product_tag-3-mma-kopen","12":"product_tag-3mma-kopen","13":"product_tag-nl","15":"first","16":"instock","17":"taxable","18":"shipping-taxable","19":"purchasable","20":"product-type-variable"},"_links":{"self":[{"href":"https:\/\/onderzoekschemicals.com\/de\/wp-json\/wp\/v2\/product\/23186","targetHints":{"allow":["GET"]}}],"collection":[{"href":"https:\/\/onderzoekschemicals.com\/de\/wp-json\/wp\/v2\/product"}],"about":[{"href":"https:\/\/onderzoekschemicals.com\/de\/wp-json\/wp\/v2\/types\/product"}],"replies":[{"embeddable":true,"href":"https:\/\/onderzoekschemicals.com\/de\/wp-json\/wp\/v2\/comments?post=23186"}],"version-history":[{"count":5,"href":"https:\/\/onderzoekschemicals.com\/de\/wp-json\/wp\/v2\/product\/23186\/revisions"}],"predecessor-version":[{"id":28058,"href":"https:\/\/onderzoekschemicals.com\/de\/wp-json\/wp\/v2\/product\/23186\/revisions\/28058"}],"wp:featuredmedia":[{"embeddable":true,"href":"https:\/\/onderzoekschemicals.com\/de\/wp-json\/wp\/v2\/media\/29226"}],"wp:attachment":[{"href":"https:\/\/onderzoekschemicals.com\/de\/wp-json\/wp\/v2\/media?parent=23186"}],"wp:term":[{"taxonomy":"product_brand","embeddable":true,"href":"https:\/\/onderzoekschemicals.com\/de\/wp-json\/wp\/v2\/product_brand?post=23186"},{"taxonomy":"product_cat","embeddable":true,"href":"https:\/\/onderzoekschemicals.com\/de\/wp-json\/wp\/v2\/product_cat?post=23186"},{"taxonomy":"product_tag","embeddable":true,"href":"https:\/\/onderzoekschemicals.com\/de\/wp-json\/wp\/v2\/product_tag?post=23186"}],"curies":[{"name":"wp","href":"https:\/\/api.w.org\/{rel}","templated":true}]}}