{"id":27220,"date":"2025-08-14T11:24:18","date_gmt":"2025-08-14T11:24:18","guid":{"rendered":"https:\/\/onderzoekschemicals.com\/?page_id=27220"},"modified":"2025-10-11T17:55:59","modified_gmt":"2025-10-11T17:55:59","slug":"bestellen-en-levering-2","status":"publish","type":"page","link":"https:\/\/onderzoekschemicals.com\/de\/bestellen-en-levering-2\/","title":{"rendered":"Bestellung und Lieferung"},"content":{"rendered":"<p><strong>Bestellinformationen<\/strong><br>Nach der Bestellung \u00fcber unsere Website erhalten Sie umgehend eine Best\u00e4tigungs-E-Mail. Dies kann in Ihrem Spam-Ordner landen. \u00dcberpr\u00fcfen Sie ihn daher bitte, wenn Sie keine Best\u00e4tigung in Ihrem Posteingang sehen. In der Best\u00e4tigungs-E-Mail finden Sie Ihre Bestellnummer, mit der Sie den Status Ihrer Bestellung verfolgen k\u00f6nnen. Sobald Ihre Bestellung versandt wurde, erhalten Sie per E-Mail eine Track &amp; Trace-Nummer. Bitte beachten Sie, dass dieser Vorgang am Wochenende etwas l\u00e4nger dauern kann. Sollten Sie nach einem Werktag noch keine Track &amp; Trace-Nummer erhalten haben, kontaktieren Sie bitte unseren Kundenservice per WhatsApp unter 06.<\/p>\n\n\n\n<p><strong>Versandarten<\/strong><br>Wir bieten verschiedene Versandm\u00f6glichkeiten an, darunter Paketpost und Briefkastenpost.<\/p>\n\n\n\n<p><strong>Paketpost<\/strong><\/p>\n\n\n\n<ol class=\"wp-block-list\">\n<li>Keine Selbstbeteiligung: onderzoekschemicals.com haftet, wenn Ihr Paket nicht gem\u00e4\u00df Sendungsverfolgung zugestellt wird.<\/li>\n\n\n\n<li>Lieferung an eine Abholstelle: Sie k\u00f6nnen Ihre Bestellung wahlweise an eine Abholstelle liefern lassen.<\/li>\n\n\n\n<li>Sendungsverfolgung: Immer verf\u00fcgbar.<\/li>\n\n\n\n<li>Montagszustellung: Paketpost wird auch montags zugestellt.<\/li>\n\n\n\n<li>Bestellungen, die vor 19:30 Uhr eingehen, werden noch am selben Werktag versendet.<\/li>\n<\/ol>\n\n\n\n<p>Bitte beachten Sie: F\u00fcr die Entgegennahme Ihrer Sendung m\u00fcssen Sie zu Hause sein. Sollten Sie nicht zu Hause sein, k\u00f6nnen Sie Ihr Paket auch bei der n\u00e4chstgelegenen Abholstelle abholen. Wir garantieren die Lieferung bis zur Abholstelle; Danach sind Sie f\u00fcr die Abholung Ihrer Bestellung selbst verantwortlich.<\/p>\n\n\n\n<p><strong>Briefkastenpost<\/strong><\/p>\n\n\n\n<ol class=\"wp-block-list\">\n<li>Auf eigene Gefahr: onderzoekschemicals.com kann nicht f\u00fcr etwaige Probleme mit der Briefkastenpost haftbar gemacht werden.<\/li>\n\n\n\n<li>Keine Option f\u00fcr Abholpunkte.<\/li>\n\n\n\n<li>Eingeschr\u00e4nkte Sendungsverfolgung: Der erste Scan wird immer korrekt durchgef\u00fchrt, sodass Sie sicher sein k\u00f6nnen, dass wir den Brief versendet haben.<\/li>\n\n\n\n<li>Keine Lieferungen an Sonntagen und Montagen.<\/li>\n\n\n\n<li>Bestellungen, die vor 17:00 Uhr eingehen, werden noch am selben Werktag versendet.<\/li>\n<\/ol>\n\n\n\n<p>Vorteil: Sie m\u00fcssen nicht zu Hause sein, um Ihre Sendung entgegenzunehmen.<\/p>\n\n\n\n<p><strong>Versandinformationen<\/strong><\/p>\n\n\n\n<ul class=\"wp-block-list\">\n<li><strong>Paketpost:<\/strong>&nbsp;Bestellungen per Paketdienst werden werktags um 19:30 Uhr versendet.<\/li>\n\n\n\n<li><strong>Briefkastenpost:<\/strong>&nbsp;Bestellungen per Briefkastenpost werden werktags um 17:00 Uhr versendet.<\/li>\n<\/ul>\n\n\n\n<p><strong>Preise<\/strong><\/p>\n\n\n\n<ul class=\"wp-block-list\">\n<li>Lieferung per Paketdienst: 6,95 \u20ac<\/li>\n\n\n\n<li>Lieferung per Briefkastenpost: 3,95 \u20ac<\/li>\n<\/ul>\n\n\n\n<p><strong>Diskrete Verpackung<\/strong><br>Alle Bestellungen werden diskret verpackt. Auf der Au\u00dfenseite befinden sich lediglich Ihre Adresse und unsere R\u00fccksendeadresse. Die R\u00fccksendeadresse ist eine Postfachnummer (erh\u00e4ltlich beim Kundenservice), nicht das Logo von onderzoekschemicals.com.<br><\/p>\n\n\n\n<p><strong>Wir versenden Bestellungen nur in die folgenden L\u00e4nder:<br><em>(nur Festland, keine Inseln)<\/em><\/strong><\/p>\n\n\n\n<ul class=\"wp-block-list\">\n<li>Niederlande<\/li>\n\n\n\n<li>Belgien<\/li>\n\n\n\n<li>Bulgarien<\/li>\n\n\n\n<li>Estland<\/li>\n\n\n\n<li>Frankreich<\/li>\n\n\n\n<li>Griechenland<\/li>\n\n\n\n<li>Ungarn<\/li>\n\n\n\n<li>Irland<\/li>\n\n\n\n<li>Italien<\/li>\n\n\n\n<li>Kroatien<\/li>\n\n\n\n<li>Lettland<\/li>\n\n\n\n<li>Litauen<\/li>\n\n\n\n<li>Luxemburg<\/li>\n\n\n\n<li>\u00d6sterreich<\/li>\n\n\n\n<li>Polen<\/li>\n\n\n\n<li>Portugal<\/li>\n\n\n\n<li>Rum\u00e4nien<\/li>\n\n\n\n<li>Slowenien<\/li>\n\n\n\n<li>Slowakei<\/li>\n\n\n\n<li>Tschechische Republik<\/li>\n\n\n\n<li>China<\/li>\n\n\n\n<li>D\u00e4nemark<\/li>\n\n\n\n<li>Deutschland&nbsp;<em>(In K\u00fcrze zugelassen: 1D-LSD \/ NB-5-MeO-DALT-Oxalat \/ NB-5-MeO-MiPT-Oxalat)<\/em><\/li>\n\n\n\n<li>Finnland<\/li>\n\n\n\n<li>Gro\u00dfbritannien<\/li>\n\n\n\n<li>Norwegen<\/li>\n\n\n\n<li>Spanien<\/li>\n\n\n\n<li>Vereinigte Staaten<\/li>\n\n\n\n<li>S\u00fcdkorea<\/li>\n\n\n\n<li>Schweden<\/li>\n\n\n\n<li>Schweiz<\/li>\n<\/ul>\n\n\n\n<p><strong>Haftungsausschluss<\/strong><\/p>\n\n\n\n<p>Als Kunde von onderzoekschemicals.com sind Sie daf\u00fcr verantwortlich, eine korrekte Lieferadresse in den zul\u00e4ssigen L\u00e4ndern anzugeben. Sie sind daf\u00fcr verantwortlich, in Ihrem eigenen Land zu pr\u00fcfen, ob das von Ihnen bestellte Produkt zul\u00e4ssig ist.<\/p>\n\n\n\n<p><strong>R\u00fcckgaben<\/strong><br>Sie k\u00f6nnen das Postfach, das wir jeder Sendung beif\u00fcgen, verwenden, um Ihr(e) Produkt(e) bei Bedarf zur\u00fcckzusenden. Innerhalb von 2 Wochen nach Erhalt k\u00f6nnen Sie unge\u00f6ffnete Produkte gegen volle R\u00fcckerstattung oder Umtausch zur\u00fcckgeben.<\/p>\n\n\n\n<p><strong>Verpackung<\/strong><br>Wir verpacken die Produkte in Beutel mit unterschiedlichen Farben und Inhalten:<\/p>\n\n\n\n<ul class=\"wp-block-list\">\n<li>Silbertasche: 1 St\u00fcck<\/li>\n\n\n\n<li>Goldbeutel: 2 Artikel<\/li>\n\n\n\n<li>Lila Tasche: 5 Artikel<\/li>\n\n\n\n<li>Blaue Tasche: 10 Artikel<\/li>\n\n\n\n<li>Schwarze Tasche: 25 Artikel<\/li>\n<\/ul>\n\n\n\n<p><strong>Zahlungsarten<\/strong><br>Derzeit gibt es ein Problem mit iDEAL, Sie k\u00f6nnen jedoch weiterhin per Bank\u00fcberweisung bezahlen. \u00dcberweisen Sie den Kaufbetrag auf unser Konto und geben Sie als Verwendungszweck die ersten Ziffern Ihrer Bestellnummer an.<\/p>","protected":false},"excerpt":{"rendered":"<p>BestellinformationenNach der Aufgabe einer Bestellung \u00fcber unsere Website erhalten Sie umgehend eine Best\u00e4tigungs-E-Mail. Dies k\u00f6nnte in Ihrem Spam-Ordner sein<\/p>","protected":false},"author":1,"featured_media":0,"parent":0,"menu_order":0,"comment_status":"closed","ping_status":"closed","template":"","meta":{"footnotes":""},"class_list":["post-27220","page","type-page","status-publish","hentry"],"_links":{"self":[{"href":"https:\/\/onderzoekschemicals.com\/de\/wp-json\/wp\/v2\/pages\/27220","targetHints":{"allow":["GET"]}}],"collection":[{"href":"https:\/\/onderzoekschemicals.com\/de\/wp-json\/wp\/v2\/pages"}],"about":[{"href":"https:\/\/onderzoekschemicals.com\/de\/wp-json\/wp\/v2\/types\/page"}],"author":[{"embeddable":true,"href":"https:\/\/onderzoekschemicals.com\/de\/wp-json\/wp\/v2\/users\/1"}],"replies":[{"embeddable":true,"href":"https:\/\/onderzoekschemicals.com\/de\/wp-json\/wp\/v2\/comments?post=27220"}],"version-history":[{"count":2,"href":"https:\/\/onderzoekschemicals.com\/de\/wp-json\/wp\/v2\/pages\/27220\/revisions"}],"predecessor-version":[{"id":27725,"href":"https:\/\/onderzoekschemicals.com\/de\/wp-json\/wp\/v2\/pages\/27220\/revisions\/27725"}],"wp:attachment":[{"href":"https:\/\/onderzoekschemicals.com\/de\/wp-json\/wp\/v2\/media?parent=27220"}],"curies":[{"name":"wp","href":"https:\/\/api.w.org\/{rel}","templated":true}]}}