{"id":26138,"date":"2025-10-20T01:31:18","date_gmt":"2025-10-20T01:31:18","guid":{"rendered":"https:\/\/onderzoekschemicals.com\/?post_type=product&#038;p=26138"},"modified":"2025-10-21T05:55:10","modified_gmt":"2025-10-21T05:55:10","slug":"iboga-capsules","status":"publish","type":"product","link":"https:\/\/onderzoekschemicals.com\/da\/shop\/iboga-ibogaine\/iboga-capsules\/","title":{"rendered":"Iboga-kapsler"},"content":{"rendered":"<h2>K\u00f8b Iboga Kapsler<\/h2>\n<p>Iboga refererer til en psykoaktiv forbindelse udvundet fra planter, der indeholder ibogainalkaloidet. Alene i Gabon findes der adskillige planter, der indeholder dette alkaloid. Hovedkilden er dog Tabernanthe Iboga-planten. Disse planter vokser p\u00e5 junglebunden i fjerntliggende omr\u00e5der i det vestlige Centralafrika, herunder Cameroun, Republikken Congo<a href=\"https:\/\/legalerfuhrerschein.com\/\" target=\"_blank\" rel=\"noopener\">,<\/a> Angola, og selvf\u00f8lgelig Gabon, plantens fysiske og \u00e5ndelige hjem. K\u00f8b iboga kapsler<\/p>\n<p>Plantens rodbark indeholder de psykoaktive alkaloider. Ved at barbere denne rodbark fra roden f\u00e5r vi frisk, spiseklar, kraftfuld, \u00e6ldgammel og helbredende effekt. <a href=\"https:\/\/ibogainerehabilitation.com\/\" target=\"_blank\" rel=\"noopener\">iboga<\/a>Efter at have indtaget rodbarken oplever fors\u00f8gspersonerne en dr\u00f8mmelignende bevidsthedstilstand. I l\u00f8bet af rejsen kan man (eller m\u00e5ske ikke) st\u00f8de p\u00e5 eksistentielle opdagelser, krystalklare visioner, erindringer og utallige andre vidunderlige ting. S\u00e5som afh\u00e6ngighed, depression, hudsygdomme, kropsreduktion og spirituel opv\u00e5gning.<\/p>","protected":false},"excerpt":{"rendered":"<p>K\u00f8b Iboga-kapsler. Iboga refererer til en psykoaktiv forbindelse udvundet fra planter, der indeholder ibogainalkaloidet. Alene i Gabon,<\/p>","protected":false},"featured_media":26151,"comment_status":"closed","ping_status":"closed","template":"","meta":[],"product_brand":[],"product_cat":[908],"product_tag":[],"class_list":{"0":"post-26138","1":"product","2":"type-product","3":"status-publish","4":"has-post-thumbnail","6":"product_cat-iboga-ibogaine","8":"first","9":"instock","10":"taxable","11":"shipping-taxable","12":"purchasable","13":"product-type-variable"},"_links":{"self":[{"href":"https:\/\/onderzoekschemicals.com\/da\/wp-json\/wp\/v2\/product\/26138","targetHints":{"allow":["GET"]}}],"collection":[{"href":"https:\/\/onderzoekschemicals.com\/da\/wp-json\/wp\/v2\/product"}],"about":[{"href":"https:\/\/onderzoekschemicals.com\/da\/wp-json\/wp\/v2\/types\/product"}],"replies":[{"embeddable":true,"href":"https:\/\/onderzoekschemicals.com\/da\/wp-json\/wp\/v2\/comments?post=26138"}],"version-history":[{"count":1,"href":"https:\/\/onderzoekschemicals.com\/da\/wp-json\/wp\/v2\/product\/26138\/revisions"}],"predecessor-version":[{"id":26152,"href":"https:\/\/onderzoekschemicals.com\/da\/wp-json\/wp\/v2\/product\/26138\/revisions\/26152"}],"wp:featuredmedia":[{"embeddable":true,"href":"https:\/\/onderzoekschemicals.com\/da\/wp-json\/wp\/v2\/media\/26151"}],"wp:attachment":[{"href":"https:\/\/onderzoekschemicals.com\/da\/wp-json\/wp\/v2\/media?parent=26138"}],"wp:term":[{"taxonomy":"product_brand","embeddable":true,"href":"https:\/\/onderzoekschemicals.com\/da\/wp-json\/wp\/v2\/product_brand?post=26138"},{"taxonomy":"product_cat","embeddable":true,"href":"https:\/\/onderzoekschemicals.com\/da\/wp-json\/wp\/v2\/product_cat?post=26138"},{"taxonomy":"product_tag","embeddable":true,"href":"https:\/\/onderzoekschemicals.com\/da\/wp-json\/wp\/v2\/product_tag?post=26138"}],"curies":[{"name":"wp","href":"https:\/\/api.w.org\/{rel}","templated":true}]}}