{"id":24494,"date":"2025-10-20T17:41:49","date_gmt":"2025-10-20T17:41:49","guid":{"rendered":"https:\/\/onderzoekschemicals.com\/?post_type=product&#038;p=24494"},"modified":"2025-11-28T04:47:08","modified_gmt":"2025-11-28T04:47:08","slug":"5-mapb-2","status":"publish","type":"product","link":"https:\/\/onderzoekschemicals.com\/da\/shop\/b2b\/5-mapb-2\/","title":{"rendered":"5-MAPB 5 ml r\u00f8r"},"content":{"rendered":"<ul>\n<li>\n<h3 data-start=\"4017\" data-end=\"4038\"><strong data-start=\"4021\" data-end=\"4036\">Indledning<\/strong><\/h3>\n<p data-start=\"4039\" data-end=\"4448\"><strong data-start=\"4039\" data-end=\"4060\">5-MAPB 5 ml r\u00f8r<\/strong> indeholder en <strong data-start=\"4071\" data-end=\"4115\">pr\u00e6cist fremstillet laboratorieopl\u00f8sning<\/strong> ved <strong data-start=\"4120\" data-end=\"4166\">5-MAPB (5-(2-methylaminopropyl)benzofuran)<\/strong> - En <strong data-start=\"4173\" data-end=\"4202\">benzofuran forskningsstof<\/strong> som er strukturelt relateret til <strong data-start=\"4234\" data-end=\"4243\">6-APB<\/strong> og <strong data-start=\"4247\" data-end=\"4255\">MDMA<\/strong>. 5 kort<br data-start=\"4256\" data-end=\"4259\" \/>Indenfor <strong data-start=\"4266\" data-end=\"4307\">analytisk og neurokemisk forskning<\/strong> 5-MAPB bruges til studier af <strong data-start=\"4348\" data-end=\"4374\">monoamintransport\u00f8rer<\/strong>, <strong data-start=\"4376\" data-end=\"4402\">serotonerg aktivitet<\/strong> og <strong data-start=\"4406\" data-end=\"4445\">kromatografisk referenceanalyse<\/strong>.<\/p>\n<p data-start=\"4450\" data-end=\"4650\">Opl\u00f8sningen fremstilles med <strong data-start=\"4480\" data-end=\"4503\">\u2265 98% ren 5-MAPB<\/strong>, opl\u00f8st i en <strong data-start=\"4521\" data-end=\"4553\">forskningsklasse opl\u00f8sningsmiddel<\/strong>, og pakket i en <strong data-start=\"4573\" data-end=\"4607\">ravfarvet 5 ml glasr\u00f8r<\/strong> for at beskytte mod lys og oxidation.<\/p>\n<blockquote data-start=\"4652\" data-end=\"4798\">\n<p data-start=\"4654\" data-end=\"4798\">\u26a0\ufe0f <strong data-start=\"4657\" data-end=\"4668\">NB:<\/strong> Dette produkt er udelukkende beregnet til <strong data-start=\"4709\" data-end=\"4744\">forskning og analytisk brug<\/strong> \u2014 <strong data-start=\"4747\" data-end=\"4795\">ikke til konsum af mennesker eller dyr<\/strong>.<\/p>\n<\/blockquote>\n<hr data-start=\"4800\" data-end=\"4803\" \/>\n<h3 data-start=\"4805\" data-end=\"4836\"><strong data-start=\"4809\" data-end=\"4836\">N\u00f8glefunktioner<\/strong><\/h3>\n<div class=\"_tableContainer_1rjym_1\">\n<div class=\"group _tableWrapper_1rjym_13 flex w-fit flex-col-reverse\" tabindex=\"-1\">\n<table class=\"w-fit min-w-(--thread-content-width)\" data-start=\"4838\" data-end=\"5435\">\n<thead data-start=\"4838\" data-end=\"4864\">\n<tr data-start=\"4838\" data-end=\"4864\">\n<th data-start=\"4838\" data-end=\"4848\" data-col-size=\"sm\">Funktion<\/th>\n<th data-start=\"4848\" data-end=\"4864\" data-col-size=\"md\">Beskrivelse<\/th>\n<\/tr>\n<\/thead>\n<tbody data-start=\"4893\" data-end=\"5435\">\n<tr data-start=\"4893\" data-end=\"4951\">\n<td data-start=\"4893\" data-end=\"4914\" data-col-size=\"sm\"><strong data-start=\"4895\" data-end=\"4913\">Kemisk navn<\/strong><\/td>\n<td data-start=\"4914\" data-end=\"4951\" data-col-size=\"md\">5-(2-methylaminopropyl)benzofuran<\/td>\n<\/tr>\n<tr data-start=\"4952\" data-end=\"4987\">\n<td data-start=\"4952\" data-end=\"4977\" data-col-size=\"sm\"><strong data-start=\"4954\" data-end=\"4976\">Almindeligt navn<\/strong><\/td>\n<td data-start=\"4977\" data-end=\"4987\" data-col-size=\"md\">5-MAPB<\/td>\n<\/tr>\n<tr data-start=\"4988\" data-end=\"5024\">\n<td data-start=\"4988\" data-end=\"5012\" data-col-size=\"sm\"><strong data-start=\"4990\" data-end=\"5011\">Kemisk formel<\/strong><\/td>\n<td data-start=\"5012\" data-end=\"5024\" data-col-size=\"md\">C\u2081\u2082H\u2081\u2087NEJ<\/td>\n<\/tr>\n<tr data-start=\"5025\" data-end=\"5063\">\n<td data-start=\"5025\" data-end=\"5047\" data-col-size=\"sm\"><strong data-start=\"5027\" data-end=\"5046\">Molekylv\u00e6gt<\/strong><\/td>\n<td data-start=\"5047\" data-end=\"5063\" data-col-size=\"md\">191,27 g\/mol<\/td>\n<\/tr>\n<tr data-start=\"5064\" data-end=\"5125\">\n<td data-start=\"5064\" data-end=\"5075\" data-col-size=\"sm\"><strong data-start=\"5066\" data-end=\"5074\">Form<\/strong><\/td>\n<td data-start=\"5075\" data-end=\"5125\" data-col-size=\"md\">Flydende opl\u00f8sning (i testopl\u00f8sningsmiddel)<\/td>\n<\/tr>\n<tr data-start=\"5126\" data-end=\"5189\">\n<td data-start=\"5126\" data-end=\"5145\" data-col-size=\"sm\"><strong data-start=\"5128\" data-end=\"5144\">Koncentration<\/strong><\/td>\n<td data-start=\"5145\" data-end=\"5189\" data-col-size=\"md\">Laboratoriestandard (batchafh\u00e6ngig)<\/td>\n<\/tr>\n<tr data-start=\"5190\" data-end=\"5237\">\n<td data-start=\"5190\" data-end=\"5203\" data-col-size=\"sm\"><strong data-start=\"5192\" data-end=\"5202\">Bind<\/strong><\/td>\n<td data-start=\"5203\" data-end=\"5237\" data-col-size=\"md\">5 ml ravfarvet glasr\u00f8r<\/td>\n<\/tr>\n<tr data-start=\"5238\" data-end=\"5289\">\n<td data-start=\"5238\" data-end=\"5255\" data-col-size=\"sm\"><strong data-start=\"5240\" data-end=\"5254\">Renhed<\/strong><\/td>\n<td data-start=\"5255\" data-end=\"5289\" data-col-size=\"md\">\u2265 98% (testet ved HPLC og NMR)<\/td>\n<\/tr>\n<tr data-start=\"5290\" data-end=\"5369\">\n<td data-start=\"5290\" data-end=\"5304\" data-col-size=\"sm\"><strong data-start=\"5292\" data-end=\"5303\">Brug<\/strong><\/td>\n<td data-start=\"5304\" data-end=\"5369\" data-col-size=\"md\">Kun til analytisk, retsmedicinsk og neurokemisk forskning<\/td>\n<\/tr>\n<tr data-start=\"5370\" data-end=\"5435\">\n<td data-start=\"5370\" data-end=\"5387\" data-col-size=\"sm\"><strong data-start=\"5372\" data-end=\"5386\">Emballage<\/strong><\/td>\n<td data-start=\"5387\" data-end=\"5435\" data-col-size=\"md\">Ravfarvet glas med luftt\u00e6t forsegling<\/td>\n<\/tr>\n<\/tbody>\n<\/table>\n<\/div>\n<\/div>\n<hr data-start=\"5437\" data-end=\"5440\" \/>\n<h3 data-start=\"5442\" data-end=\"5459\"><strong data-start=\"5446\" data-end=\"5459\">Fordele<\/strong><\/h3>\n<ul data-start=\"5461\" data-end=\"5878\">\n<li data-start=\"5461\" data-end=\"5556\">\n<p data-start=\"5463\" data-end=\"5556\"><strong data-start=\"5463\" data-end=\"5482\">H\u00f8j renhed<\/strong> \u2013 Forbered med \u2265 98% ren 5-MAPB for at opn\u00e5 p\u00e5lidelige forskningsresultater.<\/p>\n<\/li>\n<li data-start=\"5557\" data-end=\"5636\">\n<p data-start=\"5559\" data-end=\"5636\"><strong data-start=\"5559\" data-end=\"5586\">Klar til brug l\u00f8sning<\/strong> \u2013 5 ml tube forenkler dosering og analyse.<\/p>\n<\/li>\n<li data-start=\"5637\" data-end=\"5708\">\n<p data-start=\"5639\" data-end=\"5708\"><strong data-start=\"5639\" data-end=\"5662\">Lysbestandigt glas<\/strong> \u2013 Beskytter forbindelsen mod forringelse. 5 mapb<\/p>\n<\/li>\n<li data-start=\"5709\" data-end=\"5799\">\n<p data-start=\"5711\" data-end=\"5799\"><strong data-start=\"5711\" data-end=\"5741\">Bredt forskningsm\u00e6ssigt anvendelig<\/strong> \u2013 Velegnet til GC\/MS-, LC-MS-, HPLC-, FTIR- og UV-analyse.<\/p>\n<\/li>\n<li data-start=\"5800\" data-end=\"5878\">\n<p data-start=\"5802\" data-end=\"5878\"><strong data-start=\"5802\" data-end=\"5825\">Batch-styret<\/strong> \u2013 Hver batch testes for koncentration og renhed.<\/p>\n<\/li>\n<\/ul>\n<hr data-start=\"5880\" data-end=\"5883\" \/>\n<h3 data-start=\"5885\" data-end=\"5937\"><strong data-start=\"5889\" data-end=\"5935\">Brug (kun til forskningsform\u00e5l)<\/strong><\/h3>\n<ol data-start=\"5939\" data-end=\"6330\">\n<li data-start=\"5939\" data-end=\"6033\">\n<p data-start=\"5942\" data-end=\"6033\"><strong data-start=\"5942\" data-end=\"5957\">H\u00e5ndtering:<\/strong> Brug handsker, sikkerhedsbriller og en laboratoriekittel; arbejd under et stinkskab.<\/p>\n<\/li>\n<li data-start=\"6034\" data-end=\"6096\">\n<p data-start=\"6037\" data-end=\"6096\"><strong data-start=\"6037\" data-end=\"6050\">M\u00e5linger:<\/strong> Brug pipetter til pr\u00e6cis dosering.<\/p>\n<\/li>\n<li data-start=\"6097\" data-end=\"6167\">\n<p data-start=\"6100\" data-end=\"6167\"><strong data-start=\"6100\" data-end=\"6111\">Opbevaring:<\/strong> Opbevares k\u00f8ligt (2-8 \u00b0C), t\u00f8rt og m\u00f8rkt; m\u00e5 ikke fryses.<\/p>\n<\/li>\n<li data-start=\"6168\" data-end=\"6263\">\n<p data-start=\"6171\" data-end=\"6263\"><strong data-start=\"6171\" data-end=\"6183\">Analyse:<\/strong> Velegnet til kromatografi, spektroskopi og retsmedicinsk referenceanalyse.<\/p>\n<\/li>\n<li data-start=\"6264\" data-end=\"6330\">\n<p data-start=\"6267\" data-end=\"6330\"><strong data-start=\"6267\" data-end=\"6284\">Dokumentation:<\/strong> Registrer batchnumre og analysecertifikater.<\/p>\n<\/li>\n<\/ol>\n<hr data-start=\"6332\" data-end=\"6335\" \/>\n<h3 data-start=\"6337\" data-end=\"6372\"><strong data-start=\"6341\" data-end=\"6370\">Ofte stillede sp\u00f8rgsm\u00e5l (FAQ)<\/strong><\/h3>\n<p data-start=\"6374\" data-end=\"6553\"><strong data-start=\"6374\" data-end=\"6395\">1. Hvad er 5-MAPB?<\/strong><br data-start=\"6395\" data-end=\"6398\" \/><strong data-start=\"6398\" data-end=\"6444\">5-MAPB (5-(2-methylaminopropyl)benzofuran)<\/strong> er en <strong data-start=\"6452\" data-end=\"6490\">syntetisk benzofuranforbindelse<\/strong> som bruges i analytisk og neurokemisk forskning.<\/p>\n<p data-start=\"6555\" data-end=\"6708\"><strong data-start=\"6555\" data-end=\"6598\">2. Hvad er der i 5-MAPB 5 ml-tuben?<\/strong><br data-start=\"6598\" data-end=\"6601\" \/>R\u00f8ret indeholder <strong data-start=\"6618\" data-end=\"6642\">5 ml 5-MAPB-opl\u00f8sning<\/strong> (\u2265 98% renhed), klar til brug i laboratorieanalyser.<\/p>\n<p data-start=\"6710\" data-end=\"6922\"><strong data-start=\"6710\" data-end=\"6750\">3. Er det lovligt at k\u00f8be 5-MAPB?<\/strong><br data-start=\"6750\" data-end=\"6753\" \/>De <strong data-start=\"6756\" data-end=\"6781\">lovligheden af 5-MAPB<\/strong> varierer fra land til land. I nogle lande er det reguleret under opiumloven; tjek altid lokale love f\u00f8r brug. <strong data-start=\"6903\" data-end=\"6919\">5-MAPB-k\u00f8b<\/strong>.<\/p>\n<\/li>\n<\/ul>","protected":false},"excerpt":{"rendered":"<h2><strong><span dir=\"auto\" style=\"vertical-align: inherit;\"><span dir=\"auto\" style=\"vertical-align: inherit;\">5-MAPB 5 ml r\u00f8r<\/span><\/span><\/strong><\/h2>","protected":false},"featured_media":29263,"comment_status":"closed","ping_status":"closed","template":"","meta":[],"product_brand":[],"product_cat":[555],"product_tag":[109,326],"class_list":{"0":"post-24494","1":"product","2":"type-product","3":"status-publish","4":"has-post-thumbnail","6":"product_cat-b2b","7":"product_tag-5-mapb","8":"product_tag-nl","10":"first","11":"instock","12":"taxable","13":"shipping-taxable","14":"purchasable","15":"product-type-variable"},"_links":{"self":[{"href":"https:\/\/onderzoekschemicals.com\/da\/wp-json\/wp\/v2\/product\/24494","targetHints":{"allow":["GET"]}}],"collection":[{"href":"https:\/\/onderzoekschemicals.com\/da\/wp-json\/wp\/v2\/product"}],"about":[{"href":"https:\/\/onderzoekschemicals.com\/da\/wp-json\/wp\/v2\/types\/product"}],"replies":[{"embeddable":true,"href":"https:\/\/onderzoekschemicals.com\/da\/wp-json\/wp\/v2\/comments?post=24494"}],"version-history":[{"count":5,"href":"https:\/\/onderzoekschemicals.com\/da\/wp-json\/wp\/v2\/product\/24494\/revisions"}],"predecessor-version":[{"id":27782,"href":"https:\/\/onderzoekschemicals.com\/da\/wp-json\/wp\/v2\/product\/24494\/revisions\/27782"}],"wp:featuredmedia":[{"embeddable":true,"href":"https:\/\/onderzoekschemicals.com\/da\/wp-json\/wp\/v2\/media\/29263"}],"wp:attachment":[{"href":"https:\/\/onderzoekschemicals.com\/da\/wp-json\/wp\/v2\/media?parent=24494"}],"wp:term":[{"taxonomy":"product_brand","embeddable":true,"href":"https:\/\/onderzoekschemicals.com\/da\/wp-json\/wp\/v2\/product_brand?post=24494"},{"taxonomy":"product_cat","embeddable":true,"href":"https:\/\/onderzoekschemicals.com\/da\/wp-json\/wp\/v2\/product_cat?post=24494"},{"taxonomy":"product_tag","embeddable":true,"href":"https:\/\/onderzoekschemicals.com\/da\/wp-json\/wp\/v2\/product_tag?post=24494"}],"curies":[{"name":"wp","href":"https:\/\/api.w.org\/{rel}","templated":true}]}}