{"id":24217,"date":"2025-04-13T17:41:17","date_gmt":"2025-04-13T17:41:17","guid":{"rendered":"https:\/\/onderzoekschemicals.com\/?post_type=product&#038;p=24217"},"modified":"2025-10-12T19:39:59","modified_gmt":"2025-10-12T19:39:59","slug":"2f-dck-hcl-zakje-1gr","status":"publish","type":"product","link":"https:\/\/onderzoekschemicals.com\/da\/shop\/b2b\/2f-dck-hcl-zakje-1gr\/","title":{"rendered":"2F-DCK HCl pose 1 g"},"content":{"rendered":"<h2 data-start=\"3631\" data-end=\"3657\"><strong data-start=\"3634\" data-end=\"3657\">Produktbeskrivelse<\/strong><\/h2>\n<p data-start=\"3659\" data-end=\"3993\"><strong data-start=\"3659\" data-end=\"3716\">2F-DCK HCl (2-fluordeskloroketaminhydrochlorid)<\/strong> er en <strong data-start=\"3724\" data-end=\"3762\">forskningsstof med h\u00f8j renhed<\/strong>, der tilh\u00f8rer <strong data-start=\"3780\" data-end=\"3809\">arylcyclohexylaminklasse<\/strong>, relateret til ketaminanaloger. 2f-dck hcl\u00a0<br data-start=\"3841\" data-end=\"3844\" \/>Denne forbindelse er beregnet til <strong data-start=\"3876\" data-end=\"3914\">analytisk og retsmedicinsk forskning<\/strong> og st\u00f8tter <strong data-start=\"3930\" data-end=\"3990\">strukturel analyse, validering og toksikologiske unders\u00f8gelser<\/strong>.<\/p>\n<p data-start=\"3995\" data-end=\"4126\">Hver <strong data-start=\"3999\" data-end=\"4019\">2F-DCK HCl pose<\/strong> indeholder <strong data-start=\"4026\" data-end=\"4060\">1 gram analytisk rent stof<\/strong>, omhyggeligt pakket for at sikre stabilitet og konsistens.<\/p>\n<p data-start=\"4128\" data-end=\"4264\">\u26a0\ufe0f <strong data-start=\"4131\" data-end=\"4142\">NB:<\/strong> Dette produkt er <strong data-start=\"4158\" data-end=\"4207\">kun beregnet til forskningsform\u00e5l<\/strong> og <strong data-start=\"4211\" data-end=\"4263\">ikke egnet til brug for mennesker eller dyr<\/strong>.<\/p>\n<hr data-start=\"4266\" data-end=\"4269\" \/>\n<h2 data-start=\"4271\" data-end=\"4301\"><strong data-start=\"4274\" data-end=\"4301\">N\u00f8glefunktioner<\/strong><\/h2>\n<ul data-start=\"4303\" data-end=\"4665\">\n<li data-start=\"4303\" data-end=\"4386\">\n<p data-start=\"4305\" data-end=\"4386\"><strong data-start=\"4305\" data-end=\"4325\">H\u00f8j renhed:<\/strong> Laboratoriekvalitet, egnet til analytisk forskning.<\/p>\n<\/li>\n<li data-start=\"4387\" data-end=\"4460\">\n<p data-start=\"4389\" data-end=\"4460\"><strong data-start=\"4389\" data-end=\"4411\">Stabil HCl-form:<\/strong> God opl\u00f8selighed og langtidsstabilitet.<\/p>\n<\/li>\n<li data-start=\"4461\" data-end=\"4517\">\n<p data-start=\"4463\" data-end=\"4517\"><strong data-start=\"4463\" data-end=\"4486\">N\u00f8jagtigt vejet:<\/strong> 1 gram pr. luftt\u00e6t pose.<\/p>\n<\/li>\n<li data-start=\"4518\" data-end=\"4584\">\n<p data-start=\"4520\" data-end=\"4584\"><strong data-start=\"4520\" data-end=\"4543\">Sikker emballage:<\/strong> Beskytter mod forurening og fugt.<\/p>\n<\/li>\n<li data-start=\"4585\" data-end=\"4665\">\n<p data-start=\"4587\" data-end=\"4665\"><strong data-start=\"4587\" data-end=\"4614\">I overensstemmelse med EU-reglerne:<\/strong> Fremstillet i henhold til europ\u00e6iske sikkerhedsstandarder.<\/p>\n<\/li>\n<\/ul>\n<hr data-start=\"4667\" data-end=\"4670\" \/>\n<h2 data-start=\"4672\" data-end=\"4703\"><strong data-start=\"4675\" data-end=\"4703\">Fordele for forskning<\/strong><\/h2>\n<ul data-start=\"4705\" data-end=\"4964\">\n<li data-start=\"4705\" data-end=\"4765\">\n<p data-start=\"4707\" data-end=\"4765\">Velegnet til <strong data-start=\"4721\" data-end=\"4762\">retsmedicinsk og toksikologisk forskning<\/strong>.<\/p>\n<\/li>\n<li data-start=\"4766\" data-end=\"4833\">\n<p data-start=\"4768\" data-end=\"4833\">St\u00f8tter <strong data-start=\"4780\" data-end=\"4804\">analytiske metoder<\/strong> s\u00e5som LC-MS, GC-MS og NMR.<\/p>\n<\/li>\n<li data-start=\"4834\" data-end=\"4907\">\n<p data-start=\"4836\" data-end=\"4907\">Tilbud <strong data-start=\"4842\" data-end=\"4876\">p\u00e5lidelige referencepr\u00f8ver<\/strong> til kvantitative analyser.<\/p>\n<\/li>\n<li data-start=\"4908\" data-end=\"4964\">\n<p data-start=\"4910\" data-end=\"4964\">S\u00f8rger for <strong data-start=\"4921\" data-end=\"4961\">reproducerbare forskningsresultater<\/strong>. 2f-dck hcl<\/p>\n<\/li>\n<\/ul>\n<hr data-start=\"4966\" data-end=\"4969\" \/>\n<h2 data-start=\"4971\" data-end=\"5005\"><strong data-start=\"4974\" data-end=\"5005\">Brug (forskningskontekst)<\/strong><\/h2>\n<ol data-start=\"5007\" data-end=\"5211\">\n<li data-start=\"5007\" data-end=\"5052\">\n<p data-start=\"5010\" data-end=\"5052\">M\u00e5 kun anvendes i akkrediterede laboratorier.<\/p>\n<\/li>\n<li data-start=\"5053\" data-end=\"5113\">\n<p data-start=\"5056\" data-end=\"5113\">Brug handsker, sikkerhedsbriller og en laboratoriekittel.<\/p>\n<\/li>\n<li data-start=\"5114\" data-end=\"5161\">\n<p data-start=\"5117\" data-end=\"5161\">Opbevares k\u00f8ligt, t\u00f8rt og m\u00f8rkt (under 25 \u00b0C).<\/p>\n<\/li>\n<li data-start=\"5162\" data-end=\"5211\">\n<p data-start=\"5165\" data-end=\"5211\">Bortskaf rester i overensstemmelse med lokale bestemmelser.<\/p>\n<\/li>\n<\/ol>\n<blockquote data-start=\"5213\" data-end=\"5303\">\n<p data-start=\"5215\" data-end=\"5303\"><strong data-start=\"5215\" data-end=\"5226\">NB:<\/strong> <em data-start=\"5227\" data-end=\"5249\">2F-DCK HCl pose 1 g<\/em> er <strong data-start=\"5253\" data-end=\"5302\">kun beregnet til forskningsform\u00e5l<\/strong>.<\/p>\n<\/blockquote>\n<hr data-start=\"5305\" data-end=\"5308\" \/>\n<h2 data-start=\"5310\" data-end=\"5344\"><strong data-start=\"5313\" data-end=\"5344\">Ofte stillede sp\u00f8rgsm\u00e5l (FAQ)<\/strong><\/h2>\n<p data-start=\"5346\" data-end=\"5496\"><strong data-start=\"5346\" data-end=\"5388\">1. Hvad bruges 2F-DCK HCl til?<\/strong><br data-start=\"5388\" data-end=\"5391\" \/>Dette stof bruges til <strong data-start=\"5421\" data-end=\"5459\">analytisk og retsmedicinsk forskning<\/strong> af arylcyclohexylaminforbindelser.<\/p>\n<p data-start=\"5498\" data-end=\"5593\"><strong data-start=\"5498\" data-end=\"5533\">2. Hvor meget er der i \u00e9n pose?<\/strong><br data-start=\"5533\" data-end=\"5536\" \/>Hver pose indeholder <strong data-start=\"5552\" data-end=\"5562\">1 gram<\/strong> analytisk ren 2F-DCK HCl.<\/p>\n<p data-start=\"5595\" data-end=\"5752\"><strong data-start=\"5595\" data-end=\"5642\">3. Kan jeg k\u00f8be 2F-DCK HCl som privatperson?<\/strong><br data-start=\"5642\" data-end=\"5645\" \/>Nej, dette produkt er kun tilg\u00e6ngeligt for <strong data-start=\"5690\" data-end=\"5724\">anerkendte forskningsinstitutioner<\/strong> med de korrekte tilladelser.<\/p>","protected":false},"excerpt":{"rendered":"<p>Productbeschrijving 2F-DCK HCl (2-Fluoro Deschloroketamine Hydrochloride) is een onderzoeksstof van hoge zuiverheid, behorend tot de arylcyclohexylamineklasse, verwant aan ketamine-analogen. 2f-dck<\/p>","protected":false},"featured_media":21296,"comment_status":"closed","ping_status":"closed","template":"","meta":[],"product_brand":[82],"product_cat":[555],"product_tag":[271,272,273,860,862,326,274],"class_list":{"0":"post-24217","1":"product","2":"type-product","3":"status-publish","4":"has-post-thumbnail","6":"product_brand-research-chemical","7":"product_cat-b2b","8":"product_tag-2f-dck","9":"product_tag-2f-dck-kopen","10":"product_tag-2f-dck-hcl","11":"product_tag-2f-dck-reddit","12":"product_tag-ketamine-kopen","13":"product_tag-nl","14":"product_tag-what-is-2f-dck","16":"first","17":"instock","18":"taxable","19":"shipping-taxable","20":"purchasable","21":"product-type-variable"},"_links":{"self":[{"href":"https:\/\/onderzoekschemicals.com\/da\/wp-json\/wp\/v2\/product\/24217","targetHints":{"allow":["GET"]}}],"collection":[{"href":"https:\/\/onderzoekschemicals.com\/da\/wp-json\/wp\/v2\/product"}],"about":[{"href":"https:\/\/onderzoekschemicals.com\/da\/wp-json\/wp\/v2\/types\/product"}],"replies":[{"embeddable":true,"href":"https:\/\/onderzoekschemicals.com\/da\/wp-json\/wp\/v2\/comments?post=24217"}],"version-history":[{"count":4,"href":"https:\/\/onderzoekschemicals.com\/da\/wp-json\/wp\/v2\/product\/24217\/revisions"}],"predecessor-version":[{"id":27826,"href":"https:\/\/onderzoekschemicals.com\/da\/wp-json\/wp\/v2\/product\/24217\/revisions\/27826"}],"wp:featuredmedia":[{"embeddable":true,"href":"https:\/\/onderzoekschemicals.com\/da\/wp-json\/wp\/v2\/media\/21296"}],"wp:attachment":[{"href":"https:\/\/onderzoekschemicals.com\/da\/wp-json\/wp\/v2\/media?parent=24217"}],"wp:term":[{"taxonomy":"product_brand","embeddable":true,"href":"https:\/\/onderzoekschemicals.com\/da\/wp-json\/wp\/v2\/product_brand?post=24217"},{"taxonomy":"product_cat","embeddable":true,"href":"https:\/\/onderzoekschemicals.com\/da\/wp-json\/wp\/v2\/product_cat?post=24217"},{"taxonomy":"product_tag","embeddable":true,"href":"https:\/\/onderzoekschemicals.com\/da\/wp-json\/wp\/v2\/product_tag?post=24217"}],"curies":[{"name":"wp","href":"https:\/\/api.w.org\/{rel}","templated":true}]}}