{"id":24188,"date":"2025-04-13T17:41:13","date_gmt":"2025-04-13T17:41:13","guid":{"rendered":"https:\/\/onderzoekschemicals.com\/?post_type=product&#038;p=24188"},"modified":"2025-10-12T20:39:18","modified_gmt":"2025-10-12T20:39:18","slug":"deschloroetizolam-5mg-box","status":"publish","type":"product","link":"https:\/\/onderzoekschemicals.com\/da\/shop\/b2b\/deschloroetizolam-5mg-box\/","title":{"rendered":"RC+ DeschloroEtizolam 5 mg \u00e6ske"},"content":{"rendered":"<h3 data-start=\"4306\" data-end=\"4325\"><strong data-start=\"4310\" data-end=\"4325\">Indledning<\/strong><\/h3>\n<p data-start=\"4326\" data-end=\"4829\">De <strong data-start=\"4329\" data-end=\"4362\">RC+ DeschloroEtizolam 5 mg \u00e6ske<\/strong> er en <strong data-start=\"4370\" data-end=\"4403\">forskningsforbindelse med h\u00f8j renhed<\/strong> fra den <strong data-start=\"4411\" data-end=\"4437\">thienodiazepin-familien<\/strong>, strukturelt besl\u00e6gtet med Etizolam, men uden kloratomet. Udviklet til <strong data-start=\"4517\" data-end=\"4570\">laboratorieforskning og analytiske anvendelser<\/strong>Dette produkt tilbyder ensartet kvalitet og stabilitet til avancerede neurofarmakologiske eksperimenter. Hver 5 mg tablet er pr\u00e6cist formuleret i henhold til moderne videnskabelige standarder, hvilket sikrer p\u00e5lidelige resultater i en r\u00e6kke forskellige forskningsmodeller.<\/p>\n<hr data-start=\"4831\" data-end=\"4834\" \/>\n<h3 data-start=\"4836\" data-end=\"4867\"><strong data-start=\"4840\" data-end=\"4867\">N\u00f8glefunktioner<\/strong><\/h3>\n<ul data-start=\"4868\" data-end=\"5516\">\n<li data-start=\"4868\" data-end=\"4996\">\n<p data-start=\"4870\" data-end=\"4996\"><strong data-start=\"4870\" data-end=\"4897\">Renhed og pr\u00e6cision:<\/strong> Hver tablet indeholder <strong data-start=\"4916\" data-end=\"4941\">5 mg deschloroetizolam<\/strong>, produceret efter de h\u00f8jeste analytiske standarder.<\/p>\n<\/li>\n<li data-start=\"4997\" data-end=\"5145\">\n<p data-start=\"4999\" data-end=\"5145\"><strong data-start=\"4999\" data-end=\"5025\">Laboratoriekvalitet:<\/strong> Kun til eksklusiv brug <strong data-start=\"5051\" data-end=\"5092\">forsknings- og analytiske form\u00e5l<\/strong>ikke egnet til brug for mennesker eller dyr.<\/p>\n<\/li>\n<li data-start=\"5146\" data-end=\"5264\">\n<p data-start=\"5148\" data-end=\"5264\"><strong data-start=\"5148\" data-end=\"5171\">Sikker emballage:<\/strong> Leveret i en <strong data-start=\"5188\" data-end=\"5224\">forseglet, fugtt\u00e6t kasse<\/strong> for at opretholde kemisk integritet.<\/p>\n<\/li>\n<li data-start=\"5265\" data-end=\"5391\">\n<p data-start=\"5267\" data-end=\"5391\"><strong data-start=\"5267\" data-end=\"5300\">Bekr\u00e6ftet \u00e6gthed:<\/strong> Tydelig m\u00e6rkning, batchnummer og laboratorieadvarsler for sporbarhed.<\/p>\n<\/li>\n<li data-start=\"5392\" data-end=\"5516\">\n<p data-start=\"5394\" data-end=\"5516\"><strong data-start=\"5394\" data-end=\"5422\">Konstant sammens\u00e6tning:<\/strong> Fremstillet under streng kvalitetskontrol for p\u00e5lidelig dosering og stabilitet.<\/p>\n<\/li>\n<\/ul>\n<hr data-start=\"5518\" data-end=\"5521\" \/>\n<h3 data-start=\"5523\" data-end=\"5540\"><strong data-start=\"5527\" data-end=\"5540\">Fordele<\/strong><\/h3>\n<ul data-start=\"5541\" data-end=\"5942\">\n<li data-start=\"5541\" data-end=\"5619\">\n<p data-start=\"5543\" data-end=\"5619\">Velegnet til <strong data-start=\"5557\" data-end=\"5583\">kontrollerede studier<\/strong> af GABAerge receptorinteraktioner.<\/p>\n<\/li>\n<li data-start=\"5620\" data-end=\"5690\">\n<p data-start=\"5622\" data-end=\"5690\">G\u00e6lder i <strong data-start=\"5636\" data-end=\"5677\">adf\u00e6rdsm\u00e6ssige, kognitive og neurokemiske<\/strong> forskning.<\/p>\n<\/li>\n<li data-start=\"5691\" data-end=\"5779\">\n<p data-start=\"5693\" data-end=\"5779\">Tilbyder en <strong data-start=\"5703\" data-end=\"5738\">stabil og forudsigelig profil<\/strong> til sammenlignende tests med Etizolam.<\/p>\n<\/li>\n<li data-start=\"5780\" data-end=\"5870\">\n<p data-start=\"5782\" data-end=\"5870\">St\u00f8tter <strong data-start=\"5794\" data-end=\"5832\">akademisk og analytisk forskning<\/strong> inden for neurovidenskab og farmakologi.<\/p>\n<\/li>\n<li data-start=\"5871\" data-end=\"5942\">\n<p data-start=\"5873\" data-end=\"5942\">S\u00f8rger for <strong data-start=\"5884\" data-end=\"5919\">p\u00e5lidelig reproducerbarhed<\/strong> mellem eksperimenter.<\/p>\n<\/li>\n<\/ul>\n<hr data-start=\"5944\" data-end=\"5947\" \/>\n<h3 data-start=\"5949\" data-end=\"5964\"><strong data-start=\"5953\" data-end=\"5964\">Brug<\/strong><\/h3>\n<p data-start=\"5965\" data-end=\"6389\">De <strong data-start=\"5968\" data-end=\"6001\">RC+ DeschloroEtizolam 5 mg \u00e6ske<\/strong> er udelukkende beregnet til <strong data-start=\"6030\" data-end=\"6054\">forskningsform\u00e5l<\/strong>Forskere b\u00f8r h\u00e5ndtere produktet med <strong data-start=\"6104\" data-end=\"6131\">beskyttelsesudstyr<\/strong> (handsker, sikkerhedsbriller, laboratoriekittel) og m\u00e5l med <strong data-start=\"6197\" data-end=\"6227\">kalibrerede instrumenter<\/strong>Gem til en <strong data-start=\"6243\" data-end=\"6277\">k\u00f8ligt, t\u00f8rt og m\u00f8rkt sted<\/strong>, helst under <strong data-start=\"6298\" data-end=\"6306\">25\u00b0C<\/strong>For at sikre stabilitet skal du undg\u00e5 uds\u00e6ttelse for sollys, fugt eller luft.<\/p>\n<hr data-start=\"6391\" data-end=\"6394\" \/>\n<h3 data-start=\"6396\" data-end=\"6425\"><strong data-start=\"6400\" data-end=\"6425\">Sikkerhedsoplysninger<\/strong><\/h3>\n<ul data-start=\"6426\" data-end=\"6625\">\n<li data-start=\"6426\" data-end=\"6466\">\n<p data-start=\"6428\" data-end=\"6466\">Kun til <strong data-start=\"6440\" data-end=\"6463\">laboratoriebrug<\/strong>.<\/p>\n<\/li>\n<li data-start=\"6467\" data-end=\"6507\">\n<p data-start=\"6469\" data-end=\"6507\"><strong data-start=\"6469\" data-end=\"6504\">Ikke til konsum<\/strong>.<\/p>\n<\/li>\n<li data-start=\"6508\" data-end=\"6567\">\n<p data-start=\"6510\" data-end=\"6567\">H\u00e5ndter i henhold til <strong data-start=\"6529\" data-end=\"6564\">lokale sikkerhedsforskrifter<\/strong>.<\/p>\n<\/li>\n<li data-start=\"6568\" data-end=\"6625\">\n<p data-start=\"6570\" data-end=\"6625\">Uden for r\u00e6kkevidde af <strong data-start=\"6588\" data-end=\"6615\">b\u00f8rn og uautoriserede personer<\/strong> at beholde.<\/p>\n<\/li>\n<\/ul>\n<hr data-start=\"6627\" data-end=\"6630\" \/>\n<h3 data-start=\"6632\" data-end=\"6665\"><strong data-start=\"6636\" data-end=\"6665\">Ofte stillede sp\u00f8rgsm\u00e5l (FAQ)<\/strong><\/h3>\n<p data-start=\"6667\" data-end=\"6871\"><strong data-start=\"6667\" data-end=\"6728\">1. Hvad bruges RC+ DeschloroEtizolam 5 mg \u00e6ske til?<\/strong><br data-start=\"6728\" data-end=\"6731\" \/>Det bruges til <strong data-start=\"6755\" data-end=\"6793\">forsknings- og analyseapplikationer<\/strong>, is\u00e6r i studiet af GABA-A-receptoraktivitet og adf\u00e6rdsfarmakologi.<\/p>\n<p data-start=\"6873\" data-end=\"7060\"><strong data-start=\"6873\" data-end=\"6927\">2. Er dette produkt egnet til menneskelig brug?<\/strong><br data-start=\"6927\" data-end=\"6930\" \/>Nej. Dette produkt er <strong data-start=\"6950\" data-end=\"7000\">kun beregnet til laboratorieforskning<\/strong> og <strong data-start=\"7004\" data-end=\"7059\">ikke godkendt til brug for mennesker eller dyr<\/strong>.<\/p>\n<p data-start=\"7062\" data-end=\"7233\"><strong data-start=\"7062\" data-end=\"7105\">3. Hvordan skal produktet opbevares?<\/strong><br data-start=\"7105\" data-end=\"7108\" \/>Spar p\u00e5 en <strong data-start=\"7122\" data-end=\"7156\">k\u00f8ligt, t\u00f8rt og m\u00f8rkt sted<\/strong>, beskyttet mod sollys og fugt, for at opretholde kemisk stabilitet.<\/p>\n<hr data-start=\"7235\" data-end=\"7238\" \/>\n<h3 data-start=\"7240\" data-end=\"7257\"><strong data-start=\"7244\" data-end=\"7257\">Konklusion<\/strong><\/h3>\n<p data-start=\"7258\" data-end=\"7591\">De <strong data-start=\"7261\" data-end=\"7294\">RC+ DeschloroEtizolam 5 mg \u00e6ske<\/strong> er en <strong data-start=\"7302\" data-end=\"7341\">p\u00e5lideligt valg for forskere<\/strong> Dem, der s\u00f8ger en ensartet og verificeret thienodiazepinforbindelse. Dens dokumenterede renhed, pr\u00e6cise formulering og professionelle emballage g\u00f8r dette produkt ideelt til <strong data-start=\"7530\" data-end=\"7590\">neurofarmakologisk og adf\u00e6rdsvidenskabelig forskning<\/strong>.<\/p>","protected":false},"excerpt":{"rendered":"<p>Introduktion RC+ DeschloroEtizolam 5mg Box er et forskningsstof med h\u00f8j renhed fra thienodiazepinfamilien, strukturelt besl\u00e6gtet med Etizolam, men uden<\/p>","protected":false},"featured_media":20766,"comment_status":"closed","ping_status":"closed","template":"","meta":[],"product_brand":[82],"product_cat":[555],"product_tag":[166,168,169,170,167,326],"class_list":{"0":"post-24188","1":"product","2":"type-product","3":"status-publish","4":"has-post-thumbnail","6":"product_brand-research-chemical","7":"product_cat-b2b","8":"product_tag-deschloroetizolam","9":"product_tag-deschloroetizolam-ervaring","10":"product_tag-deschloroetizolam-ervaringen","11":"product_tag-deschloroetizolam-half-life","12":"product_tag-deschloroetizolam-werking","13":"product_tag-nl","15":"first","16":"instock","17":"taxable","18":"shipping-taxable","19":"purchasable","20":"product-type-variable"},"_links":{"self":[{"href":"https:\/\/onderzoekschemicals.com\/da\/wp-json\/wp\/v2\/product\/24188","targetHints":{"allow":["GET"]}}],"collection":[{"href":"https:\/\/onderzoekschemicals.com\/da\/wp-json\/wp\/v2\/product"}],"about":[{"href":"https:\/\/onderzoekschemicals.com\/da\/wp-json\/wp\/v2\/types\/product"}],"replies":[{"embeddable":true,"href":"https:\/\/onderzoekschemicals.com\/da\/wp-json\/wp\/v2\/comments?post=24188"}],"version-history":[{"count":4,"href":"https:\/\/onderzoekschemicals.com\/da\/wp-json\/wp\/v2\/product\/24188\/revisions"}],"predecessor-version":[{"id":27842,"href":"https:\/\/onderzoekschemicals.com\/da\/wp-json\/wp\/v2\/product\/24188\/revisions\/27842"}],"wp:featuredmedia":[{"embeddable":true,"href":"https:\/\/onderzoekschemicals.com\/da\/wp-json\/wp\/v2\/media\/20766"}],"wp:attachment":[{"href":"https:\/\/onderzoekschemicals.com\/da\/wp-json\/wp\/v2\/media?parent=24188"}],"wp:term":[{"taxonomy":"product_brand","embeddable":true,"href":"https:\/\/onderzoekschemicals.com\/da\/wp-json\/wp\/v2\/product_brand?post=24188"},{"taxonomy":"product_cat","embeddable":true,"href":"https:\/\/onderzoekschemicals.com\/da\/wp-json\/wp\/v2\/product_cat?post=24188"},{"taxonomy":"product_tag","embeddable":true,"href":"https:\/\/onderzoekschemicals.com\/da\/wp-json\/wp\/v2\/product_tag?post=24188"}],"curies":[{"name":"wp","href":"https:\/\/api.w.org\/{rel}","templated":true}]}}