{"id":24175,"date":"2025-04-13T17:41:13","date_gmt":"2025-04-13T17:41:13","guid":{"rendered":"https:\/\/onderzoekschemicals.com\/?post_type=product&#038;p=24175"},"modified":"2025-10-12T20:08:27","modified_gmt":"2025-10-12T20:08:27","slug":"norflurazepam-werking","status":"publish","type":"product","link":"https:\/\/onderzoekschemicals.com\/da\/shop\/b2b\/norflurazepam-werking\/","title":{"rendered":"RC+ Norflurazepam 5 mg \u00e6ske"},"content":{"rendered":"<h2 data-start=\"3808\" data-end=\"3834\"><strong data-start=\"3811\" data-end=\"3834\">Produktbeskrivelse<\/strong><\/h2>\n<p data-start=\"3836\" data-end=\"4137\"><strong data-start=\"3836\" data-end=\"3865\">RC+ Norflurazepam 5 mg \u00e6ske<\/strong> indeholder <strong data-start=\"3872\" data-end=\"3901\">Norflurazepam med h\u00f8j renhed<\/strong>, En <strong data-start=\"3907\" data-end=\"3936\">benzodiazepinforbindelse<\/strong> som bruges i <strong data-start=\"3960\" data-end=\"4013\">retsmedicinsk, toksikologisk og analytisk forskning<\/strong>Norflurazepam-effekter<br data-start=\"4014\" data-end=\"4017\" \/>Hver \u00e6ske indeholder <strong data-start=\"4032\" data-end=\"4047\">5 mg pellets<\/strong>, omhyggeligt fremstillet til <strong data-start=\"4077\" data-end=\"4134\">n\u00f8jagtige og reproducerbare laboratorieresultater<\/strong>.<\/p>\n<p data-start=\"4139\" data-end=\"4296\">Som en del af <strong data-start=\"4160\" data-end=\"4183\">RC+ forskningsserie<\/strong> Dette produkt er produceret under streng kvalitetskontrol for at <strong data-start=\"4251\" data-end=\"4281\">renhed og konsistens<\/strong> at garantere.<\/p>\n<p data-start=\"4298\" data-end=\"4434\">\u26a0\ufe0f <strong data-start=\"4301\" data-end=\"4312\">NB:<\/strong> Dette produkt er <strong data-start=\"4328\" data-end=\"4377\">kun beregnet til forskningsform\u00e5l<\/strong> og <strong data-start=\"4381\" data-end=\"4433\">ikke egnet til brug for mennesker eller dyr<\/strong>.<\/p>\n<hr data-start=\"4436\" data-end=\"4439\" \/>\n<h2 data-start=\"4441\" data-end=\"4471\"><strong data-start=\"4444\" data-end=\"4471\">N\u00f8glefunktioner<\/strong><\/h2>\n<ul data-start=\"4473\" data-end=\"4866\">\n<li data-start=\"4473\" data-end=\"4557\">\n<p data-start=\"4475\" data-end=\"4557\"><strong data-start=\"4475\" data-end=\"4495\">H\u00f8j renhed:<\/strong> Laboratoriekvalitet, egnet til avanceret forskning.<\/p>\n<\/li>\n<li data-start=\"4558\" data-end=\"4636\">\n<p data-start=\"4560\" data-end=\"4636\"><strong data-start=\"4560\" data-end=\"4592\">Standardiseret dosering:<\/strong> 5 mg pr. pellet for n\u00f8jagtig analyse.<\/p>\n<\/li>\n<li data-start=\"4637\" data-end=\"4708\">\n<p data-start=\"4639\" data-end=\"4708\"><strong data-start=\"4639\" data-end=\"4660\">Kemisk stabil:<\/strong> Modstandsdygtig over for nedbrydning ved korrekt opbevaring.<\/p>\n<\/li>\n<li data-start=\"4709\" data-end=\"4780\">\n<p data-start=\"4711\" data-end=\"4780\"><strong data-start=\"4711\" data-end=\"4734\">Sikker emballage:<\/strong> Luftt\u00e6t og forseglet mod kontaminering.<\/p>\n<\/li>\n<li data-start=\"4781\" data-end=\"4866\">\n<p data-start=\"4783\" data-end=\"4866\"><strong data-start=\"4783\" data-end=\"4810\">I overensstemmelse med EU-reglerne:<\/strong> Fremstillet i henhold til europ\u00e6iske sikkerhedsretningslinjer.<\/p>\n<\/li>\n<\/ul>\n<hr data-start=\"4868\" data-end=\"4871\" \/>\n<h2 data-start=\"4873\" data-end=\"4907\"><strong data-start=\"4876\" data-end=\"4907\">Fordele for forskere<\/strong><\/h2>\n<ul data-start=\"4909\" data-end=\"5174\">\n<li data-start=\"4909\" data-end=\"4969\">\n<p data-start=\"4911\" data-end=\"4969\">Velegnet til <strong data-start=\"4925\" data-end=\"4966\">retsmedicinsk og toksikologisk forskning<\/strong>.<\/p>\n<\/li>\n<li data-start=\"4970\" data-end=\"5018\">\n<p data-start=\"4972\" data-end=\"5018\">St\u00f8tter <strong data-start=\"4984\" data-end=\"5015\">LC-MS, GC-MS og NMR-analyse<\/strong>.<\/p>\n<\/li>\n<li data-start=\"5019\" data-end=\"5101\">\n<p data-start=\"5021\" data-end=\"5101\">Hj\u00e6lper med <strong data-start=\"5031\" data-end=\"5078\">strukturelle og kvantitative sammenligninger<\/strong> af benzodiazepiner.<\/p>\n<\/li>\n<li data-start=\"5102\" data-end=\"5174\">\n<p data-start=\"5104\" data-end=\"5174\">Tilbud <strong data-start=\"5110\" data-end=\"5144\">p\u00e5lidelige referencepr\u00f8ver<\/strong> til laboratorietestning. Virkninger af norflurazepam<\/p>\n<\/li>\n<\/ul>\n<hr data-start=\"5176\" data-end=\"5179\" \/>\n<h2 data-start=\"5181\" data-end=\"5215\"><strong data-start=\"5184\" data-end=\"5215\">Brug (forskningskontekst)<\/strong><\/h2>\n<ol data-start=\"5217\" data-end=\"5425\">\n<li data-start=\"5217\" data-end=\"5262\">\n<p data-start=\"5220\" data-end=\"5262\">M\u00e5 kun anvendes i akkrediterede laboratorier.<\/p>\n<\/li>\n<li data-start=\"5263\" data-end=\"5314\">\n<p data-start=\"5266\" data-end=\"5314\">Brug handsker, sikkerhedsbriller og en laboratoriekittel.<\/p>\n<\/li>\n<li data-start=\"5315\" data-end=\"5362\">\n<p data-start=\"5318\" data-end=\"5362\">Opbevares k\u00f8ligt, t\u00f8rt og m\u00f8rkt (under 25 \u00b0C).<\/p>\n<\/li>\n<li data-start=\"5363\" data-end=\"5425\">\n<p data-start=\"5366\" data-end=\"5425\">Bortskaf rester i overensstemmelse med lokale sikkerhedsforskrifter.<\/p>\n<\/li>\n<\/ol>\n<blockquote data-start=\"5427\" data-end=\"5522\">\n<p data-start=\"5429\" data-end=\"5522\"><strong data-start=\"5429\" data-end=\"5440\">NB:<\/strong> <em data-start=\"5441\" data-end=\"5468\">RC+ Norflurazepam 5 mg \u00e6ske<\/em> er <strong data-start=\"5472\" data-end=\"5521\">kun beregnet til forskningsform\u00e5l<\/strong>.<\/p>\n<\/blockquote>\n<hr data-start=\"5524\" data-end=\"5527\" \/>\n<h2 data-start=\"5529\" data-end=\"5563\"><strong data-start=\"5532\" data-end=\"5563\">Ofte stillede sp\u00f8rgsm\u00e5l (FAQ)<\/strong><\/h2>\n<p data-start=\"5565\" data-end=\"5709\"><strong data-start=\"5565\" data-end=\"5614\">1. Hvad anvendes RC+ Norflurazepam til?<\/strong><br data-start=\"5614\" data-end=\"5617\" \/>Det bruges til <strong data-start=\"5641\" data-end=\"5679\">analytisk og retsmedicinsk forskning<\/strong> til benzodiazepinanaloger.<\/p>\n<p data-start=\"5711\" data-end=\"5815\"><strong data-start=\"5711\" data-end=\"5740\">2. Hvor meget indeholder \u00e9n \u00e6ske?<\/strong><br data-start=\"5740\" data-end=\"5743\" \/>Hver \u00e6ske indeholder <strong data-start=\"5758\" data-end=\"5773\">5 mg pellets<\/strong> med en standardiseret sammens\u00e6tning.<\/p>\n<p data-start=\"5817\" data-end=\"5953\"><strong data-start=\"5817\" data-end=\"5871\">3. Kan jeg k\u00f8be RC+ Norflurazepam som privatperson?<\/strong><br data-start=\"5871\" data-end=\"5874\" \/>Nej, dette produkt er kun tilg\u00e6ngeligt for <strong data-start=\"5918\" data-end=\"5952\">anerkendte forskningsinstitutioner<\/strong>.<\/p>","protected":false},"excerpt":{"rendered":"<p>Productbeschrijving RC+ Norflurazepam 5mg Box bevat hoogzuivere Norflurazepam, een benzodiazepine-verbinding die wordt gebruikt bij forensisch, toxicologisch en analytisch onderzoek. Norflurazepam<\/p>","protected":false},"featured_media":20939,"comment_status":"closed","ping_status":"closed","template":"","meta":[],"product_brand":[82],"product_cat":[555],"product_tag":[326,132,137,135,134,136,133],"class_list":{"0":"post-24175","1":"product","2":"type-product","3":"status-publish","4":"has-post-thumbnail","6":"product_brand-research-chemical","7":"product_cat-b2b","8":"product_tag-nl","9":"product_tag-norflurazepam","10":"product_tag-norflurazepam-dosering","11":"product_tag-norflurazepam-ervaring","12":"product_tag-norflurazepam-ervaringen","13":"product_tag-norflurazepam-psychonaut","14":"product_tag-norflurazepam-werking","16":"first","17":"instock","18":"taxable","19":"shipping-taxable","20":"purchasable","21":"product-type-variable"},"_links":{"self":[{"href":"https:\/\/onderzoekschemicals.com\/da\/wp-json\/wp\/v2\/product\/24175","targetHints":{"allow":["GET"]}}],"collection":[{"href":"https:\/\/onderzoekschemicals.com\/da\/wp-json\/wp\/v2\/product"}],"about":[{"href":"https:\/\/onderzoekschemicals.com\/da\/wp-json\/wp\/v2\/types\/product"}],"replies":[{"embeddable":true,"href":"https:\/\/onderzoekschemicals.com\/da\/wp-json\/wp\/v2\/comments?post=24175"}],"version-history":[{"count":4,"href":"https:\/\/onderzoekschemicals.com\/da\/wp-json\/wp\/v2\/product\/24175\/revisions"}],"predecessor-version":[{"id":27834,"href":"https:\/\/onderzoekschemicals.com\/da\/wp-json\/wp\/v2\/product\/24175\/revisions\/27834"}],"wp:featuredmedia":[{"embeddable":true,"href":"https:\/\/onderzoekschemicals.com\/da\/wp-json\/wp\/v2\/media\/20939"}],"wp:attachment":[{"href":"https:\/\/onderzoekschemicals.com\/da\/wp-json\/wp\/v2\/media?parent=24175"}],"wp:term":[{"taxonomy":"product_brand","embeddable":true,"href":"https:\/\/onderzoekschemicals.com\/da\/wp-json\/wp\/v2\/product_brand?post=24175"},{"taxonomy":"product_cat","embeddable":true,"href":"https:\/\/onderzoekschemicals.com\/da\/wp-json\/wp\/v2\/product_cat?post=24175"},{"taxonomy":"product_tag","embeddable":true,"href":"https:\/\/onderzoekschemicals.com\/da\/wp-json\/wp\/v2\/product_tag?post=24175"}],"curies":[{"name":"wp","href":"https:\/\/api.w.org\/{rel}","templated":true}]}}