{"id":24154,"date":"2025-04-13T17:41:09","date_gmt":"2025-04-13T17:41:09","guid":{"rendered":"https:\/\/onderzoekschemicals.com\/?post_type=product&#038;p=24154"},"modified":"2025-10-12T20:57:52","modified_gmt":"2025-10-12T20:57:52","slug":"green-mandala","status":"publish","type":"product","link":"https:\/\/onderzoekschemicals.com\/da\/shop\/b2b\/green-mandala\/","title":{"rendered":"Gr\u00f8n Mandala"},"content":{"rendered":"<h3 data-start=\"4598\" data-end=\"4617\"><strong data-start=\"4602\" data-end=\"4617\">Indledning<\/strong><\/h3>\n<p data-start=\"4618\" data-end=\"4961\">De <strong data-start=\"4621\" data-end=\"4638\">Gr\u00f8n Mandala<\/strong> symboliserer <strong data-start=\"4652\" data-end=\"4687\">fornyelse, heling og balance<\/strong>, og bringer krop, sind og sj\u00e6l i harmoni gennem den beroligende kraft af gr\u00f8nt. Mandalaer, der stammer fra oldtiden <strong data-start=\"4802\" data-end=\"4848\">Hinduistiske og buddhistiske traditioner<\/strong>, har v\u00e6ret brugt i \u00e5rhundreder som spirituelle v\u00e6rkt\u00f8jer til at centrere energi og genoprette balance. K\u00f8b 4 fma<\/p>\n<p data-start=\"4963\" data-end=\"5283\">Gr\u00f8n, naturens og livets farve, repr\u00e6senterer <strong data-start=\"5018\" data-end=\"5060\">v\u00e6kst, medf\u00f8lelse og f\u00f8lelsesm\u00e6ssig bedring<\/strong>Kombineret med mandalaens hellige geometri danner dette et st\u00e6rkt symbol p\u00e5 <strong data-start=\"5151\" data-end=\"5198\">indre fred, fornyelse og mindfulness<\/strong>De <strong data-start=\"5203\" data-end=\"5220\">Gr\u00f8n Mandala<\/strong> forvandler ethvert rum til et <strong data-start=\"5250\" data-end=\"5282\">oase af fred og ro<\/strong>.<\/p>\n<hr data-start=\"5285\" data-end=\"5288\" \/>\n<h3 data-start=\"5290\" data-end=\"5321\"><strong data-start=\"5294\" data-end=\"5321\">N\u00f8glefunktioner<\/strong><\/h3>\n<ul data-start=\"5322\" data-end=\"5849\">\n<li data-start=\"5322\" data-end=\"5424\">\n<p data-start=\"5324\" data-end=\"5424\"><strong data-start=\"5324\" data-end=\"5351\">Beroligende gr\u00f8n palette:<\/strong> Skabt med fyldige gr\u00f8nne toner, der fremmer ro, balance og heling.<\/p>\n<\/li>\n<li data-start=\"5425\" data-end=\"5551\">\n<p data-start=\"5427\" data-end=\"5551\"><strong data-start=\"5427\" data-end=\"5450\">Symbolsk design:<\/strong> Repr\u00e6senterer <strong data-start=\"5471\" data-end=\"5495\">Hjertechakra (Anahata)<\/strong> \u2013 centrum for k\u00e6rlighed, medf\u00f8lelse og forbundethed.<\/p>\n<\/li>\n<li data-start=\"5552\" data-end=\"5658\">\n<p data-start=\"5554\" data-end=\"5658\"><strong data-start=\"5554\" data-end=\"5573\">H\u00f8j kvalitet:<\/strong> Tilg\u00e6ngelig som <strong data-start=\"5591\" data-end=\"5623\">l\u00e6rred, plakat eller gobelin<\/strong> med livlige, langtidsholdbare farver.<\/p>\n<\/li>\n<li data-start=\"5659\" data-end=\"5761\">\n<p data-start=\"5661\" data-end=\"5761\"><strong data-start=\"5661\" data-end=\"5685\">Indviklet geometri:<\/strong> Baseret p\u00e5 traditionel mandala-kunst, symbol p\u00e5 enhed og harmoni.<\/p>\n<\/li>\n<li data-start=\"5762\" data-end=\"5849\">\n<p data-start=\"5764\" data-end=\"5849\"><strong data-start=\"5764\" data-end=\"5786\">Alsidigt design:<\/strong> Passer perfekt i begge <strong data-start=\"5809\" data-end=\"5846\">moderne og spirituelle interi\u00f8rer<\/strong>.<\/p>\n<\/li>\n<\/ul>\n<hr data-start=\"5851\" data-end=\"5854\" \/>\n<h3 data-start=\"5856\" data-end=\"5873\"><strong data-start=\"5860\" data-end=\"5873\">Fordele<\/strong><\/h3>\n<ul data-start=\"5874\" data-end=\"6332\">\n<li data-start=\"5874\" data-end=\"5993\">\n<p data-start=\"5876\" data-end=\"5993\"><strong data-start=\"5876\" data-end=\"5909\">Fremmer heling og balance:<\/strong> Gr\u00f8n hj\u00e6lper <strong data-start=\"5922\" data-end=\"5960\">at genoprette f\u00f8lelsesm\u00e6ssig balance<\/strong> og skabe indre fred.<\/p>\n<\/li>\n<li data-start=\"5994\" data-end=\"6073\">\n<p data-start=\"5996\" data-end=\"6073\"><strong data-start=\"5996\" data-end=\"6026\">Underst\u00f8tter hjertechakraet:<\/strong> Forst\u00e6rket <strong data-start=\"6037\" data-end=\"6070\">k\u00e6rlighed, empati og medf\u00f8lelse<\/strong>.<\/p>\n<\/li>\n<li data-start=\"6074\" data-end=\"6153\">\n<p data-start=\"6076\" data-end=\"6153\"><strong data-start=\"6076\" data-end=\"6103\">Stimulerer mindfulness:<\/strong> Ideel til <strong data-start=\"6116\" data-end=\"6150\">yoga, meditation eller afslapning<\/strong>.<\/p>\n<\/li>\n<li data-start=\"6154\" data-end=\"6243\">\n<p data-start=\"6156\" data-end=\"6243\"><strong data-start=\"6156\" data-end=\"6178\">Reducerer stress:<\/strong> De naturlige farver fremkalder en f\u00f8lelse af ro og fred.<\/p>\n<\/li>\n<li data-start=\"6244\" data-end=\"6332\">\n<p data-start=\"6246\" data-end=\"6332\"><strong data-start=\"6246\" data-end=\"6270\">Forbedret interi\u00f8r:<\/strong> Giver hvert rum en <strong data-start=\"6293\" data-end=\"6329\">roligt og stilfuldt udseende<\/strong>.<\/p>\n<\/li>\n<\/ul>\n<hr data-start=\"6334\" data-end=\"6337\" \/>\n<h3 data-start=\"6339\" data-end=\"6354\"><strong data-start=\"6343\" data-end=\"6354\">Brug<\/strong><\/h3>\n<ol data-start=\"6355\" data-end=\"6774\">\n<li data-start=\"6355\" data-end=\"6461\">\n<p data-start=\"6358\" data-end=\"6461\"><strong data-start=\"6358\" data-end=\"6380\">Som v\u00e6gdekoration:<\/strong> H\u00e6ng op <strong data-start=\"6389\" data-end=\"6406\">Gr\u00f8n Mandala<\/strong> i sovev\u00e6relser, yogastudier eller afslapningsomr\u00e5der.<\/p>\n<\/li>\n<li data-start=\"6462\" data-end=\"6581\">\n<p data-start=\"6465\" data-end=\"6581\"><strong data-start=\"6465\" data-end=\"6484\">Til meditation:<\/strong> Fokuser dit blik p\u00e5 midten af mandalaen og tr\u00e6k vejret dybt, mens du visualiserer gr\u00f8n energi.<\/p>\n<\/li>\n<li data-start=\"6582\" data-end=\"6679\">\n<p data-start=\"6585\" data-end=\"6679\"><strong data-start=\"6585\" data-end=\"6602\">Under yoga:<\/strong> Brug mandalaen som et fokuspunkt for at forbedre koncentration og jordforbindelse.<\/p>\n<\/li>\n<li data-start=\"6680\" data-end=\"6774\">\n<p data-start=\"6683\" data-end=\"6774\"><strong data-start=\"6683\" data-end=\"6698\">Som gave:<\/strong> En meningsfuld gave, der <strong data-start=\"6729\" data-end=\"6758\">k\u00e6rlighed, v\u00e6kst og harmoni<\/strong> symboliserer. K\u00f8b 4 fma<\/p>\n<\/li>\n<\/ol>\n<hr data-start=\"6776\" data-end=\"6779\" \/>\n<h3 data-start=\"6781\" data-end=\"6814\"><strong data-start=\"6785\" data-end=\"6814\">Ofte stillede sp\u00f8rgsm\u00e5l (FAQ)<\/strong><\/h3>\n<p data-start=\"6816\" data-end=\"6992\"><strong data-start=\"6816\" data-end=\"6857\">1. Hvad symboliserer den gr\u00f8nne mandala?<\/strong><br data-start=\"6857\" data-end=\"6860\" \/>De <strong data-start=\"6863\" data-end=\"6880\">Gr\u00f8n Mandala<\/strong> st\u00e5r for <strong data-start=\"6892\" data-end=\"6930\">helbredelse, medf\u00f8lelse, v\u00e6kst og balance<\/strong>, og hj\u00e6lper med at forst\u00e6rke naturens og hjertets energi.<\/p>\n<p data-start=\"6994\" data-end=\"7166\"><strong data-start=\"6994\" data-end=\"7053\">2. Kan den gr\u00f8nne mandala bruges til meditation?<\/strong><br data-start=\"7053\" data-end=\"7056\" \/>Ja, det er et st\u00e6rkt v\u00e6rkt\u00f8j til <strong data-start=\"7096\" data-end=\"7128\">mindfulness og chakrabalance<\/strong>, prim\u00e6rt fokuseret p\u00e5 <strong data-start=\"7151\" data-end=\"7165\">Hjertechakra<\/strong>.<\/p>\n<p data-start=\"7168\" data-end=\"7355\"><strong data-start=\"7168\" data-end=\"7228\">3. Er den gr\u00f8nne mandala egnet til indretning?<\/strong><br data-start=\"7228\" data-end=\"7231\" \/>Helt sikkert. De rolige gr\u00f8nne toner og symmetriske former g\u00f8r den ideel til <strong data-start=\"7310\" data-end=\"7354\">hjem, yogastudier og wellnesscentre<\/strong>.<\/p>\n<hr data-start=\"7357\" data-end=\"7360\" \/>\n<h3 data-start=\"7362\" data-end=\"7379\"><strong data-start=\"7366\" data-end=\"7379\">Konklusion<\/strong><\/h3>\n<p data-start=\"7380\" data-end=\"7678\">De <strong data-start=\"7383\" data-end=\"7400\">Gr\u00f8n Mandala<\/strong> er mere end et kunstv\u00e6rk \u2013 det er en <strong data-start=\"7440\" data-end=\"7489\">symbol p\u00e5 fred, k\u00e6rlighed og \u00e5ndelig v\u00e6kst<\/strong>Med sine naturlige gr\u00f8nne toner og hellige geometri bringer hun <strong data-start=\"7555\" data-end=\"7581\">fred, balance og heling<\/strong> i ethvert rum. Perfekt til alle, der <strong data-start=\"7624\" data-end=\"7651\">harmoni og mindfulness<\/strong> \u00f8nsker at bringe ind i sit liv.<\/p>\n<p><a href=\"https:\/\/onderzoekschemicals.com\/da\/shop\/lysergamides\/1cp-lsd-150-mcg\/\"><span dir=\"auto\" style=\"vertical-align: inherit;\"><span dir=\"auto\" style=\"vertical-align: inherit;\">1cP-LSD 150 MCG Kunstpapirkugler <\/span><\/span><\/a><a href=\"https:\/\/onderzoekschemicals.com\/da\/shop\/pellets\/o-dsmt-50mg-pellets\/\"><span dir=\"auto\" style=\"vertical-align: inherit;\"><span dir=\"auto\" style=\"vertical-align: inherit;\">O-DSMT 50 mg pellets <\/span><\/span><\/a><a href=\"https:\/\/onderzoekschemicals.com\/da\/shop\/lysergamides\/1v-lsd-150-mcg-blotters\/\"><span dir=\"auto\" style=\"vertical-align: inherit;\"><span dir=\"auto\" style=\"vertical-align: inherit;\">1V-LSD 150 MCG Blotters <\/span><\/span><\/a><a href=\"https:\/\/onderzoekschemicals.com\/da\/shop\/cathinonen\/2-cmc-kopen\/\"><span dir=\"auto\" style=\"vertical-align: inherit;\"><span dir=\"auto\" style=\"vertical-align: inherit;\">2-CMC 250 mg pellets <\/span><\/span><\/a><a href=\"https:\/\/onderzoekschemicals.com\/da\/shop\/fenethylamine\/2c-ef-2mg-capsules\/\"><span dir=\"auto\" style=\"vertical-align: inherit;\"><span dir=\"auto\" style=\"vertical-align: inherit;\">2C-EF 2 mg kapsler<\/span><\/span><\/a><\/p>","protected":false},"excerpt":{"rendered":"<p>Introductie De Green Mandala symboliseert vernieuwing, genezing en balans, en brengt lichaam, geest en ziel in harmonie door de rustgevende<\/p>","protected":false},"featured_media":20763,"comment_status":"closed","ping_status":"closed","template":"","meta":[],"product_brand":[],"product_cat":[555],"product_tag":[629,644,326],"class_list":{"0":"post-24154","1":"product","2":"type-product","3":"status-publish","4":"has-post-thumbnail","6":"product_cat-b2b","7":"product_tag-4-fma-kopen","8":"product_tag-4-fma","9":"product_tag-nl","11":"first","12":"instock","13":"taxable","14":"shipping-taxable","15":"purchasable","16":"product-type-variable"},"_links":{"self":[{"href":"https:\/\/onderzoekschemicals.com\/da\/wp-json\/wp\/v2\/product\/24154","targetHints":{"allow":["GET"]}}],"collection":[{"href":"https:\/\/onderzoekschemicals.com\/da\/wp-json\/wp\/v2\/product"}],"about":[{"href":"https:\/\/onderzoekschemicals.com\/da\/wp-json\/wp\/v2\/types\/product"}],"replies":[{"embeddable":true,"href":"https:\/\/onderzoekschemicals.com\/da\/wp-json\/wp\/v2\/comments?post=24154"}],"version-history":[{"count":4,"href":"https:\/\/onderzoekschemicals.com\/da\/wp-json\/wp\/v2\/product\/24154\/revisions"}],"predecessor-version":[{"id":27848,"href":"https:\/\/onderzoekschemicals.com\/da\/wp-json\/wp\/v2\/product\/24154\/revisions\/27848"}],"wp:featuredmedia":[{"embeddable":true,"href":"https:\/\/onderzoekschemicals.com\/da\/wp-json\/wp\/v2\/media\/20763"}],"wp:attachment":[{"href":"https:\/\/onderzoekschemicals.com\/da\/wp-json\/wp\/v2\/media?parent=24154"}],"wp:term":[{"taxonomy":"product_brand","embeddable":true,"href":"https:\/\/onderzoekschemicals.com\/da\/wp-json\/wp\/v2\/product_brand?post=24154"},{"taxonomy":"product_cat","embeddable":true,"href":"https:\/\/onderzoekschemicals.com\/da\/wp-json\/wp\/v2\/product_cat?post=24154"},{"taxonomy":"product_tag","embeddable":true,"href":"https:\/\/onderzoekschemicals.com\/da\/wp-json\/wp\/v2\/product_tag?post=24154"}],"curies":[{"name":"wp","href":"https:\/\/api.w.org\/{rel}","templated":true}]}}