{"id":24151,"date":"2025-04-13T17:41:09","date_gmt":"2025-04-13T17:41:09","guid":{"rendered":"https:\/\/onderzoekschemicals.com\/?post_type=product&#038;p=24151"},"modified":"2025-10-12T20:55:59","modified_gmt":"2025-10-12T20:55:59","slug":"blue-mandala","status":"publish","type":"product","link":"https:\/\/onderzoekschemicals.com\/da\/shop\/b2b\/blue-mandala\/","title":{"rendered":"Bl\u00e5 Mandala"},"content":{"rendered":"<h3 data-start=\"4391\" data-end=\"4410\"><strong data-start=\"4395\" data-end=\"4410\">Indledning<\/strong><\/h3>\n<p data-start=\"4411\" data-end=\"4810\">De <strong data-start=\"4414\" data-end=\"4430\">Bl\u00e5 Mandala<\/strong> er et smukt symbol p\u00e5 <strong data-start=\"4459\" data-end=\"4499\">fred, balance og \u00e5ndelig harmoni<\/strong>Mandalaer, der stammer fra gamle buddhistiske og hinduistiske traditioner, repr\u00e6senterer universet og livets enhed. De beroligende bl\u00e5 nuancer i denne mandala afspejler <strong data-start=\"4698\" data-end=\"4746\">havets dybde og himlens ro<\/strong>, som fremmer afslapning, bevidsthed og f\u00f8lelsesm\u00e6ssig bedring. K\u00f8b 4 fma<\/p>\n<p data-start=\"4812\" data-end=\"4972\">Uanset om du bruger den som v\u00e6gdekoration, et meditationsfokus eller i et yogarum, <strong data-start=\"4892\" data-end=\"4908\">Bl\u00e5 Mandala<\/strong> forvandler ethvert milj\u00f8 til en <strong data-start=\"4940\" data-end=\"4971\">oase af fred og klarhed<\/strong>.<\/p>\n<hr data-start=\"4974\" data-end=\"4977\" \/>\n<h3 data-start=\"4979\" data-end=\"5010\"><strong data-start=\"4983\" data-end=\"5010\">N\u00f8glefunktioner<\/strong><\/h3>\n<ul data-start=\"5011\" data-end=\"5579\">\n<li data-start=\"5011\" data-end=\"5120\">\n<p data-start=\"5013\" data-end=\"5120\"><strong data-start=\"5013\" data-end=\"5033\">Elegant design:<\/strong> Fint detaljerede geometriske m\u00f8nstre, der udstr\u00e5ler visuel balance og harmoni.<\/p>\n<\/li>\n<li data-start=\"5121\" data-end=\"5221\">\n<p data-start=\"5123\" data-end=\"5221\"><strong data-start=\"5123\" data-end=\"5149\">Beroligende bl\u00e5 palet:<\/strong> Forskellige nuancer af bl\u00e5 skaber en beroligende og meditativ atmosf\u00e6re.<\/p>\n<\/li>\n<li data-start=\"5222\" data-end=\"5330\">\n<p data-start=\"5224\" data-end=\"5330\"><strong data-start=\"5224\" data-end=\"5243\">H\u00f8j kvalitet:<\/strong> Tilg\u00e6ngelig p\u00e5 <strong data-start=\"5260\" data-end=\"5292\">l\u00e6rred, gobelin eller plakat<\/strong>, med livlige og holdbare farver.<\/p>\n<\/li>\n<li data-start=\"5331\" data-end=\"5469\">\n<p data-start=\"5333\" data-end=\"5469\"><strong data-start=\"5333\" data-end=\"5359\">Symbolsk betydning:<\/strong> Repr\u00e6senterer <strong data-start=\"5377\" data-end=\"5425\">fred, sandhed, klarhed og selvudfoldelse<\/strong>, forbundet med halschakraet (Vishuddha).<\/p>\n<\/li>\n<li data-start=\"5470\" data-end=\"5579\">\n<p data-start=\"5472\" data-end=\"5579\"><strong data-start=\"5472\" data-end=\"5495\">Alsidig brug:<\/strong> Perfekt til <strong data-start=\"5509\" data-end=\"5576\">boligindretning, yogastudier, meditationshj\u00f8rner eller terapirum<\/strong>. 4 fma k\u00f8b<\/p>\n<\/li>\n<\/ul>\n<hr data-start=\"5581\" data-end=\"5584\" \/>\n<h3 data-start=\"5586\" data-end=\"5603\"><strong data-start=\"5590\" data-end=\"5603\">Fordele<\/strong><\/h3>\n<ul data-start=\"5604\" data-end=\"6131\">\n<li data-start=\"5604\" data-end=\"5702\">\n<p data-start=\"5606\" data-end=\"5702\"><strong data-start=\"5606\" data-end=\"5632\">Fremmer afslapning:<\/strong> De bl\u00f8de bl\u00e5 toner hj\u00e6lper <strong data-start=\"5662\" data-end=\"5699\">at reducere stress og sp\u00e6ndinger<\/strong>.<\/p>\n<\/li>\n<li data-start=\"5703\" data-end=\"5809\">\n<p data-start=\"5705\" data-end=\"5809\"><strong data-start=\"5705\" data-end=\"5745\">\u00d8ger koncentration og klarhed:<\/strong> Ideel til meditation eller mindfulness for at berolige sindet.<\/p>\n<\/li>\n<li data-start=\"5810\" data-end=\"5913\">\n<p data-start=\"5812\" data-end=\"5913\"><strong data-start=\"5812\" data-end=\"5840\">Stimulerer kreativitet:<\/strong> Det symmetriske design fremmer <strong data-start=\"5878\" data-end=\"5910\">mental balance og inspiration<\/strong>.<\/p>\n<\/li>\n<li data-start=\"5914\" data-end=\"6006\">\n<p data-start=\"5916\" data-end=\"6006\"><strong data-start=\"5916\" data-end=\"5940\">Forsk\u00f8nner interi\u00f8ret:<\/strong> Giver hvert rum en <strong data-start=\"5963\" data-end=\"6003\">\u00e5ndelig og kunstnerisk fremtoning<\/strong>.<\/p>\n<\/li>\n<li data-start=\"6007\" data-end=\"6131\">\n<p data-start=\"6009\" data-end=\"6131\"><strong data-start=\"6009\" data-end=\"6046\">Underst\u00f8tter f\u00f8lelsesm\u00e6ssig balance:<\/strong> Forbundet med <strong data-start=\"6064\" data-end=\"6100\">ro, sandhed og kommunikation<\/strong>, som bringer indre fred.<\/p>\n<\/li>\n<\/ul>\n<hr data-start=\"6133\" data-end=\"6136\" \/>\n<h3 data-start=\"6138\" data-end=\"6153\"><strong data-start=\"6142\" data-end=\"6153\">Brug<\/strong><\/h3>\n<ol data-start=\"6154\" data-end=\"6601\">\n<li data-start=\"6154\" data-end=\"6270\">\n<p data-start=\"6157\" data-end=\"6270\"><strong data-start=\"6157\" data-end=\"6179\">Som v\u00e6gdekoration:<\/strong> H\u00e6ng den bl\u00e5 mandala i stuen, sovev\u00e6relset eller meditationshj\u00f8rnet for en rolig atmosf\u00e6re.<\/p>\n<\/li>\n<li data-start=\"6271\" data-end=\"6373\">\n<p data-start=\"6274\" data-end=\"6373\"><strong data-start=\"6274\" data-end=\"6293\">Til meditation:<\/strong> Fokuser dit blik p\u00e5 midten af mandalaen og tr\u00e6k vejret dybt for at berolige dig selv.<\/p>\n<\/li>\n<li data-start=\"6374\" data-end=\"6482\">\n<p data-start=\"6377\" data-end=\"6482\"><strong data-start=\"6377\" data-end=\"6394\">Under yoga:<\/strong> Brug mandalaen som et visuelt fokuspunkt for at forbedre koncentration og vejrtr\u00e6kning.<\/p>\n<\/li>\n<li data-start=\"6483\" data-end=\"6601\">\n<p data-start=\"6486\" data-end=\"6601\"><strong data-start=\"6486\" data-end=\"6501\">Som gave:<\/strong> En meningsfuld gave til alle, der leder efter <strong data-start=\"6562\" data-end=\"6598\">spirituel balance og afslapning<\/strong>.<\/p>\n<\/li>\n<\/ol>\n<hr data-start=\"6603\" data-end=\"6606\" \/>\n<h3 data-start=\"6608\" data-end=\"6641\"><strong data-start=\"6612\" data-end=\"6641\">Ofte stillede sp\u00f8rgsm\u00e5l (FAQ)<\/strong><\/h3>\n<p data-start=\"6643\" data-end=\"6808\"><strong data-start=\"6643\" data-end=\"6683\">1. Hvad symboliserer den bl\u00e5 mandala?<\/strong><br data-start=\"6683\" data-end=\"6686\" \/>Den bl\u00e5 mandala symboliserer <strong data-start=\"6715\" data-end=\"6757\">fred, harmoni og indre sandhed<\/strong>og underst\u00f8tter meditation og f\u00f8lelsesm\u00e6ssig balance.<\/p>\n<p data-start=\"6810\" data-end=\"6994\"><strong data-start=\"6810\" data-end=\"6876\">2. Kan den bl\u00e5 mandala bruges som indretningsdekoration?<\/strong><br data-start=\"6876\" data-end=\"6879\" \/>Ja, de beroligende bl\u00e5 nuancer er ideelle til <strong data-start=\"6925\" data-end=\"6961\">beroligende energi og sk\u00f8nhed<\/strong> at tilf\u00f8je til ethvert interi\u00f8r.<\/p>\n<p data-start=\"6996\" data-end=\"7173\"><strong data-start=\"6996\" data-end=\"7055\">3. I hvilke materialer f\u00e5s den Bl\u00e5 Mandala?<\/strong><br data-start=\"7055\" data-end=\"7058\" \/>Mandalaen er tilg\u00e6ngelig hos <strong data-start=\"7088\" data-end=\"7123\">l\u00e6rred, plakater eller gobeliner<\/strong>, afh\u00e6ngigt af den \u00f8nskede stil og anvendelse.<\/p>\n<hr data-start=\"7175\" data-end=\"7178\" \/>\n<h3 data-start=\"7180\" data-end=\"7197\"><strong data-start=\"7184\" data-end=\"7197\">Konklusion<\/strong><\/h3>\n<p data-start=\"7198\" data-end=\"7529\">De <strong data-start=\"7201\" data-end=\"7217\">Bl\u00e5 Mandala<\/strong> er mere end blot et dekorativt kunstv\u00e6rk \u2013 det er en <strong data-start=\"7274\" data-end=\"7325\">symbol p\u00e5 fred, visdom og indre balance<\/strong>Med sin harmoniske form og beroligende farveskema bringer den <strong data-start=\"7391\" data-end=\"7427\">fred, inspiration og mindfulness<\/strong> i ethvert rum. Perfekt til dem, der leder efter <strong data-start=\"7477\" data-end=\"7528\">\u00e5ndelig ro og \u00e6stetisk sk\u00f8nhed<\/strong>.<\/p>\n<p><a href=\"https:\/\/onderzoekschemicals.com\/da\/shop\/lysergamides\/1cp-lsd-150-mcg\/\"><span dir=\"auto\" style=\"vertical-align: inherit;\"><span dir=\"auto\" style=\"vertical-align: inherit;\">1cP-LSD 150 MCG Kunstpapirkugler <\/span><\/span><\/a><a href=\"https:\/\/onderzoekschemicals.com\/da\/shop\/pellets\/o-dsmt-50mg-pellets\/\"><span dir=\"auto\" style=\"vertical-align: inherit;\"><span dir=\"auto\" style=\"vertical-align: inherit;\">O-DSMT 50 mg pellets <\/span><\/span><\/a><a href=\"https:\/\/onderzoekschemicals.com\/da\/shop\/lysergamides\/1v-lsd-150-mcg-blotters\/\"><span dir=\"auto\" style=\"vertical-align: inherit;\"><span dir=\"auto\" style=\"vertical-align: inherit;\">1V-LSD 150 MCG Blotters <\/span><\/span><\/a><a href=\"https:\/\/onderzoekschemicals.com\/da\/shop\/cathinonen\/2-cmc-kopen\/\"><span dir=\"auto\" style=\"vertical-align: inherit;\"><span dir=\"auto\" style=\"vertical-align: inherit;\">2-CMC 250 mg pellets <\/span><\/span><\/a><a href=\"https:\/\/onderzoekschemicals.com\/da\/shop\/fenethylamine\/2c-ef-2mg-capsules\/\"><span dir=\"auto\" style=\"vertical-align: inherit;\"><span dir=\"auto\" style=\"vertical-align: inherit;\">2C-EF 2 mg kapsler<\/span><\/span><\/a><\/p>","protected":false},"excerpt":{"rendered":"<p>Introductie De Blue Mandala is een prachtig symbool van vrede, balans en spirituele harmonie. Mandala\u2019s, afkomstig uit oude boeddhistische en<\/p>","protected":false},"featured_media":20682,"comment_status":"closed","ping_status":"closed","template":"","meta":[],"product_brand":[],"product_cat":[555],"product_tag":[629,644,326],"class_list":{"0":"post-24151","1":"product","2":"type-product","3":"status-publish","4":"has-post-thumbnail","6":"product_cat-b2b","7":"product_tag-4-fma-kopen","8":"product_tag-4-fma","9":"product_tag-nl","11":"first","12":"instock","13":"taxable","14":"shipping-taxable","15":"purchasable","16":"product-type-variable"},"_links":{"self":[{"href":"https:\/\/onderzoekschemicals.com\/da\/wp-json\/wp\/v2\/product\/24151","targetHints":{"allow":["GET"]}}],"collection":[{"href":"https:\/\/onderzoekschemicals.com\/da\/wp-json\/wp\/v2\/product"}],"about":[{"href":"https:\/\/onderzoekschemicals.com\/da\/wp-json\/wp\/v2\/types\/product"}],"replies":[{"embeddable":true,"href":"https:\/\/onderzoekschemicals.com\/da\/wp-json\/wp\/v2\/comments?post=24151"}],"version-history":[{"count":4,"href":"https:\/\/onderzoekschemicals.com\/da\/wp-json\/wp\/v2\/product\/24151\/revisions"}],"predecessor-version":[{"id":27847,"href":"https:\/\/onderzoekschemicals.com\/da\/wp-json\/wp\/v2\/product\/24151\/revisions\/27847"}],"wp:featuredmedia":[{"embeddable":true,"href":"https:\/\/onderzoekschemicals.com\/da\/wp-json\/wp\/v2\/media\/20682"}],"wp:attachment":[{"href":"https:\/\/onderzoekschemicals.com\/da\/wp-json\/wp\/v2\/media?parent=24151"}],"wp:term":[{"taxonomy":"product_brand","embeddable":true,"href":"https:\/\/onderzoekschemicals.com\/da\/wp-json\/wp\/v2\/product_brand?post=24151"},{"taxonomy":"product_cat","embeddable":true,"href":"https:\/\/onderzoekschemicals.com\/da\/wp-json\/wp\/v2\/product_cat?post=24151"},{"taxonomy":"product_tag","embeddable":true,"href":"https:\/\/onderzoekschemicals.com\/da\/wp-json\/wp\/v2\/product_tag?post=24151"}],"curies":[{"name":"wp","href":"https:\/\/api.w.org\/{rel}","templated":true}]}}