{"id":24111,"date":"2025-04-13T17:41:04","date_gmt":"2025-04-13T17:41:04","guid":{"rendered":"https:\/\/onderzoekschemicals.com\/?post_type=product&#038;p=24111"},"modified":"2025-10-14T07:59:11","modified_gmt":"2025-10-14T07:59:11","slug":"2-fea-3-fea","status":"publish","type":"product","link":"https:\/\/onderzoekschemicals.com\/da\/shop\/b2b\/2-fea-3-fea\/","title":{"rendered":"RC+ Newphoria-blister"},"content":{"rendered":"<h3 data-start=\"5056\" data-end=\"5077\"><strong data-start=\"5060\" data-end=\"5075\">Indledning<\/strong><\/h3>\n<p data-start=\"5078\" data-end=\"5387\">De <strong data-start=\"5081\" data-end=\"5106\">RC+ Newphoria-blister<\/strong> er en h\u00f8j kvalitet <strong data-start=\"5127\" data-end=\"5152\">forskningsformulering<\/strong>, specielt udviklet til professionel laboratorie- og analytisk forskning. Hver blister indeholder <strong data-start=\"5251\" data-end=\"5288\">10 individuelt forseglede pellets<\/strong>, designet til <strong data-start=\"5305\" data-end=\"5384\">pr\u00e6cis dosering, ensartede resultater og kontamineringsfri h\u00e5ndtering<\/strong>. 2 fea 3 fea<\/p>\n<p data-start=\"5389\" data-end=\"5687\">Med en kontrolleret kombination af <strong data-start=\"5427\" data-end=\"5477\">2-FEA og 3-FEA (Fluorethamphetaminisomerer)<\/strong> er dette produkt ideelt til <strong data-start=\"5505\" data-end=\"5567\">farmakologisk, receptor- og analytisk kemisk forskning<\/strong>Blisterpakningen garanterer <strong data-start=\"5601\" data-end=\"5651\">stabilitet, sporbarhed og sikker opbevaring<\/strong> under laboratorieforhold.<\/p>\n<p data-start=\"5689\" data-end=\"5804\"><em data-start=\"5689\" data-end=\"5804\">(Dette produkt er kun til forskningsbrug. Ikke egnet til brug p\u00e5 mennesker eller dyr.)<\/em><\/p>\n<hr data-start=\"5806\" data-end=\"5809\" \/>\n<h3 data-start=\"5811\" data-end=\"5844\"><strong data-start=\"5815\" data-end=\"5842\">N\u00f8glefunktioner<\/strong><\/h3>\n<ul data-start=\"5845\" data-end=\"6426\">\n<li data-start=\"5845\" data-end=\"5952\">\n<p data-start=\"5847\" data-end=\"5952\"><strong data-start=\"5847\" data-end=\"5873\">2\/3-FEA-sammens\u00e6tning:<\/strong> Indeholder en kontrolleret blanding af 2-FEA og 3-FEA til sammenlignende forskning.<\/p>\n<\/li>\n<li data-start=\"5953\" data-end=\"6043\">\n<p data-start=\"5955\" data-end=\"6043\"><strong data-start=\"5955\" data-end=\"5982\">H\u00f8j renhed (\u226598%):<\/strong> Laboratoriekvalitet, bekr\u00e6ftet af leverand\u00f8ranalyse.<\/p>\n<\/li>\n<li data-start=\"6044\" data-end=\"6149\">\n<p data-start=\"6046\" data-end=\"6149\"><strong data-start=\"6046\" data-end=\"6084\">10 individuelt forseglede piller:<\/strong> Hver pellet er individuelt pakket for maksimal integritet.<\/p>\n<\/li>\n<li data-start=\"6150\" data-end=\"6238\">\n<p data-start=\"6152\" data-end=\"6238\"><strong data-start=\"6152\" data-end=\"6174\">Blisterpakning:<\/strong> Nem at h\u00e5ndtere og beskytter mod milj\u00f8m\u00e6ssige faktorer.<\/p>\n<\/li>\n<li data-start=\"6239\" data-end=\"6341\">\n<p data-start=\"6241\" data-end=\"6341\"><strong data-start=\"6241\" data-end=\"6273\">Sporbarhed af batch og parti:<\/strong> Hver pakke indeholder et unikt identifikationsnummer til dokumentationsform\u00e5l.<\/p>\n<\/li>\n<li data-start=\"6342\" data-end=\"6426\">\n<p data-start=\"6344\" data-end=\"6426\"><strong data-start=\"6344\" data-end=\"6375\">Konsekvent form og v\u00e6gt:<\/strong> Sikrer reproducerbare forskningsresultater.<\/p>\n<\/li>\n<\/ul>\n<hr data-start=\"6428\" data-end=\"6431\" \/>\n<h3 data-start=\"6433\" data-end=\"6481\"><strong data-start=\"6437\" data-end=\"6479\">Fordele (for laboratorieforskning)<\/strong><\/h3>\n<p data-start=\"6482\" data-end=\"6577\">\u2705 <strong data-start=\"6484\" data-end=\"6514\">Pr\u00e6cision og p\u00e5lidelighed<\/strong> \u2013 Hver pellet leverer en pr\u00e6cis dosis for at sikre ensartede data.<\/p>\n<p data-start=\"6579\" data-end=\"6668\">\u2705 <strong data-start=\"6581\" data-end=\"6606\">Forbedret sikkerhed<\/strong> \u2013 Individuel emballage forhindrer kontaminering og nedbrydning.<\/p>\n<p data-start=\"6670\" data-end=\"6764\">\u2705 <strong data-start=\"6672\" data-end=\"6698\">Hurtigere arbejdsprocesser<\/strong> \u2013 Klar til brug, ingen vejning eller yderligere forberedelse n\u00f8dvendig.<\/p>\n<p data-start=\"6766\" data-end=\"6851\">\u2705 <strong data-start=\"6768\" data-end=\"6790\">Lang holdbarhed<\/strong> \u2013 Beskyttende emballage opretholder renhed og stabilitet.<\/p>\n<p data-start=\"6853\" data-end=\"6959\">\u2705 <strong data-start=\"6855\" data-end=\"6882\">Simpel dokumentation<\/strong> \u2013 Batchkoder muligg\u00f8r nem sporbarhed og kvalitetskontrol.<\/p>\n<hr data-start=\"6961\" data-end=\"6964\" \/>\n<h3 data-start=\"6966\" data-end=\"7018\"><strong data-start=\"6970\" data-end=\"7016\">Brug (kun til forskningsform\u00e5l)<\/strong><\/h3>\n<blockquote data-start=\"7019\" data-end=\"7204\">\n<p data-start=\"7021\" data-end=\"7204\">\u26a0\ufe0f <strong data-start=\"7024\" data-end=\"7039\">Vigtig:<\/strong> RC+ Newphoria Blister er kun beregnet til videnskabelig og analytisk forskning. Brug altid personlige v\u00e6rnemidler, og f\u00f8lg laboratoriets sikkerhedsretningslinjer.<\/p>\n<\/blockquote>\n<ol data-start=\"7206\" data-end=\"7975\">\n<li data-start=\"7206\" data-end=\"7322\">\n<p data-start=\"7209\" data-end=\"7224\"><strong data-start=\"7209\" data-end=\"7222\">Inspektion<\/strong><\/p>\n<ul data-start=\"7228\" data-end=\"7322\">\n<li data-start=\"7228\" data-end=\"7276\">\n<p data-start=\"7230\" data-end=\"7276\">Kontroller emballagen og batchnummeret.<\/p>\n<\/li>\n<li data-start=\"7280\" data-end=\"7322\">\n<p data-start=\"7282\" data-end=\"7322\">S\u00f8rg for, at pellets er ubeskadigede.<\/p>\n<\/li>\n<\/ul>\n<\/li>\n<li data-start=\"7324\" data-end=\"7463\">\n<p data-start=\"7327\" data-end=\"7351\"><strong data-start=\"7327\" data-end=\"7349\">Fjernelse af piller<\/strong><\/p>\n<ul data-start=\"7355\" data-end=\"7463\">\n<li data-start=\"7355\" data-end=\"7428\">\n<p data-start=\"7357\" data-end=\"7428\">Klem forsigtigt en pellet ud af blisterpakningen med sterilt udstyr.<\/p>\n<\/li>\n<li data-start=\"7432\" data-end=\"7463\">\n<p data-start=\"7434\" data-end=\"7463\">Undg\u00e5 direkte hudkontakt.<\/p>\n<\/li>\n<\/ul>\n<\/li>\n<li data-start=\"7465\" data-end=\"7640\">\n<p data-start=\"7468\" data-end=\"7494\"><strong data-start=\"7468\" data-end=\"7492\">Pr\u00f8veforberedelse<\/strong><\/p>\n<ul data-start=\"7498\" data-end=\"7640\">\n<li data-start=\"7498\" data-end=\"7594\">\n<p data-start=\"7500\" data-end=\"7594\">Opl\u00f8s pelleten i et egnet opl\u00f8sningsmiddel (f.eks. ethanol, destilleret vand eller buffer).<\/p>\n<\/li>\n<li data-start=\"7598\" data-end=\"7640\">\n<p data-start=\"7600\" data-end=\"7640\">Bland forsigtigt, indtil det er helt opl\u00f8st.<\/p>\n<\/li>\n<\/ul>\n<\/li>\n<li data-start=\"7642\" data-end=\"7797\">\n<p data-start=\"7645\" data-end=\"7674\"><strong data-start=\"7645\" data-end=\"7672\">Brug i eksperimenter<\/strong><\/p>\n<ul data-start=\"7678\" data-end=\"7797\">\n<li data-start=\"7678\" data-end=\"7743\">\n<p data-start=\"7680\" data-end=\"7743\">Anvendelse i analytiske, receptor- eller farmakologiske studier.<\/p>\n<\/li>\n<li data-start=\"7747\" data-end=\"7797\">\n<p data-start=\"7749\" data-end=\"7797\">Registrer pellet-ID, koncentration og opl\u00f8sningsvolumen.<\/p>\n<\/li>\n<\/ul>\n<\/li>\n<li data-start=\"7799\" data-end=\"7975\">\n<p data-start=\"7802\" data-end=\"7829\"><strong data-start=\"7802\" data-end=\"7827\">Opbevaring og fjernelse<\/strong><\/p>\n<ul data-start=\"7833\" data-end=\"7975\">\n<li data-start=\"7833\" data-end=\"7908\">\n<p data-start=\"7835\" data-end=\"7908\">Opbevar ubrugte pellets i en <strong data-start=\"7869\" data-end=\"7896\">k\u00f8ligt, m\u00f8rkt og t\u00f8rt<\/strong> milj\u00f8.<\/p>\n<\/li>\n<li data-start=\"7912\" data-end=\"7975\">\n<p data-start=\"7914\" data-end=\"7975\">Bortskaf affald i henhold til kemikaliesikkerhedsforskrifterne. 2 fea 3 fea<\/p>\n<\/li>\n<\/ul>\n<\/li>\n<\/ol>\n<hr data-start=\"7977\" data-end=\"7980\" \/>\n<h3 data-start=\"7982\" data-end=\"8017\"><strong data-start=\"7986\" data-end=\"8015\">Ofte stillede sp\u00f8rgsm\u00e5l (FAQ)<\/strong><\/h3>\n<p data-start=\"8019\" data-end=\"8189\"><strong data-start=\"8019\" data-end=\"8058\">1. Hvad indeholder RC+ Newphoria Blister?<\/strong><br data-start=\"8058\" data-end=\"8061\" \/>Hver blister indeholder <strong data-start=\"8080\" data-end=\"8104\">10 forskningskugler<\/strong> med en kombination af <strong data-start=\"8128\" data-end=\"8146\">2-FEA og 3-FEA<\/strong>, kun til laboratorietestning.<\/p>\n<p data-start=\"8191\" data-end=\"8345\"><strong data-start=\"8191\" data-end=\"8239\">2. Hvad er forbindelsernes renhed?<\/strong><br data-start=\"8239\" data-end=\"8242\" \/>Leverand\u00f8ren garanterer en <strong data-start=\"8272\" data-end=\"8295\">renhed p\u00e5 \u226598%<\/strong>, hvilket sikrer p\u00e5lidelighed og konsistens.<\/p>\n<p data-start=\"8347\" data-end=\"8559\"><strong data-start=\"8347\" data-end=\"8431\">3. Kan RC+ Newphoria Blister anvendes til mennesker eller dyr?<\/strong><br data-start=\"8431\" data-end=\"8434\" \/>Nej \u2013 dette produkt er <strong data-start=\"8455\" data-end=\"8504\">kun beregnet til forskningsform\u00e5l<\/strong> og <strong data-start=\"8508\" data-end=\"8556\">ikke til konsum af mennesker eller dyr<\/strong>.<\/p>","protected":false},"excerpt":{"rendered":"<p><strong>CAS-nummer<\/strong>: 1780004-19-4<br \/>\n<strong>Formel<\/strong>: C11H16FN<br \/>\n<strong>Mol\u00e6r masse<\/strong>: 181,25 g\/mol<br \/>\n<strong>Renhed<\/strong>: \u226598%<\/p>","protected":false},"featured_media":21160,"comment_status":"closed","ping_status":"closed","template":"","meta":[],"product_brand":[82],"product_cat":[555],"product_tag":[757,755,753,756,326],"class_list":{"0":"post-24111","1":"product","2":"type-product","3":"status-publish","4":"has-post-thumbnail","6":"product_brand-research-chemical","7":"product_cat-b2b","8":"product_tag-2-3-fea-ervaringen","9":"product_tag-2-fea-3-fea","10":"product_tag-2-3-fea-pellets","11":"product_tag-2-3-fea","12":"product_tag-nl","14":"first","15":"instock","16":"taxable","17":"shipping-taxable","18":"purchasable","19":"product-type-variable"},"_links":{"self":[{"href":"https:\/\/onderzoekschemicals.com\/da\/wp-json\/wp\/v2\/product\/24111","targetHints":{"allow":["GET"]}}],"collection":[{"href":"https:\/\/onderzoekschemicals.com\/da\/wp-json\/wp\/v2\/product"}],"about":[{"href":"https:\/\/onderzoekschemicals.com\/da\/wp-json\/wp\/v2\/types\/product"}],"replies":[{"embeddable":true,"href":"https:\/\/onderzoekschemicals.com\/da\/wp-json\/wp\/v2\/comments?post=24111"}],"version-history":[{"count":4,"href":"https:\/\/onderzoekschemicals.com\/da\/wp-json\/wp\/v2\/product\/24111\/revisions"}],"predecessor-version":[{"id":27876,"href":"https:\/\/onderzoekschemicals.com\/da\/wp-json\/wp\/v2\/product\/24111\/revisions\/27876"}],"wp:featuredmedia":[{"embeddable":true,"href":"https:\/\/onderzoekschemicals.com\/da\/wp-json\/wp\/v2\/media\/21160"}],"wp:attachment":[{"href":"https:\/\/onderzoekschemicals.com\/da\/wp-json\/wp\/v2\/media?parent=24111"}],"wp:term":[{"taxonomy":"product_brand","embeddable":true,"href":"https:\/\/onderzoekschemicals.com\/da\/wp-json\/wp\/v2\/product_brand?post=24111"},{"taxonomy":"product_cat","embeddable":true,"href":"https:\/\/onderzoekschemicals.com\/da\/wp-json\/wp\/v2\/product_cat?post=24111"},{"taxonomy":"product_tag","embeddable":true,"href":"https:\/\/onderzoekschemicals.com\/da\/wp-json\/wp\/v2\/product_tag?post=24111"}],"curies":[{"name":"wp","href":"https:\/\/api.w.org\/{rel}","templated":true}]}}