{"id":24037,"date":"2025-04-13T17:40:56","date_gmt":"2025-04-13T17:40:56","guid":{"rendered":"https:\/\/onderzoekschemicals.com\/?post_type=product&#038;p=24037"},"modified":"2025-11-28T07:08:41","modified_gmt":"2025-11-28T07:08:41","slug":"mdphp-kopen-2","status":"publish","type":"product","link":"https:\/\/onderzoekschemicals.com\/da\/shop\/verboden\/mdphp-kopen-2\/","title":{"rendered":"MDPHP-pulver (fri base)"},"content":{"rendered":"<h3 data-start=\"5389\" data-end=\"5408\"><strong data-start=\"5393\" data-end=\"5408\">Indledning<\/strong><\/h3>\n<p data-start=\"5410\" data-end=\"5742\"><strong data-start=\"5410\" data-end=\"5437\">MDPHP-pulver (fribase)<\/strong> er en <strong data-start=\"5445\" data-end=\"5489\">forskningsmateriale i laboratoriekvalitet<\/strong>, designet til <strong data-start=\"5506\" data-end=\"5550\">videnskabelig og analytisk forskning<\/strong>.<br data-start=\"5551\" data-end=\"5554\" \/>Ogs\u00e5 kendt som <strong data-start=\"5569\" data-end=\"5618\">3\u2032,4\u2032-methylendioxy-\u03b1-pyrrolidinohexanophenon<\/strong>, MDPHP tilh\u00f8rer <strong data-start=\"5641\" data-end=\"5667\">pyrrolidinophenonklasse<\/strong> og bruges i <strong data-start=\"5690\" data-end=\"5739\">retsmedicinsk, kemisk og strukturel forskning<\/strong>K\u00f8b .mdphp<\/p>\n<p data-start=\"5744\" data-end=\"5951\">De <strong data-start=\"5747\" data-end=\"5764\">freebase-formular<\/strong> fra MDPHP-tilbud <strong data-start=\"5781\" data-end=\"5819\">optimal stabilitet og renhed<\/strong>hvilket g\u00f8r den ideel til <strong data-start=\"5849\" data-end=\"5907\">kromatografi, spektroskopi og kvantitativ analyse<\/strong> i kontrollerede laboratoriemilj\u00f8er.<\/p>\n<blockquote data-start=\"5953\" data-end=\"6097\">\n<p data-start=\"5955\" data-end=\"6097\">\u26a0\ufe0f <strong data-start=\"5958\" data-end=\"5969\">NB:<\/strong> Dette produkt er <strong data-start=\"5985\" data-end=\"6035\">kun beregnet til laboratorieforskning<\/strong> og <strong data-start=\"6039\" data-end=\"6096\">ikke egnet til menneskelig eller animalsk konsum<\/strong>.<\/p>\n<\/blockquote>\n<hr data-start=\"6099\" data-end=\"6102\" \/>\n<h3 data-start=\"6104\" data-end=\"6135\"><strong data-start=\"6108\" data-end=\"6135\">N\u00f8glefunktioner<\/strong><\/h3>\n<ul data-start=\"6137\" data-end=\"6650\">\n<li data-start=\"6137\" data-end=\"6228\">\n<p data-start=\"6139\" data-end=\"6228\"><strong data-start=\"6139\" data-end=\"6159\">H\u00f8j renhed:<\/strong> \u226599% analytisk kvalitet, testet i certificerede laboratorier. K\u00f8b mdphp<\/p>\n<\/li>\n<li data-start=\"6229\" data-end=\"6314\">\n<p data-start=\"6231\" data-end=\"6314\"><strong data-start=\"6231\" data-end=\"6249\">Freebase-formular:<\/strong> \u00d8get stabilitet og alsidige anvendelsesmuligheder.<\/p>\n<\/li>\n<li data-start=\"6315\" data-end=\"6395\">\n<p data-start=\"6317\" data-end=\"6395\"><strong data-start=\"6317\" data-end=\"6334\">Batchtestet:<\/strong> Hver batch blev kontrolleret for sammens\u00e6tning og konsistens.<\/p>\n<\/li>\n<li data-start=\"6396\" data-end=\"6480\">\n<p data-start=\"6398\" data-end=\"6480\"><strong data-start=\"6398\" data-end=\"6421\">Laboratoriestandarder:<\/strong> Produceret i henhold til <strong data-start=\"6443\" data-end=\"6477\">God laboratoriepraksis (GLP)<\/strong>.<\/p>\n<\/li>\n<li data-start=\"6481\" data-end=\"6573\">\n<p data-start=\"6483\" data-end=\"6573\"><strong data-start=\"6483\" data-end=\"6504\">Bredt anvendelig:<\/strong> Velegnet til spektroskopi, kromatografi og massespektrometri.<\/p>\n<\/li>\n<li data-start=\"6574\" data-end=\"6650\">\n<p data-start=\"6576\" data-end=\"6650\"><strong data-start=\"6576\" data-end=\"6599\">Sikker emballage:<\/strong> Forseglet, luftt\u00e6t og fugtt\u00e6t pakket.<\/p>\n<\/li>\n<\/ul>\n<hr data-start=\"6652\" data-end=\"6655\" \/>\n<h3 data-start=\"6657\" data-end=\"6674\"><strong data-start=\"6661\" data-end=\"6674\">Fordele<\/strong><\/h3>\n<ol data-start=\"6676\" data-end=\"7118\">\n<li data-start=\"6676\" data-end=\"6772\">\n<p data-start=\"6679\" data-end=\"6772\"><strong data-start=\"6679\" data-end=\"6716\">P\u00e5lidelige forskningsresultater:<\/strong> Konstant renhed garanterer reproducerbare data.<\/p>\n<\/li>\n<li data-start=\"6773\" data-end=\"6851\">\n<p data-start=\"6776\" data-end=\"6851\"><strong data-start=\"6776\" data-end=\"6802\">Kemisk stabilitet:<\/strong> Fribaseform forhindrer nedbrydning under opbevaring.<\/p>\n<\/li>\n<li data-start=\"6852\" data-end=\"6949\">\n<p data-start=\"6855\" data-end=\"6949\"><strong data-start=\"6855\" data-end=\"6878\">Alsidig brug:<\/strong> Velegnet til forskellige analytiske og retsmedicinske anvendelser.<\/p>\n<\/li>\n<li data-start=\"6950\" data-end=\"7038\">\n<p data-start=\"6953\" data-end=\"7038\"><strong data-start=\"6953\" data-end=\"6981\">Professionel kvalitet:<\/strong> Produceret under strenge laboratorieforhold.<\/p>\n<\/li>\n<li data-start=\"7039\" data-end=\"7118\">\n<p data-start=\"7042\" data-end=\"7118\"><strong data-start=\"7042\" data-end=\"7070\">Lang holdbarhed:<\/strong> Forbliver stabil og ren ved korrekt opbevaring.<\/p>\n<\/li>\n<\/ol>\n<hr data-start=\"7120\" data-end=\"7123\" \/>\n<h3 data-start=\"7125\" data-end=\"7164\"><strong data-start=\"7129\" data-end=\"7164\">Brug (kun til forskning)<\/strong><\/h3>\n<ol data-start=\"7166\" data-end=\"7537\">\n<li data-start=\"7166\" data-end=\"7257\">\n<p data-start=\"7169\" data-end=\"7257\"><strong data-start=\"7169\" data-end=\"7199\">B\u00e6r beskyttelsest\u00f8j<\/strong> s\u00e5som handsker, sikkerhedsbriller og laboratoriekittel.<\/p>\n<\/li>\n<li data-start=\"7258\" data-end=\"7326\">\n<p data-start=\"7261\" data-end=\"7326\"><strong data-start=\"7261\" data-end=\"7299\">Brug kalibrerede instrumenter<\/strong> til pr\u00e6cis vejning.<\/p>\n<\/li>\n<li data-start=\"7327\" data-end=\"7393\">\n<p data-start=\"7330\" data-end=\"7393\"><strong data-start=\"7330\" data-end=\"7363\">F\u00f8lg laboratorieprotokollen<\/strong> til din specifikke analyse.<\/p>\n<\/li>\n<li data-start=\"7394\" data-end=\"7467\">\n<p data-start=\"7397\" data-end=\"7467\"><strong data-start=\"7397\" data-end=\"7428\">Gem ubrugt materiale<\/strong> p\u00e5 et k\u00f8ligt, t\u00f8rt og m\u00f8rkt sted.<\/p>\n<\/li>\n<li data-start=\"7468\" data-end=\"7537\">\n<p data-start=\"7471\" data-end=\"7537\"><strong data-start=\"7471\" data-end=\"7491\">Fjern rester<\/strong> i overensstemmelse med g\u00e6ldende sikkerhedsretningslinjer.<\/p>\n<\/li>\n<\/ol>\n<blockquote data-start=\"7539\" data-end=\"7616\">\n<p data-start=\"7541\" data-end=\"7616\">\u2697\ufe0f <strong data-start=\"7544\" data-end=\"7616\">Kun til laboratorietest \u2013 ikke til konsum.<\/strong><\/p>\n<\/blockquote>\n<hr data-start=\"7618\" data-end=\"7621\" \/>\n<h3 data-start=\"7623\" data-end=\"7648\"><strong data-start=\"7627\" data-end=\"7648\">Opbevaringsinstruktioner<\/strong><\/h3>\n<ul data-start=\"7650\" data-end=\"7825\">\n<li data-start=\"7650\" data-end=\"7692\">\n<p data-start=\"7652\" data-end=\"7692\">Gem p\u00e5 <strong data-start=\"7663\" data-end=\"7672\">2\u20138\u00b0C<\/strong>, t\u00f8r og m\u00f8rk.<\/p>\n<\/li>\n<li data-start=\"7693\" data-end=\"7736\">\n<p data-start=\"7695\" data-end=\"7736\">Gem emballagen <strong data-start=\"7714\" data-end=\"7733\">godt lukket<\/strong>.<\/p>\n<\/li>\n<li data-start=\"7737\" data-end=\"7782\">\n<p data-start=\"7739\" data-end=\"7782\">Beskyt mod <strong data-start=\"7754\" data-end=\"7779\">lys, luft og fugt<\/strong>.<\/p>\n<\/li>\n<li data-start=\"7783\" data-end=\"7825\">\n<p data-start=\"7785\" data-end=\"7825\">Opbevares utilg\u00e6ngeligt for uautoriserede personer.<\/p>\n<\/li>\n<\/ul>\n<hr data-start=\"7827\" data-end=\"7830\" \/>\n<h3 data-start=\"7832\" data-end=\"7867\"><strong data-start=\"7836\" data-end=\"7867\">Ofte stillede sp\u00f8rgsm\u00e5l (FAQ)<\/strong><\/h3>\n<p data-start=\"7869\" data-end=\"8041\"><strong data-start=\"7869\" data-end=\"7924\">1. Hvad bruges MDPHP-pulver (Freebase) til?<\/strong><br data-start=\"7924\" data-end=\"7927\" \/>For <strong data-start=\"7932\" data-end=\"7976\">videnskabelig og analytisk forskning<\/strong>, s\u00e5som <strong data-start=\"7984\" data-end=\"8038\">retsmedicinske analyser og kemiske strukturstudier<\/strong>.<\/p>\n<p data-start=\"8043\" data-end=\"8226\"><strong data-start=\"8043\" data-end=\"8090\">2. Er dette produkt egnet til forbrug?<\/strong><br data-start=\"8090\" data-end=\"8093\" \/>Nej. MDPHP-pulver (Freebase) er <strong data-start=\"8125\" data-end=\"8175\">kun beregnet til laboratorieforskning<\/strong> og <strong data-start=\"8179\" data-end=\"8223\">ikke egnet til konsum<\/strong>.<\/p>\n<p data-start=\"8228\" data-end=\"8372\"><strong data-start=\"8228\" data-end=\"8276\">3. Hvad er den bedste m\u00e5de at opbevare dette produkt p\u00e5?<\/strong><br data-start=\"8276\" data-end=\"8279\" \/>Spar p\u00e5 en <strong data-start=\"8293\" data-end=\"8335\">et k\u00f8ligt, t\u00f8rt og m\u00f8rkt sted (2\u20138 \u00b0C)<\/strong> i en vellukket beholder.<\/p>\n<hr data-start=\"8374\" data-end=\"8377\" \/>\n<h3 data-start=\"8379\" data-end=\"8396\"><strong data-start=\"8383\" data-end=\"8396\">Konklusion<\/strong><\/h3>\n<p data-start=\"8398\" data-end=\"8643\"><strong data-start=\"8398\" data-end=\"8425\">MDPHP-pulver (fribase)<\/strong> tilbud <strong data-start=\"8432\" data-end=\"8493\">enest\u00e5ende renhed, stabilitet og p\u00e5lidelighed<\/strong> Til professionel laboratorieforskning. Perfekt til analytiske, retsmedicinske og strukturelle anvendelser i kontrollerede forskningsmilj\u00f8er.<\/p>\n<ul>\n<li><\/li>\n<\/ul>","protected":false},"excerpt":{"rendered":"<h2><strong>MDPHP-pulver (fri base)<\/strong><\/h2>\n<p>CAS-nr.: 776994-64-0<br \/>\nFormel: C17H23NO3 FRI BASE<br \/>\nMol\u00e6r masse: 289,375 g mol<br \/>\nRenhed: \u226598%<\/p>","protected":false},"featured_media":29364,"comment_status":"closed","ping_status":"closed","template":"","meta":[],"product_brand":[],"product_cat":[488],"product_tag":[560,559,581,326],"class_list":{"0":"post-24037","1":"product","2":"type-product","3":"status-publish","4":"has-post-thumbnail","6":"product_cat-verboden","7":"product_tag-mdphp-freebase-kopen","8":"product_tag-mdphp-kopen","9":"product_tag-mdphp-poeder","10":"product_tag-nl","12":"first","13":"instock","14":"taxable","15":"shipping-taxable","16":"purchasable","17":"product-type-variable"},"_links":{"self":[{"href":"https:\/\/onderzoekschemicals.com\/da\/wp-json\/wp\/v2\/product\/24037","targetHints":{"allow":["GET"]}}],"collection":[{"href":"https:\/\/onderzoekschemicals.com\/da\/wp-json\/wp\/v2\/product"}],"about":[{"href":"https:\/\/onderzoekschemicals.com\/da\/wp-json\/wp\/v2\/types\/product"}],"replies":[{"embeddable":true,"href":"https:\/\/onderzoekschemicals.com\/da\/wp-json\/wp\/v2\/comments?post=24037"}],"version-history":[{"count":5,"href":"https:\/\/onderzoekschemicals.com\/da\/wp-json\/wp\/v2\/product\/24037\/revisions"}],"predecessor-version":[{"id":27889,"href":"https:\/\/onderzoekschemicals.com\/da\/wp-json\/wp\/v2\/product\/24037\/revisions\/27889"}],"wp:featuredmedia":[{"embeddable":true,"href":"https:\/\/onderzoekschemicals.com\/da\/wp-json\/wp\/v2\/media\/29364"}],"wp:attachment":[{"href":"https:\/\/onderzoekschemicals.com\/da\/wp-json\/wp\/v2\/media?parent=24037"}],"wp:term":[{"taxonomy":"product_brand","embeddable":true,"href":"https:\/\/onderzoekschemicals.com\/da\/wp-json\/wp\/v2\/product_brand?post=24037"},{"taxonomy":"product_cat","embeddable":true,"href":"https:\/\/onderzoekschemicals.com\/da\/wp-json\/wp\/v2\/product_cat?post=24037"},{"taxonomy":"product_tag","embeddable":true,"href":"https:\/\/onderzoekschemicals.com\/da\/wp-json\/wp\/v2\/product_tag?post=24037"}],"curies":[{"name":"wp","href":"https:\/\/api.w.org\/{rel}","templated":true}]}}