{"id":23975,"date":"2025-04-13T17:40:48","date_gmt":"2025-04-13T17:40:48","guid":{"rendered":"https:\/\/onderzoekschemicals.com\/?post_type=product&#038;p=23975"},"modified":"2025-11-28T07:11:00","modified_gmt":"2025-11-28T07:11:00","slug":"2-mmc-pellets","status":"publish","type":"product","link":"https:\/\/onderzoekschemicals.com\/da\/butik\/kob-2-mmc\/2-mmc-pellets\/","title":{"rendered":"2-MMC 220 mg pellets"},"content":{"rendered":"<h3 data-start=\"558\" data-end=\"577\"><strong data-start=\"562\" data-end=\"577\">Indledning<\/strong><\/h3>\n<p data-start=\"579\" data-end=\"915\"><strong data-start=\"579\" data-end=\"602\">2-MMC 220 mg pellets<\/strong> er <strong data-start=\"608\" data-end=\"655\">forskningsstoffer af laboratoriekvalitet<\/strong>, designet til <strong data-start=\"672\" data-end=\"728\">videnskabelig, analytisk og retsmedicinsk forskning<\/strong>2 mmc-pellets<br data-start=\"729\" data-end=\"732\" \/>Hver pellet indeholder <strong data-start=\"750\" data-end=\"772\">220 milligram (mg)<\/strong> <strong data-start=\"773\" data-end=\"805\">2-methylmethcathinon (2-MMC)<\/strong> \u2013 en syntetisk forbindelse fra <strong data-start=\"843\" data-end=\"861\">katinonklasse<\/strong>, strukturelt besl\u00e6gtet med andre \u03b2-keto-amfetaminer.<\/p>\n<p data-start=\"917\" data-end=\"1172\">Produceret i henhold til <strong data-start=\"938\" data-end=\"972\">God laboratoriepraksis (GLP)<\/strong>-standarder, disse pellets leverer <strong data-start=\"1001\" data-end=\"1020\">\u226599% renhed<\/strong>, <strong data-start=\"1022\" data-end=\"1047\">kemisk stabilitet<\/strong> og <strong data-start=\"1051\" data-end=\"1073\">batchkonsistens<\/strong>.<br data-start=\"1074\" data-end=\"1077\" \/>De er ideelle til <strong data-start=\"1097\" data-end=\"1169\">analytisk kemi, strukturanalyser og retsmedicinske anvendelser<\/strong>.<\/p>\n<blockquote data-start=\"1174\" data-end=\"1318\">\n<p data-start=\"1176\" data-end=\"1318\">\u26a0\ufe0f <strong data-start=\"1179\" data-end=\"1190\">NB:<\/strong> Dette produkt er <strong data-start=\"1206\" data-end=\"1256\">kun beregnet til laboratorieforskning<\/strong> og <strong data-start=\"1260\" data-end=\"1317\">ikke egnet til menneskelig eller animalsk konsum<\/strong>.<\/p>\n<\/blockquote>\n<hr data-start=\"1320\" data-end=\"1323\" \/>\n<h3 data-start=\"1325\" data-end=\"1356\"><strong data-start=\"1329\" data-end=\"1356\">N\u00f8glefunktioner<\/strong><\/h3>\n<ul data-start=\"1358\" data-end=\"1960\">\n<li data-start=\"1358\" data-end=\"1470\">\n<p data-start=\"1360\" data-end=\"1470\"><strong data-start=\"1360\" data-end=\"1392\">H\u00f8j analytisk renhed:<\/strong> \u226599% renhed, testet ved kromatografiske og spektroskopiske metoder.<\/p>\n<\/li>\n<li data-start=\"1471\" data-end=\"1573\">\n<p data-start=\"1473\" data-end=\"1573\"><strong data-start=\"1473\" data-end=\"1493\">Pr\u00e6cis dosering:<\/strong> Hver pellet indeholder <strong data-start=\"1512\" data-end=\"1527\">220 mg 2-MMC<\/strong>, hvilket sikrer reproducerbare resultater.<\/p>\n<\/li>\n<li data-start=\"1574\" data-end=\"1668\">\n<p data-start=\"1576\" data-end=\"1668\"><strong data-start=\"1576\" data-end=\"1597\">Kemisk stabil:<\/strong> Designet til lang holdbarhed under rette opbevaringsforhold.<\/p>\n<\/li>\n<li data-start=\"1669\" data-end=\"1775\">\n<p data-start=\"1671\" data-end=\"1775\"><strong data-start=\"1671\" data-end=\"1705\">GLP-certificeret produktion:<\/strong> Fremstillet under strenge <strong data-start=\"1732\" data-end=\"1760\">God laboratoriepraksis<\/strong>-retningslinier.<\/p>\n<\/li>\n<li data-start=\"1776\" data-end=\"1865\">\n<p data-start=\"1778\" data-end=\"1865\"><strong data-start=\"1778\" data-end=\"1795\">Batchtestet:<\/strong> Hvert parti blev kontrolleret for identitet, struktur og sammens\u00e6tning.<\/p>\n<\/li>\n<li data-start=\"1866\" data-end=\"1960\">\n<p data-start=\"1868\" data-end=\"1960\"><strong data-start=\"1868\" data-end=\"1891\">Sikker emballage:<\/strong> Luftt\u00e6tte, fugtbestandige beholdere for optimal beskyttelse.<\/p>\n<\/li>\n<\/ul>\n<hr data-start=\"1962\" data-end=\"1965\" \/>\n<h3 data-start=\"1967\" data-end=\"1984\"><strong data-start=\"1971\" data-end=\"1984\">Fordele<\/strong><\/h3>\n<ol data-start=\"1986\" data-end=\"2434\">\n<li data-start=\"1986\" data-end=\"2088\">\n<p data-start=\"1989\" data-end=\"2088\"><strong data-start=\"1989\" data-end=\"2026\">P\u00e5lidelige forskningsresultater:<\/strong> H\u00f8j renhed sikrer ensartede og n\u00f8jagtige data.<\/p>\n<\/li>\n<li data-start=\"2089\" data-end=\"2164\">\n<p data-start=\"2092\" data-end=\"2164\"><strong data-start=\"2092\" data-end=\"2119\">Langsigtet stabilitet:<\/strong> Modstandsdygtig over for nedbrydning ved korrekt opbevaring.<\/p>\n<\/li>\n<li data-start=\"2165\" data-end=\"2255\">\n<p data-start=\"2168\" data-end=\"2255\"><strong data-start=\"2168\" data-end=\"2190\">Sikker h\u00e5ndtering:<\/strong> Pelletform minimerer risikoen for kontaminering under brug.<\/p>\n<\/li>\n<li data-start=\"2256\" data-end=\"2336\">\n<p data-start=\"2259\" data-end=\"2336\"><strong data-start=\"2259\" data-end=\"2283\">Enkel dosering:<\/strong> 220 mg pr. pellet for maksimal m\u00e5len\u00f8jagtighed.<\/p>\n<\/li>\n<li data-start=\"2337\" data-end=\"2434\">\n<p data-start=\"2340\" data-end=\"2434\"><strong data-start=\"2340\" data-end=\"2368\">Professionel kvalitet:<\/strong> Velegnet til <strong data-start=\"2383\" data-end=\"2431\">analytisk, kemisk og retsmedicinsk forskning<\/strong>.<\/p>\n<\/li>\n<\/ol>\n<hr data-start=\"2436\" data-end=\"2439\" \/>\n<h3 data-start=\"2441\" data-end=\"2480\"><strong data-start=\"2445\" data-end=\"2480\">Brug (kun til forskning)<\/strong><\/h3>\n<ol data-start=\"2482\" data-end=\"2853\">\n<li data-start=\"2482\" data-end=\"2568\">\n<p data-start=\"2485\" data-end=\"2568\"><strong data-start=\"2485\" data-end=\"2515\">B\u00e6r beskyttelsest\u00f8j<\/strong> s\u00e5som handsker, sikkerhedsbriller og en laboratoriekittel.<\/p>\n<\/li>\n<li data-start=\"2569\" data-end=\"2640\">\n<p data-start=\"2572\" data-end=\"2640\"><strong data-start=\"2572\" data-end=\"2614\">Brug kalibrerede m\u00e5leinstrumenter<\/strong> for pr\u00e6cise resultater.<\/p>\n<\/li>\n<li data-start=\"2641\" data-end=\"2706\">\n<p data-start=\"2644\" data-end=\"2706\"><strong data-start=\"2644\" data-end=\"2682\">Registrer batch- og pr\u00f8veoplysninger<\/strong> for sporbarhed.<\/p>\n<\/li>\n<li data-start=\"2707\" data-end=\"2774\">\n<p data-start=\"2710\" data-end=\"2774\"><strong data-start=\"2710\" data-end=\"2728\">K\u00f8r tests<\/strong> i et kontrolleret laboratoriemilj\u00f8.<\/p>\n<\/li>\n<li data-start=\"2775\" data-end=\"2853\">\n<p data-start=\"2778\" data-end=\"2853\"><strong data-start=\"2778\" data-end=\"2804\">Fjern affald<\/strong> i overensstemmelse med g\u00e6ldende sikkerheds- og milj\u00f8forskrifter.<\/p>\n<\/li>\n<\/ol>\n<blockquote data-start=\"2855\" data-end=\"2972\">\n<p data-start=\"2857\" data-end=\"2972\">\u2697\ufe0f <strong data-start=\"2860\" data-end=\"2972\">Kun til videnskabelig og analytisk forskning \u2013 ikke til konsum af mennesker eller dyr.<\/strong><\/p>\n<\/blockquote>\n<hr data-start=\"2974\" data-end=\"2977\" \/>\n<h3 data-start=\"2979\" data-end=\"3004\"><strong data-start=\"2983\" data-end=\"3004\">Opbevaringsinstruktioner<\/strong><\/h3>\n<ul data-start=\"3006\" data-end=\"3234\">\n<li data-start=\"3006\" data-end=\"3074\">\n<p data-start=\"3008\" data-end=\"3074\">Gem p\u00e5 <strong data-start=\"3019\" data-end=\"3028\">2\u20138\u00b0C<\/strong>, p\u00e5 en <strong data-start=\"3037\" data-end=\"3071\">k\u00f8ligt, t\u00f8rt og m\u00f8rkt sted<\/strong>.<\/p>\n<\/li>\n<li data-start=\"3075\" data-end=\"3144\">\n<p data-start=\"3077\" data-end=\"3144\">Opbevar beholderen <strong data-start=\"3095\" data-end=\"3114\">godt lukket<\/strong> for at forhindre kontaminering.<\/p>\n<\/li>\n<li data-start=\"3145\" data-end=\"3191\">\n<p data-start=\"3147\" data-end=\"3191\">Beskyt mod <strong data-start=\"3162\" data-end=\"3188\">lys, varme og fugt<\/strong>.<\/p>\n<\/li>\n<li data-start=\"3192\" data-end=\"3234\">\n<p data-start=\"3194\" data-end=\"3234\">Opbevares utilg\u00e6ngeligt for uautoriserede personer.<\/p>\n<\/li>\n<\/ul>\n<hr data-start=\"3236\" data-end=\"3239\" \/>\n<h3 data-start=\"3241\" data-end=\"3276\"><strong data-start=\"3245\" data-end=\"3276\">Ofte stillede sp\u00f8rgsm\u00e5l (FAQ)<\/strong><\/h3>\n<p data-start=\"3278\" data-end=\"3478\"><strong data-start=\"3278\" data-end=\"3321\">1. Hvad bruges 2-MMC 220 mg til?<\/strong><br data-start=\"3321\" data-end=\"3324\" \/>2-MMC 220 mg pellets bruges til <strong data-start=\"3365\" data-end=\"3403\">analytisk og retsmedicinsk forskning<\/strong>, prim\u00e6rt fokuseret p\u00e5 <strong data-start=\"3423\" data-end=\"3475\">Cathinonderivater og kemiske strukturstudier<\/strong>2 mmc-pellets<\/p>\n<p data-start=\"3480\" data-end=\"3674\"><strong data-start=\"3480\" data-end=\"3532\">2. Er 2-MMC egnet til konsum?<\/strong><br data-start=\"3532\" data-end=\"3535\" \/>Ingen. <strong data-start=\"3540\" data-end=\"3563\">2-MMC 220 mg pellets<\/strong> er <strong data-start=\"3569\" data-end=\"3619\">kun beregnet til laboratorieforskning<\/strong> og <strong data-start=\"3623\" data-end=\"3671\">ikke til konsum af mennesker eller dyr<\/strong>.<\/p>\n<p data-start=\"3676\" data-end=\"3859\"><strong data-start=\"3676\" data-end=\"3709\">3. Hvordan skal jeg opbevare 2-MMC?<\/strong><br data-start=\"3709\" data-end=\"3712\" \/>Gem p\u00e5 <strong data-start=\"3723\" data-end=\"3732\">2\u20138\u00b0C<\/strong>, p\u00e5 en <strong data-start=\"3741\" data-end=\"3775\">k\u00f8ligt, t\u00f8rt og m\u00f8rkt sted<\/strong>i den originale luftt\u00e6tte beholder for at bevare renhed og stabilitet.<\/p>\n<hr data-start=\"3861\" data-end=\"3864\" \/>\n<h3 data-start=\"3866\" data-end=\"3898\"><strong data-start=\"3870\" data-end=\"3898\">Tekniske specifikationer<\/strong><\/h3>\n<div class=\"_tableContainer_1rjym_1\">\n<div class=\"group _tableWrapper_1rjym_13 flex w-fit flex-col-reverse\" tabindex=\"-1\">\n<table class=\"w-fit min-w-(--thread-content-width)\" data-start=\"3900\" data-end=\"4436\">\n<thead data-start=\"3900\" data-end=\"3932\">\n<tr data-start=\"3900\" data-end=\"3932\">\n<th data-start=\"3900\" data-end=\"3917\" data-col-size=\"sm\"><strong data-start=\"3902\" data-end=\"3916\">Karakteristisk<\/strong><\/th>\n<th data-start=\"3917\" data-end=\"3932\" data-col-size=\"sm\"><strong data-start=\"3919\" data-end=\"3930\">Detaljer<\/strong><\/th>\n<\/tr>\n<\/thead>\n<tbody data-start=\"3967\" data-end=\"4436\">\n<tr data-start=\"3967\" data-end=\"4008\">\n<td data-start=\"3967\" data-end=\"3985\" data-col-size=\"sm\"><strong data-start=\"3969\" data-end=\"3984\">Produktnavn<\/strong><\/td>\n<td data-start=\"3985\" data-end=\"4008\" data-col-size=\"sm\">2-MMC 220 mg pellets<\/td>\n<\/tr>\n<tr data-start=\"4009\" data-end=\"4054\">\n<td data-start=\"4009\" data-end=\"4030\" data-col-size=\"sm\"><strong data-start=\"4011\" data-end=\"4029\">Kemisk navn<\/strong><\/td>\n<td data-start=\"4030\" data-end=\"4054\" data-col-size=\"sm\">2-methylmethcathinon<\/td>\n<\/tr>\n<tr data-start=\"4055\" data-end=\"4091\">\n<td data-start=\"4055\" data-end=\"4079\" data-col-size=\"sm\"><strong data-start=\"4057\" data-end=\"4078\">Kemisk formel<\/strong><\/td>\n<td data-start=\"4079\" data-end=\"4091\" data-col-size=\"sm\">C11H15NO<\/td>\n<\/tr>\n<tr data-start=\"4092\" data-end=\"4130\">\n<td data-start=\"4092\" data-end=\"4114\" data-col-size=\"sm\"><strong data-start=\"4094\" data-end=\"4113\">Molekylv\u00e6gt<\/strong><\/td>\n<td data-start=\"4114\" data-end=\"4130\" data-col-size=\"sm\">177,24 g\/mol<\/td>\n<\/tr>\n<tr data-start=\"4131\" data-end=\"4166\">\n<td data-start=\"4131\" data-end=\"4157\" data-col-size=\"sm\"><strong data-start=\"4133\" data-end=\"4156\">Dosering pr. pille<\/strong><\/td>\n<td data-start=\"4157\" data-end=\"4166\" data-col-size=\"sm\">220 mg<\/td>\n<\/tr>\n<tr data-start=\"4167\" data-end=\"4216\">\n<td data-start=\"4167\" data-end=\"4184\" data-col-size=\"sm\"><strong data-start=\"4169\" data-end=\"4183\">Renhed<\/strong><\/td>\n<td data-start=\"4184\" data-end=\"4216\" data-col-size=\"sm\">\u226599% (Analytisk kvalitet)<\/td>\n<\/tr>\n<tr data-start=\"4217\" data-end=\"4272\">\n<td data-start=\"4217\" data-end=\"4240\" data-col-size=\"sm\"><strong data-start=\"4219\" data-end=\"4239\">Kemisk klasse<\/strong><\/td>\n<td data-start=\"4240\" data-end=\"4272\" data-col-size=\"sm\">Cathinon \/ \u03b2-Keto Amfetamin<\/td>\n<\/tr>\n<tr data-start=\"4273\" data-end=\"4333\">\n<td data-start=\"4273\" data-end=\"4290\" data-col-size=\"sm\"><strong data-start=\"4275\" data-end=\"4289\">Anvendelse<\/strong><\/td>\n<td data-start=\"4290\" data-end=\"4333\" data-col-size=\"sm\">Videnskabelig\/analytisk forskning<\/td>\n<\/tr>\n<tr data-start=\"4334\" data-end=\"4381\">\n<td data-start=\"4334\" data-end=\"4356\" data-col-size=\"sm\"><strong data-start=\"4336\" data-end=\"4355\">Opbevaringsforhold<\/strong><\/td>\n<td data-start=\"4356\" data-end=\"4381\" data-col-size=\"sm\">2\u20138\u00b0C, T\u00f8rt og M\u00f8rkt<\/td>\n<\/tr>\n<tr data-start=\"4382\" data-end=\"4436\">\n<td data-start=\"4382\" data-end=\"4399\" data-col-size=\"sm\"><strong data-start=\"4384\" data-end=\"4398\">Emballage<\/strong><\/td>\n<td data-start=\"4399\" data-end=\"4436\" data-col-size=\"sm\">Luftt\u00e6t, forseglet beholder<\/td>\n<\/tr>\n<\/tbody>\n<\/table>\n<\/div>\n<\/div>\n<hr data-start=\"4438\" data-end=\"4441\" \/>\n<h3 data-start=\"4443\" data-end=\"4460\"><strong data-start=\"4447\" data-end=\"4460\">Konklusion<\/strong><\/h3>\n<p data-start=\"4462\" data-end=\"4782\"><strong data-start=\"4462\" data-end=\"4485\">2-MMC 220 mg pellets<\/strong> er <strong data-start=\"4491\" data-end=\"4537\">forskningsstoffer af h\u00f8jeste kvalitet<\/strong>, udviklet til <strong data-start=\"4555\" data-end=\"4607\">professionel analytisk og retsmedicinsk forskning<\/strong>.<br data-start=\"4608\" data-end=\"4611\" \/>Tak til dem <strong data-start=\"4623\" data-end=\"4674\">stabilitet, renhed og pr\u00e6cis dosering<\/strong> De er ideelle til laboratorier, der besk\u00e6ftiger sig med <strong data-start=\"4732\" data-end=\"4779\">kemiske analyser af cathinonforbindelser<\/strong>.<\/p>","protected":false},"excerpt":{"rendered":"<h2><span dir=\"auto\" style=\"vertical-align: inherit;\"><span dir=\"auto\" style=\"vertical-align: inherit;\"><span dir=\"auto\" style=\"vertical-align: inherit;\"><span dir=\"auto\" style=\"vertical-align: inherit;\">2-MMC-egenskaber<\/span><\/span><\/span><\/span><\/h2>\n<p><strong><span dir=\"auto\" style=\"vertical-align: inherit;\"><span dir=\"auto\" style=\"vertical-align: inherit;\"><span dir=\"auto\" style=\"vertical-align: inherit;\"><span dir=\"auto\" style=\"vertical-align: inherit;\">CAS-nummer<\/span><\/span><\/span><\/span><\/strong><span dir=\"auto\" style=\"vertical-align: inherit;\"><span dir=\"auto\" style=\"vertical-align: inherit;\"><span dir=\"auto\" style=\"vertical-align: inherit;\"><span dir=\"auto\" style=\"vertical-align: inherit;\"> : 1246911-71-6 <\/span><\/span><\/span><\/span><br \/>\n<strong><span dir=\"auto\" style=\"vertical-align: inherit;\"><span dir=\"auto\" style=\"vertical-align: inherit;\"><span dir=\"auto\" style=\"vertical-align: inherit;\"><span dir=\"auto\" style=\"vertical-align: inherit;\">Formel<\/span><\/span><\/span><\/span><\/strong><span dir=\"auto\" style=\"vertical-align: inherit;\"><span dir=\"auto\" style=\"vertical-align: inherit;\"><span dir=\"auto\" style=\"vertical-align: inherit;\"><span dir=\"auto\" style=\"vertical-align: inherit;\"> C11h15NO \u2022 HCL <\/span><\/span><\/span><\/span><br \/>\n<strong><span dir=\"auto\" style=\"vertical-align: inherit;\"><span dir=\"auto\" style=\"vertical-align: inherit;\"><span dir=\"auto\" style=\"vertical-align: inherit;\"><span dir=\"auto\" style=\"vertical-align: inherit;\">Mol\u00e6r masse<\/span><\/span><\/span><\/span><\/strong><span dir=\"auto\" style=\"vertical-align: inherit;\"><span dir=\"auto\" style=\"vertical-align: inherit;\"><span dir=\"auto\" style=\"vertical-align: inherit;\"><span dir=\"auto\" style=\"vertical-align: inherit;\"> : 177.247 <\/span><\/span><\/span><\/span><br \/>\n<strong><span dir=\"auto\" style=\"vertical-align: inherit;\"><span dir=\"auto\" style=\"vertical-align: inherit;\"><span dir=\"auto\" style=\"vertical-align: inherit;\"><span dir=\"auto\" style=\"vertical-align: inherit;\">Renhed<\/span><\/span><\/span><\/span><\/strong><span dir=\"auto\" style=\"vertical-align: inherit;\"><span dir=\"auto\" style=\"vertical-align: inherit;\"><span dir=\"auto\" style=\"vertical-align: inherit;\"><span dir=\"auto\" style=\"vertical-align: inherit;\"> : \u226599%<\/span><\/span><\/span><\/span><\/p>","protected":false},"featured_media":29200,"comment_status":"closed","ping_status":"closed","template":"","meta":[],"product_brand":[82],"product_cat":[372,463,322,79,324],"product_tag":[83,679,652,678,326],"class_list":{"0":"post-23975","1":"product","2":"type-product","3":"status-publish","4":"has-post-thumbnail","6":"product_brand-research-chemical","7":"product_cat-2-mmc-kopen","8":"product_cat-2-mmc-pellets","9":"product_cat-bijna-verboden","10":"product_cat-cathinonen","11":"product_cat-pellets-for-pellet","12":"product_tag-2-mmc-kopen","13":"product_tag-2-mmc-pellets","14":"product_tag-2-mmc-pellets-kopen","15":"product_tag-2mmc-pellets","16":"product_tag-nl","18":"first","19":"instock","20":"taxable","21":"shipping-taxable","22":"purchasable","23":"product-type-variable"},"_links":{"self":[{"href":"https:\/\/onderzoekschemicals.com\/da\/wp-json\/wp\/v2\/product\/23975","targetHints":{"allow":["GET"]}}],"collection":[{"href":"https:\/\/onderzoekschemicals.com\/da\/wp-json\/wp\/v2\/product"}],"about":[{"href":"https:\/\/onderzoekschemicals.com\/da\/wp-json\/wp\/v2\/types\/product"}],"replies":[{"embeddable":true,"href":"https:\/\/onderzoekschemicals.com\/da\/wp-json\/wp\/v2\/comments?post=23975"}],"version-history":[{"count":5,"href":"https:\/\/onderzoekschemicals.com\/da\/wp-json\/wp\/v2\/product\/23975\/revisions"}],"predecessor-version":[{"id":25526,"href":"https:\/\/onderzoekschemicals.com\/da\/wp-json\/wp\/v2\/product\/23975\/revisions\/25526"}],"wp:featuredmedia":[{"embeddable":true,"href":"https:\/\/onderzoekschemicals.com\/da\/wp-json\/wp\/v2\/media\/29200"}],"wp:attachment":[{"href":"https:\/\/onderzoekschemicals.com\/da\/wp-json\/wp\/v2\/media?parent=23975"}],"wp:term":[{"taxonomy":"product_brand","embeddable":true,"href":"https:\/\/onderzoekschemicals.com\/da\/wp-json\/wp\/v2\/product_brand?post=23975"},{"taxonomy":"product_cat","embeddable":true,"href":"https:\/\/onderzoekschemicals.com\/da\/wp-json\/wp\/v2\/product_cat?post=23975"},{"taxonomy":"product_tag","embeddable":true,"href":"https:\/\/onderzoekschemicals.com\/da\/wp-json\/wp\/v2\/product_tag?post=23975"}],"curies":[{"name":"wp","href":"https:\/\/api.w.org\/{rel}","templated":true}]}}