{"id":23915,"date":"2025-04-13T17:40:40","date_gmt":"2025-04-13T17:40:40","guid":{"rendered":"https:\/\/onderzoekschemicals.com\/?post_type=product&#038;p=23915"},"modified":"2025-11-28T07:25:32","modified_gmt":"2025-11-28T07:25:32","slug":"nb-5-meo-dalt-oxalaat","status":"publish","type":"product","link":"https:\/\/onderzoekschemicals.com\/da\/shop\/nb-5-meo-dalt\/nb-5-meo-dalt-oxalaat\/","title":{"rendered":"NB-5-MeO-DALT Oxalat"},"content":{"rendered":"<h3 data-start=\"6074\" data-end=\"6093\"><strong data-start=\"6078\" data-end=\"6093\">Indledning<\/strong><\/h3>\n<p data-start=\"6095\" data-end=\"6425\"><strong data-start=\"6095\" data-end=\"6120\">NB-5-MeO-DALT Oxalat<\/strong> er en <strong data-start=\"6128\" data-end=\"6172\">forskningsmateriale af analytisk kvalitet<\/strong>, udviklet til <strong data-start=\"6190\" data-end=\"6244\">kemisk, videnskabelig og retsmedicinsk forskning<\/strong>NB-5-MeO-DALT-oxalat<br data-start=\"6245\" data-end=\"6248\" \/>Det er den <strong data-start=\"6259\" data-end=\"6274\">oxalatsalt<\/strong> ved <strong data-start=\"6279\" data-end=\"6327\">5-MeO-DALT (N,N-diallyl-5-methoxytryptamin)<\/strong>, en forbindelse fra <strong data-start=\"6351\" data-end=\"6372\">tryptaminfamilien<\/strong>, strukturelt besl\u00e6gtet med naturlige indoleaminer.<\/p>\n<p data-start=\"6427\" data-end=\"6678\">Produceret under <strong data-start=\"6446\" data-end=\"6487\">GLP-standarder (god laboratoriepraksis)<\/strong>, dette stof tilbyder en <strong data-start=\"6509\" data-end=\"6532\">renhed p\u00e5 \u226599%<\/strong>, <strong data-start=\"6534\" data-end=\"6559\">kemisk stabilitet<\/strong> og <strong data-start=\"6563\" data-end=\"6585\">batchkonsistens<\/strong>, hvilket g\u00f8r den ideel til <strong data-start=\"6613\" data-end=\"6675\">kromatografisk, spektroskopisk og strukturel forskning<\/strong>.<\/p>\n<blockquote data-start=\"6680\" data-end=\"6824\">\n<p data-start=\"6682\" data-end=\"6824\">\u26a0\ufe0f <strong data-start=\"6685\" data-end=\"6696\">NB:<\/strong> Dette produkt er <strong data-start=\"6712\" data-end=\"6762\">kun beregnet til laboratorieforskning<\/strong> og <strong data-start=\"6766\" data-end=\"6823\">ikke egnet til menneskelig eller animalsk konsum<\/strong>.<\/p>\n<\/blockquote>\n<hr data-start=\"6826\" data-end=\"6829\" \/>\n<h3 data-start=\"6831\" data-end=\"6862\"><strong data-start=\"6835\" data-end=\"6862\">N\u00f8glefunktioner<\/strong><\/h3>\n<ul data-start=\"6864\" data-end=\"7356\">\n<li data-start=\"6864\" data-end=\"6931\">\n<p data-start=\"6866\" data-end=\"6931\"><strong data-start=\"6866\" data-end=\"6898\">H\u00f8j analytisk renhed:<\/strong> \u226599% testet ved HPLC og GC-MS.<\/p>\n<\/li>\n<li data-start=\"6932\" data-end=\"7025\">\n<p data-start=\"6934\" data-end=\"7025\"><strong data-start=\"6934\" data-end=\"6958\">Stabilt oxalatsalt:<\/strong> \u00d8get stabilitet og l\u00e6ngere holdbarhed end fri base.<\/p>\n<\/li>\n<li data-start=\"7026\" data-end=\"7095\">\n<p data-start=\"7028\" data-end=\"7095\"><strong data-start=\"7028\" data-end=\"7046\">GLP-produktion:<\/strong> Fremstillet under strenge laboratoriestandarder.<\/p>\n<\/li>\n<li data-start=\"7096\" data-end=\"7183\">\n<p data-start=\"7098\" data-end=\"7183\"><strong data-start=\"7098\" data-end=\"7127\">P\u00e5lidelig konsistens:<\/strong> Hver batch blev kontrolleret for identitet og renhed. NB-5-MeO-DALT Oxalat<\/p>\n<\/li>\n<li data-start=\"7184\" data-end=\"7276\">\n<p data-start=\"7186\" data-end=\"7276\"><strong data-start=\"7186\" data-end=\"7225\">Anvendelig i retsmedicinsk forskning:<\/strong> Velegnet til <strong data-start=\"7240\" data-end=\"7273\">tryptamin- og indolanalyser<\/strong>.<\/p>\n<\/li>\n<li data-start=\"7277\" data-end=\"7356\">\n<p data-start=\"7279\" data-end=\"7356\"><strong data-start=\"7279\" data-end=\"7302\">Sikker emballage:<\/strong> Luftt\u00e6t og forseglet for optimal holdbarhed.<\/p>\n<\/li>\n<\/ul>\n<hr data-start=\"7358\" data-end=\"7361\" \/>\n<h3 data-start=\"7363\" data-end=\"7380\"><strong data-start=\"7367\" data-end=\"7380\">Fordele<\/strong><\/h3>\n<ol data-start=\"7382\" data-end=\"7834\">\n<li data-start=\"7382\" data-end=\"7464\">\n<p data-start=\"7385\" data-end=\"7464\"><strong data-start=\"7385\" data-end=\"7412\">Stabil sammens\u00e6tning:<\/strong> Oxalatformen giver langtidsstabilitet.<\/p>\n<\/li>\n<li data-start=\"7465\" data-end=\"7556\">\n<p data-start=\"7468\" data-end=\"7556\"><strong data-start=\"7468\" data-end=\"7505\">P\u00e5lidelige forskningsresultater:<\/strong> H\u00f8j renhed garanterer reproducerbare data.<\/p>\n<\/li>\n<li data-start=\"7557\" data-end=\"7658\">\n<p data-start=\"7560\" data-end=\"7658\"><strong data-start=\"7560\" data-end=\"7588\">Professionel kvalitet:<\/strong> Ideel til <strong data-start=\"7601\" data-end=\"7655\">kromatografiske og spektroskopiske anvendelser<\/strong>.<\/p>\n<\/li>\n<li data-start=\"7659\" data-end=\"7752\">\n<p data-start=\"7662\" data-end=\"7752\"><strong data-start=\"7662\" data-end=\"7692\">Retsmedicinsk brugervenlighed:<\/strong> Velegnet til <strong data-start=\"7707\" data-end=\"7749\">toksikologisk og strukturel forskning<\/strong>.<\/p>\n<\/li>\n<li data-start=\"7753\" data-end=\"7834\">\n<p data-start=\"7756\" data-end=\"7834\"><strong data-start=\"7756\" data-end=\"7782\">Nem at bruge:<\/strong> Sikker og pr\u00e6cis anvendelse i laboratorier.<\/p>\n<\/li>\n<\/ol>\n<hr data-start=\"7836\" data-end=\"7839\" \/>\n<h3 data-start=\"7841\" data-end=\"7880\"><strong data-start=\"7845\" data-end=\"7880\">Brug (kun til forskning)<\/strong><\/h3>\n<ol data-start=\"7882\" data-end=\"8301\">\n<li data-start=\"7882\" data-end=\"7969\">\n<p data-start=\"7885\" data-end=\"7969\"><strong data-start=\"7885\" data-end=\"7916\">Brug beskyttelsest\u00f8j:<\/strong> Handsker, sikkerhedsbriller og laboratoriekittel p\u00e5kr\u00e6vet.<\/p>\n<\/li>\n<li data-start=\"7970\" data-end=\"8056\">\n<p data-start=\"7973\" data-end=\"8056\"><strong data-start=\"7973\" data-end=\"8012\">Brug i kontrolleret milj\u00f8:<\/strong> Undg\u00e5 eksponering for luft eller fugt.<\/p>\n<\/li>\n<li data-start=\"8057\" data-end=\"8138\">\n<p data-start=\"8060\" data-end=\"8138\"><strong data-start=\"8060\" data-end=\"8087\">Bem\u00e6rk batchoplysninger:<\/strong> Registrer renhed, m\u00e6ngde og forhold.<\/p>\n<\/li>\n<li data-start=\"8139\" data-end=\"8208\">\n<p data-start=\"8142\" data-end=\"8208\"><strong data-start=\"8142\" data-end=\"8179\">Brug kalibreret udstyr:<\/strong> For pr\u00e6cise m\u00e5linger.<\/p>\n<\/li>\n<li data-start=\"8209\" data-end=\"8301\">\n<p data-start=\"8212\" data-end=\"8301\"><strong data-start=\"8212\" data-end=\"8246\">Bortskaf affald sikkert:<\/strong> F\u00f8lg laboratoriets sikkerhedsretningslinjer.<\/p>\n<\/li>\n<\/ol>\n<blockquote data-start=\"8303\" data-end=\"8380\">\n<p data-start=\"8305\" data-end=\"8380\">\u2697\ufe0f <strong data-start=\"8308\" data-end=\"8380\">Kun til laboratorietest \u2013 ikke til konsum.<\/strong><\/p>\n<\/blockquote>\n<hr data-start=\"8382\" data-end=\"8385\" \/>\n<h3 data-start=\"8387\" data-end=\"8412\"><strong data-start=\"8391\" data-end=\"8412\">Opbevaringsinstruktioner<\/strong><\/h3>\n<ul data-start=\"8414\" data-end=\"8582\">\n<li data-start=\"8414\" data-end=\"8456\">\n<p data-start=\"8416\" data-end=\"8456\">Gem p\u00e5 <strong data-start=\"8427\" data-end=\"8436\">2\u20138\u00b0C<\/strong>, t\u00f8r og m\u00f8rk.<\/p>\n<\/li>\n<li data-start=\"8457\" data-end=\"8493\">\n<p data-start=\"8459\" data-end=\"8493\">Hold beholderen t\u00e6t lukket.<\/p>\n<\/li>\n<li data-start=\"8494\" data-end=\"8539\">\n<p data-start=\"8496\" data-end=\"8539\">Beskyt mod <strong data-start=\"8511\" data-end=\"8536\">lys, varme og fugt<\/strong>.<\/p>\n<\/li>\n<li data-start=\"8540\" data-end=\"8582\">\n<p data-start=\"8542\" data-end=\"8582\">Opbevares utilg\u00e6ngeligt for uautoriserede personer.<\/p>\n<\/li>\n<\/ul>\n<hr data-start=\"8584\" data-end=\"8587\" \/>\n<h3 data-start=\"8589\" data-end=\"8624\"><strong data-start=\"8593\" data-end=\"8624\">Ofte stillede sp\u00f8rgsm\u00e5l (FAQ)<\/strong><\/h3>\n<p data-start=\"8626\" data-end=\"8795\"><strong data-start=\"8626\" data-end=\"8679\">1. Hvad bruges NB-5-MeO-DALT-oxalat til?<\/strong><br data-start=\"8679\" data-end=\"8682\" \/>For <strong data-start=\"8687\" data-end=\"8735\">analytisk, kemisk og retsmedicinsk forskning<\/strong>, prim\u00e6rt fokuseret p\u00e5 <strong data-start=\"8755\" data-end=\"8792\">tryptamin- og indolforbindelser<\/strong>.<\/p>\n<p data-start=\"8797\" data-end=\"9005\"><strong data-start=\"8797\" data-end=\"8854\">2. Er NB-5-MeO-DALT Oxalat egnet til indtagelse?<\/strong><br data-start=\"8854\" data-end=\"8857\" \/>Ingen. <strong data-start=\"8862\" data-end=\"8887\">NB-5-MeO-DALT Oxalat<\/strong> er <strong data-start=\"8891\" data-end=\"8941\">kun beregnet til laboratorieforskning<\/strong> og <strong data-start=\"8945\" data-end=\"9002\">ikke egnet til menneskelig eller animalsk konsum<\/strong>.<\/p>\n<p data-start=\"9007\" data-end=\"9165\"><strong data-start=\"9007\" data-end=\"9060\">3. Hvordan skal NB-5-MeO-DALT-oxalat opbevares?<\/strong><br data-start=\"9060\" data-end=\"9063\" \/>Spar p\u00e5 en <strong data-start=\"9077\" data-end=\"9119\">et k\u00f8ligt, t\u00f8rt og m\u00f8rkt sted (2\u20138 \u00b0C)<\/strong> i <strong data-start=\"9126\" data-end=\"9162\">original luftt\u00e6t emballage<\/strong>.<\/p>\n<hr data-start=\"9167\" data-end=\"9170\" \/>\n<h3 data-start=\"9172\" data-end=\"9189\"><strong data-start=\"9176\" data-end=\"9189\">Konklusion<\/strong><\/h3>\n<p data-start=\"9191\" data-end=\"9456\"><strong data-start=\"9191\" data-end=\"9216\">NB-5-MeO-DALT Oxalat<\/strong> er en <strong data-start=\"9224\" data-end=\"9255\">forskningsmateriale af h\u00f8j kvalitet<\/strong> med fremragende <strong data-start=\"9272\" data-end=\"9322\">stabilitet, renhed og reproducerbarhed<\/strong>.<br data-start=\"9323\" data-end=\"9326\" \/>Det er det ideelle valg for laboratorier med fokus p\u00e5 <strong data-start=\"9386\" data-end=\"9453\">tryptaminanalyse, indolforskning og retsmedicinske anvendelser<\/strong>.<\/p>","protected":false},"excerpt":{"rendered":"<h3><span data-sheets-value=\"{\" data-sheets-userformat=\"{\"><span style=\"vertical-align: inherit;\"><span style=\"vertical-align: inherit;\">NB-5-MeO-DALT oxalat egenskaber<\/span><\/span><\/span><\/h3>\n<p><strong><span style=\"vertical-align: inherit;\"><span style=\"vertical-align: inherit;\">Synonym: tert-butyl 3-(2-(diallylamino)ethyl)-5-methoxy-1H-indol-1-carboxylat oxalat <\/span><\/span><\/strong><br \/>\n<strong><span style=\"vertical-align: inherit;\"><span style=\"vertical-align: inherit;\">CAS-nummer:<\/span><\/span><\/strong><span style=\"vertical-align: inherit;\"><span style=\"vertical-align: inherit;\"> ingen <\/span><\/span><br \/>\n<strong><span style=\"vertical-align: inherit;\"><span style=\"vertical-align: inherit;\">Formel:<\/span><\/span><\/strong><span style=\"vertical-align: inherit;\"><span style=\"vertical-align: inherit;\"> XX <\/span><\/span><br \/>\n<strong><span style=\"vertical-align: inherit;\"><span style=\"vertical-align: inherit;\">Mol\u00e6r masse:<\/span><\/span><\/strong><span style=\"vertical-align: inherit;\"><span style=\"vertical-align: inherit;\"> xx <\/span><\/span><br \/>\n<strong><span style=\"vertical-align: inherit;\"><span style=\"vertical-align: inherit;\">Renhed:<\/span><\/span><\/strong><span style=\"vertical-align: inherit;\"><span style=\"vertical-align: inherit;\"> 98%&gt;<\/span><\/span><\/p>","protected":false},"featured_media":29378,"comment_status":"closed","ping_status":"closed","template":"","meta":[],"product_brand":[],"product_cat":[489,381],"product_tag":[452,1103],"class_list":{"0":"post-23915","1":"product","2":"type-product","3":"status-publish","4":"has-post-thumbnail","6":"product_cat-nb-5-meo-dalt","7":"product_cat-tryptamines","8":"product_tag-de","9":"product_tag-nb-5-meo-dalt-oxalate-2","11":"first","12":"instock","13":"taxable","14":"shipping-taxable","15":"purchasable","16":"product-type-variable"},"_links":{"self":[{"href":"https:\/\/onderzoekschemicals.com\/da\/wp-json\/wp\/v2\/product\/23915","targetHints":{"allow":["GET"]}}],"collection":[{"href":"https:\/\/onderzoekschemicals.com\/da\/wp-json\/wp\/v2\/product"}],"about":[{"href":"https:\/\/onderzoekschemicals.com\/da\/wp-json\/wp\/v2\/types\/product"}],"replies":[{"embeddable":true,"href":"https:\/\/onderzoekschemicals.com\/da\/wp-json\/wp\/v2\/comments?post=23915"}],"version-history":[{"count":6,"href":"https:\/\/onderzoekschemicals.com\/da\/wp-json\/wp\/v2\/product\/23915\/revisions"}],"predecessor-version":[{"id":27922,"href":"https:\/\/onderzoekschemicals.com\/da\/wp-json\/wp\/v2\/product\/23915\/revisions\/27922"}],"wp:featuredmedia":[{"embeddable":true,"href":"https:\/\/onderzoekschemicals.com\/da\/wp-json\/wp\/v2\/media\/29378"}],"wp:attachment":[{"href":"https:\/\/onderzoekschemicals.com\/da\/wp-json\/wp\/v2\/media?parent=23915"}],"wp:term":[{"taxonomy":"product_brand","embeddable":true,"href":"https:\/\/onderzoekschemicals.com\/da\/wp-json\/wp\/v2\/product_brand?post=23915"},{"taxonomy":"product_cat","embeddable":true,"href":"https:\/\/onderzoekschemicals.com\/da\/wp-json\/wp\/v2\/product_cat?post=23915"},{"taxonomy":"product_tag","embeddable":true,"href":"https:\/\/onderzoekschemicals.com\/da\/wp-json\/wp\/v2\/product_tag?post=23915"}],"curies":[{"name":"wp","href":"https:\/\/api.w.org\/{rel}","templated":true}]}}