{"id":23869,"date":"2025-04-13T17:40:36","date_gmt":"2025-04-13T17:40:36","guid":{"rendered":"https:\/\/onderzoekschemicals.com\/?post_type=product&#038;p=23869"},"modified":"2025-11-28T07:27:56","modified_gmt":"2025-11-28T07:27:56","slug":"34-dmmc-kopen","status":"publish","type":"product","link":"https:\/\/onderzoekschemicals.com\/da\/shop\/3\/34-dmmc-kopen\/","title":{"rendered":"3,4-DMMC (3,4-dimethylmethcathinon)"},"content":{"rendered":"<p data-start=\"4596\" data-end=\"4908\"><strong data-start=\"4596\" data-end=\"4636\">3,4-DMMC (3,4-dimethylmethcathinon)<\/strong> er en <strong data-start=\"4644\" data-end=\"4679\">designer stimulerende forbindelse<\/strong> inden for klassen af <strong data-start=\"4701\" data-end=\"4725\">erstat cathinoner<\/strong>.\u00a0<br data-start=\"4764\" data-end=\"4767\" \/>Det blev f\u00f8rst opdaget omkring 2010 som en analog til mephedron og andre cathinoner. <span class=\"___SBox_epc1q-ko_ ___SText_zko9t-ko_\" data-ui-name=\"Link.Text\">K\u00f8b 34 dmmc<\/span><\/p>\n<p data-start=\"4910\" data-end=\"5190\">Som forskningskemikalie anvendes 3,4-DMMC i <strong data-start=\"4966\" data-end=\"5017\">analytiske, strukturelle og retsmedicinske unders\u00f8gelser<\/strong> af nye psykoaktive stoffer (NPS). Den fungerer som referencestandard i laboratorier, der unders\u00f8ger transport\u00f8rinteraktioner, metabolitter og spektral identifikation.<\/p>\n<hr data-start=\"5192\" data-end=\"5195\" \/>\n<h3 data-start=\"5197\" data-end=\"5228\"><strong data-start=\"5201\" data-end=\"5228\">N\u00f8glefunktioner<\/strong><\/h3>\n<ul data-start=\"5230\" data-end=\"6038\">\n<li data-start=\"5230\" data-end=\"5319\">\n<p data-start=\"5232\" data-end=\"5319\"><strong data-start=\"5232\" data-end=\"5264\">H\u00f8j analytisk renhed:<\/strong> Typisk renhed \u2265 98\u201399% (batchafh\u00e6ngig).<\/p>\n<\/li>\n<li data-start=\"5320\" data-end=\"5456\">\n<p data-start=\"5322\" data-end=\"5456\"><strong data-start=\"5322\" data-end=\"5346\">Strukturelt analog:<\/strong> Cathinon med methylgrupper i 3- og 4-positionerne af phenylringen.<\/p>\n<\/li>\n<li data-start=\"5457\" data-end=\"5650\">\n<p data-start=\"5459\" data-end=\"5650\"><strong data-start=\"5459\" data-end=\"5495\">Monoamintransport\u00f8raktivitet:<\/strong> Virker som et substrat\/h\u00e6mmer af serotonin- og noradrenalintransport\u00f8rer; mindre effekt p\u00e5 dopamin genoptagelse.<\/p>\n<\/li>\n<li data-start=\"5651\" data-end=\"5785\">\n<p data-start=\"5653\" data-end=\"5785\"><strong data-start=\"5653\" data-end=\"5689\">Robuste karakteriseringsdata:<\/strong> Fuldt karakteriseret ved GC\/MS, IR, NMR, UV\/vis.<\/p>\n<\/li>\n<li data-start=\"5786\" data-end=\"5946\">\n<p data-start=\"5788\" data-end=\"5946\"><strong data-start=\"5788\" data-end=\"5815\">Unik GC-retentionstid:<\/strong> Selvom IR\/UV-profiler ligner mephedron, er retentionstider og fragmentering forskellige.<\/p>\n<\/li>\n<li data-start=\"5947\" data-end=\"6038\">\n<p data-start=\"5949\" data-end=\"6038\"><strong data-start=\"5949\" data-end=\"5979\">Stabil ved korrekt opbevaring:<\/strong> Bevarer integriteten, n\u00e5r den er korrekt d\u00e6kket og beskyttet.<\/p>\n<\/li>\n<\/ul>\n<hr data-start=\"6040\" data-end=\"6043\" \/>\n<h3 data-start=\"6045\" data-end=\"6062\"><strong data-start=\"6049\" data-end=\"6062\">Fordele<\/strong><\/h3>\n<ol data-start=\"6064\" data-end=\"6583\">\n<li data-start=\"6064\" data-end=\"6166\">\n<p data-start=\"6067\" data-end=\"6166\"><strong data-start=\"6067\" data-end=\"6098\">P\u00e5lidelig referencestof:<\/strong> Brug som kalibrerings- og sammenligningsv\u00e6rkt\u00f8j i retsmedicinske laboratorier.<\/p>\n<\/li>\n<li data-start=\"6167\" data-end=\"6262\">\n<p data-start=\"6170\" data-end=\"6262\"><strong data-start=\"6170\" data-end=\"6194\">Spektral udfordring:<\/strong> Fungerer som en udfordrende analog til at teste instrumentselektivitet.<\/p>\n<\/li>\n<li data-start=\"6263\" data-end=\"6359\">\n<p data-start=\"6266\" data-end=\"6359\"><strong data-start=\"6266\" data-end=\"6291\">Transport\u00f8rforskning:<\/strong> V\u00e6rdifuld i farmakologisk forskning i serotonin\/noradrenalin.<\/p>\n<\/li>\n<li data-start=\"6360\" data-end=\"6468\">\n<p data-start=\"6363\" data-end=\"6468\"><strong data-start=\"6363\" data-end=\"6387\">Metabolitforskning:<\/strong> Hj\u00e6lper med at kortl\u00e6gge metaboliske veje i biologiske pr\u00f8ver.<\/p>\n<\/li>\n<li data-start=\"6469\" data-end=\"6583\">\n<p data-start=\"6472\" data-end=\"6583\"><strong data-start=\"6472\" data-end=\"6509\">Underst\u00f8tter retsmedicinsk efterforskning:<\/strong> Letter opbygningen af spektrale databaser for nye stoffer.<\/p>\n<\/li>\n<\/ol>\n<hr data-start=\"6585\" data-end=\"6588\" \/>\n<h3 data-start=\"6590\" data-end=\"6650\"><strong data-start=\"6594\" data-end=\"6650\">Brugsanvisning (kun til laboratoriebrug)<\/strong><\/h3>\n<ol data-start=\"6652\" data-end=\"7071\">\n<li data-start=\"6652\" data-end=\"6737\">\n<p data-start=\"6655\" data-end=\"6737\"><strong data-start=\"6655\" data-end=\"6696\">Brug fuldt beskyttelsesudstyr:<\/strong> handsker, sikkerhedsbriller, laboratoriekittel.<\/p>\n<\/li>\n<li data-start=\"6738\" data-end=\"6819\">\n<p data-start=\"6741\" data-end=\"6819\"><strong data-start=\"6741\" data-end=\"6781\">Arbejde i et kontrolleret milj\u00f8:<\/strong> f.eks. stinkskab, rent arbejdsomr\u00e5de.<\/p>\n<\/li>\n<li data-start=\"6820\" data-end=\"6896\">\n<p data-start=\"6823\" data-end=\"6896\"><strong data-start=\"6823\" data-end=\"6857\">Brug pr\u00e6cise instrumenter:<\/strong> v\u00e6gt, pipetter, spektrometre osv.<\/p>\n<\/li>\n<li data-start=\"6897\" data-end=\"6984\">\n<p data-start=\"6900\" data-end=\"6984\"><strong data-start=\"6900\" data-end=\"6932\">Dokumenteksempeldata:<\/strong> batchnummer, v\u00e6gt, renhed, forhold.<\/p>\n<\/li>\n<li data-start=\"6985\" data-end=\"7071\">\n<p data-start=\"6988\" data-end=\"7071\"><strong data-start=\"6988\" data-end=\"7018\">Fjern rester sikkert:<\/strong> i henhold til din institutions sikkerhedsprotokoller.<\/p>\n<\/li>\n<\/ol>\n<blockquote data-start=\"7073\" data-end=\"7189\">\n<p data-start=\"7075\" data-end=\"7189\">\u2697\ufe0f <strong data-start=\"7078\" data-end=\"7189\">Kun til analytiske\/videnskabelige forskningsform\u00e5l \u2013 ikke til konsum af mennesker eller dyr.<\/strong><\/p>\n<\/blockquote>\n<hr data-start=\"7191\" data-end=\"7194\" \/>\n<h3 data-start=\"7196\" data-end=\"7221\"><strong data-start=\"7200\" data-end=\"7221\">Opbevaringsinstruktioner<\/strong><\/h3>\n<ul data-start=\"7223\" data-end=\"7494\">\n<li data-start=\"7223\" data-end=\"7283\">\n<p data-start=\"7225\" data-end=\"7283\">Gem p\u00e5 <strong data-start=\"7236\" data-end=\"7246\">2\u20138 \u00b0C<\/strong> p\u00e5 et k\u00f8ligt, t\u00f8rt og m\u00f8rkt sted.<\/p>\n<\/li>\n<li data-start=\"7284\" data-end=\"7370\">\n<p data-start=\"7286\" data-end=\"7370\">Brug inerte, luftt\u00e6tte beholdere (f.eks. ravfarvede h\u00e6tteglas) for at beskytte mod fugt og lys.<\/p>\n<\/li>\n<li data-start=\"7371\" data-end=\"7430\">\n<p data-start=\"7373\" data-end=\"7430\">Undg\u00e5 gentagen eksponering for varme eller lys.<\/p>\n<\/li>\n<li data-start=\"7431\" data-end=\"7494\">\n<p data-start=\"7433\" data-end=\"7494\">Kun tilg\u00e6ngelig for kvalificeret analytisk personale. <span class=\"___SBox_epc1q-ko_ ___SText_zko9t-ko_\" data-ui-name=\"Link.Text\">K\u00f8b 34 dmmc<\/span><\/p>\n<\/li>\n<\/ul>\n<hr data-start=\"7496\" data-end=\"7499\" \/>\n<h3 data-start=\"7501\" data-end=\"7536\"><strong data-start=\"7505\" data-end=\"7536\">Ofte stillede sp\u00f8rgsm\u00e5l (FAQ)<\/strong><\/h3>\n<p data-start=\"7538\" data-end=\"7781\"><strong data-start=\"7538\" data-end=\"7587\">1. Hvad er virkningsmekanismen for 3,4-DMMC?<\/strong><br data-start=\"7587\" data-end=\"7590\" \/>In vitro fungerer det som et substrat\/h\u00e6mmer af serotonin- og noradrenalintransport\u00f8rer; dets effekt p\u00e5 dopamin-genoptagelse er relativt svagere.<\/p>\n<p data-start=\"7783\" data-end=\"8013\"><strong data-start=\"7783\" data-end=\"7850\">2. Kan 3,4-DMMC analytisk skelnes fra mephedron?<\/strong><br data-start=\"7850\" data-end=\"7853\" \/>Ja. Selvom IR\/UV-profilerne kan overlappe hinanden, er det GC-retentionstider og massefragmentering, der g\u00f8r forskellen.<\/p>\n<p data-start=\"8015\" data-end=\"8234\"><strong data-start=\"8015\" data-end=\"8058\">3. Er 3,4-DMMC reguleret eller ulovligt?<\/strong><br data-start=\"8058\" data-end=\"8061\" \/>I mange lande er 3,4-DMMC reguleret som et designer-cathinon. I USA er det klassificeret som et Schedule I-l\u00e6gemiddel som en positionsisomer af 4-MEC. <a href=\"https:\/\/onderzoekschemicals.com\/da\/shop\/pellets-for-pellet\/1p-lsd-microdose\/\">1P-LSD mikrodosis<\/a><\/p>","protected":false},"excerpt":{"rendered":"<h3><span style=\"vertical-align: inherit;\"><span style=\"vertical-align: inherit;\">3,4-DMMC er et besl\u00e6gtet stof til 3-MMC\/3-CMC<\/span><\/span><\/h3>\n<p><span style=\"vertical-align: inherit;\"><span style=\"vertical-align: inherit;\">3,4-DMMC \/3,4-Dimethylmethcathinon er et stof, som vi kun s\u00e6lger til forskningsform\u00e5l og er derfor ikke beregnet til forbrug. Stoffet tilh\u00f8rer kategorien cathinoner. 3,4-DMMC leveres i pulverform og kan unders\u00f8ges i op til 2 \u00e5r, n\u00e5r det opbevares i det rette milj\u00f8.<\/span><\/span><\/p>","protected":false},"featured_media":29203,"comment_status":"closed","ping_status":"closed","template":"","meta":[],"product_brand":[],"product_cat":[493,494,322,79],"product_tag":[1105,326],"class_list":{"0":"post-23869","1":"product","2":"type-product","3":"status-publish","4":"has-post-thumbnail","6":"product_cat-493","7":"product_cat-4-dmmc","8":"product_cat-bijna-verboden","9":"product_cat-cathinonen","10":"product_tag-34-dmmc-kopen","11":"product_tag-nl","13":"first","14":"instock","15":"taxable","16":"shipping-taxable","17":"purchasable","18":"product-type-variable"},"_links":{"self":[{"href":"https:\/\/onderzoekschemicals.com\/da\/wp-json\/wp\/v2\/product\/23869","targetHints":{"allow":["GET"]}}],"collection":[{"href":"https:\/\/onderzoekschemicals.com\/da\/wp-json\/wp\/v2\/product"}],"about":[{"href":"https:\/\/onderzoekschemicals.com\/da\/wp-json\/wp\/v2\/types\/product"}],"replies":[{"embeddable":true,"href":"https:\/\/onderzoekschemicals.com\/da\/wp-json\/wp\/v2\/comments?post=23869"}],"version-history":[{"count":5,"href":"https:\/\/onderzoekschemicals.com\/da\/wp-json\/wp\/v2\/product\/23869\/revisions"}],"predecessor-version":[{"id":27928,"href":"https:\/\/onderzoekschemicals.com\/da\/wp-json\/wp\/v2\/product\/23869\/revisions\/27928"}],"wp:featuredmedia":[{"embeddable":true,"href":"https:\/\/onderzoekschemicals.com\/da\/wp-json\/wp\/v2\/media\/29203"}],"wp:attachment":[{"href":"https:\/\/onderzoekschemicals.com\/da\/wp-json\/wp\/v2\/media?parent=23869"}],"wp:term":[{"taxonomy":"product_brand","embeddable":true,"href":"https:\/\/onderzoekschemicals.com\/da\/wp-json\/wp\/v2\/product_brand?post=23869"},{"taxonomy":"product_cat","embeddable":true,"href":"https:\/\/onderzoekschemicals.com\/da\/wp-json\/wp\/v2\/product_cat?post=23869"},{"taxonomy":"product_tag","embeddable":true,"href":"https:\/\/onderzoekschemicals.com\/da\/wp-json\/wp\/v2\/product_tag?post=23869"}],"curies":[{"name":"wp","href":"https:\/\/api.w.org\/{rel}","templated":true}]}}