{"id":23751,"date":"2025-04-13T17:40:22","date_gmt":"2025-04-13T17:40:22","guid":{"rendered":"https:\/\/onderzoekschemicals.com\/?post_type=product&#038;p=23751"},"modified":"2025-11-28T07:42:26","modified_gmt":"2025-11-28T07:42:26","slug":"chem-mist-2f-dck-spray-30","status":"publish","type":"product","link":"https:\/\/onderzoekschemicals.com\/da\/shop\/2f-dck-kopen\/chem-mist-2f-dck-spray-30\/","title":{"rendered":"Chem-mist 2F-DCK spray 30%"},"content":{"rendered":"<p data-start=\"4870\" data-end=\"5213\"><strong data-start=\"4870\" data-end=\"4900\">Chem Mist 2F-DCK Spray 30%<\/strong> er en <strong data-start=\"4908\" data-end=\"4942\">analytisk referencemateriale<\/strong> at <strong data-start=\"4947\" data-end=\"4985\">2-fluordeschlorketamin (2F-DCK)<\/strong> indeholder en forbindelse fra <strong data-start=\"5015\" data-end=\"5045\">arylcyclohexylaminklasse<\/strong>Chem Mist 2F DCK Spray<br data-start=\"5046\" data-end=\"5049\" \/>Det bruges i <strong data-start=\"5071\" data-end=\"5113\">retsmedicinske og analytiske laboratorier<\/strong> til udvikling af analytiske metoder, kalibrering og identifikation af kemiske forbindelser.<\/p>\n<p data-start=\"5215\" data-end=\"5332\">Dette produkt er <strong data-start=\"5230\" data-end=\"5268\">kun beregnet til forskningsform\u00e5l<\/strong> og <strong data-start=\"5272\" data-end=\"5329\">ikke egnet til menneskelig eller animalsk konsum<\/strong>.<\/p>\n<hr data-start=\"5334\" data-end=\"5337\" \/>\n<h3 data-start=\"5339\" data-end=\"5370\"><strong data-start=\"5343\" data-end=\"5370\">N\u00f8glefunktioner<\/strong><\/h3>\n<ul data-start=\"5372\" data-end=\"5862\">\n<li data-start=\"5372\" data-end=\"5481\">\n<p data-start=\"5374\" data-end=\"5481\"><strong data-start=\"5374\" data-end=\"5394\">H\u00f8j renhed:<\/strong> Fremstillet under streng kvalitetskontrol for p\u00e5lidelige forskningsresultater.<\/p>\n<\/li>\n<li data-start=\"5482\" data-end=\"5577\">\n<p data-start=\"5484\" data-end=\"5577\"><strong data-start=\"5484\" data-end=\"5520\">Standardiseret koncentration:<\/strong> 30%-l\u00f8sning til pr\u00e6cis analytisk kalibrering.<\/p>\n<\/li>\n<li data-start=\"5578\" data-end=\"5665\">\n<p data-start=\"5580\" data-end=\"5665\"><strong data-start=\"5580\" data-end=\"5613\">Certificeret dokumentation:<\/strong> Leveres med analysecertifikat og batchdata.<\/p>\n<\/li>\n<li data-start=\"5666\" data-end=\"5765\">\n<p data-start=\"5668\" data-end=\"5765\"><strong data-start=\"5668\" data-end=\"5699\">Analytisk Bredt anvendelig:<\/strong> Velegnet til <strong data-start=\"5714\" data-end=\"5723\">GC-MS<\/strong>, <strong data-start=\"5725\" data-end=\"5737\">LC-MS\/MS<\/strong> og <strong data-start=\"5741\" data-end=\"5749\">HPLC<\/strong> applikationer.<\/p>\n<\/li>\n<li data-start=\"5766\" data-end=\"5862\">\n<p data-start=\"5768\" data-end=\"5862\"><strong data-start=\"5768\" data-end=\"5793\">Stabil formulering:<\/strong> Designet til langtidsopbevaring under laboratorieforhold. Chem Mist 2F DCK Spray<\/p>\n<\/li>\n<\/ul>\n<hr data-start=\"5864\" data-end=\"5867\" \/>\n<h3 data-start=\"5869\" data-end=\"5886\"><strong data-start=\"5873\" data-end=\"5886\">Fordele<\/strong><\/h3>\n<ul data-start=\"5888\" data-end=\"6339\">\n<li data-start=\"5888\" data-end=\"5979\">\n<p data-start=\"5890\" data-end=\"5979\"><strong data-start=\"5890\" data-end=\"5916\">Retsmedicinsk anvendelig:<\/strong> St\u00f8tter forskning i arylcyclohexylaminforbindelser.<\/p>\n<\/li>\n<li data-start=\"5980\" data-end=\"6069\">\n<p data-start=\"5982\" data-end=\"6069\"><strong data-start=\"5982\" data-end=\"6009\">P\u00e5lidelig kalibrering:<\/strong> Sikrer ensartede og reproducerbare m\u00e5leresultater.<\/p>\n<\/li>\n<li data-start=\"6070\" data-end=\"6163\">\n<p data-start=\"6072\" data-end=\"6163\"><strong data-start=\"6072\" data-end=\"6117\">Underst\u00f8tter metodologisk udvikling:<\/strong> Velegnet til detektions- og analysemetoder.<\/p>\n<\/li>\n<li data-start=\"6164\" data-end=\"6246\">\n<p data-start=\"6166\" data-end=\"6246\"><strong data-start=\"6166\" data-end=\"6188\">Uddannelsesm\u00e6ssig v\u00e6rdi:<\/strong> Kan bruges i akademiske forskningsprojekter.<\/p>\n<\/li>\n<li data-start=\"6247\" data-end=\"6339\">\n<p data-start=\"6249\" data-end=\"6339\"><strong data-start=\"6249\" data-end=\"6276\">Sikker og kompatibel:<\/strong> Fremstillet i henhold til internationale laboratorieretningslinjer.<\/p>\n<\/li>\n<\/ul>\n<hr data-start=\"6341\" data-end=\"6344\" \/>\n<h3 data-start=\"6346\" data-end=\"6407\"><strong data-start=\"6350\" data-end=\"6407\">Brugsanvisning (kun til forskningsform\u00e5l)<\/strong><\/h3>\n<ol data-start=\"6409\" data-end=\"6758\">\n<li data-start=\"6409\" data-end=\"6511\">\n<p data-start=\"6412\" data-end=\"6511\"><strong data-start=\"6412\" data-end=\"6426\">H\u00e5ndtering:<\/strong> M\u00e5 kun anvendes i akkrediterede laboratorier under opsyn af kvalificeret personale.<\/p>\n<\/li>\n<li data-start=\"6512\" data-end=\"6609\">\n<p data-start=\"6515\" data-end=\"6609\"><strong data-start=\"6515\" data-end=\"6530\">Anvendelse:<\/strong> Brug i henhold til validerede protokoller i et godt ventileret milj\u00f8.<\/p>\n<\/li>\n<li data-start=\"6610\" data-end=\"6673\">\n<p data-start=\"6613\" data-end=\"6673\"><strong data-start=\"6613\" data-end=\"6624\">Opbevaring:<\/strong> Opbevares k\u00f8ligt, t\u00f8rt og m\u00f8rkt, godt lukket.<\/p>\n<\/li>\n<li data-start=\"6674\" data-end=\"6758\">\n<p data-start=\"6677\" data-end=\"6758\"><strong data-start=\"6677\" data-end=\"6688\">Bortskaffelse:<\/strong> Bortskaf rester i overensstemmelse med lokale regler for kemisk affald.<\/p>\n<\/li>\n<\/ol>\n<hr data-start=\"6760\" data-end=\"6763\" \/>\n<h3 data-start=\"6765\" data-end=\"6799\"><strong data-start=\"6769\" data-end=\"6799\">Sikkerhed og overholdelse<\/strong><\/h3>\n<ul data-start=\"6801\" data-end=\"7239\">\n<li data-start=\"6801\" data-end=\"6896\">\n<p data-start=\"6803\" data-end=\"6896\"><strong data-start=\"6803\" data-end=\"6839\">Kun til laboratoriebrug:<\/strong> Ikke egnet til konsum af mennesker eller dyr.<\/p>\n<\/li>\n<li data-start=\"6897\" data-end=\"7009\">\n<p data-start=\"6899\" data-end=\"7009\"><strong data-start=\"6899\" data-end=\"6927\">Juridiske overvejelser:<\/strong> Status for 2F-DCK varierer fra land til land; tjek altid lokale regler.<\/p>\n<\/li>\n<li data-start=\"7010\" data-end=\"7114\">\n<p data-start=\"7012\" data-end=\"7114\"><strong data-start=\"7012\" data-end=\"7040\">Sundhed og sikkerhed:<\/strong> Undg\u00e5 hudkontakt og ind\u00e5nding; brug passende beskyttelsesudstyr.<\/p>\n<\/li>\n<li data-start=\"7115\" data-end=\"7239\">\n<p data-start=\"7117\" data-end=\"7239\"><strong data-start=\"7117\" data-end=\"7134\">Dokumentation:<\/strong> EN <strong data-start=\"7139\" data-end=\"7175\">sikkerhedsdatablad (MSDS)<\/strong> og <strong data-start=\"7179\" data-end=\"7207\">analysecertifikat (COA)<\/strong> er tilg\u00e6ngelige efter anmodning.<\/p>\n<\/li>\n<\/ul>\n<hr data-start=\"7241\" data-end=\"7244\" \/>\n<h3 data-start=\"7246\" data-end=\"7281\"><strong data-start=\"7250\" data-end=\"7281\">Ofte stillede sp\u00f8rgsm\u00e5l (FAQ)<\/strong><\/h3>\n<p data-start=\"7283\" data-end=\"7478\"><strong data-start=\"7283\" data-end=\"7341\">1. Hvad bruges Chem Mist 2F-DCK Spray 30% til?<\/strong><br data-start=\"7341\" data-end=\"7344\" \/>Det bruges som <strong data-start=\"7367\" data-end=\"7390\">referencel\u00f8sning<\/strong> i retsmedicinske og analytiske laboratorier til metodeudvikling og identifikation.<\/p>\n<p data-start=\"7480\" data-end=\"7641\"><strong data-start=\"7480\" data-end=\"7538\">2. Er dette produkt egnet til konsum?<\/strong><br data-start=\"7538\" data-end=\"7541\" \/>Nej. Det er <strong data-start=\"7553\" data-end=\"7591\">kun beregnet til forskningsform\u00e5l<\/strong> og <strong data-start=\"7595\" data-end=\"7638\">ikke godkendt til human brug<\/strong>.<\/p>\n<p data-start=\"7643\" data-end=\"7788\"><strong data-start=\"7643\" data-end=\"7704\">3. Hvordan skal Chem Mist 2F-DCK Spray 30% opbevares?<\/strong><br data-start=\"7704\" data-end=\"7707\" \/>Opbevares k\u00f8ligt, t\u00f8rt og m\u00f8rkt, t\u00e6t lukket og utilg\u00e6ngeligt for uvedkommende.<\/p>","protected":false},"excerpt":{"rendered":"<h2><span style=\"vertical-align: inherit;\"><span style=\"vertical-align: inherit;\">Chem-mist 2F-DCK 30% Vanilla Sky egenskaber<\/span><\/span><\/h2>\n<p><strong><span style=\"vertical-align: inherit;\"><span style=\"vertical-align: inherit;\">Synonym:<\/span><\/span><\/strong><span style=\"vertical-align: inherit;\"><span style=\"vertical-align: inherit;\"> 2-fluorodeschlorketamin HCl <\/span><\/span><br \/>\n<strong><span style=\"vertical-align: inherit;\"><span style=\"vertical-align: inherit;\">CAS-nummer:<\/span><\/span><\/strong><span style=\"vertical-align: inherit;\"><span style=\"vertical-align: inherit;\"> 111982-49-1 <\/span><\/span><br \/>\n<strong><span style=\"vertical-align: inherit;\"><span style=\"vertical-align: inherit;\">Formel:<\/span><\/span><\/strong><span style=\"vertical-align: inherit;\"><span style=\"vertical-align: inherit;\"> 2-(2-fluorphenyl)-2-(methylamino)-cyclohexanon <\/span><\/span><br \/>\n<strong><span style=\"vertical-align: inherit;\"><span style=\"vertical-align: inherit;\">Mol\u00e6r masse:<\/span><\/span><\/strong><span style=\"vertical-align: inherit;\"><span style=\"vertical-align: inherit;\"> 257,7 g\/mol <\/span><\/span><br \/>\n<strong><span style=\"vertical-align: inherit;\"><span style=\"vertical-align: inherit;\">Renhed:<\/span><\/span><\/strong><span style=\"vertical-align: inherit;\"><span style=\"vertical-align: inherit;\"> &gt;98%<\/span><\/span><\/p>","protected":false},"featured_media":29305,"comment_status":"closed","ping_status":"closed","template":"","meta":[],"product_brand":[],"product_cat":[474,498,71,471,396],"product_tag":[1115,1116,1117,326,472],"class_list":{"0":"post-23751","1":"product","2":"type-product","3":"status-publish","4":"has-post-thumbnail","6":"product_cat-2f-dck-kopen","7":"product_cat-2f-dck-sprays","8":"product_cat-arylcyclohexylamine","9":"product_cat-chem-mist-sprays","10":"product_cat-liquid-rcs","11":"product_tag-chem-mist-2f-dck-spray","12":"product_tag-chem-mist-2f-dck-spray-30","13":"product_tag-chem-mist-2f-dck-spray-kopen","14":"product_tag-nl","15":"product_tag-spring-is-in-the-air","17":"first","18":"instock","19":"taxable","20":"shipping-taxable","21":"purchasable","22":"product-type-variable"},"_links":{"self":[{"href":"https:\/\/onderzoekschemicals.com\/da\/wp-json\/wp\/v2\/product\/23751","targetHints":{"allow":["GET"]}}],"collection":[{"href":"https:\/\/onderzoekschemicals.com\/da\/wp-json\/wp\/v2\/product"}],"about":[{"href":"https:\/\/onderzoekschemicals.com\/da\/wp-json\/wp\/v2\/types\/product"}],"replies":[{"embeddable":true,"href":"https:\/\/onderzoekschemicals.com\/da\/wp-json\/wp\/v2\/comments?post=23751"}],"version-history":[{"count":6,"href":"https:\/\/onderzoekschemicals.com\/da\/wp-json\/wp\/v2\/product\/23751\/revisions"}],"predecessor-version":[{"id":27959,"href":"https:\/\/onderzoekschemicals.com\/da\/wp-json\/wp\/v2\/product\/23751\/revisions\/27959"}],"wp:featuredmedia":[{"embeddable":true,"href":"https:\/\/onderzoekschemicals.com\/da\/wp-json\/wp\/v2\/media\/29305"}],"wp:attachment":[{"href":"https:\/\/onderzoekschemicals.com\/da\/wp-json\/wp\/v2\/media?parent=23751"}],"wp:term":[{"taxonomy":"product_brand","embeddable":true,"href":"https:\/\/onderzoekschemicals.com\/da\/wp-json\/wp\/v2\/product_brand?post=23751"},{"taxonomy":"product_cat","embeddable":true,"href":"https:\/\/onderzoekschemicals.com\/da\/wp-json\/wp\/v2\/product_cat?post=23751"},{"taxonomy":"product_tag","embeddable":true,"href":"https:\/\/onderzoekschemicals.com\/da\/wp-json\/wp\/v2\/product_tag?post=23751"}],"curies":[{"name":"wp","href":"https:\/\/api.w.org\/{rel}","templated":true}]}}