{"id":23662,"date":"2025-04-13T17:40:11","date_gmt":"2025-04-13T17:40:11","guid":{"rendered":"https:\/\/onderzoekschemicals.com\/?post_type=product&#038;p=23662"},"modified":"2025-11-28T07:56:51","modified_gmt":"2025-11-28T07:56:51","slug":"flualprazolam-1-mg-pellets","status":"publish","type":"product","link":"https:\/\/onderzoekschemicals.com\/da\/shop\/verboden\/flualprazolam-1-mg-pellets\/","title":{"rendered":"Flualprazolam 1 MG pellets"},"content":{"rendered":"<div id=\"content_tab_description\" class=\"tab-content tab-description\">\n<div class=\"tab-content-inner\">\n<div class=\"tab-content-scroll\">\n<h3 data-start=\"5067\" data-end=\"5086\"><strong data-start=\"5071\" data-end=\"5086\"><span dir=\"auto\" style=\"vertical-align: inherit;\"><span dir=\"auto\" style=\"vertical-align: inherit;\">Indledning<\/span><\/span><\/strong><\/h3>\n<p data-start=\"5088\" data-end=\"5367\"><strong data-start=\"5088\" data-end=\"5105\"><span dir=\"auto\" style=\"vertical-align: inherit;\"><span dir=\"auto\" style=\"vertical-align: inherit;\">Flualprazolam<\/span><\/span><\/strong><span dir=\"auto\" style=\"vertical-align: inherit;\"><span dir=\"auto\" style=\"vertical-align: inherit;\"> er en <\/span><\/span><strong data-start=\"5113\" data-end=\"5151\"><span dir=\"auto\" style=\"vertical-align: inherit;\"><span dir=\"auto\" style=\"vertical-align: inherit;\">triazolo-benzodiazepinforbindelse<\/span><\/span><\/strong><span dir=\"auto\" style=\"vertical-align: inherit;\"><span dir=\"auto\" style=\"vertical-align: inherit;\"> , strukturelt relateret til <\/span><\/span><strong data-start=\"5177\" data-end=\"5191\"><span dir=\"auto\" style=\"vertical-align: inherit;\"><span dir=\"auto\" style=\"vertical-align: inherit;\">alprazolam<\/span><\/span><\/strong><span dir=\"auto\" style=\"vertical-align: inherit;\"><span dir=\"auto\" style=\"vertical-align: inherit;\"> og <\/span><\/span><strong data-start=\"5195\" data-end=\"5212\"><span dir=\"auto\" style=\"vertical-align: inherit;\"><span dir=\"auto\" style=\"vertical-align: inherit;\">flubromazolam<\/span><\/span><\/strong><span dir=\"auto\" style=\"vertical-align: inherit;\"><span dir=\"auto\" style=\"vertical-align: inherit;\"> Flualprazolam <\/span><\/span><br data-start=\"5213\" data-end=\"5216\" \/><span dir=\"auto\" style=\"vertical-align: inherit;\"><span dir=\"auto\" style=\"vertical-align: inherit;\">bruges som <\/span><\/span><strong data-start=\"5239\" data-end=\"5262\"><span dir=\"auto\" style=\"vertical-align: inherit;\"><span dir=\"auto\" style=\"vertical-align: inherit;\">et referencemateriale<\/span><\/span><\/strong><span dir=\"auto\" style=\"vertical-align: inherit;\"><span dir=\"auto\" style=\"vertical-align: inherit;\"> i <\/span><\/span><strong data-start=\"5266\" data-end=\"5308\"><span dir=\"auto\" style=\"vertical-align: inherit;\"><span dir=\"auto\" style=\"vertical-align: inherit;\">retsmedicinske og analytiske laboratorier<\/span><\/span><\/strong><span dir=\"auto\" style=\"vertical-align: inherit;\"><span dir=\"auto\" style=\"vertical-align: inherit;\"> for <\/span><\/span><strong data-start=\"5314\" data-end=\"5364\"><span dir=\"auto\" style=\"vertical-align: inherit;\"><span dir=\"auto\" style=\"vertical-align: inherit;\">kalibrering, identifikation og metodevalidering<\/span><\/span><\/strong><span dir=\"auto\" style=\"vertical-align: inherit;\"><span dir=\"auto\" style=\"vertical-align: inherit;\"> .<\/span><\/span><\/p>\n<p data-start=\"5369\" data-end=\"5596\"><span dir=\"auto\" style=\"vertical-align: inherit;\"><span dir=\"auto\" style=\"vertical-align: inherit;\">De <\/span><\/span><strong data-start=\"5372\" data-end=\"5391\"><span dir=\"auto\" style=\"vertical-align: inherit;\"><span dir=\"auto\" style=\"vertical-align: inherit;\">1 mg pelletform<\/span><\/span><\/strong><span dir=\"auto\" style=\"vertical-align: inherit;\"><span dir=\"auto\" style=\"vertical-align: inherit;\"> tilbyder standardiseret dosering og pr\u00e6cis reproducerbarhed. <\/span><\/span><br data-start=\"5461\" data-end=\"5464\" \/><span dir=\"auto\" style=\"vertical-align: inherit;\"><span dir=\"auto\" style=\"vertical-align: inherit;\">Dette produkt er <\/span><\/span><strong data-start=\"5479\" data-end=\"5534\"><span dir=\"auto\" style=\"vertical-align: inherit;\"><span dir=\"auto\" style=\"vertical-align: inherit;\">kun beregnet til videnskabelig forskning<\/span><\/span><\/strong><span dir=\"auto\" style=\"vertical-align: inherit;\"><span dir=\"auto\" style=\"vertical-align: inherit;\"> og <\/span><\/span><strong data-start=\"5538\" data-end=\"5595\"><span dir=\"auto\" style=\"vertical-align: inherit;\"><span dir=\"auto\" style=\"vertical-align: inherit;\">er ikke egnet til konsum af mennesker eller dyr<\/span><\/span><\/strong><span dir=\"auto\" style=\"vertical-align: inherit;\"><span dir=\"auto\" style=\"vertical-align: inherit;\"> .<\/span><\/span><\/p>\n<hr data-start=\"5598\" data-end=\"5601\" \/>\n<h3 data-start=\"5603\" data-end=\"5634\"><strong data-start=\"5607\" data-end=\"5634\"><span dir=\"auto\" style=\"vertical-align: inherit;\"><span dir=\"auto\" style=\"vertical-align: inherit;\">N\u00f8glefunktioner<\/span><\/span><\/strong><\/h3>\n<ul data-start=\"5636\" data-end=\"6067\">\n<li data-start=\"5636\" data-end=\"5722\">\n<p data-start=\"5638\" data-end=\"5722\"><strong data-start=\"5638\" data-end=\"5658\"><span dir=\"auto\" style=\"vertical-align: inherit;\"><span dir=\"auto\" style=\"vertical-align: inherit;\">H\u00f8j renhed:<\/span><\/span><\/strong><span dir=\"auto\" style=\"vertical-align: inherit;\"><span dir=\"auto\" style=\"vertical-align: inherit;\"> Produceret under kontrollerede laboratorieforhold.<\/span><\/span><\/p>\n<\/li>\n<li data-start=\"5723\" data-end=\"5804\">\n<p data-start=\"5725\" data-end=\"5804\"><strong data-start=\"5725\" data-end=\"5757\"><span dir=\"auto\" style=\"vertical-align: inherit;\"><span dir=\"auto\" style=\"vertical-align: inherit;\">Standardiseret dosering:<\/span><\/span><\/strong><span dir=\"auto\" style=\"vertical-align: inherit;\"><span dir=\"auto\" style=\"vertical-align: inherit;\"> 1 mg pr. pellet for ensartede resultater.<\/span><\/span><\/p>\n<\/li>\n<li data-start=\"5805\" data-end=\"5910\">\n<p data-start=\"5807\" data-end=\"5910\"><strong data-start=\"5807\" data-end=\"5846\"><span dir=\"auto\" style=\"vertical-align: inherit;\"><span dir=\"auto\" style=\"vertical-align: inherit;\">Certificeret referencemateriale:<\/span><\/span><\/strong><span dir=\"auto\" style=\"vertical-align: inherit;\"><span dir=\"auto\" style=\"vertical-align: inherit;\"> Leveres med <\/span><\/span><strong data-start=\"5860\" data-end=\"5888\"><span dir=\"auto\" style=\"vertical-align: inherit;\"><span dir=\"auto\" style=\"vertical-align: inherit;\">Analysecertifikat (COA)<\/span><\/span><\/strong><span dir=\"auto\" style=\"vertical-align: inherit;\"><span dir=\"auto\" style=\"vertical-align: inherit;\"> og batchinformation.<\/span><\/span><\/p>\n<\/li>\n<li data-start=\"5911\" data-end=\"6007\">\n<p data-start=\"5913\" data-end=\"6007\"><strong data-start=\"5913\" data-end=\"5944\"><span dir=\"auto\" style=\"vertical-align: inherit;\"><span dir=\"auto\" style=\"vertical-align: inherit;\">Analytisk Alsidig:<\/span><\/span><\/strong><span dir=\"auto\" style=\"vertical-align: inherit;\"><span dir=\"auto\" style=\"vertical-align: inherit;\"> Velegnet til <\/span><\/span><strong data-start=\"5959\" data-end=\"5967\"><span dir=\"auto\" style=\"vertical-align: inherit;\"><span dir=\"auto\" style=\"vertical-align: inherit;\">HPLC<\/span><\/span><\/strong><span dir=\"auto\" style=\"vertical-align: inherit;\"><span dir=\"auto\" style=\"vertical-align: inherit;\"> , <\/span><\/span><strong data-start=\"5969\" data-end=\"5981\"><span dir=\"auto\" style=\"vertical-align: inherit;\"><span dir=\"auto\" style=\"vertical-align: inherit;\">LC-MS\/MS<\/span><\/span><\/strong><span dir=\"auto\" style=\"vertical-align: inherit;\"><span dir=\"auto\" style=\"vertical-align: inherit;\"> , og <\/span><\/span><strong data-start=\"5986\" data-end=\"5995\"><span dir=\"auto\" style=\"vertical-align: inherit;\"><span dir=\"auto\" style=\"vertical-align: inherit;\">GC-MS<\/span><\/span><\/strong><span dir=\"auto\" style=\"vertical-align: inherit;\"><span dir=\"auto\" style=\"vertical-align: inherit;\"> analyser.<\/span><\/span><\/p>\n<\/li>\n<li data-start=\"6008\" data-end=\"6067\">\n<p data-start=\"6010\" data-end=\"6067\"><strong data-start=\"6010\" data-end=\"6031\"><span dir=\"auto\" style=\"vertical-align: inherit;\"><span dir=\"auto\" style=\"vertical-align: inherit;\">Stabil formel:<\/span><\/span><\/strong><span dir=\"auto\" style=\"vertical-align: inherit;\"><span dir=\"auto\" style=\"vertical-align: inherit;\"> Designet til langtidsopbevaring.<\/span><\/span><\/p>\n<\/li>\n<\/ul>\n<hr data-start=\"6069\" data-end=\"6072\" \/>\n<h3 data-start=\"6074\" data-end=\"6091\"><strong data-start=\"6078\" data-end=\"6091\"><span dir=\"auto\" style=\"vertical-align: inherit;\"><span dir=\"auto\" style=\"vertical-align: inherit;\">Fordele<\/span><\/span><\/strong><\/h3>\n<ul data-start=\"6093\" data-end=\"6503\">\n<li data-start=\"6093\" data-end=\"6176\">\n<p data-start=\"6095\" data-end=\"6176\"><strong data-start=\"6095\" data-end=\"6122\"><span dir=\"auto\" style=\"vertical-align: inherit;\"><span dir=\"auto\" style=\"vertical-align: inherit;\">Retsmedicinsk ans\u00f8gning:<\/span><\/span><\/strong><span dir=\"auto\" style=\"vertical-align: inherit;\"><span dir=\"auto\" style=\"vertical-align: inherit;\"> Velegnet til detektion af benzodiazepinanaloger.<\/span><\/span><\/p>\n<\/li>\n<li data-start=\"6177\" data-end=\"6266\">\n<p data-start=\"6179\" data-end=\"6266\"><strong data-start=\"6179\" data-end=\"6206\"><span dir=\"auto\" style=\"vertical-align: inherit;\"><span dir=\"auto\" style=\"vertical-align: inherit;\">P\u00e5lidelig kalibrering:<\/span><\/span><\/strong><span dir=\"auto\" style=\"vertical-align: inherit;\"><span dir=\"auto\" style=\"vertical-align: inherit;\"> Sikrer reproducerbare og n\u00f8jagtige m\u00e5leresultater.<\/span><\/span><\/p>\n<\/li>\n<li data-start=\"6267\" data-end=\"6344\">\n<p data-start=\"6269\" data-end=\"6344\"><strong data-start=\"6269\" data-end=\"6291\"><span dir=\"auto\" style=\"vertical-align: inherit;\"><span dir=\"auto\" style=\"vertical-align: inherit;\">Uddannelsesm\u00e6ssig v\u00e6rdi:<\/span><\/span><\/strong><span dir=\"auto\" style=\"vertical-align: inherit;\"><span dir=\"auto\" style=\"vertical-align: inherit;\"> Velegnet til akademisk og analytisk tr\u00e6ning.<\/span><\/span><\/p>\n<\/li>\n<li data-start=\"6345\" data-end=\"6404\">\n<p data-start=\"6347\" data-end=\"6404\"><strong data-start=\"6347\" data-end=\"6376\"><span dir=\"auto\" style=\"vertical-align: inherit;\"><span dir=\"auto\" style=\"vertical-align: inherit;\">Sikker og dokumenteret:<\/span><\/span><\/strong><span dir=\"auto\" style=\"vertical-align: inherit;\"><span dir=\"auto\" style=\"vertical-align: inherit;\"> Leveres med sikkerhedsdatablad og \u00e6gthedscertifikat.<\/span><\/span><\/p>\n<\/li>\n<li data-start=\"6405\" data-end=\"6503\">\n<p data-start=\"6407\" data-end=\"6503\"><strong data-start=\"6407\" data-end=\"6442\"><span dir=\"auto\" style=\"vertical-align: inherit;\"><span dir=\"auto\" style=\"vertical-align: inherit;\">Overholder laboratoriestandarder:<\/span><\/span><\/strong><span dir=\"auto\" style=\"vertical-align: inherit;\"><span dir=\"auto\" style=\"vertical-align: inherit;\"> Fremstillet i henhold til internationale kvalitetsretningslinjer.<\/span><\/span><\/p>\n<\/li>\n<\/ul>\n<hr data-start=\"6505\" data-end=\"6508\" \/>\n<h3 data-start=\"6510\" data-end=\"6571\"><strong data-start=\"6514\" data-end=\"6571\"><span dir=\"auto\" style=\"vertical-align: inherit;\"><span dir=\"auto\" style=\"vertical-align: inherit;\">Brugsanvisning (kun til forskningsform\u00e5l)<\/span><\/span><\/strong><\/h3>\n<ol data-start=\"6573\" data-end=\"6908\">\n<li data-start=\"6573\" data-end=\"6675\">\n<p data-start=\"6576\" data-end=\"6675\"><strong data-start=\"6576\" data-end=\"6590\"><span dir=\"auto\" style=\"vertical-align: inherit;\"><span dir=\"auto\" style=\"vertical-align: inherit;\">H\u00e5ndtering:<\/span><\/span><\/strong><span dir=\"auto\" style=\"vertical-align: inherit;\"><span dir=\"auto\" style=\"vertical-align: inherit;\"> M\u00e5 kun anvendes i akkrediterede laboratorier med passende sikkerhedsudstyr.<\/span><\/span><\/p>\n<\/li>\n<li data-start=\"6676\" data-end=\"6753\">\n<p data-start=\"6679\" data-end=\"6753\"><strong data-start=\"6679\" data-end=\"6697\"><span dir=\"auto\" style=\"vertical-align: inherit;\"><span dir=\"auto\" style=\"vertical-align: inherit;\">Forberedelse:<\/span><\/span><\/strong><span dir=\"auto\" style=\"vertical-align: inherit;\"><span dir=\"auto\" style=\"vertical-align: inherit;\"> Brug pellets i henhold til validerede analytiske metoder.<\/span><\/span><\/p>\n<\/li>\n<li data-start=\"6754\" data-end=\"6817\">\n<p data-start=\"6757\" data-end=\"6817\"><strong data-start=\"6757\" data-end=\"6768\"><span dir=\"auto\" style=\"vertical-align: inherit;\"><span dir=\"auto\" style=\"vertical-align: inherit;\">Opbevaring:<\/span><\/span><\/strong><span dir=\"auto\" style=\"vertical-align: inherit;\"><span dir=\"auto\" style=\"vertical-align: inherit;\"> Opbevares k\u00f8ligt, t\u00f8rt og m\u00f8rkt, t\u00e6t lukket.<\/span><\/span><\/p>\n<\/li>\n<li data-start=\"6818\" data-end=\"6908\">\n<p data-start=\"6821\" data-end=\"6908\"><strong data-start=\"6821\" data-end=\"6832\"><span dir=\"auto\" style=\"vertical-align: inherit;\"><span dir=\"auto\" style=\"vertical-align: inherit;\">Bortskaffelse:<\/span><\/span><\/strong><span dir=\"auto\" style=\"vertical-align: inherit;\"><span dir=\"auto\" style=\"vertical-align: inherit;\"> Bortskaf rester i overensstemmelse med lokale regler for h\u00e5ndtering af kemisk affald.<\/span><\/span><\/p>\n<\/li>\n<\/ol>\n<hr data-start=\"6910\" data-end=\"6913\" \/>\n<h3 data-start=\"6915\" data-end=\"6949\"><strong data-start=\"6919\" data-end=\"6949\"><span dir=\"auto\" style=\"vertical-align: inherit;\"><span dir=\"auto\" style=\"vertical-align: inherit;\">Sikkerhed og overholdelse<\/span><\/span><\/strong><\/h3>\n<ul data-start=\"6951\" data-end=\"7400\">\n<li data-start=\"6951\" data-end=\"7045\">\n<p data-start=\"6953\" data-end=\"7045\"><strong data-start=\"6953\" data-end=\"6989\"><span dir=\"auto\" style=\"vertical-align: inherit;\"><span dir=\"auto\" style=\"vertical-align: inherit;\">Kun til laboratoriebrug:<\/span><\/span><\/strong><span dir=\"auto\" style=\"vertical-align: inherit;\"><span dir=\"auto\" style=\"vertical-align: inherit;\"> Ikke beregnet til konsum af mennesker eller dyr.<\/span><\/span><\/p>\n<\/li>\n<li data-start=\"7046\" data-end=\"7176\">\n<p data-start=\"7048\" data-end=\"7176\"><strong data-start=\"7048\" data-end=\"7076\"><span dir=\"auto\" style=\"vertical-align: inherit;\"><span dir=\"auto\" style=\"vertical-align: inherit;\">Juridiske overvejelser:<\/span><\/span><\/strong><span dir=\"auto\" style=\"vertical-align: inherit;\"><span dir=\"auto\" style=\"vertical-align: inherit;\"> Flualprazolam er et kontrolleret stof; tjek dine lokale regler.<\/span><\/span><\/p>\n<\/li>\n<li data-start=\"7177\" data-end=\"7275\">\n<p data-start=\"7179\" data-end=\"7275\"><strong data-start=\"7179\" data-end=\"7207\"><span dir=\"auto\" style=\"vertical-align: inherit;\"><span dir=\"auto\" style=\"vertical-align: inherit;\">Sundhed og sikkerhed:<\/span><\/span><\/strong><span dir=\"auto\" style=\"vertical-align: inherit;\"><span dir=\"auto\" style=\"vertical-align: inherit;\"> Undg\u00e5 hudkontakt, ind\u00e5nding og indtagelse; brug passende personlige v\u00e6rnemidler.<\/span><\/span><\/p>\n<\/li>\n<li data-start=\"7276\" data-end=\"7400\">\n<p data-start=\"7278\" data-end=\"7400\"><strong data-start=\"7278\" data-end=\"7295\"><span dir=\"auto\" style=\"vertical-align: inherit;\"><span dir=\"auto\" style=\"vertical-align: inherit;\">Dokumentation:<\/span><\/span><\/strong><span dir=\"auto\" style=\"vertical-align: inherit;\"><span dir=\"auto\" style=\"vertical-align: inherit;\"> EN <\/span><\/span><strong data-start=\"7300\" data-end=\"7336\"><span dir=\"auto\" style=\"vertical-align: inherit;\"><span dir=\"auto\" style=\"vertical-align: inherit;\">Sikkerhedsdatablad (MSDS)<\/span><\/span><\/strong><span dir=\"auto\" style=\"vertical-align: inherit;\"><span dir=\"auto\" style=\"vertical-align: inherit;\"> og <\/span><\/span><strong data-start=\"7340\" data-end=\"7368\"><span dir=\"auto\" style=\"vertical-align: inherit;\"><span dir=\"auto\" style=\"vertical-align: inherit;\">Analysecertifikat (COA)<\/span><\/span><\/strong><span dir=\"auto\" style=\"vertical-align: inherit;\"><span dir=\"auto\" style=\"vertical-align: inherit;\"> er tilg\u00e6ngelige efter anmodning.<\/span><\/span><\/p>\n<\/li>\n<\/ul>\n<hr data-start=\"7402\" data-end=\"7405\" \/>\n<h3 data-start=\"7407\" data-end=\"7442\"><strong data-start=\"7411\" data-end=\"7442\"><span dir=\"auto\" style=\"vertical-align: inherit;\"><span dir=\"auto\" style=\"vertical-align: inherit;\">Ofte stillede sp\u00f8rgsm\u00e5l (FAQ)<\/span><\/span><\/strong><\/h3>\n<p data-start=\"7444\" data-end=\"7596\"><strong data-start=\"7444\" data-end=\"7503\"><span dir=\"auto\" style=\"vertical-align: inherit;\"><span dir=\"auto\" style=\"vertical-align: inherit;\">1. Hvad anvendes Flualprazolam 1 mg pellets til?<\/span><\/span><\/strong><br data-start=\"7503\" data-end=\"7506\" \/><span dir=\"auto\" style=\"vertical-align: inherit;\"><span dir=\"auto\" style=\"vertical-align: inherit;\"> De bruges som <\/span><\/span><strong data-start=\"7529\" data-end=\"7552\"><span dir=\"auto\" style=\"vertical-align: inherit;\"><span dir=\"auto\" style=\"vertical-align: inherit;\">referencemateriale<\/span><\/span><\/strong><span dir=\"auto\" style=\"vertical-align: inherit;\"><span dir=\"auto\" style=\"vertical-align: inherit;\"> i retsmedicinsk og toksikologisk forskning.<\/span><\/span><\/p>\n<p data-start=\"7598\" data-end=\"7770\"><strong data-start=\"7598\" data-end=\"7659\"><span dir=\"auto\" style=\"vertical-align: inherit;\"><span dir=\"auto\" style=\"vertical-align: inherit;\">2. Er disse pellets egnede til konsum?<\/span><\/span><\/strong><br data-start=\"7659\" data-end=\"7662\" \/><span dir=\"auto\" style=\"vertical-align: inherit;\"><span dir=\"auto\" style=\"vertical-align: inherit;\"> Nej. Dette produkt er <\/span><\/span><strong data-start=\"7682\" data-end=\"7720\"><span dir=\"auto\" style=\"vertical-align: inherit;\"><span dir=\"auto\" style=\"vertical-align: inherit;\">kun til forskningsform\u00e5l<\/span><\/span><\/strong><span dir=\"auto\" style=\"vertical-align: inherit;\"><span dir=\"auto\" style=\"vertical-align: inherit;\"> og <\/span><\/span><strong data-start=\"7724\" data-end=\"7767\"><span dir=\"auto\" style=\"vertical-align: inherit;\"><span dir=\"auto\" style=\"vertical-align: inherit;\">er ikke godkendt til human brug<\/span><\/span><\/strong><span dir=\"auto\" style=\"vertical-align: inherit;\"><span dir=\"auto\" style=\"vertical-align: inherit;\"> .<\/span><\/span><\/p>\n<p data-start=\"7772\" data-end=\"7914\"><strong data-start=\"7772\" data-end=\"7830\"><span dir=\"auto\" style=\"vertical-align: inherit;\"><span dir=\"auto\" style=\"vertical-align: inherit;\">3. Hvordan skal Flualprazolam-pellets opbevares?<\/span><\/span><\/strong><br data-start=\"7830\" data-end=\"7833\" \/><span dir=\"auto\" style=\"vertical-align: inherit;\"><span dir=\"auto\" style=\"vertical-align: inherit;\"> Opbevares k\u00f8ligt, t\u00f8rt, m\u00f8rkt, t\u00e6t lukket og utilg\u00e6ngeligt for uautoriserede personer.<\/span><\/span><\/p>\n<\/div>\n<\/div>\n<\/div>","protected":false},"excerpt":{"rendered":"<h3><span data-sheets-value=\"{\" data-sheets-userformat=\"{\"><span style=\"vertical-align: inherit;\"><span style=\"vertical-align: inherit;\"><span dir=\"auto\" style=\"vertical-align: inherit;\"><span dir=\"auto\" style=\"vertical-align: inherit;\"><span dir=\"auto\" style=\"vertical-align: inherit;\"><span dir=\"auto\" style=\"vertical-align: inherit;\">Flualprazolam Pellets Properties<\/span><\/span><\/span><\/span><\/span><\/span><\/span><\/h3>\n<p><strong><span style=\"vertical-align: inherit;\"><span style=\"vertical-align: inherit;\"><span dir=\"auto\" style=\"vertical-align: inherit;\"><span dir=\"auto\" style=\"vertical-align: inherit;\"><span dir=\"auto\" style=\"vertical-align: inherit;\"><span dir=\"auto\" style=\"vertical-align: inherit;\">Synonym:<\/span><\/span><\/span><\/span><\/span><\/span><\/strong><span style=\"vertical-align: inherit;\"><span style=\"vertical-align: inherit;\"><span dir=\"auto\" style=\"vertical-align: inherit;\"><span dir=\"auto\" style=\"vertical-align: inherit;\"><span dir=\"auto\" style=\"vertical-align: inherit;\"><span dir=\"auto\" style=\"vertical-align: inherit;\"> Fluclazolam <\/span><\/span><\/span><\/span><\/span><\/span><br \/>\n<strong><span style=\"vertical-align: inherit;\"><span style=\"vertical-align: inherit;\"><span dir=\"auto\" style=\"vertical-align: inherit;\"><span dir=\"auto\" style=\"vertical-align: inherit;\"><span dir=\"auto\" style=\"vertical-align: inherit;\"><span dir=\"auto\" style=\"vertical-align: inherit;\">CAS Number:<\/span><\/span><\/span><\/span><\/span><\/span><\/strong><span style=\"vertical-align: inherit;\"><span style=\"vertical-align: inherit;\"><span dir=\"auto\" style=\"vertical-align: inherit;\"><span dir=\"auto\" style=\"vertical-align: inherit;\"><span dir=\"auto\" style=\"vertical-align: inherit;\"><span dir=\"auto\" style=\"vertical-align: inherit;\"> 28910-91-0 <\/span><\/span><\/span><\/span><\/span><\/span><br \/>\n<strong><span style=\"vertical-align: inherit;\"><span style=\"vertical-align: inherit;\"><span dir=\"auto\" style=\"vertical-align: inherit;\"><span dir=\"auto\" style=\"vertical-align: inherit;\"><span dir=\"auto\" style=\"vertical-align: inherit;\"><span dir=\"auto\" style=\"vertical-align: inherit;\">Formula:<\/span><\/span><\/span><\/span><\/span><\/span><\/strong><span style=\"vertical-align: inherit;\"><span style=\"vertical-align: inherit;\"><span dir=\"auto\" style=\"vertical-align: inherit;\"><span dir=\"auto\" style=\"vertical-align: inherit;\"><span dir=\"auto\" style=\"vertical-align: inherit;\"><span dir=\"auto\" style=\"vertical-align: inherit;\"> 8-chloro-6-(2-fluorophenyl)-1-methyl-4H-[1,2,4]triazolo[4,3-a][1,4]benzodiazepine <\/span><\/span><\/span><\/span><\/span><\/span><br \/>\n<strong><span style=\"vertical-align: inherit;\"><span style=\"vertical-align: inherit;\"><span dir=\"auto\" style=\"vertical-align: inherit;\"><span dir=\"auto\" style=\"vertical-align: inherit;\"><span dir=\"auto\" style=\"vertical-align: inherit;\"><span dir=\"auto\" style=\"vertical-align: inherit;\">Molar mass:<\/span><\/span><\/span><\/span><\/span><\/span><\/strong><span style=\"vertical-align: inherit;\"><span style=\"vertical-align: inherit;\"><span dir=\"auto\" style=\"vertical-align: inherit;\"><span dir=\"auto\" style=\"vertical-align: inherit;\"><span dir=\"auto\" style=\"vertical-align: inherit;\"><span dir=\"auto\" style=\"vertical-align: inherit;\"> 326.8 g\/mol <\/span><\/span><\/span><\/span><\/span><\/span><br \/>\n<strong><span style=\"vertical-align: inherit;\"><span style=\"vertical-align: inherit;\"><span dir=\"auto\" style=\"vertical-align: inherit;\"><span dir=\"auto\" style=\"vertical-align: inherit;\"><span dir=\"auto\" style=\"vertical-align: inherit;\"><span dir=\"auto\" style=\"vertical-align: inherit;\">Purity:<\/span><\/span><\/span><\/span><\/span><\/span><\/strong><span style=\"vertical-align: inherit;\"><span style=\"vertical-align: inherit;\"><span dir=\"auto\" style=\"vertical-align: inherit;\"><span dir=\"auto\" style=\"vertical-align: inherit;\"><span dir=\"auto\" style=\"vertical-align: inherit;\"><span dir=\"auto\" style=\"vertical-align: inherit;\"> &gt;97%<\/span><\/span><\/span><\/span><\/span><\/span><\/p>\n","protected":false},"featured_media":29333,"comment_status":"closed","ping_status":"closed","template":"","meta":[],"product_brand":[],"product_cat":[488],"product_tag":[1137,1138,326],"class_list":{"0":"post-23662","1":"product","2":"type-product","3":"status-publish","4":"has-post-thumbnail","6":"product_cat-verboden","7":"product_tag-flualprazolam","8":"product_tag-flualprazolam-kopen","9":"product_tag-nl","11":"first","12":"instock","13":"taxable","14":"shipping-taxable","15":"purchasable","16":"product-type-simple"},"_links":{"self":[{"href":"https:\/\/onderzoekschemicals.com\/da\/wp-json\/wp\/v2\/product\/23662","targetHints":{"allow":["GET"]}}],"collection":[{"href":"https:\/\/onderzoekschemicals.com\/da\/wp-json\/wp\/v2\/product"}],"about":[{"href":"https:\/\/onderzoekschemicals.com\/da\/wp-json\/wp\/v2\/types\/product"}],"replies":[{"embeddable":true,"href":"https:\/\/onderzoekschemicals.com\/da\/wp-json\/wp\/v2\/comments?post=23662"}],"version-history":[{"count":6,"href":"https:\/\/onderzoekschemicals.com\/da\/wp-json\/wp\/v2\/product\/23662\/revisions"}],"predecessor-version":[{"id":28721,"href":"https:\/\/onderzoekschemicals.com\/da\/wp-json\/wp\/v2\/product\/23662\/revisions\/28721"}],"wp:featuredmedia":[{"embeddable":true,"href":"https:\/\/onderzoekschemicals.com\/da\/wp-json\/wp\/v2\/media\/29333"}],"wp:attachment":[{"href":"https:\/\/onderzoekschemicals.com\/da\/wp-json\/wp\/v2\/media?parent=23662"}],"wp:term":[{"taxonomy":"product_brand","embeddable":true,"href":"https:\/\/onderzoekschemicals.com\/da\/wp-json\/wp\/v2\/product_brand?post=23662"},{"taxonomy":"product_cat","embeddable":true,"href":"https:\/\/onderzoekschemicals.com\/da\/wp-json\/wp\/v2\/product_cat?post=23662"},{"taxonomy":"product_tag","embeddable":true,"href":"https:\/\/onderzoekschemicals.com\/da\/wp-json\/wp\/v2\/product_tag?post=23662"}],"curies":[{"name":"wp","href":"https:\/\/api.w.org\/{rel}","templated":true}]}}