{"id":27449,"date":"2025-10-20T16:11:46","date_gmt":"2025-10-20T16:11:46","guid":{"rendered":"https:\/\/onderzoekschemicals.com\/?post_type=product&#038;p=27449"},"modified":"2025-10-21T05:54:54","modified_gmt":"2025-10-21T05:54:54","slug":"fentanyl-kopen","status":"publish","type":"product","link":"https:\/\/onderzoekschemicals.com\/cs\/shop\/okategoriserad\/fentanyl-kopen\/","title":{"rendered":"fentanyl"},"content":{"rendered":"<h2 data-start=\"516\" data-end=\"545\"><strong data-start=\"519\" data-end=\"545\">\u00davod do fentanylu<\/strong><\/h2>\n<p data-start=\"547\" data-end=\"865\">Fentanyl je jeden <strong data-start=\"564\" data-end=\"588\">syntetick\u00fd opioid<\/strong>, das in der Medizin zur Behandlung <strong data-start=\"624\" data-end=\"662\">starker bis sehr starker Schmerzen<\/strong> eingesetzt wird \u2013 beispielsweise bei <strong data-start=\"700\" data-end=\"718\">Pacienti s Krebsovou chorobou<\/strong> nebo po velk\u00fdch operac\u00edch. Es sly\u0161el zu den <strong data-start=\"768\" data-end=\"808\">nejpevn\u011bji p\u0159et\u00edrateln\u00fd Schmerzmitteln<\/strong> a je to n\u011bco <strong data-start=\"822\" data-end=\"862\">50 a\u017e 100kr\u00e1t siln\u011bj\u0161\u00ed ne\u017e morfin<\/strong>koupit fentanyl<\/p>\n<p data-start=\"867\" data-end=\"1083\">Fentanyl se pou\u017e\u00edv\u00e1 od za\u010d\u00e1tku 60. let a pou\u017e\u00edv\u00e1 se i v sou\u010dasnosti. <strong data-start=\"958\" data-end=\"980\">V\u00fdpl\u0148ov\u00e9 formul\u00e1\u0159e<\/strong> SZO <strong data-start=\"985\" data-end=\"1042\">Pflaster, Lutscher, Injektionsl\u00f6sungen nebo Tabletten<\/strong> (z. B. Fentanyl-Tabletten) erh\u00e4ltlich. koupit fentanyl<\/p>\n<p data-start=\"1085\" data-end=\"1223\">Pokud je fentanyl ot\u00e1zkou pou\u017eit\u00ed, troufn\u011bte si na to. <strong data-start=\"1136\" data-end=\"1204\">Pod\u00edvejte se bl\u00ed\u017ee a s u\u017eite\u010dn\u00fdmi radami<\/strong> zvyknout si.<\/p>\n<hr data-start=\"1225\" data-end=\"1228\" \/>\n<h2 data-start=\"1230\" data-end=\"1263\"><strong data-start=\"1233\" data-end=\"1263\">\u00da\u010dinky fentanylu<\/strong><\/h2>\n<p data-start=\"1265\" data-end=\"1442\">Fentanyl p\u016fsob\u00ed p\u0159\u00edmo na <strong data-start=\"1295\" data-end=\"1340\">Opioidreceptoren im Gehirn und R\u00fcckenmark<\/strong>. B\u011bhem t\u011bchto spojen\u00ed Schmerzsignale blockiert und die Schmerzwahrnehmung deutlich reduziert.<\/p>\n<p data-start=\"1444\" data-end=\"1593\">Die Wirkung tritt in der Regel <strong data-start=\"1475\" data-end=\"1495\">velmi rychle<\/strong> \u2013 str\u00e1vte p\u00e1r minut uvnit\u0159 \u2013 a pokra\u010dujte ve zpracov\u00e1n\u00ed formul\u00e1\u0159e <strong data-start=\"1568\" data-end=\"1587\">n\u011bkolik hodin<\/strong> a.<\/p>\n<p data-start=\"1595\" data-end=\"1799\">Neben der Schmerzlinderung kann Fentanyl jedoch tak\u00e9 <strong data-start=\"1648\" data-end=\"1666\">Nebenwirkungen<\/strong> kdo Schl\u00e4frigkeit, \u00dcbelkeit, Verstopfung oder Atemdepression verursachen, weshalb die <strong data-start=\"1753\" data-end=\"1786\">D\u00e1vkov\u00e1n\u00ed s kontrolovanou silou<\/strong> byly zmatek.<\/p>\n<hr data-start=\"1801\" data-end=\"1804\" \/>\n<h2 data-start=\"1806\" data-end=\"1839\"><strong data-start=\"1809\" data-end=\"1839\">Hlavn\u00ed zna\u010dka fentanylu<\/strong><\/h2>\n<div class=\"_tableContainer_1rjym_1\">\n<div class=\"group _tableWrapper_1rjym_13 flex w-fit flex-col-reverse\" tabindex=\"-1\">\n<table class=\"w-fit min-w-(--thread-content-width)\" data-start=\"1841\" data-end=\"2363\">\n<thead data-start=\"1841\" data-end=\"1871\">\n<tr data-start=\"1841\" data-end=\"1871\">\n<th data-start=\"1841\" data-end=\"1855\" data-col-size=\"sm\">Vlastnictv\u00ed<\/th>\n<th data-start=\"1855\" data-end=\"1871\" data-col-size=\"md\">Popis<\/th>\n<\/tr>\n<\/thead>\n<tbody data-start=\"1904\" data-end=\"2363\">\n<tr data-start=\"1904\" data-end=\"1961\">\n<td data-start=\"1904\" data-end=\"1926\" data-col-size=\"sm\"><strong data-start=\"1906\" data-end=\"1925\">T\u0159\u00edda materi\u00e1lu<\/strong><\/td>\n<td data-col-size=\"md\" data-start=\"1926\" data-end=\"1961\">Syntetick\u00e9 opioidn\u00ed analgetikum<\/td>\n<\/tr>\n<tr data-start=\"1962\" data-end=\"2016\">\n<td data-start=\"1962\" data-end=\"1979\" data-col-size=\"sm\"><strong data-start=\"1964\" data-end=\"1978\">Pracovn\u00ed siln\u00e9 str\u00e1nky<\/strong><\/td>\n<td data-col-size=\"md\" data-start=\"1979\" data-end=\"2016\">Etwa 50\u2013100 \u00d7 st\u00e4rker jako Morphin<\/td>\n<\/tr>\n<tr data-start=\"2017\" data-end=\"2098\">\n<td data-start=\"2017\" data-end=\"2042\" data-col-size=\"sm\"><strong data-start=\"2019\" data-end=\"2041\">V\u00fdpl\u0148ov\u00e9 formul\u00e1\u0159e<\/strong><\/td>\n<td data-col-size=\"md\" data-start=\"2042\" data-end=\"2098\">Pflaster, Tablety, Lutscher, Nasenspray, Injekce<\/td>\n<\/tr>\n<tr data-start=\"2099\" data-end=\"2178\">\n<td data-start=\"2099\" data-end=\"2122\" data-col-size=\"sm\"><strong data-start=\"2101\" data-end=\"2121\">Oblast pou\u017eit\u00ed<\/strong><\/td>\n<td data-col-size=\"md\" data-start=\"2122\" data-end=\"2178\">L\u00e9\u010dba je sp\u00ed\u0161e chronick\u00e1 nebo akutn\u00ed<\/td>\n<\/tr>\n<tr data-start=\"2179\" data-end=\"2236\">\n<td data-start=\"2179\" data-end=\"2207\" data-col-size=\"sm\"><strong data-start=\"2181\" data-end=\"2206\">Odpisovac\u00ed krou\u017eek<\/strong><\/td>\n<td data-col-size=\"md\" data-start=\"2207\" data-end=\"2236\">Pouze na z\u00e1klad\u011b st\u00e1l\u00e9ho receptu<\/td>\n<\/tr>\n<tr data-start=\"2237\" data-end=\"2293\">\n<td data-start=\"2237\" data-end=\"2258\" data-col-size=\"sm\"><strong data-start=\"2239\" data-end=\"2257\">Za\u010d\u00e1tek \u00fa\u010dinku<\/strong><\/td>\n<td data-col-size=\"md\" data-start=\"2258\" data-end=\"2293\">Schnell \u2013 innerhalb von Minuten<\/td>\n<\/tr>\n<tr data-start=\"2294\" data-end=\"2363\">\n<td data-start=\"2294\" data-end=\"2318\" data-col-size=\"sm\"><strong data-start=\"2296\" data-end=\"2317\">V\u00fdkonnostn\u00ed doba<\/strong><\/td>\n<td data-col-size=\"md\" data-start=\"2318\" data-end=\"2363\">v\u00edce Stunden, je nach Applicationform<\/td>\n<\/tr>\n<\/tbody>\n<\/table>\n<\/div>\n<\/div>\n<hr data-start=\"2365\" data-end=\"2368\" \/>\n<h2 data-start=\"2370\" data-end=\"2410\"><strong data-start=\"2373\" data-end=\"2410\">Zdravotn\u00ed a l\u00e9ka\u0159sk\u00e9 v\u00fdhody<\/strong><\/h2>\n<ul data-start=\"2412\" data-end=\"2929\">\n<li data-start=\"2412\" data-end=\"2517\">\n<p data-start=\"2414\" data-end=\"2517\"><strong data-start=\"2414\" data-end=\"2442\">Starkeho pot\u00ed\u017ee:<\/strong> V Eingriffenu nezapome\u0148te pracovat s n\u00e1dorov\u00fdmi bu\u0148kami nebo podstupovat chirurgick\u00e9 z\u00e1kroky.<\/p>\n<\/li>\n<li data-start=\"2518\" data-end=\"2613\">\n<p data-start=\"2520\" data-end=\"2613\"><strong data-start=\"2520\" data-end=\"2551\">Rychl\u00e9 proveden\u00ed:<\/strong> Ide\u00e1ln\u00ed s pl\u00f6tzlichen Schmerzspitzen (Durchbruchschmerzen).<\/p>\n<\/li>\n<li data-start=\"2614\" data-end=\"2715\">\n<p data-start=\"2616\" data-end=\"2715\"><strong data-start=\"2616\" data-end=\"2639\">Rozmanit\u00e9 formul\u00e1\u0159e:<\/strong> Flexibiln\u00ed l\u00e9\u010dba \u2013 z transderm\u00e1ln\u00edch tablet Pflastern bis zu oralen.<\/p>\n<\/li>\n<li data-start=\"2716\" data-end=\"2810\">\n<p data-start=\"2718\" data-end=\"2810\"><strong data-start=\"2718\" data-end=\"2750\">Kontrolovan\u00e1 dokumentace:<\/strong> Erm\u00f6glicht genaue Anpassung jednotlivce Schmerzgrade.<\/p>\n<\/li>\n<li data-start=\"2811\" data-end=\"2929\">\n<p data-start=\"2813\" data-end=\"2929\"><strong data-start=\"2813\" data-end=\"2856\">Podpora paliativn\u00ed terapie:<\/strong> Zlep\u0161uje kvalitu \u017eivota pacient\u016f s chronickou bolest\u00ed.<\/p>\n<\/li>\n<\/ul>\n<hr data-start=\"2931\" data-end=\"2934\" \/>\n<h2 data-start=\"2936\" data-end=\"2966\"><strong data-start=\"2939\" data-end=\"2966\">Pou\u017eit\u00ed a d\u00e1vkov\u00e1n\u00ed<\/strong><\/h2>\n<p data-start=\"2968\" data-end=\"3055\">\u017de <strong data-start=\"2972\" data-end=\"2998\">Aplikace fentanylu<\/strong> \u00fasp\u011b\u0161n\u00fd <strong data-start=\"3022\" data-end=\"3052\">pod\u0159adn\u00e9 pou\u017eit\u00ed<\/strong>.<\/p>\n<ul data-start=\"3057\" data-end=\"3381\">\n<li data-start=\"3057\" data-end=\"3164\">\n<p data-start=\"3059\" data-end=\"3164\"><strong data-start=\"3059\" data-end=\"3081\">Fentanyl Pflaster:<\/strong> Wird auf die Haut klebt und gibt de Wirkstoff \u00fcber 72 Stunden gleichm\u00e4\u00dfig ab.<\/p>\n<\/li>\n<li data-start=\"3165\" data-end=\"3274\">\n<p data-start=\"3167\" data-end=\"3274\"><strong data-start=\"3167\" data-end=\"3204\">Fentanyl tablety nebo Lutscher:<\/strong> Pro \u010derstv\u00e9 Schmerzspitzen, zejm\u00e9na s Durchbruchschmerzen.<\/p>\n<\/li>\n<li data-start=\"3275\" data-end=\"3381\">\n<p data-start=\"3277\" data-end=\"3381\"><strong data-start=\"3277\" data-end=\"3309\">Injekce nebo infuze:<\/strong> V p\u0159\u00edpad\u011b onemocn\u011bn\u00ed podstupuj\u00ed poopera\u010dn\u00ed Schmerztherapie nebo An\u00e4sthesie.<\/p>\n<\/li>\n<\/ul>\n<p data-start=\"3383\" data-end=\"3578\"><strong data-start=\"3383\" data-end=\"3405\">D\u016fle\u017eit\u00e1 pozn\u00e1mka:<\/strong><br data-start=\"3405\" data-end=\"3408\" \/>Fentanyl darf <strong data-start=\"3422\" data-end=\"3476\">nen\u00ed jedine\u010dn\u00fd ani nez\u00e1visl\u00fd na vlastn\u00ed kontrole<\/strong> byly provedeny. Lze prov\u00e9st fale\u0161nou zm\u011bnu <strong data-start=\"3534\" data-end=\"3570\">podpora \u017eivota<\/strong> v\u00e9st.<\/p>\n<hr data-start=\"3580\" data-end=\"3583\" \/>\n<h2 data-start=\"3585\" data-end=\"3621\"><strong data-start=\"3588\" data-end=\"3621\">Bezpe\u010dnostn\u00ed a varovn\u00e1 upozorn\u011bn\u00ed<\/strong><\/h2>\n<ul data-start=\"3623\" data-end=\"3919\">\n<li data-start=\"3623\" data-end=\"3681\">\n<p data-start=\"3625\" data-end=\"3681\">Ne s alkoholem ani s jeho kombinacemi.<\/p>\n<\/li>\n<li data-start=\"3682\" data-end=\"3735\">\n<p data-start=\"3684\" data-end=\"3735\">Au\u00dferhalb der Reichweite von Kindern aufbewahren.<\/p>\n<\/li>\n<li data-start=\"3736\" data-end=\"3815\">\n<p data-start=\"3738\" data-end=\"3815\">Pros\u00edm, informujte n\u00e1s, pokud m\u00e1te n\u011bjak\u00e9 probl\u00e9my s astmatem nebo alergie na opioidy.<\/p>\n<\/li>\n<li data-start=\"3816\" data-end=\"3878\">\n<p data-start=\"3818\" data-end=\"3878\">Entsorgung gebrauchter Pflaster nach \u00e4rztlicher Anweisung.<\/p>\n<\/li>\n<li data-start=\"3879\" data-end=\"3919\">\n<p data-start=\"3881\" data-end=\"3919\">Ne bez samol\u00e9\u010dby!<\/p>\n<\/li>\n<\/ul>\n<hr data-start=\"3921\" data-end=\"3924\" \/>\n<h2 data-start=\"3926\" data-end=\"3952\"><strong data-start=\"3929\" data-end=\"3952\">Pr\u00e1vn\u00ed upozorn\u011bn\u00ed<\/strong><\/h2>\n<p data-start=\"3954\" data-end=\"4260\">V N\u011bmecku spad\u00e1 fentanyl pod tento <strong data-start=\"3994\" data-end=\"4027\">Z\u00e1kon o pojistn\u00fdch ud\u00e1lostech (BtMG)<\/strong>.<br data-start=\"4028\" data-end=\"4031\" \/>V\u00fdstup a p\u0159\u00edstup ze seiny jsou p\u0159\u00edsn\u011b regulov\u00e1ny, tak\u017ee je zde zak\u00e1z\u00e1n provoz.<br data-start=\"4113\" data-end=\"4116\" \/>Nur approbierte \u00c4rzte d\u00fcrfen Fentanyl schreiben, und pharmacies geben es ausschlie\u00dflich gegen Vorlage eines <strong data-start=\"4226\" data-end=\"4253\">Recepty na spot\u0159ebn\u00ed materi\u00e1l<\/strong> z.<\/p>\n<p data-start=\"4262\" data-end=\"4414\">Dal\u0161\u00ed informace naleznete na str\u00e1nk\u00e1ch \u00fa\u0159adu <strong data-start=\"4325\" data-end=\"4413\"><a class=\"decorated-link cursor-pointer\" target=\"_new\" rel=\"noopener\" data-start=\"4327\" data-end=\"4411\">Feder\u00e1ln\u00ed institut pro zdravotn\u00ed p\u00e9\u010di a l\u00e9ka\u0159sk\u00e9 produkty (BfArM)<\/a><\/strong>.<\/p>\n<hr data-start=\"4416\" data-end=\"4419\" \/>\n<h2 data-start=\"4421\" data-end=\"4457\"><strong data-start=\"4424\" data-end=\"4457\">H\u00e4ufig gestelte Fragen (FAQ)<\/strong><\/h2>\n<p data-start=\"4459\" data-end=\"4637\"><strong data-start=\"4459\" data-end=\"4490\">1\ufe0f\u20e3 Byl fentanyl v po\u0159\u00e1dku?<\/strong><br data-start=\"4490\" data-end=\"4493\" \/>Fentanyl je siln\u00e1 syntetick\u00e1 l\u00e1tka ze skupiny opioid\u016f. Je d\u016fle\u017eit\u00e9 m\u00edt na pam\u011bti, \u017ee pacienti rezistentn\u00ed na l\u00e9\u010dbu se s n\u00edm budou moci vyrovnat.<\/p>\n<p data-start=\"4639\" data-end=\"4807\"><strong data-start=\"4639\" data-end=\"4672\">2\ufe0f\u20e3 Kdo dlouhodob\u011b u\u017e\u00edv\u00e1 Fentanyl?<\/strong><br data-start=\"4672\" data-end=\"4675\" \/>Je nach Darreichungsform wirkt Fentanyl zischen 2 und 72 Stunden. Pflaster geben den Wirkstoff \u00fcber meerere Tage kontinuierlich ab.<\/p>\n<p data-start=\"4809\" data-end=\"5034\"><strong data-start=\"4809\" data-end=\"4846\">3\ufe0f\u20e3 Lze fentanyl bezpe\u010dn\u011b pou\u017e\u00edvat?<\/strong><br data-start=\"4846\" data-end=\"4849\" \/>Ano. Kdo m\u016f\u017ee u\u017e\u00edvat jin\u00e9 opioidy s Fentanylem del\u0161\u00ed dobu? <strong data-start=\"4914\" data-end=\"4957\">fyzick\u00e1 a psychick\u00e1 pohoda<\/strong> verursachen. Deshalb bude sledovat l\u00e9\u010dbu z l\u00e9ka\u0159sk\u00e9ho hlediska.<\/p>\n<h3 data-start=\"230\" data-end=\"288\"><a style=\"font-size: 16px;\" href=\"https:\/\/onderzoekschemicals.com\/cs\/shop\/okategoriserad\/4mmc-kopen\/\"><span dir=\"auto\" style=\"vertical-align: inherit;\"><span dir=\"auto\" style=\"vertical-align: inherit;\"><span dir=\"auto\" style=\"vertical-align: inherit;\"><span dir=\"auto\" style=\"vertical-align: inherit;\">Koupit 4mmc <\/span><\/span><\/span><\/span><\/a><a style=\"font-size: 16px;\" href=\"https:\/\/onderzoekschemicals.com\/cs\/shop\/iboga-ibogaine\/iboga-root-bark\/\"><span dir=\"auto\" style=\"vertical-align: inherit;\"><span dir=\"auto\" style=\"vertical-align: inherit;\"><span dir=\"auto\" style=\"vertical-align: inherit;\"><span dir=\"auto\" style=\"vertical-align: inherit;\">k\u016fra ko\u0159ene ibogy<\/span><\/span><\/span><\/span><\/a><a style=\"font-size: 16px;\" href=\"https:\/\/onderzoekschemicals.com\/cs\/shop\/iboga-ibogaine\/buy-ibogaine-hcl-online\/\"><span dir=\"auto\" style=\"vertical-align: inherit;\"><span dir=\"auto\" style=\"vertical-align: inherit;\"><span dir=\"auto\" style=\"vertical-align: inherit;\"><span dir=\"auto\" style=\"vertical-align: inherit;\">koupit ibogain hydrochlorid online<\/span><\/span><\/span><\/span><\/a><a style=\"font-size: 16px;\" href=\"https:\/\/onderzoekschemicals.com\/cs\/shop\/lysergamides\/1cp-lsd\/\"><span dir=\"auto\" style=\"vertical-align: inherit;\"><span dir=\"auto\" style=\"vertical-align: inherit;\"><span dir=\"auto\" style=\"vertical-align: inherit;\"><span dir=\"auto\" style=\"vertical-align: inherit;\">1cp LSD <\/span><\/span><\/span><\/span><\/a><a style=\"font-size: 16px;\" href=\"https:\/\/onderzoekschemicals.com\/cs\/shop\/pellets-for-pellet\/o-dsmt-50mg-pellets\/\"><span dir=\"auto\" style=\"vertical-align: inherit;\"><span dir=\"auto\" style=\"vertical-align: inherit;\"><span dir=\"auto\" style=\"vertical-align: inherit;\"><span dir=\"auto\" style=\"vertical-align: inherit;\">o-dsmt<\/span><\/span><\/span><\/span><\/a><\/h3>","protected":false},"excerpt":{"rendered":"<p>Einf\u00fchrung in Fentanyl Fentanyl ist ein synthetisches Opioid, das in der Medizin zur Behandlung starker bis sehr starker Schmerzen eingesetzt<\/p>","protected":false},"featured_media":27450,"comment_status":"open","ping_status":"closed","template":"","meta":[],"product_brand":[],"product_cat":[1085],"product_tag":[1089,1088],"class_list":{"0":"post-27449","1":"product","2":"type-product","3":"status-publish","4":"has-post-thumbnail","6":"product_cat-okategoriserad","7":"product_tag-fentanyl-kopen","8":"product_tag-fentanyl-tablet","10":"first","11":"instock","12":"taxable","13":"shipping-taxable","14":"purchasable","15":"product-type-variable"},"_links":{"self":[{"href":"https:\/\/onderzoekschemicals.com\/cs\/wp-json\/wp\/v2\/product\/27449","targetHints":{"allow":["GET"]}}],"collection":[{"href":"https:\/\/onderzoekschemicals.com\/cs\/wp-json\/wp\/v2\/product"}],"about":[{"href":"https:\/\/onderzoekschemicals.com\/cs\/wp-json\/wp\/v2\/types\/product"}],"replies":[{"embeddable":true,"href":"https:\/\/onderzoekschemicals.com\/cs\/wp-json\/wp\/v2\/comments?post=27449"}],"version-history":[{"count":4,"href":"https:\/\/onderzoekschemicals.com\/cs\/wp-json\/wp\/v2\/product\/27449\/revisions"}],"predecessor-version":[{"id":27706,"href":"https:\/\/onderzoekschemicals.com\/cs\/wp-json\/wp\/v2\/product\/27449\/revisions\/27706"}],"wp:featuredmedia":[{"embeddable":true,"href":"https:\/\/onderzoekschemicals.com\/cs\/wp-json\/wp\/v2\/media\/27450"}],"wp:attachment":[{"href":"https:\/\/onderzoekschemicals.com\/cs\/wp-json\/wp\/v2\/media?parent=27449"}],"wp:term":[{"taxonomy":"product_brand","embeddable":true,"href":"https:\/\/onderzoekschemicals.com\/cs\/wp-json\/wp\/v2\/product_brand?post=27449"},{"taxonomy":"product_cat","embeddable":true,"href":"https:\/\/onderzoekschemicals.com\/cs\/wp-json\/wp\/v2\/product_cat?post=27449"},{"taxonomy":"product_tag","embeddable":true,"href":"https:\/\/onderzoekschemicals.com\/cs\/wp-json\/wp\/v2\/product_tag?post=27449"}],"curies":[{"name":"wp","href":"https:\/\/api.w.org\/{rel}","templated":true}]}}