{"id":24955,"date":"2025-10-20T17:43:53","date_gmt":"2025-10-20T17:43:53","guid":{"rendered":"https:\/\/onderzoekschemicals.com\/?post_type=product&#038;p=24955"},"modified":"2025-11-28T03:55:08","modified_gmt":"2025-11-28T03:55:08","slug":"1cp-lsd-150-mcg-2","status":"publish","type":"product","link":"https:\/\/onderzoekschemicals.com\/cs\/nakupovat\/1cp-lsd-150-mcg-2\/1cp-lsd-150-mcg-2\/","title":{"rendered":"Um\u011bleck\u00e9 blottery 1cP-LSD 150 MCG"},"content":{"rendered":"<h1 data-start=\"351\" data-end=\"434\"><strong data-start=\"353\" data-end=\"434\"><span dir=\"auto\" style=\"vertical-align: inherit;\"><span dir=\"auto\" style=\"vertical-align: inherit;\">1cP-LSD (1-Cyclopropanoyl-LSD) \u2014 Information profile for research and analysis<\/span><\/span><\/strong><\/h1>\n<p data-start=\"436\" data-end=\"1055\"><strong data-start=\"436\" data-end=\"469\"><span dir=\"auto\" style=\"vertical-align: inherit;\"><span dir=\"auto\" style=\"vertical-align: inherit;\">Kurzbeschreibung \/ Einf\u00fchrung<\/span><\/span><\/strong><br data-start=\"469\" data-end=\"472\" \/><span dir=\"auto\" style=\"vertical-align: inherit;\"><span dir=\"auto\" style=\"vertical-align: inherit;\"> 1cp lsd, 1cP-LSD (1-Cyclopropanoyl-LSD) is an acyliertes Lysergamide-Derivat, the structure of which LSD is related. This was also analyzed in the last year as well as practical research, especially in connection with the characteris- tics of the new lysergamid substances and the pharmaceutical properties. 1cP-LSD is described in literature and analyzes as a \u201cnovel psychoactive substance\u201d (NPS), is a forensic identification and is used in analytical studies on cleanliness and metabolic profile. <\/span><\/span><span class=\"\" data-state=\"closed\"><span class=\"ms-1 inline-flex max-w-full items-center relative top-[-0.094rem] animate-[show_150ms_ease-in]\" data-testid=\"webpage-citation-pill\"><a class=\"flex h-4.5 overflow-hidden rounded-xl px-2 text-[9px] font-medium transition-colors duration-150 ease-in-out text-token-text-secondary! bg-[#F4F4F4]! dark:bg-[#303030]!\" href=\"https:\/\/en.wikipedia.org\/wiki\/1cP-LSD?utm_source=chatgpt.com\" target=\"_blank\" rel=\"noopener\"><span class=\"relative start-0 bottom-0 flex h-full w-full items-center\"><span class=\"flex h-4 w-full items-center justify-between\"><span class=\"max-w-[15ch] grow truncate overflow-hidden text-center\"><span dir=\"auto\" style=\"vertical-align: inherit;\"><span dir=\"auto\" style=\"vertical-align: inherit;\">Wikipedia <\/span><\/span><\/span><span class=\"-me-1 flex h-full items-center rounded-full px-1 text-[#8F8F8F]\"><span dir=\"auto\" style=\"vertical-align: inherit;\"><span dir=\"auto\" style=\"vertical-align: inherit;\">+1<\/span><\/span><\/span><\/span><\/span><\/a><\/span><\/span><\/p>\n<hr data-start=\"1057\" data-end=\"1060\" \/>\n<h2 data-start=\"1062\" data-end=\"1097\"><strong data-start=\"1065\" data-end=\"1097\"><span dir=\"auto\" style=\"vertical-align: inherit;\"><span dir=\"auto\" style=\"vertical-align: inherit;\">Main Marker (Key Features)<\/span><\/span><\/strong><\/h2>\n<ul data-start=\"1099\" data-end=\"2203\">\n<li data-start=\"1099\" data-end=\"1256\">\n<p data-start=\"1101\" data-end=\"1256\"><strong data-start=\"1101\" data-end=\"1130\"><span dir=\"auto\" style=\"vertical-align: inherit;\"><span dir=\"auto\" style=\"vertical-align: inherit;\">Chemical Classification:<\/span><\/span><\/strong><span dir=\"auto\" style=\"vertical-align: inherit;\"><span dir=\"auto\" style=\"vertical-align: inherit;\"> Lysergamide-Derivat, genauer: 1-Cyclopropanoyl-d-lysergic acid diethylamide (1cP-LSD). <\/span><\/span><span class=\"\" data-state=\"closed\"><span class=\"ms-1 inline-flex max-w-full items-center relative top-[-0.094rem] animate-[show_150ms_ease-in]\" data-testid=\"webpage-citation-pill\"><a class=\"flex h-4.5 overflow-hidden rounded-xl px-2 text-[9px] font-medium transition-colors duration-150 ease-in-out text-token-text-secondary! bg-[#F4F4F4]! dark:bg-[#303030]!\" href=\"https:\/\/en.wikipedia.org\/wiki\/1cP-LSD?utm_source=chatgpt.com\" target=\"_blank\" rel=\"noopener\"><span class=\"relative start-0 bottom-0 flex h-full w-full items-center\"><span class=\"flex h-4 w-full items-center justify-between overflow-hidden\"><span class=\"max-w-[15ch] grow truncate overflow-hidden text-center\"><span dir=\"auto\" style=\"vertical-align: inherit;\"><span dir=\"auto\" style=\"vertical-align: inherit;\">Wikipedia<\/span><\/span><\/span><\/span><\/span><\/a><\/span><\/span><\/p>\n<\/li>\n<li data-start=\"1257\" data-end=\"1500\">\n<p data-start=\"1259\" data-end=\"1500\"><strong data-start=\"1259\" data-end=\"1295\"><span dir=\"auto\" style=\"vertical-align: inherit;\"><span dir=\"auto\" style=\"vertical-align: inherit;\">Analytische Identifizierbarkeit:<\/span><\/span><\/strong><span dir=\"auto\" style=\"vertical-align: inherit;\"><span dir=\"auto\" style=\"vertical-align: inherit;\"> Struktur ist in witschaftlichen Publikationen und Datenbanken beschrieben; applicable references for mass spectrometry and chromatographic methods.<\/span><\/span><\/p>\n<\/li>\n<li data-start=\"1501\" data-end=\"1741\">\n<p data-start=\"1503\" data-end=\"1741\"><strong data-start=\"1503\" data-end=\"1535\"><span dir=\"auto\" style=\"vertical-align: inherit;\"><span dir=\"auto\" style=\"vertical-align: inherit;\">Pharmakologische Einordnung:<\/span><\/span><\/strong><span dir=\"auto\" style=\"vertical-align: inherit;\"><span dir=\"auto\" style=\"vertical-align: inherit;\"> Wird als serotonerges Psychedelikum \/ Lysergamid klassifiziert; Vorstudies (Tiermodelle, in vitro) deuten auf Rezeptorinteraktionen \u00e4hnlich others Lysergamides hin.<\/span><\/span><\/p>\n<\/li>\n<li data-start=\"1742\" data-end=\"2026\">\n<p data-start=\"1744\" data-end=\"2026\"><strong data-start=\"1744\" data-end=\"1771\"><span dir=\"auto\" style=\"vertical-align: inherit;\"><span dir=\"auto\" style=\"vertical-align: inherit;\">More Regulatorisch Status:<\/span><\/span><\/strong><span dir=\"auto\" style=\"vertical-align: inherit;\"><span dir=\"auto\" style=\"vertical-align: inherit;\"> Die Rechtslage varies regionally; in the L\u00e4ndern since LSD analogues are regularly regulated under the treatment of the drug testing equipment. Nationale Gesetze (z. B. NpSG\/Opiumgesetz-Regelungen in Europa) since zu beachten.<\/span><\/span><\/p>\n<\/li>\n<li data-start=\"2027\" data-end=\"2203\">\n<p data-start=\"2029\" data-end=\"2203\"><strong data-start=\"2029\" data-end=\"2055\"><span dir=\"auto\" style=\"vertical-align: inherit;\"><span dir=\"auto\" style=\"vertical-align: inherit;\">Forks in Forensik:<\/span><\/span><\/strong><span dir=\"auto\" style=\"vertical-align: inherit;\"><span dir=\"auto\" style=\"vertical-align: inherit;\"> Wurde in Beschlagnahmungen und Productanalysen als Teil der \u201eReturn of the lysergamides\u201c-Reihe identifiziert.<\/span><\/span><\/p>\n<\/li>\n<\/ul>\n<hr data-start=\"2205\" data-end=\"2208\" \/>\n<h2 data-start=\"2210\" data-end=\"2260\"><strong data-start=\"2213\" data-end=\"2260\"><span dir=\"auto\" style=\"vertical-align: inherit;\"><span dir=\"auto\" style=\"vertical-align: inherit;\">Nutzen &amp; Vorteile f\u00fcr Forschung und Analyse<\/span><\/span><\/strong><\/h2>\n<ul data-start=\"2262\" data-end=\"3122\">\n<li data-start=\"2262\" data-end=\"2475\">\n<p data-start=\"2264\" data-end=\"2475\"><strong data-start=\"2264\" data-end=\"2310\"><span dir=\"auto\" style=\"vertical-align: inherit;\"><span dir=\"auto\" style=\"vertical-align: inherit;\">Referenzsubstanz f\u00fcr analytical Methoden:<\/span><\/span><\/strong><span dir=\"auto\" style=\"vertical-align: inherit;\"><span dir=\"auto\" style=\"vertical-align: inherit;\"> Eignet sich zur Validierung von Nachweis Methoden (GC-MS, LC-MS\/MS) zur Identifikation neuer Lysergamid-Substanzen in Proben.<\/span><\/span><\/p>\n<\/li>\n<li data-start=\"2476\" data-end=\"2698\">\n<p data-start=\"2478\" data-end=\"2698\"><strong data-start=\"2478\" data-end=\"2517\"><span dir=\"auto\" style=\"vertical-align: inherit;\"><span dir=\"auto\" style=\"vertical-align: inherit;\">Pharmacological Vergleichsstudiesn:<\/span><\/span><\/strong><span dir=\"auto\" style=\"vertical-align: inherit;\"><span dir=\"auto\" style=\"vertical-align: inherit;\"> The understanding of the reactions of receptor affinities, metabolism and clinical effects in clinical context with lysergamides.1cp lsd<\/span><\/span><\/p>\n<\/li>\n<li data-start=\"2699\" data-end=\"2909\">\n<p data-start=\"2701\" data-end=\"2909\"><strong data-start=\"2701\" data-end=\"2730\"><span dir=\"auto\" style=\"vertical-align: inherit;\"><span dir=\"auto\" style=\"vertical-align: inherit;\">Toxicological Research:<\/span><\/span><\/strong><span dir=\"auto\" style=\"vertical-align: inherit;\"><span dir=\"auto\" style=\"vertical-align: inherit;\"> Nutzlich zur Investigation von Metaboliten, Stabilit\u00e4t unter biologicalen Bedingungen und potenziellen Risikomarkkern f\u00fcr forensic Testen.<\/span><\/span><\/p>\n<\/li>\n<li data-start=\"2910\" data-end=\"3122\">\n<p data-start=\"2912\" data-end=\"3122\"><strong data-start=\"2912\" data-end=\"2952\"><span dir=\"auto\" style=\"vertical-align: inherit;\"><span dir=\"auto\" style=\"vertical-align: inherit;\">Monitoring and prevention work:<\/span><\/span><\/strong><span dir=\"auto\" style=\"vertical-align: inherit;\"><span dir=\"auto\" style=\"vertical-align: inherit;\"> Hilft Beh\u00f6rden und Laboren, new Trends bei NPS-Erscheinungen fr\u00fchzeitig to recognize and analytical references prepared.<\/span><\/span><\/p>\n<\/li>\n<\/ul>\n<hr data-start=\"3124\" data-end=\"3127\" \/>\n<h2 data-start=\"3129\" data-end=\"3204\"><strong data-start=\"3132\" data-end=\"3204\"><span dir=\"auto\" style=\"vertical-align: inherit;\"><span dir=\"auto\" style=\"vertical-align: inherit;\">\u201cHow to use\u201d \u2014 (Labor &amp; Research Context; keine Konsumanweisungen)<\/span><\/span><\/strong><\/h2>\n<blockquote data-start=\"3206\" data-end=\"3380\">\n<p data-start=\"3208\" data-end=\"3380\"><strong data-start=\"3208\" data-end=\"3220\"><span dir=\"auto\" style=\"vertical-align: inherit;\"><span dir=\"auto\" style=\"vertical-align: inherit;\">Wichtig:<\/span><\/span><\/strong><span dir=\"auto\" style=\"vertical-align: inherit;\"><span dir=\"auto\" style=\"vertical-align: inherit;\"> Diese Sektion beschreibt sichlie\u00dfliche <\/span><\/span><em data-start=\"3261\" data-end=\"3301\"><span dir=\"auto\" style=\"vertical-align: inherit;\"><span dir=\"auto\" style=\"vertical-align: inherit;\">sichere Labor- und Researchpraktiken<\/span><\/span><\/em><span dir=\"auto\" style=\"vertical-align: inherit;\"><span dir=\"auto\" style=\"vertical-align: inherit;\"> . It does not serve as an explanation for personal contact, purchase or recovery.<\/span><\/span><\/p>\n<\/blockquote>\n<ol data-start=\"3382\" data-end=\"4327\">\n<li data-start=\"3382\" data-end=\"3557\">\n<p data-start=\"3385\" data-end=\"3557\"><strong data-start=\"3385\" data-end=\"3406\"><span dir=\"auto\" style=\"vertical-align: inherit;\"><span dir=\"auto\" style=\"vertical-align: inherit;\">Verwendungszweck:<\/span><\/span><\/strong><span dir=\"auto\" style=\"vertical-align: inherit;\"><span dir=\"auto\" style=\"vertical-align: inherit;\"> Einsatz als Referencenz- oder Forschungschemikalie in analytical, toxicological or pr\u00e4clinical Studien.<\/span><\/span><\/p>\n<\/li>\n<li data-start=\"3558\" data-end=\"3782\">\n<p data-start=\"3561\" data-end=\"3782\"><strong data-start=\"3561\" data-end=\"3574\"><span dir=\"auto\" style=\"vertical-align: inherit;\"><span dir=\"auto\" style=\"vertical-align: inherit;\">Lagerung:<\/span><\/span><\/strong><span dir=\"auto\" style=\"vertical-align: inherit;\"><span dir=\"auto\" style=\"vertical-align: inherit;\"> Trocken,lichtgesch\u00fctzt und ge\u00fchlt (labor\u00fcbliche Lagerbedingungen f\u00fcr empfindliche organic Referenzstoffe). Packungsdatenbl\u00e4tter des Lieferanten since massgeblich.<\/span><\/span><\/p>\n<\/li>\n<li data-start=\"3783\" data-end=\"4056\">\n<p data-start=\"3786\" data-end=\"4056\"><strong data-start=\"3786\" data-end=\"3810\"><span dir=\"auto\" style=\"vertical-align: inherit;\"><span dir=\"auto\" style=\"vertical-align: inherit;\">Handhabung im Labor:<\/span><\/span><\/strong><span dir=\"auto\" style=\"vertical-align: inherit;\"><span dir=\"auto\" style=\"vertical-align: inherit;\"> Tragen von pers\u00f6nlicher Schutzausr\u00fcstung (Handschuhe, Schutzbrille, labor\u00fcbliche Schutzkleidung). Arbeiten in geeigneten Laborbereichen with more precise documentation. Abfallentsorgung gem\u00e4\u00df institutionalellen Richtlinien. (Allgemeine Laborstandards)<\/span><\/span><\/p>\n<\/li>\n<li data-start=\"4057\" data-end=\"4327\">\n<p data-start=\"4060\" data-end=\"4327\"><strong data-start=\"4060\" data-end=\"4089\"><span dir=\"auto\" style=\"vertical-align: inherit;\"><span dir=\"auto\" style=\"vertical-align: inherit;\">Analytische Vorbereitung:<\/span><\/span><\/strong><span dir=\"auto\" style=\"vertical-align: inherit;\"><span dir=\"auto\" style=\"vertical-align: inherit;\"> F\u00fcr analytic Zwecke were standardized Probenvorbereitungsprotokolle verwendet; Labor Handb\u00fccher und Peer-Reviewed-Publikationen provide methodical details for Validation and Nachweisgrens.<\/span><\/span><\/p>\n<\/li>\n<\/ol>\n<hr data-start=\"4329\" data-end=\"4332\" \/>\n<h2 data-start=\"4334\" data-end=\"4384\"><strong data-start=\"4337\" data-end=\"4384\"><span dir=\"auto\" style=\"vertical-align: inherit;\"><span dir=\"auto\" style=\"vertical-align: inherit;\">More legal &amp; security relevant Hinweis<\/span><\/span><\/strong><\/h2>\n<ul data-start=\"4386\" data-end=\"4855\">\n<li data-start=\"4386\" data-end=\"4630\">\n<p data-start=\"4388\" data-end=\"4630\"><strong data-start=\"4388\" data-end=\"4441\"><span dir=\"auto\" style=\"vertical-align: inherit;\"><span dir=\"auto\" style=\"vertical-align: inherit;\">Kein medizinischer or der therapeutic Gebrauch:<\/span><\/span><\/strong><span dir=\"auto\" style=\"vertical-align: inherit;\"><span dir=\"auto\" style=\"vertical-align: inherit;\"> 1cP-LSD is not as Arzneimittel zugelassen. You can enjoy the right consequences.<\/span><\/span><\/p>\n<\/li>\n<li data-start=\"4631\" data-end=\"4855\">\n<p data-start=\"4633\" data-end=\"4855\"><strong data-start=\"4633\" data-end=\"4666\"><span dir=\"auto\" style=\"vertical-align: inherit;\"><span dir=\"auto\" style=\"vertical-align: inherit;\">Country-specific Regulations:<\/span><\/span><\/strong><span dir=\"auto\" style=\"vertical-align: inherit;\"><span dir=\"auto\" style=\"vertical-align: inherit;\"> Legal Einstufungen und Durchsetzungspraxen \u00e4ndern sich. Responsible compliance requirements for your development or study are mandatory.<\/span><\/span><\/p>\n<\/li>\n<\/ul>\n<hr data-start=\"4857\" data-end=\"4860\" \/>\n<h2 data-start=\"4862\" data-end=\"4898\"><strong data-start=\"4865\" data-end=\"4898\"><span dir=\"auto\" style=\"vertical-align: inherit;\"><span dir=\"auto\" style=\"vertical-align: inherit;\">H\u00e4ufig gestelte Fragen (FAQ)<\/span><\/span><\/strong><\/h2>\n<p data-start=\"4900\" data-end=\"5262\"><strong data-start=\"4900\" data-end=\"4949\"><span dir=\"auto\" style=\"vertical-align: inherit;\"><span dir=\"auto\" style=\"vertical-align: inherit;\">1) Is 1cP-LSD a legal research product?<\/span><\/span><\/strong><br data-start=\"4949\" data-end=\"4952\" \/><span dir=\"auto\" style=\"vertical-align: inherit;\"><span dir=\"auto\" style=\"vertical-align: inherit;\"> Die Rechtliche Einstufung varies depending on the country. In the case of legal regulations under which Lysergamide analogues are controlled, this is due to NPS regulations. Research solutions for the development of national social practices and the institutional development of human resources.<\/span><\/span><\/p>\n<p data-start=\"5264\" data-end=\"5635\"><strong data-start=\"5264\" data-end=\"5324\"><span dir=\"auto\" style=\"vertical-align: inherit;\"><span dir=\"auto\" style=\"vertical-align: inherit;\">2) Do you use 1cP-LSD or classic LSD?<\/span><\/span><\/strong><br data-start=\"5324\" data-end=\"5327\" \/><span dir=\"auto\" style=\"vertical-align: inherit;\"><span dir=\"auto\" style=\"vertical-align: inherit;\"> Chemically, 1cP-LSD is an acyliertes derivative of LSD. Analyzes say there are differences in the reaction, but the pharmacokinetic and metabolic profiles can be observed. Peer-Reviewed-Studien liefern Vergleichsdaten aus analyticen und pr\u00e4clinical Tests.<\/span><\/span><\/p>\n<p data-start=\"5637\" data-end=\"5976\"><strong data-start=\"5637\" data-end=\"5695\"><span dir=\"auto\" style=\"vertical-align: inherit;\"><span dir=\"auto\" style=\"vertical-align: inherit;\">3) Can I use 1cP-LSD for the study of people?<\/span><\/span><\/strong><br data-start=\"5695\" data-end=\"5698\" \/><span dir=\"auto\" style=\"vertical-align: inherit;\"><span dir=\"auto\" style=\"vertical-align: inherit;\"> Nein. 1cP-LSD is not as Arzneimittel zugelassen; human-medical studies with strict regulatory practices, ethics and education. You have planted clinical studies that are related to these plants.<\/span><\/span><\/p>\n<hr data-start=\"5978\" data-end=\"5981\" \/>\n<h2 data-start=\"5983\" data-end=\"6031\"><strong data-start=\"5986\" data-end=\"6031\"><span dir=\"auto\" style=\"vertical-align: inherit;\"><span dir=\"auto\" style=\"vertical-align: inherit;\">Weiterf\u00fchrende Informationen &amp; Ressourcen<\/span><\/span><\/strong><\/h2>\n<ul data-start=\"6033\" data-end=\"6489\">\n<li data-start=\"6033\" data-end=\"6217\">\n<p data-start=\"6035\" data-end=\"6217\"><span dir=\"auto\" style=\"vertical-align: inherit;\"><span dir=\"auto\" style=\"vertical-align: inherit;\">Wissenschaftliche Oversichtsartikelen zur analyticen Charakterisierung von Lysergamiden (z. B. Brandt et al., \u201eReturn of the lysergamides\u201c).<\/span><\/span><\/p>\n<\/li>\n<li data-start=\"6218\" data-end=\"6338\">\n<p data-start=\"6220\" data-end=\"6338\"><span dir=\"auto\" style=\"vertical-align: inherit;\"><span dir=\"auto\" style=\"vertical-align: inherit;\">Databases (PubChem \/ GSRS) with structures and references for 1cP-LSD.<\/span><\/span><\/p>\n<\/li>\n<li data-start=\"6339\" data-end=\"6489\">\n<p data-start=\"6341\" data-end=\"6489\"><span dir=\"auto\" style=\"vertical-align: inherit;\"><span dir=\"auto\" style=\"vertical-align: inherit;\">Rechtliche Hinweise und l\u00e4nderspezifische Regelungs\u00fcberblicke (z. B. nationale Drogenbeh\u00f6rden, EU-Berichte).<\/span><\/span><\/p>\n<\/li>\n<\/ul>\n<div class=\"group relative\"><\/div>\n<h1><strong style=\"color: #333333; font-size: 16px;\"> <a href=\"https:\/\/onderzoekschemicals.com\/shop\/iboga-ibogaine\/buy-ibogaine-hcl-online\/\"><span dir=\"auto\" style=\"vertical-align: inherit;\"><span dir=\"auto\" style=\"vertical-align: inherit;\">Buy Ibogaine HCL<\/span><\/span><\/a><span dir=\"auto\" style=\"vertical-align: inherit;\"><span dir=\"auto\" style=\"vertical-align: inherit;\"> , <\/span><\/span><a href=\"https:\/\/onderzoekschemicals.com\/shop\/iboga-ibogaine\/iboga-root-bark\/\"><span dir=\"auto\" style=\"vertical-align: inherit;\"><span dir=\"auto\" style=\"vertical-align: inherit;\">Iboga root bark<\/span><\/span><\/a><span dir=\"auto\" style=\"vertical-align: inherit;\"><span dir=\"auto\" style=\"vertical-align: inherit;\"> , <\/span><\/span><a href=\"https:\/\/onderzoekschemicals.com\/shop\/pellets\/o-dsmt-50mg-pellets\/\"><span dir=\"auto\" style=\"vertical-align: inherit;\"><span dir=\"auto\" style=\"vertical-align: inherit;\">O-DSMT 50mg Pellets<\/span><\/span><\/a><span dir=\"auto\" style=\"vertical-align: inherit;\"><span dir=\"auto\" style=\"vertical-align: inherit;\"> , <\/span><\/span><a href=\"https:\/\/onderzoekschemicals.com\/shop\/lysergamides\/1v-lsd-150-mcg-blotters\/\"><span dir=\"auto\" style=\"vertical-align: inherit;\"><span dir=\"auto\" style=\"vertical-align: inherit;\">1V-LSD 150 MCG Blotters<\/span><\/span><\/a><span dir=\"auto\" style=\"vertical-align: inherit;\"><span dir=\"auto\" style=\"vertical-align: inherit;\"> , <\/span><\/span><a href=\"https:\/\/onderzoekschemicals.com\/shop\/cathinonen\/2-cmc-kopen\/\"><span dir=\"auto\" style=\"vertical-align: inherit;\"><span dir=\"auto\" style=\"vertical-align: inherit;\">2-CMC 250mg pellets<\/span><\/span><\/a><\/strong><\/h1>\n","protected":false},"excerpt":{"rendered":"<p>1cP-LSD (1-Cyclopropanoyl-LSD) \u2014 Information profile for research and analysis Kurzbeschreibung \/ Einf\u00fchrung 1cp lsd, 1cP-LSD (1-Cyclopropanoyl-LSD) is an acyliertes Lysergamide-Derivat,<\/p>","protected":false},"featured_media":29155,"comment_status":"closed","ping_status":"closed","template":"","meta":[],"product_brand":[82],"product_cat":[360,358],"product_tag":[720,721,722,724,326,723],"class_list":{"0":"post-24955","1":"product","2":"type-product","3":"status-publish","4":"has-post-thumbnail","6":"product_brand-research-chemical","7":"product_cat-1cp-lsd","8":"product_cat-lysergamides","9":"product_tag-1cp-lsd","10":"product_tag-1cp-lsd-ervaringen","11":"product_tag-1cp-lsd-kopen","12":"product_tag-microdosing-lsd-kopen","13":"product_tag-nl","14":"product_tag-what-is-1cp-lsd","16":"first","17":"instock","18":"taxable","19":"shipping-taxable","20":"purchasable","21":"product-type-variable"},"_links":{"self":[{"href":"https:\/\/onderzoekschemicals.com\/cs\/wp-json\/wp\/v2\/product\/24955","targetHints":{"allow":["GET"]}}],"collection":[{"href":"https:\/\/onderzoekschemicals.com\/cs\/wp-json\/wp\/v2\/product"}],"about":[{"href":"https:\/\/onderzoekschemicals.com\/cs\/wp-json\/wp\/v2\/types\/product"}],"replies":[{"embeddable":true,"href":"https:\/\/onderzoekschemicals.com\/cs\/wp-json\/wp\/v2\/comments?post=24955"}],"version-history":[{"count":17,"href":"https:\/\/onderzoekschemicals.com\/cs\/wp-json\/wp\/v2\/product\/24955\/revisions"}],"predecessor-version":[{"id":27707,"href":"https:\/\/onderzoekschemicals.com\/cs\/wp-json\/wp\/v2\/product\/24955\/revisions\/27707"}],"wp:featuredmedia":[{"embeddable":true,"href":"https:\/\/onderzoekschemicals.com\/cs\/wp-json\/wp\/v2\/media\/29155"}],"wp:attachment":[{"href":"https:\/\/onderzoekschemicals.com\/cs\/wp-json\/wp\/v2\/media?parent=24955"}],"wp:term":[{"taxonomy":"product_brand","embeddable":true,"href":"https:\/\/onderzoekschemicals.com\/cs\/wp-json\/wp\/v2\/product_brand?post=24955"},{"taxonomy":"product_cat","embeddable":true,"href":"https:\/\/onderzoekschemicals.com\/cs\/wp-json\/wp\/v2\/product_cat?post=24955"},{"taxonomy":"product_tag","embeddable":true,"href":"https:\/\/onderzoekschemicals.com\/cs\/wp-json\/wp\/v2\/product_tag?post=24955"}],"curies":[{"name":"wp","href":"https:\/\/api.w.org\/{rel}","templated":true}]}}