{"id":24626,"date":"2025-10-20T17:42:17","date_gmt":"2025-10-20T17:42:17","guid":{"rendered":"https:\/\/onderzoekschemicals.com\/?post_type=product&#038;p=24626"},"modified":"2025-11-28T04:33:54","modified_gmt":"2025-11-28T04:33:54","slug":"2cmc-kopen","status":"publish","type":"product","link":"https:\/\/onderzoekschemicals.com\/cs\/shop\/2-cmc-pellets\/2-cmc-kopen\/2cmc-kopen\/","title":{"rendered":"2-CMC (2-Chlormethcathinone)"},"content":{"rendered":"<h3 data-start=\"3977\" data-end=\"3998\"><strong data-start=\"3981\" data-end=\"3996\"><span dir=\"auto\" style=\"vertical-align: inherit;\"><span dir=\"auto\" style=\"vertical-align: inherit;\">Zaveden\u00ed<\/span><\/span><\/strong><\/h3>\n<p data-start=\"3999\" data-end=\"4365\"><strong data-start=\"3999\" data-end=\"4032\"><span dir=\"auto\" style=\"vertical-align: inherit;\"><span dir=\"auto\" style=\"vertical-align: inherit;\">2-CMC (2-Chlormethcathinone)<\/span><\/span><\/strong><span dir=\"auto\" style=\"vertical-align: inherit;\"><span dir=\"auto\" style=\"vertical-align: inherit;\"> je syntetick\u00fd kathinon pat\u0159\u00edc\u00ed do rodiny \u03b2-ketoamfetaminu a strukturn\u011b p\u0159\u00edbuzn\u00fd 3-CMC a 4-CMC. Ve v\u00fdzkumn\u00e9m prost\u0159ed\u00ed je cen\u011bn pro sv\u00e9 <\/span><\/span><strong data-start=\"4210\" data-end=\"4234\"><span dir=\"auto\" style=\"vertical-align: inherit;\"><span dir=\"auto\" style=\"vertical-align: inherit;\">stimuluj\u00edc\u00ed profil<\/span><\/span><\/strong><span dir=\"auto\" style=\"vertical-align: inherit;\"><span dir=\"auto\" style=\"vertical-align: inherit;\"> , d\u00edky \u010demu\u017e je vhodn\u00fd pro studium transport\u00e9r\u016f dopaminu a serotoninu, metabolick\u00fdch drah a neurochemick\u00e9 aktivity. Koupit 2cmc<\/span><\/span><\/p>\n<p data-start=\"4367\" data-end=\"4664\"><span dir=\"auto\" style=\"vertical-align: inherit;\"><span dir=\"auto\" style=\"vertical-align: inherit;\">Ka\u017ed\u00e1 v\u00e1rka <\/span><\/span><strong data-start=\"4378\" data-end=\"4387\"><span dir=\"auto\" style=\"vertical-align: inherit;\"><span dir=\"auto\" style=\"vertical-align: inherit;\">2-CMC<\/span><\/span><\/strong><span dir=\"auto\" style=\"vertical-align: inherit;\"><span dir=\"auto\" style=\"vertical-align: inherit;\"> je dod\u00e1v\u00e1n jako <\/span><\/span><strong data-start=\"4411\" data-end=\"4442\"><span dir=\"auto\" style=\"vertical-align: inherit;\"><span dir=\"auto\" style=\"vertical-align: inherit;\">vysoce kvalitn\u00ed v\u00fdzkumn\u00e1 chemik\u00e1lie<\/span><\/span><\/strong><span dir=\"auto\" style=\"vertical-align: inherit;\"><span dir=\"auto\" style=\"vertical-align: inherit;\"> a je ur\u010den v\u00fdhradn\u011b pro <\/span><\/span><strong data-start=\"4474\" data-end=\"4512\"><span dir=\"auto\" style=\"vertical-align: inherit;\"><span dir=\"auto\" style=\"vertical-align: inherit;\">analytick\u00fd a forenzn\u00ed v\u00fdzkum<\/span><\/span><\/strong><span dir=\"auto\" style=\"vertical-align: inherit;\"><span dir=\"auto\" style=\"vertical-align: inherit;\"> , <\/span><\/span><strong data-start=\"4514\" data-end=\"4549\"><span dir=\"auto\" style=\"vertical-align: inherit;\"><span dir=\"auto\" style=\"vertical-align: inherit;\">neur\u010deno k lidsk\u00e9 spot\u0159eb\u011b<\/span><\/span><\/strong><span dir=\"auto\" style=\"vertical-align: inherit;\"><span dir=\"auto\" style=\"vertical-align: inherit;\"> Pro v\u00fdzkumn\u00edky <\/span><\/span><strong data-start=\"4573\" data-end=\"4595\"><span dir=\"auto\" style=\"vertical-align: inherit;\"><span dir=\"auto\" style=\"vertical-align: inherit;\">chci koupit 2-CMC<\/span><\/span><\/strong><span dir=\"auto\" style=\"vertical-align: inherit;\"><span dir=\"auto\" style=\"vertical-align: inherit;\"> , tento produkt je ide\u00e1ln\u00ed pro srovn\u00e1vac\u00ed a referen\u010dn\u00ed anal\u00fdzu.<\/span><\/span><\/p>\n<hr data-start=\"4666\" data-end=\"4669\" \/>\n<h3 data-start=\"4671\" data-end=\"4702\"><strong data-start=\"4675\" data-end=\"4702\"><span dir=\"auto\" style=\"vertical-align: inherit;\"><span dir=\"auto\" style=\"vertical-align: inherit;\">Kl\u00ed\u010dov\u00e9 vlastnosti<\/span><\/span><\/strong><\/h3>\n<ul data-start=\"4704\" data-end=\"5057\">\n<li data-start=\"4704\" data-end=\"4757\">\n<p data-start=\"4706\" data-end=\"4757\"><strong data-start=\"4706\" data-end=\"4725\"><span dir=\"auto\" style=\"vertical-align: inherit;\"><span dir=\"auto\" style=\"vertical-align: inherit;\">Chemick\u00fd n\u00e1zev:<\/span><\/span><\/strong><span dir=\"auto\" style=\"vertical-align: inherit;\"><span dir=\"auto\" style=\"vertical-align: inherit;\"> 2-Chlormethcathinon (2-CMC)<\/span><\/span><\/p>\n<\/li>\n<li data-start=\"4758\" data-end=\"4795\">\n<p data-start=\"4760\" data-end=\"4795\"><strong data-start=\"4760\" data-end=\"4782\"><span dir=\"auto\" style=\"vertical-align: inherit;\"><span dir=\"auto\" style=\"vertical-align: inherit;\">Chemick\u00fd vzorec:<\/span><\/span><\/strong><span dir=\"auto\" style=\"vertical-align: inherit;\"><span dir=\"auto\" style=\"vertical-align: inherit;\"> C\u2081\u2080H\u2081\u2082ClNO<\/span><\/span><\/p>\n<\/li>\n<li data-start=\"4796\" data-end=\"4836\">\n<p data-start=\"4798\" data-end=\"4836\"><strong data-start=\"4798\" data-end=\"4821\"><span dir=\"auto\" style=\"vertical-align: inherit;\"><span dir=\"auto\" style=\"vertical-align: inherit;\">Molekulov\u00e1 hmotnost:<\/span><\/span><\/strong><span dir=\"auto\" style=\"vertical-align: inherit;\"><span dir=\"auto\" style=\"vertical-align: inherit;\"> 197,66 g\/mol<\/span><\/span><\/p>\n<\/li>\n<li data-start=\"4837\" data-end=\"4879\">\n<p data-start=\"4839\" data-end=\"4879\"><strong data-start=\"4839\" data-end=\"4854\"><span dir=\"auto\" style=\"vertical-align: inherit;\"><span dir=\"auto\" style=\"vertical-align: inherit;\">\u010c\u00edslo CAS:<\/span><\/span><\/strong><span dir=\"auto\" style=\"vertical-align: inherit;\"><span dir=\"auto\" style=\"vertical-align: inherit;\"> \u2014 (v\u00fdzkumn\u00fd analog)<\/span><\/span><\/p>\n<\/li>\n<li data-start=\"4880\" data-end=\"4928\">\n<p data-start=\"4882\" data-end=\"4928\"><strong data-start=\"4882\" data-end=\"4897\"><span dir=\"auto\" style=\"vertical-align: inherit;\"><span dir=\"auto\" style=\"vertical-align: inherit;\">\u010cistota:<\/span><\/span><\/strong><span dir=\"auto\" style=\"vertical-align: inherit;\"><span dir=\"auto\" style=\"vertical-align: inherit;\"> \u2265 98 % (laboratorn\u011b testov\u00e1no)<\/span><\/span><\/p>\n<\/li>\n<li data-start=\"4929\" data-end=\"4995\">\n<p data-start=\"4931\" data-end=\"4995\"><strong data-start=\"4931\" data-end=\"4940\"><span dir=\"auto\" style=\"vertical-align: inherit;\"><span dir=\"auto\" style=\"vertical-align: inherit;\">Formul\u00e1\u0159:<\/span><\/span><\/strong><span dir=\"auto\" style=\"vertical-align: inherit;\"><span dir=\"auto\" style=\"vertical-align: inherit;\"> Krystalick\u00fd pr\u00e1\u0161ek, stabiln\u00ed a snadno se s n\u00edm manipuluje<\/span><\/span><\/p>\n<\/li>\n<li data-start=\"4996\" data-end=\"5057\">\n<p data-start=\"4998\" data-end=\"5057\"><strong data-start=\"4998\" data-end=\"5010\"><span dir=\"auto\" style=\"vertical-align: inherit;\"><span dir=\"auto\" style=\"vertical-align: inherit;\">Pou\u017eit\u00ed:<\/span><\/span><\/strong><span dir=\"auto\" style=\"vertical-align: inherit;\"><span dir=\"auto\" style=\"vertical-align: inherit;\"> Pouze pro analytick\u00fd a chemick\u00fd v\u00fdzkum, kupte 2 cmc<\/span><\/span><\/p>\n<\/li>\n<\/ul>\n<hr data-start=\"5059\" data-end=\"5062\" \/>\n<h3 data-start=\"5064\" data-end=\"5081\"><strong data-start=\"5068\" data-end=\"5081\"><span dir=\"auto\" style=\"vertical-align: inherit;\"><span dir=\"auto\" style=\"vertical-align: inherit;\">V\u00fdhody<\/span><\/span><\/strong><\/h3>\n<ul data-start=\"5083\" data-end=\"5664\">\n<li data-start=\"5083\" data-end=\"5174\">\n<p data-start=\"5085\" data-end=\"5174\"><strong data-start=\"5085\" data-end=\"5110\"><span dir=\"auto\" style=\"vertical-align: inherit;\"><span dir=\"auto\" style=\"vertical-align: inherit;\">Analytick\u00fd v\u00fdzkum:<\/span><\/span><\/strong><span dir=\"auto\" style=\"vertical-align: inherit;\"><span dir=\"auto\" style=\"vertical-align: inherit;\"> Vhodn\u00e9 pro chromatografii, spektrometrii a testov\u00e1n\u00ed \u010dinidel.<\/span><\/span><\/p>\n<\/li>\n<li data-start=\"5175\" data-end=\"5295\">\n<p data-start=\"5177\" data-end=\"5295\"><strong data-start=\"5177\" data-end=\"5204\"><span dir=\"auto\" style=\"vertical-align: inherit;\"><span dir=\"auto\" style=\"vertical-align: inherit;\">Farmakologick\u00fd vhled:<\/span><\/span><\/strong><span dir=\"auto\" style=\"vertical-align: inherit;\"><span dir=\"auto\" style=\"vertical-align: inherit;\"> Pom\u00e1h\u00e1 p\u0159i zkoum\u00e1n\u00ed interakc\u00ed monoaminov\u00fdch transport\u00e9r\u016f a stimula\u010dn\u00edch analog\u016f.<\/span><\/span><\/p>\n<\/li>\n<li data-start=\"5296\" data-end=\"5434\">\n<p data-start=\"5298\" data-end=\"5434\"><strong data-start=\"5298\" data-end=\"5327\"><span dir=\"auto\" style=\"vertical-align: inherit;\"><span dir=\"auto\" style=\"vertical-align: inherit;\">Struktur\u00e1ln\u00ed srovn\u00e1n\u00ed:<\/span><\/span><\/strong><span dir=\"auto\" style=\"vertical-align: inherit;\"><span dir=\"auto\" style=\"vertical-align: inherit;\"> U\u017eite\u010dn\u00e9 pro studie vztahu struktury a aktivity (SAR) s jin\u00fdmi katinony, jako je 3-CMC nebo 4-CMC.<\/span><\/span><\/p>\n<\/li>\n<li data-start=\"5435\" data-end=\"5540\">\n<p data-start=\"5437\" data-end=\"5540\"><strong data-start=\"5437\" data-end=\"5463\"><span dir=\"auto\" style=\"vertical-align: inherit;\"><span dir=\"auto\" style=\"vertical-align: inherit;\">Konzistentn\u00ed kvalita:<\/span><\/span><\/strong><span dir=\"auto\" style=\"vertical-align: inherit;\"><span dir=\"auto\" style=\"vertical-align: inherit;\"> Vyrobeno v laboratorn\u00edch podm\u00ednk\u00e1ch pro reprodukovateln\u00e9 v\u00fdsledky.<\/span><\/span><\/p>\n<\/li>\n<li data-start=\"5541\" data-end=\"5664\">\n<p data-start=\"5543\" data-end=\"5664\"><strong data-start=\"5543\" data-end=\"5565\"><span dir=\"auto\" style=\"vertical-align: inherit;\"><span dir=\"auto\" style=\"vertical-align: inherit;\">Vzd\u011bl\u00e1vac\u00ed hodnota:<\/span><\/span><\/strong><span dir=\"auto\" style=\"vertical-align: inherit;\"><span dir=\"auto\" style=\"vertical-align: inherit;\"> Vhodn\u00e9 pro toxikologick\u00e9 a forenzn\u00ed \u0161kolic\u00ed programy ve v\u00fdzkumn\u00fdch instituc\u00edch.<\/span><\/span><\/p>\n<\/li>\n<\/ul>\n<hr data-start=\"5666\" data-end=\"5669\" \/>\n<h3 data-start=\"5671\" data-end=\"5723\"><strong data-start=\"5675\" data-end=\"5721\"><span dir=\"auto\" style=\"vertical-align: inherit;\"><span dir=\"auto\" style=\"vertical-align: inherit;\">Pou\u017eit\u00ed (pouze pro v\u00fdzkumn\u00e9 \u00fa\u010dely)<\/span><\/span><\/strong><\/h3>\n<blockquote data-start=\"5725\" data-end=\"5887\">\n<p data-start=\"5727\" data-end=\"5887\">\u26a0\ufe0f <strong data-start=\"5730\" data-end=\"5741\"><span dir=\"auto\" style=\"vertical-align: inherit;\"><span dir=\"auto\" style=\"vertical-align: inherit;\">Upozorn\u011bn\u00ed:<\/span><\/span><\/strong><span dir=\"auto\" style=\"vertical-align: inherit;\"><span dir=\"auto\" style=\"vertical-align: inherit;\"> 2-CMC je ur\u010den pouze pro pou\u017eit\u00ed kvalifikovan\u00fdm laboratorn\u00edm person\u00e1lem a <\/span><\/span><strong data-start=\"5829\" data-end=\"5886\"><span dir=\"auto\" style=\"vertical-align: inherit;\"><span dir=\"auto\" style=\"vertical-align: inherit;\">nen\u00ed vhodn\u00e9 pro lidskou ani zv\u00ed\u0159ec\u00ed spot\u0159ebu<\/span><\/span><\/strong><span dir=\"auto\" style=\"vertical-align: inherit;\"><span dir=\"auto\" style=\"vertical-align: inherit;\"> .<\/span><\/span><\/p>\n<\/blockquote>\n<ol data-start=\"5889\" data-end=\"6346\">\n<li data-start=\"5889\" data-end=\"5983\">\n<p data-start=\"5892\" data-end=\"5983\"><strong data-start=\"5892\" data-end=\"5906\"><span dir=\"auto\" style=\"vertical-align: inherit;\"><span dir=\"auto\" style=\"vertical-align: inherit;\">Manipulace \u2013<\/span><\/span><\/strong><span dir=\"auto\" style=\"vertical-align: inherit;\"><span dir=\"auto\" style=\"vertical-align: inherit;\"> V\u017edy pou\u017e\u00edvejte rukavice, ochrann\u00fd od\u011bv a pracujte v digesto\u0159i.<\/span><\/span><\/p>\n<\/li>\n<li data-start=\"5984\" data-end=\"6064\">\n<p data-start=\"5987\" data-end=\"6064\"><strong data-start=\"5987\" data-end=\"5999\"><span dir=\"auto\" style=\"vertical-align: inherit;\"><span dir=\"auto\" style=\"vertical-align: inherit;\">M\u011b\u0159en\u00ed<\/span><\/span><\/strong><span dir=\"auto\" style=\"vertical-align: inherit;\"><span dir=\"auto\" style=\"vertical-align: inherit;\"> \u2013 Pro p\u0159esn\u00e9 d\u00e1vkov\u00e1n\u00ed pou\u017e\u00edvejte p\u0159esn\u00e9 v\u00e1hy.<\/span><\/span><\/p>\n<\/li>\n<li data-start=\"6065\" data-end=\"6152\">\n<p data-start=\"6068\" data-end=\"6152\"><strong data-start=\"6068\" data-end=\"6078\"><span dir=\"auto\" style=\"vertical-align: inherit;\"><span dir=\"auto\" style=\"vertical-align: inherit;\">Skladov\u00e1n\u00ed<\/span><\/span><\/strong><span dir=\"auto\" style=\"vertical-align: inherit;\"><span dir=\"auto\" style=\"vertical-align: inherit;\"> \u2013 Skladujte uzav\u0159en\u00e9 na chladn\u00e9m, such\u00e9m a tmav\u00e9m m\u00edst\u011b; nejl\u00e9pe p\u0159i teplot\u011b 2\u20138 \u00b0C.<\/span><\/span><\/p>\n<\/li>\n<li data-start=\"6153\" data-end=\"6255\">\n<p data-start=\"6156\" data-end=\"6255\"><strong data-start=\"6156\" data-end=\"6170\"><span dir=\"auto\" style=\"vertical-align: inherit;\"><span dir=\"auto\" style=\"vertical-align: inherit;\">Aplikace<\/span><\/span><\/strong><span dir=\"auto\" style=\"vertical-align: inherit;\"><span dir=\"auto\" style=\"vertical-align: inherit;\"> \u2013 Vhodn\u00e9 pro GC\/MS, HPLC, NMR a FTIR k potvrzen\u00ed struktury a \u010distoty.<\/span><\/span><\/p>\n<\/li>\n<li data-start=\"6256\" data-end=\"6346\">\n<p data-start=\"6259\" data-end=\"6346\"><strong data-start=\"6259\" data-end=\"6275\"><span dir=\"auto\" style=\"vertical-align: inherit;\"><span dir=\"auto\" style=\"vertical-align: inherit;\">Dokumentace<\/span><\/span><\/strong><span dir=\"auto\" style=\"vertical-align: inherit;\"><span dir=\"auto\" style=\"vertical-align: inherit;\"> \u2013 Uchov\u00e1vejte certifik\u00e1ty anal\u00fdz, \u010d\u00edsla \u0161ar\u017e\u00ed a v\u00fdsledky v bezpe\u010d\u00ed.<\/span><\/span><\/p>\n<\/li>\n<\/ol>\n<hr data-start=\"6348\" data-end=\"6351\" \/>\n<h3 data-start=\"6353\" data-end=\"6388\"><strong data-start=\"6357\" data-end=\"6386\"><span dir=\"auto\" style=\"vertical-align: inherit;\"><span dir=\"auto\" style=\"vertical-align: inherit;\">\u010casto kladen\u00e9 ot\u00e1zky (FAQ)<\/span><\/span><\/strong><\/h3>\n<p data-start=\"6390\" data-end=\"6653\"><strong data-start=\"6390\" data-end=\"6410\"><span dir=\"auto\" style=\"vertical-align: inherit;\"><span dir=\"auto\" style=\"vertical-align: inherit;\">1. Co je 2-CMC?<\/span><\/span><\/strong><br data-start=\"6410\" data-end=\"6413\" \/><span dir=\"auto\" style=\"vertical-align: inherit;\"><span dir=\"auto\" style=\"vertical-align: inherit;\"> 2-CMC (2-chlormethcathinon) je <\/span><\/span><strong data-start=\"6450\" data-end=\"6475\"><span dir=\"auto\" style=\"vertical-align: inherit;\"><span dir=\"auto\" style=\"vertical-align: inherit;\">syntetick\u00fd kathinon<\/span><\/span><\/strong><span dir=\"auto\" style=\"vertical-align: inherit;\"><span dir=\"auto\" style=\"vertical-align: inherit;\"> pou\u017e\u00edv\u00e1 se v analytick\u00e9m a forenzn\u00edm v\u00fdzkumu. Strukturn\u011b je podobn\u00fd jin\u00fdm katinon\u016fm, ale obsahuje atom chloru v poloze 2 fenylov\u00e9ho kruhu.<\/span><\/span><\/p>\n<p data-start=\"6655\" data-end=\"6913\"><strong data-start=\"6655\" data-end=\"6690\"><span dir=\"auto\" style=\"vertical-align: inherit;\"><span dir=\"auto\" style=\"vertical-align: inherit;\">2. Je 2-CMC leg\u00e1ln\u00ed koupit?<\/span><\/span><\/strong><br data-start=\"6690\" data-end=\"6693\" \/><span dir=\"auto\" style=\"vertical-align: inherit;\"><span dir=\"auto\" style=\"vertical-align: inherit;\"> Ten\/Ta\/To <\/span><\/span><strong data-start=\"6696\" data-end=\"6720\"><span dir=\"auto\" style=\"vertical-align: inherit;\"><span dir=\"auto\" style=\"vertical-align: inherit;\">z\u00e1konnost 2-CMC<\/span><\/span><\/strong><span dir=\"auto\" style=\"vertical-align: inherit;\"><span dir=\"auto\" style=\"vertical-align: inherit;\"> li\u0161\u00ed se v z\u00e1vislosti na zemi a jurisdikci. V n\u011bkter\u00fdch oblastech spad\u00e1 pod z\u00e1kon o opiu nebo podobn\u00e9 p\u0159edpisy. P\u0159ed pou\u017eit\u00edm si v\u017edy ov\u011b\u0159te m\u00edstn\u00ed z\u00e1kony. <\/span><\/span><strong data-start=\"6881\" data-end=\"6910\"><span dir=\"auto\" style=\"vertical-align: inherit;\"><span dir=\"auto\" style=\"vertical-align: inherit;\">n\u00e1kup nebo dovoz 2-CMC<\/span><\/span><\/strong><span dir=\"auto\" style=\"vertical-align: inherit;\"><span dir=\"auto\" style=\"vertical-align: inherit;\"> .<\/span><\/span><\/p>\n<p data-start=\"6915\" data-end=\"7144\"><strong data-start=\"6915\" data-end=\"6965\"><span dir=\"auto\" style=\"vertical-align: inherit;\"><span dir=\"auto\" style=\"vertical-align: inherit;\">3. K \u010demu se 2-CMC pou\u017e\u00edv\u00e1 ve v\u00fdzkumu?<\/span><\/span><\/strong><br data-start=\"6965\" data-end=\"6968\" \/><span dir=\"auto\" style=\"vertical-align: inherit;\"><span dir=\"auto\" style=\"vertical-align: inherit;\"> 2-CMC se pou\u017e\u00edv\u00e1 ve studi\u00edch vztahu mezi chemickou strukturou a biologickou aktivitou a jako referen\u010dn\u00ed l\u00e1tka ve forenzn\u00ed toxikologii a analytick\u00e9 chemii. <\/span><\/span><a href=\"https:\/\/onderzoekschemicals.com\/cs\/shop\/okategoriserad\/4mmc-kopen\/\"><span dir=\"auto\" style=\"vertical-align: inherit;\"><span dir=\"auto\" style=\"vertical-align: inherit;\">Kupte si 4mmc, kupte si <\/span><\/span><\/a><a href=\"https:\/\/onderzoekschemicals.com\/cs\/shop\/okategoriserad\/benzocaine-powder\/\"><span dir=\"auto\" style=\"vertical-align: inherit;\"><span dir=\"auto\" style=\"vertical-align: inherit;\">benzokainov\u00fd pr\u00e1\u0161ek, <\/span><\/span><\/a><a href=\"https:\/\/onderzoekschemicals.com\/cs\/shop\/okategoriserad\/fentanyl-kopen\/\"><span dir=\"auto\" style=\"vertical-align: inherit;\"><span dir=\"auto\" style=\"vertical-align: inherit;\">koupit fentanyl.<\/span><\/span><\/a><\/p>","protected":false},"excerpt":{"rendered":"<h2><span dir=\"auto\" style=\"vertical-align: inherit;\"><span dir=\"auto\" style=\"vertical-align: inherit;\"><span dir=\"auto\" style=\"vertical-align: inherit;\"><span dir=\"auto\" style=\"vertical-align: inherit;\">2-CMC vlastnosti<\/span><\/span><\/span><\/span><\/h2>\n<p><strong><span dir=\"auto\" style=\"vertical-align: inherit;\"><span dir=\"auto\" style=\"vertical-align: inherit;\"><span dir=\"auto\" style=\"vertical-align: inherit;\"><span dir=\"auto\" style=\"vertical-align: inherit;\">\u010c\u00edslo CAS<\/span><\/span><\/span><\/span><\/strong><span dir=\"auto\" style=\"vertical-align: inherit;\"><span dir=\"auto\" style=\"vertical-align: inherit;\"><span dir=\"auto\" style=\"vertical-align: inherit;\"><span dir=\"auto\" style=\"vertical-align: inherit;\"> : 90869-66-2 <\/span><\/span><\/span><\/span><br \/>\n<strong><span dir=\"auto\" style=\"vertical-align: inherit;\"><span dir=\"auto\" style=\"vertical-align: inherit;\"><span dir=\"auto\" style=\"vertical-align: inherit;\"><span dir=\"auto\" style=\"vertical-align: inherit;\">Vzorec<\/span><\/span><\/span><\/span><\/strong><span dir=\"auto\" style=\"vertical-align: inherit;\"><span dir=\"auto\" style=\"vertical-align: inherit;\"><span dir=\"auto\" style=\"vertical-align: inherit;\"><span dir=\"auto\" style=\"vertical-align: inherit;\"> : C <\/span><\/span><\/span><\/span><sub><small><span dir=\"auto\" style=\"vertical-align: inherit;\"><span dir=\"auto\" style=\"vertical-align: inherit;\"><span dir=\"auto\" style=\"vertical-align: inherit;\"><span dir=\"auto\" style=\"vertical-align: inherit;\">10<\/span><\/span><\/span><\/span><\/small><\/sub><span dir=\"auto\" style=\"vertical-align: inherit;\"><span dir=\"auto\" style=\"vertical-align: inherit;\"><span dir=\"auto\" style=\"vertical-align: inherit;\"><span dir=\"auto\" style=\"vertical-align: inherit;\"> H <\/span><\/span><\/span><\/span><sub><small><span dir=\"auto\" style=\"vertical-align: inherit;\"><span dir=\"auto\" style=\"vertical-align: inherit;\"><span dir=\"auto\" style=\"vertical-align: inherit;\"><span dir=\"auto\" style=\"vertical-align: inherit;\">12<\/span><\/span><\/span><\/span><\/small><\/sub><span dir=\"auto\" style=\"vertical-align: inherit;\"><span dir=\"auto\" style=\"vertical-align: inherit;\"><span dir=\"auto\" style=\"vertical-align: inherit;\"><span dir=\"auto\" style=\"vertical-align: inherit;\"> ClNO <\/span><\/span><\/span><\/span><br \/>\n<strong><span dir=\"auto\" style=\"vertical-align: inherit;\"><span dir=\"auto\" style=\"vertical-align: inherit;\"><span dir=\"auto\" style=\"vertical-align: inherit;\"><span dir=\"auto\" style=\"vertical-align: inherit;\">Mol\u00e1rn\u00ed hmotnost<\/span><\/span><\/span><\/span><\/strong><span dir=\"auto\" style=\"vertical-align: inherit;\"><span dir=\"auto\" style=\"vertical-align: inherit;\"><span dir=\"auto\" style=\"vertical-align: inherit;\"><span dir=\"auto\" style=\"vertical-align: inherit;\"> : 234.1 <\/span><\/span><\/span><\/span><br \/>\n<strong><span dir=\"auto\" style=\"vertical-align: inherit;\"><span dir=\"auto\" style=\"vertical-align: inherit;\"><span dir=\"auto\" style=\"vertical-align: inherit;\"><span dir=\"auto\" style=\"vertical-align: inherit;\">\u010cistota<\/span><\/span><\/span><\/span><\/strong><span dir=\"auto\" style=\"vertical-align: inherit;\"><span dir=\"auto\" style=\"vertical-align: inherit;\"><span dir=\"auto\" style=\"vertical-align: inherit;\"><span dir=\"auto\" style=\"vertical-align: inherit;\"> : \u226598%<\/span><\/span><\/span><\/span><\/p>","protected":false},"featured_media":29185,"comment_status":"closed","ping_status":"closed","template":"","meta":[],"product_brand":[82],"product_cat":[371,322,79],"product_tag":[561,668,667,326],"class_list":{"0":"post-24626","1":"product","2":"type-product","3":"status-publish","4":"has-post-thumbnail","6":"product_brand-research-chemical","7":"product_cat-2-cmc-kopen","8":"product_cat-bijna-verboden","9":"product_cat-cathinonen","10":"product_tag-2-cmc-kopen","11":"product_tag-2cmc-bestellen","12":"product_tag-2cmc-kopen","13":"product_tag-nl","15":"first","16":"instock","17":"taxable","18":"shipping-taxable","19":"purchasable","20":"product-type-variable"},"_links":{"self":[{"href":"https:\/\/onderzoekschemicals.com\/cs\/wp-json\/wp\/v2\/product\/24626","targetHints":{"allow":["GET"]}}],"collection":[{"href":"https:\/\/onderzoekschemicals.com\/cs\/wp-json\/wp\/v2\/product"}],"about":[{"href":"https:\/\/onderzoekschemicals.com\/cs\/wp-json\/wp\/v2\/types\/product"}],"replies":[{"embeddable":true,"href":"https:\/\/onderzoekschemicals.com\/cs\/wp-json\/wp\/v2\/comments?post=24626"}],"version-history":[{"count":7,"href":"https:\/\/onderzoekschemicals.com\/cs\/wp-json\/wp\/v2\/product\/24626\/revisions"}],"predecessor-version":[{"id":28659,"href":"https:\/\/onderzoekschemicals.com\/cs\/wp-json\/wp\/v2\/product\/24626\/revisions\/28659"}],"wp:featuredmedia":[{"embeddable":true,"href":"https:\/\/onderzoekschemicals.com\/cs\/wp-json\/wp\/v2\/media\/29185"}],"wp:attachment":[{"href":"https:\/\/onderzoekschemicals.com\/cs\/wp-json\/wp\/v2\/media?parent=24626"}],"wp:term":[{"taxonomy":"product_brand","embeddable":true,"href":"https:\/\/onderzoekschemicals.com\/cs\/wp-json\/wp\/v2\/product_brand?post=24626"},{"taxonomy":"product_cat","embeddable":true,"href":"https:\/\/onderzoekschemicals.com\/cs\/wp-json\/wp\/v2\/product_cat?post=24626"},{"taxonomy":"product_tag","embeddable":true,"href":"https:\/\/onderzoekschemicals.com\/cs\/wp-json\/wp\/v2\/product_tag?post=24626"}],"curies":[{"name":"wp","href":"https:\/\/api.w.org\/{rel}","templated":true}]}}