{"id":24494,"date":"2025-10-20T17:41:49","date_gmt":"2025-10-20T17:41:49","guid":{"rendered":"https:\/\/onderzoekschemicals.com\/?post_type=product&#038;p=24494"},"modified":"2025-11-28T04:47:08","modified_gmt":"2025-11-28T04:47:08","slug":"5-mapb-2","status":"publish","type":"product","link":"https:\/\/onderzoekschemicals.com\/cs\/shop\/b2b\/5-mapb-2\/","title":{"rendered":"5-MAPB 5ml tuba"},"content":{"rendered":"<ul>\n<li>\n<h3 data-start=\"4017\" data-end=\"4038\"><strong data-start=\"4021\" data-end=\"4036\">Zaveden\u00ed<\/strong><\/h3>\n<p data-start=\"4039\" data-end=\"4448\"><strong data-start=\"4039\" data-end=\"4060\">5-MAPB 5ml tuba<\/strong> obsahuje <strong data-start=\"4071\" data-end=\"4115\">p\u0159esn\u011b p\u0159ipraven\u00fd laboratorn\u00ed roztok<\/strong> podle <strong data-start=\"4120\" data-end=\"4166\">5-MAPB (5-(2-methylaminopropyl)benzofuran)<\/strong> - An <strong data-start=\"4173\" data-end=\"4202\">v\u00fdzkumn\u00e1 l\u00e1tka benzofuranu<\/strong> kter\u00fd struktur\u00e1ln\u011b souvis\u00ed s <strong data-start=\"4234\" data-end=\"4243\">6-APB<\/strong> a <strong data-start=\"4247\" data-end=\"4255\">MDMA<\/strong>5 map<br data-start=\"4256\" data-end=\"4259\" \/>Uvnit\u0159 <strong data-start=\"4266\" data-end=\"4307\">analytick\u00fd a neurochemick\u00fd v\u00fdzkum<\/strong> 5-MAPB se pou\u017e\u00edv\u00e1 pro studie <strong data-start=\"4348\" data-end=\"4374\">transport\u00e9ry monoamin\u016f<\/strong>, <strong data-start=\"4376\" data-end=\"4402\">serotonergn\u00ed aktivita<\/strong> a <strong data-start=\"4406\" data-end=\"4445\">chromatografick\u00e1 referen\u010dn\u00ed anal\u00fdza<\/strong>.<\/p>\n<p data-start=\"4450\" data-end=\"4650\">Roztok se p\u0159ipravuje s <strong data-start=\"4480\" data-end=\"4503\">\u2265 98% \u010dist\u00fd 5-MAPB<\/strong>, rozpu\u0161t\u011bn\u00fd v <strong data-start=\"4521\" data-end=\"4553\">rozpou\u0161t\u011bdlo v\u00fdzkumn\u00e9 t\u0159\u00eddy<\/strong>a zabalen\u00e9 v <strong data-start=\"4573\" data-end=\"4607\">jantarov\u00e1 sklen\u011bn\u00e1 zkumavka o objemu 5 ml<\/strong> k ochran\u011b p\u0159ed sv\u011btlem a oxidac\u00ed.<\/p>\n<blockquote data-start=\"4652\" data-end=\"4798\">\n<p data-start=\"4654\" data-end=\"4798\">\u26a0\ufe0f <strong data-start=\"4657\" data-end=\"4668\">Pozn.:<\/strong> Tento produkt je ur\u010den pouze k pou\u017eit\u00ed <strong data-start=\"4709\" data-end=\"4744\">v\u00fdzkumn\u00e9 a analytick\u00e9 vyu\u017eit\u00ed<\/strong> \u2014 <strong data-start=\"4747\" data-end=\"4795\">nen\u00ed ur\u010deno k lidsk\u00e9 ani zv\u00ed\u0159ec\u00ed spot\u0159eb\u011b<\/strong>.<\/p>\n<\/blockquote>\n<hr data-start=\"4800\" data-end=\"4803\" \/>\n<h3 data-start=\"4805\" data-end=\"4836\"><strong data-start=\"4809\" data-end=\"4836\">Kl\u00ed\u010dov\u00e9 vlastnosti<\/strong><\/h3>\n<div class=\"_tableContainer_1rjym_1\">\n<div class=\"group _tableWrapper_1rjym_13 flex w-fit flex-col-reverse\" tabindex=\"-1\">\n<table class=\"w-fit min-w-(--thread-content-width)\" data-start=\"4838\" data-end=\"5435\">\n<thead data-start=\"4838\" data-end=\"4864\">\n<tr data-start=\"4838\" data-end=\"4864\">\n<th data-start=\"4838\" data-end=\"4848\" data-col-size=\"sm\">Funkce<\/th>\n<th data-start=\"4848\" data-end=\"4864\" data-col-size=\"md\">Popis<\/th>\n<\/tr>\n<\/thead>\n<tbody data-start=\"4893\" data-end=\"5435\">\n<tr data-start=\"4893\" data-end=\"4951\">\n<td data-start=\"4893\" data-end=\"4914\" data-col-size=\"sm\"><strong data-start=\"4895\" data-end=\"4913\">Chemick\u00fd n\u00e1zev<\/strong><\/td>\n<td data-start=\"4914\" data-end=\"4951\" data-col-size=\"md\">5-(2-methylaminopropyl)benzofuran<\/td>\n<\/tr>\n<tr data-start=\"4952\" data-end=\"4987\">\n<td data-start=\"4952\" data-end=\"4977\" data-col-size=\"sm\"><strong data-start=\"4954\" data-end=\"4976\">B\u011b\u017en\u00fd n\u00e1zev<\/strong><\/td>\n<td data-start=\"4977\" data-end=\"4987\" data-col-size=\"md\">5-MAPB<\/td>\n<\/tr>\n<tr data-start=\"4988\" data-end=\"5024\">\n<td data-start=\"4988\" data-end=\"5012\" data-col-size=\"sm\"><strong data-start=\"4990\" data-end=\"5011\">Chemick\u00fd vzorec<\/strong><\/td>\n<td data-start=\"5012\" data-end=\"5024\" data-col-size=\"md\">C\u2081\u2082H\u2081\u2087NO<\/td>\n<\/tr>\n<tr data-start=\"5025\" data-end=\"5063\">\n<td data-start=\"5025\" data-end=\"5047\" data-col-size=\"sm\"><strong data-start=\"5027\" data-end=\"5046\">Molekulov\u00e1 hmotnost<\/strong><\/td>\n<td data-start=\"5047\" data-end=\"5063\" data-col-size=\"md\">191,27 g\/mol<\/td>\n<\/tr>\n<tr data-start=\"5064\" data-end=\"5125\">\n<td data-start=\"5064\" data-end=\"5075\" data-col-size=\"sm\"><strong data-start=\"5066\" data-end=\"5074\">Formul\u00e1\u0159<\/strong><\/td>\n<td data-start=\"5075\" data-end=\"5125\" data-col-size=\"md\">Kapaln\u00fd roztok (v testovan\u00e9m rozpou\u0161t\u011bdle)<\/td>\n<\/tr>\n<tr data-start=\"5126\" data-end=\"5189\">\n<td data-start=\"5126\" data-end=\"5145\" data-col-size=\"sm\"><strong data-start=\"5128\" data-end=\"5144\">Koncentrace<\/strong><\/td>\n<td data-start=\"5145\" data-end=\"5189\" data-col-size=\"md\">Laboratorn\u00ed standard (z\u00e1vis\u00ed na \u0161ar\u017ei)<\/td>\n<\/tr>\n<tr data-start=\"5190\" data-end=\"5237\">\n<td data-start=\"5190\" data-end=\"5203\" data-col-size=\"sm\"><strong data-start=\"5192\" data-end=\"5202\">Objem<\/strong><\/td>\n<td data-start=\"5203\" data-end=\"5237\" data-col-size=\"md\">5ml jantarov\u00e1 sklen\u011bn\u00e1 zkumavka<\/td>\n<\/tr>\n<tr data-start=\"5238\" data-end=\"5289\">\n<td data-start=\"5238\" data-end=\"5255\" data-col-size=\"sm\"><strong data-start=\"5240\" data-end=\"5254\">\u010cistota<\/strong><\/td>\n<td data-start=\"5255\" data-end=\"5289\" data-col-size=\"md\">\u2265 98% (testov\u00e1no pomoc\u00ed HPLC a NMR)<\/td>\n<\/tr>\n<tr data-start=\"5290\" data-end=\"5369\">\n<td data-start=\"5290\" data-end=\"5304\" data-col-size=\"sm\"><strong data-start=\"5292\" data-end=\"5303\">Pou\u017e\u00edv\u00e1n\u00ed<\/strong><\/td>\n<td data-start=\"5304\" data-end=\"5369\" data-col-size=\"md\">Pouze pro analytick\u00fd, forenzn\u00ed a neurochemick\u00fd v\u00fdzkum<\/td>\n<\/tr>\n<tr data-start=\"5370\" data-end=\"5435\">\n<td data-start=\"5370\" data-end=\"5387\" data-col-size=\"sm\"><strong data-start=\"5372\" data-end=\"5386\">Obal<\/strong><\/td>\n<td data-start=\"5387\" data-end=\"5435\" data-col-size=\"md\">Jantarov\u00e9 sklo s hermetick\u00fdm uz\u00e1v\u011brem<\/td>\n<\/tr>\n<\/tbody>\n<\/table>\n<\/div>\n<\/div>\n<hr data-start=\"5437\" data-end=\"5440\" \/>\n<h3 data-start=\"5442\" data-end=\"5459\"><strong data-start=\"5446\" data-end=\"5459\">V\u00fdhody<\/strong><\/h3>\n<ul data-start=\"5461\" data-end=\"5878\">\n<li data-start=\"5461\" data-end=\"5556\">\n<p data-start=\"5463\" data-end=\"5556\"><strong data-start=\"5463\" data-end=\"5482\">Vysok\u00e1 \u010distota<\/strong> \u2013 Pro spolehliv\u00e9 v\u00fdsledky v\u00fdzkumu pou\u017eijte \u2265 98% \u010dist\u00fd 5-MAPB.<\/p>\n<\/li>\n<li data-start=\"5557\" data-end=\"5636\">\n<p data-start=\"5559\" data-end=\"5636\"><strong data-start=\"5559\" data-end=\"5586\">\u0158e\u0161en\u00ed p\u0159ipraven\u00e9 k pou\u017eit\u00ed<\/strong> \u2013 5ml tuba zjednodu\u0161uje d\u00e1vkov\u00e1n\u00ed a anal\u00fdzu.<\/p>\n<\/li>\n<li data-start=\"5637\" data-end=\"5708\">\n<p data-start=\"5639\" data-end=\"5708\"><strong data-start=\"5639\" data-end=\"5662\">Sklo odoln\u00e9 v\u016f\u010di sv\u011btlu<\/strong> \u2013 Chr\u00e1n\u00ed p\u0159ipojen\u00ed p\u0159ed zhor\u0161en\u00edm jeho kvality. 5 mapb<\/p>\n<\/li>\n<li data-start=\"5709\" data-end=\"5799\">\n<p data-start=\"5711\" data-end=\"5799\"><strong data-start=\"5711\" data-end=\"5741\">\u0160iroce pou\u017eiteln\u00e9 pro v\u00fdzkum<\/strong> \u2013 Vhodn\u00e9 pro GC\/MS, LC-MS, HPLC, FTIR a UV anal\u00fdzu.<\/p>\n<\/li>\n<li data-start=\"5800\" data-end=\"5878\">\n<p data-start=\"5802\" data-end=\"5878\"><strong data-start=\"5802\" data-end=\"5825\">D\u00e1vkov\u011b \u0159\u00edzen\u00e9<\/strong> \u2013 Ka\u017ed\u00e1 \u0161ar\u017ee je testov\u00e1na na koncentraci a \u010distotu.<\/p>\n<\/li>\n<\/ul>\n<hr data-start=\"5880\" data-end=\"5883\" \/>\n<h3 data-start=\"5885\" data-end=\"5937\"><strong data-start=\"5889\" data-end=\"5935\">Pou\u017eit\u00ed (pouze pro v\u00fdzkumn\u00e9 \u00fa\u010dely)<\/strong><\/h3>\n<ol data-start=\"5939\" data-end=\"6330\">\n<li data-start=\"5939\" data-end=\"6033\">\n<p data-start=\"5942\" data-end=\"6033\"><strong data-start=\"5942\" data-end=\"5957\">Zach\u00e1zen\u00ed:<\/strong> Pou\u017e\u00edvejte rukavice, ochrann\u00e9 br\u00fdle a laboratorn\u00ed pl\u00e1\u0161\u0165; pracujte pod digesto\u0159\u00ed.<\/p>\n<\/li>\n<li data-start=\"6034\" data-end=\"6096\">\n<p data-start=\"6037\" data-end=\"6096\"><strong data-start=\"6037\" data-end=\"6050\">Rozm\u011bry:<\/strong> Pro p\u0159esn\u00e9 d\u00e1vkov\u00e1n\u00ed pou\u017eijte pipety.<\/p>\n<\/li>\n<li data-start=\"6097\" data-end=\"6167\">\n<p data-start=\"6100\" data-end=\"6167\"><strong data-start=\"6100\" data-end=\"6111\">Skladov\u00e1n\u00ed:<\/strong> Skladujte v chladu (2\u20138 \u00b0C), suchu a tm\u011b; nezmrazujte.<\/p>\n<\/li>\n<li data-start=\"6168\" data-end=\"6263\">\n<p data-start=\"6171\" data-end=\"6263\"><strong data-start=\"6171\" data-end=\"6183\">Anal\u00fdza:<\/strong> Vhodn\u00e9 pro chromatografii, spektroskopii a forenzn\u00ed referen\u010dn\u00ed anal\u00fdzu.<\/p>\n<\/li>\n<li data-start=\"6264\" data-end=\"6330\">\n<p data-start=\"6267\" data-end=\"6330\"><strong data-start=\"6267\" data-end=\"6284\">Dokumentace:<\/strong> Zaznamenejte \u010d\u00edsla \u0161ar\u017e\u00ed a certifik\u00e1ty anal\u00fdzy.<\/p>\n<\/li>\n<\/ol>\n<hr data-start=\"6332\" data-end=\"6335\" \/>\n<h3 data-start=\"6337\" data-end=\"6372\"><strong data-start=\"6341\" data-end=\"6370\">\u010casto kladen\u00e9 ot\u00e1zky (FAQ)<\/strong><\/h3>\n<p data-start=\"6374\" data-end=\"6553\"><strong data-start=\"6374\" data-end=\"6395\">1. Co je 5-MAPB?<\/strong><br data-start=\"6395\" data-end=\"6398\" \/><strong data-start=\"6398\" data-end=\"6444\">5-MAPB (5-(2-methylaminopropyl)benzofuran)<\/strong> je a <strong data-start=\"6452\" data-end=\"6490\">syntetick\u00e1 slou\u010denina benzofuranu<\/strong> kter\u00fd se pou\u017e\u00edv\u00e1 v analytick\u00e9m a neurochemick\u00e9m v\u00fdzkumu.<\/p>\n<p data-start=\"6555\" data-end=\"6708\"><strong data-start=\"6555\" data-end=\"6598\">2. Co je v 5ml tub\u011b 5-MAPB?<\/strong><br data-start=\"6598\" data-end=\"6601\" \/>Trubice obsahuje <strong data-start=\"6618\" data-end=\"6642\">5ml roztok 5-MAPB<\/strong> (\u010distota \u2265 98%), p\u0159ipraveno k pou\u017eit\u00ed v laboratorn\u00edch anal\u00fdz\u00e1ch.<\/p>\n<p data-start=\"6710\" data-end=\"6922\"><strong data-start=\"6710\" data-end=\"6750\">3. Je leg\u00e1ln\u00ed koupit 5-MAPB?<\/strong><br data-start=\"6750\" data-end=\"6753\" \/>The <strong data-start=\"6756\" data-end=\"6781\">z\u00e1konnost 5-MAPB<\/strong> li\u0161\u00ed se v jednotliv\u00fdch zem\u00edch. V n\u011bkter\u00fdch zem\u00edch je regulov\u00e1n z\u00e1konem o opiu; p\u0159ed pou\u017eit\u00edm si v\u017edy ov\u011b\u0159te m\u00edstn\u00ed z\u00e1kony. <strong data-start=\"6903\" data-end=\"6919\">5-MAPB n\u00e1kupy<\/strong>.<\/p>\n<\/li>\n<\/ul>","protected":false},"excerpt":{"rendered":"<h2><strong><span dir=\"auto\" style=\"vertical-align: inherit;\"><span dir=\"auto\" style=\"vertical-align: inherit;\">5-MAPB 5ml tuba<\/span><\/span><\/strong><\/h2>","protected":false},"featured_media":29263,"comment_status":"closed","ping_status":"closed","template":"","meta":[],"product_brand":[],"product_cat":[555],"product_tag":[109,326],"class_list":{"0":"post-24494","1":"product","2":"type-product","3":"status-publish","4":"has-post-thumbnail","6":"product_cat-b2b","7":"product_tag-5-mapb","8":"product_tag-nl","10":"first","11":"instock","12":"taxable","13":"shipping-taxable","14":"purchasable","15":"product-type-variable"},"_links":{"self":[{"href":"https:\/\/onderzoekschemicals.com\/cs\/wp-json\/wp\/v2\/product\/24494","targetHints":{"allow":["GET"]}}],"collection":[{"href":"https:\/\/onderzoekschemicals.com\/cs\/wp-json\/wp\/v2\/product"}],"about":[{"href":"https:\/\/onderzoekschemicals.com\/cs\/wp-json\/wp\/v2\/types\/product"}],"replies":[{"embeddable":true,"href":"https:\/\/onderzoekschemicals.com\/cs\/wp-json\/wp\/v2\/comments?post=24494"}],"version-history":[{"count":5,"href":"https:\/\/onderzoekschemicals.com\/cs\/wp-json\/wp\/v2\/product\/24494\/revisions"}],"predecessor-version":[{"id":27782,"href":"https:\/\/onderzoekschemicals.com\/cs\/wp-json\/wp\/v2\/product\/24494\/revisions\/27782"}],"wp:featuredmedia":[{"embeddable":true,"href":"https:\/\/onderzoekschemicals.com\/cs\/wp-json\/wp\/v2\/media\/29263"}],"wp:attachment":[{"href":"https:\/\/onderzoekschemicals.com\/cs\/wp-json\/wp\/v2\/media?parent=24494"}],"wp:term":[{"taxonomy":"product_brand","embeddable":true,"href":"https:\/\/onderzoekschemicals.com\/cs\/wp-json\/wp\/v2\/product_brand?post=24494"},{"taxonomy":"product_cat","embeddable":true,"href":"https:\/\/onderzoekschemicals.com\/cs\/wp-json\/wp\/v2\/product_cat?post=24494"},{"taxonomy":"product_tag","embeddable":true,"href":"https:\/\/onderzoekschemicals.com\/cs\/wp-json\/wp\/v2\/product_tag?post=24494"}],"curies":[{"name":"wp","href":"https:\/\/api.w.org\/{rel}","templated":true}]}}