{"id":24451,"date":"2025-10-20T17:41:45","date_gmt":"2025-10-20T17:41:45","guid":{"rendered":"https:\/\/onderzoekschemicals.com\/?post_type=product&#038;p=24451"},"modified":"2025-10-21T16:13:08","modified_gmt":"2025-10-21T16:13:08","slug":"dmxe-psychonaut","status":"publish","type":"product","link":"https:\/\/onderzoekschemicals.com\/cs\/shop\/arylcyclohexylamine\/dmxe-psychonaut\/","title":{"rendered":"D-MEX DMXE 40 mg pelety"},"content":{"rendered":"<h3 data-start=\"4075\" data-end=\"4096\"><strong data-start=\"4079\" data-end=\"4094\">Zaveden\u00ed<\/strong><\/h3>\n<p data-start=\"4097\" data-end=\"4511\"><strong data-start=\"4097\" data-end=\"4124\">D-MEX DMXE 40 mg pelety<\/strong> obsahovat <strong data-start=\"4134\" data-end=\"4175\">p\u0159esn\u011b odv\u00e1\u017een\u00e9 pelety o hmotnosti 40 mg<\/strong> <strong data-start=\"4176\" data-end=\"4208\">DMXE (3D-methoxy-2&#039;-oxo-PCE)<\/strong> - An <strong data-start=\"4215\" data-end=\"4262\">disociativn\u00ed arylcyklohexylaminov\u00e1 slou\u010denina<\/strong> v r\u00e1mci <strong data-start=\"4273\" data-end=\"4308\">T\u0159\u00edda antagonist\u016f NMDA receptor\u016f<\/strong>dmxe psychonaut<br data-start=\"4309\" data-end=\"4312\" \/>Struktur\u00e1ln\u011b je to <strong data-start=\"4327\" data-end=\"4380\">DMXE (tak\u00e9 zn\u00e1m\u00fd jako deoxymethoxetamin nebo D-MEX)<\/strong> souvisej\u00edc\u00ed s <strong data-start=\"4393\" data-end=\"4400\">MXE<\/strong> a <strong data-start=\"4404\" data-end=\"4411\">DXE<\/strong>, co\u017e z n\u011bj \u010din\u00ed cennou l\u00e1tku pro <strong data-start=\"4455\" data-end=\"4508\">neurochemick\u00fd, forenzn\u00ed a analytick\u00fd v\u00fdzkum<\/strong>.<\/p>\n<p data-start=\"4513\" data-end=\"4764\">Ka\u017ed\u00e1 peleta je vyrobena s <strong data-start=\"4552\" data-end=\"4588\">laboratorn\u00ed \u010distota \u2265 98%<\/strong> a zabalen\u00e9 v <strong data-start=\"4607\" data-end=\"4641\">ochrann\u00e9 blistrov\u00e9 balen\u00ed<\/strong> pro stabilitu a p\u0159esnost. <strong data-start=\"4681\" data-end=\"4695\">d\u00e1vka 40 mg<\/strong> je ide\u00e1ln\u00ed pro <strong data-start=\"4711\" data-end=\"4761\">chromatografick\u00e9 a spektroskopick\u00e9 anal\u00fdzy<\/strong>.<\/p>\n<blockquote data-start=\"4766\" data-end=\"4912\">\n<p data-start=\"4768\" data-end=\"4912\">\u26a0\ufe0f <strong data-start=\"4771\" data-end=\"4782\">Pozn.:<\/strong> Tento produkt je ur\u010den pouze k pou\u017eit\u00ed <strong data-start=\"4823\" data-end=\"4858\">v\u00fdzkumn\u00e9 a analytick\u00e9 vyu\u017eit\u00ed<\/strong> \u2014 <strong data-start=\"4861\" data-end=\"4909\">nen\u00ed ur\u010deno k lidsk\u00e9 ani zv\u00ed\u0159ec\u00ed spot\u0159eb\u011b<\/strong>.<\/p>\n<\/blockquote>\n<hr data-start=\"4914\" data-end=\"4917\" \/>\n<h3 data-start=\"4919\" data-end=\"4950\"><strong data-start=\"4923\" data-end=\"4950\">Kl\u00ed\u010dov\u00e9 vlastnosti<\/strong><\/h3>\n<div class=\"_tableContainer_1rjym_1\">\n<div class=\"group _tableWrapper_1rjym_13 flex w-fit flex-col-reverse\" tabindex=\"-1\">\n<table class=\"w-fit min-w-(--thread-content-width)\" data-start=\"4952\" data-end=\"5502\">\n<thead data-start=\"4952\" data-end=\"4978\">\n<tr data-start=\"4952\" data-end=\"4978\">\n<th data-start=\"4952\" data-end=\"4962\" data-col-size=\"sm\">Funkce<\/th>\n<th data-start=\"4962\" data-end=\"4978\" data-col-size=\"md\">Popis<\/th>\n<\/tr>\n<\/thead>\n<tbody data-start=\"5007\" data-end=\"5502\">\n<tr data-start=\"5007\" data-end=\"5053\">\n<td data-start=\"5007\" data-end=\"5028\" data-col-size=\"sm\"><strong data-start=\"5009\" data-end=\"5027\">Chemick\u00fd n\u00e1zev<\/strong><\/td>\n<td data-start=\"5028\" data-end=\"5053\" data-col-size=\"md\">3D-methoxy-2&#039;-oxo-PCE<\/td>\n<\/tr>\n<tr data-start=\"5054\" data-end=\"5095\">\n<td data-start=\"5054\" data-end=\"5079\" data-col-size=\"sm\"><strong data-start=\"5056\" data-end=\"5078\">B\u011b\u017en\u00fd n\u00e1zev<\/strong><\/td>\n<td data-start=\"5079\" data-end=\"5095\" data-col-size=\"md\">DMXE \/ D-MEX<\/td>\n<\/tr>\n<tr data-start=\"5096\" data-end=\"5133\">\n<td data-start=\"5096\" data-end=\"5120\" data-col-size=\"sm\"><strong data-start=\"5098\" data-end=\"5119\">Chemick\u00fd vzorec<\/strong><\/td>\n<td data-start=\"5120\" data-end=\"5133\" data-col-size=\"md\">C\u2081\u2084H\u2081\u2089NO\u2082<\/td>\n<\/tr>\n<tr data-start=\"5134\" data-end=\"5172\">\n<td data-start=\"5134\" data-end=\"5156\" data-col-size=\"sm\"><strong data-start=\"5136\" data-end=\"5155\">Molekulov\u00e1 hmotnost<\/strong><\/td>\n<td data-start=\"5156\" data-end=\"5172\" data-col-size=\"md\">233,31 g\/mol<\/td>\n<\/tr>\n<tr data-start=\"5173\" data-end=\"5207\">\n<td data-start=\"5173\" data-end=\"5188\" data-col-size=\"sm\"><strong data-start=\"5175\" data-end=\"5187\">D\u00e1vkov\u00e1n\u00ed<\/strong><\/td>\n<td data-start=\"5188\" data-end=\"5207\" data-col-size=\"md\">40 mg na peletu<\/td>\n<\/tr>\n<tr data-start=\"5208\" data-end=\"5255\">\n<td data-start=\"5208\" data-end=\"5219\" data-col-size=\"sm\"><strong data-start=\"5210\" data-end=\"5218\">Formul\u00e1\u0159<\/strong><\/td>\n<td data-start=\"5219\" data-end=\"5255\" data-col-size=\"md\">Pevn\u00e9 pelety (blistr)<\/td>\n<\/tr>\n<tr data-start=\"5256\" data-end=\"5307\">\n<td data-start=\"5256\" data-end=\"5273\" data-col-size=\"sm\"><strong data-start=\"5258\" data-end=\"5272\">\u010cistota<\/strong><\/td>\n<td data-start=\"5273\" data-end=\"5307\" data-col-size=\"md\">\u2265 98% (testov\u00e1no pomoc\u00ed HPLC a NMR)<\/td>\n<\/tr>\n<tr data-start=\"5308\" data-end=\"5372\">\n<td data-start=\"5308\" data-end=\"5331\" data-col-size=\"sm\"><strong data-start=\"5310\" data-end=\"5330\">Chemick\u00e1 t\u0159\u00edda<\/strong><\/td>\n<td data-start=\"5331\" data-end=\"5372\" data-col-size=\"md\">Arylcyklohexylamin\/antagonista NMDA<\/td>\n<\/tr>\n<tr data-start=\"5373\" data-end=\"5452\">\n<td data-start=\"5373\" data-end=\"5387\" data-col-size=\"sm\"><strong data-start=\"5375\" data-end=\"5386\">Pou\u017e\u00edv\u00e1n\u00ed<\/strong><\/td>\n<td data-start=\"5387\" data-end=\"5452\" data-col-size=\"md\">Pouze pro analytick\u00fd, forenzn\u00ed a neurochemick\u00fd v\u00fdzkum<\/td>\n<\/tr>\n<tr data-start=\"5453\" data-end=\"5502\">\n<td data-start=\"5453\" data-end=\"5470\" data-col-size=\"sm\"><strong data-start=\"5455\" data-end=\"5469\">Obal<\/strong><\/td>\n<td data-start=\"5470\" data-end=\"5502\" data-col-size=\"md\">Blistr s uz\u00e1v\u011brem<\/td>\n<\/tr>\n<\/tbody>\n<\/table>\n<\/div>\n<\/div>\n<hr data-start=\"5504\" data-end=\"5507\" \/>\n<h3 data-start=\"5509\" data-end=\"5526\"><strong data-start=\"5513\" data-end=\"5526\">V\u00fdhody<\/strong><\/h3>\n<ul data-start=\"5528\" data-end=\"5976\">\n<li data-start=\"5528\" data-end=\"5620\">\n<p data-start=\"5530\" data-end=\"5620\"><strong data-start=\"5530\" data-end=\"5549\">Vysok\u00e1 \u010distota<\/strong> \u2013 \u2265 98% laboratorn\u00ed kvalita pro spolehliv\u00e9 v\u00fdsledky v\u00fdzkumu.<\/p>\n<\/li>\n<li data-start=\"5621\" data-end=\"5700\">\n<p data-start=\"5623\" data-end=\"5700\"><strong data-start=\"5623\" data-end=\"5647\">P\u0159esn\u00e9 d\u00e1vkov\u00e1n\u00ed<\/strong> \u2013 40 mg na peletu zaji\u0161\u0165uje konzistentn\u00ed m\u011b\u0159en\u00ed.<\/p>\n<\/li>\n<li data-start=\"5701\" data-end=\"5787\">\n<p data-start=\"5703\" data-end=\"5787\"><strong data-start=\"5703\" data-end=\"5728\">Ochrann\u00e9 balen\u00ed<\/strong> \u2013 Blistrov\u00e9 balen\u00ed zabra\u0148uje kontaminaci a degradaci.<\/p>\n<\/li>\n<li data-start=\"5788\" data-end=\"5881\">\n<p data-start=\"5790\" data-end=\"5881\"><strong data-start=\"5790\" data-end=\"5820\">\u0160iroce pou\u017eiteln\u00e9 pro v\u00fdzkum<\/strong> \u2013 Vhodn\u00e9 pro GC\/MS, LC-MS, FTIR, HPLC a spektroskopii.<\/p>\n<\/li>\n<li data-start=\"5882\" data-end=\"5976\">\n<p data-start=\"5884\" data-end=\"5976\"><strong data-start=\"5884\" data-end=\"5912\">\u0158\u00edzen\u00e1 v\u00fdroba<\/strong> \u2013 Pln\u011b sledovateln\u00e1 v\u00fdroba v laboratorn\u00edch podm\u00ednk\u00e1ch.<\/p>\n<\/li>\n<\/ul>\n<hr data-start=\"5978\" data-end=\"5981\" \/>\n<h3 data-start=\"5983\" data-end=\"6035\"><strong data-start=\"5987\" data-end=\"6033\">Pou\u017eit\u00ed (pouze pro v\u00fdzkumn\u00e9 \u00fa\u010dely)<\/strong><\/h3>\n<ol data-start=\"6037\" data-end=\"6479\">\n<li data-start=\"6037\" data-end=\"6148\">\n<p data-start=\"6040\" data-end=\"6148\"><strong data-start=\"6040\" data-end=\"6055\">Zach\u00e1zen\u00ed:<\/strong> Pou\u017e\u00edvejte rukavice, ochrann\u00e9 br\u00fdle a laboratorn\u00ed pl\u00e1\u0161\u0165; pracujte za kontrolovan\u00fdch podm\u00ednek.<\/p>\n<\/li>\n<li data-start=\"6149\" data-end=\"6232\">\n<p data-start=\"6152\" data-end=\"6232\"><strong data-start=\"6152\" data-end=\"6165\">Rozm\u011bry:<\/strong> Ka\u017ed\u00e1 peleta obsahuje 40 mg; pouze pro laboratorn\u00ed pou\u017eit\u00ed.<\/p>\n<\/li>\n<li data-start=\"6233\" data-end=\"6311\">\n<p data-start=\"6236\" data-end=\"6311\"><strong data-start=\"6236\" data-end=\"6247\">Skladov\u00e1n\u00ed:<\/strong> Skladujte v chladu (2\u20138 \u00b0C), suchu a tm\u011b v p\u016fvodn\u00edm obalu.<\/p>\n<\/li>\n<li data-start=\"6312\" data-end=\"6403\">\n<p data-start=\"6315\" data-end=\"6403\"><strong data-start=\"6315\" data-end=\"6327\">Anal\u00fdza:<\/strong> Vhodn\u00e9 pro chromatografii, spektroskopii a forenzn\u00ed identifikaci.<\/p>\n<\/li>\n<li data-start=\"6404\" data-end=\"6479\">\n<p data-start=\"6407\" data-end=\"6479\"><strong data-start=\"6407\" data-end=\"6424\">Dokumentace:<\/strong> Zaznamenejte \u010d\u00edsla \u0161ar\u017e\u00ed a v\u00fdsledky test\u016f pro shodu s p\u0159edpisy. dmxe psychonaut<\/p>\n<\/li>\n<\/ol>\n<hr data-start=\"6481\" data-end=\"6484\" \/>\n<h3 data-start=\"6486\" data-end=\"6521\"><strong data-start=\"6490\" data-end=\"6519\">\u010casto kladen\u00e9 ot\u00e1zky (FAQ)<\/strong><\/h3>\n<p data-start=\"6523\" data-end=\"6721\"><strong data-start=\"6523\" data-end=\"6550\">1. Co je DMXE (D-MEX)?<\/strong><br data-start=\"6550\" data-end=\"6553\" \/><strong data-start=\"6553\" data-end=\"6585\">DMXE (3D-methoxy-2&#039;-oxo-PCE)<\/strong>, tak\u00e9 zn\u00e1m\u00fd jako <strong data-start=\"6602\" data-end=\"6611\">D-MEX<\/strong>, je <strong data-start=\"6620\" data-end=\"6648\">disociativn\u00ed spojen\u00ed<\/strong> kter\u00fd se pou\u017e\u00edv\u00e1 v laboratorn\u00edch studi\u00edch vazby na NMDA receptory.<\/p>\n<p data-start=\"6723\" data-end=\"6869\"><strong data-start=\"6723\" data-end=\"6771\">2. Co obsahuj\u00ed pelety D-MEX DMXE 40 mg?<\/strong><br data-start=\"6771\" data-end=\"6774\" \/>Ka\u017ed\u00e1 peleta obsahuje <strong data-start=\"6792\" data-end=\"6824\">40 mg DMXE (\u010distota \u2265 98%)<\/strong>, vyroben\u00e9 v laboratorn\u00edch podm\u00ednk\u00e1ch. <a href=\"https:\/\/onderzoekschemicals.com\/cs\/shop\/okategoriserad\/4mmc-kopen\/\">koupit 4mmc<\/a><a href=\"https:\/\/onderzoekschemicals.com\/cs\/shop\/okategoriserad\/benzocaine-powder\/\">benzokainov\u00fd pr\u00e1\u0161ek<\/a><\/p>\n<p data-start=\"6871\" data-end=\"7079\"><strong data-start=\"6871\" data-end=\"6909\">3. Je leg\u00e1ln\u00ed koupit DMXE?<\/strong><br data-start=\"6909\" data-end=\"6912\" \/>The <strong data-start=\"6915\" data-end=\"6938\">legalita DMXE<\/strong> li\u0161\u00ed se v jednotliv\u00fdch zem\u00edch. V n\u011bkter\u00fdch zem\u00edch je pova\u017eov\u00e1na za kontrolovanou l\u00e1tku. P\u0159ed pou\u017eit\u00edm si v\u017edy ov\u011b\u0159te m\u00edstn\u00ed p\u0159edpisy. <strong data-start=\"7062\" data-end=\"7076\">DMXE n\u00e1kupy<\/strong>.<\/p>\n<div class=\"markdown-table-wrapper\"><\/div>","protected":false},"excerpt":{"rendered":"<p>\u00davod Pelety D-MEX DMXE 40 mg obsahuj\u00ed p\u0159esn\u011b odv\u00e1\u017een\u00e9 pelety 40 mg DMXE (3D-Methoxy-2&#039;-oxo-PCE) \u2013 disociativn\u00ed arylcyklohexylaminov\u00e9 slou\u010deniny ze t\u0159\u00eddy antagonist\u016f NMDA receptor\u016f.<\/p>","protected":false},"featured_media":21436,"comment_status":"closed","ping_status":"closed","template":"","meta":[],"product_brand":[82],"product_cat":[71,406,429,324,398],"product_tag":[295,296,326],"class_list":{"0":"post-24451","1":"product","2":"type-product","3":"status-publish","4":"has-post-thumbnail","6":"product_brand-research-chemical","7":"product_cat-arylcyclohexylamine","8":"product_cat-dmxe","9":"product_cat-dmxe-pellets","10":"product_cat-pellets-for-pellet","11":"product_cat-verkoop","12":"product_tag-dmxe","13":"product_tag-dmxe-psychonaut","14":"product_tag-nl","16":"first","17":"instock","18":"sale","19":"taxable","20":"shipping-taxable","21":"purchasable","22":"product-type-variable"},"_links":{"self":[{"href":"https:\/\/onderzoekschemicals.com\/cs\/wp-json\/wp\/v2\/product\/24451","targetHints":{"allow":["GET"]}}],"collection":[{"href":"https:\/\/onderzoekschemicals.com\/cs\/wp-json\/wp\/v2\/product"}],"about":[{"href":"https:\/\/onderzoekschemicals.com\/cs\/wp-json\/wp\/v2\/types\/product"}],"replies":[{"embeddable":true,"href":"https:\/\/onderzoekschemicals.com\/cs\/wp-json\/wp\/v2\/comments?post=24451"}],"version-history":[{"count":6,"href":"https:\/\/onderzoekschemicals.com\/cs\/wp-json\/wp\/v2\/product\/24451\/revisions"}],"predecessor-version":[{"id":27786,"href":"https:\/\/onderzoekschemicals.com\/cs\/wp-json\/wp\/v2\/product\/24451\/revisions\/27786"}],"wp:featuredmedia":[{"embeddable":true,"href":"https:\/\/onderzoekschemicals.com\/cs\/wp-json\/wp\/v2\/media\/21436"}],"wp:attachment":[{"href":"https:\/\/onderzoekschemicals.com\/cs\/wp-json\/wp\/v2\/media?parent=24451"}],"wp:term":[{"taxonomy":"product_brand","embeddable":true,"href":"https:\/\/onderzoekschemicals.com\/cs\/wp-json\/wp\/v2\/product_brand?post=24451"},{"taxonomy":"product_cat","embeddable":true,"href":"https:\/\/onderzoekschemicals.com\/cs\/wp-json\/wp\/v2\/product_cat?post=24451"},{"taxonomy":"product_tag","embeddable":true,"href":"https:\/\/onderzoekschemicals.com\/cs\/wp-json\/wp\/v2\/product_tag?post=24451"}],"curies":[{"name":"wp","href":"https:\/\/api.w.org\/{rel}","templated":true}]}}