{"id":24435,"date":"2025-10-20T17:41:44","date_gmt":"2025-10-20T17:41:44","guid":{"rendered":"https:\/\/onderzoekschemicals.com\/?post_type=product&#038;p=24435"},"modified":"2025-11-28T06:31:39","modified_gmt":"2025-11-28T06:31:39","slug":"3cec","status":"publish","type":"product","link":"https:\/\/onderzoekschemicals.com\/cs\/shop\/b2b\/3cec\/","title":{"rendered":"3-CEC HCl s\u00e1\u010dek 1gr"},"content":{"rendered":"<h3 data-start=\"4045\" data-end=\"4066\"><strong data-start=\"4049\" data-end=\"4064\"><span dir=\"auto\" style=\"vertical-align: inherit;\"><span dir=\"auto\" style=\"vertical-align: inherit;\">Zaveden\u00ed<\/span><\/span><\/strong><\/h3>\n<p data-start=\"4067\" data-end=\"4515\"><strong data-start=\"4067\" data-end=\"4091\"><span dir=\"auto\" style=\"vertical-align: inherit;\"><span dir=\"auto\" style=\"vertical-align: inherit;\">3-CEC HCl Sachet (1g)<\/span><\/span><\/strong><span dir=\"auto\" style=\"vertical-align: inherit;\"><span dir=\"auto\" style=\"vertical-align: inherit;\"> contains 1 gram <\/span><span dir=\"auto\" style=\"vertical-align: inherit;\">of laboratory grade <\/span><\/span><strong data-start=\"4098\" data-end=\"4150\"><span dir=\"auto\" style=\"vertical-align: inherit;\"><span dir=\"auto\" style=\"vertical-align: inherit;\">3-CEC (3-Chloroethcathinone) Hydrochloride <\/span><\/span><\/strong><strong data-start=\"4155\" data-end=\"4199\"><span dir=\"auto\" style=\"vertical-align: inherit;\"><span dir=\"auto\" style=\"vertical-align: inherit;\">(\u2265 98% purity)<\/span><\/span><\/strong><span dir=\"auto\" style=\"vertical-align: inherit;\"><span dir=\"auto\" style=\"vertical-align: inherit;\"> . <\/span><\/span><br data-start=\"4200\" data-end=\"4203\" \/><span dir=\"auto\" style=\"vertical-align: inherit;\"><span dir=\"auto\" style=\"vertical-align: inherit;\">3-CEC is a <\/span><\/span><strong data-start=\"4216\" data-end=\"4251\"><span dir=\"auto\" style=\"vertical-align: inherit;\"><span dir=\"auto\" style=\"vertical-align: inherit;\">syntetick\u00e1 kathinonov\u00e1 slou\u010denina<\/span><\/span><\/strong><span dir=\"auto\" style=\"vertical-align: inherit;\"><span dir=\"auto\" style=\"vertical-align: inherit;\"> z <\/span><\/span><strong data-start=\"4259\" data-end=\"4288\"><span dir=\"auto\" style=\"vertical-align: inherit;\"><span dir=\"auto\" style=\"vertical-align: inherit;\">Rodina \u03b2-ketoamfetaminu<\/span><\/span><\/strong><span dir=\"auto\" style=\"vertical-align: inherit;\"><span dir=\"auto\" style=\"vertical-align: inherit;\"> and structurally related to <\/span><\/span><strong data-start=\"4316\" data-end=\"4325\"><span dir=\"auto\" style=\"vertical-align: inherit;\"><span dir=\"auto\" style=\"vertical-align: inherit;\">3-CMC<\/span><\/span><\/strong><span dir=\"auto\" style=\"vertical-align: inherit;\"><span dir=\"auto\" style=\"vertical-align: inherit;\"> a <\/span><\/span><strong data-start=\"4329\" data-end=\"4338\"><span dir=\"auto\" style=\"vertical-align: inherit;\"><span dir=\"auto\" style=\"vertical-align: inherit;\">4-CEC<\/span><\/span><\/strong><span dir=\"auto\" style=\"vertical-align: inherit;\"><span dir=\"auto\" style=\"vertical-align: inherit;\"> 3cec <\/span><\/span><br data-start=\"4339\" data-end=\"4342\" \/><span dir=\"auto\" style=\"vertical-align: inherit;\"><span dir=\"auto\" style=\"vertical-align: inherit;\">Pou\u017e\u00edv\u00e1 se pro <\/span><\/span><strong data-start=\"4366\" data-end=\"4414\"><span dir=\"auto\" style=\"vertical-align: inherit;\"><span dir=\"auto\" style=\"vertical-align: inherit;\">forensic, analytical and chemical research<\/span><\/span><\/strong><span dir=\"auto\" style=\"vertical-align: inherit;\"><span dir=\"auto\" style=\"vertical-align: inherit;\"> , in particular in <\/span><\/span><strong data-start=\"4429\" data-end=\"4470\"><span dir=\"auto\" style=\"vertical-align: inherit;\"><span dir=\"auto\" style=\"vertical-align: inherit;\">vztah mezi strukturou a aktivitou (SAR)<\/span><\/span><\/strong><span dir=\"auto\" style=\"vertical-align: inherit;\"><span dir=\"auto\" style=\"vertical-align: inherit;\"> studie a <\/span><\/span><strong data-start=\"4482\" data-end=\"4512\"><span dir=\"auto\" style=\"vertical-align: inherit;\"><span dir=\"auto\" style=\"vertical-align: inherit;\">chromatografick\u00e9 anal\u00fdzy<\/span><\/span><\/strong><span dir=\"auto\" style=\"vertical-align: inherit;\"><span dir=\"auto\" style=\"vertical-align: inherit;\"> .<\/span><\/span><\/p>\n<p data-start=\"4517\" data-end=\"4693\"><span dir=\"auto\" style=\"vertical-align: inherit;\"><span dir=\"auto\" style=\"vertical-align: inherit;\">Produkt je dod\u00e1v\u00e1n jako <\/span><\/span><strong data-start=\"4552\" data-end=\"4581\"><span dir=\"auto\" style=\"vertical-align: inherit;\"><span dir=\"auto\" style=\"vertical-align: inherit;\">jemn\u00e1 krystalick\u00e1 HCl s\u016fl<\/span><\/span><\/strong><span dir=\"auto\" style=\"vertical-align: inherit;\"><span dir=\"auto\" style=\"vertical-align: inherit;\"> , packaged in a <\/span><\/span><strong data-start=\"4598\" data-end=\"4648\"><span dir=\"auto\" style=\"vertical-align: inherit;\"><span dir=\"auto\" style=\"vertical-align: inherit;\">vlhkuvzdorn\u00e9, znovuuzav\u00edrateln\u00e9 laboratorn\u00ed pouzdro<\/span><\/span><\/strong><span dir=\"auto\" style=\"vertical-align: inherit;\"><span dir=\"auto\" style=\"vertical-align: inherit;\"> to ensure stability and quality.<\/span><\/span><\/p>\n<blockquote data-start=\"4695\" data-end=\"4839\">\n<p data-start=\"4697\" data-end=\"4839\">\u26a0\ufe0f <strong data-start=\"4700\" data-end=\"4711\"><span dir=\"auto\" style=\"vertical-align: inherit;\"><span dir=\"auto\" style=\"vertical-align: inherit;\">Pozor:<\/span><\/span><\/strong><span dir=\"auto\" style=\"vertical-align: inherit;\"><span dir=\"auto\" style=\"vertical-align: inherit;\"> 3-CEC HCl is intended for <\/span><\/span><strong data-start=\"4750\" data-end=\"4785\"><span dir=\"auto\" style=\"vertical-align: inherit;\"><span dir=\"auto\" style=\"vertical-align: inherit;\">v\u00fdzkumn\u00e9 a analytick\u00e9 vyu\u017eit\u00ed<\/span><\/span><\/strong><span dir=\"auto\" style=\"vertical-align: inherit;\"><span dir=\"auto\" style=\"vertical-align: inherit;\"> pouze \u2014 <\/span><\/span><strong data-start=\"4788\" data-end=\"4836\"><span dir=\"auto\" style=\"vertical-align: inherit;\"><span dir=\"auto\" style=\"vertical-align: inherit;\">nen\u00ed ur\u010deno k lidsk\u00e9 ani zv\u00ed\u0159ec\u00ed spot\u0159eb\u011b<\/span><\/span><\/strong><span dir=\"auto\" style=\"vertical-align: inherit;\"><span dir=\"auto\" style=\"vertical-align: inherit;\"> .<\/span><\/span><\/p>\n<\/blockquote>\n<hr data-start=\"4841\" data-end=\"4844\" \/>\n<h3 data-start=\"4846\" data-end=\"4877\"><strong data-start=\"4850\" data-end=\"4877\"><span dir=\"auto\" style=\"vertical-align: inherit;\"><span dir=\"auto\" style=\"vertical-align: inherit;\">Kl\u00ed\u010dov\u00e9 vlastnosti<\/span><\/span><\/strong><\/h3>\n<div class=\"_tableContainer_1rjym_1\">\n<div class=\"group _tableWrapper_1rjym_13 flex w-fit flex-col-reverse\" tabindex=\"-1\">\n<table class=\"w-fit min-w-(--thread-content-width)\" data-start=\"4879\" data-end=\"5457\">\n<thead data-start=\"4879\" data-end=\"4905\">\n<tr data-start=\"4879\" data-end=\"4905\">\n<th data-start=\"4879\" data-end=\"4889\" data-col-size=\"sm\"><span dir=\"auto\" style=\"vertical-align: inherit;\"><span dir=\"auto\" style=\"vertical-align: inherit;\">Funkce<\/span><\/span><\/th>\n<th data-start=\"4889\" data-end=\"4905\" data-col-size=\"md\"><span dir=\"auto\" style=\"vertical-align: inherit;\"><span dir=\"auto\" style=\"vertical-align: inherit;\">Popis<\/span><\/span><\/th>\n<\/tr>\n<\/thead>\n<tbody data-start=\"4934\" data-end=\"5457\">\n<tr data-start=\"4934\" data-end=\"4992\">\n<td data-start=\"4934\" data-end=\"4955\" data-col-size=\"sm\"><strong data-start=\"4936\" data-end=\"4954\"><span dir=\"auto\" style=\"vertical-align: inherit;\"><span dir=\"auto\" style=\"vertical-align: inherit;\">Chemick\u00fd n\u00e1zev<\/span><\/span><\/strong><\/td>\n<td data-start=\"4955\" data-end=\"4992\" data-col-size=\"md\"><span dir=\"auto\" style=\"vertical-align: inherit;\"><span dir=\"auto\" style=\"vertical-align: inherit;\">3-Chloroethcathinone Hydrochloride<\/span><\/span><\/td>\n<\/tr>\n<tr data-start=\"4993\" data-end=\"5031\">\n<td data-start=\"4993\" data-end=\"5018\" data-col-size=\"sm\"><strong data-start=\"4995\" data-end=\"5017\"><span dir=\"auto\" style=\"vertical-align: inherit;\"><span dir=\"auto\" style=\"vertical-align: inherit;\">B\u011b\u017en\u00fd n\u00e1zev<\/span><\/span><\/strong><\/td>\n<td data-start=\"5018\" data-end=\"5031\" data-col-size=\"md\"><span dir=\"auto\" style=\"vertical-align: inherit;\"><span dir=\"auto\" style=\"vertical-align: inherit;\">3-CEC HCl<\/span><\/span><\/td>\n<\/tr>\n<tr data-start=\"5032\" data-end=\"5074\">\n<td data-start=\"5032\" data-end=\"5056\" data-col-size=\"sm\"><strong data-start=\"5034\" data-end=\"5055\"><span dir=\"auto\" style=\"vertical-align: inherit;\"><span dir=\"auto\" style=\"vertical-align: inherit;\">Chemick\u00fd vzorec<\/span><\/span><\/strong><\/td>\n<td data-start=\"5056\" data-end=\"5074\" data-col-size=\"md\"><span dir=\"auto\" style=\"vertical-align: inherit;\"><span dir=\"auto\" style=\"vertical-align: inherit;\">C\u2081\u2081H\u2081\u2084ClNO\u00b7HCl<\/span><\/span><\/td>\n<\/tr>\n<tr data-start=\"5075\" data-end=\"5113\">\n<td data-start=\"5075\" data-end=\"5097\" data-col-size=\"sm\"><strong data-start=\"5077\" data-end=\"5096\"><span dir=\"auto\" style=\"vertical-align: inherit;\"><span dir=\"auto\" style=\"vertical-align: inherit;\">Molekulov\u00e1 hmotnost<\/span><\/span><\/strong><\/td>\n<td data-start=\"5097\" data-end=\"5113\" data-col-size=\"md\"><span dir=\"auto\" style=\"vertical-align: inherit;\"><span dir=\"auto\" style=\"vertical-align: inherit;\">248.15 g\/mol<\/span><\/span><\/td>\n<\/tr>\n<tr data-start=\"5114\" data-end=\"5149\">\n<td data-start=\"5114\" data-end=\"5125\" data-col-size=\"sm\"><strong data-start=\"5116\" data-end=\"5124\"><span dir=\"auto\" style=\"vertical-align: inherit;\"><span dir=\"auto\" style=\"vertical-align: inherit;\">Formul\u00e1\u0159<\/span><\/span><\/strong><\/td>\n<td data-start=\"5125\" data-end=\"5149\" data-col-size=\"md\"><span dir=\"auto\" style=\"vertical-align: inherit;\"><span dir=\"auto\" style=\"vertical-align: inherit;\">Krystalick\u00e1 HCl s\u016fl<\/span><\/span><\/td>\n<\/tr>\n<tr data-start=\"5150\" data-end=\"5188\">\n<td data-start=\"5150\" data-end=\"5168\" data-col-size=\"sm\"><strong data-start=\"5152\" data-end=\"5167\"><span dir=\"auto\" style=\"vertical-align: inherit;\"><span dir=\"auto\" style=\"vertical-align: inherit;\">Mno\u017estv\u00ed<\/span><\/span><\/strong><\/td>\n<td data-start=\"5168\" data-end=\"5188\" data-col-size=\"md\"><span dir=\"auto\" style=\"vertical-align: inherit;\"><span dir=\"auto\" style=\"vertical-align: inherit;\">1 gram na s\u00e1\u010dek<\/span><\/span><\/td>\n<\/tr>\n<tr data-start=\"5189\" data-end=\"5240\">\n<td data-start=\"5189\" data-end=\"5206\" data-col-size=\"sm\"><strong data-start=\"5191\" data-end=\"5205\"><span dir=\"auto\" style=\"vertical-align: inherit;\"><span dir=\"auto\" style=\"vertical-align: inherit;\">\u010cistota<\/span><\/span><\/strong><\/td>\n<td data-start=\"5206\" data-end=\"5240\" data-col-size=\"md\"><span dir=\"auto\" style=\"vertical-align: inherit;\"><span dir=\"auto\" style=\"vertical-align: inherit;\">\u2265 98% (testov\u00e1no pomoc\u00ed HPLC a NMR)<\/span><\/span><\/td>\n<\/tr>\n<tr data-start=\"5241\" data-end=\"5310\">\n<td data-start=\"5241\" data-end=\"5264\" data-col-size=\"sm\"><strong data-start=\"5243\" data-end=\"5263\"><span dir=\"auto\" style=\"vertical-align: inherit;\"><span dir=\"auto\" style=\"vertical-align: inherit;\">Chemick\u00e1 t\u0159\u00edda<\/span><\/span><\/strong><\/td>\n<td data-start=\"5264\" data-end=\"5310\" data-col-size=\"md\"><span dir=\"auto\" style=\"vertical-align: inherit;\"><span dir=\"auto\" style=\"vertical-align: inherit;\">Syntetick\u00fd katinon \/ \u03b2-keto-amfetamin<\/span><\/span><\/td>\n<\/tr>\n<tr data-start=\"5311\" data-end=\"5385\">\n<td data-start=\"5311\" data-end=\"5325\" data-col-size=\"sm\"><strong data-start=\"5313\" data-end=\"5324\"><span dir=\"auto\" style=\"vertical-align: inherit;\"><span dir=\"auto\" style=\"vertical-align: inherit;\">Pou\u017e\u00edv\u00e1n\u00ed<\/span><\/span><\/strong><\/td>\n<td data-start=\"5325\" data-end=\"5385\" data-col-size=\"md\"><span dir=\"auto\" style=\"vertical-align: inherit;\"><span dir=\"auto\" style=\"vertical-align: inherit;\">Pouze pro analytick\u00fd, forenzn\u00ed a chemick\u00fd v\u00fdzkum<\/span><\/span><\/td>\n<\/tr>\n<tr data-start=\"5386\" data-end=\"5457\">\n<td data-start=\"5386\" data-end=\"5403\" data-col-size=\"sm\"><strong data-start=\"5388\" data-end=\"5402\"><span dir=\"auto\" style=\"vertical-align: inherit;\"><span dir=\"auto\" style=\"vertical-align: inherit;\">Obal<\/span><\/span><\/strong><\/td>\n<td data-start=\"5403\" data-end=\"5457\" data-col-size=\"md\"><span dir=\"auto\" style=\"vertical-align: inherit;\"><span dir=\"auto\" style=\"vertical-align: inherit;\">Znovuuzav\u00edrateln\u00fd, antistatick\u00fd a vlhkuvzdorn\u00fd s\u00e1\u010dek<\/span><\/span><\/td>\n<\/tr>\n<\/tbody>\n<\/table>\n<\/div>\n<\/div>\n<hr data-start=\"5459\" data-end=\"5462\" \/>\n<h3 data-start=\"5464\" data-end=\"5481\"><strong data-start=\"5468\" data-end=\"5481\"><span dir=\"auto\" style=\"vertical-align: inherit;\"><span dir=\"auto\" style=\"vertical-align: inherit;\">V\u00fdhody<\/span><\/span><\/strong><\/h3>\n<ul data-start=\"5483\" data-end=\"5888\">\n<li data-start=\"5483\" data-end=\"5575\">\n<p data-start=\"5485\" data-end=\"5575\"><strong data-start=\"5485\" data-end=\"5504\"><span dir=\"auto\" style=\"vertical-align: inherit;\"><span dir=\"auto\" style=\"vertical-align: inherit;\">Vysok\u00e1 \u010distota<\/span><\/span><\/strong><span dir=\"auto\" style=\"vertical-align: inherit;\"><span dir=\"auto\" style=\"vertical-align: inherit;\"> \u2013 \u2265 98% laboratorn\u00ed kvalita pro spolehliv\u00e9 v\u00fdsledky v\u00fdzkumu.<\/span><\/span><\/p>\n<\/li>\n<li data-start=\"5576\" data-end=\"5664\">\n<p data-start=\"5578\" data-end=\"5664\"><strong data-start=\"5578\" data-end=\"5595\"><span dir=\"auto\" style=\"vertical-align: inherit;\"><span dir=\"auto\" style=\"vertical-align: inherit;\">Stabiln\u00ed forma<\/span><\/span><\/strong><span dir=\"auto\" style=\"vertical-align: inherit;\"><span dir=\"auto\" style=\"vertical-align: inherit;\"> \u2013 HCl salt form provides improved solubility and stability.<\/span><\/span><\/p>\n<\/li>\n<li data-start=\"5665\" data-end=\"5739\">\n<p data-start=\"5667\" data-end=\"5739\"><strong data-start=\"5667\" data-end=\"5688\"><span dir=\"auto\" style=\"vertical-align: inherit;\"><span dir=\"auto\" style=\"vertical-align: inherit;\">Accurately Tested<\/span><\/span><\/strong><span dir=\"auto\" style=\"vertical-align: inherit;\"><span dir=\"auto\" style=\"vertical-align: inherit;\"> \u2013 Tested via HPLC and NMR for quality assurance.<\/span><\/span><\/p>\n<\/li>\n<li data-start=\"5740\" data-end=\"5817\">\n<p data-start=\"5742\" data-end=\"5817\"><strong data-start=\"5742\" data-end=\"5762\"><span dir=\"auto\" style=\"vertical-align: inherit;\"><span dir=\"auto\" style=\"vertical-align: inherit;\">\u0160irok\u00e1 pou\u017eitelnost<\/span><\/span><\/strong><span dir=\"auto\" style=\"vertical-align: inherit;\"><span dir=\"auto\" style=\"vertical-align: inherit;\"> \u2013 Suitable for GC\/MS, LC-MS, FTIR and NMR research.<\/span><\/span><\/p>\n<\/li>\n<li data-start=\"5818\" data-end=\"5888\">\n<p data-start=\"5820\" data-end=\"5888\"><strong data-start=\"5820\" data-end=\"5842\"><span dir=\"auto\" style=\"vertical-align: inherit;\"><span dir=\"auto\" style=\"vertical-align: inherit;\">Bezpe\u010dn\u00e9 balen\u00ed<\/span><\/span><\/strong><span dir=\"auto\" style=\"vertical-align: inherit;\"><span dir=\"auto\" style=\"vertical-align: inherit;\"> \u2013 Protects against moisture and contamination. 3cec<\/span><\/span><\/p>\n<\/li>\n<\/ul>\n<hr data-start=\"5890\" data-end=\"5893\" \/>\n<h3 data-start=\"5895\" data-end=\"5947\"><strong data-start=\"5899\" data-end=\"5945\"><span dir=\"auto\" style=\"vertical-align: inherit;\"><span dir=\"auto\" style=\"vertical-align: inherit;\">Pou\u017eit\u00ed (pouze pro v\u00fdzkumn\u00e9 \u00fa\u010dely)<\/span><\/span><\/strong><\/h3>\n<ol data-start=\"5949\" data-end=\"6297\">\n<li data-start=\"5949\" data-end=\"6018\">\n<p data-start=\"5952\" data-end=\"6018\"><strong data-start=\"5952\" data-end=\"5967\"><span dir=\"auto\" style=\"vertical-align: inherit;\"><span dir=\"auto\" style=\"vertical-align: inherit;\">Zach\u00e1zen\u00ed:<\/span><\/span><\/strong><span dir=\"auto\" style=\"vertical-align: inherit;\"><span dir=\"auto\" style=\"vertical-align: inherit;\"> Pou\u017e\u00edvejte rukavice, ochrann\u00e9 br\u00fdle a laboratorn\u00ed pl\u00e1\u0161\u0165.<\/span><\/span><\/p>\n<\/li>\n<li data-start=\"6019\" data-end=\"6078\">\n<p data-start=\"6022\" data-end=\"6078\"><strong data-start=\"6022\" data-end=\"6035\"><span dir=\"auto\" style=\"vertical-align: inherit;\"><span dir=\"auto\" style=\"vertical-align: inherit;\">Rozm\u011bry:<\/span><\/span><\/strong><span dir=\"auto\" style=\"vertical-align: inherit;\"><span dir=\"auto\" style=\"vertical-align: inherit;\"> Pou\u017e\u00edvejte kalibrovan\u00e9 laboratorn\u00ed v\u00e1hy.<\/span><\/span><\/p>\n<\/li>\n<li data-start=\"6079\" data-end=\"6157\">\n<p data-start=\"6082\" data-end=\"6157\"><strong data-start=\"6082\" data-end=\"6093\"><span dir=\"auto\" style=\"vertical-align: inherit;\"><span dir=\"auto\" style=\"vertical-align: inherit;\">Skladov\u00e1n\u00ed:<\/span><\/span><\/strong><span dir=\"auto\" style=\"vertical-align: inherit;\"><span dir=\"auto\" style=\"vertical-align: inherit;\"> Skladujte v chladu (2\u20138 \u00b0C), suchu a tm\u011b v p\u016fvodn\u00edm obalu.<\/span><\/span><\/p>\n<\/li>\n<li data-start=\"6158\" data-end=\"6235\">\n<p data-start=\"6161\" data-end=\"6235\"><strong data-start=\"6161\" data-end=\"6173\"><span dir=\"auto\" style=\"vertical-align: inherit;\"><span dir=\"auto\" style=\"vertical-align: inherit;\">Anal\u00fdza:<\/span><\/span><\/strong><span dir=\"auto\" style=\"vertical-align: inherit;\"><span dir=\"auto\" style=\"vertical-align: inherit;\"> Suitable for chromatography, spectroscopy and SAR studies.<\/span><\/span><\/p>\n<\/li>\n<li data-start=\"6236\" data-end=\"6297\">\n<p data-start=\"6239\" data-end=\"6297\"><strong data-start=\"6239\" data-end=\"6256\"><span dir=\"auto\" style=\"vertical-align: inherit;\"><span dir=\"auto\" style=\"vertical-align: inherit;\">Dokumentace:<\/span><\/span><\/strong><span dir=\"auto\" style=\"vertical-align: inherit;\"><span dir=\"auto\" style=\"vertical-align: inherit;\"> Zaznamenejte \u010d\u00edsla \u0161ar\u017e\u00ed a v\u00fdsledky test\u016f.<\/span><\/span><\/p>\n<\/li>\n<\/ol>\n<hr data-start=\"6299\" data-end=\"6302\" \/>\n<h3 data-start=\"6304\" data-end=\"6339\"><strong data-start=\"6308\" data-end=\"6337\"><span dir=\"auto\" style=\"vertical-align: inherit;\"><span dir=\"auto\" style=\"vertical-align: inherit;\">\u010casto kladen\u00e9 ot\u00e1zky (FAQ)<\/span><\/span><\/strong><\/h3>\n<p data-start=\"6341\" data-end=\"6502\"><strong data-start=\"6341\" data-end=\"6365\"><span dir=\"auto\" style=\"vertical-align: inherit;\"><span dir=\"auto\" style=\"vertical-align: inherit;\">1. What is 3-CEC HCl? <\/span><\/span><\/strong><br data-start=\"6365\" data-end=\"6368\" \/><strong data-start=\"6368\" data-end=\"6399\"><span dir=\"auto\" style=\"vertical-align: inherit;\"><span dir=\"auto\" style=\"vertical-align: inherit;\">3-CEC (3-Chlorethcathinone)<\/span><\/span><\/strong><span dir=\"auto\" style=\"vertical-align: inherit;\"><span dir=\"auto\" style=\"vertical-align: inherit;\"> je <\/span><\/span><strong data-start=\"6407\" data-end=\"6442\"><span dir=\"auto\" style=\"vertical-align: inherit;\"><span dir=\"auto\" style=\"vertical-align: inherit;\">syntetick\u00e1 kathinonov\u00e1 slou\u010denina<\/span><\/span><\/strong><span dir=\"auto\" style=\"vertical-align: inherit;\"><span dir=\"auto\" style=\"vertical-align: inherit;\"> used in forensic and analytical research.<\/span><\/span><\/p>\n<p data-start=\"6504\" data-end=\"6632\"><strong data-start=\"6504\" data-end=\"6550\"><span dir=\"auto\" style=\"vertical-align: inherit;\"><span dir=\"auto\" style=\"vertical-align: inherit;\">2. What is in the 3-CEC HCl Sachet (1g)?<\/span><\/span><\/strong><br data-start=\"6550\" data-end=\"6553\" \/><span dir=\"auto\" style=\"vertical-align: inherit;\"><span dir=\"auto\" style=\"vertical-align: inherit;\"> S\u00e1\u010dek obsahuje <\/span><\/span><strong data-start=\"6569\" data-end=\"6608\"><span dir=\"auto\" style=\"vertical-align: inherit;\"><span dir=\"auto\" style=\"vertical-align: inherit;\">1 gram of 3-CEC HCl (\u2265 98% purity)<\/span><\/span><\/strong><span dir=\"auto\" style=\"vertical-align: inherit;\"><span dir=\"auto\" style=\"vertical-align: inherit;\"> in crystalline form.<\/span><\/span><\/p>\n<p data-start=\"6634\" data-end=\"6828\"><strong data-start=\"6634\" data-end=\"6673\"><span dir=\"auto\" style=\"vertical-align: inherit;\"><span dir=\"auto\" style=\"vertical-align: inherit;\">3. Is it legal to buy 3-CEC?<\/span><\/span><\/strong><br data-start=\"6673\" data-end=\"6676\" \/><span dir=\"auto\" style=\"vertical-align: inherit;\"><span dir=\"auto\" style=\"vertical-align: inherit;\"> Ten\/Ta\/To <\/span><\/span><strong data-start=\"6679\" data-end=\"6703\"><span dir=\"auto\" style=\"vertical-align: inherit;\"><span dir=\"auto\" style=\"vertical-align: inherit;\">legality of 3-CEC<\/span><\/span><\/strong><span dir=\"auto\" style=\"vertical-align: inherit;\"><span dir=\"auto\" style=\"vertical-align: inherit;\"> varies by country. In some countries, it is regulated. Always check local laws before <\/span><\/span><strong data-start=\"6810\" data-end=\"6825\"><span dir=\"auto\" style=\"vertical-align: inherit;\"><span dir=\"auto\" style=\"vertical-align: inherit;\">purchasing 3-CEC<\/span><\/span><\/strong><span dir=\"auto\" style=\"vertical-align: inherit;\"><span dir=\"auto\" style=\"vertical-align: inherit;\"> . <\/span><\/span><a href=\"https:\/\/onderzoekschemicals.com\/cs\/shop\/okategoriserad\/4mmc-kopen\/\"><span dir=\"auto\" style=\"vertical-align: inherit;\"><span dir=\"auto\" style=\"vertical-align: inherit;\">Koupit 4mmc <\/span><\/span><\/a><a href=\"https:\/\/onderzoekschemicals.com\/cs\/shop\/okategoriserad\/benzocaine-powder\/\"><span dir=\"auto\" style=\"vertical-align: inherit;\"><span dir=\"auto\" style=\"vertical-align: inherit;\">benzokainov\u00fd pr\u00e1\u0161ek<\/span><\/span><\/a><\/p>","protected":false},"excerpt":{"rendered":"<ul>\n<li><strong><span dir=\"auto\" style=\"vertical-align: inherit;\"><span dir=\"auto\" style=\"vertical-align: inherit;\"><span dir=\"auto\" style=\"vertical-align: inherit;\"><span dir=\"auto\" style=\"vertical-align: inherit;\">Maloobchodn\u00ed balen\u00ed<\/span><\/span><\/span><\/span><br \/>\n<\/strong><\/li>\n<li><strong><span dir=\"auto\" style=\"vertical-align: inherit;\"><span dir=\"auto\" style=\"vertical-align: inherit;\"><span dir=\"auto\" style=\"vertical-align: inherit;\"><span dir=\"auto\" style=\"vertical-align: inherit;\">Mno\u017estv\u00ed gram\u016f na s\u00e1\u010dek: 1<\/span><\/span><\/span><\/span><\/strong><\/li>\n<li><strong><span dir=\"auto\" style=\"vertical-align: inherit;\"><span dir=\"auto\" style=\"vertical-align: inherit;\"><span dir=\"auto\" style=\"vertical-align: inherit;\"><span dir=\"auto\" style=\"vertical-align: inherit;\">Ceny jsou bez DPH 21%<\/span><\/span><\/span><\/span><\/strong><\/li>\n<li><strong><span dir=\"auto\" style=\"vertical-align: inherit;\"><span dir=\"auto\" style=\"vertical-align: inherit;\"><span dir=\"auto\" style=\"vertical-align: inherit;\"><span dir=\"auto\" style=\"vertical-align: inherit;\">Doporu\u010den\u00e1 maloobchodn\u00ed cena: 25,00 \u20ac v\u010detn\u011b DPH<\/span><\/span><\/span><\/span><\/strong><\/li>\n<\/ul>","protected":false},"featured_media":29205,"comment_status":"closed","ping_status":"closed","template":"","meta":[],"product_brand":[82],"product_cat":[555],"product_tag":[611,612,326],"class_list":{"0":"post-24435","1":"product","2":"type-product","3":"status-publish","4":"has-post-thumbnail","6":"product_brand-research-chemical","7":"product_cat-b2b","8":"product_tag-3-cec","9":"product_tag-3cec","10":"product_tag-nl","12":"first","13":"instock","14":"taxable","15":"shipping-taxable","16":"purchasable","17":"product-type-variable"},"_links":{"self":[{"href":"https:\/\/onderzoekschemicals.com\/cs\/wp-json\/wp\/v2\/product\/24435","targetHints":{"allow":["GET"]}}],"collection":[{"href":"https:\/\/onderzoekschemicals.com\/cs\/wp-json\/wp\/v2\/product"}],"about":[{"href":"https:\/\/onderzoekschemicals.com\/cs\/wp-json\/wp\/v2\/types\/product"}],"replies":[{"embeddable":true,"href":"https:\/\/onderzoekschemicals.com\/cs\/wp-json\/wp\/v2\/comments?post=24435"}],"version-history":[{"count":6,"href":"https:\/\/onderzoekschemicals.com\/cs\/wp-json\/wp\/v2\/product\/24435\/revisions"}],"predecessor-version":[{"id":28672,"href":"https:\/\/onderzoekschemicals.com\/cs\/wp-json\/wp\/v2\/product\/24435\/revisions\/28672"}],"wp:featuredmedia":[{"embeddable":true,"href":"https:\/\/onderzoekschemicals.com\/cs\/wp-json\/wp\/v2\/media\/29205"}],"wp:attachment":[{"href":"https:\/\/onderzoekschemicals.com\/cs\/wp-json\/wp\/v2\/media?parent=24435"}],"wp:term":[{"taxonomy":"product_brand","embeddable":true,"href":"https:\/\/onderzoekschemicals.com\/cs\/wp-json\/wp\/v2\/product_brand?post=24435"},{"taxonomy":"product_cat","embeddable":true,"href":"https:\/\/onderzoekschemicals.com\/cs\/wp-json\/wp\/v2\/product_cat?post=24435"},{"taxonomy":"product_tag","embeddable":true,"href":"https:\/\/onderzoekschemicals.com\/cs\/wp-json\/wp\/v2\/product_tag?post=24435"}],"curies":[{"name":"wp","href":"https:\/\/api.w.org\/{rel}","templated":true}]}}