{"id":24386,"date":"2025-04-13T17:41:36","date_gmt":"2025-04-13T17:41:36","guid":{"rendered":"https:\/\/onderzoekschemicals.com\/?post_type=product&#038;p=24386"},"modified":"2025-11-28T06:46:13","modified_gmt":"2025-11-28T06:46:13","slug":"4-me-tmp-4-methylmethylphenidate","status":"publish","type":"product","link":"https:\/\/onderzoekschemicals.com\/cs\/shop\/4-me-tmp\/4-me-tmp-4-methylmethylphenidate\/","title":{"rendered":"4-Me-TMP (4-methylmethylfenid\u00e1t)"},"content":{"rendered":"<h3 data-start=\"4232\" data-end=\"4253\"><strong data-start=\"4236\" data-end=\"4251\"><span dir=\"auto\" style=\"vertical-align: inherit;\"><span dir=\"auto\" style=\"vertical-align: inherit;\">Zaveden\u00ed<\/span><\/span><\/strong><\/h3>\n<p data-start=\"4254\" data-end=\"4609\"><strong data-start=\"4254\" data-end=\"4291\"><span dir=\"auto\" style=\"vertical-align: inherit;\"><span dir=\"auto\" style=\"vertical-align: inherit;\">4-Me-TMP (4-methylmethylfenid\u00e1t)<\/span><\/span><\/strong><span dir=\"auto\" style=\"vertical-align: inherit;\"><span dir=\"auto\" style=\"vertical-align: inherit;\"> je <\/span><\/span><strong data-start=\"4299\" data-end=\"4324\"><span dir=\"auto\" style=\"vertical-align: inherit;\"><span dir=\"auto\" style=\"vertical-align: inherit;\">piperidinov\u00e1 slou\u010denina<\/span><\/span><\/strong><span dir=\"auto\" style=\"vertical-align: inherit;\"><span dir=\"auto\" style=\"vertical-align: inherit;\"> v <\/span><\/span><strong data-start=\"4332\" data-end=\"4351\"><span dir=\"auto\" style=\"vertical-align: inherit;\"><span dir=\"auto\" style=\"vertical-align: inherit;\">rodina fenid\u00e1t\u016f<\/span><\/span><\/strong><span dir=\"auto\" style=\"vertical-align: inherit;\"><span dir=\"auto\" style=\"vertical-align: inherit;\"> , struktur\u00e1ln\u011b p\u0159\u00edbuzn\u00fd <\/span><\/span><strong data-start=\"4377\" data-end=\"4395\"><span dir=\"auto\" style=\"vertical-align: inherit;\"><span dir=\"auto\" style=\"vertical-align: inherit;\">methylfenid\u00e1t<\/span><\/span><\/strong><span dir=\"auto\" style=\"vertical-align: inherit;\"><span dir=\"auto\" style=\"vertical-align: inherit;\"> a <\/span><\/span><strong data-start=\"4399\" data-end=\"4416\"><span dir=\"auto\" style=\"vertical-align: inherit;\"><span dir=\"auto\" style=\"vertical-align: inherit;\">ethylfenid\u00e1t<\/span><\/span><\/strong><span dir=\"auto\" style=\"vertical-align: inherit;\"><span dir=\"auto\" style=\"vertical-align: inherit;\"> 4-me-tmp <\/span><\/span><br data-start=\"4417\" data-end=\"4420\" \/><span dir=\"auto\" style=\"vertical-align: inherit;\"><span dir=\"auto\" style=\"vertical-align: inherit;\">contains a <\/span><\/span><strong data-start=\"4434\" data-end=\"4474\"><span dir=\"auto\" style=\"vertical-align: inherit;\"><span dir=\"auto\" style=\"vertical-align: inherit;\">methyl substitution at the para position<\/span><\/span><\/strong><span dir=\"auto\" style=\"vertical-align: inherit;\"><span dir=\"auto\" style=\"vertical-align: inherit;\"> of the phenyl ring, making it ideal for studies of <\/span><\/span><strong data-start=\"4534\" data-end=\"4576\"><span dir=\"auto\" style=\"vertical-align: inherit;\"><span dir=\"auto\" style=\"vertical-align: inherit;\">vztahy mezi strukturou a aktivitou (SAR)<\/span><\/span><\/strong><span dir=\"auto\" style=\"vertical-align: inherit;\"><span dir=\"auto\" style=\"vertical-align: inherit;\"> a <\/span><\/span><strong data-start=\"4580\" data-end=\"4606\"><span dir=\"auto\" style=\"vertical-align: inherit;\"><span dir=\"auto\" style=\"vertical-align: inherit;\">monoamine transporters<\/span><\/span><\/strong><span dir=\"auto\" style=\"vertical-align: inherit;\"><span dir=\"auto\" style=\"vertical-align: inherit;\"> .<\/span><\/span><\/p>\n<p data-start=\"4611\" data-end=\"4823\"><span dir=\"auto\" style=\"vertical-align: inherit;\"><span dir=\"auto\" style=\"vertical-align: inherit;\">V <\/span><\/span><strong data-start=\"4618\" data-end=\"4659\"><span dir=\"auto\" style=\"vertical-align: inherit;\"><span dir=\"auto\" style=\"vertical-align: inherit;\">analytick\u00fd a neurochemick\u00fd v\u00fdzkum,<\/span><\/span><\/strong><span dir=\"auto\" style=\"vertical-align: inherit;\"><span dir=\"auto\" style=\"vertical-align: inherit;\"> 4-Me-TMP is used to <\/span><span dir=\"auto\" style=\"vertical-align: inherit;\">studie <\/span><\/span><strong data-start=\"4687\" data-end=\"4727\"><span dir=\"auto\" style=\"vertical-align: inherit;\"><span dir=\"auto\" style=\"vertical-align: inherit;\">dopamine and norepinephrine reuptake . Each batch has a <\/span><\/span><\/strong><strong data-start=\"4764\" data-end=\"4788\"><span dir=\"auto\" style=\"vertical-align: inherit;\"><span dir=\"auto\" style=\"vertical-align: inherit;\">\u010distota \u2265 98%<\/span><\/span><\/strong><span dir=\"auto\" style=\"vertical-align: inherit;\"><span dir=\"auto\" style=\"vertical-align: inherit;\"> , as tested by <\/span><\/span><strong data-start=\"4801\" data-end=\"4809\"><span dir=\"auto\" style=\"vertical-align: inherit;\"><span dir=\"auto\" style=\"vertical-align: inherit;\">HPLC<\/span><\/span><\/strong><span dir=\"auto\" style=\"vertical-align: inherit;\"><span dir=\"auto\" style=\"vertical-align: inherit;\"> a <\/span><\/span><strong data-start=\"4813\" data-end=\"4820\"><span dir=\"auto\" style=\"vertical-align: inherit;\"><span dir=\"auto\" style=\"vertical-align: inherit;\">NMR<\/span><\/span><\/strong><span dir=\"auto\" style=\"vertical-align: inherit;\"><span dir=\"auto\" style=\"vertical-align: inherit;\"> .<\/span><\/span><\/p>\n<blockquote data-start=\"4825\" data-end=\"4971\">\n<p data-start=\"4827\" data-end=\"4971\">\u26a0\ufe0f <strong data-start=\"4830\" data-end=\"4841\"><span dir=\"auto\" style=\"vertical-align: inherit;\"><span dir=\"auto\" style=\"vertical-align: inherit;\">Upozorn\u011bn\u00ed:<\/span><\/span><\/strong><span dir=\"auto\" style=\"vertical-align: inherit;\"><span dir=\"auto\" style=\"vertical-align: inherit;\"> This product is intended for <\/span><\/span><strong data-start=\"4882\" data-end=\"4917\"><span dir=\"auto\" style=\"vertical-align: inherit;\"><span dir=\"auto\" style=\"vertical-align: inherit;\">v\u00fdzkumn\u00e9 a analytick\u00e9 vyu\u017eit\u00ed<\/span><\/span><\/strong><span dir=\"auto\" style=\"vertical-align: inherit;\"><span dir=\"auto\" style=\"vertical-align: inherit;\"> pouze \u2014 <\/span><\/span><strong data-start=\"4920\" data-end=\"4968\"><span dir=\"auto\" style=\"vertical-align: inherit;\"><span dir=\"auto\" style=\"vertical-align: inherit;\">nen\u00ed ur\u010deno k lidsk\u00e9 ani zv\u00ed\u0159ec\u00ed spot\u0159eb\u011b<\/span><\/span><\/strong><span dir=\"auto\" style=\"vertical-align: inherit;\"><span dir=\"auto\" style=\"vertical-align: inherit;\"> .<\/span><\/span><\/p>\n<\/blockquote>\n<hr data-start=\"4973\" data-end=\"4976\" \/>\n<h3 data-start=\"4978\" data-end=\"5009\"><strong data-start=\"4982\" data-end=\"5009\"><span dir=\"auto\" style=\"vertical-align: inherit;\"><span dir=\"auto\" style=\"vertical-align: inherit;\">Kl\u00ed\u010dov\u00e9 vlastnosti<\/span><\/span><\/strong><\/h3>\n<div class=\"_tableContainer_1rjym_1\">\n<div class=\"group _tableWrapper_1rjym_13 flex w-fit flex-col-reverse\" tabindex=\"-1\">\n<table class=\"w-fit min-w-(--thread-content-width)\" data-start=\"5011\" data-end=\"5579\">\n<thead data-start=\"5011\" data-end=\"5037\">\n<tr data-start=\"5011\" data-end=\"5037\">\n<th data-start=\"5011\" data-end=\"5021\" data-col-size=\"sm\"><span dir=\"auto\" style=\"vertical-align: inherit;\"><span dir=\"auto\" style=\"vertical-align: inherit;\">Funkce<\/span><\/span><\/th>\n<th data-start=\"5021\" data-end=\"5037\" data-col-size=\"md\"><span dir=\"auto\" style=\"vertical-align: inherit;\"><span dir=\"auto\" style=\"vertical-align: inherit;\">Popis<\/span><\/span><\/th>\n<\/tr>\n<\/thead>\n<tbody data-start=\"5066\" data-end=\"5579\">\n<tr data-start=\"5066\" data-end=\"5127\">\n<td data-start=\"5066\" data-end=\"5087\" data-col-size=\"sm\"><strong data-start=\"5068\" data-end=\"5086\"><span dir=\"auto\" style=\"vertical-align: inherit;\"><span dir=\"auto\" style=\"vertical-align: inherit;\">Chemick\u00fd n\u00e1zev<\/span><\/span><\/strong><\/td>\n<td data-start=\"5087\" data-end=\"5127\" data-col-size=\"md\"><span dir=\"auto\" style=\"vertical-align: inherit;\"><span dir=\"auto\" style=\"vertical-align: inherit;\">4-Methylmethylphenidate Hydrochloride<\/span><\/span><\/td>\n<\/tr>\n<tr data-start=\"5128\" data-end=\"5165\">\n<td data-start=\"5128\" data-end=\"5153\" data-col-size=\"sm\"><strong data-start=\"5130\" data-end=\"5152\"><span dir=\"auto\" style=\"vertical-align: inherit;\"><span dir=\"auto\" style=\"vertical-align: inherit;\">B\u011b\u017en\u00fd n\u00e1zev<\/span><\/span><\/strong><\/td>\n<td data-start=\"5153\" data-end=\"5165\" data-col-size=\"md\"><span dir=\"auto\" style=\"vertical-align: inherit;\"><span dir=\"auto\" style=\"vertical-align: inherit;\">4-Me-TMP<\/span><\/span><\/td>\n<\/tr>\n<tr data-start=\"5166\" data-end=\"5207\">\n<td data-start=\"5166\" data-end=\"5190\" data-col-size=\"sm\"><strong data-start=\"5168\" data-end=\"5189\"><span dir=\"auto\" style=\"vertical-align: inherit;\"><span dir=\"auto\" style=\"vertical-align: inherit;\">Chemick\u00fd vzorec<\/span><\/span><\/strong><\/td>\n<td data-start=\"5190\" data-end=\"5207\" data-col-size=\"md\"><span dir=\"auto\" style=\"vertical-align: inherit;\"><span dir=\"auto\" style=\"vertical-align: inherit;\">C\u2081\u2085H\u2082\u2081NO\u2082\u00b7HCl<\/span><\/span><\/td>\n<\/tr>\n<tr data-start=\"5208\" data-end=\"5246\">\n<td data-start=\"5208\" data-end=\"5230\" data-col-size=\"sm\"><strong data-start=\"5210\" data-end=\"5229\"><span dir=\"auto\" style=\"vertical-align: inherit;\"><span dir=\"auto\" style=\"vertical-align: inherit;\">Molekulov\u00e1 hmotnost<\/span><\/span><\/strong><\/td>\n<td data-start=\"5230\" data-end=\"5246\" data-col-size=\"md\"><span dir=\"auto\" style=\"vertical-align: inherit;\"><span dir=\"auto\" style=\"vertical-align: inherit;\">283,79 g\/mol<\/span><\/span><\/td>\n<\/tr>\n<tr data-start=\"5247\" data-end=\"5282\">\n<td data-start=\"5247\" data-end=\"5258\" data-col-size=\"sm\"><strong data-start=\"5249\" data-end=\"5257\"><span dir=\"auto\" style=\"vertical-align: inherit;\"><span dir=\"auto\" style=\"vertical-align: inherit;\">Formul\u00e1\u0159<\/span><\/span><\/strong><\/td>\n<td data-start=\"5258\" data-end=\"5282\" data-col-size=\"md\"><span dir=\"auto\" style=\"vertical-align: inherit;\"><span dir=\"auto\" style=\"vertical-align: inherit;\">Krystalick\u00e1 HCl s\u016fl<\/span><\/span><\/td>\n<\/tr>\n<tr data-start=\"5283\" data-end=\"5334\">\n<td data-start=\"5283\" data-end=\"5300\" data-col-size=\"sm\"><strong data-start=\"5285\" data-end=\"5299\"><span dir=\"auto\" style=\"vertical-align: inherit;\"><span dir=\"auto\" style=\"vertical-align: inherit;\">\u010cistota<\/span><\/span><\/strong><\/td>\n<td data-start=\"5300\" data-end=\"5334\" data-col-size=\"md\"><span dir=\"auto\" style=\"vertical-align: inherit;\"><span dir=\"auto\" style=\"vertical-align: inherit;\">\u2265 98% (testov\u00e1no pomoc\u00ed HPLC a NMR)<\/span><\/span><\/td>\n<\/tr>\n<tr data-start=\"5335\" data-end=\"5392\">\n<td data-start=\"5335\" data-end=\"5358\" data-col-size=\"sm\"><strong data-start=\"5337\" data-end=\"5357\"><span dir=\"auto\" style=\"vertical-align: inherit;\"><span dir=\"auto\" style=\"vertical-align: inherit;\">Chemick\u00e1 t\u0159\u00edda<\/span><\/span><\/strong><\/td>\n<td data-start=\"5358\" data-end=\"5392\" data-col-size=\"md\"><span dir=\"auto\" style=\"vertical-align: inherit;\"><span dir=\"auto\" style=\"vertical-align: inherit;\">Piperidine \/ Phenidate derivative<\/span><\/span><\/td>\n<\/tr>\n<tr data-start=\"5393\" data-end=\"5472\">\n<td data-start=\"5393\" data-end=\"5407\" data-col-size=\"sm\"><strong data-start=\"5395\" data-end=\"5406\"><span dir=\"auto\" style=\"vertical-align: inherit;\"><span dir=\"auto\" style=\"vertical-align: inherit;\">Pou\u017e\u00edv\u00e1n\u00ed<\/span><\/span><\/strong><\/td>\n<td data-start=\"5407\" data-end=\"5472\" data-col-size=\"md\"><span dir=\"auto\" style=\"vertical-align: inherit;\"><span dir=\"auto\" style=\"vertical-align: inherit;\">Pouze pro analytick\u00fd, forenzn\u00ed a neurochemick\u00fd v\u00fdzkum<\/span><\/span><\/td>\n<\/tr>\n<tr data-start=\"5473\" data-end=\"5540\">\n<td data-start=\"5473\" data-end=\"5490\" data-col-size=\"sm\"><strong data-start=\"5475\" data-end=\"5489\"><span dir=\"auto\" style=\"vertical-align: inherit;\"><span dir=\"auto\" style=\"vertical-align: inherit;\">Obal<\/span><\/span><\/strong><\/td>\n<td data-start=\"5490\" data-end=\"5540\" data-col-size=\"md\"><span dir=\"auto\" style=\"vertical-align: inherit;\"><span dir=\"auto\" style=\"vertical-align: inherit;\">Znovuuzav\u00edrateln\u00fd laboratorn\u00ed s\u00e1\u010dek odoln\u00fd proti vlhkosti<\/span><\/span><\/td>\n<\/tr>\n<tr data-start=\"5541\" data-end=\"5579\">\n<td data-start=\"5541\" data-end=\"5559\" data-col-size=\"sm\"><strong data-start=\"5543\" data-end=\"5558\"><span dir=\"auto\" style=\"vertical-align: inherit;\"><span dir=\"auto\" style=\"vertical-align: inherit;\">Mno\u017estv\u00ed<\/span><\/span><\/strong><\/td>\n<td data-start=\"5559\" data-end=\"5579\" data-col-size=\"md\"><span dir=\"auto\" style=\"vertical-align: inherit;\"><span dir=\"auto\" style=\"vertical-align: inherit;\">1 gram na s\u00e1\u010dek<\/span><\/span><\/td>\n<\/tr>\n<\/tbody>\n<\/table>\n<\/div>\n<\/div>\n<hr data-start=\"5581\" data-end=\"5584\" \/>\n<h3 data-start=\"5586\" data-end=\"5603\"><strong data-start=\"5590\" data-end=\"5603\"><span dir=\"auto\" style=\"vertical-align: inherit;\"><span dir=\"auto\" style=\"vertical-align: inherit;\">V\u00fdhody<\/span><\/span><\/strong><\/h3>\n<ul data-start=\"5605\" data-end=\"6044\">\n<li data-start=\"5605\" data-end=\"5697\">\n<p data-start=\"5607\" data-end=\"5697\"><strong data-start=\"5607\" data-end=\"5626\"><span dir=\"auto\" style=\"vertical-align: inherit;\"><span dir=\"auto\" style=\"vertical-align: inherit;\">Vysok\u00e1 \u010distota<\/span><\/span><\/strong><span dir=\"auto\" style=\"vertical-align: inherit;\"><span dir=\"auto\" style=\"vertical-align: inherit;\"> \u2013 \u2265 98% laboratorn\u00ed kvalita pro spolehliv\u00e9 v\u00fdsledky v\u00fdzkumu.<\/span><\/span><\/p>\n<\/li>\n<li data-start=\"5698\" data-end=\"5787\">\n<p data-start=\"5700\" data-end=\"5787\"><strong data-start=\"5700\" data-end=\"5742\"><span dir=\"auto\" style=\"vertical-align: inherit;\"><span dir=\"auto\" style=\"vertical-align: inherit;\">Structurally Related to Methylphenidate<\/span><\/span><\/strong><span dir=\"auto\" style=\"vertical-align: inherit;\"><span dir=\"auto\" style=\"vertical-align: inherit;\"> \u2013 Suitable for SAR and receptor research.<\/span><\/span><\/p>\n<\/li>\n<li data-start=\"5788\" data-end=\"5872\">\n<p data-start=\"5790\" data-end=\"5872\"><strong data-start=\"5790\" data-end=\"5811\"><span dir=\"auto\" style=\"vertical-align: inherit;\"><span dir=\"auto\" style=\"vertical-align: inherit;\">Stabiln\u00ed forma soli<\/span><\/span><\/strong><span dir=\"auto\" style=\"vertical-align: inherit;\"><span dir=\"auto\" style=\"vertical-align: inherit;\"> \u2013 HCl form offers improved solubility and shelf life. 4-me-tmp<\/span><\/span><\/p>\n<\/li>\n<li data-start=\"5873\" data-end=\"5966\">\n<p data-start=\"5875\" data-end=\"5966\"><strong data-start=\"5875\" data-end=\"5905\"><span dir=\"auto\" style=\"vertical-align: inherit;\"><span dir=\"auto\" style=\"vertical-align: inherit;\">\u0160irok\u00e1 v\u00fdzkumn\u00e1 pou\u017eitelnost<\/span><\/span><\/strong><span dir=\"auto\" style=\"vertical-align: inherit;\"><span dir=\"auto\" style=\"vertical-align: inherit;\"> \u2013 Suitable for GC\/MS, LC-MS, FTIR, HPLC, and spectroscopy.<\/span><\/span><\/p>\n<\/li>\n<li data-start=\"5967\" data-end=\"6044\">\n<p data-start=\"5969\" data-end=\"6044\"><strong data-start=\"5969\" data-end=\"6003\"><span dir=\"auto\" style=\"vertical-align: inherit;\"><span dir=\"auto\" style=\"vertical-align: inherit;\">Fully Traceable Production<\/span><\/span><\/strong><span dir=\"auto\" style=\"vertical-align: inherit;\"><span dir=\"auto\" style=\"vertical-align: inherit;\"> \u2013 Every batch tested and certified.<\/span><\/span><\/p>\n<\/li>\n<\/ul>\n<hr data-start=\"6046\" data-end=\"6049\" \/>\n<h3 data-start=\"6051\" data-end=\"6103\"><strong data-start=\"6055\" data-end=\"6101\"><span dir=\"auto\" style=\"vertical-align: inherit;\"><span dir=\"auto\" style=\"vertical-align: inherit;\">Pou\u017eit\u00ed (pouze pro v\u00fdzkumn\u00e9 \u00fa\u010dely)<\/span><\/span><\/strong><\/h3>\n<ol data-start=\"6105\" data-end=\"6450\">\n<li data-start=\"6105\" data-end=\"6174\">\n<p data-start=\"6108\" data-end=\"6174\"><strong data-start=\"6108\" data-end=\"6123\"><span dir=\"auto\" style=\"vertical-align: inherit;\"><span dir=\"auto\" style=\"vertical-align: inherit;\">Zach\u00e1zen\u00ed:<\/span><\/span><\/strong><span dir=\"auto\" style=\"vertical-align: inherit;\"><span dir=\"auto\" style=\"vertical-align: inherit;\"> Pou\u017e\u00edvejte rukavice, ochrann\u00e9 br\u00fdle a laboratorn\u00ed pl\u00e1\u0161\u0165.<\/span><\/span><\/p>\n<\/li>\n<li data-start=\"6175\" data-end=\"6238\">\n<p data-start=\"6178\" data-end=\"6238\"><strong data-start=\"6178\" data-end=\"6191\"><span dir=\"auto\" style=\"vertical-align: inherit;\"><span dir=\"auto\" style=\"vertical-align: inherit;\">Rozm\u011bry:<\/span><\/span><\/strong><span dir=\"auto\" style=\"vertical-align: inherit;\"><span dir=\"auto\" style=\"vertical-align: inherit;\"> Use accurate laboratory balances.<\/span><\/span><\/p>\n<\/li>\n<li data-start=\"6239\" data-end=\"6293\">\n<p data-start=\"6242\" data-end=\"6293\"><strong data-start=\"6242\" data-end=\"6253\"><span dir=\"auto\" style=\"vertical-align: inherit;\"><span dir=\"auto\" style=\"vertical-align: inherit;\">Skladov\u00e1n\u00ed:<\/span><\/span><\/strong><span dir=\"auto\" style=\"vertical-align: inherit;\"><span dir=\"auto\" style=\"vertical-align: inherit;\"> Skladujte v chladu (2\u20138 \u00b0C), suchu a tm\u011b.<\/span><\/span><\/p>\n<\/li>\n<li data-start=\"6294\" data-end=\"6377\">\n<p data-start=\"6297\" data-end=\"6377\"><strong data-start=\"6297\" data-end=\"6309\"><span dir=\"auto\" style=\"vertical-align: inherit;\"><span dir=\"auto\" style=\"vertical-align: inherit;\">Anal\u00fdza:<\/span><\/span><\/strong><span dir=\"auto\" style=\"vertical-align: inherit;\"><span dir=\"auto\" style=\"vertical-align: inherit;\"> Suitable for chromatography, spectroscopy and receptor research.<\/span><\/span><\/p>\n<\/li>\n<li data-start=\"6378\" data-end=\"6450\">\n<p data-start=\"6381\" data-end=\"6450\"><strong data-start=\"6381\" data-end=\"6398\"><span dir=\"auto\" style=\"vertical-align: inherit;\"><span dir=\"auto\" style=\"vertical-align: inherit;\">Dokumentace:<\/span><\/span><\/strong><span dir=\"auto\" style=\"vertical-align: inherit;\"><span dir=\"auto\" style=\"vertical-align: inherit;\"> Record batch number, analysis method, and results.<\/span><\/span><\/p>\n<\/li>\n<\/ol>\n<hr data-start=\"6452\" data-end=\"6455\" \/>\n<h3 data-start=\"6457\" data-end=\"6492\"><strong data-start=\"6461\" data-end=\"6490\"><span dir=\"auto\" style=\"vertical-align: inherit;\"><span dir=\"auto\" style=\"vertical-align: inherit;\">\u010casto kladen\u00e9 ot\u00e1zky (FAQ)<\/span><\/span><\/strong><\/h3>\n<p data-start=\"6494\" data-end=\"6694\"><strong data-start=\"6494\" data-end=\"6517\"><span dir=\"auto\" style=\"vertical-align: inherit;\"><span dir=\"auto\" style=\"vertical-align: inherit;\">1. What is 4-Me-TMP? <\/span><\/span><\/strong><br data-start=\"6517\" data-end=\"6520\" \/><strong data-start=\"6520\" data-end=\"6557\"><span dir=\"auto\" style=\"vertical-align: inherit;\"><span dir=\"auto\" style=\"vertical-align: inherit;\">4-Me-TMP (4-methylmethylfenid\u00e1t)<\/span><\/span><\/strong><span dir=\"auto\" style=\"vertical-align: inherit;\"><span dir=\"auto\" style=\"vertical-align: inherit;\"> je <\/span><\/span><strong data-start=\"6565\" data-end=\"6611\"><span dir=\"auto\" style=\"vertical-align: inherit;\"><span dir=\"auto\" style=\"vertical-align: inherit;\">research substance of the phenidate class<\/span><\/span><\/strong><span dir=\"auto\" style=\"vertical-align: inherit;\"><span dir=\"auto\" style=\"vertical-align: inherit;\"> , related to methylphenidate, used in research on dopamine transporters.<\/span><\/span><\/p>\n<p data-start=\"6696\" data-end=\"6825\"><strong data-start=\"6696\" data-end=\"6737\"><span dir=\"auto\" style=\"vertical-align: inherit;\"><span dir=\"auto\" style=\"vertical-align: inherit;\">2. What is the purity of 4-Me-TMP?<\/span><\/span><\/strong><br data-start=\"6737\" data-end=\"6740\" \/><span dir=\"auto\" style=\"vertical-align: inherit;\"><span dir=\"auto\" style=\"vertical-align: inherit;\"> Ka\u017ed\u00e1 v\u00e1rka m\u00e1 <\/span><\/span><strong data-start=\"6761\" data-end=\"6785\"><span dir=\"auto\" style=\"vertical-align: inherit;\"><span dir=\"auto\" style=\"vertical-align: inherit;\">\u010distota \u2265 98%<\/span><\/span><\/strong><span dir=\"auto\" style=\"vertical-align: inherit;\"><span dir=\"auto\" style=\"vertical-align: inherit;\"> , confirmed by HPLC and NMR analysis.<\/span><\/span><\/p>\n<p data-start=\"6827\" data-end=\"6992\"><strong data-start=\"6827\" data-end=\"6869\"><span dir=\"auto\" style=\"vertical-align: inherit;\"><span dir=\"auto\" style=\"vertical-align: inherit;\">3. Is it legal to buy 4-Me-TMP?<\/span><\/span><\/strong><br data-start=\"6869\" data-end=\"6872\" \/><span dir=\"auto\" style=\"vertical-align: inherit;\"><span dir=\"auto\" style=\"vertical-align: inherit;\"> Ten\/Ta\/To <\/span><\/span><strong data-start=\"6875\" data-end=\"6902\"><span dir=\"auto\" style=\"vertical-align: inherit;\"><span dir=\"auto\" style=\"vertical-align: inherit;\">legality of 4-Me-TMP<\/span><\/span><\/strong><span dir=\"auto\" style=\"vertical-align: inherit;\"><span dir=\"auto\" style=\"vertical-align: inherit;\"> li\u0161\u00ed se v jednotliv\u00fdch zem\u00edch. P\u0159ed pou\u017eit\u00edm si v\u017edy ov\u011b\u0159te m\u00edstn\u00ed p\u0159edpisy. <\/span><\/span><strong data-start=\"6971\" data-end=\"6989\"><span dir=\"auto\" style=\"vertical-align: inherit;\"><span dir=\"auto\" style=\"vertical-align: inherit;\">purchasing 4-Me-TMP<\/span><\/span><\/strong><span dir=\"auto\" style=\"vertical-align: inherit;\"><span dir=\"auto\" style=\"vertical-align: inherit;\"> .<\/span><\/span><\/p>\n<p class=\"ds-markdown-paragraph\">","protected":false},"excerpt":{"rendered":"<h3><span data-sheets-value=\"{\" data-sheets-userformat=\"{\"><span dir=\"auto\" style=\"vertical-align: inherit;\"><span dir=\"auto\" style=\"vertical-align: inherit;\">4-Me-TMP properties<\/span><\/span><\/span><\/h3>\n<p><strong><span dir=\"auto\" style=\"vertical-align: inherit;\"><span dir=\"auto\" style=\"vertical-align: inherit;\">Synonymum: <\/span><\/span><\/strong><i><span dir=\"auto\" style=\"vertical-align: inherit;\"><span dir=\"auto\" style=\"vertical-align: inherit;\">threo<\/span><\/span><\/i><span dir=\"auto\" style=\"vertical-align: inherit;\"><span dir=\"auto\" style=\"vertical-align: inherit;\"> -4-methylmethylfenid\u00e1t <\/span><strong><span dir=\"auto\" style=\"vertical-align: inherit;\">CAS Number: 191790-79-1 <\/span><\/strong><strong><span dir=\"auto\" style=\"vertical-align: inherit;\">Formula: C15H21NO2 <\/span><\/strong><strong><span dir=\"auto\" style=\"vertical-align: inherit;\">Mol\u00e1rn\u00ed hmotnost: <\/span><\/strong><strong><span class=\"nowrap\"><span dir=\"auto\" style=\"vertical-align: inherit;\">247.338<\/span><\/span><\/strong><strong><span dir=\"auto\" style=\"vertical-align: inherit;\"> \u00a0g mol <\/span><\/strong><strong><span dir=\"auto\" style=\"vertical-align: inherit;\">\u010cistota:<\/span><\/strong><span dir=\"auto\" style=\"vertical-align: inherit;\"> &gt;99%<\/span><\/span><span class=\"ml-1\"><br \/>\n<\/span><\/p>","protected":false},"featured_media":29260,"comment_status":"closed","ping_status":"closed","template":"","meta":[],"product_brand":[],"product_cat":[335,333],"product_tag":[245,326],"class_list":{"0":"post-24386","1":"product","2":"type-product","3":"status-publish","4":"has-post-thumbnail","6":"product_cat-4-me-tmp","7":"product_cat-gefluoreerden","8":"product_tag-4-me-tmp","9":"product_tag-nl","11":"first","12":"instock","13":"taxable","14":"shipping-taxable","15":"purchasable","16":"product-type-variable"},"_links":{"self":[{"href":"https:\/\/onderzoekschemicals.com\/cs\/wp-json\/wp\/v2\/product\/24386","targetHints":{"allow":["GET"]}}],"collection":[{"href":"https:\/\/onderzoekschemicals.com\/cs\/wp-json\/wp\/v2\/product"}],"about":[{"href":"https:\/\/onderzoekschemicals.com\/cs\/wp-json\/wp\/v2\/types\/product"}],"replies":[{"embeddable":true,"href":"https:\/\/onderzoekschemicals.com\/cs\/wp-json\/wp\/v2\/comments?post=24386"}],"version-history":[{"count":6,"href":"https:\/\/onderzoekschemicals.com\/cs\/wp-json\/wp\/v2\/product\/24386\/revisions"}],"predecessor-version":[{"id":28685,"href":"https:\/\/onderzoekschemicals.com\/cs\/wp-json\/wp\/v2\/product\/24386\/revisions\/28685"}],"wp:featuredmedia":[{"embeddable":true,"href":"https:\/\/onderzoekschemicals.com\/cs\/wp-json\/wp\/v2\/media\/29260"}],"wp:attachment":[{"href":"https:\/\/onderzoekschemicals.com\/cs\/wp-json\/wp\/v2\/media?parent=24386"}],"wp:term":[{"taxonomy":"product_brand","embeddable":true,"href":"https:\/\/onderzoekschemicals.com\/cs\/wp-json\/wp\/v2\/product_brand?post=24386"},{"taxonomy":"product_cat","embeddable":true,"href":"https:\/\/onderzoekschemicals.com\/cs\/wp-json\/wp\/v2\/product_cat?post=24386"},{"taxonomy":"product_tag","embeddable":true,"href":"https:\/\/onderzoekschemicals.com\/cs\/wp-json\/wp\/v2\/product_tag?post=24386"}],"curies":[{"name":"wp","href":"https:\/\/api.w.org\/{rel}","templated":true}]}}