{"id":24332,"date":"2025-04-13T17:41:30","date_gmt":"2025-04-13T17:41:30","guid":{"rendered":"https:\/\/onderzoekschemicals.com\/?post_type=product&#038;p=24332"},"modified":"2025-10-12T13:56:38","modified_gmt":"2025-10-12T13:56:38","slug":"moxy-5-meo-mipt","status":"publish","type":"product","link":"https:\/\/onderzoekschemicals.com\/cs\/shop\/b2b\/moxy-5-meo-mipt\/","title":{"rendered":"RC+ Moxy 10mg blistr"},"content":{"rendered":"<h3 data-start=\"3993\" data-end=\"4014\"><strong data-start=\"3997\" data-end=\"4012\">Zaveden\u00ed<\/strong><\/h3>\n<p data-start=\"4015\" data-end=\"4459\"><strong data-start=\"4015\" data-end=\"4040\">RC+ Moxy 10mg blistr<\/strong> obsahuje <strong data-start=\"4047\" data-end=\"4117\">10 miligram\u016f 5-MeO-MiPT (5-methoxy-N-methyl-N-isopropyltryptaminu)<\/strong> - An <strong data-start=\"4124\" data-end=\"4148\">tryptaminov\u00e1 slou\u010denina<\/strong> kter\u00fd se \u0161iroce pou\u017e\u00edv\u00e1 v <strong data-start=\"4176\" data-end=\"4217\">neurochemick\u00fd a analytick\u00fd v\u00fdzkum<\/strong>moxy 5 meo mipt<br data-start=\"4218\" data-end=\"4221\" \/>Struktur\u00e1ln\u011b souvis\u00ed s ostatn\u00edmi <strong data-start=\"4259\" data-end=\"4280\">5-MeO-tryptaminy<\/strong> jako nap\u0159\u00edklad <strong data-start=\"4287\" data-end=\"4300\">5-MeO-DMT<\/strong> a <strong data-start=\"4304\" data-end=\"4318\">5-MeO-DiPT<\/strong>a pou\u017e\u00edv\u00e1 se ve studi\u00edch <strong data-start=\"4354\" data-end=\"4373\">vazba na receptor<\/strong>, <strong data-start=\"4375\" data-end=\"4417\">vztahy mezi strukturou a aktivitou (SAR)<\/strong> a <strong data-start=\"4421\" data-end=\"4456\">chromatografick\u00e9 vlastnosti<\/strong>.<\/p>\n<p data-start=\"4461\" data-end=\"4624\">Ka\u017ed\u00e1 peleta m\u00e1 <strong data-start=\"4483\" data-end=\"4507\">\u010distota \u2265 98%<\/strong>, potvrzeno prost\u0159ednictv\u00edm <strong data-start=\"4523\" data-end=\"4538\">HPLC a NMR<\/strong>a je <strong data-start=\"4546\" data-end=\"4580\">zataven\u00e9 v blistru<\/strong> pro maxim\u00e1ln\u00ed stabilitu a ochranu.<\/p>\n<blockquote data-start=\"4626\" data-end=\"4769\">\n<p data-start=\"4628\" data-end=\"4769\">\u26a0\ufe0f <strong data-start=\"4631\" data-end=\"4642\">Pozn.:<\/strong> RC+ Moxy je ur\u010den v\u00fdhradn\u011b pro <strong data-start=\"4680\" data-end=\"4715\">v\u00fdzkumn\u00e9 a analytick\u00e9 vyu\u017eit\u00ed<\/strong> \u2014 <strong data-start=\"4718\" data-end=\"4766\">nen\u00ed ur\u010deno k lidsk\u00e9 ani zv\u00ed\u0159ec\u00ed spot\u0159eb\u011b<\/strong>.<\/p>\n<\/blockquote>\n<hr data-start=\"4771\" data-end=\"4774\" \/>\n<h3 data-start=\"4776\" data-end=\"4807\"><strong data-start=\"4780\" data-end=\"4807\">Kl\u00ed\u010dov\u00e9 vlastnosti<\/strong><\/h3>\n<div class=\"_tableContainer_1rjym_1\">\n<div class=\"group _tableWrapper_1rjym_13 flex w-fit flex-col-reverse\" tabindex=\"-1\">\n<table class=\"w-fit min-w-(--thread-content-width)\" data-start=\"4809\" data-end=\"5498\">\n<thead data-start=\"4809\" data-end=\"4835\">\n<tr data-start=\"4809\" data-end=\"4835\">\n<th data-start=\"4809\" data-end=\"4819\" data-col-size=\"sm\">Funkce<\/th>\n<th data-start=\"4819\" data-end=\"4835\" data-col-size=\"md\">Popis<\/th>\n<\/tr>\n<\/thead>\n<tbody data-start=\"4864\" data-end=\"5498\">\n<tr data-start=\"4864\" data-end=\"4943\">\n<td data-start=\"4864\" data-end=\"4885\" data-col-size=\"sm\"><strong data-start=\"4866\" data-end=\"4884\">Chemick\u00fd n\u00e1zev<\/strong><\/td>\n<td data-start=\"4885\" data-end=\"4943\" data-col-size=\"md\">5-methoxy-N-methyl-N-isopropyltryptamin hydrochlorid<\/td>\n<\/tr>\n<tr data-start=\"4944\" data-end=\"4990\">\n<td data-start=\"4944\" data-end=\"4969\" data-col-size=\"sm\"><strong data-start=\"4946\" data-end=\"4968\">B\u011b\u017en\u00fd n\u00e1zev<\/strong><\/td>\n<td data-start=\"4969\" data-end=\"4990\" data-col-size=\"md\">5-MeO-MiPT \/ Moxy<\/td>\n<\/tr>\n<tr data-start=\"4991\" data-end=\"5034\">\n<td data-start=\"4991\" data-end=\"5009\" data-col-size=\"sm\"><strong data-start=\"4993\" data-end=\"5008\">N\u00e1zev produktu<\/strong><\/td>\n<td data-start=\"5009\" data-end=\"5034\" data-col-size=\"md\">RC+ Moxy 10mg blistr<\/td>\n<\/tr>\n<tr data-start=\"5035\" data-end=\"5076\">\n<td data-start=\"5035\" data-end=\"5059\" data-col-size=\"sm\"><strong data-start=\"5037\" data-end=\"5058\">Chemick\u00fd vzorec<\/strong><\/td>\n<td data-start=\"5059\" data-end=\"5076\" data-col-size=\"md\">C\u2081\u2085H\u2082\u2082N\u2082O\u00b7HCl<\/td>\n<\/tr>\n<tr data-start=\"5077\" data-end=\"5115\">\n<td data-start=\"5077\" data-end=\"5099\" data-col-size=\"sm\"><strong data-start=\"5079\" data-end=\"5098\">Molekulov\u00e1 hmotnost<\/strong><\/td>\n<td data-start=\"5099\" data-end=\"5115\" data-col-size=\"md\">282,81 g\/mol<\/td>\n<\/tr>\n<tr data-start=\"5116\" data-end=\"5150\">\n<td data-start=\"5116\" data-end=\"5131\" data-col-size=\"sm\"><strong data-start=\"5118\" data-end=\"5130\">D\u00e1vkov\u00e1n\u00ed<\/strong><\/td>\n<td data-start=\"5131\" data-end=\"5150\" data-col-size=\"md\">10 mg na peletu<\/td>\n<\/tr>\n<tr data-start=\"5151\" data-end=\"5198\">\n<td data-start=\"5151\" data-end=\"5162\" data-col-size=\"sm\"><strong data-start=\"5153\" data-end=\"5161\">Formul\u00e1\u0159<\/strong><\/td>\n<td data-start=\"5162\" data-end=\"5198\" data-col-size=\"md\">Pevn\u00e9 pelety (blistr)<\/td>\n<\/tr>\n<tr data-start=\"5199\" data-end=\"5250\">\n<td data-start=\"5199\" data-end=\"5216\" data-col-size=\"sm\"><strong data-start=\"5201\" data-end=\"5215\">\u010cistota<\/strong><\/td>\n<td data-start=\"5216\" data-end=\"5250\" data-col-size=\"md\">\u2265 98% (testov\u00e1no pomoc\u00ed HPLC a NMR)<\/td>\n<\/tr>\n<tr data-start=\"5251\" data-end=\"5297\">\n<td data-start=\"5251\" data-end=\"5274\" data-col-size=\"sm\"><strong data-start=\"5253\" data-end=\"5273\">Chemick\u00e1 t\u0159\u00edda<\/strong><\/td>\n<td data-start=\"5274\" data-end=\"5297\" data-col-size=\"md\">Deriv\u00e1t tryptaminu<\/td>\n<\/tr>\n<tr data-start=\"5298\" data-end=\"5377\">\n<td data-start=\"5298\" data-end=\"5312\" data-col-size=\"sm\"><strong data-start=\"5300\" data-end=\"5311\">Pou\u017e\u00edv\u00e1n\u00ed<\/strong><\/td>\n<td data-start=\"5312\" data-end=\"5377\" data-col-size=\"md\">Pouze pro analytick\u00fd, forenzn\u00ed a neurochemick\u00fd v\u00fdzkum<\/td>\n<\/tr>\n<tr data-start=\"5378\" data-end=\"5438\">\n<td data-start=\"5378\" data-end=\"5395\" data-col-size=\"sm\"><strong data-start=\"5380\" data-end=\"5394\">Obal<\/strong><\/td>\n<td data-start=\"5395\" data-end=\"5438\" data-col-size=\"md\">Blistr s ochranou proti neopr\u00e1vn\u011bn\u00e9 manipulaci<\/td>\n<\/tr>\n<tr data-start=\"5439\" data-end=\"5498\">\n<td data-start=\"5439\" data-end=\"5457\" data-col-size=\"sm\"><strong data-start=\"5441\" data-end=\"5456\">Mno\u017estv\u00ed<\/strong><\/td>\n<td data-start=\"5457\" data-end=\"5498\" data-col-size=\"md\">Blistr s 10 mg na peletu<\/td>\n<\/tr>\n<\/tbody>\n<\/table>\n<\/div>\n<\/div>\n<hr data-start=\"5500\" data-end=\"5503\" \/>\n<h3 data-start=\"5505\" data-end=\"5522\"><strong data-start=\"5509\" data-end=\"5522\">V\u00fdhody<\/strong><\/h3>\n<ul data-start=\"5524\" data-end=\"5922\">\n<li data-start=\"5524\" data-end=\"5578\">\n<p data-start=\"5526\" data-end=\"5578\"><strong data-start=\"5526\" data-end=\"5545\">Vysok\u00e1 \u010distota<\/strong> \u2013 \u2265 98% laboratorn\u00ed kvalita.<\/p>\n<\/li>\n<li data-start=\"5579\" data-end=\"5659\">\n<p data-start=\"5581\" data-end=\"5659\"><strong data-start=\"5581\" data-end=\"5598\">Stabiln\u00ed tvar<\/strong> \u2013 P\u0159esn\u011b d\u00e1vkovan\u00e9 10mg pelety v blistrov\u00e9m balen\u00ed.<\/p>\n<\/li>\n<li data-start=\"5660\" data-end=\"5738\">\n<p data-start=\"5662\" data-end=\"5738\"><strong data-start=\"5662\" data-end=\"5692\">\u0160iroce pou\u017eiteln\u00e9 pro v\u00fdzkum<\/strong> \u2013 Vhodn\u00e9 pro GC\/MS, LC-MS, FTIR a HPLC.<\/p>\n<\/li>\n<li data-start=\"5739\" data-end=\"5832\">\n<p data-start=\"5741\" data-end=\"5832\"><strong data-start=\"5741\" data-end=\"5766\">Spolehliv\u00e1 kvalita<\/strong> \u2013 Vyrobeno za kontrolovan\u00fdch laboratorn\u00edch podm\u00ednek.<\/p>\n<\/li>\n<li data-start=\"5833\" data-end=\"5922\">\n<p data-start=\"5835\" data-end=\"5922\"><strong data-start=\"5835\" data-end=\"5864\">Ide\u00e1ln\u00ed pro v\u00fdzkum SAR<\/strong> \u2013 Vhodn\u00e9 pro strukturn\u00ed a farmakologick\u00e9 studie.<\/p>\n<\/li>\n<\/ul>\n<hr data-start=\"5924\" data-end=\"5927\" \/>\n<h3 data-start=\"5929\" data-end=\"5981\"><strong data-start=\"5933\" data-end=\"5979\">Pou\u017eit\u00ed (pouze pro v\u00fdzkumn\u00e9 \u00fa\u010dely)<\/strong><\/h3>\n<ol data-start=\"5983\" data-end=\"6302\">\n<li data-start=\"5983\" data-end=\"6052\">\n<p data-start=\"5986\" data-end=\"6052\"><strong data-start=\"5986\" data-end=\"6001\">Zach\u00e1zen\u00ed:<\/strong> Pou\u017e\u00edvejte rukavice, ochrann\u00e9 br\u00fdle a laboratorn\u00ed pl\u00e1\u0161\u0165. Moxy 5 Meo Mipt<\/p>\n<\/li>\n<li data-start=\"6053\" data-end=\"6115\">\n<p data-start=\"6056\" data-end=\"6115\"><strong data-start=\"6056\" data-end=\"6069\">Rozm\u011bry:<\/strong> Poznamenejte si \u010d\u00edslo \u0161ar\u017ee, d\u00e1vkov\u00e1n\u00ed a \u010distotu.<\/p>\n<\/li>\n<li data-start=\"6116\" data-end=\"6170\">\n<p data-start=\"6119\" data-end=\"6170\"><strong data-start=\"6119\" data-end=\"6130\">Skladov\u00e1n\u00ed:<\/strong> Skladujte v chladu (2\u20138 \u00b0C), suchu a tm\u011b.<\/p>\n<\/li>\n<li data-start=\"6171\" data-end=\"6235\">\n<p data-start=\"6174\" data-end=\"6235\"><strong data-start=\"6174\" data-end=\"6186\">Anal\u00fdza:<\/strong> Vhodn\u00e9 pro chromatografii a spektroskopii.<\/p>\n<\/li>\n<li data-start=\"6236\" data-end=\"6302\">\n<p data-start=\"6239\" data-end=\"6302\"><strong data-start=\"6239\" data-end=\"6256\">Dokumentace:<\/strong> Zaznamenejte v\u00fdsledky pro \u00fa\u010dely sledovatelnosti.<\/p>\n<\/li>\n<\/ol>\n<hr data-start=\"6304\" data-end=\"6307\" \/>\n<h3 data-start=\"6309\" data-end=\"6344\"><strong data-start=\"6313\" data-end=\"6342\">\u010casto kladen\u00e9 ot\u00e1zky (FAQ)<\/strong><\/h3>\n<p data-start=\"6346\" data-end=\"6495\"><strong data-start=\"6346\" data-end=\"6382\">1. Co je RC+ Moxy (5-MeO-MiPT)?<\/strong><br data-start=\"6382\" data-end=\"6385\" \/>A <strong data-start=\"6389\" data-end=\"6411\">analog tryptaminu<\/strong>, pou\u017e\u00edvan\u00fd pro analytick\u00e9 a neurochemick\u00e9 studie vazby na receptory a SAR.<\/p>\n<p data-start=\"6497\" data-end=\"6623\"><strong data-start=\"6497\" data-end=\"6537\">2. Jak\u00e9 je d\u00e1vkov\u00e1n\u00ed a \u010distota?<\/strong><br data-start=\"6537\" data-end=\"6540\" \/>Ka\u017ed\u00e1 peleta obsahuje <strong data-start=\"6558\" data-end=\"6596\">10 mg 5-MeO-MiPT (\u010distota \u2265 98%)<\/strong>, testov\u00e1no pomoc\u00ed HPLC a NMR.<\/p>\n<p data-start=\"6625\" data-end=\"6792\"><strong data-start=\"6625\" data-end=\"6667\">3. Je leg\u00e1ln\u00ed koupit RC+ Moxy?<\/strong><br data-start=\"6667\" data-end=\"6670\" \/>The <strong data-start=\"6673\" data-end=\"6702\">z\u00e1konnost 5-MeO-MiPT<\/strong> li\u0161\u00ed se v z\u00e1vislosti na zemi. P\u0159ed pou\u017eit\u00edm si v\u017edy ov\u011b\u0159te m\u00edstn\u00ed p\u0159edpisy. <strong data-start=\"6771\" data-end=\"6789\">RC+ Moxy nakupuje<\/strong>.<\/p>","protected":false},"excerpt":{"rendered":"<p><strong><span dir=\"auto\" style=\"vertical-align: inherit;\"><span dir=\"auto\" style=\"vertical-align: inherit;\">CAS Number:<\/span><\/span><\/strong><span dir=\"auto\" style=\"vertical-align: inherit;\"><span dir=\"auto\" style=\"vertical-align: inherit;\"> 96096-55-8 <\/span><\/span><br \/>\n<strong><span dir=\"auto\" style=\"vertical-align: inherit;\"><span dir=\"auto\" style=\"vertical-align: inherit;\">Formula:<\/span><\/span><\/strong><span dir=\"auto\" style=\"vertical-align: inherit;\"><span dir=\"auto\" style=\"vertical-align: inherit;\"> N-[2-(5-methoxy-1H-indol-3-yl)ethyl]-N-methylpropan-2-amine <\/span><\/span><br \/>\n<strong><span dir=\"auto\" style=\"vertical-align: inherit;\"><span dir=\"auto\" style=\"vertical-align: inherit;\">Molecular weight:<\/span><\/span><\/strong><span dir=\"auto\" style=\"vertical-align: inherit;\"><span dir=\"auto\" style=\"vertical-align: inherit;\"> 246.354 g mol <\/span><\/span><br \/>\n<strong><span dir=\"auto\" style=\"vertical-align: inherit;\"><span dir=\"auto\" style=\"vertical-align: inherit;\">Purity:<\/span><\/span><\/strong><span dir=\"auto\" style=\"vertical-align: inherit;\"><span dir=\"auto\" style=\"vertical-align: inherit;\"> &gt;97%<\/span><\/span><\/p>\n","protected":false},"featured_media":21602,"comment_status":"closed","ping_status":"closed","template":"","meta":[],"product_brand":[82],"product_cat":[555],"product_tag":[824,826,825,326,827],"class_list":{"0":"post-24332","1":"product","2":"type-product","3":"status-publish","4":"has-post-thumbnail","6":"product_brand-research-chemical","7":"product_cat-b2b","8":"product_tag-5-meo-mipt-moxy","9":"product_tag-5-meo-mipt-moxy-purifie","10":"product_tag-moxy-5-meo-mipt","11":"product_tag-nl","12":"product_tag-purifie-moxy-5-meo-mipt","14":"first","15":"instock","16":"taxable","17":"shipping-taxable","18":"purchasable","19":"product-type-variable"},"_links":{"self":[{"href":"https:\/\/onderzoekschemicals.com\/cs\/wp-json\/wp\/v2\/product\/24332","targetHints":{"allow":["GET"]}}],"collection":[{"href":"https:\/\/onderzoekschemicals.com\/cs\/wp-json\/wp\/v2\/product"}],"about":[{"href":"https:\/\/onderzoekschemicals.com\/cs\/wp-json\/wp\/v2\/types\/product"}],"replies":[{"embeddable":true,"href":"https:\/\/onderzoekschemicals.com\/cs\/wp-json\/wp\/v2\/comments?post=24332"}],"version-history":[{"count":4,"href":"https:\/\/onderzoekschemicals.com\/cs\/wp-json\/wp\/v2\/product\/24332\/revisions"}],"predecessor-version":[{"id":27806,"href":"https:\/\/onderzoekschemicals.com\/cs\/wp-json\/wp\/v2\/product\/24332\/revisions\/27806"}],"wp:featuredmedia":[{"embeddable":true,"href":"https:\/\/onderzoekschemicals.com\/cs\/wp-json\/wp\/v2\/media\/21602"}],"wp:attachment":[{"href":"https:\/\/onderzoekschemicals.com\/cs\/wp-json\/wp\/v2\/media?parent=24332"}],"wp:term":[{"taxonomy":"product_brand","embeddable":true,"href":"https:\/\/onderzoekschemicals.com\/cs\/wp-json\/wp\/v2\/product_brand?post=24332"},{"taxonomy":"product_cat","embeddable":true,"href":"https:\/\/onderzoekschemicals.com\/cs\/wp-json\/wp\/v2\/product_cat?post=24332"},{"taxonomy":"product_tag","embeddable":true,"href":"https:\/\/onderzoekschemicals.com\/cs\/wp-json\/wp\/v2\/product_tag?post=24332"}],"curies":[{"name":"wp","href":"https:\/\/api.w.org\/{rel}","templated":true}]}}