{"id":24262,"date":"2025-04-13T17:41:21","date_gmt":"2025-04-13T17:41:21","guid":{"rendered":"https:\/\/onderzoekschemicals.com\/?post_type=product&#038;p=24262"},"modified":"2025-10-12T19:22:48","modified_gmt":"2025-10-12T19:22:48","slug":"beta-k-2c-b-zakje-3-pellets","status":"publish","type":"product","link":"https:\/\/onderzoekschemicals.com\/cs\/shop\/b2b\/beta-k-2c-b-zakje-3-pellets\/","title":{"rendered":"RC+ Beta-k-2C-B s\u00e1\u010dek 3 pelety"},"content":{"rendered":"<h2 data-start=\"4868\" data-end=\"4894\"><strong data-start=\"4871\" data-end=\"4894\">Popis produktu<\/strong><\/h2>\n<p data-start=\"4896\" data-end=\"5173\"><strong data-start=\"4896\" data-end=\"4931\">RC+ Beta-k-2C-B s\u00e1\u010dek 3 pelety<\/strong> je a <strong data-start=\"4939\" data-end=\"4976\">vysoce kvalitn\u00ed v\u00fdzkumn\u00fd materi\u00e1l<\/strong>, ur\u010den\u00e9 pro analytick\u00fd, forenzn\u00ed a akademick\u00fd laboratorn\u00ed v\u00fdzkum. Tato slou\u010denina je sou\u010d\u00e1st\u00ed <strong data-start=\"5089\" data-end=\"5102\">\u0158ada RC+<\/strong> a podporuje v\u00fdzkum v oblasti <strong data-start=\"5137\" data-end=\"5170\">nov\u00e9 analogy fenethylaminu<\/strong>.<\/p>\n<p data-start=\"5175\" data-end=\"5338\">Ka\u017ed\u00e9 balen\u00ed obsahuje <strong data-start=\"5197\" data-end=\"5237\">t\u0159i precizn\u011b vyroben\u00e9 pelety<\/strong>, vyroben\u00e9 za kontrolovan\u00fdch podm\u00ednek pro maxim\u00e1ln\u00ed konzistenci a reprodukovatelnost.<\/p>\n<p data-start=\"5340\" data-end=\"5480\">\u26a0\ufe0f <strong data-start=\"5343\" data-end=\"5358\">D\u016fle\u017eit\u00e9:<\/strong> Tento produkt je <strong data-start=\"5374\" data-end=\"5423\">ur\u010den\u00e9 pouze pro v\u00fdzkumn\u00e9 \u00fa\u010dely<\/strong> a <strong data-start=\"5427\" data-end=\"5479\">nen\u00ed vhodn\u00e9 pro pou\u017eit\u00ed lidmi ani zv\u00ed\u0159aty<\/strong>.<\/p>\n<hr data-start=\"5482\" data-end=\"5485\" \/>\n<h2 data-start=\"5487\" data-end=\"5517\"><strong data-start=\"5490\" data-end=\"5517\">Kl\u00ed\u010dov\u00e9 vlastnosti<\/strong><\/h2>\n<ul data-start=\"5519\" data-end=\"5905\">\n<li data-start=\"5519\" data-end=\"5570\">\n<p data-start=\"5521\" data-end=\"5570\"><strong data-start=\"5521\" data-end=\"5540\">Vysok\u00e1 \u010distota<\/strong> podle laboratorn\u00edch standard\u016f.<\/p>\n<\/li>\n<li data-start=\"5571\" data-end=\"5643\">\n<p data-start=\"5573\" data-end=\"5643\"><strong data-start=\"5573\" data-end=\"5604\">Standardizovan\u00e9 d\u00e1vkov\u00e1n\u00ed<\/strong> \u2013 ka\u017ed\u00e1 peleta je p\u0159esn\u011b slo\u017een\u00e1.<\/p>\n<\/li>\n<li data-start=\"5644\" data-end=\"5715\">\n<p data-start=\"5646\" data-end=\"5715\"><strong data-start=\"5646\" data-end=\"5670\">Stabiln\u00ed slo\u017een\u00ed<\/strong> \u2013 odoln\u00e9 v\u016f\u010di degradaci b\u011bhem skladov\u00e1n\u00ed.<\/p>\n<\/li>\n<li data-start=\"5716\" data-end=\"5795\">\n<p data-start=\"5718\" data-end=\"5795\"><strong data-start=\"5718\" data-end=\"5740\">Bezpe\u010dn\u00e9 balen\u00ed<\/strong> \u2013 vzduchot\u011bsn\u00e9 a ut\u011bsn\u011bn\u00e9 pro maxim\u00e1ln\u00ed ochranu.<\/p>\n<\/li>\n<li data-start=\"5796\" data-end=\"5905\">\n<p data-start=\"5798\" data-end=\"5905\"><strong data-start=\"5798\" data-end=\"5824\">V souladu s p\u0159edpisy EU<\/strong> \u2013 vyrobeno v souladu s bezpe\u010dnostn\u00edmi p\u0159edpisy pro v\u00fdzkumn\u00e9 chemik\u00e1lie.<\/p>\n<\/li>\n<\/ul>\n<hr data-start=\"5907\" data-end=\"5910\" \/>\n<h2 data-start=\"5912\" data-end=\"5946\"><strong data-start=\"5915\" data-end=\"5946\">V\u00fdhody pro v\u00fdzkumn\u00edky<\/strong><\/h2>\n<ul data-start=\"5948\" data-end=\"6258\">\n<li data-start=\"5948\" data-end=\"6025\">\n<p data-start=\"5950\" data-end=\"6025\">Podporuje <strong data-start=\"5962\" data-end=\"6003\">toxikologick\u00fd a analytick\u00fd v\u00fdzkum<\/strong> k analog\u016fm 2C-B.<\/p>\n<\/li>\n<li data-start=\"6026\" data-end=\"6087\">\n<p data-start=\"6028\" data-end=\"6087\">Vhodn\u00e9 pro <strong data-start=\"6042\" data-end=\"6084\">forenzn\u00ed a farmakologick\u00fd v\u00fdzkum<\/strong>.<\/p>\n<\/li>\n<li data-start=\"6088\" data-end=\"6139\">\n<p data-start=\"6090\" data-end=\"6139\">Pom\u00e1h\u00e1 s <strong data-start=\"6100\" data-end=\"6136\">struktur\u00e1ln\u00ed srovn\u00e1vac\u00ed studie<\/strong>.<\/p>\n<\/li>\n<li data-start=\"6140\" data-end=\"6192\">\n<p data-start=\"6142\" data-end=\"6192\">Nab\u00eddky <strong data-start=\"6148\" data-end=\"6189\">vysoce kvalitn\u00ed referen\u010dn\u00ed vzorky<\/strong>.<\/p>\n<\/li>\n<li data-start=\"6193\" data-end=\"6258\">\n<p data-start=\"6195\" data-end=\"6258\">Vhodn\u00e9 pro <strong data-start=\"6209\" data-end=\"6255\">v\u00fdvoj metod v LC-MS, GC-MS a NMR<\/strong>.<\/p>\n<\/li>\n<\/ul>\n<hr data-start=\"6260\" data-end=\"6263\" \/>\n<h2 data-start=\"6265\" data-end=\"6299\"><strong data-start=\"6268\" data-end=\"6299\">Pou\u017eit\u00ed (kontext v\u00fdzkumu)<\/strong><\/h2>\n<ol data-start=\"6301\" data-end=\"6567\">\n<li data-start=\"6301\" data-end=\"6346\">\n<p data-start=\"6304\" data-end=\"6346\">Pou\u017e\u00edvejte pouze v akreditovan\u00fdch laborato\u0159\u00edch.<\/p>\n<\/li>\n<li data-start=\"6347\" data-end=\"6407\">\n<p data-start=\"6350\" data-end=\"6407\">Pou\u017e\u00edvejte rukavice, ochrann\u00e9 br\u00fdle a laboratorn\u00ed pl\u00e1\u0161\u0165.<\/p>\n<\/li>\n<li data-start=\"6408\" data-end=\"6469\">\n<p data-start=\"6411\" data-end=\"6469\">Pro p\u0159esn\u00e9 m\u011b\u0159en\u00ed pou\u017e\u00edvejte p\u0159esn\u00e9 p\u0159\u00edstroje.<\/p>\n<\/li>\n<li data-start=\"6470\" data-end=\"6517\">\n<p data-start=\"6473\" data-end=\"6517\">Skladujte v chladu, suchu a tm\u011b (do 25 \u00b0C).<\/p>\n<\/li>\n<li data-start=\"6518\" data-end=\"6567\">\n<p data-start=\"6521\" data-end=\"6567\">Zbytky zlikvidujte v souladu s m\u00edstn\u00edmi p\u0159edpisy.<\/p>\n<\/li>\n<\/ol>\n<blockquote data-start=\"6569\" data-end=\"6664\">\n<p data-start=\"6571\" data-end=\"6664\"><strong data-start=\"6571\" data-end=\"6582\">Pozn.:<\/strong> <em data-start=\"6583\" data-end=\"6616\">RC+ Beta-k-2C-B s\u00e1\u010dek 3 pelety<\/em> je <strong data-start=\"6620\" data-end=\"6663\">nen\u00ed ur\u010deno k lidsk\u00e9 spot\u0159eb\u011b<\/strong>.<\/p>\n<\/blockquote>\n<hr data-start=\"6666\" data-end=\"6669\" \/>\n<h2 data-start=\"6671\" data-end=\"6705\"><strong data-start=\"6674\" data-end=\"6705\">\u010casto kladen\u00e9 ot\u00e1zky (FAQ)<\/strong><\/h2>\n<h3 data-start=\"6707\" data-end=\"6758\"><strong data-start=\"6711\" data-end=\"6758\">1. K \u010demu se pou\u017e\u00edv\u00e1 RC+ Beta-k-2C-B?<\/strong><\/h3>\n<p data-start=\"6759\" data-end=\"6859\">Tato tkanina se pou\u017e\u00edv\u00e1 pro <strong data-start=\"6789\" data-end=\"6830\">analytick\u00fd a toxikologick\u00fd v\u00fdzkum<\/strong> k analog\u016fm fenethylaminu.<\/p>\n<hr data-start=\"6861\" data-end=\"6864\" \/>\n<h3 data-start=\"6866\" data-end=\"6909\"><strong data-start=\"6870\" data-end=\"6909\">2. Kolik pelet obsahuje jeden s\u00e1\u010dek?<\/strong><\/h3>\n<p data-start=\"6910\" data-end=\"7003\">Ka\u017ed\u00fd s\u00e1\u010dek obsahuje <strong data-start=\"6926\" data-end=\"6939\">3 pelety<\/strong>, pe\u010dliv\u011b sestaven\u00e9 pro dosa\u017een\u00ed konzistentn\u00edch v\u00fdsledk\u016f v\u00fdzkumu.<\/p>\n<hr data-start=\"7005\" data-end=\"7008\" \/>\n<h3 data-start=\"7010\" data-end=\"7082\"><strong data-start=\"7014\" data-end=\"7082\">3. Mohu si jako soukrom\u00e1 osoba koupit RC+ Beta-k-2C-B s\u00e1\u010dek 3 pelet?<\/strong><\/h3>\n<p data-start=\"7083\" data-end=\"7187\">Ne, pouze <strong data-start=\"7095\" data-end=\"7129\">uzn\u00e1van\u00e9 v\u00fdzkumn\u00e9 instituce<\/strong> s p\u0159\u00edslu\u0161n\u00fdmi povolen\u00edmi si mohou tento produkt zakoupit.<\/p>\n<hr data-start=\"7189\" data-end=\"7192\" \/>\n<h2 data-start=\"7194\" data-end=\"7222\"><strong data-start=\"7197\" data-end=\"7222\">Bezpe\u010dnostn\u00ed informace<\/strong><\/h2>\n<ul data-start=\"7224\" data-end=\"7402\">\n<li data-start=\"7224\" data-end=\"7276\">\n<p data-start=\"7226\" data-end=\"7276\">Pou\u017e\u00edvejte pouze v laboratorn\u00edm prost\u0159ed\u00ed.<\/p>\n<\/li>\n<li data-start=\"7277\" data-end=\"7314\">\n<p data-start=\"7279\" data-end=\"7314\">Zabra\u0148te kontaktu s k\u016f\u017e\u00ed a o\u010dima.<\/p>\n<\/li>\n<li data-start=\"7315\" data-end=\"7346\">\n<p data-start=\"7317\" data-end=\"7346\">Nevdechujte ani nepolykejte.<\/p>\n<\/li>\n<li data-start=\"7347\" data-end=\"7402\">\n<p data-start=\"7349\" data-end=\"7402\">Uchov\u00e1vejte uzam\u010den\u00e9 a mimo dosah neopr\u00e1vn\u011bn\u00fdch osob.<\/p>\n<\/li>\n<\/ul>","protected":false},"excerpt":{"rendered":"<p><strong><span dir=\"auto\" style=\"vertical-align: inherit;\"><span dir=\"auto\" style=\"vertical-align: inherit;\">Synonymum:<\/span><\/span><\/strong><span dir=\"auto\" style=\"vertical-align: inherit;\"><span dir=\"auto\" style=\"vertical-align: inherit;\"> bk-2C-B <\/span><\/span><br \/>\n<strong><span dir=\"auto\" style=\"vertical-align: inherit;\"><span dir=\"auto\" style=\"vertical-align: inherit;\">\u010c\u00edslo CAS: <\/span><\/span><\/strong><br \/>\n<strong><span dir=\"auto\" style=\"vertical-align: inherit;\"><span dir=\"auto\" style=\"vertical-align: inherit;\">Vzorec:<\/span><\/span><\/strong><span dir=\"auto\" style=\"vertical-align: inherit;\"><span dir=\"auto\" style=\"vertical-align: inherit;\"> 2-amino-1-(4-brom-2,5-dimethoxyfenyl)-ethanon hydrochlorid <\/span><\/span><br \/>\n<strong><span dir=\"auto\" style=\"vertical-align: inherit;\"><span dir=\"auto\" style=\"vertical-align: inherit;\">Mol\u00e1rn\u00ed hmotnost:<\/span><\/span><\/strong><span dir=\"auto\" style=\"vertical-align: inherit;\"><span dir=\"auto\" style=\"vertical-align: inherit;\"> 296,6 g\/mol <\/span><\/span><br \/>\n<strong><span dir=\"auto\" style=\"vertical-align: inherit;\"><span dir=\"auto\" style=\"vertical-align: inherit;\">\u010cistota:<\/span><\/span><\/strong><span dir=\"auto\" style=\"vertical-align: inherit;\"><span dir=\"auto\" style=\"vertical-align: inherit;\"> &gt;97%<\/span><\/span><\/p>","protected":false},"featured_media":21346,"comment_status":"closed","ping_status":"closed","template":"","meta":[],"product_brand":[82],"product_cat":[555],"product_tag":[869,244,867,326,868],"class_list":{"0":"post-24262","1":"product","2":"type-product","3":"status-publish","4":"has-post-thumbnail","6":"product_brand-research-chemical","7":"product_cat-b2b","8":"product_tag-2c-b-analogon-pellets","9":"product_tag-beta-k-2c-b","10":"product_tag-beta-k-2c-b-onderzoek","11":"product_tag-nl","12":"product_tag-rc-psychedelische-fenethylamine","14":"first","15":"instock","16":"taxable","17":"shipping-taxable","18":"purchasable","19":"product-type-variable"},"_links":{"self":[{"href":"https:\/\/onderzoekschemicals.com\/cs\/wp-json\/wp\/v2\/product\/24262","targetHints":{"allow":["GET"]}}],"collection":[{"href":"https:\/\/onderzoekschemicals.com\/cs\/wp-json\/wp\/v2\/product"}],"about":[{"href":"https:\/\/onderzoekschemicals.com\/cs\/wp-json\/wp\/v2\/types\/product"}],"replies":[{"embeddable":true,"href":"https:\/\/onderzoekschemicals.com\/cs\/wp-json\/wp\/v2\/comments?post=24262"}],"version-history":[{"count":4,"href":"https:\/\/onderzoekschemicals.com\/cs\/wp-json\/wp\/v2\/product\/24262\/revisions"}],"predecessor-version":[{"id":27821,"href":"https:\/\/onderzoekschemicals.com\/cs\/wp-json\/wp\/v2\/product\/24262\/revisions\/27821"}],"wp:featuredmedia":[{"embeddable":true,"href":"https:\/\/onderzoekschemicals.com\/cs\/wp-json\/wp\/v2\/media\/21346"}],"wp:attachment":[{"href":"https:\/\/onderzoekschemicals.com\/cs\/wp-json\/wp\/v2\/media?parent=24262"}],"wp:term":[{"taxonomy":"product_brand","embeddable":true,"href":"https:\/\/onderzoekschemicals.com\/cs\/wp-json\/wp\/v2\/product_brand?post=24262"},{"taxonomy":"product_cat","embeddable":true,"href":"https:\/\/onderzoekschemicals.com\/cs\/wp-json\/wp\/v2\/product_cat?post=24262"},{"taxonomy":"product_tag","embeddable":true,"href":"https:\/\/onderzoekschemicals.com\/cs\/wp-json\/wp\/v2\/product_tag?post=24262"}],"curies":[{"name":"wp","href":"https:\/\/api.w.org\/{rel}","templated":true}]}}