{"id":24226,"date":"2025-04-13T17:41:17","date_gmt":"2025-04-13T17:41:17","guid":{"rendered":"https:\/\/onderzoekschemicals.com\/?post_type=product&#038;p=24226"},"modified":"2025-11-28T07:03:16","modified_gmt":"2025-11-28T07:03:16","slug":"nm-2-ai-hcl-puur","status":"publish","type":"product","link":"https:\/\/onderzoekschemicals.com\/cs\/shop\/nm-2-ai\/nm-2-ai-hcl-puur\/","title":{"rendered":"NM-2-AI HCl \u010dist\u00fd"},"content":{"rendered":"<h2 data-start=\"3847\" data-end=\"3873\"><strong data-start=\"3850\" data-end=\"3873\">Popis produktu<\/strong><\/h2>\n<p data-start=\"3875\" data-end=\"4203\"><strong data-start=\"3875\" data-end=\"3929\">NM-2-AI HCl (N-methyl-2-aminoindan hydrochlorid)<\/strong> je a <strong data-start=\"3937\" data-end=\"3975\">vysoce \u010dist\u00e1 v\u00fdzkumn\u00e1 l\u00e1tka<\/strong>, pat\u0159\u00edc\u00ed k <strong data-start=\"3993\" data-end=\"4015\">t\u0159\u00edda aminoindan\u016f<\/strong>.<br data-start=\"4016\" data-end=\"4019\" \/>Pou\u017e\u00edv\u00e1 se pro <strong data-start=\"4043\" data-end=\"4097\">analytick\u00fd, forenzn\u00ed a farmakologick\u00fd v\u00fdzkum<\/strong> a slou\u017e\u00ed jako <strong data-start=\"4111\" data-end=\"4134\">referen\u010dn\u00ed standard<\/strong> pro studium <strong data-start=\"4159\" data-end=\"4200\">struktur\u00e1ln\u00ed a metabolick\u00e9 vlastnosti<\/strong>nm-2-ai<\/p>\n<p data-start=\"4205\" data-end=\"4350\">Ka\u017ed\u00e1 v\u00e1rka <strong data-start=\"4216\" data-end=\"4236\">NM-2-AI HCl \u010dist\u00fd<\/strong> je vyr\u00e1b\u011bn pod p\u0159\u00edsnou kontrolou kvality <strong data-start=\"4292\" data-end=\"4335\">konzistence, stabilita a \u010distota<\/strong> zaru\u010dit.<\/p>\n<p data-start=\"4352\" data-end=\"4488\">\u26a0\ufe0f <strong data-start=\"4355\" data-end=\"4366\">Pozn.:<\/strong> Tento produkt je <strong data-start=\"4382\" data-end=\"4431\">ur\u010den\u00e9 pouze pro v\u00fdzkumn\u00e9 \u00fa\u010dely<\/strong> a <strong data-start=\"4435\" data-end=\"4487\">nen\u00ed vhodn\u00e9 pro pou\u017eit\u00ed lidmi ani zv\u00ed\u0159aty<\/strong>.<\/p>\n<hr data-start=\"4490\" data-end=\"4493\" \/>\n<h2 data-start=\"4495\" data-end=\"4525\"><strong data-start=\"4498\" data-end=\"4525\">Kl\u00ed\u010dov\u00e9 vlastnosti<\/strong><\/h2>\n<ul data-start=\"4527\" data-end=\"4946\">\n<li data-start=\"4527\" data-end=\"4615\">\n<p data-start=\"4529\" data-end=\"4615\"><strong data-start=\"4529\" data-end=\"4549\">Vysok\u00e1 \u010distota:<\/strong> Vhodn\u00e9 pro analytick\u00fd v\u00fdzkum a laboratorn\u00ed aplikace.<\/p>\n<\/li>\n<li data-start=\"4616\" data-end=\"4690\">\n<p data-start=\"4618\" data-end=\"4690\"><strong data-start=\"4618\" data-end=\"4640\">Stabiln\u00ed forma HCl:<\/strong> Odoln\u00fd v\u016f\u010di degradaci p\u0159i dlouhodob\u00e9m skladov\u00e1n\u00ed.<\/p>\n<\/li>\n<li data-start=\"4691\" data-end=\"4775\">\n<p data-start=\"4693\" data-end=\"4775\"><strong data-start=\"4693\" data-end=\"4723\">Spolehliv\u00e9 slo\u017een\u00ed:<\/strong> Vyrobeno za kontrolovan\u00fdch podm\u00ednek.<\/p>\n<\/li>\n<li data-start=\"4776\" data-end=\"4847\">\n<p data-start=\"4778\" data-end=\"4847\"><strong data-start=\"4778\" data-end=\"4801\">Bezpe\u010dn\u00e9 balen\u00ed:<\/strong> Vzduchot\u011bsn\u00e9 a ut\u011bsn\u011bn\u00e9 proti kontaminaci.<\/p>\n<\/li>\n<li data-start=\"4848\" data-end=\"4946\">\n<p data-start=\"4850\" data-end=\"4946\"><strong data-start=\"4850\" data-end=\"4877\">V souladu s p\u0159edpisy EU:<\/strong> Spl\u0148uje evropsk\u00e9 bezpe\u010dnostn\u00ed normy pro v\u00fdzkumn\u00e9 chemik\u00e1lie.<\/p>\n<\/li>\n<\/ul>\n<hr data-start=\"4948\" data-end=\"4951\" \/>\n<h2 data-start=\"4953\" data-end=\"4984\"><strong data-start=\"4956\" data-end=\"4984\">V\u00fdhody pro v\u00fdzkum<\/strong><\/h2>\n<ul data-start=\"4986\" data-end=\"5261\">\n<li data-start=\"4986\" data-end=\"5050\">\n<p data-start=\"4988\" data-end=\"5050\">Vhodn\u00e9 pro <strong data-start=\"5002\" data-end=\"5047\">toxikologick\u00fd a farmakologick\u00fd v\u00fdzkum<\/strong>.<\/p>\n<\/li>\n<li data-start=\"5051\" data-end=\"5124\">\n<p data-start=\"5053\" data-end=\"5124\">Podporuje <strong data-start=\"5065\" data-end=\"5101\">v\u00fdvoj analytick\u00fdch metod<\/strong> (LC-MS, GC-MS, NMR).<\/p>\n<\/li>\n<li data-start=\"5125\" data-end=\"5189\">\n<p data-start=\"5127\" data-end=\"5189\">Slou\u017e\u00ed jako <strong data-start=\"5137\" data-end=\"5160\">referen\u010dn\u00ed standard<\/strong> pro forenzn\u00ed vy\u0161et\u0159ov\u00e1n\u00ed.<\/p>\n<\/li>\n<li data-start=\"5190\" data-end=\"5261\">\n<p data-start=\"5192\" data-end=\"5261\">Zaji\u0161\u0165uje <strong data-start=\"5203\" data-end=\"5258\">reprodukovateln\u00e9 a spolehliv\u00e9 v\u00fdsledky v\u00fdzkumu<\/strong>nm-2-ai<\/p>\n<\/li>\n<\/ul>\n<hr data-start=\"5263\" data-end=\"5266\" \/>\n<h2 data-start=\"5268\" data-end=\"5302\"><strong data-start=\"5271\" data-end=\"5302\">Pou\u017eit\u00ed (kontext v\u00fdzkumu)<\/strong><\/h2>\n<ol data-start=\"5304\" data-end=\"5509\">\n<li data-start=\"5304\" data-end=\"5349\">\n<p data-start=\"5307\" data-end=\"5349\">Pou\u017e\u00edvejte pouze v akreditovan\u00fdch laborato\u0159\u00edch.<\/p>\n<\/li>\n<li data-start=\"5350\" data-end=\"5410\">\n<p data-start=\"5353\" data-end=\"5410\">Pou\u017e\u00edvejte rukavice, ochrann\u00e9 br\u00fdle a laboratorn\u00ed pl\u00e1\u0161\u0165.<\/p>\n<\/li>\n<li data-start=\"5411\" data-end=\"5458\">\n<p data-start=\"5414\" data-end=\"5458\">Skladujte v chladu, suchu a tm\u011b (do 25 \u00b0C).<\/p>\n<\/li>\n<li data-start=\"5459\" data-end=\"5509\">\n<p data-start=\"5462\" data-end=\"5509\">Zbytky zlikvidujte v souladu s m\u00edstn\u00edmi p\u0159edpisy na ochranu \u017eivotn\u00edho prost\u0159ed\u00ed.<\/p>\n<\/li>\n<\/ol>\n<blockquote data-start=\"5511\" data-end=\"5597\">\n<p data-start=\"5513\" data-end=\"5597\"><strong data-start=\"5513\" data-end=\"5524\">Pozn.:<\/strong> <em data-start=\"5525\" data-end=\"5543\">NM-2-AI HCl \u010dist\u00fd<\/em> je <strong data-start=\"5547\" data-end=\"5596\">ur\u010den\u00e9 pouze pro v\u00fdzkumn\u00e9 \u00fa\u010dely<\/strong>.<\/p>\n<\/blockquote>\n<hr data-start=\"5599\" data-end=\"5602\" \/>\n<h2 data-start=\"5604\" data-end=\"5638\"><strong data-start=\"5607\" data-end=\"5638\">\u010casto kladen\u00e9 ot\u00e1zky (FAQ)<\/strong><\/h2>\n<p data-start=\"5640\" data-end=\"5778\"><strong data-start=\"5640\" data-end=\"5683\">1. K \u010demu se pou\u017e\u00edv\u00e1 NM-2-AI HCl?<\/strong><br data-start=\"5683\" data-end=\"5686\" \/>Pou\u017e\u00edv\u00e1 se pro <strong data-start=\"5710\" data-end=\"5748\">analytick\u00fd a forenzn\u00ed v\u00fdzkum<\/strong> na aminoindanov\u00e9 slou\u010deniny.<\/p>\n<p data-start=\"5780\" data-end=\"5903\"><strong data-start=\"5780\" data-end=\"5832\">2. Je NM-2-AI HCl bezpe\u010dn\u00fd pro lidsk\u00e9 pou\u017eit\u00ed?<\/strong><br data-start=\"5832\" data-end=\"5835\" \/>Ne, tento produkt je <strong data-start=\"5855\" data-end=\"5902\">nen\u00ed schv\u00e1leno pro lidskou spot\u0159ebu<\/strong>.<\/p>\n<p data-start=\"5905\" data-end=\"6058\"><strong data-start=\"5905\" data-end=\"5943\">3. Kdo si m\u016f\u017ee koupit NM-2-AI HCl Pure?<\/strong><br data-start=\"5943\" data-end=\"5946\" \/>Pouze <strong data-start=\"5953\" data-end=\"6002\">uzn\u00e1van\u00e9 v\u00fdzkumn\u00e9 instituce a laborato\u0159e<\/strong> s p\u0159\u00edslu\u0161n\u00fdmi povolen\u00edmi si mohou tuto l\u00e1tku zakoupit.<\/p>","protected":false},"excerpt":{"rendered":"<h2>NM-2-AI HCl \u010dist\u00fd<\/h2>\n<p>NM-2-AI hydrochlorid je l\u00e1tka, kterou prod\u00e1v\u00e1me pouze pro v\u00fdzkumn\u00e9 \u00fa\u010dely, a proto nen\u00ed ur\u010dena ke spot\u0159eb\u011b. NM-2-AI m\u016f\u017ee b\u00fdt zkoum\u00e1n po dobu a\u017e 2 let, pokud je skladov\u00e1n ve spr\u00e1vn\u00e9m prost\u0159ed\u00ed.2C-E<\/p>","protected":false},"featured_media":29384,"comment_status":"closed","ping_status":"closed","template":"","meta":[],"product_brand":[82],"product_cat":[479,336],"product_tag":[326,879,880],"class_list":{"0":"post-24226","1":"product","2":"type-product","3":"status-publish","4":"has-post-thumbnail","6":"product_brand-research-chemical","7":"product_cat-nm-2-ai","8":"product_cat-overig","9":"product_tag-nl","10":"product_tag-nm-2-ai","11":"product_tag-nm-2-ai-hcl","13":"first","14":"instock","15":"taxable","16":"shipping-taxable","17":"purchasable","18":"product-type-variable"},"_links":{"self":[{"href":"https:\/\/onderzoekschemicals.com\/cs\/wp-json\/wp\/v2\/product\/24226","targetHints":{"allow":["GET"]}}],"collection":[{"href":"https:\/\/onderzoekschemicals.com\/cs\/wp-json\/wp\/v2\/product"}],"about":[{"href":"https:\/\/onderzoekschemicals.com\/cs\/wp-json\/wp\/v2\/types\/product"}],"replies":[{"embeddable":true,"href":"https:\/\/onderzoekschemicals.com\/cs\/wp-json\/wp\/v2\/comments?post=24226"}],"version-history":[{"count":5,"href":"https:\/\/onderzoekschemicals.com\/cs\/wp-json\/wp\/v2\/product\/24226\/revisions"}],"predecessor-version":[{"id":27830,"href":"https:\/\/onderzoekschemicals.com\/cs\/wp-json\/wp\/v2\/product\/24226\/revisions\/27830"}],"wp:featuredmedia":[{"embeddable":true,"href":"https:\/\/onderzoekschemicals.com\/cs\/wp-json\/wp\/v2\/media\/29384"}],"wp:attachment":[{"href":"https:\/\/onderzoekschemicals.com\/cs\/wp-json\/wp\/v2\/media?parent=24226"}],"wp:term":[{"taxonomy":"product_brand","embeddable":true,"href":"https:\/\/onderzoekschemicals.com\/cs\/wp-json\/wp\/v2\/product_brand?post=24226"},{"taxonomy":"product_cat","embeddable":true,"href":"https:\/\/onderzoekschemicals.com\/cs\/wp-json\/wp\/v2\/product_cat?post=24226"},{"taxonomy":"product_tag","embeddable":true,"href":"https:\/\/onderzoekschemicals.com\/cs\/wp-json\/wp\/v2\/product_tag?post=24226"}],"curies":[{"name":"wp","href":"https:\/\/api.w.org\/{rel}","templated":true}]}}